{"id":406486,"date":"2022-10-14T17:56:43","date_gmt":"2022-10-14T14:56:43","guid":{"rendered":"https:\/\/mmkserviss.lv\/?post_type=product&#038;p=406486"},"modified":"2026-03-27T13:00:10","modified_gmt":"2026-03-27T11:00:10","slug":"205-50r17-dynamo-street-h-m4s01-93v-xl-2","status":"publish","type":"product","link":"https:\/\/mmkriepas.lv\/en\/p\/205-50r17-dynamo-street-h-m4s01-93v-xl-2\/","title":{"rendered":"205\/50R17 Dynamo Street-H M4S01 93V XL"},"content":{"rendered":"<p style=\"margin: 12.0pt 0cm 12.0pt 0cm;\"><b><span style=\"font-size: 11.0pt; font-family: 'Arial',sans-serif; color: black;\">Dynamo Street-H M4S01<\/span><\/b><span style=\"white-space: pre-wrap;\"><span style=\"font-size: 11.0pt; font-family: 'Arial',sans-serif; color: black;\"> ir labas kvalit\u0101tes vissezonas\/ziemas riepu modelis. Tas izce\u013cas ar labiem sa\u0137eres r\u0101d\u012bt\u0101jiem gan uz sausa un slapja asfalta gada siltaj\u0101 laik\u0101, gan ar\u012b optim\u0101liem sa\u0137eres un manevr\u0113tsp\u0113jas r\u0101d\u012bt\u0101jiem snieg\u0101. Modelis paredz\u0113ts kompaktklases un vid\u0113ja izm\u0113ra vieglajiem auto, un pieejams izm\u0113ru kl\u0101st\u0101 no R15, l\u012bdz R17.<\/span><\/span><o:p><\/o:p><\/p>\n<h3 style=\"margin: 14.0pt 0cm 4.0pt 0cm;\"><span style=\"white-space: pre-wrap;\"><span style=\"font-size: 13.0pt; font-family: 'Arial',sans-serif; color: black;\">Street-H M4S01 galven\u0101s iez\u012bmes<\/span><\/span><o:p><\/o:p><\/h3>\n<p style=\"margin: 12.0pt 0cm 12.0pt 0cm;\"><span style=\"white-space: pre-wrap;\"><span style=\"font-size: 11.0pt; font-family: 'Arial',sans-serif; color: black;\">+ Laba sa\u0137ere un manevr\u0113tsp\u0113ja gan uz sausa un slapa asfalta, gan sieg\u0101.<\/span><\/span><o:p><\/o:p><\/p>\n<p style=\"margin: 12.0pt 0cm 12.0pt 0cm;\"><span style=\"white-space: pre-wrap;\"><span style=\"font-size: 11.0pt; font-family: 'Arial',sans-serif; color: black;\">+ Zems akvaplan\u0113\u0161anas risks.<\/span><\/span><o:p><\/o:p><\/p>\n<p style=\"margin: 12.0pt 0cm 12.0pt 0cm;\"><span style=\"white-space: pre-wrap;\"><span style=\"font-size: 11.0pt; font-family: 'Arial',sans-serif; color: black;\">+ Labs akustiskais un brauk\u0161anas gaitas komforts.<\/span><\/span><o:p><\/o:p><\/p>\n<p style=\"margin: 12.0pt 0cm 12.0pt 0cm;\"><span style=\"white-space: pre-wrap;\"><span style=\"font-size: 11.0pt; font-family: 'Arial',sans-serif; color: black;\">+ Degvielas ekonomija.<\/span><\/span><o:p><\/o:p><\/p>\n<p style=\"margin: 12.0pt 0cm 12.0pt 0cm;\"><span style=\"white-space: pre-wrap;\"><span style=\"font-size: 11.0pt; font-family: 'Arial',sans-serif; color: black;\">+ Kvalit\u0101te atbilst par to samaks\u0101tajai cenai.<\/span><\/span><o:p><\/o:p><\/p>\n<h3 style=\"margin: 14.0pt 0cm 4.0pt 0cm;\"><span style=\"white-space: pre-wrap;\"><span style=\"font-size: 13.0pt; font-family: 'Arial',sans-serif; color: black;\">Street-H M4S01 apr\u012bkojums<\/span><\/span><o:p><\/o:p><\/h3>\n<p style=\"margin: 12.0pt 0cm 12.0pt 0cm;\"><span style=\"white-space: pre-wrap;\"><b><span style=\"font-size: 11.0pt; font-family: 'Arial',sans-serif; color: black;\">Dynamo Street-H M4S01 <\/span><\/b><\/span><span style=\"white-space: pre-wrap;\"><span style=\"font-size: 11.0pt; font-family: 'Arial',sans-serif; color: black;\">vissezonas\/ziemas jeb M+S riepas apr\u012bkotas ar uzlabotu asimetrisko protektora rakstu. \u0160\u0101ds dizains izv\u0113l\u0113ts, jo tas sev\u012b apvieno optim\u0101lus sa\u0137eres un komforta r\u0101d\u012bt\u0101jus brauk\u0161anai gan gada siltaj\u0101 da\u013c\u0101, gan ar\u012b ziemas laik\u0101.<\/span><\/span><o:p><\/o:p><\/p>\n<p style=\"margin: 12.0pt 0cm 12.0pt 0cm;\"><span style=\"white-space: pre-wrap;\"><span style=\"font-size: 11.0pt; font-family: 'Arial',sans-serif; color: black;\">Mas\u012bvie, asimetriski izvietotie protektora bloki apr\u012bkoti ar s\u012bkiem iegriezumiem jeb lamel\u0113m. T\u0101s, darbojoties l\u012bdz\u012bgi radz\u0113m, ar as\u0101m kant\u0113m iec\u0113rtas sabliet\u0113t\u0101 snieg\u0101 un led\u016b, ar slidenaj\u0101m virsm\u0101m veidojot cie\u0161u sa\u0137eri.\u00a0<\/span><\/span><o:p><\/o:p><\/p>\n<p style=\"margin: 12.0pt 0cm 12.0pt 0cm;\"><span style=\"white-space: pre-wrap;\"><span style=\"font-size: 11.0pt; font-family: 'Arial',sans-serif; color: black;\">Protektors darin\u0101ts no augstv\u0113rt\u012bga kompoz\u012btmateri\u0101la. Tam pievienotie \u0137\u012bmiskie elementi nodro\u0161ina gumijas elast\u012bbas saglab\u0101\u0161anos zem\u0101s gaisa temperat\u016br\u0101s, k\u0101 ar\u012b formas nezaud\u0113\u0161anu, saskarsm\u0113 ar karstu asfaltu. K\u0101 zin\u0101ms, elast\u012bga riepa daudz lab\u0101k veido sa\u0137eri ar ce\u013cu, k\u0101 ar\u012b dilst vienm\u0113r\u012bg\u0101k.<\/span><\/span><o:p><\/o:p><\/p>\n","protected":false},"excerpt":{"rendered":"<p style=\"margin: 12.0pt 0cm 12.0pt 0cm;\"><b><span style=\"font-size: 11.0pt; font-family: 'Arial',sans-serif; color: black;\">Dynamo Street-H M4S01<\/span><\/b><span style=\"white-space: pre-wrap;\"><span style=\"font-size: 11.0pt; font-family: 'Arial',sans-serif; color: black;\"> ir labas kvalit\u0101tes vissezonas\/ziemas riepu modelis. Tas izce\u013cas ar labiem sa\u0137eres r\u0101d\u012bt\u0101jiem gan uz sausa un slapja asfalta gada siltaj\u0101 laik\u0101, gan ar\u012b optim\u0101liem sa\u0137eres un manevr\u0113tsp\u0113jas r\u0101d\u012bt\u0101jiem snieg\u0101. Modelis paredz\u0113ts kompaktklases un vid\u0113ja izm\u0113ra vieglajiem auto, un pieejams izm\u0113ru kl\u0101st\u0101 no R15, l\u012bdz R17.<\/span><\/span><o:p><\/o:p><\/p>\n","protected":false},"featured_media":798489,"template":"","meta":{"_acf_changed":false,"ngg_post_thumbnail":0},"product_brand":[],"product_cat":[47,45],"product_tag":[],"class_list":{"0":"post-406486","1":"product","2":"type-product","3":"status-publish","4":"has-post-thumbnail","6":"product_cat-vissezonas-riepas","7":"product_cat-ziemas-riepas","9":"first","10":"instock","11":"sale","12":"taxable","13":"shipping-taxable","14":"purchasable","15":"product-type-simple"},"acf":[],"yoast_head":"<!-- This site is optimized with the Yoast SEO Premium plugin v22.6 (Yoast SEO v27.3) - https:\/\/yoast.com\/product\/yoast-seo-premium-wordpress\/ -->\n<title>205\/50R17 Dynamo Street-H M4S01 93V XL &#8226; MMK Riepas<\/title>\n<meta name=\"robots\" content=\"index, follow, max-snippet:-1, max-image-preview:large, max-video-preview:-1\" \/>\n<link rel=\"canonical\" href=\"https:\/\/mmkriepas.lv\/en\/p\/205-50r17-dynamo-street-h-m4s01-93v-xl-2\/\" \/>\n<meta property=\"og:locale\" content=\"en_US\" \/>\n<meta property=\"og:type\" content=\"article\" \/>\n<meta property=\"og:title\" content=\"205\/50R17 Dynamo Street-H M4S01 93V XL\" \/>\n<meta property=\"og:description\" content=\"Dynamo Street-H M4S01 ir labas kvalit\u0101tes vissezonas\/ziemas riepu modelis. Tas izce\u013cas ar labiem sa\u0137eres r\u0101d\u012bt\u0101jiem gan uz sausa un slapja asfalta gada siltaj\u0101 laik\u0101, gan ar\u012b optim\u0101liem sa\u0137eres un manevr\u0113tsp\u0113jas r\u0101d\u012bt\u0101jiem snieg\u0101. Modelis paredz\u0113ts kompaktklases un vid\u0113ja izm\u0113ra vieglajiem auto, un pieejams izm\u0113ru kl\u0101st\u0101 no R15, l\u012bdz R17.\" \/>\n<meta property=\"og:url\" content=\"https:\/\/mmkriepas.lv\/en\/p\/205-50r17-dynamo-street-h-m4s01-93v-xl-2\/\" \/>\n<meta property=\"og:site_name\" content=\"MMK Riepas\" \/>\n<meta property=\"article:publisher\" content=\"https:\/\/www.facebook.com\/mmkserviss\/\" \/>\n<meta property=\"article:modified_time\" content=\"2026-03-27T11:00:10+00:00\" \/>\n<meta property=\"og:image\" content=\"https:\/\/mmkriepas.lv\/wp-content\/uploads\/2023\/10\/22550r17-dynamo-street-h-m4s01-98v-xl-ziemas-riepas.jpeg\" \/>\n\t<meta property=\"og:image:width\" content=\"1920\" \/>\n\t<meta property=\"og:image:height\" content=\"1858\" \/>\n\t<meta property=\"og:image:type\" content=\"image\/jpeg\" \/>\n<meta name=\"twitter:card\" content=\"summary_large_image\" \/>\n<meta name=\"twitter:label1\" content=\"Price\" \/>\n\t<meta name=\"twitter:data1\" content=\"&euro;55.00\" \/>\n\t<meta name=\"twitter:label2\" content=\"Availability\" \/>\n\t<meta name=\"twitter:data2\" content=\"In stock\" \/>\n<script type=\"application\/ld+json\" class=\"yoast-schema-graph\">{\"@context\":\"https:\\\/\\\/schema.org\",\"@graph\":[{\"@type\":\"WebPage\",\"@id\":\"https:\\\/\\\/mmkriepas.lv\\\/en\\\/p\\\/205-50r17-dynamo-street-h-m4s01-93v-xl-2\\\/\",\"url\":\"https:\\\/\\\/mmkriepas.lv\\\/en\\\/p\\\/205-50r17-dynamo-street-h-m4s01-93v-xl-2\\\/\",\"name\":\"205\\\/50R17 Dynamo Street-H M4S01 93V XL &#8226; MMK Riepas\",\"isPartOf\":{\"@id\":\"https:\\\/\\\/mmkriepas.lv\\\/en\\\/#website\"},\"primaryImageOfPage\":{\"@id\":\"https:\\\/\\\/mmkriepas.lv\\\/en\\\/p\\\/205-50r17-dynamo-street-h-m4s01-93v-xl-2\\\/#primaryimage\"},\"image\":{\"@id\":\"https:\\\/\\\/mmkriepas.lv\\\/en\\\/p\\\/205-50r17-dynamo-street-h-m4s01-93v-xl-2\\\/#primaryimage\"},\"thumbnailUrl\":\"https:\\\/\\\/mmkriepas.lv\\\/wp-content\\\/uploads\\\/2023\\\/10\\\/22550r17-dynamo-street-h-m4s01-98v-xl-ziemas-riepas.jpeg\",\"datePublished\":\"2022-10-14T14:56:43+00:00\",\"dateModified\":\"2026-03-27T11:00:10+00:00\",\"breadcrumb\":{\"@id\":\"https:\\\/\\\/mmkriepas.lv\\\/en\\\/p\\\/205-50r17-dynamo-street-h-m4s01-93v-xl-2\\\/#breadcrumb\"},\"inLanguage\":\"en-US\",\"potentialAction\":[{\"@type\":\"ReadAction\",\"target\":[\"https:\\\/\\\/mmkriepas.lv\\\/en\\\/p\\\/205-50r17-dynamo-street-h-m4s01-93v-xl-2\\\/\"]}]},{\"@type\":\"ImageObject\",\"inLanguage\":\"en-US\",\"@id\":\"https:\\\/\\\/mmkriepas.lv\\\/en\\\/p\\\/205-50r17-dynamo-street-h-m4s01-93v-xl-2\\\/#primaryimage\",\"url\":\"https:\\\/\\\/mmkriepas.lv\\\/wp-content\\\/uploads\\\/2023\\\/10\\\/22550r17-dynamo-street-h-m4s01-98v-xl-ziemas-riepas.jpeg\",\"contentUrl\":\"https:\\\/\\\/mmkriepas.lv\\\/wp-content\\\/uploads\\\/2023\\\/10\\\/22550r17-dynamo-street-h-m4s01-98v-xl-ziemas-riepas.jpeg\",\"width\":1920,\"height\":1858,\"caption\":\"225\\\/50R17 Dynamo Street-H M4S01 98V XL - Vissezonas riepas \\\/ Ziemas riepas\"},{\"@type\":\"BreadcrumbList\",\"@id\":\"https:\\\/\\\/mmkriepas.lv\\\/en\\\/p\\\/205-50r17-dynamo-street-h-m4s01-93v-xl-2\\\/#breadcrumb\",\"itemListElement\":[{\"@type\":\"ListItem\",\"position\":1,\"name\":\"S\u0101kums\",\"item\":\"https:\\\/\\\/mmkriepas.lv\\\/en\\\/\"},{\"@type\":\"ListItem\",\"position\":2,\"name\":\"205\\\/50R17 Dynamo Street-H M4S01 93V XL\"}]},{\"@type\":\"WebSite\",\"@id\":\"https:\\\/\\\/mmkriepas.lv\\\/en\\\/#website\",\"url\":\"https:\\\/\\\/mmkriepas.lv\\\/en\\\/\",\"name\":\"MMK Riepas\",\"description\":\"MMK Riepas\",\"alternateName\":\"MMK Riepu Serviss\",\"potentialAction\":[{\"@type\":\"SearchAction\",\"target\":{\"@type\":\"EntryPoint\",\"urlTemplate\":\"https:\\\/\\\/mmkriepas.lv\\\/en\\\/?s={search_term_string}\"},\"query-input\":{\"@type\":\"PropertyValueSpecification\",\"valueRequired\":true,\"valueName\":\"search_term_string\"}}],\"inLanguage\":\"en-US\"},{\"@type\":\"ImageObject\",\"inLanguage\":\"en-US\",\"@id\":\"https:\\\/\\\/mmkriepas.lv\\\/en\\\/p\\\/205-50r17-dynamo-street-h-m4s01-93v-xl-2\\\/#local-main-organization-logo\",\"url\":\"\",\"contentUrl\":\"\",\"caption\":\"MMK Riepas\"}]}<\/script>\n<meta property=\"product:brand\" content=\"Dynamo Street-H M4S01\" \/>\n<meta property=\"product:price:amount\" content=\"55.00\" \/>\n<meta property=\"product:price:currency\" content=\"EUR\" \/>\n<meta property=\"og:availability\" content=\"instock\" \/>\n<meta property=\"product:availability\" content=\"instock\" \/>\n<meta property=\"product:retailer_item_id\" content=\"TW2055017DYNAM-L12345\" \/>\n<meta property=\"product:condition\" content=\"new\" \/>\n<!-- \/ Yoast SEO Premium plugin. -->","yoast_head_json":{"title":"205\/50R17 Dynamo Street-H M4S01 93V XL &#8226; MMK Riepas","robots":{"index":"index","follow":"follow","max-snippet":"max-snippet:-1","max-image-preview":"max-image-preview:large","max-video-preview":"max-video-preview:-1"},"canonical":"https:\/\/mmkriepas.lv\/en\/p\/205-50r17-dynamo-street-h-m4s01-93v-xl-2\/","og_locale":"en_US","og_type":"article","og_title":"205\/50R17 Dynamo Street-H M4S01 93V XL","og_description":"Dynamo Street-H M4S01 ir labas kvalit\u0101tes vissezonas\/ziemas riepu modelis. Tas izce\u013cas ar labiem sa\u0137eres r\u0101d\u012bt\u0101jiem gan uz sausa un slapja asfalta gada siltaj\u0101 laik\u0101, gan ar\u012b optim\u0101liem sa\u0137eres un manevr\u0113tsp\u0113jas r\u0101d\u012bt\u0101jiem snieg\u0101. Modelis paredz\u0113ts kompaktklases un vid\u0113ja izm\u0113ra vieglajiem auto, un pieejams izm\u0113ru kl\u0101st\u0101 no R15, l\u012bdz R17.","og_url":"https:\/\/mmkriepas.lv\/en\/p\/205-50r17-dynamo-street-h-m4s01-93v-xl-2\/","og_site_name":"MMK Riepas","article_publisher":"https:\/\/www.facebook.com\/mmkserviss\/","article_modified_time":"2026-03-27T11:00:10+00:00","og_image":[{"width":1920,"height":1858,"url":"https:\/\/mmkriepas.lv\/wp-content\/uploads\/2023\/10\/22550r17-dynamo-street-h-m4s01-98v-xl-ziemas-riepas.jpeg","type":"image\/jpeg"}],"twitter_card":"summary_large_image","twitter_misc":{"Price":"&euro;55.00","Availability":"In stock"},"schema":{"@context":"https:\/\/schema.org","@graph":[{"@type":"WebPage","@id":"https:\/\/mmkriepas.lv\/en\/p\/205-50r17-dynamo-street-h-m4s01-93v-xl-2\/","url":"https:\/\/mmkriepas.lv\/en\/p\/205-50r17-dynamo-street-h-m4s01-93v-xl-2\/","name":"205\/50R17 Dynamo Street-H M4S01 93V XL &#8226; MMK Riepas","isPartOf":{"@id":"https:\/\/mmkriepas.lv\/en\/#website"},"primaryImageOfPage":{"@id":"https:\/\/mmkriepas.lv\/en\/p\/205-50r17-dynamo-street-h-m4s01-93v-xl-2\/#primaryimage"},"image":{"@id":"https:\/\/mmkriepas.lv\/en\/p\/205-50r17-dynamo-street-h-m4s01-93v-xl-2\/#primaryimage"},"thumbnailUrl":"https:\/\/mmkriepas.lv\/wp-content\/uploads\/2023\/10\/22550r17-dynamo-street-h-m4s01-98v-xl-ziemas-riepas.jpeg","datePublished":"2022-10-14T14:56:43+00:00","dateModified":"2026-03-27T11:00:10+00:00","breadcrumb":{"@id":"https:\/\/mmkriepas.lv\/en\/p\/205-50r17-dynamo-street-h-m4s01-93v-xl-2\/#breadcrumb"},"inLanguage":"en-US","potentialAction":[{"@type":"ReadAction","target":["https:\/\/mmkriepas.lv\/en\/p\/205-50r17-dynamo-street-h-m4s01-93v-xl-2\/"]}]},{"@type":"ImageObject","inLanguage":"en-US","@id":"https:\/\/mmkriepas.lv\/en\/p\/205-50r17-dynamo-street-h-m4s01-93v-xl-2\/#primaryimage","url":"https:\/\/mmkriepas.lv\/wp-content\/uploads\/2023\/10\/22550r17-dynamo-street-h-m4s01-98v-xl-ziemas-riepas.jpeg","contentUrl":"https:\/\/mmkriepas.lv\/wp-content\/uploads\/2023\/10\/22550r17-dynamo-street-h-m4s01-98v-xl-ziemas-riepas.jpeg","width":1920,"height":1858,"caption":"225\/50R17 Dynamo Street-H M4S01 98V XL - Vissezonas riepas \/ Ziemas riepas"},{"@type":"BreadcrumbList","@id":"https:\/\/mmkriepas.lv\/en\/p\/205-50r17-dynamo-street-h-m4s01-93v-xl-2\/#breadcrumb","itemListElement":[{"@type":"ListItem","position":1,"name":"S\u0101kums","item":"https:\/\/mmkriepas.lv\/en\/"},{"@type":"ListItem","position":2,"name":"205\/50R17 Dynamo Street-H M4S01 93V XL"}]},{"@type":"WebSite","@id":"https:\/\/mmkriepas.lv\/en\/#website","url":"https:\/\/mmkriepas.lv\/en\/","name":"MMK Riepas","description":"MMK Riepas","alternateName":"MMK Riepu Serviss","potentialAction":[{"@type":"SearchAction","target":{"@type":"EntryPoint","urlTemplate":"https:\/\/mmkriepas.lv\/en\/?s={search_term_string}"},"query-input":{"@type":"PropertyValueSpecification","valueRequired":true,"valueName":"search_term_string"}}],"inLanguage":"en-US"},{"@type":"ImageObject","inLanguage":"en-US","@id":"https:\/\/mmkriepas.lv\/en\/p\/205-50r17-dynamo-street-h-m4s01-93v-xl-2\/#local-main-organization-logo","url":"","contentUrl":"","caption":"MMK Riepas"}]},"product_brand":"Dynamo Street-H M4S01","product_price_amount":"55.00","product_price_currency":"EUR","og_availability":"instock","product_availability":"instock","product_retailer_item_id":"TW2055017DYNAM-L12345","product_condition":"new"},"_links":{"self":[{"href":"https:\/\/mmkriepas.lv\/en\/wp-json\/wp\/v2\/product\/406486","targetHints":{"allow":["GET"]}}],"collection":[{"href":"https:\/\/mmkriepas.lv\/en\/wp-json\/wp\/v2\/product"}],"about":[{"href":"https:\/\/mmkriepas.lv\/en\/wp-json\/wp\/v2\/types\/product"}],"wp:featuredmedia":[{"embeddable":true,"href":"https:\/\/mmkriepas.lv\/en\/wp-json\/wp\/v2\/media\/798489"}],"wp:attachment":[{"href":"https:\/\/mmkriepas.lv\/en\/wp-json\/wp\/v2\/media?parent=406486"}],"wp:term":[{"taxonomy":"product_brand","embeddable":true,"href":"https:\/\/mmkriepas.lv\/en\/wp-json\/wp\/v2\/product_brand?post=406486"},{"taxonomy":"product_cat","embeddable":true,"href":"https:\/\/mmkriepas.lv\/en\/wp-json\/wp\/v2\/product_cat?post=406486"},{"taxonomy":"product_tag","embeddable":true,"href":"https:\/\/mmkriepas.lv\/en\/wp-json\/wp\/v2\/product_tag?post=406486"}],"curies":[{"name":"wp","href":"https:\/\/api.w.org\/{rel}","templated":true}]}}