{"id":394229,"date":"2022-10-13T00:16:13","date_gmt":"2022-10-12T21:16:13","guid":{"rendered":"https:\/\/mmkserviss.lv\/?post_type=product&#038;p=394229"},"modified":"2026-03-27T23:52:31","modified_gmt":"2026-03-27T21:52:31","slug":"215-55r16-kormoran-snow-97h-2","status":"publish","type":"product","link":"https:\/\/mmkriepas.lv\/en\/p\/215-55r16-kormoran-snow-97h-2\/","title":{"rendered":"215\/55R16 Kormoran Snow 97H XL (Michelin)"},"content":{"rendered":"<p><span style=\"font-family: Times New Roman, serif;\"><span style=\"font-size: medium;\"><span style=\"font-family: Arial, serif;\"><b>Kormoran Snow &#8211;<\/b><\/span><span style=\"font-family: Arial, serif;\"> Eiropas tipa ziemas riepas vieglaj\u0101m automa\u0161\u012bn\u0101m, paredz\u0113ta brauk\u0161anai maigos ziemas apst\u0101k\u013cos l\u012bdz -20 \u00b0 C. Riepas nodro\u0161ina dro\u0161\u012bbu uz ziemas slidenaj\u0101m virsm\u0101m k\u0101 ar\u012b uz sausa asfalta, vienlaikus apvienojot augstu iztur\u012bbu pret akvaplan\u0113\u0161anu, stabilu kontroli, \u012bsu bremz\u0113\u0161anas ce\u013cu un gludu, pat\u012bkamu braucienu.\u00a0<\/span><\/span><\/span><\/p>\n<h3 class=\"western\"><span style=\"font-family: Arial, serif;\">Kormoran Snow galven\u0101s iez\u012bmes<\/span><\/h3>\n<p><span style=\"font-family: Times New Roman, serif;\"><span style=\"font-size: medium;\"><span style=\"font-family: Arial, serif;\">+Mikro &#8220;ribas&#8221; riepas centr\u0101lajos dren\u0101\u017eas kan\u0101los uzlabo sa\u0137eri snieg\u0101!<\/span><\/span><\/span><\/p>\n<p><span style=\"font-family: Times New Roman, serif;\"><span style=\"font-size: medium;\"><span style=\"font-family: Arial, serif;\">+Vair\u0101ki t\u016bksto\u0161i bl\u012bvi izvietotu lame\u013cu uzlabo veiktsp\u0113ju snieg\u0101!<\/span><\/span><\/span><\/p>\n<p><span style=\"font-family: Times New Roman, serif;\"><span style=\"font-size: medium;\"><span style=\"font-family: Arial, serif;\">+Platas un pret brauk\u0161anas virzienu v\u0113rstas dren\u0101\u017eas rievas b\u016btiski samazina akvaplan\u0113\u0161anas risku!<\/span><\/span><\/span><\/p>\n<h3 class=\"western\"><span style=\"font-family: Arial, serif;\">Protektora \u012bpa\u0161\u012bbas<\/span><\/h3>\n<p><span style=\"font-family: Times New Roman, serif;\"><span style=\"font-size: medium;\"><span style=\"font-family: Arial, serif;\">Pla\u0161\u0101s dren\u0101\u017eas rievas, kas izvietotas virzien\u0101 uz centru noteikt\u0101 sl\u012bpuma le\u0146\u0137\u012b, garant\u0113 \u0101tru kontakta laukuma izt\u012br\u012b\u0161anu no k\u016bsto\u0161\u0101 sniega un \u016bdens. Speci\u0101li izvietoti gredzenveida \u016bdens evakuacijas kan\u0101li palielina kontroles stabilit\u0101ti mitros apst\u0101k\u013cos. Z\u0101\u0123veida lame\u013cu izvietojums plecu bloku \u0101r\u0113j\u0101s mal\u0101s palielina mode\u013ca caurlaid\u012bbu dzi\u013c\u0101 snieg\u0101. Kormoran ziemas riepu mode\u013ciem ir gumijas sast\u0101vs ar \u012bpa\u0161iem elastom\u0113riem un sil\u012bcija dioks\u012bdu, kas nodro\u0161ina papildu sa\u0137eri mitros apst\u0101k\u013cos, k\u0101 ar\u012b pal\u012bdz samazin\u0101t rites pretest\u012bbu, no kuras tie\u0161i atkar\u012bgs degvielas pat\u0113ri\u0146\u0161.<\/span><\/span><\/span><\/p>\n<p><span style=\"font-family: Times New Roman, serif;\"><span style=\"font-size: medium;\"><span style=\"font-family: Arial, serif;\"><b>Kormoran Snow <\/b><\/span><span style=\"font-family: Arial, serif;\">mode\u013ca lieto\u0161anas dro\u0161\u012bbu ziemas laika apst\u0101k\u013cos un t\u0101 atbilst\u012bbu valst\u012bm ar oblig\u0101tu sezon\u0101lo riepu mai\u0146u apstiprina mar\u0137\u0113jums sniegp\u0101rslas form\u0101 uz kalna fona ar trim virsotn\u0113m (3PMSF).<\/span><\/span><\/span><\/p>\n","protected":false},"excerpt":{"rendered":"<p><span style=\"font-family: Times New Roman, serif;\"><span style=\"font-size: medium;\"><span style=\"font-family: Arial, serif;\"><b>Kormoran Snow &#8211;<\/b><\/span><span style=\"font-family: Arial, serif;\"> Eiropas tipa ziemas riepas vieglaj\u0101m automa\u0161\u012bn\u0101m, paredz\u0113ta brauk\u0161anai maigos ziemas apst\u0101k\u013cos l\u012bdz -20 \u00b0 C. Riepas nodro\u0161ina dro\u0161\u012bbu uz ziemas slidenaj\u0101m virsm\u0101m k\u0101 ar\u012b uz sausa asfalta, vienlaikus apvienojot augstu iztur\u012bbu pret akvaplan\u0113\u0161anu, stabilu kontroli, \u012bsu bremz\u0113\u0161anas ce\u013cu un gludu, pat\u012bkamu braucienu.\u00a0<\/span><\/span><\/span><\/p>\n","protected":false},"featured_media":795157,"template":"","meta":{"_acf_changed":false,"ngg_post_thumbnail":0},"product_brand":[],"product_cat":[47,45],"product_tag":[],"class_list":{"0":"post-394229","1":"product","2":"type-product","3":"status-publish","4":"has-post-thumbnail","6":"product_cat-vissezonas-riepas","7":"product_cat-ziemas-riepas","9":"first","10":"instock","11":"sale","12":"taxable","13":"shipping-taxable","14":"purchasable","15":"product-type-simple"},"acf":[],"yoast_head":"<!-- This site is optimized with the Yoast SEO Premium plugin v22.6 (Yoast SEO v27.3) - https:\/\/yoast.com\/product\/yoast-seo-premium-wordpress\/ -->\n<title>215\/55R16 Kormoran Snow 97H XL (Michelin) &#8226; MMK Riepas<\/title>\n<meta name=\"description\" content=\"Kormoran Snow- Michelin grupas ziemas riepa skarbiem ziemas apst\u0101k\u013ciem! Pieejama abos MMK Riepu Servisos visos zim\u0113ros un par vislab\u0101ko cenu!\" \/>\n<meta name=\"robots\" content=\"index, follow, max-snippet:-1, max-image-preview:large, max-video-preview:-1\" \/>\n<link rel=\"canonical\" href=\"https:\/\/mmkriepas.lv\/en\/p\/215-55r16-kormoran-snow-97h-2\/\" \/>\n<meta property=\"og:locale\" content=\"en_US\" \/>\n<meta property=\"og:type\" content=\"article\" \/>\n<meta property=\"og:title\" content=\"215\/55R16 Kormoran Snow 97H XL (Michelin)\" \/>\n<meta property=\"og:description\" content=\"Kormoran Snow- Michelin grupas ziemas riepa skarbiem ziemas apst\u0101k\u013ciem! Pieejama abos MMK Riepu Servisos visos zim\u0113ros un par vislab\u0101ko cenu!\" \/>\n<meta property=\"og:url\" content=\"https:\/\/mmkriepas.lv\/en\/p\/215-55r16-kormoran-snow-97h-2\/\" \/>\n<meta property=\"og:site_name\" content=\"MMK Riepas\" \/>\n<meta property=\"article:publisher\" content=\"https:\/\/www.facebook.com\/mmkserviss\/\" \/>\n<meta property=\"article:modified_time\" content=\"2026-03-27T21:52:31+00:00\" \/>\n<meta property=\"og:image\" content=\"https:\/\/mmkriepas.lv\/wp-content\/uploads\/2023\/09\/21545r17-kormoran-snow-91v-michelin-ziemas-riepas.jpeg\" \/>\n\t<meta property=\"og:image:width\" content=\"1920\" \/>\n\t<meta property=\"og:image:height\" content=\"1920\" \/>\n\t<meta property=\"og:image:type\" content=\"image\/jpeg\" \/>\n<meta name=\"twitter:card\" content=\"summary_large_image\" \/>\n<meta name=\"twitter:label1\" content=\"Price\" \/>\n\t<meta name=\"twitter:data1\" content=\"&euro;65.00\" \/>\n\t<meta name=\"twitter:label2\" content=\"Availability\" \/>\n\t<meta name=\"twitter:data2\" content=\"In stock\" \/>\n<script type=\"application\/ld+json\" class=\"yoast-schema-graph\">{\"@context\":\"https:\\\/\\\/schema.org\",\"@graph\":[{\"@type\":\"WebPage\",\"@id\":\"https:\\\/\\\/mmkriepas.lv\\\/en\\\/p\\\/215-55r16-kormoran-snow-97h-2\\\/\",\"url\":\"https:\\\/\\\/mmkriepas.lv\\\/en\\\/p\\\/215-55r16-kormoran-snow-97h-2\\\/\",\"name\":\"215\\\/55R16 Kormoran Snow 97H XL (Michelin) &#8226; MMK Riepas\",\"isPartOf\":{\"@id\":\"https:\\\/\\\/mmkriepas.lv\\\/en\\\/#website\"},\"primaryImageOfPage\":{\"@id\":\"https:\\\/\\\/mmkriepas.lv\\\/en\\\/p\\\/215-55r16-kormoran-snow-97h-2\\\/#primaryimage\"},\"image\":{\"@id\":\"https:\\\/\\\/mmkriepas.lv\\\/en\\\/p\\\/215-55r16-kormoran-snow-97h-2\\\/#primaryimage\"},\"thumbnailUrl\":\"https:\\\/\\\/mmkriepas.lv\\\/wp-content\\\/uploads\\\/2023\\\/09\\\/21545r17-kormoran-snow-91v-michelin-ziemas-riepas.jpeg\",\"datePublished\":\"2022-10-12T21:16:13+00:00\",\"dateModified\":\"2026-03-27T21:52:31+00:00\",\"description\":\"Kormoran Snow- Michelin grupas ziemas riepa skarbiem ziemas apst\u0101k\u013ciem! Pieejama abos MMK Riepu Servisos visos zim\u0113ros un par vislab\u0101ko cenu!\",\"breadcrumb\":{\"@id\":\"https:\\\/\\\/mmkriepas.lv\\\/en\\\/p\\\/215-55r16-kormoran-snow-97h-2\\\/#breadcrumb\"},\"inLanguage\":\"en-US\",\"potentialAction\":[{\"@type\":\"ReadAction\",\"target\":[\"https:\\\/\\\/mmkriepas.lv\\\/en\\\/p\\\/215-55r16-kormoran-snow-97h-2\\\/\"]}]},{\"@type\":\"ImageObject\",\"inLanguage\":\"en-US\",\"@id\":\"https:\\\/\\\/mmkriepas.lv\\\/en\\\/p\\\/215-55r16-kormoran-snow-97h-2\\\/#primaryimage\",\"url\":\"https:\\\/\\\/mmkriepas.lv\\\/wp-content\\\/uploads\\\/2023\\\/09\\\/21545r17-kormoran-snow-91v-michelin-ziemas-riepas.jpeg\",\"contentUrl\":\"https:\\\/\\\/mmkriepas.lv\\\/wp-content\\\/uploads\\\/2023\\\/09\\\/21545r17-kormoran-snow-91v-michelin-ziemas-riepas.jpeg\",\"width\":1920,\"height\":1920,\"caption\":\"215\\\/45R17 Kormoran Snow 91V (Michelin) - Vissezonas riepas \\\/ Ziemas riepas\"},{\"@type\":\"BreadcrumbList\",\"@id\":\"https:\\\/\\\/mmkriepas.lv\\\/en\\\/p\\\/215-55r16-kormoran-snow-97h-2\\\/#breadcrumb\",\"itemListElement\":[{\"@type\":\"ListItem\",\"position\":1,\"name\":\"S\u0101kums\",\"item\":\"https:\\\/\\\/mmkriepas.lv\\\/en\\\/\"},{\"@type\":\"ListItem\",\"position\":2,\"name\":\"215\\\/55R16 Kormoran Snow 97H XL (Michelin)\"}]},{\"@type\":\"WebSite\",\"@id\":\"https:\\\/\\\/mmkriepas.lv\\\/en\\\/#website\",\"url\":\"https:\\\/\\\/mmkriepas.lv\\\/en\\\/\",\"name\":\"MMK Riepas\",\"description\":\"MMK Riepas\",\"alternateName\":\"MMK Riepu Serviss\",\"potentialAction\":[{\"@type\":\"SearchAction\",\"target\":{\"@type\":\"EntryPoint\",\"urlTemplate\":\"https:\\\/\\\/mmkriepas.lv\\\/en\\\/?s={search_term_string}\"},\"query-input\":{\"@type\":\"PropertyValueSpecification\",\"valueRequired\":true,\"valueName\":\"search_term_string\"}}],\"inLanguage\":\"en-US\"},{\"@type\":\"ImageObject\",\"inLanguage\":\"en-US\",\"@id\":\"https:\\\/\\\/mmkriepas.lv\\\/en\\\/p\\\/215-55r16-kormoran-snow-97h-2\\\/#local-main-organization-logo\",\"url\":\"\",\"contentUrl\":\"\",\"caption\":\"MMK Riepas\"}]}<\/script>\n<meta property=\"product:brand\" content=\"Kormoran Snow\" \/>\n<meta property=\"product:price:amount\" content=\"65.00\" \/>\n<meta property=\"product:price:currency\" content=\"EUR\" \/>\n<meta property=\"og:availability\" content=\"instock\" \/>\n<meta property=\"product:availability\" content=\"instock\" \/>\n<meta property=\"product:retailer_item_id\" content=\"TW2155516KORMO-12252\" \/>\n<meta property=\"product:condition\" content=\"new\" \/>\n<!-- \/ Yoast SEO Premium plugin. -->","yoast_head_json":{"title":"215\/55R16 Kormoran Snow 97H XL (Michelin) &#8226; MMK Riepas","description":"Kormoran Snow- Michelin grupas ziemas riepa skarbiem ziemas apst\u0101k\u013ciem! Pieejama abos MMK Riepu Servisos visos zim\u0113ros un par vislab\u0101ko cenu!","robots":{"index":"index","follow":"follow","max-snippet":"max-snippet:-1","max-image-preview":"max-image-preview:large","max-video-preview":"max-video-preview:-1"},"canonical":"https:\/\/mmkriepas.lv\/en\/p\/215-55r16-kormoran-snow-97h-2\/","og_locale":"en_US","og_type":"article","og_title":"215\/55R16 Kormoran Snow 97H XL (Michelin)","og_description":"Kormoran Snow- Michelin grupas ziemas riepa skarbiem ziemas apst\u0101k\u013ciem! Pieejama abos MMK Riepu Servisos visos zim\u0113ros un par vislab\u0101ko cenu!","og_url":"https:\/\/mmkriepas.lv\/en\/p\/215-55r16-kormoran-snow-97h-2\/","og_site_name":"MMK Riepas","article_publisher":"https:\/\/www.facebook.com\/mmkserviss\/","article_modified_time":"2026-03-27T21:52:31+00:00","og_image":[{"width":1920,"height":1920,"url":"https:\/\/mmkriepas.lv\/wp-content\/uploads\/2023\/09\/21545r17-kormoran-snow-91v-michelin-ziemas-riepas.jpeg","type":"image\/jpeg"}],"twitter_card":"summary_large_image","twitter_misc":{"Price":"&euro;65.00","Availability":"In stock"},"schema":{"@context":"https:\/\/schema.org","@graph":[{"@type":"WebPage","@id":"https:\/\/mmkriepas.lv\/en\/p\/215-55r16-kormoran-snow-97h-2\/","url":"https:\/\/mmkriepas.lv\/en\/p\/215-55r16-kormoran-snow-97h-2\/","name":"215\/55R16 Kormoran Snow 97H XL (Michelin) &#8226; MMK Riepas","isPartOf":{"@id":"https:\/\/mmkriepas.lv\/en\/#website"},"primaryImageOfPage":{"@id":"https:\/\/mmkriepas.lv\/en\/p\/215-55r16-kormoran-snow-97h-2\/#primaryimage"},"image":{"@id":"https:\/\/mmkriepas.lv\/en\/p\/215-55r16-kormoran-snow-97h-2\/#primaryimage"},"thumbnailUrl":"https:\/\/mmkriepas.lv\/wp-content\/uploads\/2023\/09\/21545r17-kormoran-snow-91v-michelin-ziemas-riepas.jpeg","datePublished":"2022-10-12T21:16:13+00:00","dateModified":"2026-03-27T21:52:31+00:00","description":"Kormoran Snow- Michelin grupas ziemas riepa skarbiem ziemas apst\u0101k\u013ciem! Pieejama abos MMK Riepu Servisos visos zim\u0113ros un par vislab\u0101ko cenu!","breadcrumb":{"@id":"https:\/\/mmkriepas.lv\/en\/p\/215-55r16-kormoran-snow-97h-2\/#breadcrumb"},"inLanguage":"en-US","potentialAction":[{"@type":"ReadAction","target":["https:\/\/mmkriepas.lv\/en\/p\/215-55r16-kormoran-snow-97h-2\/"]}]},{"@type":"ImageObject","inLanguage":"en-US","@id":"https:\/\/mmkriepas.lv\/en\/p\/215-55r16-kormoran-snow-97h-2\/#primaryimage","url":"https:\/\/mmkriepas.lv\/wp-content\/uploads\/2023\/09\/21545r17-kormoran-snow-91v-michelin-ziemas-riepas.jpeg","contentUrl":"https:\/\/mmkriepas.lv\/wp-content\/uploads\/2023\/09\/21545r17-kormoran-snow-91v-michelin-ziemas-riepas.jpeg","width":1920,"height":1920,"caption":"215\/45R17 Kormoran Snow 91V (Michelin) - Vissezonas riepas \/ Ziemas riepas"},{"@type":"BreadcrumbList","@id":"https:\/\/mmkriepas.lv\/en\/p\/215-55r16-kormoran-snow-97h-2\/#breadcrumb","itemListElement":[{"@type":"ListItem","position":1,"name":"S\u0101kums","item":"https:\/\/mmkriepas.lv\/en\/"},{"@type":"ListItem","position":2,"name":"215\/55R16 Kormoran Snow 97H XL (Michelin)"}]},{"@type":"WebSite","@id":"https:\/\/mmkriepas.lv\/en\/#website","url":"https:\/\/mmkriepas.lv\/en\/","name":"MMK Riepas","description":"MMK Riepas","alternateName":"MMK Riepu Serviss","potentialAction":[{"@type":"SearchAction","target":{"@type":"EntryPoint","urlTemplate":"https:\/\/mmkriepas.lv\/en\/?s={search_term_string}"},"query-input":{"@type":"PropertyValueSpecification","valueRequired":true,"valueName":"search_term_string"}}],"inLanguage":"en-US"},{"@type":"ImageObject","inLanguage":"en-US","@id":"https:\/\/mmkriepas.lv\/en\/p\/215-55r16-kormoran-snow-97h-2\/#local-main-organization-logo","url":"","contentUrl":"","caption":"MMK Riepas"}]},"product_brand":"Kormoran Snow","product_price_amount":"65.00","product_price_currency":"EUR","og_availability":"instock","product_availability":"instock","product_retailer_item_id":"TW2155516KORMO-12252","product_condition":"new"},"_links":{"self":[{"href":"https:\/\/mmkriepas.lv\/en\/wp-json\/wp\/v2\/product\/394229","targetHints":{"allow":["GET"]}}],"collection":[{"href":"https:\/\/mmkriepas.lv\/en\/wp-json\/wp\/v2\/product"}],"about":[{"href":"https:\/\/mmkriepas.lv\/en\/wp-json\/wp\/v2\/types\/product"}],"wp:featuredmedia":[{"embeddable":true,"href":"https:\/\/mmkriepas.lv\/en\/wp-json\/wp\/v2\/media\/795157"}],"wp:attachment":[{"href":"https:\/\/mmkriepas.lv\/en\/wp-json\/wp\/v2\/media?parent=394229"}],"wp:term":[{"taxonomy":"product_brand","embeddable":true,"href":"https:\/\/mmkriepas.lv\/en\/wp-json\/wp\/v2\/product_brand?post=394229"},{"taxonomy":"product_cat","embeddable":true,"href":"https:\/\/mmkriepas.lv\/en\/wp-json\/wp\/v2\/product_cat?post=394229"},{"taxonomy":"product_tag","embeddable":true,"href":"https:\/\/mmkriepas.lv\/en\/wp-json\/wp\/v2\/product_tag?post=394229"}],"curies":[{"name":"wp","href":"https:\/\/api.w.org\/{rel}","templated":true}]}}