{"id":368021,"date":"2022-10-09T17:24:41","date_gmt":"2022-10-09T14:24:41","guid":{"rendered":"https:\/\/mmkserviss.lv\/?post_type=product&#038;p=368021"},"modified":"2026-03-27T12:55:11","modified_gmt":"2026-03-27T10:55:11","slug":"175-75r16c-gt-radial-maxmiler-wt2-cargo-101-99r","status":"publish","type":"product","link":"https:\/\/mmkriepas.lv\/en\/p\/175-75r16c-gt-radial-maxmiler-wt2-cargo-101-99r\/","title":{"rendered":"175\/75R16C GT Radial MAXMILER WT2 Cargo 101\/99R"},"content":{"rendered":"<p><strong>GT Radial Maxmiler WT2 Cargo<\/strong> ir augstas kvalit\u0101tes vissezonas\/ziemas komerctransporta jeb mikroautobusu un vieglo kravas auto riepu modelis, kas izce\u013cas ar paaugstin\u0101tu veiktsp\u0113ju pat skarbos brauk\u0161anas un palielin\u0101tas slodzes apst\u0101k\u013cos.<\/p>\n<p><strong>Maxmiler WT2 Cargo galven\u0101s iez\u012bmes:<\/strong><\/p>\n<p>+ Uzlabots riepu gumijas sast\u0101vs, kas bag\u0101tin\u0101ts ar dab\u012bgo kau\u010duku, uzlabojot nodilumiztur\u012bbu un sp\u0113ju saglab\u0101t elast\u012bbu zem\u0101s gaisa temperat\u016br\u0101s,<\/p>\n<p>+ Paaugstin\u0101ta triecieniztur\u012bba, pateicoties papildus kordu jeb brekera sl\u0101\u0146iem,<\/p>\n<p>+ Riepu modelis piem\u0113rots eksplaut\u0101cijai paaugstin\u0101tas slodzes apst\u0101k\u013cos gan uz asfalta, gan grants ce\u013ciem.<\/p>\n<p>+ Samazin\u0101ts akvaplan\u0113\u0161anas risks,<\/p>\n<p>+ Lieliska veiktsp\u0113ja ar\u012b snieg\u0101 un uz ledus, pateicoties vair\u0101kiem t\u016bksto\u0161iem protektora blokos bl\u012bvi izvietot\u0101m lamel\u0113m,<\/p>\n<p>+ Ar 3D model\u0113\u0161anas tehniku izstr\u0101d\u0101ts brauk\u0161anai cauru gadu optim\u0101ls protektora dizains.<\/p>\n<p><strong>Maxmiler WT2 Cargo apr\u012bkojums<\/strong><\/p>\n<p><strong>Maxmiler WT2 <\/strong>pamat\u0101 ir augstas iztur\u012bbas konstrukcija, kas iet\u0113rpta elastrom\u0113riem bag\u0101t\u0101 gumijas sakaus\u0113jum\u0101, kas papildin\u0101ts ar dab\u012bgo kau\u010duku. Dab\u012bgais kau\u010duks p\u0101rsvar\u0101 tiek izmantots premium riepu gumijas sast\u0101vos, padarot t\u0101s nodilumiztur\u012bg\u0101kas un uzlabojot sa\u0137eres \u012bpa\u0161\u012bbas zem\u0101s gaisa temperat\u016br\u0101s. Riepu mode\u013ca protektora dizains izstr\u0101d\u0101ts ar 3D model\u0113\u0161anas tehniku, veidojot optim\u0101lu protektora bloku un iegriezumu jeb lame\u013cu attiec\u012bbu. Pateicoties tam, \u0161is komerctransporta riepu modelis uzr\u0101da teicamas veiktsp\u0113jas \u012bpa\u0161\u012bbas gan vasaras svelm\u0113, gan ar\u012b kaulus stindzino\u0161\u0101 sal\u0101.<\/p>\n","protected":false},"excerpt":{"rendered":"<p><strong>GT Radial Maxmiler WT2 Cargo<\/strong> ir augstas kvalit\u0101tes vissezonas\/ziemas komerctransporta jeb mikroautobusu un vieglo kravas auto riepu modelis, kas izce\u013cas ar paaugstin\u0101tu veiktsp\u0113ju pat skarbos brauk\u0161anas un palielin\u0101tas slodzes apst\u0101k\u013cos.<\/p>\n","protected":false},"featured_media":192132,"template":"","meta":{"_acf_changed":false,"ngg_post_thumbnail":0},"product_brand":[],"product_cat":[47,45],"product_tag":[],"class_list":{"0":"post-368021","1":"product","2":"type-product","3":"status-publish","4":"has-post-thumbnail","6":"product_cat-vissezonas-riepas","7":"product_cat-ziemas-riepas","9":"first","10":"instock","11":"sale","12":"taxable","13":"shipping-taxable","14":"purchasable","15":"product-type-simple"},"acf":[],"yoast_head":"<!-- This site is optimized with the Yoast SEO Premium plugin v22.6 (Yoast SEO v27.3) - https:\/\/yoast.com\/product\/yoast-seo-premium-wordpress\/ -->\n<title>175\/75R16C GT Radial MAXMILER WT2 Cargo 101\/99R &#8226; MMK Riepas<\/title>\n<meta name=\"robots\" content=\"index, follow, max-snippet:-1, max-image-preview:large, max-video-preview:-1\" \/>\n<link rel=\"canonical\" href=\"https:\/\/mmkriepas.lv\/en\/p\/175-75r16c-gt-radial-maxmiler-wt2-cargo-101-99r\/\" \/>\n<meta property=\"og:locale\" content=\"en_US\" \/>\n<meta property=\"og:type\" content=\"article\" \/>\n<meta property=\"og:title\" content=\"175\/75R16C GT Radial MAXMILER WT2 Cargo 101\/99R\" \/>\n<meta property=\"og:description\" content=\"GT Radial Maxmiler WT2 Cargo ir augstas kvalit\u0101tes vissezonas\/ziemas komerctransporta jeb mikroautobusu un vieglo kravas auto riepu modelis, kas izce\u013cas ar paaugstin\u0101tu veiktsp\u0113ju pat skarbos brauk\u0161anas un palielin\u0101tas slodzes apst\u0101k\u013cos.\" \/>\n<meta property=\"og:url\" content=\"https:\/\/mmkriepas.lv\/en\/p\/175-75r16c-gt-radial-maxmiler-wt2-cargo-101-99r\/\" \/>\n<meta property=\"og:site_name\" content=\"MMK Riepas\" \/>\n<meta property=\"article:publisher\" content=\"https:\/\/www.facebook.com\/mmkserviss\/\" \/>\n<meta property=\"article:modified_time\" content=\"2026-03-27T10:55:11+00:00\" \/>\n<meta property=\"og:image\" content=\"https:\/\/mmkriepas.lv\/wp-content\/uploads\/2021\/08\/22570r15c-gt-radial-maxmiler-wt2-cargo-112110r-ziemas-riepas.jpg\" \/>\n\t<meta property=\"og:image:width\" content=\"1600\" \/>\n\t<meta property=\"og:image:height\" content=\"1200\" \/>\n\t<meta property=\"og:image:type\" content=\"image\/jpeg\" \/>\n<meta name=\"twitter:card\" content=\"summary_large_image\" \/>\n<meta name=\"twitter:label1\" content=\"Price\" \/>\n\t<meta name=\"twitter:data1\" content=\"&euro;74.00\" \/>\n\t<meta name=\"twitter:label2\" content=\"Availability\" \/>\n\t<meta name=\"twitter:data2\" content=\"In stock\" \/>\n<script type=\"application\/ld+json\" class=\"yoast-schema-graph\">{\"@context\":\"https:\\\/\\\/schema.org\",\"@graph\":[{\"@type\":\"WebPage\",\"@id\":\"https:\\\/\\\/mmkriepas.lv\\\/en\\\/p\\\/175-75r16c-gt-radial-maxmiler-wt2-cargo-101-99r\\\/\",\"url\":\"https:\\\/\\\/mmkriepas.lv\\\/en\\\/p\\\/175-75r16c-gt-radial-maxmiler-wt2-cargo-101-99r\\\/\",\"name\":\"175\\\/75R16C GT Radial MAXMILER WT2 Cargo 101\\\/99R &#8226; MMK Riepas\",\"isPartOf\":{\"@id\":\"https:\\\/\\\/mmkriepas.lv\\\/en\\\/#website\"},\"primaryImageOfPage\":{\"@id\":\"https:\\\/\\\/mmkriepas.lv\\\/en\\\/p\\\/175-75r16c-gt-radial-maxmiler-wt2-cargo-101-99r\\\/#primaryimage\"},\"image\":{\"@id\":\"https:\\\/\\\/mmkriepas.lv\\\/en\\\/p\\\/175-75r16c-gt-radial-maxmiler-wt2-cargo-101-99r\\\/#primaryimage\"},\"thumbnailUrl\":\"https:\\\/\\\/mmkriepas.lv\\\/wp-content\\\/uploads\\\/2021\\\/08\\\/22570r15c-gt-radial-maxmiler-wt2-cargo-112110r-ziemas-riepas.jpg\",\"datePublished\":\"2022-10-09T14:24:41+00:00\",\"dateModified\":\"2026-03-27T10:55:11+00:00\",\"breadcrumb\":{\"@id\":\"https:\\\/\\\/mmkriepas.lv\\\/en\\\/p\\\/175-75r16c-gt-radial-maxmiler-wt2-cargo-101-99r\\\/#breadcrumb\"},\"inLanguage\":\"en-US\",\"potentialAction\":[{\"@type\":\"ReadAction\",\"target\":[\"https:\\\/\\\/mmkriepas.lv\\\/en\\\/p\\\/175-75r16c-gt-radial-maxmiler-wt2-cargo-101-99r\\\/\"]}]},{\"@type\":\"ImageObject\",\"inLanguage\":\"en-US\",\"@id\":\"https:\\\/\\\/mmkriepas.lv\\\/en\\\/p\\\/175-75r16c-gt-radial-maxmiler-wt2-cargo-101-99r\\\/#primaryimage\",\"url\":\"https:\\\/\\\/mmkriepas.lv\\\/wp-content\\\/uploads\\\/2021\\\/08\\\/22570r15c-gt-radial-maxmiler-wt2-cargo-112110r-ziemas-riepas.jpg\",\"contentUrl\":\"https:\\\/\\\/mmkriepas.lv\\\/wp-content\\\/uploads\\\/2021\\\/08\\\/22570r15c-gt-radial-maxmiler-wt2-cargo-112110r-ziemas-riepas.jpg\",\"width\":1600,\"height\":1200,\"caption\":\"GT Radial Maxmiler WT2\"},{\"@type\":\"BreadcrumbList\",\"@id\":\"https:\\\/\\\/mmkriepas.lv\\\/en\\\/p\\\/175-75r16c-gt-radial-maxmiler-wt2-cargo-101-99r\\\/#breadcrumb\",\"itemListElement\":[{\"@type\":\"ListItem\",\"position\":1,\"name\":\"S\u0101kums\",\"item\":\"https:\\\/\\\/mmkriepas.lv\\\/en\\\/\"},{\"@type\":\"ListItem\",\"position\":2,\"name\":\"175\\\/75R16C GT Radial MAXMILER WT2 Cargo 101\\\/99R\"}]},{\"@type\":\"WebSite\",\"@id\":\"https:\\\/\\\/mmkriepas.lv\\\/en\\\/#website\",\"url\":\"https:\\\/\\\/mmkriepas.lv\\\/en\\\/\",\"name\":\"MMK Riepas\",\"description\":\"MMK Riepas\",\"alternateName\":\"MMK Riepu Serviss\",\"potentialAction\":[{\"@type\":\"SearchAction\",\"target\":{\"@type\":\"EntryPoint\",\"urlTemplate\":\"https:\\\/\\\/mmkriepas.lv\\\/en\\\/?s={search_term_string}\"},\"query-input\":{\"@type\":\"PropertyValueSpecification\",\"valueRequired\":true,\"valueName\":\"search_term_string\"}}],\"inLanguage\":\"en-US\"},{\"@type\":\"ImageObject\",\"inLanguage\":\"en-US\",\"@id\":\"https:\\\/\\\/mmkriepas.lv\\\/en\\\/p\\\/175-75r16c-gt-radial-maxmiler-wt2-cargo-101-99r\\\/#local-main-organization-logo\",\"url\":\"\",\"contentUrl\":\"\",\"caption\":\"MMK Riepas\"}]}<\/script>\n<meta property=\"product:brand\" content=\"GT Radial MAXMILER WT2 Cargo\" \/>\n<meta property=\"product:price:amount\" content=\"74.00\" \/>\n<meta property=\"product:price:currency\" content=\"EUR\" \/>\n<meta property=\"og:availability\" content=\"instock\" \/>\n<meta property=\"product:availability\" content=\"instock\" \/>\n<meta property=\"product:retailer_item_id\" content=\"TW1757516GTRAD-L12050\" \/>\n<meta property=\"product:condition\" content=\"new\" \/>\n<!-- \/ Yoast SEO Premium plugin. -->","yoast_head_json":{"title":"175\/75R16C GT Radial MAXMILER WT2 Cargo 101\/99R &#8226; MMK Riepas","robots":{"index":"index","follow":"follow","max-snippet":"max-snippet:-1","max-image-preview":"max-image-preview:large","max-video-preview":"max-video-preview:-1"},"canonical":"https:\/\/mmkriepas.lv\/en\/p\/175-75r16c-gt-radial-maxmiler-wt2-cargo-101-99r\/","og_locale":"en_US","og_type":"article","og_title":"175\/75R16C GT Radial MAXMILER WT2 Cargo 101\/99R","og_description":"GT Radial Maxmiler WT2 Cargo ir augstas kvalit\u0101tes vissezonas\/ziemas komerctransporta jeb mikroautobusu un vieglo kravas auto riepu modelis, kas izce\u013cas ar paaugstin\u0101tu veiktsp\u0113ju pat skarbos brauk\u0161anas un palielin\u0101tas slodzes apst\u0101k\u013cos.","og_url":"https:\/\/mmkriepas.lv\/en\/p\/175-75r16c-gt-radial-maxmiler-wt2-cargo-101-99r\/","og_site_name":"MMK Riepas","article_publisher":"https:\/\/www.facebook.com\/mmkserviss\/","article_modified_time":"2026-03-27T10:55:11+00:00","og_image":[{"width":1600,"height":1200,"url":"https:\/\/mmkriepas.lv\/wp-content\/uploads\/2021\/08\/22570r15c-gt-radial-maxmiler-wt2-cargo-112110r-ziemas-riepas.jpg","type":"image\/jpeg"}],"twitter_card":"summary_large_image","twitter_misc":{"Price":"&euro;74.00","Availability":"In stock"},"schema":{"@context":"https:\/\/schema.org","@graph":[{"@type":"WebPage","@id":"https:\/\/mmkriepas.lv\/en\/p\/175-75r16c-gt-radial-maxmiler-wt2-cargo-101-99r\/","url":"https:\/\/mmkriepas.lv\/en\/p\/175-75r16c-gt-radial-maxmiler-wt2-cargo-101-99r\/","name":"175\/75R16C GT Radial MAXMILER WT2 Cargo 101\/99R &#8226; MMK Riepas","isPartOf":{"@id":"https:\/\/mmkriepas.lv\/en\/#website"},"primaryImageOfPage":{"@id":"https:\/\/mmkriepas.lv\/en\/p\/175-75r16c-gt-radial-maxmiler-wt2-cargo-101-99r\/#primaryimage"},"image":{"@id":"https:\/\/mmkriepas.lv\/en\/p\/175-75r16c-gt-radial-maxmiler-wt2-cargo-101-99r\/#primaryimage"},"thumbnailUrl":"https:\/\/mmkriepas.lv\/wp-content\/uploads\/2021\/08\/22570r15c-gt-radial-maxmiler-wt2-cargo-112110r-ziemas-riepas.jpg","datePublished":"2022-10-09T14:24:41+00:00","dateModified":"2026-03-27T10:55:11+00:00","breadcrumb":{"@id":"https:\/\/mmkriepas.lv\/en\/p\/175-75r16c-gt-radial-maxmiler-wt2-cargo-101-99r\/#breadcrumb"},"inLanguage":"en-US","potentialAction":[{"@type":"ReadAction","target":["https:\/\/mmkriepas.lv\/en\/p\/175-75r16c-gt-radial-maxmiler-wt2-cargo-101-99r\/"]}]},{"@type":"ImageObject","inLanguage":"en-US","@id":"https:\/\/mmkriepas.lv\/en\/p\/175-75r16c-gt-radial-maxmiler-wt2-cargo-101-99r\/#primaryimage","url":"https:\/\/mmkriepas.lv\/wp-content\/uploads\/2021\/08\/22570r15c-gt-radial-maxmiler-wt2-cargo-112110r-ziemas-riepas.jpg","contentUrl":"https:\/\/mmkriepas.lv\/wp-content\/uploads\/2021\/08\/22570r15c-gt-radial-maxmiler-wt2-cargo-112110r-ziemas-riepas.jpg","width":1600,"height":1200,"caption":"GT Radial Maxmiler WT2"},{"@type":"BreadcrumbList","@id":"https:\/\/mmkriepas.lv\/en\/p\/175-75r16c-gt-radial-maxmiler-wt2-cargo-101-99r\/#breadcrumb","itemListElement":[{"@type":"ListItem","position":1,"name":"S\u0101kums","item":"https:\/\/mmkriepas.lv\/en\/"},{"@type":"ListItem","position":2,"name":"175\/75R16C GT Radial MAXMILER WT2 Cargo 101\/99R"}]},{"@type":"WebSite","@id":"https:\/\/mmkriepas.lv\/en\/#website","url":"https:\/\/mmkriepas.lv\/en\/","name":"MMK Riepas","description":"MMK Riepas","alternateName":"MMK Riepu Serviss","potentialAction":[{"@type":"SearchAction","target":{"@type":"EntryPoint","urlTemplate":"https:\/\/mmkriepas.lv\/en\/?s={search_term_string}"},"query-input":{"@type":"PropertyValueSpecification","valueRequired":true,"valueName":"search_term_string"}}],"inLanguage":"en-US"},{"@type":"ImageObject","inLanguage":"en-US","@id":"https:\/\/mmkriepas.lv\/en\/p\/175-75r16c-gt-radial-maxmiler-wt2-cargo-101-99r\/#local-main-organization-logo","url":"","contentUrl":"","caption":"MMK Riepas"}]},"product_brand":"GT Radial MAXMILER WT2 Cargo","product_price_amount":"74.00","product_price_currency":"EUR","og_availability":"instock","product_availability":"instock","product_retailer_item_id":"TW1757516GTRAD-L12050","product_condition":"new"},"_links":{"self":[{"href":"https:\/\/mmkriepas.lv\/en\/wp-json\/wp\/v2\/product\/368021","targetHints":{"allow":["GET"]}}],"collection":[{"href":"https:\/\/mmkriepas.lv\/en\/wp-json\/wp\/v2\/product"}],"about":[{"href":"https:\/\/mmkriepas.lv\/en\/wp-json\/wp\/v2\/types\/product"}],"wp:featuredmedia":[{"embeddable":true,"href":"https:\/\/mmkriepas.lv\/en\/wp-json\/wp\/v2\/media\/192132"}],"wp:attachment":[{"href":"https:\/\/mmkriepas.lv\/en\/wp-json\/wp\/v2\/media?parent=368021"}],"wp:term":[{"taxonomy":"product_brand","embeddable":true,"href":"https:\/\/mmkriepas.lv\/en\/wp-json\/wp\/v2\/product_brand?post=368021"},{"taxonomy":"product_cat","embeddable":true,"href":"https:\/\/mmkriepas.lv\/en\/wp-json\/wp\/v2\/product_cat?post=368021"},{"taxonomy":"product_tag","embeddable":true,"href":"https:\/\/mmkriepas.lv\/en\/wp-json\/wp\/v2\/product_tag?post=368021"}],"curies":[{"name":"wp","href":"https:\/\/api.w.org\/{rel}","templated":true}]}}