{"id":367962,"date":"2022-10-09T17:23:05","date_gmt":"2022-10-09T14:23:05","guid":{"rendered":"https:\/\/mmkserviss.lv\/?post_type=product&#038;p=367962"},"modified":"2026-03-27T12:55:04","modified_gmt":"2026-03-27T10:55:04","slug":"205-75r16c-goodride-all-season-master-sw613-110-108q","status":"publish","type":"product","link":"https:\/\/mmkriepas.lv\/en\/p\/205-75r16c-goodride-all-season-master-sw613-110-108q\/","title":{"rendered":"205\/75R16C Goodride All Season Master SW613 110\/108Q"},"content":{"rendered":"<p><strong>Goodride <\/strong><strong>All Season Master <\/strong><strong>SW613<\/strong> ir labas kvalit\u0101tes, bud\u017eeta klases vissezonas komerctransporta jeb busu riepu modelis. Tas izce\u013cas ar palielin\u0101tu kravnes\u012bbu un nodilumiztur\u012bbu, k\u0101 ar\u012b ar labu degvielas ekonomiju un sa\u0137eres \u012bpa\u0161\u012bb\u0101m.<\/p>\n<h3><strong>All Season Master <\/strong><strong>SW613 galven\u0101s iez\u012bmes<\/strong><\/h3>\n<p>+ Lieli slodzes indeksi at\u013caus smagas kravas p\u0101rvad\u0101t pat intens\u012bvas ekspluat\u0101cijas apst\u0101k\u013cos.<br \/>+ Laba sa\u0137ere un manevr\u0113tsp\u0113ja ne tikai uz sausa un slapja asfalta, bet ar\u012b snieg\u0101.<br \/>+ Zems akvaplan\u0113\u0161anas risks.<br \/>+ Tie\u0161\u0101m augsts nodilumiztur\u012bbas koeficents.<br \/>+ Degvielas ekonomija.<br \/>+ Kvalit\u0101te atbilst par to samaks\u0101tajai cenai.<\/p>\n<h3><strong>SW613 apr\u012bkojums<\/strong><\/h3>\n<p><strong>Goodride <\/strong><strong>All Season Master <\/strong><strong>SW613\u00a0<\/strong>vissezonas\/ziemas jeb M+S komectransporta riepu modelis apr\u012bkots ar klasisku simetrisko protektora raksu. \u0160\u0101du dizainu nereti riepu ra\u017eot\u0101ji izv\u0113las komercriep\u0101m, jo tam piem\u012bt labas kravnes\u012bbas \u012bpa\u0161\u012bbas.<\/p>\n<p>Mas\u012bvie, simetriski izvietotie protektora bloki &#8220;bru\u0146oti&#8221; ar s\u012bkiem iegriezumiem jeb lamel\u0113m. T\u0101s, darbojoties l\u012bdz\u012bgi radz\u0113m, ar as\u0101m kant\u0113m iec\u0113rtas led\u016b un sabliet\u0113t\u0101 snieg\u0101, ar slidenaj\u0101m virsm\u0101m veidojot cie\u0161u sa\u0137eri.<\/p>\n<p>Protektora pamat\u0101 atrodams \u012bpa\u0161i iztur\u012bgs, ar vair\u0101kiem kordu jeb brekera sl\u0101\u0146iem pastiprin\u0101ts karkass. Turkl\u0101t, triecieniztur\u012bgais karkass iet\u0113rpts nodilumiztur\u012bg\u0101 gumijas sakaus\u0113jum\u0101, kas savu elast\u012bbu nezaud\u0113 pat zem\u0101s gaisa temperat\u016br\u0101s. K\u0101 zin\u0101ms, elast\u012bga riepa daudz lab\u0101k veido sa\u0137eri ar ce\u013cu, k\u0101 ar\u012b dilst vienm\u0113r\u012bg\u0101k.<\/p>\n","protected":false},"excerpt":{"rendered":"<p><strong>Goodride <\/strong><strong>All Season Master <\/strong><strong>SW613<\/strong> ir labas kvalit\u0101tes, bud\u017eeta klases vissezonas komerctransporta jeb busu riepu modelis. Tas izce\u013cas ar palielin\u0101tu kravnes\u012bbu un nodilumiztur\u012bbu, k\u0101 ar\u012b ar labu degvielas ekonomiju un sa\u0137eres \u012bpa\u0161\u012bb\u0101m.<\/p>\n","protected":false},"featured_media":669391,"template":"","meta":{"_acf_changed":false,"ngg_post_thumbnail":0},"product_brand":[],"product_cat":[47,45],"product_tag":[],"class_list":{"0":"post-367962","1":"product","2":"type-product","3":"status-publish","4":"has-post-thumbnail","6":"product_cat-vissezonas-riepas","7":"product_cat-ziemas-riepas","9":"first","10":"instock","11":"sale","12":"taxable","13":"shipping-taxable","14":"purchasable","15":"product-type-simple"},"acf":[],"yoast_head":"<!-- This site is optimized with the Yoast SEO Premium plugin v22.6 (Yoast SEO v27.3) - https:\/\/yoast.com\/product\/yoast-seo-premium-wordpress\/ -->\n<title>205\/75R16C Goodride All Season Master SW613 110\/108Q &#8226; MMK Riepas<\/title>\n<meta name=\"robots\" content=\"index, follow, max-snippet:-1, max-image-preview:large, max-video-preview:-1\" \/>\n<link rel=\"canonical\" href=\"https:\/\/mmkriepas.lv\/en\/p\/205-75r16c-goodride-all-season-master-sw613-110-108q\/\" \/>\n<meta property=\"og:locale\" content=\"en_US\" \/>\n<meta property=\"og:type\" content=\"article\" \/>\n<meta property=\"og:title\" content=\"205\/75R16C Goodride All Season Master SW613 110\/108Q\" \/>\n<meta property=\"og:description\" content=\"Goodride All Season Master SW613 ir labas kvalit\u0101tes, bud\u017eeta klases vissezonas komerctransporta jeb busu riepu modelis. Tas izce\u013cas ar palielin\u0101tu kravnes\u012bbu un nodilumiztur\u012bbu, k\u0101 ar\u012b ar labu degvielas ekonomiju un sa\u0137eres \u012bpa\u0161\u012bb\u0101m.\" \/>\n<meta property=\"og:url\" content=\"https:\/\/mmkriepas.lv\/en\/p\/205-75r16c-goodride-all-season-master-sw613-110-108q\/\" \/>\n<meta property=\"og:site_name\" content=\"MMK Riepas\" \/>\n<meta property=\"article:publisher\" content=\"https:\/\/www.facebook.com\/mmkserviss\/\" \/>\n<meta property=\"article:modified_time\" content=\"2026-03-27T10:55:04+00:00\" \/>\n<meta property=\"og:image\" content=\"https:\/\/mmkriepas.lv\/wp-content\/uploads\/2023\/03\/21565r16c-westlake-sw612-109107r-ziemas-riepas-2.jpeg\" \/>\n\t<meta property=\"og:image:width\" content=\"1600\" \/>\n\t<meta property=\"og:image:height\" content=\"1200\" \/>\n\t<meta property=\"og:image:type\" content=\"image\/jpeg\" \/>\n<meta name=\"twitter:card\" content=\"summary_large_image\" \/>\n<meta name=\"twitter:label1\" content=\"Price\" \/>\n\t<meta name=\"twitter:data1\" content=\"&euro;73.00\" \/>\n\t<meta name=\"twitter:label2\" content=\"Availability\" \/>\n\t<meta name=\"twitter:data2\" content=\"In stock\" \/>\n<script type=\"application\/ld+json\" class=\"yoast-schema-graph\">{\"@context\":\"https:\\\/\\\/schema.org\",\"@graph\":[{\"@type\":\"WebPage\",\"@id\":\"https:\\\/\\\/mmkriepas.lv\\\/en\\\/p\\\/205-75r16c-goodride-all-season-master-sw613-110-108q\\\/\",\"url\":\"https:\\\/\\\/mmkriepas.lv\\\/en\\\/p\\\/205-75r16c-goodride-all-season-master-sw613-110-108q\\\/\",\"name\":\"205\\\/75R16C Goodride All Season Master SW613 110\\\/108Q &#8226; MMK Riepas\",\"isPartOf\":{\"@id\":\"https:\\\/\\\/mmkriepas.lv\\\/en\\\/#website\"},\"primaryImageOfPage\":{\"@id\":\"https:\\\/\\\/mmkriepas.lv\\\/en\\\/p\\\/205-75r16c-goodride-all-season-master-sw613-110-108q\\\/#primaryimage\"},\"image\":{\"@id\":\"https:\\\/\\\/mmkriepas.lv\\\/en\\\/p\\\/205-75r16c-goodride-all-season-master-sw613-110-108q\\\/#primaryimage\"},\"thumbnailUrl\":\"https:\\\/\\\/mmkriepas.lv\\\/wp-content\\\/uploads\\\/2023\\\/03\\\/21565r16c-westlake-sw612-109107r-ziemas-riepas-2.jpeg\",\"datePublished\":\"2022-10-09T14:23:05+00:00\",\"dateModified\":\"2026-03-27T10:55:04+00:00\",\"breadcrumb\":{\"@id\":\"https:\\\/\\\/mmkriepas.lv\\\/en\\\/p\\\/205-75r16c-goodride-all-season-master-sw613-110-108q\\\/#breadcrumb\"},\"inLanguage\":\"en-US\",\"potentialAction\":[{\"@type\":\"ReadAction\",\"target\":[\"https:\\\/\\\/mmkriepas.lv\\\/en\\\/p\\\/205-75r16c-goodride-all-season-master-sw613-110-108q\\\/\"]}]},{\"@type\":\"ImageObject\",\"inLanguage\":\"en-US\",\"@id\":\"https:\\\/\\\/mmkriepas.lv\\\/en\\\/p\\\/205-75r16c-goodride-all-season-master-sw613-110-108q\\\/#primaryimage\",\"url\":\"https:\\\/\\\/mmkriepas.lv\\\/wp-content\\\/uploads\\\/2023\\\/03\\\/21565r16c-westlake-sw612-109107r-ziemas-riepas-2.jpeg\",\"contentUrl\":\"https:\\\/\\\/mmkriepas.lv\\\/wp-content\\\/uploads\\\/2023\\\/03\\\/21565r16c-westlake-sw612-109107r-ziemas-riepas-2.jpeg\",\"width\":1600,\"height\":1200,\"caption\":\"215\\\/65R16C Westlake SW612 109\\\/107R - Vissezonas riepas \\\/ Ziemas riepas\"},{\"@type\":\"BreadcrumbList\",\"@id\":\"https:\\\/\\\/mmkriepas.lv\\\/en\\\/p\\\/205-75r16c-goodride-all-season-master-sw613-110-108q\\\/#breadcrumb\",\"itemListElement\":[{\"@type\":\"ListItem\",\"position\":1,\"name\":\"S\u0101kums\",\"item\":\"https:\\\/\\\/mmkriepas.lv\\\/en\\\/\"},{\"@type\":\"ListItem\",\"position\":2,\"name\":\"205\\\/75R16C Goodride All Season Master SW613 110\\\/108Q\"}]},{\"@type\":\"WebSite\",\"@id\":\"https:\\\/\\\/mmkriepas.lv\\\/en\\\/#website\",\"url\":\"https:\\\/\\\/mmkriepas.lv\\\/en\\\/\",\"name\":\"MMK Riepas\",\"description\":\"MMK Riepas\",\"alternateName\":\"MMK Riepu Serviss\",\"potentialAction\":[{\"@type\":\"SearchAction\",\"target\":{\"@type\":\"EntryPoint\",\"urlTemplate\":\"https:\\\/\\\/mmkriepas.lv\\\/en\\\/?s={search_term_string}\"},\"query-input\":{\"@type\":\"PropertyValueSpecification\",\"valueRequired\":true,\"valueName\":\"search_term_string\"}}],\"inLanguage\":\"en-US\"},{\"@type\":\"ImageObject\",\"inLanguage\":\"en-US\",\"@id\":\"https:\\\/\\\/mmkriepas.lv\\\/en\\\/p\\\/205-75r16c-goodride-all-season-master-sw613-110-108q\\\/#local-main-organization-logo\",\"url\":\"\",\"contentUrl\":\"\",\"caption\":\"MMK Riepas\"}]}<\/script>\n<meta property=\"product:brand\" content=\"Goodride All Season Master SW613\" \/>\n<meta property=\"product:price:amount\" content=\"73.00\" \/>\n<meta property=\"product:price:currency\" content=\"EUR\" \/>\n<meta property=\"og:availability\" content=\"instock\" \/>\n<meta property=\"product:availability\" content=\"instock\" \/>\n<meta property=\"product:retailer_item_id\" content=\"TW2057516GOODR-L12035\" \/>\n<meta property=\"product:condition\" content=\"new\" \/>\n<!-- \/ Yoast SEO Premium plugin. -->","yoast_head_json":{"title":"205\/75R16C Goodride All Season Master SW613 110\/108Q &#8226; MMK Riepas","robots":{"index":"index","follow":"follow","max-snippet":"max-snippet:-1","max-image-preview":"max-image-preview:large","max-video-preview":"max-video-preview:-1"},"canonical":"https:\/\/mmkriepas.lv\/en\/p\/205-75r16c-goodride-all-season-master-sw613-110-108q\/","og_locale":"en_US","og_type":"article","og_title":"205\/75R16C Goodride All Season Master SW613 110\/108Q","og_description":"Goodride All Season Master SW613 ir labas kvalit\u0101tes, bud\u017eeta klases vissezonas komerctransporta jeb busu riepu modelis. Tas izce\u013cas ar palielin\u0101tu kravnes\u012bbu un nodilumiztur\u012bbu, k\u0101 ar\u012b ar labu degvielas ekonomiju un sa\u0137eres \u012bpa\u0161\u012bb\u0101m.","og_url":"https:\/\/mmkriepas.lv\/en\/p\/205-75r16c-goodride-all-season-master-sw613-110-108q\/","og_site_name":"MMK Riepas","article_publisher":"https:\/\/www.facebook.com\/mmkserviss\/","article_modified_time":"2026-03-27T10:55:04+00:00","og_image":[{"width":1600,"height":1200,"url":"https:\/\/mmkriepas.lv\/wp-content\/uploads\/2023\/03\/21565r16c-westlake-sw612-109107r-ziemas-riepas-2.jpeg","type":"image\/jpeg"}],"twitter_card":"summary_large_image","twitter_misc":{"Price":"&euro;73.00","Availability":"In stock"},"schema":{"@context":"https:\/\/schema.org","@graph":[{"@type":"WebPage","@id":"https:\/\/mmkriepas.lv\/en\/p\/205-75r16c-goodride-all-season-master-sw613-110-108q\/","url":"https:\/\/mmkriepas.lv\/en\/p\/205-75r16c-goodride-all-season-master-sw613-110-108q\/","name":"205\/75R16C Goodride All Season Master SW613 110\/108Q &#8226; MMK Riepas","isPartOf":{"@id":"https:\/\/mmkriepas.lv\/en\/#website"},"primaryImageOfPage":{"@id":"https:\/\/mmkriepas.lv\/en\/p\/205-75r16c-goodride-all-season-master-sw613-110-108q\/#primaryimage"},"image":{"@id":"https:\/\/mmkriepas.lv\/en\/p\/205-75r16c-goodride-all-season-master-sw613-110-108q\/#primaryimage"},"thumbnailUrl":"https:\/\/mmkriepas.lv\/wp-content\/uploads\/2023\/03\/21565r16c-westlake-sw612-109107r-ziemas-riepas-2.jpeg","datePublished":"2022-10-09T14:23:05+00:00","dateModified":"2026-03-27T10:55:04+00:00","breadcrumb":{"@id":"https:\/\/mmkriepas.lv\/en\/p\/205-75r16c-goodride-all-season-master-sw613-110-108q\/#breadcrumb"},"inLanguage":"en-US","potentialAction":[{"@type":"ReadAction","target":["https:\/\/mmkriepas.lv\/en\/p\/205-75r16c-goodride-all-season-master-sw613-110-108q\/"]}]},{"@type":"ImageObject","inLanguage":"en-US","@id":"https:\/\/mmkriepas.lv\/en\/p\/205-75r16c-goodride-all-season-master-sw613-110-108q\/#primaryimage","url":"https:\/\/mmkriepas.lv\/wp-content\/uploads\/2023\/03\/21565r16c-westlake-sw612-109107r-ziemas-riepas-2.jpeg","contentUrl":"https:\/\/mmkriepas.lv\/wp-content\/uploads\/2023\/03\/21565r16c-westlake-sw612-109107r-ziemas-riepas-2.jpeg","width":1600,"height":1200,"caption":"215\/65R16C Westlake SW612 109\/107R - Vissezonas riepas \/ Ziemas riepas"},{"@type":"BreadcrumbList","@id":"https:\/\/mmkriepas.lv\/en\/p\/205-75r16c-goodride-all-season-master-sw613-110-108q\/#breadcrumb","itemListElement":[{"@type":"ListItem","position":1,"name":"S\u0101kums","item":"https:\/\/mmkriepas.lv\/en\/"},{"@type":"ListItem","position":2,"name":"205\/75R16C Goodride All Season Master SW613 110\/108Q"}]},{"@type":"WebSite","@id":"https:\/\/mmkriepas.lv\/en\/#website","url":"https:\/\/mmkriepas.lv\/en\/","name":"MMK Riepas","description":"MMK Riepas","alternateName":"MMK Riepu Serviss","potentialAction":[{"@type":"SearchAction","target":{"@type":"EntryPoint","urlTemplate":"https:\/\/mmkriepas.lv\/en\/?s={search_term_string}"},"query-input":{"@type":"PropertyValueSpecification","valueRequired":true,"valueName":"search_term_string"}}],"inLanguage":"en-US"},{"@type":"ImageObject","inLanguage":"en-US","@id":"https:\/\/mmkriepas.lv\/en\/p\/205-75r16c-goodride-all-season-master-sw613-110-108q\/#local-main-organization-logo","url":"","contentUrl":"","caption":"MMK Riepas"}]},"product_brand":"Goodride All Season Master SW613","product_price_amount":"73.00","product_price_currency":"EUR","og_availability":"instock","product_availability":"instock","product_retailer_item_id":"TW2057516GOODR-L12035","product_condition":"new"},"_links":{"self":[{"href":"https:\/\/mmkriepas.lv\/en\/wp-json\/wp\/v2\/product\/367962","targetHints":{"allow":["GET"]}}],"collection":[{"href":"https:\/\/mmkriepas.lv\/en\/wp-json\/wp\/v2\/product"}],"about":[{"href":"https:\/\/mmkriepas.lv\/en\/wp-json\/wp\/v2\/types\/product"}],"wp:featuredmedia":[{"embeddable":true,"href":"https:\/\/mmkriepas.lv\/en\/wp-json\/wp\/v2\/media\/669391"}],"wp:attachment":[{"href":"https:\/\/mmkriepas.lv\/en\/wp-json\/wp\/v2\/media?parent=367962"}],"wp:term":[{"taxonomy":"product_brand","embeddable":true,"href":"https:\/\/mmkriepas.lv\/en\/wp-json\/wp\/v2\/product_brand?post=367962"},{"taxonomy":"product_cat","embeddable":true,"href":"https:\/\/mmkriepas.lv\/en\/wp-json\/wp\/v2\/product_cat?post=367962"},{"taxonomy":"product_tag","embeddable":true,"href":"https:\/\/mmkriepas.lv\/en\/wp-json\/wp\/v2\/product_tag?post=367962"}],"curies":[{"name":"wp","href":"https:\/\/api.w.org\/{rel}","templated":true}]}}