{"id":367925,"date":"2022-10-09T17:22:07","date_gmt":"2022-10-09T14:22:07","guid":{"rendered":"https:\/\/mmkserviss.lv\/?post_type=product&#038;p=367925"},"modified":"2026-03-27T12:54:58","modified_gmt":"2026-03-27T10:54:58","slug":"32-11r15-goodride-sl366-113q","status":"publish","type":"product","link":"https:\/\/mmkriepas.lv\/en\/p\/32-11r15-goodride-sl366-113q\/","title":{"rendered":"32&#215;11.50R15 Goodride SL366 M\/T 113Q OWL"},"content":{"rendered":"<p class=\"western\"><span style=\"font-family: Arial, sans-serif;\"><strong>Goodride SL366 <\/strong><strong>M\/T<\/strong> vasaras riepu modeli uzst\u0101da pikapiem un apvidus automa\u0161\u012bn\u0101m. Piel\u0101gots lieto\u0161anai \u013coti sare\u017e\u0123\u012btos, gr\u016bti izbraucamos apst\u0101k\u013cos &#8211; <strong>bezce\u013cos<\/strong>. \u0160\u0101dos apst\u0101k\u013cos modelis SL366 demonstr\u0113 augstas vilces un sa\u0137eres \u012bpa\u0161\u012bbas apvienojum\u0101 ar \u0113rtu vad\u012b\u0161anu.<\/span><\/p>\n<p class=\"western\"><span style=\"font-family: Arial, sans-serif;\"><strong>Goodride SL366 <\/strong><strong>M\/T<\/strong><strong> \u012bpa\u0161\u012bbas<\/strong><\/span><\/p>\n<p class=\"western\"><span style=\"font-family: Arial, sans-serif;\">+ augsta triecieniztur\u012bba pasarg\u0101s riepu no p\u0101rsi\u0161anas bedr\u0113s<br \/>+ riepas izce\u013c\u0101s ar zemiem dilst\u012bbas r\u0101d\u012bt\u0101jiem, kas noz\u012bm\u0113 daudzu t\u016bksto\u0161u kilometru nobraukumu<br \/>+ \u013coti labi sa\u0137eres r\u0101d\u012bt\u0101ji, stabilit\u0101te l\u012bkumos<br \/>+ \u012bss bremz\u0113\u0161anas ce\u013c\u0161<br \/>+ izteikta disku aizsargmala<br \/>+ Dro\u0161a vad\u0101m\u012bb\u0101 gan uz sausa, gan mitra seguma<br \/>+ augsta notur\u012bba pret akvaplan\u0113\u0161anu<br \/>+ garantija<\/span><\/p>\n<p class=\"western\"><span style=\"font-family: Arial, sans-serif;\"><b>SL366 M\/T raksturojums<\/b><\/span><\/p>\n<p class=\"western\"><span style=\"font-family: Arial, sans-serif;\">Protektora saskares da\u013ca ir izgatavota atv\u0113rt\u0101 dizain\u0101 ar izteikti lieliem blokiem. Centr\u0101laj\u0101 da\u013c\u0101 tie ir uzst\u0101d\u012bti gareniski, kas samazina rites pretest\u012bbu un uzlabo stabilit\u0101ti taisnvirziena kust\u012bb\u0101. Savuk\u0101rt plecu bloki ar gar\u0101m izliekt\u0101m\u00a0 virsm\u0101m ir novietoti \u0161\u0137\u0113rseniski. Tie nodro\u0161ina augstus sa\u0137eres un bremz\u0113\u0161anas r\u0101d\u012bt\u0101jus. Uzticam\u012bba uz ce\u013ca tiek pan\u0101kta gan gumijas mais\u012bjuma , gan r\u0101mja meh\u0101nisk\u0101s iztur\u012bbas d\u0113\u013c.<\/span><\/p>\n","protected":false},"excerpt":{"rendered":"<p class=\"western\"><span style=\"font-family: Arial, sans-serif;\"><strong>Goodride SL366 <\/strong><strong>M\/T<\/strong> vasaras riepu modeli uzst\u0101da pikapiem un apvidus automa\u0161\u012bn\u0101m. Piel\u0101gots lieto\u0161anai \u013coti sare\u017e\u0123\u012btos, gr\u016bti izbraucamos apst\u0101k\u013cos &#8211; <strong>bezce\u013cos<\/strong>. \u0160\u0101dos apst\u0101k\u013cos modelis SL366 demonstr\u0113 augstas vilces un sa\u0137eres \u012bpa\u0161\u012bbas apvienojum\u0101 ar \u0113rtu vad\u012b\u0161anu.<\/span><\/p>\n","protected":false},"featured_media":905696,"template":"","meta":{"_acf_changed":false,"ngg_post_thumbnail":0},"product_brand":[],"product_cat":[46],"product_tag":[],"class_list":{"0":"post-367925","1":"product","2":"type-product","3":"status-publish","4":"has-post-thumbnail","6":"product_cat-vasaras-riepas","8":"first","9":"instock","10":"sale","11":"taxable","12":"shipping-taxable","13":"purchasable","14":"product-type-simple"},"acf":[],"yoast_head":"<!-- This site is optimized with the Yoast SEO Premium plugin v22.6 (Yoast SEO v27.3) - https:\/\/yoast.com\/product\/yoast-seo-premium-wordpress\/ -->\n<title>32x11.50R15 Goodride SL366 M\/T 113Q OWL &#8226; MMK Riepas<\/title>\n<meta name=\"robots\" content=\"index, follow, max-snippet:-1, max-image-preview:large, max-video-preview:-1\" \/>\n<link rel=\"canonical\" href=\"https:\/\/mmkriepas.lv\/en\/p\/32-11r15-goodride-sl366-113q\/\" \/>\n<meta property=\"og:locale\" content=\"en_US\" \/>\n<meta property=\"og:type\" content=\"article\" \/>\n<meta property=\"og:title\" content=\"32x11.50R15 Goodride SL366 M\/T 113Q OWL\" \/>\n<meta property=\"og:description\" content=\"Goodride SL366 M\/T vasaras riepu modeli uzst\u0101da pikapiem un apvidus automa\u0161\u012bn\u0101m. Piel\u0101gots lieto\u0161anai \u013coti sare\u017e\u0123\u012btos, gr\u016bti izbraucamos apst\u0101k\u013cos - bezce\u013cos. \u0160\u0101dos apst\u0101k\u013cos modelis SL366 demonstr\u0113 augstas vilces un sa\u0137eres \u012bpa\u0161\u012bbas apvienojum\u0101 ar \u0113rtu vad\u012b\u0161anu.\" \/>\n<meta property=\"og:url\" content=\"https:\/\/mmkriepas.lv\/en\/p\/32-11r15-goodride-sl366-113q\/\" \/>\n<meta property=\"og:site_name\" content=\"MMK Riepas\" \/>\n<meta property=\"article:publisher\" content=\"https:\/\/www.facebook.com\/mmkserviss\/\" \/>\n<meta property=\"article:modified_time\" content=\"2026-03-27T10:54:58+00:00\" \/>\n<meta property=\"og:image\" content=\"https:\/\/mmkriepas.lv\/wp-content\/uploads\/2024\/05\/18580r14c-goodride-sl366-mt-102100q-owl-dot21-mud-terrain-riepas-vasaras-riepas.jpg\" \/>\n\t<meta property=\"og:image:width\" content=\"900\" \/>\n\t<meta property=\"og:image:height\" content=\"720\" \/>\n\t<meta property=\"og:image:type\" content=\"image\/jpeg\" \/>\n<meta name=\"twitter:card\" content=\"summary_large_image\" \/>\n<meta name=\"twitter:label1\" content=\"Price\" \/>\n\t<meta name=\"twitter:data1\" content=\"&euro;137.00\" \/>\n\t<meta name=\"twitter:label2\" content=\"Availability\" \/>\n\t<meta name=\"twitter:data2\" content=\"In stock\" \/>\n<script type=\"application\/ld+json\" class=\"yoast-schema-graph\">{\"@context\":\"https:\\\/\\\/schema.org\",\"@graph\":[{\"@type\":\"WebPage\",\"@id\":\"https:\\\/\\\/mmkriepas.lv\\\/en\\\/p\\\/32-11r15-goodride-sl366-113q\\\/\",\"url\":\"https:\\\/\\\/mmkriepas.lv\\\/en\\\/p\\\/32-11r15-goodride-sl366-113q\\\/\",\"name\":\"32x11.50R15 Goodride SL366 M\\\/T 113Q OWL &#8226; MMK Riepas\",\"isPartOf\":{\"@id\":\"https:\\\/\\\/mmkriepas.lv\\\/en\\\/#website\"},\"primaryImageOfPage\":{\"@id\":\"https:\\\/\\\/mmkriepas.lv\\\/en\\\/p\\\/32-11r15-goodride-sl366-113q\\\/#primaryimage\"},\"image\":{\"@id\":\"https:\\\/\\\/mmkriepas.lv\\\/en\\\/p\\\/32-11r15-goodride-sl366-113q\\\/#primaryimage\"},\"thumbnailUrl\":\"https:\\\/\\\/mmkriepas.lv\\\/wp-content\\\/uploads\\\/2024\\\/05\\\/18580r14c-goodride-sl366-mt-102100q-owl-dot21-mud-terrain-riepas-vasaras-riepas.jpg\",\"datePublished\":\"2022-10-09T14:22:07+00:00\",\"dateModified\":\"2026-03-27T10:54:58+00:00\",\"breadcrumb\":{\"@id\":\"https:\\\/\\\/mmkriepas.lv\\\/en\\\/p\\\/32-11r15-goodride-sl366-113q\\\/#breadcrumb\"},\"inLanguage\":\"en-US\",\"potentialAction\":[{\"@type\":\"ReadAction\",\"target\":[\"https:\\\/\\\/mmkriepas.lv\\\/en\\\/p\\\/32-11r15-goodride-sl366-113q\\\/\"]}]},{\"@type\":\"ImageObject\",\"inLanguage\":\"en-US\",\"@id\":\"https:\\\/\\\/mmkriepas.lv\\\/en\\\/p\\\/32-11r15-goodride-sl366-113q\\\/#primaryimage\",\"url\":\"https:\\\/\\\/mmkriepas.lv\\\/wp-content\\\/uploads\\\/2024\\\/05\\\/18580r14c-goodride-sl366-mt-102100q-owl-dot21-mud-terrain-riepas-vasaras-riepas.jpg\",\"contentUrl\":\"https:\\\/\\\/mmkriepas.lv\\\/wp-content\\\/uploads\\\/2024\\\/05\\\/18580r14c-goodride-sl366-mt-102100q-owl-dot21-mud-terrain-riepas-vasaras-riepas.jpg\",\"width\":900,\"height\":720,\"caption\":\"185\\\/80R14C Goodride SL366 M\\\/T 102\\\/100Q OWL DOT21 - Mud Terrain riepas \\\/ Vasaras riepas\"},{\"@type\":\"BreadcrumbList\",\"@id\":\"https:\\\/\\\/mmkriepas.lv\\\/en\\\/p\\\/32-11r15-goodride-sl366-113q\\\/#breadcrumb\",\"itemListElement\":[{\"@type\":\"ListItem\",\"position\":1,\"name\":\"S\u0101kums\",\"item\":\"https:\\\/\\\/mmkriepas.lv\\\/en\\\/\"},{\"@type\":\"ListItem\",\"position\":2,\"name\":\"32&#215;11.50R15 Goodride SL366 M\\\/T 113Q OWL\"}]},{\"@type\":\"WebSite\",\"@id\":\"https:\\\/\\\/mmkriepas.lv\\\/en\\\/#website\",\"url\":\"https:\\\/\\\/mmkriepas.lv\\\/en\\\/\",\"name\":\"MMK Riepas\",\"description\":\"MMK Riepas\",\"alternateName\":\"MMK Riepu Serviss\",\"potentialAction\":[{\"@type\":\"SearchAction\",\"target\":{\"@type\":\"EntryPoint\",\"urlTemplate\":\"https:\\\/\\\/mmkriepas.lv\\\/en\\\/?s={search_term_string}\"},\"query-input\":{\"@type\":\"PropertyValueSpecification\",\"valueRequired\":true,\"valueName\":\"search_term_string\"}}],\"inLanguage\":\"en-US\"},{\"@type\":\"ImageObject\",\"inLanguage\":\"en-US\",\"@id\":\"https:\\\/\\\/mmkriepas.lv\\\/en\\\/p\\\/32-11r15-goodride-sl366-113q\\\/#local-main-organization-logo\",\"url\":\"\",\"contentUrl\":\"\",\"caption\":\"MMK Riepas\"}]}<\/script>\n<meta property=\"product:brand\" content=\"Goodride SL366 M\/T\" \/>\n<meta property=\"product:price:amount\" content=\"137.00\" \/>\n<meta property=\"product:price:currency\" content=\"EUR\" \/>\n<meta property=\"og:availability\" content=\"instock\" \/>\n<meta property=\"product:availability\" content=\"instock\" \/>\n<meta property=\"product:retailer_item_id\" content=\"TS321115GOODR-L12025\" \/>\n<meta property=\"product:condition\" content=\"new\" \/>\n<!-- \/ Yoast SEO Premium plugin. -->","yoast_head_json":{"title":"32x11.50R15 Goodride SL366 M\/T 113Q OWL &#8226; MMK Riepas","robots":{"index":"index","follow":"follow","max-snippet":"max-snippet:-1","max-image-preview":"max-image-preview:large","max-video-preview":"max-video-preview:-1"},"canonical":"https:\/\/mmkriepas.lv\/en\/p\/32-11r15-goodride-sl366-113q\/","og_locale":"en_US","og_type":"article","og_title":"32x11.50R15 Goodride SL366 M\/T 113Q OWL","og_description":"Goodride SL366 M\/T vasaras riepu modeli uzst\u0101da pikapiem un apvidus automa\u0161\u012bn\u0101m. Piel\u0101gots lieto\u0161anai \u013coti sare\u017e\u0123\u012btos, gr\u016bti izbraucamos apst\u0101k\u013cos - bezce\u013cos. \u0160\u0101dos apst\u0101k\u013cos modelis SL366 demonstr\u0113 augstas vilces un sa\u0137eres \u012bpa\u0161\u012bbas apvienojum\u0101 ar \u0113rtu vad\u012b\u0161anu.","og_url":"https:\/\/mmkriepas.lv\/en\/p\/32-11r15-goodride-sl366-113q\/","og_site_name":"MMK Riepas","article_publisher":"https:\/\/www.facebook.com\/mmkserviss\/","article_modified_time":"2026-03-27T10:54:58+00:00","og_image":[{"width":900,"height":720,"url":"https:\/\/mmkriepas.lv\/wp-content\/uploads\/2024\/05\/18580r14c-goodride-sl366-mt-102100q-owl-dot21-mud-terrain-riepas-vasaras-riepas.jpg","type":"image\/jpeg"}],"twitter_card":"summary_large_image","twitter_misc":{"Price":"&euro;137.00","Availability":"In stock"},"schema":{"@context":"https:\/\/schema.org","@graph":[{"@type":"WebPage","@id":"https:\/\/mmkriepas.lv\/en\/p\/32-11r15-goodride-sl366-113q\/","url":"https:\/\/mmkriepas.lv\/en\/p\/32-11r15-goodride-sl366-113q\/","name":"32x11.50R15 Goodride SL366 M\/T 113Q OWL &#8226; MMK Riepas","isPartOf":{"@id":"https:\/\/mmkriepas.lv\/en\/#website"},"primaryImageOfPage":{"@id":"https:\/\/mmkriepas.lv\/en\/p\/32-11r15-goodride-sl366-113q\/#primaryimage"},"image":{"@id":"https:\/\/mmkriepas.lv\/en\/p\/32-11r15-goodride-sl366-113q\/#primaryimage"},"thumbnailUrl":"https:\/\/mmkriepas.lv\/wp-content\/uploads\/2024\/05\/18580r14c-goodride-sl366-mt-102100q-owl-dot21-mud-terrain-riepas-vasaras-riepas.jpg","datePublished":"2022-10-09T14:22:07+00:00","dateModified":"2026-03-27T10:54:58+00:00","breadcrumb":{"@id":"https:\/\/mmkriepas.lv\/en\/p\/32-11r15-goodride-sl366-113q\/#breadcrumb"},"inLanguage":"en-US","potentialAction":[{"@type":"ReadAction","target":["https:\/\/mmkriepas.lv\/en\/p\/32-11r15-goodride-sl366-113q\/"]}]},{"@type":"ImageObject","inLanguage":"en-US","@id":"https:\/\/mmkriepas.lv\/en\/p\/32-11r15-goodride-sl366-113q\/#primaryimage","url":"https:\/\/mmkriepas.lv\/wp-content\/uploads\/2024\/05\/18580r14c-goodride-sl366-mt-102100q-owl-dot21-mud-terrain-riepas-vasaras-riepas.jpg","contentUrl":"https:\/\/mmkriepas.lv\/wp-content\/uploads\/2024\/05\/18580r14c-goodride-sl366-mt-102100q-owl-dot21-mud-terrain-riepas-vasaras-riepas.jpg","width":900,"height":720,"caption":"185\/80R14C Goodride SL366 M\/T 102\/100Q OWL DOT21 - Mud Terrain riepas \/ Vasaras riepas"},{"@type":"BreadcrumbList","@id":"https:\/\/mmkriepas.lv\/en\/p\/32-11r15-goodride-sl366-113q\/#breadcrumb","itemListElement":[{"@type":"ListItem","position":1,"name":"S\u0101kums","item":"https:\/\/mmkriepas.lv\/en\/"},{"@type":"ListItem","position":2,"name":"32&#215;11.50R15 Goodride SL366 M\/T 113Q OWL"}]},{"@type":"WebSite","@id":"https:\/\/mmkriepas.lv\/en\/#website","url":"https:\/\/mmkriepas.lv\/en\/","name":"MMK Riepas","description":"MMK Riepas","alternateName":"MMK Riepu Serviss","potentialAction":[{"@type":"SearchAction","target":{"@type":"EntryPoint","urlTemplate":"https:\/\/mmkriepas.lv\/en\/?s={search_term_string}"},"query-input":{"@type":"PropertyValueSpecification","valueRequired":true,"valueName":"search_term_string"}}],"inLanguage":"en-US"},{"@type":"ImageObject","inLanguage":"en-US","@id":"https:\/\/mmkriepas.lv\/en\/p\/32-11r15-goodride-sl366-113q\/#local-main-organization-logo","url":"","contentUrl":"","caption":"MMK Riepas"}]},"product_brand":"Goodride SL366 M\/T","product_price_amount":"137.00","product_price_currency":"EUR","og_availability":"instock","product_availability":"instock","product_retailer_item_id":"TS321115GOODR-L12025","product_condition":"new"},"_links":{"self":[{"href":"https:\/\/mmkriepas.lv\/en\/wp-json\/wp\/v2\/product\/367925","targetHints":{"allow":["GET"]}}],"collection":[{"href":"https:\/\/mmkriepas.lv\/en\/wp-json\/wp\/v2\/product"}],"about":[{"href":"https:\/\/mmkriepas.lv\/en\/wp-json\/wp\/v2\/types\/product"}],"wp:featuredmedia":[{"embeddable":true,"href":"https:\/\/mmkriepas.lv\/en\/wp-json\/wp\/v2\/media\/905696"}],"wp:attachment":[{"href":"https:\/\/mmkriepas.lv\/en\/wp-json\/wp\/v2\/media?parent=367925"}],"wp:term":[{"taxonomy":"product_brand","embeddable":true,"href":"https:\/\/mmkriepas.lv\/en\/wp-json\/wp\/v2\/product_brand?post=367925"},{"taxonomy":"product_cat","embeddable":true,"href":"https:\/\/mmkriepas.lv\/en\/wp-json\/wp\/v2\/product_cat?post=367925"},{"taxonomy":"product_tag","embeddable":true,"href":"https:\/\/mmkriepas.lv\/en\/wp-json\/wp\/v2\/product_tag?post=367925"}],"curies":[{"name":"wp","href":"https:\/\/api.w.org\/{rel}","templated":true}]}}