{"id":3610,"date":"2016-10-10T08:11:43","date_gmt":"2016-10-10T05:11:43","guid":{"rendered":"https:\/\/mmkserviss.lv\/katalogs\/uncategorized\/ziemas-vissezonas-riepas-22555r17-sailun-iceblazer-wst1-98t\/"},"modified":"2023-02-20T10:13:18","modified_gmt":"2023-02-20T08:13:18","slug":"ziemas-vissezonas-riepas-22555r17-sailun-iceblazer-wst1-98t","status":"publish","type":"product","link":"https:\/\/mmkriepas.lv\/en\/p\/ziemas-vissezonas-riepas-22555r17-sailun-iceblazer-wst1-98t\/","title":{"rendered":"225\/55R17 Sailun Ice Blazer WST1 98T"},"content":{"rendered":"<p style=\"margin: 12.0pt 0cm 12.0pt 0cm;\"><b><span style=\"font-size: 11.0pt; font-family: 'Arial',sans-serif; color: black;\">Sailun Ice Blazer WST1 <\/span><\/b><span style=\"font-size: 11.0pt; font-family: 'Arial',sans-serif; color: black;\">komerctransporta ziemas riepas ir pieejamas gan ar radz\u0113m, gan bez t\u0101m. Paredz\u0113tas autobrauc\u0113jiem, kuri mekl\u0113 riepu ar <b>labu sa\u0137eri<\/b> pa\u0161os barg\u0101kajos ziemas laikapst\u0101k\u013cos. Komercauto vad\u012bt\u0101jiem, kuri ziemu gaida nevis ar bail\u0113m bet prieku, \u0161is modelis dod iesp\u0113ju maksim\u0101li izbaud\u012bt ziemas pied\u0101v\u0101t\u0101s iesp\u0113jas. <\/span><span style=\"font-size: 11.0pt; font-family: 'Arial',sans-serif; color: red;\">\u0160is modelis pieejams gan ar radz\u0113m, gan bez t\u0101m!<\/span><o:p><\/o:p><\/p>\n<p style=\"margin: 12.0pt 0cm 12.0pt 0cm;\"><b><span style=\"font-size: 11.0pt; font-family: 'Arial',sans-serif; color: black;\">Ice Blazer WST1 galven\u0101s iez\u012bmes:<\/span><\/b><o:p><\/o:p><\/p>\n<p style=\"margin: 12.0pt 0cm 12.0pt 0cm;\"><span style=\"font-size: 11.0pt; font-family: 'Arial',sans-serif; color: black;\">+ Laba sa\u0137ere skarbos brauk\u0161anas apst\u0101k\u013cos;<\/span><o:p><\/o:p><\/p>\n<p style=\"margin: 12.0pt 0cm 12.0pt 0cm;\"><span style=\"font-size: 11.0pt; font-family: 'Arial',sans-serif; color: black;\">+ \u0160is riepu modelis paredz\u0113ts komerctransportam &#8211; mikroautobusiem un vieglajiem kravas auto;<\/span><o:p><\/o:p><\/p>\n<p style=\"margin: 12.0pt 0cm 12.0pt 0cm;\"><span style=\"font-size: 11.0pt; font-family: 'Arial',sans-serif; color: black;\">+ Paaugstin\u0101ta triecieniztur\u012bba;<\/span><o:p><\/o:p><\/p>\n<p style=\"margin: 12.0pt 0cm 12.0pt 0cm;\"><span style=\"font-size: 11.0pt; font-family: 'Arial',sans-serif; color: black;\">+ Nodilumiztur\u012bgs gumijas sast\u0101vs.<\/span><o:p><\/o:p><\/p>\n<p style=\"margin: 12.0pt 0cm 12.0pt 0cm;\"><span style=\"font-size: 11.0pt; font-family: 'Arial',sans-serif; color: black;\">+ Kvalit\u0101te atbilst cenai!<\/span><o:p><\/o:p><\/p>\n<h3 style=\"margin: 14.0pt 0cm 4.0pt 0cm;\"><span style=\"font-size: 13.0pt; font-family: 'Arial',sans-serif; color: black;\">Ice Blazer WST1 triecieniztur\u012bba<\/span><o:p><\/o:p><\/h3>\n<p style=\"margin: 12.0pt 0cm 12.0pt 0cm;\"><span style=\"font-size: 11.0pt; font-family: 'Arial',sans-serif; color: black;\">Sailun riepu ra\u017eot\u0101ji ir \u0146\u0113mu\u0161i v\u0113r\u0101 probl\u0113mu ar ko saskar\u0101s visi rad\u017eoto riepu mode\u013ci. <b>Sailun Ice Blazer WST1<\/b> modelim ir speci\u0101li izstr\u0101d\u0101ts bufersl\u0101nis, kas atrodas zem radz\u0113m. Tas<b> pal\u012bdz absorb\u0113t triecienu<\/b> radz\u0113m saskaroties ar ce\u013ca segumu, aizkav\u0113jot to izkri\u0161anu un padarot riepas m\u016b\u017eu ilg\u0101ku.<\/span><o:p><\/o:p><\/p>\n<h3 style=\"margin: 14.0pt 0cm 4.0pt 0cm;\"><span style=\"font-size: 13.0pt; font-family: 'Arial',sans-serif; color: black;\">Sailun Ice Blazer WST1- riepa, kas ir dro\u0161a un draudz\u012bga videi<\/span><o:p><\/o:p><\/h3>\n<p style=\"margin: 12.0pt 0cm 12.0pt 0cm;\"><b><span style=\"font-size: 11.0pt; font-family: 'Arial',sans-serif; color: black;\">WST1<\/span><\/b><span style=\"font-size: 11.0pt; font-family: 'Arial',sans-serif; color: black;\"> modelis veidots, dom\u0101jot gan par to k\u0101 riepas ra\u017eo\u0161ana ietekm\u0113 vidi, gan par apk\u0101rt\u0113j\u0101s vides ietekmi uz riepu.<\/span><o:p><\/o:p><\/p>\n<p style=\"margin: 12.0pt 0cm 12.0pt 0cm;\"><span style=\"font-size: 11.0pt; font-family: 'Arial',sans-serif; color: black;\">Proti, tiek izmantotas videi nekait\u012bgas tehnolo\u0123ijas un dabai draudz\u012bgi materi\u0101li, kas atbilst Eiropas vides aizsardz\u012bbas standartiem.<\/span><o:p><\/o:p><\/p>\n<p style=\"margin: 12.0pt 0cm 12.0pt 0cm;\"><span style=\"font-size: 11.0pt; font-family: 'Arial',sans-serif; color: black;\">Protektora dizains izstr\u0101d\u0101ts, lai kau\u010duks nezaud\u0113tu savu elast\u012bbu riepas m\u016b\u017ea laik\u0101, savuk\u0101rt \u012bpa\u0161ais gumijas sast\u0101va mais\u012bjums veidots maksim\u0101lai veiktsp\u0113jas saglab\u0101\u0161anai temperat\u016brai nosl\u012bdot ar\u012b krietni zem nulles. \u0160ie faktori <b>\u012bpa\u0161i uzlabo dro\u0161\u012bbu<\/b> un <b>vad\u0101m\u012bbu ziemas sniegpute\u0146os un barg\u0101kaj\u0101 sal\u0101.<\/b><\/span><o:p><\/o:p><\/p>\n","protected":false},"excerpt":{"rendered":"<p style=\"margin: 12.0pt 0cm 12.0pt 0cm;\"><b><span style=\"font-size: 11.0pt; font-family: 'Arial',sans-serif; color: black;\">Sailun Ice Blazer WST1 <\/span><\/b><span style=\"font-size: 11.0pt; font-family: 'Arial',sans-serif; color: black;\">komerctransporta ziemas riepas ir pieejamas gan ar radz\u0113m, gan bez t\u0101m. Paredz\u0113tas autobrauc\u0113jiem, kuri mekl\u0113 riepu ar <b>labu sa\u0137eri<\/b> pa\u0161os barg\u0101kajos ziemas laikapst\u0101k\u013cos. Komercauto vad\u012bt\u0101jiem, kuri ziemu gaida nevis ar bail\u0113m bet prieku, \u0161is modelis dod iesp\u0113ju maksim\u0101li izbaud\u012bt ziemas pied\u0101v\u0101t\u0101s iesp\u0113jas. <\/span><span style=\"font-size: 11.0pt; font-family: 'Arial',sans-serif; color: red;\">\u0160is modelis pieejams gan ar radz\u0113m, gan bez t\u0101m!<\/span><o:p><\/o:p><\/p>\n","protected":false},"featured_media":648363,"template":"","meta":{"_acf_changed":false,"ngg_post_thumbnail":0},"product_brand":[],"product_cat":[47,45],"product_tag":[19634],"class_list":{"0":"post-3610","1":"product","2":"type-product","3":"status-publish","4":"has-post-thumbnail","6":"product_cat-vissezonas-riepas","7":"product_cat-ziemas-riepas","8":"product_tag-mmk","10":"first","11":"instock","12":"taxable","13":"shipping-taxable","14":"product-type-simple"},"acf":[],"yoast_head":"<!-- This site is optimized with the Yoast SEO Premium plugin v22.6 (Yoast SEO v27.3) - https:\/\/yoast.com\/product\/yoast-seo-premium-wordpress\/ -->\n<title>225\/55R17 Sailun Ice Blazer WST1 98T &#8226; MMK Riepas<\/title>\n<meta name=\"description\" content=\"Sailun Ice Blazer WST1 ziemas riepu modelis ieguvis lielu popularit\u0101ti Latvijas tirg\u016b! Pieejams pla\u0161\u0101 kl\u0101st\u0101 par lab\u0101kaj\u0101m cen\u0101m abos MMK Riepu Servisos!\" \/>\n<meta name=\"robots\" content=\"index, follow, max-snippet:-1, max-image-preview:large, max-video-preview:-1\" \/>\n<link rel=\"canonical\" href=\"https:\/\/mmkriepas.lv\/en\/p\/ziemas-vissezonas-riepas-22555r17-sailun-iceblazer-wst1-98t\/\" \/>\n<meta property=\"og:locale\" content=\"en_US\" \/>\n<meta property=\"og:type\" content=\"article\" \/>\n<meta property=\"og:title\" content=\"225\/55R17 Sailun Ice Blazer WST1 98T\" \/>\n<meta property=\"og:description\" content=\"Sailun Ice Blazer WST1 ziemas riepu modelis ieguvis lielu popularit\u0101ti Latvijas tirg\u016b! Pieejams pla\u0161\u0101 kl\u0101st\u0101 par lab\u0101kaj\u0101m cen\u0101m abos MMK Riepu Servisos!\" \/>\n<meta property=\"og:url\" content=\"https:\/\/mmkriepas.lv\/en\/p\/ziemas-vissezonas-riepas-22555r17-sailun-iceblazer-wst1-98t\/\" \/>\n<meta property=\"og:site_name\" content=\"MMK Riepas\" \/>\n<meta property=\"article:publisher\" content=\"https:\/\/www.facebook.com\/mmkserviss\/\" \/>\n<meta property=\"article:modified_time\" content=\"2023-02-20T08:13:18+00:00\" \/>\n<meta property=\"og:image\" content=\"https:\/\/mmkriepas.lv\/wp-content\/uploads\/2023\/02\/19560r16c-sailun-ice-blazer-wst1-9997s-ziemas-riepas.jpg\" \/>\n\t<meta property=\"og:image:width\" content=\"1920\" \/>\n\t<meta property=\"og:image:height\" content=\"1277\" \/>\n\t<meta property=\"og:image:type\" content=\"image\/jpeg\" \/>\n<meta name=\"twitter:card\" content=\"summary_large_image\" \/>\n<meta name=\"twitter:label1\" content=\"Price\" \/>\n\t<meta name=\"twitter:data1\" content=\"&euro;71.00\" \/>\n\t<meta name=\"twitter:label2\" content=\"Availability\" \/>\n\t<meta name=\"twitter:data2\" content=\"In stock\" \/>\n<script type=\"application\/ld+json\" class=\"yoast-schema-graph\">{\"@context\":\"https:\\\/\\\/schema.org\",\"@graph\":[{\"@type\":\"WebPage\",\"@id\":\"https:\\\/\\\/mmkriepas.lv\\\/en\\\/p\\\/ziemas-vissezonas-riepas-22555r17-sailun-iceblazer-wst1-98t\\\/\",\"url\":\"https:\\\/\\\/mmkriepas.lv\\\/en\\\/p\\\/ziemas-vissezonas-riepas-22555r17-sailun-iceblazer-wst1-98t\\\/\",\"name\":\"225\\\/55R17 Sailun Ice Blazer WST1 98T &#8226; MMK Riepas\",\"isPartOf\":{\"@id\":\"https:\\\/\\\/mmkriepas.lv\\\/en\\\/#website\"},\"primaryImageOfPage\":{\"@id\":\"https:\\\/\\\/mmkriepas.lv\\\/en\\\/p\\\/ziemas-vissezonas-riepas-22555r17-sailun-iceblazer-wst1-98t\\\/#primaryimage\"},\"image\":{\"@id\":\"https:\\\/\\\/mmkriepas.lv\\\/en\\\/p\\\/ziemas-vissezonas-riepas-22555r17-sailun-iceblazer-wst1-98t\\\/#primaryimage\"},\"thumbnailUrl\":\"https:\\\/\\\/mmkriepas.lv\\\/wp-content\\\/uploads\\\/2023\\\/02\\\/19560r16c-sailun-ice-blazer-wst1-9997s-ziemas-riepas.jpg\",\"datePublished\":\"2016-10-10T05:11:43+00:00\",\"dateModified\":\"2023-02-20T08:13:18+00:00\",\"description\":\"Sailun Ice Blazer WST1 ziemas riepu modelis ieguvis lielu popularit\u0101ti Latvijas tirg\u016b! Pieejams pla\u0161\u0101 kl\u0101st\u0101 par lab\u0101kaj\u0101m cen\u0101m abos MMK Riepu Servisos!\",\"breadcrumb\":{\"@id\":\"https:\\\/\\\/mmkriepas.lv\\\/en\\\/p\\\/ziemas-vissezonas-riepas-22555r17-sailun-iceblazer-wst1-98t\\\/#breadcrumb\"},\"inLanguage\":\"en-US\",\"potentialAction\":[{\"@type\":\"ReadAction\",\"target\":[\"https:\\\/\\\/mmkriepas.lv\\\/en\\\/p\\\/ziemas-vissezonas-riepas-22555r17-sailun-iceblazer-wst1-98t\\\/\"]}]},{\"@type\":\"ImageObject\",\"inLanguage\":\"en-US\",\"@id\":\"https:\\\/\\\/mmkriepas.lv\\\/en\\\/p\\\/ziemas-vissezonas-riepas-22555r17-sailun-iceblazer-wst1-98t\\\/#primaryimage\",\"url\":\"https:\\\/\\\/mmkriepas.lv\\\/wp-content\\\/uploads\\\/2023\\\/02\\\/19560r16c-sailun-ice-blazer-wst1-9997s-ziemas-riepas.jpg\",\"contentUrl\":\"https:\\\/\\\/mmkriepas.lv\\\/wp-content\\\/uploads\\\/2023\\\/02\\\/19560r16c-sailun-ice-blazer-wst1-9997s-ziemas-riepas.jpg\",\"width\":1920,\"height\":1277,\"caption\":\"195\\\/60R16C Sailun Ice Blazer WST1 99\\\/97S - Vissezonas riepas \\\/ Ziemas riepas\"},{\"@type\":\"BreadcrumbList\",\"@id\":\"https:\\\/\\\/mmkriepas.lv\\\/en\\\/p\\\/ziemas-vissezonas-riepas-22555r17-sailun-iceblazer-wst1-98t\\\/#breadcrumb\",\"itemListElement\":[{\"@type\":\"ListItem\",\"position\":1,\"name\":\"S\u0101kums\",\"item\":\"https:\\\/\\\/mmkriepas.lv\\\/en\\\/\"},{\"@type\":\"ListItem\",\"position\":2,\"name\":\"225\\\/55R17 Sailun Ice Blazer WST1 98T\"}]},{\"@type\":\"WebSite\",\"@id\":\"https:\\\/\\\/mmkriepas.lv\\\/en\\\/#website\",\"url\":\"https:\\\/\\\/mmkriepas.lv\\\/en\\\/\",\"name\":\"MMK Riepas\",\"description\":\"MMK Riepas\",\"alternateName\":\"MMK Riepu Serviss\",\"potentialAction\":[{\"@type\":\"SearchAction\",\"target\":{\"@type\":\"EntryPoint\",\"urlTemplate\":\"https:\\\/\\\/mmkriepas.lv\\\/en\\\/?s={search_term_string}\"},\"query-input\":{\"@type\":\"PropertyValueSpecification\",\"valueRequired\":true,\"valueName\":\"search_term_string\"}}],\"inLanguage\":\"en-US\"},{\"@type\":\"ImageObject\",\"inLanguage\":\"en-US\",\"@id\":\"https:\\\/\\\/mmkriepas.lv\\\/en\\\/p\\\/ziemas-vissezonas-riepas-22555r17-sailun-iceblazer-wst1-98t\\\/#local-main-organization-logo\",\"url\":\"\",\"contentUrl\":\"\",\"caption\":\"MMK Riepas\"}]}<\/script>\n<meta property=\"product:brand\" content=\"Sailun Ice Blazer WST1\" \/>\n<meta property=\"product:price:amount\" content=\"71.00\" \/>\n<meta property=\"product:price:currency\" content=\"EUR\" \/>\n<meta property=\"og:availability\" content=\"instock\" \/>\n<meta property=\"product:availability\" content=\"instock\" \/>\n<meta property=\"product:condition\" content=\"new\" \/>\n<!-- \/ Yoast SEO Premium plugin. -->","yoast_head_json":{"title":"225\/55R17 Sailun Ice Blazer WST1 98T &#8226; MMK Riepas","description":"Sailun Ice Blazer WST1 ziemas riepu modelis ieguvis lielu popularit\u0101ti Latvijas tirg\u016b! Pieejams pla\u0161\u0101 kl\u0101st\u0101 par lab\u0101kaj\u0101m cen\u0101m abos MMK Riepu Servisos!","robots":{"index":"index","follow":"follow","max-snippet":"max-snippet:-1","max-image-preview":"max-image-preview:large","max-video-preview":"max-video-preview:-1"},"canonical":"https:\/\/mmkriepas.lv\/en\/p\/ziemas-vissezonas-riepas-22555r17-sailun-iceblazer-wst1-98t\/","og_locale":"en_US","og_type":"article","og_title":"225\/55R17 Sailun Ice Blazer WST1 98T","og_description":"Sailun Ice Blazer WST1 ziemas riepu modelis ieguvis lielu popularit\u0101ti Latvijas tirg\u016b! Pieejams pla\u0161\u0101 kl\u0101st\u0101 par lab\u0101kaj\u0101m cen\u0101m abos MMK Riepu Servisos!","og_url":"https:\/\/mmkriepas.lv\/en\/p\/ziemas-vissezonas-riepas-22555r17-sailun-iceblazer-wst1-98t\/","og_site_name":"MMK Riepas","article_publisher":"https:\/\/www.facebook.com\/mmkserviss\/","article_modified_time":"2023-02-20T08:13:18+00:00","og_image":[{"width":1920,"height":1277,"url":"https:\/\/mmkriepas.lv\/wp-content\/uploads\/2023\/02\/19560r16c-sailun-ice-blazer-wst1-9997s-ziemas-riepas.jpg","type":"image\/jpeg"}],"twitter_card":"summary_large_image","twitter_misc":{"Price":"&euro;71.00","Availability":"In stock"},"schema":{"@context":"https:\/\/schema.org","@graph":[{"@type":"WebPage","@id":"https:\/\/mmkriepas.lv\/en\/p\/ziemas-vissezonas-riepas-22555r17-sailun-iceblazer-wst1-98t\/","url":"https:\/\/mmkriepas.lv\/en\/p\/ziemas-vissezonas-riepas-22555r17-sailun-iceblazer-wst1-98t\/","name":"225\/55R17 Sailun Ice Blazer WST1 98T &#8226; MMK Riepas","isPartOf":{"@id":"https:\/\/mmkriepas.lv\/en\/#website"},"primaryImageOfPage":{"@id":"https:\/\/mmkriepas.lv\/en\/p\/ziemas-vissezonas-riepas-22555r17-sailun-iceblazer-wst1-98t\/#primaryimage"},"image":{"@id":"https:\/\/mmkriepas.lv\/en\/p\/ziemas-vissezonas-riepas-22555r17-sailun-iceblazer-wst1-98t\/#primaryimage"},"thumbnailUrl":"https:\/\/mmkriepas.lv\/wp-content\/uploads\/2023\/02\/19560r16c-sailun-ice-blazer-wst1-9997s-ziemas-riepas.jpg","datePublished":"2016-10-10T05:11:43+00:00","dateModified":"2023-02-20T08:13:18+00:00","description":"Sailun Ice Blazer WST1 ziemas riepu modelis ieguvis lielu popularit\u0101ti Latvijas tirg\u016b! Pieejams pla\u0161\u0101 kl\u0101st\u0101 par lab\u0101kaj\u0101m cen\u0101m abos MMK Riepu Servisos!","breadcrumb":{"@id":"https:\/\/mmkriepas.lv\/en\/p\/ziemas-vissezonas-riepas-22555r17-sailun-iceblazer-wst1-98t\/#breadcrumb"},"inLanguage":"en-US","potentialAction":[{"@type":"ReadAction","target":["https:\/\/mmkriepas.lv\/en\/p\/ziemas-vissezonas-riepas-22555r17-sailun-iceblazer-wst1-98t\/"]}]},{"@type":"ImageObject","inLanguage":"en-US","@id":"https:\/\/mmkriepas.lv\/en\/p\/ziemas-vissezonas-riepas-22555r17-sailun-iceblazer-wst1-98t\/#primaryimage","url":"https:\/\/mmkriepas.lv\/wp-content\/uploads\/2023\/02\/19560r16c-sailun-ice-blazer-wst1-9997s-ziemas-riepas.jpg","contentUrl":"https:\/\/mmkriepas.lv\/wp-content\/uploads\/2023\/02\/19560r16c-sailun-ice-blazer-wst1-9997s-ziemas-riepas.jpg","width":1920,"height":1277,"caption":"195\/60R16C Sailun Ice Blazer WST1 99\/97S - Vissezonas riepas \/ Ziemas riepas"},{"@type":"BreadcrumbList","@id":"https:\/\/mmkriepas.lv\/en\/p\/ziemas-vissezonas-riepas-22555r17-sailun-iceblazer-wst1-98t\/#breadcrumb","itemListElement":[{"@type":"ListItem","position":1,"name":"S\u0101kums","item":"https:\/\/mmkriepas.lv\/en\/"},{"@type":"ListItem","position":2,"name":"225\/55R17 Sailun Ice Blazer WST1 98T"}]},{"@type":"WebSite","@id":"https:\/\/mmkriepas.lv\/en\/#website","url":"https:\/\/mmkriepas.lv\/en\/","name":"MMK Riepas","description":"MMK Riepas","alternateName":"MMK Riepu Serviss","potentialAction":[{"@type":"SearchAction","target":{"@type":"EntryPoint","urlTemplate":"https:\/\/mmkriepas.lv\/en\/?s={search_term_string}"},"query-input":{"@type":"PropertyValueSpecification","valueRequired":true,"valueName":"search_term_string"}}],"inLanguage":"en-US"},{"@type":"ImageObject","inLanguage":"en-US","@id":"https:\/\/mmkriepas.lv\/en\/p\/ziemas-vissezonas-riepas-22555r17-sailun-iceblazer-wst1-98t\/#local-main-organization-logo","url":"","contentUrl":"","caption":"MMK Riepas"}]},"product_brand":"Sailun Ice Blazer WST1","product_price_amount":"71.00","product_price_currency":"EUR","og_availability":"instock","product_availability":"instock","product_condition":"new"},"_links":{"self":[{"href":"https:\/\/mmkriepas.lv\/en\/wp-json\/wp\/v2\/product\/3610","targetHints":{"allow":["GET"]}}],"collection":[{"href":"https:\/\/mmkriepas.lv\/en\/wp-json\/wp\/v2\/product"}],"about":[{"href":"https:\/\/mmkriepas.lv\/en\/wp-json\/wp\/v2\/types\/product"}],"wp:featuredmedia":[{"embeddable":true,"href":"https:\/\/mmkriepas.lv\/en\/wp-json\/wp\/v2\/media\/648363"}],"wp:attachment":[{"href":"https:\/\/mmkriepas.lv\/en\/wp-json\/wp\/v2\/media?parent=3610"}],"wp:term":[{"taxonomy":"product_brand","embeddable":true,"href":"https:\/\/mmkriepas.lv\/en\/wp-json\/wp\/v2\/product_brand?post=3610"},{"taxonomy":"product_cat","embeddable":true,"href":"https:\/\/mmkriepas.lv\/en\/wp-json\/wp\/v2\/product_cat?post=3610"},{"taxonomy":"product_tag","embeddable":true,"href":"https:\/\/mmkriepas.lv\/en\/wp-json\/wp\/v2\/product_tag?post=3610"}],"curies":[{"name":"wp","href":"https:\/\/api.w.org\/{rel}","templated":true}]}}