{"id":346463,"date":"2022-10-05T18:07:04","date_gmt":"2022-10-05T15:07:04","guid":{"rendered":"https:\/\/mmkserviss.lv\/?post_type=product&#038;p=346463"},"modified":"2026-03-28T00:05:17","modified_gmt":"2026-03-27T22:05:17","slug":"225-65r17-falken-eurowinter-hs415-102t-dot13","status":"publish","type":"product","link":"https:\/\/mmkriepas.lv\/en\/p\/225-65r17-falken-eurowinter-hs415-102t-dot13\/","title":{"rendered":"225\/65R17 Falken Eurowinter HS415 102T DOT13"},"content":{"rendered":"<p><strong>Falken Eurowinter HS415<\/strong> &#8211; \u013coti kvalitat\u012bvas un augstas veiktsp\u0113jas ziemas riepas. Izteikti agres\u012bvs ziemas riepu modelis ar skujveida virziena protektoru, \u013coti m\u012bkstu gumijas sast\u0101vu, dzi\u013c\u0101m lamil\u0113m, pla\u0161iem protektora kan\u0101liem, kas rad\u012bts bargiem ziemas apst\u0101k\u013ciem, k\u0101rt\u012bgam sniegam, ledum utt. \u013boti labi turas uz sausa, slapja sniega utt. \u013boti laba caurejam\u012bba dzi\u013ca sniega, dub\u013cu apst\u0101k\u013cos.<\/p>\n<p><strong>Eurowinter HS415 galven\u0101s iez\u012bmes:<\/strong><\/p>\n<p>\u00a0+ augstas kvalit\u0101tes gumijas sast\u0101vs, m\u012bkstas (Skandin\u0101vijas tipa riepas),<\/p>\n<p>+ augsta triecieniztur\u012bba, kvalitat\u012bva riepas bortu uzb\u016bve,<\/p>\n<p>+ rad\u017eojamas riepas (rekomend\u0113jam, \u012bpa\u0161i, ja daudz brauc \u0101rpus pils\u0113tas),<\/p>\n<p>+ \u013coti labas vad\u0101m\u012bbas sp\u0113jas da\u017e\u0101dos laika apst\u0101k\u013cos (ja rad\u017eots, tad ide\u0101li turas braucot ar\u012b pa ledu un slapju ledu, kur bezrad\u017eu riepas krietni atpaliek),<\/p>\n<p>+ izteikta protektora da\u013cas s\u0101nu kante ar lamil\u0113m,<\/p>\n<p>+ \u012bss bremz\u0113\u0161anas ce\u013c\u0161, notur\u012bba s\u0101nsl\u012bd\u0113s,<\/p>\n<p>+ disku aizsargmalas,<\/p>\n<p>+ garantija u. c.<\/p>\n","protected":false},"excerpt":{"rendered":"<p><b>Falken Eurowinter HS415<\/b> &#8211; \u013coti kvalitat\u012bvas un augstas veiktsp\u0113jas ziemas riepas. Izteikti agres\u012bvs ziemas riepu modelis ar skujveida virziena protektoru, \u013coti m\u012bkstu gumijas sast\u0101vu, dzi\u013c\u0101m lamil\u0113m, pla\u0161iem protektora kan\u0101liem, kas rad\u012bts bargiem ziemas apst\u0101k\u013ciem, k\u0101rt\u012bgam sniegam, ledum utt. \u013boti labi turas uz sausa, slapja sniega utt. \u013boti laba caurejam\u012bba dzi\u013ca sniega, dub\u013cu apst\u0101k\u013cos. <o:p><\/o:p><\/p>\n","protected":false},"featured_media":201140,"template":"","meta":{"_acf_changed":false,"ngg_post_thumbnail":0},"product_brand":[],"product_cat":[47,45],"product_tag":[],"class_list":{"0":"post-346463","1":"product","2":"type-product","3":"status-publish","4":"has-post-thumbnail","6":"product_cat-vissezonas-riepas","7":"product_cat-ziemas-riepas","9":"first","10":"instock","11":"sale","12":"taxable","13":"shipping-taxable","14":"purchasable","15":"product-type-simple"},"acf":[],"yoast_head":"<!-- This site is optimized with the Yoast SEO Premium plugin v22.6 (Yoast SEO v27.3) - https:\/\/yoast.com\/product\/yoast-seo-premium-wordpress\/ -->\n<title>225\/65R17 Falken Eurowinter HS415 102T DOT13 &#8226; MMK Riepas<\/title>\n<meta name=\"robots\" content=\"index, follow, max-snippet:-1, max-image-preview:large, max-video-preview:-1\" \/>\n<link rel=\"canonical\" href=\"https:\/\/mmkriepas.lv\/en\/p\/225-65r17-falken-eurowinter-hs415-102t-dot13\/\" \/>\n<meta property=\"og:locale\" content=\"en_US\" \/>\n<meta property=\"og:type\" content=\"article\" \/>\n<meta property=\"og:title\" content=\"225\/65R17 Falken Eurowinter HS415 102T DOT13\" \/>\n<meta property=\"og:description\" content=\"Falken Eurowinter HS415 - \u013coti kvalitat\u012bvas un augstas veiktsp\u0113jas ziemas riepas. Izteikti agres\u012bvs ziemas riepu modelis ar skujveida virziena protektoru, \u013coti m\u012bkstu gumijas sast\u0101vu, dzi\u013c\u0101m lamil\u0113m, pla\u0161iem protektora kan\u0101liem, kas rad\u012bts bargiem ziemas apst\u0101k\u013ciem, k\u0101rt\u012bgam sniegam, ledum utt. \u013boti labi turas uz sausa, slapja sniega utt. \u013boti laba caurejam\u012bba dzi\u013ca sniega, dub\u013cu apst\u0101k\u013cos.\" \/>\n<meta property=\"og:url\" content=\"https:\/\/mmkriepas.lv\/en\/p\/225-65r17-falken-eurowinter-hs415-102t-dot13\/\" \/>\n<meta property=\"og:site_name\" content=\"MMK Riepas\" \/>\n<meta property=\"article:publisher\" content=\"https:\/\/www.facebook.com\/mmkserviss\/\" \/>\n<meta property=\"article:modified_time\" content=\"2026-03-27T22:05:17+00:00\" \/>\n<meta property=\"og:image\" content=\"https:\/\/mmkriepas.lv\/wp-content\/uploads\/2021\/09\/21555r16-falken-eurowinter-hs415-97t-xl-dot-ziemas-riepas.jpg\" \/>\n\t<meta property=\"og:image:width\" content=\"1920\" \/>\n\t<meta property=\"og:image:height\" content=\"1280\" \/>\n\t<meta property=\"og:image:type\" content=\"image\/jpeg\" \/>\n<meta name=\"twitter:card\" content=\"summary_large_image\" \/>\n<meta name=\"twitter:label1\" content=\"Price\" \/>\n\t<meta name=\"twitter:data1\" content=\"&euro;20.00\" \/>\n\t<meta name=\"twitter:label2\" content=\"Availability\" \/>\n\t<meta name=\"twitter:data2\" content=\"In stock\" \/>\n<script type=\"application\/ld+json\" class=\"yoast-schema-graph\">{\"@context\":\"https:\\\/\\\/schema.org\",\"@graph\":[{\"@type\":\"WebPage\",\"@id\":\"https:\\\/\\\/mmkriepas.lv\\\/en\\\/p\\\/225-65r17-falken-eurowinter-hs415-102t-dot13\\\/\",\"url\":\"https:\\\/\\\/mmkriepas.lv\\\/en\\\/p\\\/225-65r17-falken-eurowinter-hs415-102t-dot13\\\/\",\"name\":\"225\\\/65R17 Falken Eurowinter HS415 102T DOT13 &#8226; MMK Riepas\",\"isPartOf\":{\"@id\":\"https:\\\/\\\/mmkriepas.lv\\\/en\\\/#website\"},\"primaryImageOfPage\":{\"@id\":\"https:\\\/\\\/mmkriepas.lv\\\/en\\\/p\\\/225-65r17-falken-eurowinter-hs415-102t-dot13\\\/#primaryimage\"},\"image\":{\"@id\":\"https:\\\/\\\/mmkriepas.lv\\\/en\\\/p\\\/225-65r17-falken-eurowinter-hs415-102t-dot13\\\/#primaryimage\"},\"thumbnailUrl\":\"https:\\\/\\\/mmkriepas.lv\\\/wp-content\\\/uploads\\\/2021\\\/09\\\/21555r16-falken-eurowinter-hs415-97t-xl-dot-ziemas-riepas.jpg\",\"datePublished\":\"2022-10-05T15:07:04+00:00\",\"dateModified\":\"2026-03-27T22:05:17+00:00\",\"breadcrumb\":{\"@id\":\"https:\\\/\\\/mmkriepas.lv\\\/en\\\/p\\\/225-65r17-falken-eurowinter-hs415-102t-dot13\\\/#breadcrumb\"},\"inLanguage\":\"en-US\",\"potentialAction\":[{\"@type\":\"ReadAction\",\"target\":[\"https:\\\/\\\/mmkriepas.lv\\\/en\\\/p\\\/225-65r17-falken-eurowinter-hs415-102t-dot13\\\/\"]}]},{\"@type\":\"ImageObject\",\"inLanguage\":\"en-US\",\"@id\":\"https:\\\/\\\/mmkriepas.lv\\\/en\\\/p\\\/225-65r17-falken-eurowinter-hs415-102t-dot13\\\/#primaryimage\",\"url\":\"https:\\\/\\\/mmkriepas.lv\\\/wp-content\\\/uploads\\\/2021\\\/09\\\/21555r16-falken-eurowinter-hs415-97t-xl-dot-ziemas-riepas.jpg\",\"contentUrl\":\"https:\\\/\\\/mmkriepas.lv\\\/wp-content\\\/uploads\\\/2021\\\/09\\\/21555r16-falken-eurowinter-hs415-97t-xl-dot-ziemas-riepas.jpg\",\"width\":1920,\"height\":1280,\"caption\":\"Falken EuroWinter HS415\"},{\"@type\":\"BreadcrumbList\",\"@id\":\"https:\\\/\\\/mmkriepas.lv\\\/en\\\/p\\\/225-65r17-falken-eurowinter-hs415-102t-dot13\\\/#breadcrumb\",\"itemListElement\":[{\"@type\":\"ListItem\",\"position\":1,\"name\":\"S\u0101kums\",\"item\":\"https:\\\/\\\/mmkriepas.lv\\\/en\\\/\"},{\"@type\":\"ListItem\",\"position\":2,\"name\":\"225\\\/65R17 Falken Eurowinter HS415 102T DOT13\"}]},{\"@type\":\"WebSite\",\"@id\":\"https:\\\/\\\/mmkriepas.lv\\\/en\\\/#website\",\"url\":\"https:\\\/\\\/mmkriepas.lv\\\/en\\\/\",\"name\":\"MMK Riepas\",\"description\":\"MMK Riepas\",\"alternateName\":\"MMK Riepu Serviss\",\"potentialAction\":[{\"@type\":\"SearchAction\",\"target\":{\"@type\":\"EntryPoint\",\"urlTemplate\":\"https:\\\/\\\/mmkriepas.lv\\\/en\\\/?s={search_term_string}\"},\"query-input\":{\"@type\":\"PropertyValueSpecification\",\"valueRequired\":true,\"valueName\":\"search_term_string\"}}],\"inLanguage\":\"en-US\"},{\"@type\":\"ImageObject\",\"inLanguage\":\"en-US\",\"@id\":\"https:\\\/\\\/mmkriepas.lv\\\/en\\\/p\\\/225-65r17-falken-eurowinter-hs415-102t-dot13\\\/#local-main-organization-logo\",\"url\":\"\",\"contentUrl\":\"\",\"caption\":\"MMK Riepas\"}]}<\/script>\n<meta property=\"product:brand\" content=\"Falken EUROWINTER HS415\" \/>\n<meta property=\"product:price:amount\" content=\"20.00\" \/>\n<meta property=\"product:price:currency\" content=\"EUR\" \/>\n<meta property=\"og:availability\" content=\"instock\" \/>\n<meta property=\"product:availability\" content=\"instock\" \/>\n<meta property=\"product:retailer_item_id\" content=\"TW2256517FALKE-12017\" \/>\n<meta property=\"product:condition\" content=\"new\" \/>\n<!-- \/ Yoast SEO Premium plugin. -->","yoast_head_json":{"title":"225\/65R17 Falken Eurowinter HS415 102T DOT13 &#8226; MMK Riepas","robots":{"index":"index","follow":"follow","max-snippet":"max-snippet:-1","max-image-preview":"max-image-preview:large","max-video-preview":"max-video-preview:-1"},"canonical":"https:\/\/mmkriepas.lv\/en\/p\/225-65r17-falken-eurowinter-hs415-102t-dot13\/","og_locale":"en_US","og_type":"article","og_title":"225\/65R17 Falken Eurowinter HS415 102T DOT13","og_description":"Falken Eurowinter HS415 - \u013coti kvalitat\u012bvas un augstas veiktsp\u0113jas ziemas riepas. Izteikti agres\u012bvs ziemas riepu modelis ar skujveida virziena protektoru, \u013coti m\u012bkstu gumijas sast\u0101vu, dzi\u013c\u0101m lamil\u0113m, pla\u0161iem protektora kan\u0101liem, kas rad\u012bts bargiem ziemas apst\u0101k\u013ciem, k\u0101rt\u012bgam sniegam, ledum utt. \u013boti labi turas uz sausa, slapja sniega utt. \u013boti laba caurejam\u012bba dzi\u013ca sniega, dub\u013cu apst\u0101k\u013cos.","og_url":"https:\/\/mmkriepas.lv\/en\/p\/225-65r17-falken-eurowinter-hs415-102t-dot13\/","og_site_name":"MMK Riepas","article_publisher":"https:\/\/www.facebook.com\/mmkserviss\/","article_modified_time":"2026-03-27T22:05:17+00:00","og_image":[{"width":1920,"height":1280,"url":"https:\/\/mmkriepas.lv\/wp-content\/uploads\/2021\/09\/21555r16-falken-eurowinter-hs415-97t-xl-dot-ziemas-riepas.jpg","type":"image\/jpeg"}],"twitter_card":"summary_large_image","twitter_misc":{"Price":"&euro;20.00","Availability":"In stock"},"schema":{"@context":"https:\/\/schema.org","@graph":[{"@type":"WebPage","@id":"https:\/\/mmkriepas.lv\/en\/p\/225-65r17-falken-eurowinter-hs415-102t-dot13\/","url":"https:\/\/mmkriepas.lv\/en\/p\/225-65r17-falken-eurowinter-hs415-102t-dot13\/","name":"225\/65R17 Falken Eurowinter HS415 102T DOT13 &#8226; MMK Riepas","isPartOf":{"@id":"https:\/\/mmkriepas.lv\/en\/#website"},"primaryImageOfPage":{"@id":"https:\/\/mmkriepas.lv\/en\/p\/225-65r17-falken-eurowinter-hs415-102t-dot13\/#primaryimage"},"image":{"@id":"https:\/\/mmkriepas.lv\/en\/p\/225-65r17-falken-eurowinter-hs415-102t-dot13\/#primaryimage"},"thumbnailUrl":"https:\/\/mmkriepas.lv\/wp-content\/uploads\/2021\/09\/21555r16-falken-eurowinter-hs415-97t-xl-dot-ziemas-riepas.jpg","datePublished":"2022-10-05T15:07:04+00:00","dateModified":"2026-03-27T22:05:17+00:00","breadcrumb":{"@id":"https:\/\/mmkriepas.lv\/en\/p\/225-65r17-falken-eurowinter-hs415-102t-dot13\/#breadcrumb"},"inLanguage":"en-US","potentialAction":[{"@type":"ReadAction","target":["https:\/\/mmkriepas.lv\/en\/p\/225-65r17-falken-eurowinter-hs415-102t-dot13\/"]}]},{"@type":"ImageObject","inLanguage":"en-US","@id":"https:\/\/mmkriepas.lv\/en\/p\/225-65r17-falken-eurowinter-hs415-102t-dot13\/#primaryimage","url":"https:\/\/mmkriepas.lv\/wp-content\/uploads\/2021\/09\/21555r16-falken-eurowinter-hs415-97t-xl-dot-ziemas-riepas.jpg","contentUrl":"https:\/\/mmkriepas.lv\/wp-content\/uploads\/2021\/09\/21555r16-falken-eurowinter-hs415-97t-xl-dot-ziemas-riepas.jpg","width":1920,"height":1280,"caption":"Falken EuroWinter HS415"},{"@type":"BreadcrumbList","@id":"https:\/\/mmkriepas.lv\/en\/p\/225-65r17-falken-eurowinter-hs415-102t-dot13\/#breadcrumb","itemListElement":[{"@type":"ListItem","position":1,"name":"S\u0101kums","item":"https:\/\/mmkriepas.lv\/en\/"},{"@type":"ListItem","position":2,"name":"225\/65R17 Falken Eurowinter HS415 102T DOT13"}]},{"@type":"WebSite","@id":"https:\/\/mmkriepas.lv\/en\/#website","url":"https:\/\/mmkriepas.lv\/en\/","name":"MMK Riepas","description":"MMK Riepas","alternateName":"MMK Riepu Serviss","potentialAction":[{"@type":"SearchAction","target":{"@type":"EntryPoint","urlTemplate":"https:\/\/mmkriepas.lv\/en\/?s={search_term_string}"},"query-input":{"@type":"PropertyValueSpecification","valueRequired":true,"valueName":"search_term_string"}}],"inLanguage":"en-US"},{"@type":"ImageObject","inLanguage":"en-US","@id":"https:\/\/mmkriepas.lv\/en\/p\/225-65r17-falken-eurowinter-hs415-102t-dot13\/#local-main-organization-logo","url":"","contentUrl":"","caption":"MMK Riepas"}]},"product_brand":"Falken EUROWINTER HS415","product_price_amount":"20.00","product_price_currency":"EUR","og_availability":"instock","product_availability":"instock","product_retailer_item_id":"TW2256517FALKE-12017","product_condition":"new"},"_links":{"self":[{"href":"https:\/\/mmkriepas.lv\/en\/wp-json\/wp\/v2\/product\/346463","targetHints":{"allow":["GET"]}}],"collection":[{"href":"https:\/\/mmkriepas.lv\/en\/wp-json\/wp\/v2\/product"}],"about":[{"href":"https:\/\/mmkriepas.lv\/en\/wp-json\/wp\/v2\/types\/product"}],"wp:featuredmedia":[{"embeddable":true,"href":"https:\/\/mmkriepas.lv\/en\/wp-json\/wp\/v2\/media\/201140"}],"wp:attachment":[{"href":"https:\/\/mmkriepas.lv\/en\/wp-json\/wp\/v2\/media?parent=346463"}],"wp:term":[{"taxonomy":"product_brand","embeddable":true,"href":"https:\/\/mmkriepas.lv\/en\/wp-json\/wp\/v2\/product_brand?post=346463"},{"taxonomy":"product_cat","embeddable":true,"href":"https:\/\/mmkriepas.lv\/en\/wp-json\/wp\/v2\/product_cat?post=346463"},{"taxonomy":"product_tag","embeddable":true,"href":"https:\/\/mmkriepas.lv\/en\/wp-json\/wp\/v2\/product_tag?post=346463"}],"curies":[{"name":"wp","href":"https:\/\/api.w.org\/{rel}","templated":true}]}}