{"id":343625,"date":"2022-10-02T01:21:57","date_gmt":"2022-10-01T22:21:57","guid":{"rendered":"https:\/\/mmkserviss.lv\/?post_type=product&#038;p=343625"},"modified":"2026-03-27T12:53:52","modified_gmt":"2026-03-27T10:53:52","slug":"245-40r18-maxxis-arctic-trekker-sp-02-93s","status":"publish","type":"product","link":"https:\/\/mmkriepas.lv\/en\/p\/245-40r18-maxxis-arctic-trekker-sp-02-93s\/","title":{"rendered":"245\/40R18 Maxxis Arctic Trekker SP-02 93S RP"},"content":{"rendered":"<p><strong><span style=\"font-family: 'Arial',sans-serif;\">Maxxis Arctic Trekker SP-02<\/span><\/strong><span style=\"font-family: 'Arial',sans-serif;\"> ziemas riepu modelis ir popul\u0101rs to automa\u0161\u012bnu \u012bpa\u0161nieku vid\u016b, kuri dod priek\u0161roku p\u0101rliecin\u0101tai brauk\u0161anai un paaugstin\u0101tai dro\u0161\u012bbai. Izstr\u0101d\u0101jot \u0161o modeli, tika izmantots liels skaits uzlabotu tehnolo\u0123iju. Tas \u013c\u0101va sasniegt izcilu sniegumu, braucot pa jebkuru ce\u013ca segumu.<o:p><\/o:p><\/span><\/p>\n<h3><span style=\"font-family: 'Arial',sans-serif;\">Arctic Trekker SP-02 riepu galven\u0101s \u012bpa\u0161\u012bbas:<o:p><\/o:p><\/span><\/h3>\n<p><span style=\"font-family: 'Arial',sans-serif;\">+ Divsl\u0101\u0146u gumijas sast\u0101vs palielina riepas elast\u012bbu un vienlaikus nostiprina protektora iek\u0161\u0113jo da\u013cu; <o:p><\/o:p><\/span><\/p>\n<p><span style=\"font-family: 'Arial',sans-serif;\">+ Jaun\u0101 dren\u0101\u017e\u0101s kan\u0101lu sist\u0113ma uzlabo sa\u0137eri ar jebkuru ce\u013ca segumu un samazina troksni braucot; <o:p><\/o:p><\/span><\/p>\n<p><span style=\"font-family: 'Arial',sans-serif;\">+ Samazin\u0101t\u0101 rites pretest\u012bba samazina degvielas pat\u0113ri\u0146u un palielina stabilit\u0101ti brauk\u0161anas laik\u0101.<o:p><\/o:p><\/span><\/p>\n<h3><span style=\"font-family: 'Arial',sans-serif;\">Arctic Trekker SP-02 protek raksturojums:<o:p><\/o:p><\/span><\/h3>\n<p><span style=\"font-family: 'Arial',sans-serif;\">\u0160im modelim, tika izv\u0113l\u0113ts asimetrisks virzienveida protektora dizains, kas ir \u013c\u0101vis sasniegt optim\u0101lu brauk\u0161anas veiktsp\u0113ju visos laika apst\u0101k\u013cos. Da\u017e\u0101das formas un izm\u0113ra protektora bloki izvietoti uz visas Maxxis SP02 Arctic Trekker riepas virsmas, t\u0101dej\u0101di palielinot kontakta vietu ar ce\u013ca segumu, palielinot stabilit\u0101ti un vad\u0101m\u012bbu. Dren\u0101\u017eas kan\u0101li \u0101tri novada \u016bdeni, sniegu un net\u012brumus no protektora virsmas, nodro\u0161inot lielisku sa\u0137eri ar jebkuru ce\u013ca virsmu. Jaunais lame\u013cu izvietojums ir samazin\u0101jis brauk\u0161anas troksni, padarot brauk\u0161anu \u0113rt\u0101ku!<o:p><\/o:p><\/span><\/p>\n<h3><span style=\"font-family: 'Arial',sans-serif;\">Divsl\u0101\u0146u gumijas sast\u0101vs<o:p><\/o:p><\/span><\/h3>\n<p><span style=\"font-family: 'Arial',sans-serif;\">Veidojot protektoru, tika izmantots divsl\u0101\u0146u gumijas sast\u0101vs, kas \u013c\u0101va sasniegt lieliskas veiktsp\u0113jas \u012bpa\u0161\u012bbas p\u0113k\u0161\u0146\u0101s temperat\u016bras sv\u0101rst\u012bb\u0101s. Aug\u0161\u0113j\u0101 sl\u0101n\u012b ir augsts dabisk\u0101 kau\u010duka saturs, kura d\u0113\u013c elast\u012bba tiek uztur\u0113ta vis\u0101s temperat\u016br\u0101s. Apak\u0161\u0113jam sl\u0101nim ir bl\u012bv\u0101ka strukt\u016bra, kas nodro\u0161ina vienm\u0113r\u012bgu spiediena sadal\u012bjumu riepas iek\u0161pus\u0113, kas paildzina riepas kalpo\u0161anas laiku. Jaunais gumijas mais\u012bjums pal\u012bdz samazin\u0101t rites pretest\u012bbu, samazinot degvielas pat\u0113ri\u0146u brauk\u0161anas laik\u0101 .<b> <o:p><\/o:p><\/b><\/span><\/p>\n<p><b><span style=\"font-family: 'Arial',sans-serif;\">Riepa demonstr\u0113 izcilu vad\u0101m\u012bbu un paaugstin\u0101tu dro\u0161\u012bbu uz ce\u013ca visos laika apst\u0101k\u013cos!<\/span><\/b><\/p>\n","protected":false},"excerpt":{"rendered":"<p><strong><span style=\"font-family: 'Arial',sans-serif;\">Maxxis Arctic Trekker SP-02<\/span><\/strong><span style=\"font-family: 'Arial',sans-serif;\"> ziemas riepu modelis ir popul\u0101rs to automa\u0161\u012bnu \u012bpa\u0161nieku vid\u016b, kuri dod priek\u0161roku p\u0101rliecin\u0101tai brauk\u0161anai un paaugstin\u0101tai dro\u0161\u012bbai. Izstr\u0101d\u0101jot \u0161o modeli, tika izmantots liels skaits uzlabotu tehnolo\u0123iju. Tas \u013c\u0101va sasniegt izcilu sniegumu, braucot pa jebkuru ce\u013ca segumu.<o:p><\/o:p><\/span><\/p>\n","protected":false},"featured_media":793465,"template":"","meta":{"_acf_changed":false,"ngg_post_thumbnail":0},"product_brand":[],"product_cat":[47,45],"product_tag":[],"class_list":{"0":"post-343625","1":"product","2":"type-product","3":"status-publish","4":"has-post-thumbnail","6":"product_cat-vissezonas-riepas","7":"product_cat-ziemas-riepas","9":"first","10":"instock","11":"sale","12":"taxable","13":"shipping-taxable","14":"purchasable","15":"product-type-simple"},"acf":[],"yoast_head":"<!-- This site is optimized with the Yoast SEO Premium plugin v22.6 (Yoast SEO v27.3) - https:\/\/yoast.com\/product\/yoast-seo-premium-wordpress\/ -->\n<title>245\/40R18 Maxxis Arctic Trekker SP-02 93S RP &#8226; MMK Riepas<\/title>\n<meta name=\"robots\" content=\"index, follow, max-snippet:-1, max-image-preview:large, max-video-preview:-1\" \/>\n<link rel=\"canonical\" href=\"https:\/\/mmkriepas.lv\/en\/p\/245-40r18-maxxis-arctic-trekker-sp-02-93s\/\" \/>\n<meta property=\"og:locale\" content=\"en_US\" \/>\n<meta property=\"og:type\" content=\"article\" \/>\n<meta property=\"og:title\" content=\"245\/40R18 Maxxis Arctic Trekker SP-02 93S RP\" \/>\n<meta property=\"og:description\" content=\"Maxxis Arctic Trekker SP-02 ziemas riepu modelis ir popul\u0101rs to automa\u0161\u012bnu \u012bpa\u0161nieku vid\u016b, kuri dod priek\u0161roku p\u0101rliecin\u0101tai brauk\u0161anai un paaugstin\u0101tai dro\u0161\u012bbai. Izstr\u0101d\u0101jot \u0161o modeli, tika izmantots liels skaits uzlabotu tehnolo\u0123iju. Tas \u013c\u0101va sasniegt izcilu sniegumu, braucot pa jebkuru ce\u013ca segumu.\" \/>\n<meta property=\"og:url\" content=\"https:\/\/mmkriepas.lv\/en\/p\/245-40r18-maxxis-arctic-trekker-sp-02-93s\/\" \/>\n<meta property=\"og:site_name\" content=\"MMK Riepas\" \/>\n<meta property=\"article:publisher\" content=\"https:\/\/www.facebook.com\/mmkserviss\/\" \/>\n<meta property=\"article:modified_time\" content=\"2026-03-27T10:53:52+00:00\" \/>\n<meta property=\"og:image\" content=\"https:\/\/mmkriepas.lv\/wp-content\/uploads\/2023\/09\/25540r18-maxxis-arctic-trekker-sp-02-95t-ziemas-riepas.jpeg\" \/>\n\t<meta property=\"og:image:width\" content=\"1920\" \/>\n\t<meta property=\"og:image:height\" content=\"1920\" \/>\n\t<meta property=\"og:image:type\" content=\"image\/jpeg\" \/>\n<meta name=\"twitter:card\" content=\"summary_large_image\" \/>\n<meta name=\"twitter:label1\" content=\"Price\" \/>\n\t<meta name=\"twitter:data1\" content=\"&euro;107.00\" \/>\n\t<meta name=\"twitter:label2\" content=\"Availability\" \/>\n\t<meta name=\"twitter:data2\" content=\"In stock\" \/>\n<script type=\"application\/ld+json\" class=\"yoast-schema-graph\">{\"@context\":\"https:\\\/\\\/schema.org\",\"@graph\":[{\"@type\":\"WebPage\",\"@id\":\"https:\\\/\\\/mmkriepas.lv\\\/en\\\/p\\\/245-40r18-maxxis-arctic-trekker-sp-02-93s\\\/\",\"url\":\"https:\\\/\\\/mmkriepas.lv\\\/en\\\/p\\\/245-40r18-maxxis-arctic-trekker-sp-02-93s\\\/\",\"name\":\"245\\\/40R18 Maxxis Arctic Trekker SP-02 93S RP &#8226; MMK Riepas\",\"isPartOf\":{\"@id\":\"https:\\\/\\\/mmkriepas.lv\\\/en\\\/#website\"},\"primaryImageOfPage\":{\"@id\":\"https:\\\/\\\/mmkriepas.lv\\\/en\\\/p\\\/245-40r18-maxxis-arctic-trekker-sp-02-93s\\\/#primaryimage\"},\"image\":{\"@id\":\"https:\\\/\\\/mmkriepas.lv\\\/en\\\/p\\\/245-40r18-maxxis-arctic-trekker-sp-02-93s\\\/#primaryimage\"},\"thumbnailUrl\":\"https:\\\/\\\/mmkriepas.lv\\\/wp-content\\\/uploads\\\/2023\\\/09\\\/25540r18-maxxis-arctic-trekker-sp-02-95t-ziemas-riepas.jpeg\",\"datePublished\":\"2022-10-01T22:21:57+00:00\",\"dateModified\":\"2026-03-27T10:53:52+00:00\",\"breadcrumb\":{\"@id\":\"https:\\\/\\\/mmkriepas.lv\\\/en\\\/p\\\/245-40r18-maxxis-arctic-trekker-sp-02-93s\\\/#breadcrumb\"},\"inLanguage\":\"en-US\",\"potentialAction\":[{\"@type\":\"ReadAction\",\"target\":[\"https:\\\/\\\/mmkriepas.lv\\\/en\\\/p\\\/245-40r18-maxxis-arctic-trekker-sp-02-93s\\\/\"]}]},{\"@type\":\"ImageObject\",\"inLanguage\":\"en-US\",\"@id\":\"https:\\\/\\\/mmkriepas.lv\\\/en\\\/p\\\/245-40r18-maxxis-arctic-trekker-sp-02-93s\\\/#primaryimage\",\"url\":\"https:\\\/\\\/mmkriepas.lv\\\/wp-content\\\/uploads\\\/2023\\\/09\\\/25540r18-maxxis-arctic-trekker-sp-02-95t-ziemas-riepas.jpeg\",\"contentUrl\":\"https:\\\/\\\/mmkriepas.lv\\\/wp-content\\\/uploads\\\/2023\\\/09\\\/25540r18-maxxis-arctic-trekker-sp-02-95t-ziemas-riepas.jpeg\",\"width\":1920,\"height\":1920,\"caption\":\"MAIN\"},{\"@type\":\"BreadcrumbList\",\"@id\":\"https:\\\/\\\/mmkriepas.lv\\\/en\\\/p\\\/245-40r18-maxxis-arctic-trekker-sp-02-93s\\\/#breadcrumb\",\"itemListElement\":[{\"@type\":\"ListItem\",\"position\":1,\"name\":\"S\u0101kums\",\"item\":\"https:\\\/\\\/mmkriepas.lv\\\/en\\\/\"},{\"@type\":\"ListItem\",\"position\":2,\"name\":\"245\\\/40R18 Maxxis Arctic Trekker SP-02 93S RP\"}]},{\"@type\":\"WebSite\",\"@id\":\"https:\\\/\\\/mmkriepas.lv\\\/en\\\/#website\",\"url\":\"https:\\\/\\\/mmkriepas.lv\\\/en\\\/\",\"name\":\"MMK Riepas\",\"description\":\"MMK Riepas\",\"alternateName\":\"MMK Riepu Serviss\",\"potentialAction\":[{\"@type\":\"SearchAction\",\"target\":{\"@type\":\"EntryPoint\",\"urlTemplate\":\"https:\\\/\\\/mmkriepas.lv\\\/en\\\/?s={search_term_string}\"},\"query-input\":{\"@type\":\"PropertyValueSpecification\",\"valueRequired\":true,\"valueName\":\"search_term_string\"}}],\"inLanguage\":\"en-US\"},{\"@type\":\"ImageObject\",\"inLanguage\":\"en-US\",\"@id\":\"https:\\\/\\\/mmkriepas.lv\\\/en\\\/p\\\/245-40r18-maxxis-arctic-trekker-sp-02-93s\\\/#local-main-organization-logo\",\"url\":\"\",\"contentUrl\":\"\",\"caption\":\"MMK Riepas\"}]}<\/script>\n<meta property=\"product:brand\" content=\"Maxxis Arctic Trekker SP-02\" \/>\n<meta property=\"product:price:amount\" content=\"107.00\" \/>\n<meta property=\"product:price:currency\" content=\"EUR\" \/>\n<meta property=\"og:availability\" content=\"instock\" \/>\n<meta property=\"product:availability\" content=\"instock\" \/>\n<meta property=\"product:retailer_item_id\" content=\"TW2454018MAXXI-L11873\" \/>\n<meta property=\"product:condition\" content=\"new\" \/>\n<!-- \/ Yoast SEO Premium plugin. -->","yoast_head_json":{"title":"245\/40R18 Maxxis Arctic Trekker SP-02 93S RP &#8226; MMK Riepas","robots":{"index":"index","follow":"follow","max-snippet":"max-snippet:-1","max-image-preview":"max-image-preview:large","max-video-preview":"max-video-preview:-1"},"canonical":"https:\/\/mmkriepas.lv\/en\/p\/245-40r18-maxxis-arctic-trekker-sp-02-93s\/","og_locale":"en_US","og_type":"article","og_title":"245\/40R18 Maxxis Arctic Trekker SP-02 93S RP","og_description":"Maxxis Arctic Trekker SP-02 ziemas riepu modelis ir popul\u0101rs to automa\u0161\u012bnu \u012bpa\u0161nieku vid\u016b, kuri dod priek\u0161roku p\u0101rliecin\u0101tai brauk\u0161anai un paaugstin\u0101tai dro\u0161\u012bbai. Izstr\u0101d\u0101jot \u0161o modeli, tika izmantots liels skaits uzlabotu tehnolo\u0123iju. Tas \u013c\u0101va sasniegt izcilu sniegumu, braucot pa jebkuru ce\u013ca segumu.","og_url":"https:\/\/mmkriepas.lv\/en\/p\/245-40r18-maxxis-arctic-trekker-sp-02-93s\/","og_site_name":"MMK Riepas","article_publisher":"https:\/\/www.facebook.com\/mmkserviss\/","article_modified_time":"2026-03-27T10:53:52+00:00","og_image":[{"width":1920,"height":1920,"url":"https:\/\/mmkriepas.lv\/wp-content\/uploads\/2023\/09\/25540r18-maxxis-arctic-trekker-sp-02-95t-ziemas-riepas.jpeg","type":"image\/jpeg"}],"twitter_card":"summary_large_image","twitter_misc":{"Price":"&euro;107.00","Availability":"In stock"},"schema":{"@context":"https:\/\/schema.org","@graph":[{"@type":"WebPage","@id":"https:\/\/mmkriepas.lv\/en\/p\/245-40r18-maxxis-arctic-trekker-sp-02-93s\/","url":"https:\/\/mmkriepas.lv\/en\/p\/245-40r18-maxxis-arctic-trekker-sp-02-93s\/","name":"245\/40R18 Maxxis Arctic Trekker SP-02 93S RP &#8226; MMK Riepas","isPartOf":{"@id":"https:\/\/mmkriepas.lv\/en\/#website"},"primaryImageOfPage":{"@id":"https:\/\/mmkriepas.lv\/en\/p\/245-40r18-maxxis-arctic-trekker-sp-02-93s\/#primaryimage"},"image":{"@id":"https:\/\/mmkriepas.lv\/en\/p\/245-40r18-maxxis-arctic-trekker-sp-02-93s\/#primaryimage"},"thumbnailUrl":"https:\/\/mmkriepas.lv\/wp-content\/uploads\/2023\/09\/25540r18-maxxis-arctic-trekker-sp-02-95t-ziemas-riepas.jpeg","datePublished":"2022-10-01T22:21:57+00:00","dateModified":"2026-03-27T10:53:52+00:00","breadcrumb":{"@id":"https:\/\/mmkriepas.lv\/en\/p\/245-40r18-maxxis-arctic-trekker-sp-02-93s\/#breadcrumb"},"inLanguage":"en-US","potentialAction":[{"@type":"ReadAction","target":["https:\/\/mmkriepas.lv\/en\/p\/245-40r18-maxxis-arctic-trekker-sp-02-93s\/"]}]},{"@type":"ImageObject","inLanguage":"en-US","@id":"https:\/\/mmkriepas.lv\/en\/p\/245-40r18-maxxis-arctic-trekker-sp-02-93s\/#primaryimage","url":"https:\/\/mmkriepas.lv\/wp-content\/uploads\/2023\/09\/25540r18-maxxis-arctic-trekker-sp-02-95t-ziemas-riepas.jpeg","contentUrl":"https:\/\/mmkriepas.lv\/wp-content\/uploads\/2023\/09\/25540r18-maxxis-arctic-trekker-sp-02-95t-ziemas-riepas.jpeg","width":1920,"height":1920,"caption":"MAIN"},{"@type":"BreadcrumbList","@id":"https:\/\/mmkriepas.lv\/en\/p\/245-40r18-maxxis-arctic-trekker-sp-02-93s\/#breadcrumb","itemListElement":[{"@type":"ListItem","position":1,"name":"S\u0101kums","item":"https:\/\/mmkriepas.lv\/en\/"},{"@type":"ListItem","position":2,"name":"245\/40R18 Maxxis Arctic Trekker SP-02 93S RP"}]},{"@type":"WebSite","@id":"https:\/\/mmkriepas.lv\/en\/#website","url":"https:\/\/mmkriepas.lv\/en\/","name":"MMK Riepas","description":"MMK Riepas","alternateName":"MMK Riepu Serviss","potentialAction":[{"@type":"SearchAction","target":{"@type":"EntryPoint","urlTemplate":"https:\/\/mmkriepas.lv\/en\/?s={search_term_string}"},"query-input":{"@type":"PropertyValueSpecification","valueRequired":true,"valueName":"search_term_string"}}],"inLanguage":"en-US"},{"@type":"ImageObject","inLanguage":"en-US","@id":"https:\/\/mmkriepas.lv\/en\/p\/245-40r18-maxxis-arctic-trekker-sp-02-93s\/#local-main-organization-logo","url":"","contentUrl":"","caption":"MMK Riepas"}]},"product_brand":"Maxxis Arctic Trekker SP-02","product_price_amount":"107.00","product_price_currency":"EUR","og_availability":"instock","product_availability":"instock","product_retailer_item_id":"TW2454018MAXXI-L11873","product_condition":"new"},"_links":{"self":[{"href":"https:\/\/mmkriepas.lv\/en\/wp-json\/wp\/v2\/product\/343625","targetHints":{"allow":["GET"]}}],"collection":[{"href":"https:\/\/mmkriepas.lv\/en\/wp-json\/wp\/v2\/product"}],"about":[{"href":"https:\/\/mmkriepas.lv\/en\/wp-json\/wp\/v2\/types\/product"}],"wp:featuredmedia":[{"embeddable":true,"href":"https:\/\/mmkriepas.lv\/en\/wp-json\/wp\/v2\/media\/793465"}],"wp:attachment":[{"href":"https:\/\/mmkriepas.lv\/en\/wp-json\/wp\/v2\/media?parent=343625"}],"wp:term":[{"taxonomy":"product_brand","embeddable":true,"href":"https:\/\/mmkriepas.lv\/en\/wp-json\/wp\/v2\/product_brand?post=343625"},{"taxonomy":"product_cat","embeddable":true,"href":"https:\/\/mmkriepas.lv\/en\/wp-json\/wp\/v2\/product_cat?post=343625"},{"taxonomy":"product_tag","embeddable":true,"href":"https:\/\/mmkriepas.lv\/en\/wp-json\/wp\/v2\/product_tag?post=343625"}],"curies":[{"name":"wp","href":"https:\/\/api.w.org\/{rel}","templated":true}]}}