{"id":340372,"date":"2022-09-28T01:05:21","date_gmt":"2022-09-27T22:05:21","guid":{"rendered":"https:\/\/mmkserviss.lv\/?post_type=product&#038;p=340372"},"modified":"2026-02-07T17:31:49","modified_gmt":"2026-02-07T15:31:49","slug":"255-55r18-toyo-observe-g3-ice-109t-xl","status":"publish","type":"product","link":"https:\/\/mmkriepas.lv\/en\/p\/255-55r18-toyo-observe-g3-ice-109t-xl\/","title":{"rendered":"255\/55R18 Toyo Observe G3 Ice 109T XL"},"content":{"rendered":"<p><strong>Toyo Observe G3 Ice <\/strong>&#8211; Jap\u0101n\u0101 ra\u017eots Premium klases ziemas riepu modelis ar radz\u0113m. \u0160is modelis ir pieejams gan rad\u017eots, gan bez radz\u0113m! Pieejams pla\u0161\u0101 izm\u0113ru kl\u0101st\u0101, padarot to piem\u0113rotu lielai da\u013cai vieglo, krosoveru un pat apvidus jeb SUV automa\u0161\u012bnu. \u0160is riepu modelis izce\u013cas ar augstu veiktsp\u0113ju skarb\u0101kajos ziemas brauk\u0161anas apst\u0101k\u013cos.<\/p>\n<p><strong>Toyo Observe G3 Ice galven\u0101s iez\u012bmes:<\/strong><\/p>\n<p>+ Teicama sa\u0137ere uz ledus, pateicoties devi\u0146\u0101m rad\u017eu rind\u0101m,<\/p>\n<p>+ \u012apa\u0161i agres\u012bvs riepu protektora dizains, kas rezult\u0113jas lab\u0101k\u0101 sa\u0137er\u0113 ar sniegot\u0101m ce\u013ca virsm\u0101m,<\/p>\n<p>+ Uzlabots riepu gumijas sast\u0101vs, kas lieliski saglab\u0101 elast\u012bbu zem\u0101s gaisa temperat\u016br\u0101s,<\/p>\n<p>+ Uzlabota dren\u0101\u017eas kan\u0101lu sist\u0113ma, kas izcili izvada \u016bdeni un sniegu no riepu sa\u0137eres laukuma ar ce\u013cu,<\/p>\n<p>+ Paaugstin\u0101ta veiktsp\u0113ja slapjdra\u0146\u0137\u012b,<\/p>\n<p>+ Piem\u0113rot\u012bba pat skarb\u0101kajiem brauk\u0161anas apst\u0101k\u013ciem.<\/p>\n<p><strong>Observe G3 Ice apr\u012bkojums<\/strong><\/p>\n<p>\u0160is riepu modelis apr\u012bkots ar virzienveida protektora dizainu. T\u0101 mas\u012bvie, simetriski izvietotie protektora bloki pal\u012bdz c\u012b\u0146\u0101 ar dzi\u013cu sniegu. Blokos bl\u012bvi iestr\u0101d\u0101tas S formas pa\u0161blo\u0137\u0113jo\u0161\u0101s lameles. T\u0101s, non\u0101kot saskarsm\u0113 ar ce\u013cu atveras, izveidojot papildus sa\u0137eres kantes ar ce\u013cu.<\/p>\n<p>Protektora blokos devi\u0146\u0101s rind\u0101s izvietotas jauna dizaina, ner\u016bs\u0113jo\u0161\u0101 t\u0113rauda radzes, kas teicami veido sa\u0137eri ar ledu. Radzes paildzina ar\u012b riepu kalpotsp\u0113ju par l\u012bdz pat 25%.<\/p>\n<p>G3 Ice gumijas mais\u012bjumam pievienota virkne elastrom\u0113ru, kas \u013cauj \u0161im riepu modelim saglab\u0101t elast\u012bbu zem\u0101s gaisa temperat\u016br\u0101s. Elast\u012bga riepa ziem\u0101 daudz lab\u0101k veido sa\u0137eri ar ce\u013cu zem\u0101s gaisa temperat\u016br\u0101s.<\/p>\n","protected":false},"excerpt":{"rendered":"<p><strong>Toyo Observe G3 Ice <\/strong>&#8211; Jap\u0101n\u0101 ra\u017eots Premium klases ziemas riepu modelis ar radz\u0113m. \u0160is modelis ir pieejams gan rad\u017eots, gan bez radz\u0113m! Pieejams pla\u0161\u0101 izm\u0113ru kl\u0101st\u0101, padarot to piem\u0113rotu lielai da\u013cai vieglo, krosoveru un pat apvidus jeb SUV automa\u0161\u012bnu. \u0160is riepu modelis izce\u013cas ar augstu veiktsp\u0113ju skarb\u0101kajos ziemas brauk\u0161anas apst\u0101k\u013cos.<\/p>\n","protected":false},"featured_media":340371,"template":"","meta":{"_acf_changed":false,"ngg_post_thumbnail":0},"product_brand":[],"product_cat":[47,45],"product_tag":[],"class_list":{"0":"post-340372","1":"product","2":"type-product","3":"status-publish","4":"has-post-thumbnail","6":"product_cat-vissezonas-riepas","7":"product_cat-ziemas-riepas","9":"first","10":"instock","11":"sale","12":"taxable","13":"shipping-taxable","14":"product-type-simple"},"acf":[],"yoast_head":"<!-- This site is optimized with the Yoast SEO Premium plugin v22.6 (Yoast SEO v27.3) - https:\/\/yoast.com\/product\/yoast-seo-premium-wordpress\/ -->\n<title>255\/55R18 Toyo Observe G3 Ice 109T XL &#8226; MMK Riepas<\/title>\n<meta name=\"robots\" content=\"index, follow, max-snippet:-1, max-image-preview:large, max-video-preview:-1\" \/>\n<link rel=\"canonical\" href=\"https:\/\/mmkriepas.lv\/en\/p\/255-55r18-toyo-observe-g3-ice-109t-xl\/\" \/>\n<meta property=\"og:locale\" content=\"en_US\" \/>\n<meta property=\"og:type\" content=\"article\" \/>\n<meta property=\"og:title\" content=\"255\/55R18 Toyo Observe G3 Ice 109T XL\" \/>\n<meta property=\"og:description\" content=\"Toyo Observe G3 Ice - Jap\u0101n\u0101 ra\u017eots Premium klases ziemas riepu modelis ar radz\u0113m. \u0160is modelis ir pieejams gan rad\u017eots, gan bez radz\u0113m! Pieejams pla\u0161\u0101 izm\u0113ru kl\u0101st\u0101, padarot to piem\u0113rotu lielai da\u013cai vieglo, krosoveru un pat apvidus jeb SUV automa\u0161\u012bnu. \u0160is riepu modelis izce\u013cas ar augstu veiktsp\u0113ju skarb\u0101kajos ziemas brauk\u0161anas apst\u0101k\u013cos.\" \/>\n<meta property=\"og:url\" content=\"https:\/\/mmkriepas.lv\/en\/p\/255-55r18-toyo-observe-g3-ice-109t-xl\/\" \/>\n<meta property=\"og:site_name\" content=\"MMK Riepas\" \/>\n<meta property=\"article:publisher\" content=\"https:\/\/www.facebook.com\/mmkserviss\/\" \/>\n<meta property=\"article:modified_time\" content=\"2026-02-07T15:31:49+00:00\" \/>\n<meta property=\"og:image\" content=\"https:\/\/mmkriepas.lv\/wp-content\/uploads\/2022\/09\/25555r18-toyo-observe-g3-ice-109t-xl-ziemas-riepas.jpg\" \/>\n\t<meta property=\"og:image:width\" content=\"800\" \/>\n\t<meta property=\"og:image:height\" content=\"800\" \/>\n\t<meta property=\"og:image:type\" content=\"image\/jpeg\" \/>\n<meta name=\"twitter:card\" content=\"summary_large_image\" \/>\n<meta name=\"twitter:label1\" content=\"Price\" \/>\n\t<meta name=\"twitter:data1\" content=\"&euro;140.00\" \/>\n\t<meta name=\"twitter:label2\" content=\"Availability\" \/>\n\t<meta name=\"twitter:data2\" content=\"In stock\" \/>\n<script type=\"application\/ld+json\" class=\"yoast-schema-graph\">{\"@context\":\"https:\\\/\\\/schema.org\",\"@graph\":[{\"@type\":\"WebPage\",\"@id\":\"https:\\\/\\\/mmkriepas.lv\\\/en\\\/p\\\/255-55r18-toyo-observe-g3-ice-109t-xl\\\/\",\"url\":\"https:\\\/\\\/mmkriepas.lv\\\/en\\\/p\\\/255-55r18-toyo-observe-g3-ice-109t-xl\\\/\",\"name\":\"255\\\/55R18 Toyo Observe G3 Ice 109T XL &#8226; MMK Riepas\",\"isPartOf\":{\"@id\":\"https:\\\/\\\/mmkriepas.lv\\\/en\\\/#website\"},\"primaryImageOfPage\":{\"@id\":\"https:\\\/\\\/mmkriepas.lv\\\/en\\\/p\\\/255-55r18-toyo-observe-g3-ice-109t-xl\\\/#primaryimage\"},\"image\":{\"@id\":\"https:\\\/\\\/mmkriepas.lv\\\/en\\\/p\\\/255-55r18-toyo-observe-g3-ice-109t-xl\\\/#primaryimage\"},\"thumbnailUrl\":\"https:\\\/\\\/mmkriepas.lv\\\/wp-content\\\/uploads\\\/2022\\\/09\\\/25555r18-toyo-observe-g3-ice-109t-xl-ziemas-riepas.jpg\",\"datePublished\":\"2022-09-27T22:05:21+00:00\",\"dateModified\":\"2026-02-07T15:31:49+00:00\",\"breadcrumb\":{\"@id\":\"https:\\\/\\\/mmkriepas.lv\\\/en\\\/p\\\/255-55r18-toyo-observe-g3-ice-109t-xl\\\/#breadcrumb\"},\"inLanguage\":\"en-US\",\"potentialAction\":[{\"@type\":\"ReadAction\",\"target\":[\"https:\\\/\\\/mmkriepas.lv\\\/en\\\/p\\\/255-55r18-toyo-observe-g3-ice-109t-xl\\\/\"]}]},{\"@type\":\"ImageObject\",\"inLanguage\":\"en-US\",\"@id\":\"https:\\\/\\\/mmkriepas.lv\\\/en\\\/p\\\/255-55r18-toyo-observe-g3-ice-109t-xl\\\/#primaryimage\",\"url\":\"https:\\\/\\\/mmkriepas.lv\\\/wp-content\\\/uploads\\\/2022\\\/09\\\/25555r18-toyo-observe-g3-ice-109t-xl-ziemas-riepas.jpg\",\"contentUrl\":\"https:\\\/\\\/mmkriepas.lv\\\/wp-content\\\/uploads\\\/2022\\\/09\\\/25555r18-toyo-observe-g3-ice-109t-xl-ziemas-riepas.jpg\",\"width\":800,\"height\":800,\"caption\":\"255\\\/55R18 TOYO OBSERVE G3 ICE 109T XL - Ziemas riepas\"},{\"@type\":\"BreadcrumbList\",\"@id\":\"https:\\\/\\\/mmkriepas.lv\\\/en\\\/p\\\/255-55r18-toyo-observe-g3-ice-109t-xl\\\/#breadcrumb\",\"itemListElement\":[{\"@type\":\"ListItem\",\"position\":1,\"name\":\"S\u0101kums\",\"item\":\"https:\\\/\\\/mmkriepas.lv\\\/en\\\/\"},{\"@type\":\"ListItem\",\"position\":2,\"name\":\"255\\\/55R18 Toyo Observe G3 Ice 109T XL\"}]},{\"@type\":\"WebSite\",\"@id\":\"https:\\\/\\\/mmkriepas.lv\\\/en\\\/#website\",\"url\":\"https:\\\/\\\/mmkriepas.lv\\\/en\\\/\",\"name\":\"MMK Riepas\",\"description\":\"MMK Riepas\",\"alternateName\":\"MMK Riepu Serviss\",\"potentialAction\":[{\"@type\":\"SearchAction\",\"target\":{\"@type\":\"EntryPoint\",\"urlTemplate\":\"https:\\\/\\\/mmkriepas.lv\\\/en\\\/?s={search_term_string}\"},\"query-input\":{\"@type\":\"PropertyValueSpecification\",\"valueRequired\":true,\"valueName\":\"search_term_string\"}}],\"inLanguage\":\"en-US\"},{\"@type\":\"ImageObject\",\"inLanguage\":\"en-US\",\"@id\":\"https:\\\/\\\/mmkriepas.lv\\\/en\\\/p\\\/255-55r18-toyo-observe-g3-ice-109t-xl\\\/#local-main-organization-logo\",\"url\":\"\",\"contentUrl\":\"\",\"caption\":\"MMK Riepas\"}]}<\/script>\n<meta property=\"product:brand\" content=\"Toyo Observe G3 Ice\" \/>\n<meta property=\"product:price:amount\" content=\"140.00\" \/>\n<meta property=\"product:price:currency\" content=\"EUR\" \/>\n<meta property=\"og:availability\" content=\"instock\" \/>\n<meta property=\"product:availability\" content=\"instock\" \/>\n<meta property=\"product:retailer_item_id\" content=\"TW2555518TOYO-L11610\" \/>\n<meta property=\"product:condition\" content=\"new\" \/>\n<!-- \/ Yoast SEO Premium plugin. -->","yoast_head_json":{"title":"255\/55R18 Toyo Observe G3 Ice 109T XL &#8226; MMK Riepas","robots":{"index":"index","follow":"follow","max-snippet":"max-snippet:-1","max-image-preview":"max-image-preview:large","max-video-preview":"max-video-preview:-1"},"canonical":"https:\/\/mmkriepas.lv\/en\/p\/255-55r18-toyo-observe-g3-ice-109t-xl\/","og_locale":"en_US","og_type":"article","og_title":"255\/55R18 Toyo Observe G3 Ice 109T XL","og_description":"Toyo Observe G3 Ice - Jap\u0101n\u0101 ra\u017eots Premium klases ziemas riepu modelis ar radz\u0113m. \u0160is modelis ir pieejams gan rad\u017eots, gan bez radz\u0113m! Pieejams pla\u0161\u0101 izm\u0113ru kl\u0101st\u0101, padarot to piem\u0113rotu lielai da\u013cai vieglo, krosoveru un pat apvidus jeb SUV automa\u0161\u012bnu. \u0160is riepu modelis izce\u013cas ar augstu veiktsp\u0113ju skarb\u0101kajos ziemas brauk\u0161anas apst\u0101k\u013cos.","og_url":"https:\/\/mmkriepas.lv\/en\/p\/255-55r18-toyo-observe-g3-ice-109t-xl\/","og_site_name":"MMK Riepas","article_publisher":"https:\/\/www.facebook.com\/mmkserviss\/","article_modified_time":"2026-02-07T15:31:49+00:00","og_image":[{"width":800,"height":800,"url":"https:\/\/mmkriepas.lv\/wp-content\/uploads\/2022\/09\/25555r18-toyo-observe-g3-ice-109t-xl-ziemas-riepas.jpg","type":"image\/jpeg"}],"twitter_card":"summary_large_image","twitter_misc":{"Price":"&euro;140.00","Availability":"In stock"},"schema":{"@context":"https:\/\/schema.org","@graph":[{"@type":"WebPage","@id":"https:\/\/mmkriepas.lv\/en\/p\/255-55r18-toyo-observe-g3-ice-109t-xl\/","url":"https:\/\/mmkriepas.lv\/en\/p\/255-55r18-toyo-observe-g3-ice-109t-xl\/","name":"255\/55R18 Toyo Observe G3 Ice 109T XL &#8226; MMK Riepas","isPartOf":{"@id":"https:\/\/mmkriepas.lv\/en\/#website"},"primaryImageOfPage":{"@id":"https:\/\/mmkriepas.lv\/en\/p\/255-55r18-toyo-observe-g3-ice-109t-xl\/#primaryimage"},"image":{"@id":"https:\/\/mmkriepas.lv\/en\/p\/255-55r18-toyo-observe-g3-ice-109t-xl\/#primaryimage"},"thumbnailUrl":"https:\/\/mmkriepas.lv\/wp-content\/uploads\/2022\/09\/25555r18-toyo-observe-g3-ice-109t-xl-ziemas-riepas.jpg","datePublished":"2022-09-27T22:05:21+00:00","dateModified":"2026-02-07T15:31:49+00:00","breadcrumb":{"@id":"https:\/\/mmkriepas.lv\/en\/p\/255-55r18-toyo-observe-g3-ice-109t-xl\/#breadcrumb"},"inLanguage":"en-US","potentialAction":[{"@type":"ReadAction","target":["https:\/\/mmkriepas.lv\/en\/p\/255-55r18-toyo-observe-g3-ice-109t-xl\/"]}]},{"@type":"ImageObject","inLanguage":"en-US","@id":"https:\/\/mmkriepas.lv\/en\/p\/255-55r18-toyo-observe-g3-ice-109t-xl\/#primaryimage","url":"https:\/\/mmkriepas.lv\/wp-content\/uploads\/2022\/09\/25555r18-toyo-observe-g3-ice-109t-xl-ziemas-riepas.jpg","contentUrl":"https:\/\/mmkriepas.lv\/wp-content\/uploads\/2022\/09\/25555r18-toyo-observe-g3-ice-109t-xl-ziemas-riepas.jpg","width":800,"height":800,"caption":"255\/55R18 TOYO OBSERVE G3 ICE 109T XL - Ziemas riepas"},{"@type":"BreadcrumbList","@id":"https:\/\/mmkriepas.lv\/en\/p\/255-55r18-toyo-observe-g3-ice-109t-xl\/#breadcrumb","itemListElement":[{"@type":"ListItem","position":1,"name":"S\u0101kums","item":"https:\/\/mmkriepas.lv\/en\/"},{"@type":"ListItem","position":2,"name":"255\/55R18 Toyo Observe G3 Ice 109T XL"}]},{"@type":"WebSite","@id":"https:\/\/mmkriepas.lv\/en\/#website","url":"https:\/\/mmkriepas.lv\/en\/","name":"MMK Riepas","description":"MMK Riepas","alternateName":"MMK Riepu Serviss","potentialAction":[{"@type":"SearchAction","target":{"@type":"EntryPoint","urlTemplate":"https:\/\/mmkriepas.lv\/en\/?s={search_term_string}"},"query-input":{"@type":"PropertyValueSpecification","valueRequired":true,"valueName":"search_term_string"}}],"inLanguage":"en-US"},{"@type":"ImageObject","inLanguage":"en-US","@id":"https:\/\/mmkriepas.lv\/en\/p\/255-55r18-toyo-observe-g3-ice-109t-xl\/#local-main-organization-logo","url":"","contentUrl":"","caption":"MMK Riepas"}]},"product_brand":"Toyo Observe G3 Ice","product_price_amount":"140.00","product_price_currency":"EUR","og_availability":"instock","product_availability":"instock","product_retailer_item_id":"TW2555518TOYO-L11610","product_condition":"new"},"_links":{"self":[{"href":"https:\/\/mmkriepas.lv\/en\/wp-json\/wp\/v2\/product\/340372","targetHints":{"allow":["GET"]}}],"collection":[{"href":"https:\/\/mmkriepas.lv\/en\/wp-json\/wp\/v2\/product"}],"about":[{"href":"https:\/\/mmkriepas.lv\/en\/wp-json\/wp\/v2\/types\/product"}],"wp:featuredmedia":[{"embeddable":true,"href":"https:\/\/mmkriepas.lv\/en\/wp-json\/wp\/v2\/media\/340371"}],"wp:attachment":[{"href":"https:\/\/mmkriepas.lv\/en\/wp-json\/wp\/v2\/media?parent=340372"}],"wp:term":[{"taxonomy":"product_brand","embeddable":true,"href":"https:\/\/mmkriepas.lv\/en\/wp-json\/wp\/v2\/product_brand?post=340372"},{"taxonomy":"product_cat","embeddable":true,"href":"https:\/\/mmkriepas.lv\/en\/wp-json\/wp\/v2\/product_cat?post=340372"},{"taxonomy":"product_tag","embeddable":true,"href":"https:\/\/mmkriepas.lv\/en\/wp-json\/wp\/v2\/product_tag?post=340372"}],"curies":[{"name":"wp","href":"https:\/\/api.w.org\/{rel}","templated":true}]}}