{"id":327293,"date":"2022-09-19T17:17:27","date_gmt":"2022-09-19T14:17:27","guid":{"rendered":"https:\/\/mmkserviss.lv\/?post_type=product&#038;p=327293"},"modified":"2026-02-07T17:32:26","modified_gmt":"2026-02-07T15:32:26","slug":"185-80r14c-triangle-tr737-102-100q-2","status":"publish","type":"product","link":"https:\/\/mmkriepas.lv\/en\/p\/185-80r14c-triangle-tr737-102-100q-2\/","title":{"rendered":"185\/80R14C Triangle TR737 102\/100Q"},"content":{"rendered":"<p>Ziemas sezonai paredz\u0113t\u0101 komerctransporta riepa <strong>Triangle TR737<\/strong> ir viens no daudzajiem jaunumiem, ko \u013coti \u012bs\u0101 laika posm\u0101 prezent\u0113jis nu jau vis\u0101 pasaul\u0113 zin\u0101mais bud\u017eeta klases ra\u017eot\u0101js. \u0160is mikroautobusiem un vieglaj\u0101m automa\u0161\u012bn\u0101m paredz\u0113tais modelis izce\u013cas ne tikai ar pievilc\u012bgu cenu, bet ar\u012b ar lab\u0101m ekspluat\u0101cijas \u012bpa\u0161\u012bb\u0101m. \u0160\u0101da kombin\u0101cija pan\u0101kta, pateicoties Somijas speci\u0101listu piesaist\u012b\u0161anai riepas izstr\u0101des proces\u0101.<\/p>\n<p><strong>Triangle TR737 galven\u0101s \u012bpa\u0161\u012bbas<\/strong><\/p>\n<p>&#8211; protektora z\u012bm\u0113juma atkl\u0101tais dizains ar lielu skaitu atsevi\u0161\u0137u bloku nodro\u0161ina p\u0101rliecino\u0161u sniegumu da\u017e\u0101dos ziemas apst\u0101k\u013cos;<\/p>\n<p>&#8211; Protektoru veidojo\u0161ie bloki ir daudzst\u016brainas formas un s\u0101nu plecu da\u013c\u0101 tie apr\u012bkoti ar \u012bpa\u0161iem sa\u0137eres elementiem, kas rezult\u0101t\u0101 uzlabojis vilces un sa\u0137eres \u012bpa\u0161\u012bbas uz apsnigu\u0161iem ce\u013ciem;<\/p>\n<p>&#8211; atkar\u012bb\u0101 no riepas platuma, pieejamas divas versijas &#8211; ar \u010detr\u0101m vai piec\u0101m protektora rib\u0101m;<\/p>\n<p>&#8211; pateicoties dren\u0101\u017eas rievu lielajam izm\u0113ram un skaitam, riepai ir lieliska notur\u012bba gan pret akvaplan\u0113\u0161anu gan ar\u012b s\u0101nsl\u012bdi;<\/p>\n<p>&#8211; plakans protektora profils un mas\u012bvs protektora bloku izm\u0113rs palielina kravnes\u012bbu, nov\u0113r\u0161 nevienm\u0113r\u012bgu nodilumu, nodro\u0161inot stabilit\u0101ti;<\/p>\n<p>&#8211; vair\u0101ki t\u016bksto\u0161i zigzagveida lame\u013cu uzlabo sa\u0137eri uz slapja asfalta, ledus un nobliet\u0113ta sniega.<\/p>\n<p><strong>Triangle TR737 viena un t\u0101 pati riepa &#8211; divas versijas<\/strong><\/p>\n<p>Atkar\u012bb\u0101 no izm\u0113riem, <strong>Triangle TR737<\/strong> tiek pied\u0101v\u0101ts div\u0101s versij\u0101s, kas viena no atras at\u0161\u0137iras tikai ar protektora z\u012bm\u0113juma dizainu. Riep\u0101m ar plat\u0101ku protektoru centr\u0101 ir novietota papildus gareniska &#8220;riba&#8221;, savuk\u0101rt \u0161aur\u0101kiem mode\u013ciem t\u0101s nav, t\u0101dej\u0101di veidojot 4 ribu dizainu. Ja neskaita \u0161o at\u0161\u0137ir\u012bbu, tad abas modifik\u0101cijas ir absol\u016bti identiskas.<\/p>\n<p><strong>Protektoru veidojo\u0161ie bloki ir daudzst\u016bra form\u0101<\/strong><\/p>\n<p>P\u0101r\u0113jais \u0161\u012bs riepas protektora z\u012bm\u0113jums, iz\u0146emot centr\u0101lo garenisko ribu, sast\u0101v no daudziem atsevi\u0161\u0137iem blokiem. Tie izce\u013cas ar daudzst\u016brainu \u0123eometrisko formu, kuras d\u0113\u013c kontakta laukum\u0101 veidojas \u013coti daudz asu lame\u013cu \u0161\u0137aut\u0146u. T\u0101s riepai nodro\u0161ina lielisku sa\u0137eri gan snieg\u0101, gan liet\u016b t\u0101dej\u0101di pastiprinot dro\u0161\u012bbu nelabv\u0113l\u012bgos laikapst\u0101k\u013cos.<\/p>\n<p><strong>Triangle TR737 &#8211; optimiz\u0113ts \u0101r\u0113j\u0101s slodzes sadal\u012bjums<\/strong><\/p>\n<p>Papildus daudzst\u016bra formai visi protektora elementi izce\u013cas ar mas\u012bviem izm\u0113riem. Kop\u0101 ar simetrisko izvietojumu un plakano protektora profilu tas iev\u0113rojami optimiz\u0113 \u0101r\u0113j\u0101s slodzes sadal\u012bjumu pa kontakta laukumu, kas, savuk\u0101rt, uzlabo vair\u0101kas svar\u012bgas veiktsp\u0113jas \u012bpa\u0161\u012bbas. Pirmk\u0101rt, tas ir uzlabojums kravnes\u012bb\u0101, nodro\u0161inot stabilit\u0101ti un paredzam\u012bbu automob\u012b\u013ca vad\u0101m\u012bbai, k\u0101 ar\u012b, tas pan\u0101k riepas vienm\u0113r\u012bgu nodil\u0161anu.<\/p>\n","protected":false},"excerpt":{"rendered":"<p><strong>Triangle TR737<\/strong> &#8211; komerctransporta jeb busu vissezonas\/ziemas riepu modelis. Izteikti laba sa\u0137ere gan snieg\u0101, gan uz slapja asfalta, teicama nodilumiztur\u012bba un degvielas ekonomija.<\/p>\n","protected":false},"featured_media":327292,"template":"","meta":{"_acf_changed":false,"ngg_post_thumbnail":0},"product_brand":[],"product_cat":[47,45],"product_tag":[],"class_list":{"0":"post-327293","1":"product","2":"type-product","3":"status-publish","4":"has-post-thumbnail","6":"product_cat-vissezonas-riepas","7":"product_cat-ziemas-riepas","9":"first","10":"instock","11":"sale","12":"taxable","13":"shipping-taxable","14":"product-type-simple"},"acf":[],"yoast_head":"<!-- This site is optimized with the Yoast SEO Premium plugin v22.6 (Yoast SEO v27.3) - https:\/\/yoast.com\/product\/yoast-seo-premium-wordpress\/ -->\n<title>185\/80R14C Triangle TR737 102\/100Q &#8226; MMK Riepas<\/title>\n<meta name=\"robots\" content=\"index, follow, max-snippet:-1, max-image-preview:large, max-video-preview:-1\" \/>\n<link rel=\"canonical\" href=\"https:\/\/mmkriepas.lv\/en\/p\/185-80r14c-triangle-tr737-102-100q-2\/\" \/>\n<meta property=\"og:locale\" content=\"en_US\" \/>\n<meta property=\"og:type\" content=\"article\" \/>\n<meta property=\"og:title\" content=\"185\/80R14C Triangle TR737 102\/100Q\" \/>\n<meta property=\"og:description\" content=\"Triangle TR737 - komerctransporta jeb busu vissezonas\/ziemas riepu modelis. Izteikti laba sa\u0137ere gan snieg\u0101, gan uz slapja asfalta, teicama nodilumiztur\u012bba un degvielas ekonomija.\" \/>\n<meta property=\"og:url\" content=\"https:\/\/mmkriepas.lv\/en\/p\/185-80r14c-triangle-tr737-102-100q-2\/\" \/>\n<meta property=\"og:site_name\" content=\"MMK Riepas\" \/>\n<meta property=\"article:publisher\" content=\"https:\/\/www.facebook.com\/mmkserviss\/\" \/>\n<meta property=\"article:modified_time\" content=\"2026-02-07T15:32:26+00:00\" \/>\n<meta property=\"og:image\" content=\"https:\/\/mmkriepas.lv\/wp-content\/uploads\/2022\/09\/18580r14c-triangle-tr737-102100q-ziemas-riepas.jpg\" \/>\n\t<meta property=\"og:image:width\" content=\"800\" \/>\n\t<meta property=\"og:image:height\" content=\"800\" \/>\n\t<meta property=\"og:image:type\" content=\"image\/jpeg\" \/>\n<meta name=\"twitter:card\" content=\"summary_large_image\" \/>\n<meta name=\"twitter:label1\" content=\"Price\" \/>\n\t<meta name=\"twitter:data1\" content=\"&euro;59.00\" \/>\n\t<meta name=\"twitter:label2\" content=\"Availability\" \/>\n\t<meta name=\"twitter:data2\" content=\"In stock\" \/>\n<script type=\"application\/ld+json\" class=\"yoast-schema-graph\">{\"@context\":\"https:\\\/\\\/schema.org\",\"@graph\":[{\"@type\":\"WebPage\",\"@id\":\"https:\\\/\\\/mmkriepas.lv\\\/en\\\/p\\\/185-80r14c-triangle-tr737-102-100q-2\\\/\",\"url\":\"https:\\\/\\\/mmkriepas.lv\\\/en\\\/p\\\/185-80r14c-triangle-tr737-102-100q-2\\\/\",\"name\":\"185\\\/80R14C Triangle TR737 102\\\/100Q &#8226; MMK Riepas\",\"isPartOf\":{\"@id\":\"https:\\\/\\\/mmkriepas.lv\\\/en\\\/#website\"},\"primaryImageOfPage\":{\"@id\":\"https:\\\/\\\/mmkriepas.lv\\\/en\\\/p\\\/185-80r14c-triangle-tr737-102-100q-2\\\/#primaryimage\"},\"image\":{\"@id\":\"https:\\\/\\\/mmkriepas.lv\\\/en\\\/p\\\/185-80r14c-triangle-tr737-102-100q-2\\\/#primaryimage\"},\"thumbnailUrl\":\"https:\\\/\\\/mmkriepas.lv\\\/wp-content\\\/uploads\\\/2022\\\/09\\\/18580r14c-triangle-tr737-102100q-ziemas-riepas.jpg\",\"datePublished\":\"2022-09-19T14:17:27+00:00\",\"dateModified\":\"2026-02-07T15:32:26+00:00\",\"breadcrumb\":{\"@id\":\"https:\\\/\\\/mmkriepas.lv\\\/en\\\/p\\\/185-80r14c-triangle-tr737-102-100q-2\\\/#breadcrumb\"},\"inLanguage\":\"en-US\",\"potentialAction\":[{\"@type\":\"ReadAction\",\"target\":[\"https:\\\/\\\/mmkriepas.lv\\\/en\\\/p\\\/185-80r14c-triangle-tr737-102-100q-2\\\/\"]}]},{\"@type\":\"ImageObject\",\"inLanguage\":\"en-US\",\"@id\":\"https:\\\/\\\/mmkriepas.lv\\\/en\\\/p\\\/185-80r14c-triangle-tr737-102-100q-2\\\/#primaryimage\",\"url\":\"https:\\\/\\\/mmkriepas.lv\\\/wp-content\\\/uploads\\\/2022\\\/09\\\/18580r14c-triangle-tr737-102100q-ziemas-riepas.jpg\",\"contentUrl\":\"https:\\\/\\\/mmkriepas.lv\\\/wp-content\\\/uploads\\\/2022\\\/09\\\/18580r14c-triangle-tr737-102100q-ziemas-riepas.jpg\",\"width\":800,\"height\":800,\"caption\":\"185\\\/80R14C TRIANGLE TR737 102\\\/100Q - Ziemas riepas\"},{\"@type\":\"BreadcrumbList\",\"@id\":\"https:\\\/\\\/mmkriepas.lv\\\/en\\\/p\\\/185-80r14c-triangle-tr737-102-100q-2\\\/#breadcrumb\",\"itemListElement\":[{\"@type\":\"ListItem\",\"position\":1,\"name\":\"S\u0101kums\",\"item\":\"https:\\\/\\\/mmkriepas.lv\\\/en\\\/\"},{\"@type\":\"ListItem\",\"position\":2,\"name\":\"185\\\/80R14C Triangle TR737 102\\\/100Q\"}]},{\"@type\":\"WebSite\",\"@id\":\"https:\\\/\\\/mmkriepas.lv\\\/en\\\/#website\",\"url\":\"https:\\\/\\\/mmkriepas.lv\\\/en\\\/\",\"name\":\"MMK Riepas\",\"description\":\"MMK Riepas\",\"alternateName\":\"MMK Riepu Serviss\",\"potentialAction\":[{\"@type\":\"SearchAction\",\"target\":{\"@type\":\"EntryPoint\",\"urlTemplate\":\"https:\\\/\\\/mmkriepas.lv\\\/en\\\/?s={search_term_string}\"},\"query-input\":{\"@type\":\"PropertyValueSpecification\",\"valueRequired\":true,\"valueName\":\"search_term_string\"}}],\"inLanguage\":\"en-US\"},{\"@type\":\"ImageObject\",\"inLanguage\":\"en-US\",\"@id\":\"https:\\\/\\\/mmkriepas.lv\\\/en\\\/p\\\/185-80r14c-triangle-tr737-102-100q-2\\\/#local-main-organization-logo\",\"url\":\"\",\"contentUrl\":\"\",\"caption\":\"MMK Riepas\"}]}<\/script>\n<meta property=\"product:brand\" content=\"Triangle TR737\" \/>\n<meta property=\"product:price:amount\" content=\"59.00\" \/>\n<meta property=\"product:price:currency\" content=\"EUR\" \/>\n<meta property=\"og:availability\" content=\"instock\" \/>\n<meta property=\"product:availability\" content=\"instock\" \/>\n<meta property=\"product:retailer_item_id\" content=\"TW1858014TRIAN-L11184\" \/>\n<meta property=\"product:condition\" content=\"new\" \/>\n<!-- \/ Yoast SEO Premium plugin. -->","yoast_head_json":{"title":"185\/80R14C Triangle TR737 102\/100Q &#8226; MMK Riepas","robots":{"index":"index","follow":"follow","max-snippet":"max-snippet:-1","max-image-preview":"max-image-preview:large","max-video-preview":"max-video-preview:-1"},"canonical":"https:\/\/mmkriepas.lv\/en\/p\/185-80r14c-triangle-tr737-102-100q-2\/","og_locale":"en_US","og_type":"article","og_title":"185\/80R14C Triangle TR737 102\/100Q","og_description":"Triangle TR737 - komerctransporta jeb busu vissezonas\/ziemas riepu modelis. Izteikti laba sa\u0137ere gan snieg\u0101, gan uz slapja asfalta, teicama nodilumiztur\u012bba un degvielas ekonomija.","og_url":"https:\/\/mmkriepas.lv\/en\/p\/185-80r14c-triangle-tr737-102-100q-2\/","og_site_name":"MMK Riepas","article_publisher":"https:\/\/www.facebook.com\/mmkserviss\/","article_modified_time":"2026-02-07T15:32:26+00:00","og_image":[{"width":800,"height":800,"url":"https:\/\/mmkriepas.lv\/wp-content\/uploads\/2022\/09\/18580r14c-triangle-tr737-102100q-ziemas-riepas.jpg","type":"image\/jpeg"}],"twitter_card":"summary_large_image","twitter_misc":{"Price":"&euro;59.00","Availability":"In stock"},"schema":{"@context":"https:\/\/schema.org","@graph":[{"@type":"WebPage","@id":"https:\/\/mmkriepas.lv\/en\/p\/185-80r14c-triangle-tr737-102-100q-2\/","url":"https:\/\/mmkriepas.lv\/en\/p\/185-80r14c-triangle-tr737-102-100q-2\/","name":"185\/80R14C Triangle TR737 102\/100Q &#8226; MMK Riepas","isPartOf":{"@id":"https:\/\/mmkriepas.lv\/en\/#website"},"primaryImageOfPage":{"@id":"https:\/\/mmkriepas.lv\/en\/p\/185-80r14c-triangle-tr737-102-100q-2\/#primaryimage"},"image":{"@id":"https:\/\/mmkriepas.lv\/en\/p\/185-80r14c-triangle-tr737-102-100q-2\/#primaryimage"},"thumbnailUrl":"https:\/\/mmkriepas.lv\/wp-content\/uploads\/2022\/09\/18580r14c-triangle-tr737-102100q-ziemas-riepas.jpg","datePublished":"2022-09-19T14:17:27+00:00","dateModified":"2026-02-07T15:32:26+00:00","breadcrumb":{"@id":"https:\/\/mmkriepas.lv\/en\/p\/185-80r14c-triangle-tr737-102-100q-2\/#breadcrumb"},"inLanguage":"en-US","potentialAction":[{"@type":"ReadAction","target":["https:\/\/mmkriepas.lv\/en\/p\/185-80r14c-triangle-tr737-102-100q-2\/"]}]},{"@type":"ImageObject","inLanguage":"en-US","@id":"https:\/\/mmkriepas.lv\/en\/p\/185-80r14c-triangle-tr737-102-100q-2\/#primaryimage","url":"https:\/\/mmkriepas.lv\/wp-content\/uploads\/2022\/09\/18580r14c-triangle-tr737-102100q-ziemas-riepas.jpg","contentUrl":"https:\/\/mmkriepas.lv\/wp-content\/uploads\/2022\/09\/18580r14c-triangle-tr737-102100q-ziemas-riepas.jpg","width":800,"height":800,"caption":"185\/80R14C TRIANGLE TR737 102\/100Q - Ziemas riepas"},{"@type":"BreadcrumbList","@id":"https:\/\/mmkriepas.lv\/en\/p\/185-80r14c-triangle-tr737-102-100q-2\/#breadcrumb","itemListElement":[{"@type":"ListItem","position":1,"name":"S\u0101kums","item":"https:\/\/mmkriepas.lv\/en\/"},{"@type":"ListItem","position":2,"name":"185\/80R14C Triangle TR737 102\/100Q"}]},{"@type":"WebSite","@id":"https:\/\/mmkriepas.lv\/en\/#website","url":"https:\/\/mmkriepas.lv\/en\/","name":"MMK Riepas","description":"MMK Riepas","alternateName":"MMK Riepu Serviss","potentialAction":[{"@type":"SearchAction","target":{"@type":"EntryPoint","urlTemplate":"https:\/\/mmkriepas.lv\/en\/?s={search_term_string}"},"query-input":{"@type":"PropertyValueSpecification","valueRequired":true,"valueName":"search_term_string"}}],"inLanguage":"en-US"},{"@type":"ImageObject","inLanguage":"en-US","@id":"https:\/\/mmkriepas.lv\/en\/p\/185-80r14c-triangle-tr737-102-100q-2\/#local-main-organization-logo","url":"","contentUrl":"","caption":"MMK Riepas"}]},"product_brand":"Triangle TR737","product_price_amount":"59.00","product_price_currency":"EUR","og_availability":"instock","product_availability":"instock","product_retailer_item_id":"TW1858014TRIAN-L11184","product_condition":"new"},"_links":{"self":[{"href":"https:\/\/mmkriepas.lv\/en\/wp-json\/wp\/v2\/product\/327293","targetHints":{"allow":["GET"]}}],"collection":[{"href":"https:\/\/mmkriepas.lv\/en\/wp-json\/wp\/v2\/product"}],"about":[{"href":"https:\/\/mmkriepas.lv\/en\/wp-json\/wp\/v2\/types\/product"}],"wp:featuredmedia":[{"embeddable":true,"href":"https:\/\/mmkriepas.lv\/en\/wp-json\/wp\/v2\/media\/327292"}],"wp:attachment":[{"href":"https:\/\/mmkriepas.lv\/en\/wp-json\/wp\/v2\/media?parent=327293"}],"wp:term":[{"taxonomy":"product_brand","embeddable":true,"href":"https:\/\/mmkriepas.lv\/en\/wp-json\/wp\/v2\/product_brand?post=327293"},{"taxonomy":"product_cat","embeddable":true,"href":"https:\/\/mmkriepas.lv\/en\/wp-json\/wp\/v2\/product_cat?post=327293"},{"taxonomy":"product_tag","embeddable":true,"href":"https:\/\/mmkriepas.lv\/en\/wp-json\/wp\/v2\/product_tag?post=327293"}],"curies":[{"name":"wp","href":"https:\/\/api.w.org\/{rel}","templated":true}]}}