{"id":3260,"date":"2016-10-07T11:27:22","date_gmt":"2016-10-07T08:27:22","guid":{"rendered":"https:\/\/mmkserviss.lv\/katalogs\/uncategorized\/ziemas-vissezonas-riepas-20565r15-sunfull-sf-982-94h\/"},"modified":"2024-05-03T11:52:41","modified_gmt":"2024-05-03T08:52:41","slug":"ziemas-vissezonas-riepas-20565r15-sunfull-sf-982-94h","status":"publish","type":"product","link":"https:\/\/mmkriepas.lv\/en\/p\/ziemas-vissezonas-riepas-20565r15-sunfull-sf-982-94h\/","title":{"rendered":"205\/65R15 Sunfull SF-982 94H"},"content":{"rendered":"<p><strong>Sunfull SF-982 <\/strong>ziemas\/vissezonas riepu modelis ticis izstr\u0101d\u0101ts, \u0146emot v\u0113r\u0101 Zieme\u013cvalstu klimatiskos apst\u0101k\u013cus. Bud\u017eeta klas\u0113 tas izce\u013cas ar l\u012bdzsvarot\u0101m un vispus\u012bg\u0101m ekspluat\u0101cijas \u012bpa\u0161\u012bb\u0101m jebk\u0101dos brauk\u0161anas apst\u0101k\u013cos.<\/p>\n<p><strong>SF-982 galven\u0101s iez\u012bmes<\/strong><\/p>\n<p>+ Asimetrisks protektors ar sadal\u012bjumu funkcion\u0101los posmos nodro\u0161ina efektivit\u0101ti jebkuros apst\u0101k\u013cos<\/p>\n<p>+ Protektor\u0101 iestr\u0101d\u0101tas vi\u013c\u0146veida lameles, kas vienlaikus uzlabo veiktsp\u0113ju gan vasaras, gan ziemas apst\u0101k\u013cos<\/p>\n<p>+ Gareniska riba riepas konstrukcijas uzb\u016bv\u0113 palielina vad\u012bbas precizit\u0101ti un stabilit\u0101ti<\/p>\n<p>+ Plati plecu bloki samazina s\u0101nsl\u012bdes risku manevr\u0113\u0161anas laik\u0101<\/p>\n<p><strong>SF-982 apr\u012bkojums<\/strong><\/p>\n<p><strong>Sunfull SF-982<\/strong> izv\u0113l\u0113ts asimetrisks protektora dizains, lai apvienotu optim\u0101lus veiktsp\u0113jas r\u0101d\u012bt\u0101jus gan vasaras, gan ziemas apst\u0101k\u013cos. Taisnie, gareniskie dren\u0101\u017eas kan\u0101li b\u016btiski samazina akvaplan\u0113\u0161anas risku vasar\u0101, toties as\u0101 le\u0146\u0137\u012b izvietotie, mas\u012bvie protektora bloki uzlabo veiktsp\u0113ju snieg\u0101 un slapjdra\u0146\u0137\u012b. Protektora blokos iestr\u0101d\u0101tas lameles, kuras ziem\u0101 pal\u012bdz veidot sa\u0137eri ar apledoju\u0161\u0101m ce\u013ca virsm\u0101m, k\u0101 ar\u012b pal\u012bdz sausin\u0101t riepu saskares virsmu ar ce\u013cu jebk\u0101dos apst\u0101k\u013cos. Turkl\u0101t, \u0161is riepu modelis citu bud\u017eeta klas\u0113 izce\u013cas ar teicamu nodilumiztur\u012bbu un dzi\u013cu protektora dizainu. Latvij\u0101 tas izpeln\u012bjies milz\u012bgu popularit\u0101ti to autovad\u012bt\u0101ju vid\u016b, kas ikdien\u0101 m\u0113dz sastapties ar visda\u017e\u0101d\u0101kajiem brauk\u0161anas apst\u0101k\u013ciem &#8211; no sausa pils\u0113tas asfalta l\u012bdz apledoju\u0161iem un sniegotiem zemes ce\u013ciem, SF-982 b\u016bs viena no lab\u0101kaj\u0101m izv\u0113l\u0113m bud\u017eeta klas\u0113.\u00a0<\/p>\n<h3><b>Sunfull SF-982 galven\u0101s iez\u012bmes<\/b><\/h3>\n<p><span style=\"font-weight: 400;\">+ Asimetrisks protektors ar sadal\u012bjumu funkcion\u0101los posmos nodro\u0161ina efektivit\u0101ti jebkuros apst\u0101k\u013cos<\/span><\/p>\n<p><span style=\"font-weight: 400;\">+ Protektor\u0101 iestr\u0101d\u0101tas vi\u013c\u0146veida lameles, kas vienlaikus uzlabo veiktsp\u0113ju gan vasaras, gan ziemas apst\u0101k\u013cos<\/span><\/p>\n<p><span style=\"font-weight: 400;\">+ Gareniska riba riepas konstrukcijas uzb\u016bv\u0113 palielina vad\u012bbas precizit\u0101ti un stabilit\u0101ti<\/span><\/p>\n<p><span style=\"font-weight: 400;\">+ Plati plecu bloki samazina s\u0101nsl\u012bdes risku manevr\u0113\u0161anas laik\u0101<\/span><\/p>\n<h3><b>SF-982 apr\u012bkojums<\/b><\/h3>\n<p><b>Sunfull SF-982<\/b><span style=\"font-weight: 400;\"> izv\u0113l\u0113ts asimetrisks protektora dizains, lai apvienotu optim\u0101lus veiktsp\u0113jas r\u0101d\u012bt\u0101jus gan vasaras, gan ziemas apst\u0101k\u013cos. Taisnie, gareniskie dren\u0101\u017eas kan\u0101li b\u016btiski samazina akvaplan\u0113\u0161anas risku vasar\u0101, toties as\u0101 le\u0146\u0137\u012b izvietotie, mas\u012bvie protektora bloki uzlabo veiktsp\u0113ju snieg\u0101 un slapjdra\u0146\u0137\u012b.<\/span><\/p>\n<p><span style=\"font-weight: 400;\">Protektora blokos iestr\u0101d\u0101tas lameles, kuras ziem\u0101 pal\u012bdz veidot sa\u0137eri ar apledoju\u0161\u0101m ce\u013ca virsm\u0101m, k\u0101 ar\u012b pal\u012bdz sausin\u0101t riepu saskares virsmu ar ce\u013cu jebk\u0101dos apst\u0101k\u013cos.<\/span><\/p>\n<p><span style=\"font-weight: 400;\">Turkl\u0101t, \u0161is riepu modelis citu bud\u017eeta klas\u0113 izce\u013cas ar teicamu nodilumiztur\u012bbu un dzi\u013cu protektora dizainu. Latvij\u0101 tas izpeln\u012bjies milz\u012bgu popularit\u0101ti to autovad\u012bt\u0101ju vid\u016b, kas ikdien\u0101 m\u0113dz sastapties ar visda\u017e\u0101d\u0101kajiem brauk\u0161anas apst\u0101k\u013ciem &#8211; no sausa pils\u0113tas asfalta l\u012bdz apledoju\u0161iem un sniegotiem zemes ce\u013ciem, SF-982 b\u016bs viena no lab\u0101kaj\u0101m izv\u0113l\u0113m bud\u017eeta klas\u0113.<\/span><span><\/span><\/p>\n","protected":false},"excerpt":{"rendered":"<p><strong>Sunfull SF-982 <\/strong>ziemas\/vissezonas riepu modelis ticis izstr\u0101d\u0101ts, \u0146emot v\u0113r\u0101 Zieme\u013cvalstu klimatiskos apst\u0101k\u013cus. Bud\u017eeta klas\u0113 tas izce\u013cas ar l\u012bdzsvarot\u0101m un vispus\u012bg\u0101m ekspluat\u0101cijas \u012bpa\u0161\u012bb\u0101m jebk\u0101dos brauk\u0161anas apst\u0101k\u013cos.<\/p>\n","protected":false},"featured_media":793411,"template":"","meta":{"_acf_changed":false,"ngg_post_thumbnail":0},"product_brand":[],"product_cat":[47,45],"product_tag":[],"class_list":{"0":"post-3260","1":"product","2":"type-product","3":"status-publish","4":"has-post-thumbnail","6":"product_cat-vissezonas-riepas","7":"product_cat-ziemas-riepas","9":"first","10":"instock","11":"sale","12":"taxable","13":"shipping-taxable","14":"product-type-simple"},"acf":[],"yoast_head":"<!-- This site is optimized with the Yoast SEO Premium plugin v22.6 (Yoast SEO v27.3) - https:\/\/yoast.com\/product\/yoast-seo-premium-wordpress\/ -->\n<title>205\/65R15 Sunfull SF-982 94H &#8226; MMK Riepas<\/title>\n<meta name=\"description\" content=\"Sunfull SF982 ir popul\u0101r\u0101kais SUNFULL M+S riepu modelis . Pieejams visos izm\u0113ros un pla\u0161\u0101 kl\u0101st\u0101 abos MMK riepu centros R\u012bg\u0101!\" \/>\n<meta name=\"robots\" content=\"index, follow, max-snippet:-1, max-image-preview:large, max-video-preview:-1\" \/>\n<link rel=\"canonical\" href=\"https:\/\/mmkriepas.lv\/en\/p\/ziemas-vissezonas-riepas-20565r15-sunfull-sf-982-94h\/\" \/>\n<meta property=\"og:locale\" content=\"en_US\" \/>\n<meta property=\"og:type\" content=\"article\" \/>\n<meta property=\"og:title\" content=\"205\/65R15 Sunfull SF-982 94H\" \/>\n<meta property=\"og:description\" content=\"Sunfull SF982 ir popul\u0101r\u0101kais SUNFULL M+S riepu modelis . Pieejams visos izm\u0113ros un pla\u0161\u0101 kl\u0101st\u0101 abos MMK riepu centros R\u012bg\u0101!\" \/>\n<meta property=\"og:url\" content=\"https:\/\/mmkriepas.lv\/en\/p\/ziemas-vissezonas-riepas-20565r15-sunfull-sf-982-94h\/\" \/>\n<meta property=\"og:site_name\" content=\"MMK Riepas\" \/>\n<meta property=\"article:publisher\" content=\"https:\/\/www.facebook.com\/mmkserviss\/\" \/>\n<meta property=\"article:modified_time\" content=\"2024-05-03T08:52:41+00:00\" \/>\n<meta property=\"og:image\" content=\"https:\/\/mmkriepas.lv\/wp-content\/uploads\/2023\/09\/21555r18-sunfull-sf-982-95h-ziemas-riepas.jpg\" \/>\n\t<meta property=\"og:image:width\" content=\"1920\" \/>\n\t<meta property=\"og:image:height\" content=\"1920\" \/>\n\t<meta property=\"og:image:type\" content=\"image\/jpeg\" \/>\n<meta name=\"twitter:card\" content=\"summary_large_image\" \/>\n<meta name=\"twitter:label1\" content=\"Price\" \/>\n\t<meta name=\"twitter:data1\" content=\"&euro;54.00\" \/>\n\t<meta name=\"twitter:label2\" content=\"Availability\" \/>\n\t<meta name=\"twitter:data2\" content=\"In stock\" \/>\n<script type=\"application\/ld+json\" class=\"yoast-schema-graph\">{\"@context\":\"https:\\\/\\\/schema.org\",\"@graph\":[{\"@type\":\"WebPage\",\"@id\":\"https:\\\/\\\/mmkriepas.lv\\\/en\\\/p\\\/ziemas-vissezonas-riepas-20565r15-sunfull-sf-982-94h\\\/\",\"url\":\"https:\\\/\\\/mmkriepas.lv\\\/en\\\/p\\\/ziemas-vissezonas-riepas-20565r15-sunfull-sf-982-94h\\\/\",\"name\":\"205\\\/65R15 Sunfull SF-982 94H &#8226; MMK Riepas\",\"isPartOf\":{\"@id\":\"https:\\\/\\\/mmkriepas.lv\\\/en\\\/#website\"},\"primaryImageOfPage\":{\"@id\":\"https:\\\/\\\/mmkriepas.lv\\\/en\\\/p\\\/ziemas-vissezonas-riepas-20565r15-sunfull-sf-982-94h\\\/#primaryimage\"},\"image\":{\"@id\":\"https:\\\/\\\/mmkriepas.lv\\\/en\\\/p\\\/ziemas-vissezonas-riepas-20565r15-sunfull-sf-982-94h\\\/#primaryimage\"},\"thumbnailUrl\":\"https:\\\/\\\/mmkriepas.lv\\\/wp-content\\\/uploads\\\/2023\\\/09\\\/21555r18-sunfull-sf-982-95h-ziemas-riepas.jpg\",\"datePublished\":\"2016-10-07T08:27:22+00:00\",\"dateModified\":\"2024-05-03T08:52:41+00:00\",\"description\":\"Sunfull SF982 ir popul\u0101r\u0101kais SUNFULL M+S riepu modelis . Pieejams visos izm\u0113ros un pla\u0161\u0101 kl\u0101st\u0101 abos MMK riepu centros R\u012bg\u0101!\",\"breadcrumb\":{\"@id\":\"https:\\\/\\\/mmkriepas.lv\\\/en\\\/p\\\/ziemas-vissezonas-riepas-20565r15-sunfull-sf-982-94h\\\/#breadcrumb\"},\"inLanguage\":\"en-US\",\"potentialAction\":[{\"@type\":\"ReadAction\",\"target\":[\"https:\\\/\\\/mmkriepas.lv\\\/en\\\/p\\\/ziemas-vissezonas-riepas-20565r15-sunfull-sf-982-94h\\\/\"]}]},{\"@type\":\"ImageObject\",\"inLanguage\":\"en-US\",\"@id\":\"https:\\\/\\\/mmkriepas.lv\\\/en\\\/p\\\/ziemas-vissezonas-riepas-20565r15-sunfull-sf-982-94h\\\/#primaryimage\",\"url\":\"https:\\\/\\\/mmkriepas.lv\\\/wp-content\\\/uploads\\\/2023\\\/09\\\/21555r18-sunfull-sf-982-95h-ziemas-riepas.jpg\",\"contentUrl\":\"https:\\\/\\\/mmkriepas.lv\\\/wp-content\\\/uploads\\\/2023\\\/09\\\/21555r18-sunfull-sf-982-95h-ziemas-riepas.jpg\",\"width\":1920,\"height\":1920,\"caption\":\"MAIN\"},{\"@type\":\"BreadcrumbList\",\"@id\":\"https:\\\/\\\/mmkriepas.lv\\\/en\\\/p\\\/ziemas-vissezonas-riepas-20565r15-sunfull-sf-982-94h\\\/#breadcrumb\",\"itemListElement\":[{\"@type\":\"ListItem\",\"position\":1,\"name\":\"S\u0101kums\",\"item\":\"https:\\\/\\\/mmkriepas.lv\\\/en\\\/\"},{\"@type\":\"ListItem\",\"position\":2,\"name\":\"205\\\/65R15 Sunfull SF-982 94H\"}]},{\"@type\":\"WebSite\",\"@id\":\"https:\\\/\\\/mmkriepas.lv\\\/en\\\/#website\",\"url\":\"https:\\\/\\\/mmkriepas.lv\\\/en\\\/\",\"name\":\"MMK Riepas\",\"description\":\"MMK Riepas\",\"alternateName\":\"MMK Riepu Serviss\",\"potentialAction\":[{\"@type\":\"SearchAction\",\"target\":{\"@type\":\"EntryPoint\",\"urlTemplate\":\"https:\\\/\\\/mmkriepas.lv\\\/en\\\/?s={search_term_string}\"},\"query-input\":{\"@type\":\"PropertyValueSpecification\",\"valueRequired\":true,\"valueName\":\"search_term_string\"}}],\"inLanguage\":\"en-US\"},{\"@type\":\"ImageObject\",\"inLanguage\":\"en-US\",\"@id\":\"https:\\\/\\\/mmkriepas.lv\\\/en\\\/p\\\/ziemas-vissezonas-riepas-20565r15-sunfull-sf-982-94h\\\/#local-main-organization-logo\",\"url\":\"\",\"contentUrl\":\"\",\"caption\":\"MMK Riepas\"}]}<\/script>\n<meta property=\"product:brand\" content=\"Sunfull SF-982\" \/>\n<meta property=\"product:price:amount\" content=\"54.00\" \/>\n<meta property=\"product:price:currency\" content=\"EUR\" \/>\n<meta property=\"og:availability\" content=\"instock\" \/>\n<meta property=\"product:availability\" content=\"instock\" \/>\n<meta property=\"product:condition\" content=\"new\" \/>\n<!-- \/ Yoast SEO Premium plugin. -->","yoast_head_json":{"title":"205\/65R15 Sunfull SF-982 94H &#8226; MMK Riepas","description":"Sunfull SF982 ir popul\u0101r\u0101kais SUNFULL M+S riepu modelis . Pieejams visos izm\u0113ros un pla\u0161\u0101 kl\u0101st\u0101 abos MMK riepu centros R\u012bg\u0101!","robots":{"index":"index","follow":"follow","max-snippet":"max-snippet:-1","max-image-preview":"max-image-preview:large","max-video-preview":"max-video-preview:-1"},"canonical":"https:\/\/mmkriepas.lv\/en\/p\/ziemas-vissezonas-riepas-20565r15-sunfull-sf-982-94h\/","og_locale":"en_US","og_type":"article","og_title":"205\/65R15 Sunfull SF-982 94H","og_description":"Sunfull SF982 ir popul\u0101r\u0101kais SUNFULL M+S riepu modelis . Pieejams visos izm\u0113ros un pla\u0161\u0101 kl\u0101st\u0101 abos MMK riepu centros R\u012bg\u0101!","og_url":"https:\/\/mmkriepas.lv\/en\/p\/ziemas-vissezonas-riepas-20565r15-sunfull-sf-982-94h\/","og_site_name":"MMK Riepas","article_publisher":"https:\/\/www.facebook.com\/mmkserviss\/","article_modified_time":"2024-05-03T08:52:41+00:00","og_image":[{"width":1920,"height":1920,"url":"https:\/\/mmkriepas.lv\/wp-content\/uploads\/2023\/09\/21555r18-sunfull-sf-982-95h-ziemas-riepas.jpg","type":"image\/jpeg"}],"twitter_card":"summary_large_image","twitter_misc":{"Price":"&euro;54.00","Availability":"In stock"},"schema":{"@context":"https:\/\/schema.org","@graph":[{"@type":"WebPage","@id":"https:\/\/mmkriepas.lv\/en\/p\/ziemas-vissezonas-riepas-20565r15-sunfull-sf-982-94h\/","url":"https:\/\/mmkriepas.lv\/en\/p\/ziemas-vissezonas-riepas-20565r15-sunfull-sf-982-94h\/","name":"205\/65R15 Sunfull SF-982 94H &#8226; MMK Riepas","isPartOf":{"@id":"https:\/\/mmkriepas.lv\/en\/#website"},"primaryImageOfPage":{"@id":"https:\/\/mmkriepas.lv\/en\/p\/ziemas-vissezonas-riepas-20565r15-sunfull-sf-982-94h\/#primaryimage"},"image":{"@id":"https:\/\/mmkriepas.lv\/en\/p\/ziemas-vissezonas-riepas-20565r15-sunfull-sf-982-94h\/#primaryimage"},"thumbnailUrl":"https:\/\/mmkriepas.lv\/wp-content\/uploads\/2023\/09\/21555r18-sunfull-sf-982-95h-ziemas-riepas.jpg","datePublished":"2016-10-07T08:27:22+00:00","dateModified":"2024-05-03T08:52:41+00:00","description":"Sunfull SF982 ir popul\u0101r\u0101kais SUNFULL M+S riepu modelis . Pieejams visos izm\u0113ros un pla\u0161\u0101 kl\u0101st\u0101 abos MMK riepu centros R\u012bg\u0101!","breadcrumb":{"@id":"https:\/\/mmkriepas.lv\/en\/p\/ziemas-vissezonas-riepas-20565r15-sunfull-sf-982-94h\/#breadcrumb"},"inLanguage":"en-US","potentialAction":[{"@type":"ReadAction","target":["https:\/\/mmkriepas.lv\/en\/p\/ziemas-vissezonas-riepas-20565r15-sunfull-sf-982-94h\/"]}]},{"@type":"ImageObject","inLanguage":"en-US","@id":"https:\/\/mmkriepas.lv\/en\/p\/ziemas-vissezonas-riepas-20565r15-sunfull-sf-982-94h\/#primaryimage","url":"https:\/\/mmkriepas.lv\/wp-content\/uploads\/2023\/09\/21555r18-sunfull-sf-982-95h-ziemas-riepas.jpg","contentUrl":"https:\/\/mmkriepas.lv\/wp-content\/uploads\/2023\/09\/21555r18-sunfull-sf-982-95h-ziemas-riepas.jpg","width":1920,"height":1920,"caption":"MAIN"},{"@type":"BreadcrumbList","@id":"https:\/\/mmkriepas.lv\/en\/p\/ziemas-vissezonas-riepas-20565r15-sunfull-sf-982-94h\/#breadcrumb","itemListElement":[{"@type":"ListItem","position":1,"name":"S\u0101kums","item":"https:\/\/mmkriepas.lv\/en\/"},{"@type":"ListItem","position":2,"name":"205\/65R15 Sunfull SF-982 94H"}]},{"@type":"WebSite","@id":"https:\/\/mmkriepas.lv\/en\/#website","url":"https:\/\/mmkriepas.lv\/en\/","name":"MMK Riepas","description":"MMK Riepas","alternateName":"MMK Riepu Serviss","potentialAction":[{"@type":"SearchAction","target":{"@type":"EntryPoint","urlTemplate":"https:\/\/mmkriepas.lv\/en\/?s={search_term_string}"},"query-input":{"@type":"PropertyValueSpecification","valueRequired":true,"valueName":"search_term_string"}}],"inLanguage":"en-US"},{"@type":"ImageObject","inLanguage":"en-US","@id":"https:\/\/mmkriepas.lv\/en\/p\/ziemas-vissezonas-riepas-20565r15-sunfull-sf-982-94h\/#local-main-organization-logo","url":"","contentUrl":"","caption":"MMK Riepas"}]},"product_brand":"Sunfull SF-982","product_price_amount":"54.00","product_price_currency":"EUR","og_availability":"instock","product_availability":"instock","product_condition":"new"},"_links":{"self":[{"href":"https:\/\/mmkriepas.lv\/en\/wp-json\/wp\/v2\/product\/3260","targetHints":{"allow":["GET"]}}],"collection":[{"href":"https:\/\/mmkriepas.lv\/en\/wp-json\/wp\/v2\/product"}],"about":[{"href":"https:\/\/mmkriepas.lv\/en\/wp-json\/wp\/v2\/types\/product"}],"wp:featuredmedia":[{"embeddable":true,"href":"https:\/\/mmkriepas.lv\/en\/wp-json\/wp\/v2\/media\/793411"}],"wp:attachment":[{"href":"https:\/\/mmkriepas.lv\/en\/wp-json\/wp\/v2\/media?parent=3260"}],"wp:term":[{"taxonomy":"product_brand","embeddable":true,"href":"https:\/\/mmkriepas.lv\/en\/wp-json\/wp\/v2\/product_brand?post=3260"},{"taxonomy":"product_cat","embeddable":true,"href":"https:\/\/mmkriepas.lv\/en\/wp-json\/wp\/v2\/product_cat?post=3260"},{"taxonomy":"product_tag","embeddable":true,"href":"https:\/\/mmkriepas.lv\/en\/wp-json\/wp\/v2\/product_tag?post=3260"}],"curies":[{"name":"wp","href":"https:\/\/api.w.org\/{rel}","templated":true}]}}