{"id":323643,"date":"2022-09-16T18:29:34","date_gmt":"2022-09-16T15:29:34","guid":{"rendered":"https:\/\/mmkserviss.lv\/?post_type=product&#038;p=323643"},"modified":"2025-02-12T21:37:30","modified_gmt":"2025-02-12T19:37:30","slug":"235-70r16-ilink-l-snow-96-106t-dot18","status":"publish","type":"product","link":"https:\/\/mmkriepas.lv\/en\/p\/235-70r16-ilink-l-snow-96-106t-dot18\/","title":{"rendered":"235\/70R16 Ilink L-Snow 96 106T DOT18"},"content":{"rendered":"<p><strong><span style=\"font-family: 'Arial',sans-serif;\">Ilink L-Snow 96<\/span><\/strong><span style=\"font-family: 'Arial',sans-serif;\"> ir darbsp\u0113j\u012bga ziemas riepa, kas paredz\u0113ta pla\u0161am temperat\u016bru diapazonam. T\u0101 izce\u013cas ar labiem sa\u0137eres r\u0101d\u012bt\u0101jiem uz da\u017e\u0101d\u0101m ce\u013ca virsm\u0101m.<o:p><\/o:p><\/span><\/p>\n<h3><span style=\"font-family: 'Arial',sans-serif;\">L-Snow 96 galven\u0101s iez\u012bmes<o:p><\/o:p><\/span><\/h3>\n<p><span style=\"font-family: 'Arial',sans-serif;\">+ Riepa saglab\u0101 stablilit\u0101ti pat lielos brauk\u0161anas \u0101trumos!<o:p><\/o:p><\/span><\/p>\n<p><span style=\"font-family: 'Arial',sans-serif;\">+ Laba manevr\u0113tsp\u0113ja gan uz sausa, gan slapja ce\u013ca!<o:p><\/o:p><\/span><\/p>\n<p><span style=\"font-family: 'Arial',sans-serif;\">+ Sa\u012bsin\u0101ts bremz\u0113\u0161anas ce\u013c\u0161!<o:p><\/o:p><\/span><\/p>\n<p><span style=\"font-family: 'Arial',sans-serif;\">+ Palielin\u0101ta saskares virsma ar ce\u013cu!<o:p><\/o:p><\/span><\/p>\n<p><strong><span style=\"font-family: 'Arial',sans-serif;\">+ Cena atbilst kvalit\u0101tei!<\/span><\/strong><span style=\"font-family: 'Arial',sans-serif;\"><o:p><\/o:p><\/span><\/p>\n<h3><span style=\"font-family: 'Arial',sans-serif;\">L-Snow 96 apr\u012bkojums<o:p><\/o:p><\/span><\/h3>\n<p><span style=\"font-family: 'Arial',sans-serif;\">Pirms \u0161\u012bs riepas izgatavo\u0161anas, z\u012bmola in\u017eenieri veiku\u0161i r\u016bp\u012bgu riepu tirgus izp\u0113ti, lai noskaidrotu \u0161\u012b br\u012b\u017ea popul\u0101r\u0101ko mode\u013cu gan stipr\u0101s, gan v\u0101j\u0101s \u012bpa\u0161\u012bbas un sp\u0113tu rad\u012bt<strong> Ilink L-Snow 96 <\/strong>&#8211;&nbsp;<strong>bud\u017eeta klases<\/strong> ziemas riepu modeli, kas sev\u012b apvieno optim\u0101l\u0101k\u0101s veiktsp\u0113jas \u012bpa\u0161\u012bbas visos brauk\u0161anas aspektos.<o:p><\/o:p><\/span><\/p>\n<p><span style=\"font-family: 'Arial',sans-serif;\">Riepas protektora rakstam piem\u012bt unik\u0101ls dizauns un tas izgatavots gumijas mais\u012bjuma, kur\u0161 bag\u0101tin\u0101ts ar virkni elastrom\u0113ru un, lai pal\u012bdz\u0113tu riepai saglab\u0101t elast\u012bbu pla\u0161\u0101kaj\u0101 temperat\u016bru diapazon\u0101. Elast\u012bga riepa daudz lab\u0101k veido sa\u0137eri ar ce\u013cu, turkl\u0101t <strong>Nano Balans<\/strong> tehnolo\u0123ija nodro\u0161ina to, ka nodilums veidojas krietni ilg\u0101k.<o:p><\/o:p><\/span><\/p>\n<p><span style=\"font-family: 'Arial',sans-serif;\">Protektora raksta pl\u0101no\u0161an\u0101 izmantota 3d model\u0113\u0161ana, kas \u013c\u0101vusi izveidot maksim\u0101li aero un hidrodinamisku asimetrisku rakstu ar virz\u012btiem elementiem. B\u016btiski samazin\u0101ts akvaplan\u0113\u0161anas risks, gaita padar\u012bta komfortabl\u0101ka un klus\u0101ka.<o:p><\/o:p><\/span><\/p>\n<p><span style=\"font-family: 'Arial',sans-serif;\">Protektora blokos bl\u012bvi iestr\u0101d\u0101ti vair\u0101ki t\u016bksto\u0161i vi\u013c\u0146veida lame\u013cu, kuras ar as\u0101m kant\u0113m iec\u0113rtas slidenaj\u0101 ledus virsm\u0101, ar to veidojot cie\u0161u sa\u0137eri. Protektora bloku z\u0101\u0123veida forma nodro\u0161ina labu veiktsp\u0113ju snieg\u0101, padarot \u0161o <strong>Ilink L-Snow 96<\/strong> par optim\u0101lu c\u012b\u0146asbiedru ar skarbiem ziemas apst\u0101k\u013ciem<o:p><\/o:p><\/span><\/p>\n","protected":false},"excerpt":{"rendered":"<p><strong><span style=\"font-family: 'Arial',sans-serif;\">Ilink L-Snow 96<\/span><\/strong><span style=\"font-family: 'Arial',sans-serif;\"> ir darbsp\u0113j\u012bga ziemas riepa, kas paredz\u0113ta pla\u0161am temperat\u016bru diapazonam. T\u0101 izce\u013cas ar labiem sa\u0137eres r\u0101d\u012bt\u0101jiem uz da\u017e\u0101d\u0101m ce\u013ca virsm\u0101m.<o:p><\/o:p><\/span><\/p>\n","protected":false},"featured_media":341225,"template":"","meta":{"_acf_changed":false,"ngg_post_thumbnail":0},"product_brand":[],"product_cat":[47,45],"product_tag":[],"class_list":{"0":"post-323643","1":"product","2":"type-product","3":"status-publish","4":"has-post-thumbnail","6":"product_cat-vissezonas-riepas","7":"product_cat-ziemas-riepas","9":"first","10":"outofstock","11":"sale","12":"taxable","13":"shipping-taxable","14":"product-type-simple"},"acf":[],"yoast_head":"<!-- This site is optimized with the Yoast SEO Premium plugin v22.6 (Yoast SEO v27.3) - https:\/\/yoast.com\/product\/yoast-seo-premium-wordpress\/ -->\n<title>235\/70R16 Ilink L-Snow 96 106T DOT18 &#8226; MMK Riepas<\/title>\n<meta name=\"robots\" content=\"index, follow, max-snippet:-1, max-image-preview:large, max-video-preview:-1\" \/>\n<link rel=\"canonical\" href=\"https:\/\/mmkriepas.lv\/en\/p\/235-70r16-ilink-l-snow-96-106t-dot18\/\" \/>\n<meta property=\"og:locale\" content=\"en_US\" \/>\n<meta property=\"og:type\" content=\"article\" \/>\n<meta property=\"og:title\" content=\"235\/70R16 Ilink L-Snow 96 106T DOT18\" \/>\n<meta property=\"og:description\" content=\"Ilink L-Snow 96 ir darbsp\u0113j\u012bga ziemas riepa, kas paredz\u0113ta pla\u0161am temperat\u016bru diapazonam. T\u0101 izce\u013cas ar labiem sa\u0137eres r\u0101d\u012bt\u0101jiem uz da\u017e\u0101d\u0101m ce\u013ca virsm\u0101m.\" \/>\n<meta property=\"og:url\" content=\"https:\/\/mmkriepas.lv\/en\/p\/235-70r16-ilink-l-snow-96-106t-dot18\/\" \/>\n<meta property=\"og:site_name\" content=\"MMK Riepas\" \/>\n<meta property=\"article:publisher\" content=\"https:\/\/www.facebook.com\/mmkserviss\/\" \/>\n<meta property=\"article:modified_time\" content=\"2025-02-12T19:37:30+00:00\" \/>\n<meta property=\"og:image\" content=\"https:\/\/mmkriepas.lv\/wp-content\/uploads\/2022\/09\/23570r16-ilink-l-snow-96-106t-dot18-ziemas-riepas-2.jpeg\" \/>\n\t<meta property=\"og:image:width\" content=\"1920\" \/>\n\t<meta property=\"og:image:height\" content=\"1440\" \/>\n\t<meta property=\"og:image:type\" content=\"image\/jpeg\" \/>\n<meta name=\"twitter:card\" content=\"summary_large_image\" \/>\n<meta name=\"twitter:label1\" content=\"Price\" \/>\n\t<meta name=\"twitter:data1\" content=\"&euro;69.00\" \/>\n\t<meta name=\"twitter:label2\" content=\"Availability\" \/>\n\t<meta name=\"twitter:data2\" content=\"Out of stock\" \/>\n<script type=\"application\/ld+json\" class=\"yoast-schema-graph\">{\"@context\":\"https:\\\/\\\/schema.org\",\"@graph\":[{\"@type\":\"WebPage\",\"@id\":\"https:\\\/\\\/mmkriepas.lv\\\/en\\\/p\\\/235-70r16-ilink-l-snow-96-106t-dot18\\\/\",\"url\":\"https:\\\/\\\/mmkriepas.lv\\\/en\\\/p\\\/235-70r16-ilink-l-snow-96-106t-dot18\\\/\",\"name\":\"235\\\/70R16 Ilink L-Snow 96 106T DOT18 &#8226; MMK Riepas\",\"isPartOf\":{\"@id\":\"https:\\\/\\\/mmkriepas.lv\\\/en\\\/#website\"},\"primaryImageOfPage\":{\"@id\":\"https:\\\/\\\/mmkriepas.lv\\\/en\\\/p\\\/235-70r16-ilink-l-snow-96-106t-dot18\\\/#primaryimage\"},\"image\":{\"@id\":\"https:\\\/\\\/mmkriepas.lv\\\/en\\\/p\\\/235-70r16-ilink-l-snow-96-106t-dot18\\\/#primaryimage\"},\"thumbnailUrl\":\"https:\\\/\\\/mmkriepas.lv\\\/wp-content\\\/uploads\\\/2022\\\/09\\\/23570r16-ilink-l-snow-96-106t-dot18-ziemas-riepas-2.jpeg\",\"datePublished\":\"2022-09-16T15:29:34+00:00\",\"dateModified\":\"2025-02-12T19:37:30+00:00\",\"breadcrumb\":{\"@id\":\"https:\\\/\\\/mmkriepas.lv\\\/en\\\/p\\\/235-70r16-ilink-l-snow-96-106t-dot18\\\/#breadcrumb\"},\"inLanguage\":\"en-US\",\"potentialAction\":[{\"@type\":\"ReadAction\",\"target\":[\"https:\\\/\\\/mmkriepas.lv\\\/en\\\/p\\\/235-70r16-ilink-l-snow-96-106t-dot18\\\/\"]}]},{\"@type\":\"ImageObject\",\"inLanguage\":\"en-US\",\"@id\":\"https:\\\/\\\/mmkriepas.lv\\\/en\\\/p\\\/235-70r16-ilink-l-snow-96-106t-dot18\\\/#primaryimage\",\"url\":\"https:\\\/\\\/mmkriepas.lv\\\/wp-content\\\/uploads\\\/2022\\\/09\\\/23570r16-ilink-l-snow-96-106t-dot18-ziemas-riepas-2.jpeg\",\"contentUrl\":\"https:\\\/\\\/mmkriepas.lv\\\/wp-content\\\/uploads\\\/2022\\\/09\\\/23570r16-ilink-l-snow-96-106t-dot18-ziemas-riepas-2.jpeg\",\"width\":1920,\"height\":1440,\"caption\":\"235\\\/70R16 Ilink L-Snow 96 106T DOT18 - Vissezonas riepas \\\/ Ziemas riepas\"},{\"@type\":\"BreadcrumbList\",\"@id\":\"https:\\\/\\\/mmkriepas.lv\\\/en\\\/p\\\/235-70r16-ilink-l-snow-96-106t-dot18\\\/#breadcrumb\",\"itemListElement\":[{\"@type\":\"ListItem\",\"position\":1,\"name\":\"S\u0101kums\",\"item\":\"https:\\\/\\\/mmkriepas.lv\\\/en\\\/\"},{\"@type\":\"ListItem\",\"position\":2,\"name\":\"235\\\/70R16 Ilink L-Snow 96 106T DOT18\"}]},{\"@type\":\"WebSite\",\"@id\":\"https:\\\/\\\/mmkriepas.lv\\\/en\\\/#website\",\"url\":\"https:\\\/\\\/mmkriepas.lv\\\/en\\\/\",\"name\":\"MMK Riepas\",\"description\":\"MMK Riepas\",\"alternateName\":\"MMK Riepu Serviss\",\"potentialAction\":[{\"@type\":\"SearchAction\",\"target\":{\"@type\":\"EntryPoint\",\"urlTemplate\":\"https:\\\/\\\/mmkriepas.lv\\\/en\\\/?s={search_term_string}\"},\"query-input\":{\"@type\":\"PropertyValueSpecification\",\"valueRequired\":true,\"valueName\":\"search_term_string\"}}],\"inLanguage\":\"en-US\"},{\"@type\":\"ImageObject\",\"inLanguage\":\"en-US\",\"@id\":\"https:\\\/\\\/mmkriepas.lv\\\/en\\\/p\\\/235-70r16-ilink-l-snow-96-106t-dot18\\\/#local-main-organization-logo\",\"url\":\"\",\"contentUrl\":\"\",\"caption\":\"MMK Riepas\"}]}<\/script>\n<meta property=\"product:brand\" content=\"Ilink L-Snow 96\" \/>\n<meta property=\"product:price:amount\" content=\"69.00\" \/>\n<meta property=\"product:price:currency\" content=\"EUR\" \/>\n<meta property=\"og:availability\" content=\"out of stock\" \/>\n<meta property=\"product:availability\" content=\"out of stock\" \/>\n<meta property=\"product:retailer_item_id\" content=\"TW2357016ILINK-11122\" \/>\n<meta property=\"product:condition\" content=\"new\" \/>\n<!-- \/ Yoast SEO Premium plugin. -->","yoast_head_json":{"title":"235\/70R16 Ilink L-Snow 96 106T DOT18 &#8226; MMK Riepas","robots":{"index":"index","follow":"follow","max-snippet":"max-snippet:-1","max-image-preview":"max-image-preview:large","max-video-preview":"max-video-preview:-1"},"canonical":"https:\/\/mmkriepas.lv\/en\/p\/235-70r16-ilink-l-snow-96-106t-dot18\/","og_locale":"en_US","og_type":"article","og_title":"235\/70R16 Ilink L-Snow 96 106T DOT18","og_description":"Ilink L-Snow 96 ir darbsp\u0113j\u012bga ziemas riepa, kas paredz\u0113ta pla\u0161am temperat\u016bru diapazonam. T\u0101 izce\u013cas ar labiem sa\u0137eres r\u0101d\u012bt\u0101jiem uz da\u017e\u0101d\u0101m ce\u013ca virsm\u0101m.","og_url":"https:\/\/mmkriepas.lv\/en\/p\/235-70r16-ilink-l-snow-96-106t-dot18\/","og_site_name":"MMK Riepas","article_publisher":"https:\/\/www.facebook.com\/mmkserviss\/","article_modified_time":"2025-02-12T19:37:30+00:00","og_image":[{"width":1920,"height":1440,"url":"https:\/\/mmkriepas.lv\/wp-content\/uploads\/2022\/09\/23570r16-ilink-l-snow-96-106t-dot18-ziemas-riepas-2.jpeg","type":"image\/jpeg"}],"twitter_card":"summary_large_image","twitter_misc":{"Price":"&euro;69.00","Availability":"Out of stock"},"schema":{"@context":"https:\/\/schema.org","@graph":[{"@type":"WebPage","@id":"https:\/\/mmkriepas.lv\/en\/p\/235-70r16-ilink-l-snow-96-106t-dot18\/","url":"https:\/\/mmkriepas.lv\/en\/p\/235-70r16-ilink-l-snow-96-106t-dot18\/","name":"235\/70R16 Ilink L-Snow 96 106T DOT18 &#8226; MMK Riepas","isPartOf":{"@id":"https:\/\/mmkriepas.lv\/en\/#website"},"primaryImageOfPage":{"@id":"https:\/\/mmkriepas.lv\/en\/p\/235-70r16-ilink-l-snow-96-106t-dot18\/#primaryimage"},"image":{"@id":"https:\/\/mmkriepas.lv\/en\/p\/235-70r16-ilink-l-snow-96-106t-dot18\/#primaryimage"},"thumbnailUrl":"https:\/\/mmkriepas.lv\/wp-content\/uploads\/2022\/09\/23570r16-ilink-l-snow-96-106t-dot18-ziemas-riepas-2.jpeg","datePublished":"2022-09-16T15:29:34+00:00","dateModified":"2025-02-12T19:37:30+00:00","breadcrumb":{"@id":"https:\/\/mmkriepas.lv\/en\/p\/235-70r16-ilink-l-snow-96-106t-dot18\/#breadcrumb"},"inLanguage":"en-US","potentialAction":[{"@type":"ReadAction","target":["https:\/\/mmkriepas.lv\/en\/p\/235-70r16-ilink-l-snow-96-106t-dot18\/"]}]},{"@type":"ImageObject","inLanguage":"en-US","@id":"https:\/\/mmkriepas.lv\/en\/p\/235-70r16-ilink-l-snow-96-106t-dot18\/#primaryimage","url":"https:\/\/mmkriepas.lv\/wp-content\/uploads\/2022\/09\/23570r16-ilink-l-snow-96-106t-dot18-ziemas-riepas-2.jpeg","contentUrl":"https:\/\/mmkriepas.lv\/wp-content\/uploads\/2022\/09\/23570r16-ilink-l-snow-96-106t-dot18-ziemas-riepas-2.jpeg","width":1920,"height":1440,"caption":"235\/70R16 Ilink L-Snow 96 106T DOT18 - Vissezonas riepas \/ Ziemas riepas"},{"@type":"BreadcrumbList","@id":"https:\/\/mmkriepas.lv\/en\/p\/235-70r16-ilink-l-snow-96-106t-dot18\/#breadcrumb","itemListElement":[{"@type":"ListItem","position":1,"name":"S\u0101kums","item":"https:\/\/mmkriepas.lv\/en\/"},{"@type":"ListItem","position":2,"name":"235\/70R16 Ilink L-Snow 96 106T DOT18"}]},{"@type":"WebSite","@id":"https:\/\/mmkriepas.lv\/en\/#website","url":"https:\/\/mmkriepas.lv\/en\/","name":"MMK Riepas","description":"MMK Riepas","alternateName":"MMK Riepu Serviss","potentialAction":[{"@type":"SearchAction","target":{"@type":"EntryPoint","urlTemplate":"https:\/\/mmkriepas.lv\/en\/?s={search_term_string}"},"query-input":{"@type":"PropertyValueSpecification","valueRequired":true,"valueName":"search_term_string"}}],"inLanguage":"en-US"},{"@type":"ImageObject","inLanguage":"en-US","@id":"https:\/\/mmkriepas.lv\/en\/p\/235-70r16-ilink-l-snow-96-106t-dot18\/#local-main-organization-logo","url":"","contentUrl":"","caption":"MMK Riepas"}]},"product_brand":"Ilink L-Snow 96","product_price_amount":"69.00","product_price_currency":"EUR","og_availability":"out of stock","product_availability":"out of stock","product_retailer_item_id":"TW2357016ILINK-11122","product_condition":"new"},"_links":{"self":[{"href":"https:\/\/mmkriepas.lv\/en\/wp-json\/wp\/v2\/product\/323643","targetHints":{"allow":["GET"]}}],"collection":[{"href":"https:\/\/mmkriepas.lv\/en\/wp-json\/wp\/v2\/product"}],"about":[{"href":"https:\/\/mmkriepas.lv\/en\/wp-json\/wp\/v2\/types\/product"}],"wp:featuredmedia":[{"embeddable":true,"href":"https:\/\/mmkriepas.lv\/en\/wp-json\/wp\/v2\/media\/341225"}],"wp:attachment":[{"href":"https:\/\/mmkriepas.lv\/en\/wp-json\/wp\/v2\/media?parent=323643"}],"wp:term":[{"taxonomy":"product_brand","embeddable":true,"href":"https:\/\/mmkriepas.lv\/en\/wp-json\/wp\/v2\/product_brand?post=323643"},{"taxonomy":"product_cat","embeddable":true,"href":"https:\/\/mmkriepas.lv\/en\/wp-json\/wp\/v2\/product_cat?post=323643"},{"taxonomy":"product_tag","embeddable":true,"href":"https:\/\/mmkriepas.lv\/en\/wp-json\/wp\/v2\/product_tag?post=323643"}],"curies":[{"name":"wp","href":"https:\/\/api.w.org\/{rel}","templated":true}]}}