{"id":322706,"date":"2022-09-15T18:26:42","date_gmt":"2022-09-15T15:26:42","guid":{"rendered":"https:\/\/mmkserviss.lv\/?post_type=product&#038;p=322706"},"modified":"2025-11-03T22:00:20","modified_gmt":"2025-11-03T20:00:20","slug":"225-55r18-nereus-ns806-98t","status":"publish","type":"product","link":"https:\/\/mmkriepas.lv\/en\/p\/225-55r18-nereus-ns806-98t\/","title":{"rendered":"225\/55R18 Nereus NS806 98T"},"content":{"rendered":"<p><strong>Nereus NS806 <\/strong>ir Skandin\u0101vijas tipa jeb m\u012bkst\u0101 sast\u0101va ziemas riepu modelis ar izteikti agres\u012bvu protektora dizainu. Izce\u013cas ar paaugstin\u0101tu veiktsp\u0113ju skarb\u0101kajos ziemas apst\u0101k\u013cos. Piem\u0113rots krosoveriem un apvidus jeb SUV automa\u0161\u012bn\u0101m.<\/p>\n<p><strong>Nereus NS806 galven\u0101s iez\u012bmes:<\/strong><\/p>\n<p>+ Izteikti agres\u012bvs virzienveida protektors lab\u0101kai veiktsp\u0113jai snieg\u0101;<\/p>\n<p>+ Teicama sa\u0137ere uz ledus, pateicoties t\u016bksto\u0161iem lame\u013cu;<\/p>\n<p>+ Par l\u012bdz pat 30% dzi\u013c\u0101ks protektors, nek\u0101 citiem ziemas riepu mode\u013ciem;<\/p>\n<p>+ Izteikts komforta un dro\u0161\u012bbas l\u012bmenis.<\/p>\n<p><strong>NS806 apr\u012bkojums<\/strong><\/p>\n<p><strong>Nereus NS806 <\/strong>ziemas riepas apr\u012bkotas ar \u012bpa\u0161i dzi\u013cu un izteikti agres\u012bvu protektora dizainu, kas aizg\u016bts no Maxxis SS01. Mas\u012bvajos protektora blokos iestr\u0101d\u0101tas lameles, kas pal\u012bdz veidot sa\u0137eri ar ledu. Riepu gumijas sast\u0101vam pievienota virkne elastrom\u0113ru, kas pal\u012bdz \u0161im riepu modelim saglab\u0101t elast\u012bbu zem\u0101s gaisa temperat\u016br\u0101s. Starp protektora blokiem izvietota augsti att\u012bst\u012bta dren\u0101\u017eas kan\u0101lu sist\u0113ma, kas lieliski izvada \u016bdeni un sniegu no riepu kontakta virsmas ar ce\u013cu, uzlabojot veiktsp\u0113ju ar\u012b slapjdra\u0146\u0137\u012b.<\/p>\n","protected":false},"excerpt":{"rendered":"<p><strong>Nereus NS806 <\/strong>ir Skandin\u0101vijas tipa jeb m\u012bkst\u0101 sast\u0101va ziemas riepu modelis ar izteikti agres\u012bvu protektora dizainu. Izce\u013cas ar paaugstin\u0101tu veiktsp\u0113ju skarb\u0101kajos ziemas apst\u0101k\u013cos. Piem\u0113rots krosoveriem un apvidus jeb SUV automa\u0161\u012bn\u0101m.<\/p>\n","protected":false},"featured_media":767445,"template":"","meta":{"_acf_changed":false,"ngg_post_thumbnail":0},"product_brand":[],"product_cat":[47,45],"product_tag":[],"class_list":{"0":"post-322706","1":"product","2":"type-product","3":"status-publish","4":"has-post-thumbnail","6":"product_cat-vissezonas-riepas","7":"product_cat-ziemas-riepas","9":"first","10":"outofstock","11":"sale","12":"taxable","13":"shipping-taxable","14":"product-type-simple"},"acf":[],"yoast_head":"<!-- This site is optimized with the Yoast SEO Premium plugin v22.6 (Yoast SEO v27.3) - https:\/\/yoast.com\/product\/yoast-seo-premium-wordpress\/ -->\n<title>225\/55R18 Nereus NS806 98T &#8226; MMK Riepas<\/title>\n<meta name=\"description\" content=\"Nereus NS806 - augstas veiktsp\u0113jas Skandin\u0101vijas tipa ziemas riepas Tavam SUV. Izteikts dro\u0161\u012bbas l\u012bmenis. Pieejamas MMK riepu centros!\" \/>\n<meta name=\"robots\" content=\"index, follow, max-snippet:-1, max-image-preview:large, max-video-preview:-1\" \/>\n<link rel=\"canonical\" href=\"https:\/\/mmkriepas.lv\/en\/p\/225-55r18-nereus-ns806-98t\/\" \/>\n<meta property=\"og:locale\" content=\"en_US\" \/>\n<meta property=\"og:type\" content=\"article\" \/>\n<meta property=\"og:title\" content=\"225\/55R18 Nereus NS806 98T\" \/>\n<meta property=\"og:description\" content=\"Nereus NS806 - augstas veiktsp\u0113jas Skandin\u0101vijas tipa ziemas riepas Tavam SUV. Izteikts dro\u0161\u012bbas l\u012bmenis. Pieejamas MMK riepu centros!\" \/>\n<meta property=\"og:url\" content=\"https:\/\/mmkriepas.lv\/en\/p\/225-55r18-nereus-ns806-98t\/\" \/>\n<meta property=\"og:site_name\" content=\"MMK Riepas\" \/>\n<meta property=\"article:publisher\" content=\"https:\/\/www.facebook.com\/mmkserviss\/\" \/>\n<meta property=\"article:modified_time\" content=\"2025-11-03T20:00:20+00:00\" \/>\n<meta property=\"og:image\" content=\"https:\/\/mmkriepas.lv\/wp-content\/uploads\/2023\/07\/23560r16-nereus-sclaw-ns806-100t-ziemas-riepas.jpeg\" \/>\n\t<meta property=\"og:image:width\" content=\"1920\" \/>\n\t<meta property=\"og:image:height\" content=\"1440\" \/>\n\t<meta property=\"og:image:type\" content=\"image\/jpeg\" \/>\n<meta name=\"twitter:card\" content=\"summary_large_image\" \/>\n<meta name=\"twitter:label1\" content=\"Price\" \/>\n\t<meta name=\"twitter:data1\" content=\"&euro;73.00\" \/>\n\t<meta name=\"twitter:label2\" content=\"Availability\" \/>\n\t<meta name=\"twitter:data2\" content=\"Out of stock\" \/>\n<script type=\"application\/ld+json\" class=\"yoast-schema-graph\">{\"@context\":\"https:\\\/\\\/schema.org\",\"@graph\":[{\"@type\":\"WebPage\",\"@id\":\"https:\\\/\\\/mmkriepas.lv\\\/en\\\/p\\\/225-55r18-nereus-ns806-98t\\\/\",\"url\":\"https:\\\/\\\/mmkriepas.lv\\\/en\\\/p\\\/225-55r18-nereus-ns806-98t\\\/\",\"name\":\"225\\\/55R18 Nereus NS806 98T &#8226; MMK Riepas\",\"isPartOf\":{\"@id\":\"https:\\\/\\\/mmkriepas.lv\\\/en\\\/#website\"},\"primaryImageOfPage\":{\"@id\":\"https:\\\/\\\/mmkriepas.lv\\\/en\\\/p\\\/225-55r18-nereus-ns806-98t\\\/#primaryimage\"},\"image\":{\"@id\":\"https:\\\/\\\/mmkriepas.lv\\\/en\\\/p\\\/225-55r18-nereus-ns806-98t\\\/#primaryimage\"},\"thumbnailUrl\":\"https:\\\/\\\/mmkriepas.lv\\\/wp-content\\\/uploads\\\/2023\\\/07\\\/23560r16-nereus-sclaw-ns806-100t-ziemas-riepas.jpeg\",\"datePublished\":\"2022-09-15T15:26:42+00:00\",\"dateModified\":\"2025-11-03T20:00:20+00:00\",\"description\":\"Nereus NS806 - augstas veiktsp\u0113jas Skandin\u0101vijas tipa ziemas riepas Tavam SUV. Izteikts dro\u0161\u012bbas l\u012bmenis. Pieejamas MMK riepu centros!\",\"breadcrumb\":{\"@id\":\"https:\\\/\\\/mmkriepas.lv\\\/en\\\/p\\\/225-55r18-nereus-ns806-98t\\\/#breadcrumb\"},\"inLanguage\":\"en-US\",\"potentialAction\":[{\"@type\":\"ReadAction\",\"target\":[\"https:\\\/\\\/mmkriepas.lv\\\/en\\\/p\\\/225-55r18-nereus-ns806-98t\\\/\"]}]},{\"@type\":\"ImageObject\",\"inLanguage\":\"en-US\",\"@id\":\"https:\\\/\\\/mmkriepas.lv\\\/en\\\/p\\\/225-55r18-nereus-ns806-98t\\\/#primaryimage\",\"url\":\"https:\\\/\\\/mmkriepas.lv\\\/wp-content\\\/uploads\\\/2023\\\/07\\\/23560r16-nereus-sclaw-ns806-100t-ziemas-riepas.jpeg\",\"contentUrl\":\"https:\\\/\\\/mmkriepas.lv\\\/wp-content\\\/uploads\\\/2023\\\/07\\\/23560r16-nereus-sclaw-ns806-100t-ziemas-riepas.jpeg\",\"width\":1920,\"height\":1440,\"caption\":\"MAIN\"},{\"@type\":\"BreadcrumbList\",\"@id\":\"https:\\\/\\\/mmkriepas.lv\\\/en\\\/p\\\/225-55r18-nereus-ns806-98t\\\/#breadcrumb\",\"itemListElement\":[{\"@type\":\"ListItem\",\"position\":1,\"name\":\"S\u0101kums\",\"item\":\"https:\\\/\\\/mmkriepas.lv\\\/en\\\/\"},{\"@type\":\"ListItem\",\"position\":2,\"name\":\"225\\\/55R18 Nereus NS806 98T\"}]},{\"@type\":\"WebSite\",\"@id\":\"https:\\\/\\\/mmkriepas.lv\\\/en\\\/#website\",\"url\":\"https:\\\/\\\/mmkriepas.lv\\\/en\\\/\",\"name\":\"MMK Riepas\",\"description\":\"MMK Riepas\",\"alternateName\":\"MMK Riepu Serviss\",\"potentialAction\":[{\"@type\":\"SearchAction\",\"target\":{\"@type\":\"EntryPoint\",\"urlTemplate\":\"https:\\\/\\\/mmkriepas.lv\\\/en\\\/?s={search_term_string}\"},\"query-input\":{\"@type\":\"PropertyValueSpecification\",\"valueRequired\":true,\"valueName\":\"search_term_string\"}}],\"inLanguage\":\"en-US\"},{\"@type\":\"ImageObject\",\"inLanguage\":\"en-US\",\"@id\":\"https:\\\/\\\/mmkriepas.lv\\\/en\\\/p\\\/225-55r18-nereus-ns806-98t\\\/#local-main-organization-logo\",\"url\":\"\",\"contentUrl\":\"\",\"caption\":\"MMK Riepas\"}]}<\/script>\n<meta property=\"product:brand\" content=\"Nereus NS806\" \/>\n<meta property=\"product:price:amount\" content=\"73.00\" \/>\n<meta property=\"product:price:currency\" content=\"EUR\" \/>\n<meta property=\"og:availability\" content=\"out of stock\" \/>\n<meta property=\"product:availability\" content=\"out of stock\" \/>\n<meta property=\"product:retailer_item_id\" content=\"TW2255518NEREU-11075\" \/>\n<meta property=\"product:condition\" content=\"new\" \/>\n<!-- \/ Yoast SEO Premium plugin. -->","yoast_head_json":{"title":"225\/55R18 Nereus NS806 98T &#8226; MMK Riepas","description":"Nereus NS806 - augstas veiktsp\u0113jas Skandin\u0101vijas tipa ziemas riepas Tavam SUV. Izteikts dro\u0161\u012bbas l\u012bmenis. Pieejamas MMK riepu centros!","robots":{"index":"index","follow":"follow","max-snippet":"max-snippet:-1","max-image-preview":"max-image-preview:large","max-video-preview":"max-video-preview:-1"},"canonical":"https:\/\/mmkriepas.lv\/en\/p\/225-55r18-nereus-ns806-98t\/","og_locale":"en_US","og_type":"article","og_title":"225\/55R18 Nereus NS806 98T","og_description":"Nereus NS806 - augstas veiktsp\u0113jas Skandin\u0101vijas tipa ziemas riepas Tavam SUV. Izteikts dro\u0161\u012bbas l\u012bmenis. Pieejamas MMK riepu centros!","og_url":"https:\/\/mmkriepas.lv\/en\/p\/225-55r18-nereus-ns806-98t\/","og_site_name":"MMK Riepas","article_publisher":"https:\/\/www.facebook.com\/mmkserviss\/","article_modified_time":"2025-11-03T20:00:20+00:00","og_image":[{"width":1920,"height":1440,"url":"https:\/\/mmkriepas.lv\/wp-content\/uploads\/2023\/07\/23560r16-nereus-sclaw-ns806-100t-ziemas-riepas.jpeg","type":"image\/jpeg"}],"twitter_card":"summary_large_image","twitter_misc":{"Price":"&euro;73.00","Availability":"Out of stock"},"schema":{"@context":"https:\/\/schema.org","@graph":[{"@type":"WebPage","@id":"https:\/\/mmkriepas.lv\/en\/p\/225-55r18-nereus-ns806-98t\/","url":"https:\/\/mmkriepas.lv\/en\/p\/225-55r18-nereus-ns806-98t\/","name":"225\/55R18 Nereus NS806 98T &#8226; MMK Riepas","isPartOf":{"@id":"https:\/\/mmkriepas.lv\/en\/#website"},"primaryImageOfPage":{"@id":"https:\/\/mmkriepas.lv\/en\/p\/225-55r18-nereus-ns806-98t\/#primaryimage"},"image":{"@id":"https:\/\/mmkriepas.lv\/en\/p\/225-55r18-nereus-ns806-98t\/#primaryimage"},"thumbnailUrl":"https:\/\/mmkriepas.lv\/wp-content\/uploads\/2023\/07\/23560r16-nereus-sclaw-ns806-100t-ziemas-riepas.jpeg","datePublished":"2022-09-15T15:26:42+00:00","dateModified":"2025-11-03T20:00:20+00:00","description":"Nereus NS806 - augstas veiktsp\u0113jas Skandin\u0101vijas tipa ziemas riepas Tavam SUV. Izteikts dro\u0161\u012bbas l\u012bmenis. Pieejamas MMK riepu centros!","breadcrumb":{"@id":"https:\/\/mmkriepas.lv\/en\/p\/225-55r18-nereus-ns806-98t\/#breadcrumb"},"inLanguage":"en-US","potentialAction":[{"@type":"ReadAction","target":["https:\/\/mmkriepas.lv\/en\/p\/225-55r18-nereus-ns806-98t\/"]}]},{"@type":"ImageObject","inLanguage":"en-US","@id":"https:\/\/mmkriepas.lv\/en\/p\/225-55r18-nereus-ns806-98t\/#primaryimage","url":"https:\/\/mmkriepas.lv\/wp-content\/uploads\/2023\/07\/23560r16-nereus-sclaw-ns806-100t-ziemas-riepas.jpeg","contentUrl":"https:\/\/mmkriepas.lv\/wp-content\/uploads\/2023\/07\/23560r16-nereus-sclaw-ns806-100t-ziemas-riepas.jpeg","width":1920,"height":1440,"caption":"MAIN"},{"@type":"BreadcrumbList","@id":"https:\/\/mmkriepas.lv\/en\/p\/225-55r18-nereus-ns806-98t\/#breadcrumb","itemListElement":[{"@type":"ListItem","position":1,"name":"S\u0101kums","item":"https:\/\/mmkriepas.lv\/en\/"},{"@type":"ListItem","position":2,"name":"225\/55R18 Nereus NS806 98T"}]},{"@type":"WebSite","@id":"https:\/\/mmkriepas.lv\/en\/#website","url":"https:\/\/mmkriepas.lv\/en\/","name":"MMK Riepas","description":"MMK Riepas","alternateName":"MMK Riepu Serviss","potentialAction":[{"@type":"SearchAction","target":{"@type":"EntryPoint","urlTemplate":"https:\/\/mmkriepas.lv\/en\/?s={search_term_string}"},"query-input":{"@type":"PropertyValueSpecification","valueRequired":true,"valueName":"search_term_string"}}],"inLanguage":"en-US"},{"@type":"ImageObject","inLanguage":"en-US","@id":"https:\/\/mmkriepas.lv\/en\/p\/225-55r18-nereus-ns806-98t\/#local-main-organization-logo","url":"","contentUrl":"","caption":"MMK Riepas"}]},"product_brand":"Nereus NS806","product_price_amount":"73.00","product_price_currency":"EUR","og_availability":"out of stock","product_availability":"out of stock","product_retailer_item_id":"TW2255518NEREU-11075","product_condition":"new"},"_links":{"self":[{"href":"https:\/\/mmkriepas.lv\/en\/wp-json\/wp\/v2\/product\/322706","targetHints":{"allow":["GET"]}}],"collection":[{"href":"https:\/\/mmkriepas.lv\/en\/wp-json\/wp\/v2\/product"}],"about":[{"href":"https:\/\/mmkriepas.lv\/en\/wp-json\/wp\/v2\/types\/product"}],"wp:featuredmedia":[{"embeddable":true,"href":"https:\/\/mmkriepas.lv\/en\/wp-json\/wp\/v2\/media\/767445"}],"wp:attachment":[{"href":"https:\/\/mmkriepas.lv\/en\/wp-json\/wp\/v2\/media?parent=322706"}],"wp:term":[{"taxonomy":"product_brand","embeddable":true,"href":"https:\/\/mmkriepas.lv\/en\/wp-json\/wp\/v2\/product_brand?post=322706"},{"taxonomy":"product_cat","embeddable":true,"href":"https:\/\/mmkriepas.lv\/en\/wp-json\/wp\/v2\/product_cat?post=322706"},{"taxonomy":"product_tag","embeddable":true,"href":"https:\/\/mmkriepas.lv\/en\/wp-json\/wp\/v2\/product_tag?post=322706"}],"curies":[{"name":"wp","href":"https:\/\/api.w.org\/{rel}","templated":true}]}}