{"id":321480,"date":"2022-09-14T17:20:58","date_gmt":"2022-09-14T14:20:58","guid":{"rendered":"https:\/\/mmkserviss.lv\/?post_type=product&#038;p=321480"},"modified":"2026-03-30T14:36:46","modified_gmt":"2026-03-30T11:36:46","slug":"245-65r17-rotalla-s220-107h-2","status":"publish","type":"product","link":"https:\/\/mmkriepas.lv\/en\/p\/245-65r17-rotalla-s220-107h-2\/","title":{"rendered":"245\/65R17 Rotalla ICE-PLUS S220 107H"},"content":{"rendered":"<p><strong><span style=\"font-family: 'Arial',sans-serif;\">Rotalla ICE-PLUS S220<\/span><\/strong><span style=\"font-family: 'Arial',sans-serif;\"> ir ziemas riepa, kas paredz\u0113ta brauk\u0161anai pils\u0113tas apst\u0101k\u013cos. \u0160is modelis uzr\u0101da augstas veiktsp\u0113jas \u012bpa\u0161\u012bbas uz sausa un slapja safalta, ta\u010du nezaud\u0113 stabilit\u0101ti snieg\u0101 un uz ledus.<o:p><\/o:p><\/span><\/p>\n<h3><strong><span style=\"font-family: 'Arial',sans-serif;\">ICE-PLUS S220 galven\u0101s iez\u012bmes<\/span><\/strong><span style=\"font-family: 'Arial',sans-serif;\"><o:p><\/o:p><\/span><\/h3>\n<p><span style=\"font-family: 'Arial',sans-serif;\">+Asimetriskais protektora z\u012bm\u0113jums, kas ir efekt\u012bvs uz jebk\u0101das ce\u013ca virsmas.<o:p><\/o:p><\/span><\/p>\n<p><span style=\"font-family: 'Arial',sans-serif;\">+Mas\u012bvi protektora bloki, salikum\u0101 ar optimiz\u0113tu profilu, palielina kontakta virsmu.<o:p><\/o:p><\/span><\/p>\n<p><span style=\"font-family: 'Arial',sans-serif;\">+Bl\u012bvi izvietot\u0101s lameles un to vi\u013c\u0146veida forma uzlabo sa\u0137eri ar sliden\u0101m ce\u013ca virsm\u0101m.<o:p><\/o:p><\/span><\/p>\n<p><strong><span style=\"font-family: 'Arial',sans-serif;\">Rotalla ICE-PLUS S220<\/span><\/strong><span style=\"font-family: 'Arial',sans-serif;\"> ir ziemas riepa, kas paredz\u0113ta brauk\u0161anai ar krosoveriem un apvidus auto (SUV) . \u0160is modelis uzr\u0101da augstas veiktsp\u0113jas \u012bpa\u0161\u012bbas uz sausa un slapja safalta, ta\u010du nezaud\u0113 stabilit\u0101ti snieg\u0101 un uz ledus.<o:p><\/o:p><\/span><\/p>\n","protected":false},"excerpt":{"rendered":"<p><strong><span style=\"font-family: 'Arial',sans-serif;\">Rotalla ICE-PLUS S220<\/span><\/strong><span style=\"font-family: 'Arial',sans-serif;\"> ir ziemas riepa, kas paredz\u0113ta brauk\u0161anai pils\u0113tas apst\u0101k\u013cos. \u0160is modelis uzr\u0101da augstas veiktsp\u0113jas \u012bpa\u0161\u012bbas uz sausa un slapja safalta, ta\u010du nezaud\u0113 stabilit\u0101ti snieg\u0101 un uz ledus.<\/span><\/p>\n","protected":false},"featured_media":1105556,"template":"","meta":{"_acf_changed":false,"ngg_post_thumbnail":0},"product_brand":[],"product_cat":[47,45],"product_tag":[],"class_list":{"0":"post-321480","1":"product","2":"type-product","3":"status-publish","4":"has-post-thumbnail","6":"product_cat-vissezonas-riepas","7":"product_cat-ziemas-riepas","9":"first","10":"instock","11":"sale","12":"taxable","13":"shipping-taxable","14":"purchasable","15":"product-type-simple"},"acf":[],"yoast_head":"<!-- This site is optimized with the Yoast SEO Premium plugin v22.6 (Yoast SEO v27.3) - https:\/\/yoast.com\/product\/yoast-seo-premium-wordpress\/ -->\n<title>245\/65R17 Rotalla ICE-PLUS S220 107H &#8226; MMK Riepas<\/title>\n<meta name=\"description\" content=\"Rotalla S220 ir ziemas riepa krosoveriem un apvidus auto (SUV)! MMK Riepu centros vispla\u0161\u0101kais kl\u0101sts Rotalla riep\u0101m, par viszem\u0101kaj\u0101m cen\u0101m!\" \/>\n<meta name=\"robots\" content=\"index, follow, max-snippet:-1, max-image-preview:large, max-video-preview:-1\" \/>\n<link rel=\"canonical\" href=\"https:\/\/mmkriepas.lv\/en\/p\/245-65r17-rotalla-s220-107h-2\/\" \/>\n<meta property=\"og:locale\" content=\"en_US\" \/>\n<meta property=\"og:type\" content=\"article\" \/>\n<meta property=\"og:title\" content=\"245\/65R17 Rotalla ICE-PLUS S220 107H\" \/>\n<meta property=\"og:description\" content=\"Rotalla S220 ir ziemas riepa krosoveriem un apvidus auto (SUV)! MMK Riepu centros vispla\u0161\u0101kais kl\u0101sts Rotalla riep\u0101m, par viszem\u0101kaj\u0101m cen\u0101m!\" \/>\n<meta property=\"og:url\" content=\"https:\/\/mmkriepas.lv\/en\/p\/245-65r17-rotalla-s220-107h-2\/\" \/>\n<meta property=\"og:site_name\" content=\"MMK Riepas\" \/>\n<meta property=\"article:publisher\" content=\"https:\/\/www.facebook.com\/mmkserviss\/\" \/>\n<meta property=\"article:modified_time\" content=\"2026-03-30T11:36:46+00:00\" \/>\n<meta property=\"og:image\" content=\"https:\/\/mmkriepas.lv\/wp-content\/uploads\/2024\/10\/25550r19-rotalla-ice-plus-s220-107v-xl-rp-ziemas-riepas.jpg\" \/>\n\t<meta property=\"og:image:width\" content=\"900\" \/>\n\t<meta property=\"og:image:height\" content=\"720\" \/>\n\t<meta property=\"og:image:type\" content=\"image\/jpeg\" \/>\n<meta name=\"twitter:card\" content=\"summary_large_image\" \/>\n<meta name=\"twitter:label1\" content=\"Price\" \/>\n\t<meta name=\"twitter:data1\" content=\"&euro;96.00\" \/>\n\t<meta name=\"twitter:label2\" content=\"Availability\" \/>\n\t<meta name=\"twitter:data2\" content=\"In stock\" \/>\n<script type=\"application\/ld+json\" class=\"yoast-schema-graph\">{\"@context\":\"https:\\\/\\\/schema.org\",\"@graph\":[{\"@type\":\"WebPage\",\"@id\":\"https:\\\/\\\/mmkriepas.lv\\\/en\\\/p\\\/245-65r17-rotalla-s220-107h-2\\\/\",\"url\":\"https:\\\/\\\/mmkriepas.lv\\\/en\\\/p\\\/245-65r17-rotalla-s220-107h-2\\\/\",\"name\":\"245\\\/65R17 Rotalla ICE-PLUS S220 107H &#8226; MMK Riepas\",\"isPartOf\":{\"@id\":\"https:\\\/\\\/mmkriepas.lv\\\/en\\\/#website\"},\"primaryImageOfPage\":{\"@id\":\"https:\\\/\\\/mmkriepas.lv\\\/en\\\/p\\\/245-65r17-rotalla-s220-107h-2\\\/#primaryimage\"},\"image\":{\"@id\":\"https:\\\/\\\/mmkriepas.lv\\\/en\\\/p\\\/245-65r17-rotalla-s220-107h-2\\\/#primaryimage\"},\"thumbnailUrl\":\"https:\\\/\\\/mmkriepas.lv\\\/wp-content\\\/uploads\\\/2024\\\/10\\\/25550r19-rotalla-ice-plus-s220-107v-xl-rp-ziemas-riepas.jpg\",\"datePublished\":\"2022-09-14T14:20:58+00:00\",\"dateModified\":\"2026-03-30T11:36:46+00:00\",\"description\":\"Rotalla S220 ir ziemas riepa krosoveriem un apvidus auto (SUV)! MMK Riepu centros vispla\u0161\u0101kais kl\u0101sts Rotalla riep\u0101m, par viszem\u0101kaj\u0101m cen\u0101m!\",\"breadcrumb\":{\"@id\":\"https:\\\/\\\/mmkriepas.lv\\\/en\\\/p\\\/245-65r17-rotalla-s220-107h-2\\\/#breadcrumb\"},\"inLanguage\":\"en-US\",\"potentialAction\":[{\"@type\":\"ReadAction\",\"target\":[\"https:\\\/\\\/mmkriepas.lv\\\/en\\\/p\\\/245-65r17-rotalla-s220-107h-2\\\/\"]}]},{\"@type\":\"ImageObject\",\"inLanguage\":\"en-US\",\"@id\":\"https:\\\/\\\/mmkriepas.lv\\\/en\\\/p\\\/245-65r17-rotalla-s220-107h-2\\\/#primaryimage\",\"url\":\"https:\\\/\\\/mmkriepas.lv\\\/wp-content\\\/uploads\\\/2024\\\/10\\\/25550r19-rotalla-ice-plus-s220-107v-xl-rp-ziemas-riepas.jpg\",\"contentUrl\":\"https:\\\/\\\/mmkriepas.lv\\\/wp-content\\\/uploads\\\/2024\\\/10\\\/25550r19-rotalla-ice-plus-s220-107v-xl-rp-ziemas-riepas.jpg\",\"width\":900,\"height\":720,\"caption\":\"MAIN\"},{\"@type\":\"BreadcrumbList\",\"@id\":\"https:\\\/\\\/mmkriepas.lv\\\/en\\\/p\\\/245-65r17-rotalla-s220-107h-2\\\/#breadcrumb\",\"itemListElement\":[{\"@type\":\"ListItem\",\"position\":1,\"name\":\"S\u0101kums\",\"item\":\"https:\\\/\\\/mmkriepas.lv\\\/en\\\/\"},{\"@type\":\"ListItem\",\"position\":2,\"name\":\"245\\\/65R17 Rotalla ICE-PLUS S220 107H\"}]},{\"@type\":\"WebSite\",\"@id\":\"https:\\\/\\\/mmkriepas.lv\\\/en\\\/#website\",\"url\":\"https:\\\/\\\/mmkriepas.lv\\\/en\\\/\",\"name\":\"MMK Riepas\",\"description\":\"MMK Riepas\",\"alternateName\":\"MMK Riepu Serviss\",\"potentialAction\":[{\"@type\":\"SearchAction\",\"target\":{\"@type\":\"EntryPoint\",\"urlTemplate\":\"https:\\\/\\\/mmkriepas.lv\\\/en\\\/?s={search_term_string}\"},\"query-input\":{\"@type\":\"PropertyValueSpecification\",\"valueRequired\":true,\"valueName\":\"search_term_string\"}}],\"inLanguage\":\"en-US\"},{\"@type\":\"ImageObject\",\"inLanguage\":\"en-US\",\"@id\":\"https:\\\/\\\/mmkriepas.lv\\\/en\\\/p\\\/245-65r17-rotalla-s220-107h-2\\\/#local-main-organization-logo\",\"url\":\"\",\"contentUrl\":\"\",\"caption\":\"MMK Riepas\"}]}<\/script>\n<meta property=\"product:brand\" content=\"Rotalla ICE-PLUS S220\" \/>\n<meta property=\"product:price:amount\" content=\"96.00\" \/>\n<meta property=\"product:price:currency\" content=\"EUR\" \/>\n<meta property=\"og:availability\" content=\"instock\" \/>\n<meta property=\"product:availability\" content=\"instock\" \/>\n<meta property=\"product:retailer_item_id\" content=\"TW2456517ROTAL-L11020\" \/>\n<meta property=\"product:condition\" content=\"new\" \/>\n<!-- \/ Yoast SEO Premium plugin. -->","yoast_head_json":{"title":"245\/65R17 Rotalla ICE-PLUS S220 107H &#8226; MMK Riepas","description":"Rotalla S220 ir ziemas riepa krosoveriem un apvidus auto (SUV)! MMK Riepu centros vispla\u0161\u0101kais kl\u0101sts Rotalla riep\u0101m, par viszem\u0101kaj\u0101m cen\u0101m!","robots":{"index":"index","follow":"follow","max-snippet":"max-snippet:-1","max-image-preview":"max-image-preview:large","max-video-preview":"max-video-preview:-1"},"canonical":"https:\/\/mmkriepas.lv\/en\/p\/245-65r17-rotalla-s220-107h-2\/","og_locale":"en_US","og_type":"article","og_title":"245\/65R17 Rotalla ICE-PLUS S220 107H","og_description":"Rotalla S220 ir ziemas riepa krosoveriem un apvidus auto (SUV)! MMK Riepu centros vispla\u0161\u0101kais kl\u0101sts Rotalla riep\u0101m, par viszem\u0101kaj\u0101m cen\u0101m!","og_url":"https:\/\/mmkriepas.lv\/en\/p\/245-65r17-rotalla-s220-107h-2\/","og_site_name":"MMK Riepas","article_publisher":"https:\/\/www.facebook.com\/mmkserviss\/","article_modified_time":"2026-03-30T11:36:46+00:00","og_image":[{"width":900,"height":720,"url":"https:\/\/mmkriepas.lv\/wp-content\/uploads\/2024\/10\/25550r19-rotalla-ice-plus-s220-107v-xl-rp-ziemas-riepas.jpg","type":"image\/jpeg"}],"twitter_card":"summary_large_image","twitter_misc":{"Price":"&euro;96.00","Availability":"In stock"},"schema":{"@context":"https:\/\/schema.org","@graph":[{"@type":"WebPage","@id":"https:\/\/mmkriepas.lv\/en\/p\/245-65r17-rotalla-s220-107h-2\/","url":"https:\/\/mmkriepas.lv\/en\/p\/245-65r17-rotalla-s220-107h-2\/","name":"245\/65R17 Rotalla ICE-PLUS S220 107H &#8226; MMK Riepas","isPartOf":{"@id":"https:\/\/mmkriepas.lv\/en\/#website"},"primaryImageOfPage":{"@id":"https:\/\/mmkriepas.lv\/en\/p\/245-65r17-rotalla-s220-107h-2\/#primaryimage"},"image":{"@id":"https:\/\/mmkriepas.lv\/en\/p\/245-65r17-rotalla-s220-107h-2\/#primaryimage"},"thumbnailUrl":"https:\/\/mmkriepas.lv\/wp-content\/uploads\/2024\/10\/25550r19-rotalla-ice-plus-s220-107v-xl-rp-ziemas-riepas.jpg","datePublished":"2022-09-14T14:20:58+00:00","dateModified":"2026-03-30T11:36:46+00:00","description":"Rotalla S220 ir ziemas riepa krosoveriem un apvidus auto (SUV)! MMK Riepu centros vispla\u0161\u0101kais kl\u0101sts Rotalla riep\u0101m, par viszem\u0101kaj\u0101m cen\u0101m!","breadcrumb":{"@id":"https:\/\/mmkriepas.lv\/en\/p\/245-65r17-rotalla-s220-107h-2\/#breadcrumb"},"inLanguage":"en-US","potentialAction":[{"@type":"ReadAction","target":["https:\/\/mmkriepas.lv\/en\/p\/245-65r17-rotalla-s220-107h-2\/"]}]},{"@type":"ImageObject","inLanguage":"en-US","@id":"https:\/\/mmkriepas.lv\/en\/p\/245-65r17-rotalla-s220-107h-2\/#primaryimage","url":"https:\/\/mmkriepas.lv\/wp-content\/uploads\/2024\/10\/25550r19-rotalla-ice-plus-s220-107v-xl-rp-ziemas-riepas.jpg","contentUrl":"https:\/\/mmkriepas.lv\/wp-content\/uploads\/2024\/10\/25550r19-rotalla-ice-plus-s220-107v-xl-rp-ziemas-riepas.jpg","width":900,"height":720,"caption":"MAIN"},{"@type":"BreadcrumbList","@id":"https:\/\/mmkriepas.lv\/en\/p\/245-65r17-rotalla-s220-107h-2\/#breadcrumb","itemListElement":[{"@type":"ListItem","position":1,"name":"S\u0101kums","item":"https:\/\/mmkriepas.lv\/en\/"},{"@type":"ListItem","position":2,"name":"245\/65R17 Rotalla ICE-PLUS S220 107H"}]},{"@type":"WebSite","@id":"https:\/\/mmkriepas.lv\/en\/#website","url":"https:\/\/mmkriepas.lv\/en\/","name":"MMK Riepas","description":"MMK Riepas","alternateName":"MMK Riepu Serviss","potentialAction":[{"@type":"SearchAction","target":{"@type":"EntryPoint","urlTemplate":"https:\/\/mmkriepas.lv\/en\/?s={search_term_string}"},"query-input":{"@type":"PropertyValueSpecification","valueRequired":true,"valueName":"search_term_string"}}],"inLanguage":"en-US"},{"@type":"ImageObject","inLanguage":"en-US","@id":"https:\/\/mmkriepas.lv\/en\/p\/245-65r17-rotalla-s220-107h-2\/#local-main-organization-logo","url":"","contentUrl":"","caption":"MMK Riepas"}]},"product_brand":"Rotalla ICE-PLUS S220","product_price_amount":"96.00","product_price_currency":"EUR","og_availability":"instock","product_availability":"instock","product_retailer_item_id":"TW2456517ROTAL-L11020","product_condition":"new"},"_links":{"self":[{"href":"https:\/\/mmkriepas.lv\/en\/wp-json\/wp\/v2\/product\/321480","targetHints":{"allow":["GET"]}}],"collection":[{"href":"https:\/\/mmkriepas.lv\/en\/wp-json\/wp\/v2\/product"}],"about":[{"href":"https:\/\/mmkriepas.lv\/en\/wp-json\/wp\/v2\/types\/product"}],"wp:featuredmedia":[{"embeddable":true,"href":"https:\/\/mmkriepas.lv\/en\/wp-json\/wp\/v2\/media\/1105556"}],"wp:attachment":[{"href":"https:\/\/mmkriepas.lv\/en\/wp-json\/wp\/v2\/media?parent=321480"}],"wp:term":[{"taxonomy":"product_brand","embeddable":true,"href":"https:\/\/mmkriepas.lv\/en\/wp-json\/wp\/v2\/product_brand?post=321480"},{"taxonomy":"product_cat","embeddable":true,"href":"https:\/\/mmkriepas.lv\/en\/wp-json\/wp\/v2\/product_cat?post=321480"},{"taxonomy":"product_tag","embeddable":true,"href":"https:\/\/mmkriepas.lv\/en\/wp-json\/wp\/v2\/product_tag?post=321480"}],"curies":[{"name":"wp","href":"https:\/\/api.w.org\/{rel}","templated":true}]}}