{"id":320327,"date":"2022-09-13T18:12:40","date_gmt":"2022-09-13T15:12:40","guid":{"rendered":"https:\/\/mmkserviss.lv\/?post_type=product&#038;p=320327"},"modified":"2025-10-27T15:36:16","modified_gmt":"2025-10-27T13:36:16","slug":"215-65r16-kormoran-snow-suv-102t-ar-radzem","status":"publish","type":"product","link":"https:\/\/mmkriepas.lv\/en\/p\/215-65r16-kormoran-snow-suv-102t-ar-radzem\/","title":{"rendered":"215\/65R16 Kormoran SUV Stud 102T XL (Michelin) ar radz\u0113m"},"content":{"rendered":"<p><strong>Kormoran SUV Stud<\/strong> ir rad\u017eojamas ziemas riepas, kuras paredz\u0113tas SUV vai krosoveriem un izgatavo\u0161an\u0101 piedal\u012bju\u0161ies <strong>Michelin in\u017eenieri<\/strong>.T\u0101 izce\u013cas ar izcilu sa\u0137eri un manevr\u0113tsp\u0113ju, nokri\u0161\u0146u novadi pa dren\u0101\u017eas riev\u0101m un sa\u012bsin\u0101tu bremz\u0113\u0161anas ce\u013cu. \u0160is modelis ir pieejamas gan ar radz\u0113m, gan bez t\u0101m.<\/p>\n<p><strong>SUV Stud veiktsp\u0113ja da\u017e\u0101dos brauk\u0161anas apst\u0101k\u013cos<\/strong><\/p>\n<p><strong>SUV Stud<\/strong> protektora raksts ir virz\u012bts, kas pal\u012bdz lab\u0101k novad\u012bt sniegu un \u016bdeni. Protektors papildin\u0101ts ar radz\u0113m, kas izcili veido sa\u0137eri ar sniegu un apledoju\u0161u ce\u013cu, turkl\u0101t protektora rakst\u0101 iestr\u0101d\u0101ti vair\u0101ki t\u016bksto\u0161i lame\u013cu tie\u0161i \u0161im m\u0113r\u0137im.<\/p>\n<p><strong>SUV Stud galven\u0101s iez\u012bmes<\/strong><\/p>\n<p>+Mas\u012bvie protektora bloki centr\u0101 padara riepu stabil\u0101ku un uzlabo sa\u0137eri.<\/p>\n<p>+Virz\u012bt\u0101 tipa protektora raksts un pla\u0161\u0101s dren\u0101\u017eas rievas uzlabo \u016bdens novadi un samazina akvaplan\u0113\u0161anas risku.<\/p>\n<p>+Se\u0161as rad\u017eu rindas, tand\u0113m\u0101 ar vair\u0101kiem t\u016bksto\u0161iem lame\u013cu, uzlabo sa\u0137eri ar apledoju\u0161iem ce\u013ciem.<\/p>\n<p><strong>Kormoran SUV Stud piem\u0113rot\u012bba Latvijas apst\u0101k\u013ciem<\/strong><\/p>\n<p><strong>SUV Stud<\/strong> ir izcila bud\u017eeta klases ziemas riepa, kuru izstr\u0101d\u0101ju\u0161i Michelin in\u017eenieri. T\u0101 labi tiek gal\u0101 ar jebk\u0101diem ziemas apst\u0101k\u013ciem, uzr\u0101dot labus r\u0101d\u012bt\u0101jus gan uz ledus, gan ar\u012b slapjdra\u0146\u0137\u012b. \u0160\u012b riepa b\u016bs piem\u0113rota tiem, kas ikdien\u0101 bie\u017ei sastopas ar apledoju\u0161iem, gr\u016bti izbraucamiem un reti t\u012br\u012btiem ce\u013ciem.<\/p>\n","protected":false},"excerpt":{"rendered":"<p><strong>Kormoran SUV Stud<\/strong> ir rad\u017eojamas ziemas riepas, kuras paredz\u0113tas SUV vai krosoveriem un izgatavo\u0161an\u0101 piedal\u012bju\u0161ies <strong>Michelin in\u017eenieri<\/strong>.T\u0101 izce\u013cas ar izcilu sa\u0137eri un manevr\u0113tsp\u0113ju, nokri\u0161\u0146u novadi pa dren\u0101\u017eas riev\u0101m un sa\u012bsin\u0101tu bremz\u0113\u0161anas ce\u013cu. \u0160is modelis ir pieejamas gan ar radz\u0113m, gan bez t\u0101m.<\/p>\n","protected":false},"featured_media":795732,"template":"","meta":{"_acf_changed":false,"ngg_post_thumbnail":0},"product_brand":[],"product_cat":[45,48],"product_tag":[],"class_list":{"0":"post-320327","1":"product","2":"type-product","3":"status-publish","4":"has-post-thumbnail","6":"product_cat-ziemas-riepas","7":"product_cat-ziemas-ar-radzem","9":"first","10":"outofstock","11":"sale","12":"taxable","13":"shipping-taxable","14":"product-type-simple"},"acf":[],"yoast_head":"<!-- This site is optimized with the Yoast SEO Premium plugin v22.6 (Yoast SEO v27.3) - https:\/\/yoast.com\/product\/yoast-seo-premium-wordpress\/ -->\n<title>215\/65R16 Kormoran SUV Stud 102T XL (Michelin) ar radz\u0113m &#8226; MMK Riepas<\/title>\n<meta name=\"robots\" content=\"index, follow, max-snippet:-1, max-image-preview:large, max-video-preview:-1\" \/>\n<link rel=\"canonical\" href=\"https:\/\/mmkriepas.lv\/en\/p\/215-65r16-kormoran-snow-suv-102t-ar-radzem\/\" \/>\n<meta property=\"og:locale\" content=\"en_US\" \/>\n<meta property=\"og:type\" content=\"article\" \/>\n<meta property=\"og:title\" content=\"215\/65R16 Kormoran SUV Stud 102T XL (Michelin) ar radz\u0113m\" \/>\n<meta property=\"og:description\" content=\"Kormoran SUV Stud ir rad\u017eojamas ziemas riepas, kuras paredz\u0113tas SUV vai krosoveriem un izgatavo\u0161an\u0101 piedal\u012bju\u0161ies Michelin in\u017eenieri.T\u0101 izce\u013cas ar izcilu sa\u0137eri un manevr\u0113tsp\u0113ju, nokri\u0161\u0146u novadi pa dren\u0101\u017eas riev\u0101m un sa\u012bsin\u0101tu bremz\u0113\u0161anas ce\u013cu. \u0160is modelis ir pieejamas gan ar radz\u0113m, gan bez t\u0101m.\" \/>\n<meta property=\"og:url\" content=\"https:\/\/mmkriepas.lv\/en\/p\/215-65r16-kormoran-snow-suv-102t-ar-radzem\/\" \/>\n<meta property=\"og:site_name\" content=\"MMK Riepas\" \/>\n<meta property=\"article:publisher\" content=\"https:\/\/www.facebook.com\/mmkserviss\/\" \/>\n<meta property=\"article:modified_time\" content=\"2025-10-27T13:36:16+00:00\" \/>\n<meta property=\"og:image\" content=\"https:\/\/mmkriepas.lv\/wp-content\/uploads\/2023\/09\/19560r15-kormoran-stud2-92t-michelin-ziemas-riepas.jpg\" \/>\n\t<meta property=\"og:image:width\" content=\"1920\" \/>\n\t<meta property=\"og:image:height\" content=\"1920\" \/>\n\t<meta property=\"og:image:type\" content=\"image\/jpeg\" \/>\n<meta name=\"twitter:card\" content=\"summary_large_image\" \/>\n<meta name=\"twitter:label1\" content=\"Price\" \/>\n\t<meta name=\"twitter:data1\" content=\"&euro;95.00\" \/>\n\t<meta name=\"twitter:label2\" content=\"Availability\" \/>\n\t<meta name=\"twitter:data2\" content=\"Out of stock\" \/>\n<script type=\"application\/ld+json\" class=\"yoast-schema-graph\">{\"@context\":\"https:\\\/\\\/schema.org\",\"@graph\":[{\"@type\":\"WebPage\",\"@id\":\"https:\\\/\\\/mmkriepas.lv\\\/en\\\/p\\\/215-65r16-kormoran-snow-suv-102t-ar-radzem\\\/\",\"url\":\"https:\\\/\\\/mmkriepas.lv\\\/en\\\/p\\\/215-65r16-kormoran-snow-suv-102t-ar-radzem\\\/\",\"name\":\"215\\\/65R16 Kormoran SUV Stud 102T XL (Michelin) ar radz\u0113m &#8226; MMK Riepas\",\"isPartOf\":{\"@id\":\"https:\\\/\\\/mmkriepas.lv\\\/en\\\/#website\"},\"primaryImageOfPage\":{\"@id\":\"https:\\\/\\\/mmkriepas.lv\\\/en\\\/p\\\/215-65r16-kormoran-snow-suv-102t-ar-radzem\\\/#primaryimage\"},\"image\":{\"@id\":\"https:\\\/\\\/mmkriepas.lv\\\/en\\\/p\\\/215-65r16-kormoran-snow-suv-102t-ar-radzem\\\/#primaryimage\"},\"thumbnailUrl\":\"https:\\\/\\\/mmkriepas.lv\\\/wp-content\\\/uploads\\\/2023\\\/09\\\/19560r15-kormoran-stud2-92t-michelin-ziemas-riepas.jpg\",\"datePublished\":\"2022-09-13T15:12:40+00:00\",\"dateModified\":\"2025-10-27T13:36:16+00:00\",\"breadcrumb\":{\"@id\":\"https:\\\/\\\/mmkriepas.lv\\\/en\\\/p\\\/215-65r16-kormoran-snow-suv-102t-ar-radzem\\\/#breadcrumb\"},\"inLanguage\":\"en-US\",\"potentialAction\":[{\"@type\":\"ReadAction\",\"target\":[\"https:\\\/\\\/mmkriepas.lv\\\/en\\\/p\\\/215-65r16-kormoran-snow-suv-102t-ar-radzem\\\/\"]}]},{\"@type\":\"ImageObject\",\"inLanguage\":\"en-US\",\"@id\":\"https:\\\/\\\/mmkriepas.lv\\\/en\\\/p\\\/215-65r16-kormoran-snow-suv-102t-ar-radzem\\\/#primaryimage\",\"url\":\"https:\\\/\\\/mmkriepas.lv\\\/wp-content\\\/uploads\\\/2023\\\/09\\\/19560r15-kormoran-stud2-92t-michelin-ziemas-riepas.jpg\",\"contentUrl\":\"https:\\\/\\\/mmkriepas.lv\\\/wp-content\\\/uploads\\\/2023\\\/09\\\/19560r15-kormoran-stud2-92t-michelin-ziemas-riepas.jpg\",\"width\":1920,\"height\":1920,\"caption\":\"195\\\/60R15 Kormoran Stud2 92T (Michelin) - Vissezonas riepas \\\/ Ziemas riepas\"},{\"@type\":\"BreadcrumbList\",\"@id\":\"https:\\\/\\\/mmkriepas.lv\\\/en\\\/p\\\/215-65r16-kormoran-snow-suv-102t-ar-radzem\\\/#breadcrumb\",\"itemListElement\":[{\"@type\":\"ListItem\",\"position\":1,\"name\":\"S\u0101kums\",\"item\":\"https:\\\/\\\/mmkriepas.lv\\\/en\\\/\"},{\"@type\":\"ListItem\",\"position\":2,\"name\":\"215\\\/65R16 Kormoran SUV Stud 102T XL (Michelin) ar radz\u0113m\"}]},{\"@type\":\"WebSite\",\"@id\":\"https:\\\/\\\/mmkriepas.lv\\\/en\\\/#website\",\"url\":\"https:\\\/\\\/mmkriepas.lv\\\/en\\\/\",\"name\":\"MMK Riepas\",\"description\":\"MMK Riepas\",\"alternateName\":\"MMK Riepu Serviss\",\"potentialAction\":[{\"@type\":\"SearchAction\",\"target\":{\"@type\":\"EntryPoint\",\"urlTemplate\":\"https:\\\/\\\/mmkriepas.lv\\\/en\\\/?s={search_term_string}\"},\"query-input\":{\"@type\":\"PropertyValueSpecification\",\"valueRequired\":true,\"valueName\":\"search_term_string\"}}],\"inLanguage\":\"en-US\"},{\"@type\":\"ImageObject\",\"inLanguage\":\"en-US\",\"@id\":\"https:\\\/\\\/mmkriepas.lv\\\/en\\\/p\\\/215-65r16-kormoran-snow-suv-102t-ar-radzem\\\/#local-main-organization-logo\",\"url\":\"\",\"contentUrl\":\"\",\"caption\":\"MMK Riepas\"}]}<\/script>\n<meta property=\"product:brand\" content=\"Kormoran SUV Stud\" \/>\n<meta property=\"product:price:amount\" content=\"95.00\" \/>\n<meta property=\"product:price:currency\" content=\"EUR\" \/>\n<meta property=\"og:availability\" content=\"out of stock\" \/>\n<meta property=\"product:availability\" content=\"out of stock\" \/>\n<meta property=\"product:retailer_item_id\" content=\"TR2156516KORMO-10862\" \/>\n<meta property=\"product:condition\" content=\"new\" \/>\n<!-- \/ Yoast SEO Premium plugin. -->","yoast_head_json":{"title":"215\/65R16 Kormoran SUV Stud 102T XL (Michelin) ar radz\u0113m &#8226; MMK Riepas","robots":{"index":"index","follow":"follow","max-snippet":"max-snippet:-1","max-image-preview":"max-image-preview:large","max-video-preview":"max-video-preview:-1"},"canonical":"https:\/\/mmkriepas.lv\/en\/p\/215-65r16-kormoran-snow-suv-102t-ar-radzem\/","og_locale":"en_US","og_type":"article","og_title":"215\/65R16 Kormoran SUV Stud 102T XL (Michelin) ar radz\u0113m","og_description":"Kormoran SUV Stud ir rad\u017eojamas ziemas riepas, kuras paredz\u0113tas SUV vai krosoveriem un izgatavo\u0161an\u0101 piedal\u012bju\u0161ies Michelin in\u017eenieri.T\u0101 izce\u013cas ar izcilu sa\u0137eri un manevr\u0113tsp\u0113ju, nokri\u0161\u0146u novadi pa dren\u0101\u017eas riev\u0101m un sa\u012bsin\u0101tu bremz\u0113\u0161anas ce\u013cu. \u0160is modelis ir pieejamas gan ar radz\u0113m, gan bez t\u0101m.","og_url":"https:\/\/mmkriepas.lv\/en\/p\/215-65r16-kormoran-snow-suv-102t-ar-radzem\/","og_site_name":"MMK Riepas","article_publisher":"https:\/\/www.facebook.com\/mmkserviss\/","article_modified_time":"2025-10-27T13:36:16+00:00","og_image":[{"width":1920,"height":1920,"url":"https:\/\/mmkriepas.lv\/wp-content\/uploads\/2023\/09\/19560r15-kormoran-stud2-92t-michelin-ziemas-riepas.jpg","type":"image\/jpeg"}],"twitter_card":"summary_large_image","twitter_misc":{"Price":"&euro;95.00","Availability":"Out of stock"},"schema":{"@context":"https:\/\/schema.org","@graph":[{"@type":"WebPage","@id":"https:\/\/mmkriepas.lv\/en\/p\/215-65r16-kormoran-snow-suv-102t-ar-radzem\/","url":"https:\/\/mmkriepas.lv\/en\/p\/215-65r16-kormoran-snow-suv-102t-ar-radzem\/","name":"215\/65R16 Kormoran SUV Stud 102T XL (Michelin) ar radz\u0113m &#8226; MMK Riepas","isPartOf":{"@id":"https:\/\/mmkriepas.lv\/en\/#website"},"primaryImageOfPage":{"@id":"https:\/\/mmkriepas.lv\/en\/p\/215-65r16-kormoran-snow-suv-102t-ar-radzem\/#primaryimage"},"image":{"@id":"https:\/\/mmkriepas.lv\/en\/p\/215-65r16-kormoran-snow-suv-102t-ar-radzem\/#primaryimage"},"thumbnailUrl":"https:\/\/mmkriepas.lv\/wp-content\/uploads\/2023\/09\/19560r15-kormoran-stud2-92t-michelin-ziemas-riepas.jpg","datePublished":"2022-09-13T15:12:40+00:00","dateModified":"2025-10-27T13:36:16+00:00","breadcrumb":{"@id":"https:\/\/mmkriepas.lv\/en\/p\/215-65r16-kormoran-snow-suv-102t-ar-radzem\/#breadcrumb"},"inLanguage":"en-US","potentialAction":[{"@type":"ReadAction","target":["https:\/\/mmkriepas.lv\/en\/p\/215-65r16-kormoran-snow-suv-102t-ar-radzem\/"]}]},{"@type":"ImageObject","inLanguage":"en-US","@id":"https:\/\/mmkriepas.lv\/en\/p\/215-65r16-kormoran-snow-suv-102t-ar-radzem\/#primaryimage","url":"https:\/\/mmkriepas.lv\/wp-content\/uploads\/2023\/09\/19560r15-kormoran-stud2-92t-michelin-ziemas-riepas.jpg","contentUrl":"https:\/\/mmkriepas.lv\/wp-content\/uploads\/2023\/09\/19560r15-kormoran-stud2-92t-michelin-ziemas-riepas.jpg","width":1920,"height":1920,"caption":"195\/60R15 Kormoran Stud2 92T (Michelin) - Vissezonas riepas \/ Ziemas riepas"},{"@type":"BreadcrumbList","@id":"https:\/\/mmkriepas.lv\/en\/p\/215-65r16-kormoran-snow-suv-102t-ar-radzem\/#breadcrumb","itemListElement":[{"@type":"ListItem","position":1,"name":"S\u0101kums","item":"https:\/\/mmkriepas.lv\/en\/"},{"@type":"ListItem","position":2,"name":"215\/65R16 Kormoran SUV Stud 102T XL (Michelin) ar radz\u0113m"}]},{"@type":"WebSite","@id":"https:\/\/mmkriepas.lv\/en\/#website","url":"https:\/\/mmkriepas.lv\/en\/","name":"MMK Riepas","description":"MMK Riepas","alternateName":"MMK Riepu Serviss","potentialAction":[{"@type":"SearchAction","target":{"@type":"EntryPoint","urlTemplate":"https:\/\/mmkriepas.lv\/en\/?s={search_term_string}"},"query-input":{"@type":"PropertyValueSpecification","valueRequired":true,"valueName":"search_term_string"}}],"inLanguage":"en-US"},{"@type":"ImageObject","inLanguage":"en-US","@id":"https:\/\/mmkriepas.lv\/en\/p\/215-65r16-kormoran-snow-suv-102t-ar-radzem\/#local-main-organization-logo","url":"","contentUrl":"","caption":"MMK Riepas"}]},"product_brand":"Kormoran SUV Stud","product_price_amount":"95.00","product_price_currency":"EUR","og_availability":"out of stock","product_availability":"out of stock","product_retailer_item_id":"TR2156516KORMO-10862","product_condition":"new"},"_links":{"self":[{"href":"https:\/\/mmkriepas.lv\/en\/wp-json\/wp\/v2\/product\/320327","targetHints":{"allow":["GET"]}}],"collection":[{"href":"https:\/\/mmkriepas.lv\/en\/wp-json\/wp\/v2\/product"}],"about":[{"href":"https:\/\/mmkriepas.lv\/en\/wp-json\/wp\/v2\/types\/product"}],"wp:featuredmedia":[{"embeddable":true,"href":"https:\/\/mmkriepas.lv\/en\/wp-json\/wp\/v2\/media\/795732"}],"wp:attachment":[{"href":"https:\/\/mmkriepas.lv\/en\/wp-json\/wp\/v2\/media?parent=320327"}],"wp:term":[{"taxonomy":"product_brand","embeddable":true,"href":"https:\/\/mmkriepas.lv\/en\/wp-json\/wp\/v2\/product_brand?post=320327"},{"taxonomy":"product_cat","embeddable":true,"href":"https:\/\/mmkriepas.lv\/en\/wp-json\/wp\/v2\/product_cat?post=320327"},{"taxonomy":"product_tag","embeddable":true,"href":"https:\/\/mmkriepas.lv\/en\/wp-json\/wp\/v2\/product_tag?post=320327"}],"curies":[{"name":"wp","href":"https:\/\/api.w.org\/{rel}","templated":true}]}}