{"id":319747,"date":"2022-09-12T23:03:27","date_gmt":"2022-09-12T20:03:27","guid":{"rendered":"https:\/\/mmkserviss.lv\/?post_type=product&#038;p=319747"},"modified":"2025-02-12T21:32:17","modified_gmt":"2025-02-12T19:32:17","slug":"225-60r17-marshal-izen-rv-kc15-99h-dot17","status":"publish","type":"product","link":"https:\/\/mmkriepas.lv\/en\/p\/225-60r17-marshal-izen-rv-kc15-99h-dot17\/","title":{"rendered":"225\/60R17 Marshal I Zen RV KC15 99H DOT17 (Kumho)"},"content":{"rendered":"<p><strong>Marshal I\u2019Zen RV KC15<\/strong>\u00a0ir ziemas riepa, kas paredz\u0113ta apvidus auto jeb SUV. T\u0101 izce\u013cas ar izcil\u0101m veiktsp\u0113jas \u012bpa\u0161\u012bb\u0101m uz sausa un slapja asfalta. \u0160is modelis no t\u0101 pirmste\u010da at\u0161\u0137iras ar krietni uzlabot\u0101m sa\u0137eres \u012bpa\u0161\u012bb\u0101m uz ledus.<\/p>\n<p><strong>I\u2019Zen RV KC15 galven\u0101s iez\u012bmes<\/strong><\/p>\n<ul>\n<li>Uzlabota stabilit\u0101te, pateicoties \u012bpa\u0161am centr\u0101l\u0101s protektora bloku virknes dizainam!<\/li>\n<li>Palielin\u0101ti riepas plecu zonas bloki, lai palielin\u0101tu riepas kontakta virsmu un sadal\u012btu slodzi pa to vienm\u0113r\u012bg\u0101k!<\/li>\n<li>Degvielas ekonomija!<\/li>\n<li>Ilgtsp\u0113j\u012bg\u0101ka kalpotsp\u0113ja!<\/li>\n<\/ul>\n<p><strong>I\u2019Zen RV KC15 apr\u012bkojums<\/strong><\/p>\n<p>Virz\u012bt\u0101 tipa protektora raksts darin\u0101ts no elastrom\u0113riem bag\u0101ta gumijas mais\u012bjuma, kas nezaud\u0113 elast\u012bbu ar\u012b zem\u0101s gaisa temperat\u016br\u0101s. Elast\u012bga riepa daudz lab\u0101k veido sa\u0137eri ar ce\u013cu.\u00a0 Centr\u0101l\u0101 protektora bloku virkne izveidota &#8220;pinum\u0101&#8221;, lai vienlaikus izlabotu ne tikai stabilit\u0101ti, bet ar\u012b veiktsp\u0113ju snieg\u0101. Protektora blokos bl\u012bvi iestr\u0101d\u0101ti vair\u0101ki t\u016bksto\u0161i lame\u013cu, kas iec\u0113rtas led\u016b, ar slideno virsmu veidojot cie\u0161u sa\u0137eri.<\/p>\n<p><strong>Marshal I\u2019Zen RV KC15<\/strong>\u00a0mode\u013ca lieto\u0161anas dro\u0161\u012bbu ziemas laika apst\u0101k\u013cos un t\u0101 atbilst\u012bbu valst\u012bm ar oblig\u0101tu sezon\u0101lo riepu mai\u0146u apstiprina mar\u0137\u0113jums sniegp\u0101rslas form\u0101 uz kalna fona ar trim virsotn\u0113m (3PMSF).<\/p>\n","protected":false},"excerpt":{"rendered":"<p><strong>Marshal I\u2019Zen RV KC15<\/strong>\u00a0ir ziemas riepa, kas paredz\u0113ta apvidus auto jeb SUV. T\u0101 izce\u013cas ar izcil\u0101m veiktsp\u0113jas \u012bpa\u0161\u012bb\u0101m uz sausa un slapja asfalta. \u0160is modelis no t\u0101 pirmste\u010da at\u0161\u0137iras ar krietni uzlabot\u0101m sa\u0137eres \u012bpa\u0161\u012bb\u0101m uz ledus.<\/p>\n","protected":false},"featured_media":203431,"template":"","meta":{"_acf_changed":false,"ngg_post_thumbnail":0},"product_brand":[],"product_cat":[47,45],"product_tag":[],"class_list":{"0":"post-319747","1":"product","2":"type-product","3":"status-publish","4":"has-post-thumbnail","6":"product_cat-vissezonas-riepas","7":"product_cat-ziemas-riepas","9":"first","10":"outofstock","11":"sale","12":"taxable","13":"shipping-taxable","14":"product-type-simple"},"acf":[],"yoast_head":"<!-- This site is optimized with the Yoast SEO Premium plugin v22.6 (Yoast SEO v27.3) - https:\/\/yoast.com\/product\/yoast-seo-premium-wordpress\/ -->\n<title>225\/60R17 Marshal I Zen RV KC15 99H DOT17 (Kumho) &#8226; MMK Riepas<\/title>\n<meta name=\"robots\" content=\"index, follow, max-snippet:-1, max-image-preview:large, max-video-preview:-1\" \/>\n<link rel=\"canonical\" href=\"https:\/\/mmkriepas.lv\/en\/p\/225-60r17-marshal-izen-rv-kc15-99h-dot17\/\" \/>\n<meta property=\"og:locale\" content=\"en_US\" \/>\n<meta property=\"og:type\" content=\"article\" \/>\n<meta property=\"og:title\" content=\"225\/60R17 Marshal I Zen RV KC15 99H DOT17 (Kumho)\" \/>\n<meta property=\"og:description\" content=\"Marshal I\u2019Zen RV KC15\u00a0ir ziemas riepa, kas paredz\u0113ta apvidus auto jeb SUV. T\u0101 izce\u013cas ar izcil\u0101m veiktsp\u0113jas \u012bpa\u0161\u012bb\u0101m uz sausa un slapja asfalta. \u0160is modelis no t\u0101 pirmste\u010da at\u0161\u0137iras ar krietni uzlabot\u0101m sa\u0137eres \u012bpa\u0161\u012bb\u0101m uz ledus.\" \/>\n<meta property=\"og:url\" content=\"https:\/\/mmkriepas.lv\/en\/p\/225-60r17-marshal-izen-rv-kc15-99h-dot17\/\" \/>\n<meta property=\"og:site_name\" content=\"MMK Riepas\" \/>\n<meta property=\"article:publisher\" content=\"https:\/\/www.facebook.com\/mmkserviss\/\" \/>\n<meta property=\"article:modified_time\" content=\"2025-02-12T19:32:17+00:00\" \/>\n<meta property=\"og:image\" content=\"https:\/\/mmkriepas.lv\/wp-content\/uploads\/2021\/10\/21565r16-marshal-izen-rv-kc15-98h-xl-kumho-ziemas-riepas-4.jpeg\" \/>\n\t<meta property=\"og:image:width\" content=\"1920\" \/>\n\t<meta property=\"og:image:height\" content=\"1440\" \/>\n\t<meta property=\"og:image:type\" content=\"image\/jpeg\" \/>\n<meta name=\"twitter:card\" content=\"summary_large_image\" \/>\n<meta name=\"twitter:label1\" content=\"Price\" \/>\n\t<meta name=\"twitter:data1\" content=\"&euro;69.00\" \/>\n\t<meta name=\"twitter:label2\" content=\"Availability\" \/>\n\t<meta name=\"twitter:data2\" content=\"Out of stock\" \/>\n<script type=\"application\/ld+json\" class=\"yoast-schema-graph\">{\"@context\":\"https:\\\/\\\/schema.org\",\"@graph\":[{\"@type\":\"WebPage\",\"@id\":\"https:\\\/\\\/mmkriepas.lv\\\/en\\\/p\\\/225-60r17-marshal-izen-rv-kc15-99h-dot17\\\/\",\"url\":\"https:\\\/\\\/mmkriepas.lv\\\/en\\\/p\\\/225-60r17-marshal-izen-rv-kc15-99h-dot17\\\/\",\"name\":\"225\\\/60R17 Marshal I Zen RV KC15 99H DOT17 (Kumho) &#8226; MMK Riepas\",\"isPartOf\":{\"@id\":\"https:\\\/\\\/mmkriepas.lv\\\/en\\\/#website\"},\"primaryImageOfPage\":{\"@id\":\"https:\\\/\\\/mmkriepas.lv\\\/en\\\/p\\\/225-60r17-marshal-izen-rv-kc15-99h-dot17\\\/#primaryimage\"},\"image\":{\"@id\":\"https:\\\/\\\/mmkriepas.lv\\\/en\\\/p\\\/225-60r17-marshal-izen-rv-kc15-99h-dot17\\\/#primaryimage\"},\"thumbnailUrl\":\"https:\\\/\\\/mmkriepas.lv\\\/wp-content\\\/uploads\\\/2021\\\/10\\\/21565r16-marshal-izen-rv-kc15-98h-xl-kumho-ziemas-riepas-4.jpeg\",\"datePublished\":\"2022-09-12T20:03:27+00:00\",\"dateModified\":\"2025-02-12T19:32:17+00:00\",\"breadcrumb\":{\"@id\":\"https:\\\/\\\/mmkriepas.lv\\\/en\\\/p\\\/225-60r17-marshal-izen-rv-kc15-99h-dot17\\\/#breadcrumb\"},\"inLanguage\":\"en-US\",\"potentialAction\":[{\"@type\":\"ReadAction\",\"target\":[\"https:\\\/\\\/mmkriepas.lv\\\/en\\\/p\\\/225-60r17-marshal-izen-rv-kc15-99h-dot17\\\/\"]}]},{\"@type\":\"ImageObject\",\"inLanguage\":\"en-US\",\"@id\":\"https:\\\/\\\/mmkriepas.lv\\\/en\\\/p\\\/225-60r17-marshal-izen-rv-kc15-99h-dot17\\\/#primaryimage\",\"url\":\"https:\\\/\\\/mmkriepas.lv\\\/wp-content\\\/uploads\\\/2021\\\/10\\\/21565r16-marshal-izen-rv-kc15-98h-xl-kumho-ziemas-riepas-4.jpeg\",\"contentUrl\":\"https:\\\/\\\/mmkriepas.lv\\\/wp-content\\\/uploads\\\/2021\\\/10\\\/21565r16-marshal-izen-rv-kc15-98h-xl-kumho-ziemas-riepas-4.jpeg\",\"width\":1920,\"height\":1440,\"caption\":\"Marshal KUMHO KC15\"},{\"@type\":\"BreadcrumbList\",\"@id\":\"https:\\\/\\\/mmkriepas.lv\\\/en\\\/p\\\/225-60r17-marshal-izen-rv-kc15-99h-dot17\\\/#breadcrumb\",\"itemListElement\":[{\"@type\":\"ListItem\",\"position\":1,\"name\":\"S\u0101kums\",\"item\":\"https:\\\/\\\/mmkriepas.lv\\\/en\\\/\"},{\"@type\":\"ListItem\",\"position\":2,\"name\":\"225\\\/60R17 Marshal I Zen RV KC15 99H DOT17 (Kumho)\"}]},{\"@type\":\"WebSite\",\"@id\":\"https:\\\/\\\/mmkriepas.lv\\\/en\\\/#website\",\"url\":\"https:\\\/\\\/mmkriepas.lv\\\/en\\\/\",\"name\":\"MMK Riepas\",\"description\":\"MMK Riepas\",\"alternateName\":\"MMK Riepu Serviss\",\"potentialAction\":[{\"@type\":\"SearchAction\",\"target\":{\"@type\":\"EntryPoint\",\"urlTemplate\":\"https:\\\/\\\/mmkriepas.lv\\\/en\\\/?s={search_term_string}\"},\"query-input\":{\"@type\":\"PropertyValueSpecification\",\"valueRequired\":true,\"valueName\":\"search_term_string\"}}],\"inLanguage\":\"en-US\"},{\"@type\":\"ImageObject\",\"inLanguage\":\"en-US\",\"@id\":\"https:\\\/\\\/mmkriepas.lv\\\/en\\\/p\\\/225-60r17-marshal-izen-rv-kc15-99h-dot17\\\/#local-main-organization-logo\",\"url\":\"\",\"contentUrl\":\"\",\"caption\":\"MMK Riepas\"}]}<\/script>\n<meta property=\"product:brand\" content=\"Marshal I\u2019Zen RV KC15\" \/>\n<meta property=\"product:price:amount\" content=\"69.00\" \/>\n<meta property=\"product:price:currency\" content=\"EUR\" \/>\n<meta property=\"og:availability\" content=\"out of stock\" \/>\n<meta property=\"product:availability\" content=\"out of stock\" \/>\n<meta property=\"product:retailer_item_id\" content=\"TW2256017Marsh-10813\" \/>\n<meta property=\"product:condition\" content=\"new\" \/>\n<!-- \/ Yoast SEO Premium plugin. -->","yoast_head_json":{"title":"225\/60R17 Marshal I Zen RV KC15 99H DOT17 (Kumho) &#8226; MMK Riepas","robots":{"index":"index","follow":"follow","max-snippet":"max-snippet:-1","max-image-preview":"max-image-preview:large","max-video-preview":"max-video-preview:-1"},"canonical":"https:\/\/mmkriepas.lv\/en\/p\/225-60r17-marshal-izen-rv-kc15-99h-dot17\/","og_locale":"en_US","og_type":"article","og_title":"225\/60R17 Marshal I Zen RV KC15 99H DOT17 (Kumho)","og_description":"Marshal I\u2019Zen RV KC15\u00a0ir ziemas riepa, kas paredz\u0113ta apvidus auto jeb SUV. T\u0101 izce\u013cas ar izcil\u0101m veiktsp\u0113jas \u012bpa\u0161\u012bb\u0101m uz sausa un slapja asfalta. \u0160is modelis no t\u0101 pirmste\u010da at\u0161\u0137iras ar krietni uzlabot\u0101m sa\u0137eres \u012bpa\u0161\u012bb\u0101m uz ledus.","og_url":"https:\/\/mmkriepas.lv\/en\/p\/225-60r17-marshal-izen-rv-kc15-99h-dot17\/","og_site_name":"MMK Riepas","article_publisher":"https:\/\/www.facebook.com\/mmkserviss\/","article_modified_time":"2025-02-12T19:32:17+00:00","og_image":[{"width":1920,"height":1440,"url":"https:\/\/mmkriepas.lv\/wp-content\/uploads\/2021\/10\/21565r16-marshal-izen-rv-kc15-98h-xl-kumho-ziemas-riepas-4.jpeg","type":"image\/jpeg"}],"twitter_card":"summary_large_image","twitter_misc":{"Price":"&euro;69.00","Availability":"Out of stock"},"schema":{"@context":"https:\/\/schema.org","@graph":[{"@type":"WebPage","@id":"https:\/\/mmkriepas.lv\/en\/p\/225-60r17-marshal-izen-rv-kc15-99h-dot17\/","url":"https:\/\/mmkriepas.lv\/en\/p\/225-60r17-marshal-izen-rv-kc15-99h-dot17\/","name":"225\/60R17 Marshal I Zen RV KC15 99H DOT17 (Kumho) &#8226; MMK Riepas","isPartOf":{"@id":"https:\/\/mmkriepas.lv\/en\/#website"},"primaryImageOfPage":{"@id":"https:\/\/mmkriepas.lv\/en\/p\/225-60r17-marshal-izen-rv-kc15-99h-dot17\/#primaryimage"},"image":{"@id":"https:\/\/mmkriepas.lv\/en\/p\/225-60r17-marshal-izen-rv-kc15-99h-dot17\/#primaryimage"},"thumbnailUrl":"https:\/\/mmkriepas.lv\/wp-content\/uploads\/2021\/10\/21565r16-marshal-izen-rv-kc15-98h-xl-kumho-ziemas-riepas-4.jpeg","datePublished":"2022-09-12T20:03:27+00:00","dateModified":"2025-02-12T19:32:17+00:00","breadcrumb":{"@id":"https:\/\/mmkriepas.lv\/en\/p\/225-60r17-marshal-izen-rv-kc15-99h-dot17\/#breadcrumb"},"inLanguage":"en-US","potentialAction":[{"@type":"ReadAction","target":["https:\/\/mmkriepas.lv\/en\/p\/225-60r17-marshal-izen-rv-kc15-99h-dot17\/"]}]},{"@type":"ImageObject","inLanguage":"en-US","@id":"https:\/\/mmkriepas.lv\/en\/p\/225-60r17-marshal-izen-rv-kc15-99h-dot17\/#primaryimage","url":"https:\/\/mmkriepas.lv\/wp-content\/uploads\/2021\/10\/21565r16-marshal-izen-rv-kc15-98h-xl-kumho-ziemas-riepas-4.jpeg","contentUrl":"https:\/\/mmkriepas.lv\/wp-content\/uploads\/2021\/10\/21565r16-marshal-izen-rv-kc15-98h-xl-kumho-ziemas-riepas-4.jpeg","width":1920,"height":1440,"caption":"Marshal KUMHO KC15"},{"@type":"BreadcrumbList","@id":"https:\/\/mmkriepas.lv\/en\/p\/225-60r17-marshal-izen-rv-kc15-99h-dot17\/#breadcrumb","itemListElement":[{"@type":"ListItem","position":1,"name":"S\u0101kums","item":"https:\/\/mmkriepas.lv\/en\/"},{"@type":"ListItem","position":2,"name":"225\/60R17 Marshal I Zen RV KC15 99H DOT17 (Kumho)"}]},{"@type":"WebSite","@id":"https:\/\/mmkriepas.lv\/en\/#website","url":"https:\/\/mmkriepas.lv\/en\/","name":"MMK Riepas","description":"MMK Riepas","alternateName":"MMK Riepu Serviss","potentialAction":[{"@type":"SearchAction","target":{"@type":"EntryPoint","urlTemplate":"https:\/\/mmkriepas.lv\/en\/?s={search_term_string}"},"query-input":{"@type":"PropertyValueSpecification","valueRequired":true,"valueName":"search_term_string"}}],"inLanguage":"en-US"},{"@type":"ImageObject","inLanguage":"en-US","@id":"https:\/\/mmkriepas.lv\/en\/p\/225-60r17-marshal-izen-rv-kc15-99h-dot17\/#local-main-organization-logo","url":"","contentUrl":"","caption":"MMK Riepas"}]},"product_brand":"Marshal I\u2019Zen RV KC15","product_price_amount":"69.00","product_price_currency":"EUR","og_availability":"out of stock","product_availability":"out of stock","product_retailer_item_id":"TW2256017Marsh-10813","product_condition":"new"},"_links":{"self":[{"href":"https:\/\/mmkriepas.lv\/en\/wp-json\/wp\/v2\/product\/319747","targetHints":{"allow":["GET"]}}],"collection":[{"href":"https:\/\/mmkriepas.lv\/en\/wp-json\/wp\/v2\/product"}],"about":[{"href":"https:\/\/mmkriepas.lv\/en\/wp-json\/wp\/v2\/types\/product"}],"wp:featuredmedia":[{"embeddable":true,"href":"https:\/\/mmkriepas.lv\/en\/wp-json\/wp\/v2\/media\/203431"}],"wp:attachment":[{"href":"https:\/\/mmkriepas.lv\/en\/wp-json\/wp\/v2\/media?parent=319747"}],"wp:term":[{"taxonomy":"product_brand","embeddable":true,"href":"https:\/\/mmkriepas.lv\/en\/wp-json\/wp\/v2\/product_brand?post=319747"},{"taxonomy":"product_cat","embeddable":true,"href":"https:\/\/mmkriepas.lv\/en\/wp-json\/wp\/v2\/product_cat?post=319747"},{"taxonomy":"product_tag","embeddable":true,"href":"https:\/\/mmkriepas.lv\/en\/wp-json\/wp\/v2\/product_tag?post=319747"}],"curies":[{"name":"wp","href":"https:\/\/api.w.org\/{rel}","templated":true}]}}