{"id":318350,"date":"2022-09-09T22:31:19","date_gmt":"2022-09-09T19:31:19","guid":{"rendered":"https:\/\/mmkserviss.lv\/?post_type=product&#038;p=318350"},"modified":"2025-05-20T12:44:53","modified_gmt":"2025-05-20T09:44:53","slug":"155-65r15-hankook-winter-icept-rs2-w452-77t-2","status":"publish","type":"product","link":"https:\/\/mmkriepas.lv\/en\/p\/155-65r15-hankook-winter-icept-rs2-w452-77t-2\/","title":{"rendered":"155\/65R15 Hankook Winter i*cept RS2 W452 77T"},"content":{"rendered":"<p><b>Hankook Winter i*cept RS2 W452 <\/b>riepa tika izstr\u0101d\u0101ta vair\u0101k koncentr\u0113joties uz Centr\u0101l\u0101s un Rietumeiropas tirgiem. Tas at\u0161\u0137iras no iepriek\u0161\u0113j\u0101 mode\u013ca ar\u00a0 vair\u0101k\u0101m iez\u012bm\u0113m: protektora dizainu, kas izveidots \u201cno nulles\u201d, modific\u0113to r\u0101mja dizainu un gumijas mais\u012bjuma sast\u0101vu.<o:p><\/o:p><\/p>\n<h3>Galven\u0101s riepu Hankook Winter i*cept RS2 W452 iez\u012bmes<o:p><\/o:p><\/h3>\n<p>&#8211; sal\u012bdzinot ar iepriek\u0161\u0113jo \u0161\u012bs s\u0113rijas modeli, par tre\u0161da\u013cu palielin\u0101ts savienojo\u0161o malu daudzums protektor\u0101;<o:p><\/o:p><\/p>\n<p>&#8211; dren\u0101\u017eas rievas, kas atrodas pareiz\u0101 le\u0146\u0137\u012b, kav\u0113 akvaplan\u0113\u0161anu;<o:p><\/o:p><\/p>\n<p>&#8211; \u012bpa\u0161\u0101s \u201c3D lameles\u201d uzlabo sa\u0137eri ar apledoju\u0161\u0101m virsm\u0101m;<o:p><\/o:p><\/p>\n<p>&#8211; protektora elementiem tr\u012bsdimensiju dizains palielina bloku stingr\u012bbu un vienlaikus uzlabo vad\u0101m\u012bbu.<o:p><\/o:p><\/p>\n<h3>Winter i*cept RS2 W452<span style=\"font-weight: normal;\"> <\/span>galven\u0101s iez\u012bmes<o:p><\/o:p><\/h3>\n<p>\u0100r\u0113ji riepa Hankook Winter i*cept RS2 no sava priek\u0161te\u010da at\u0161\u0137iras ar palielin\u0101tu sa\u0137eres malu skaitu. Tas ir redzams ar neapbru\u0146otu aci, jo vi\u0146u ir par 28% vair\u0101k. Pieaugums tika pan\u0101kts, samazinot protektora bloku izm\u0113rus. Bet taj\u0101 pa\u0161\u0101 laik\u0101, pateicoties optimiz\u0113tam protektora bloku izvietojumam, ar\u012b kontakta vietas laukums k\u013cuva liel\u0101ks &#8211; par aptuveni 5%. Visu \u0161o izmai\u0146u rezult\u0101ts ir iev\u0113rojami uzlabota sa\u0137ere ar slapju asfaltu un sniegu.<o:p><\/o:p><\/p>\n<h3>Pret akvaplan\u0113\u0161anu notur\u012bgs protektors<o:p><\/o:p><\/h3>\n<p>T\u0101pat k\u0101 iepriek\u0161, riepa ir apr\u012bkota ar V veida protektoru. Bet tagad dren\u0101\u017eas rievu skaits ir iev\u0113rojami pieaudzis, un t\u0101s ir izvietotas daudz as\u0101k\u0101 le\u0146\u0137\u012b, pa\u0101trinot \u016bdens novad\u012b\u0161anas procesu. Turkl\u0101t uz kan\u0101lu sien\u0101m ir izvietoti &#8211; t\u0101 sauktie \u201c3D nagi\u201d. Miniat\u016brie elementi uzlabo sa\u0137eri ar apledoju\u0161\u0101m virsm\u0101m.<o:p><\/o:p><\/p>\n<h3>3D lameles<o:p><\/o:p><\/h3>\n<p>\u0160im &#8220;Tr\u012bsdimensiju&#8221; dizainam rakstur\u012bgs liels lame\u013cu skaits. Izvirz\u012bjumi uz to sien\u0101m, kas atrodas vis\u0101s tr\u012bs plakn\u0113s, saskaroties ar ce\u013ca segumu, veido neskait\u0101mi daudz sa\u0137eres punktu. T\u0101 rezult\u0101t\u0101 tiek uzlabota ne tikai sa\u0137ere ar sliden\u0101m virsm\u0101m, bet ar\u012b vad\u0101m\u012bba.<o:p><\/o:p><\/p>\n<p><b>Hankook Winter i*cept RS2 W452<\/b> mode\u013ca lieto\u0161anas dro\u0161\u012bbu ziemas laika apst\u0101k\u013cos un t\u0101 atbilst\u012bbu valst\u012bm ar oblig\u0101tu sezon\u0101lo riepu mai\u0146u apstiprina mar\u0137\u0113jums sniegp\u0101rslas form\u0101 uz kalna fona ar trim virsotn\u0113m (3PMSF).<o:p><\/o:p><\/p>\n","protected":false},"excerpt":{"rendered":"<p><b>Hankook Winter i*cept RS2 W452 <\/b>riepa tika izstr\u0101d\u0101ta vair\u0101k koncentr\u0113joties uz Centr\u0101l\u0101s un Rietumeiropas tirgiem. Tas at\u0161\u0137iras no iepriek\u0161\u0113j\u0101 mode\u013ca ar\u00a0 vair\u0101k\u0101m iez\u012bm\u0113m: protektora dizainu, kas izveidots \u201cno nulles\u201d, modific\u0113to r\u0101mja dizainu un gumijas mais\u012bjuma sast\u0101vu.<o:p><\/o:p><\/p>\n","protected":false},"featured_media":1235086,"template":"","meta":{"_acf_changed":false,"ngg_post_thumbnail":0},"product_brand":[],"product_cat":[47,45],"product_tag":[],"class_list":{"0":"post-318350","1":"product","2":"type-product","3":"status-publish","4":"has-post-thumbnail","6":"product_cat-vissezonas-riepas","7":"product_cat-ziemas-riepas","9":"first","10":"instock","11":"taxable","12":"shipping-taxable","13":"product-type-simple"},"acf":[],"yoast_head":"<!-- This site is optimized with the Yoast SEO Premium plugin v22.6 (Yoast SEO v27.3) - https:\/\/yoast.com\/product\/yoast-seo-premium-wordpress\/ -->\n<title>155\/65R15 Hankook Winter i*cept RS2 W452 77T &#8226; MMK Riepas<\/title>\n<meta name=\"robots\" content=\"index, follow, max-snippet:-1, max-image-preview:large, max-video-preview:-1\" \/>\n<link rel=\"canonical\" href=\"https:\/\/mmkriepas.lv\/en\/p\/155-65r15-hankook-winter-icept-rs2-w452-77t-2\/\" \/>\n<meta property=\"og:locale\" content=\"en_US\" \/>\n<meta property=\"og:type\" content=\"article\" \/>\n<meta property=\"og:title\" content=\"155\/65R15 Hankook Winter i*cept RS2 W452 77T\" \/>\n<meta property=\"og:description\" content=\"Hankook Winter i*cept RS2 W452 riepa tika izstr\u0101d\u0101ta vair\u0101k koncentr\u0113joties uz Centr\u0101l\u0101s un Rietumeiropas tirgiem. Tas at\u0161\u0137iras no iepriek\u0161\u0113j\u0101 mode\u013ca ar\u00a0 vair\u0101k\u0101m iez\u012bm\u0113m: protektora dizainu, kas izveidots \u201cno nulles\u201d, modific\u0113to r\u0101mja dizainu un gumijas mais\u012bjuma sast\u0101vu.\" \/>\n<meta property=\"og:url\" content=\"https:\/\/mmkriepas.lv\/en\/p\/155-65r15-hankook-winter-icept-rs2-w452-77t-2\/\" \/>\n<meta property=\"og:site_name\" content=\"MMK Riepas\" \/>\n<meta property=\"article:publisher\" content=\"https:\/\/www.facebook.com\/mmkserviss\/\" \/>\n<meta property=\"article:modified_time\" content=\"2025-05-20T09:44:53+00:00\" \/>\n<meta property=\"og:image\" content=\"https:\/\/mmkriepas.lv\/wp-content\/uploads\/2025\/05\/19565r15-hankook-winter-icept-rs2-w452-91t-ziemas-riepas.jpg\" \/>\n\t<meta property=\"og:image:width\" content=\"900\" \/>\n\t<meta property=\"og:image:height\" content=\"720\" \/>\n\t<meta property=\"og:image:type\" content=\"image\/jpeg\" \/>\n<meta name=\"twitter:card\" content=\"summary_large_image\" \/>\n<meta name=\"twitter:label1\" content=\"Price\" \/>\n\t<meta name=\"twitter:data1\" content=\"&euro;71.00\" \/>\n\t<meta name=\"twitter:label2\" content=\"Availability\" \/>\n\t<meta name=\"twitter:data2\" content=\"In stock\" \/>\n<script type=\"application\/ld+json\" class=\"yoast-schema-graph\">{\"@context\":\"https:\\\/\\\/schema.org\",\"@graph\":[{\"@type\":\"WebPage\",\"@id\":\"https:\\\/\\\/mmkriepas.lv\\\/en\\\/p\\\/155-65r15-hankook-winter-icept-rs2-w452-77t-2\\\/\",\"url\":\"https:\\\/\\\/mmkriepas.lv\\\/en\\\/p\\\/155-65r15-hankook-winter-icept-rs2-w452-77t-2\\\/\",\"name\":\"155\\\/65R15 Hankook Winter i*cept RS2 W452 77T &#8226; MMK Riepas\",\"isPartOf\":{\"@id\":\"https:\\\/\\\/mmkriepas.lv\\\/en\\\/#website\"},\"primaryImageOfPage\":{\"@id\":\"https:\\\/\\\/mmkriepas.lv\\\/en\\\/p\\\/155-65r15-hankook-winter-icept-rs2-w452-77t-2\\\/#primaryimage\"},\"image\":{\"@id\":\"https:\\\/\\\/mmkriepas.lv\\\/en\\\/p\\\/155-65r15-hankook-winter-icept-rs2-w452-77t-2\\\/#primaryimage\"},\"thumbnailUrl\":\"https:\\\/\\\/mmkriepas.lv\\\/wp-content\\\/uploads\\\/2025\\\/05\\\/19565r15-hankook-winter-icept-rs2-w452-91t-ziemas-riepas.jpg\",\"datePublished\":\"2022-09-09T19:31:19+00:00\",\"dateModified\":\"2025-05-20T09:44:53+00:00\",\"breadcrumb\":{\"@id\":\"https:\\\/\\\/mmkriepas.lv\\\/en\\\/p\\\/155-65r15-hankook-winter-icept-rs2-w452-77t-2\\\/#breadcrumb\"},\"inLanguage\":\"en-US\",\"potentialAction\":[{\"@type\":\"ReadAction\",\"target\":[\"https:\\\/\\\/mmkriepas.lv\\\/en\\\/p\\\/155-65r15-hankook-winter-icept-rs2-w452-77t-2\\\/\"]}]},{\"@type\":\"ImageObject\",\"inLanguage\":\"en-US\",\"@id\":\"https:\\\/\\\/mmkriepas.lv\\\/en\\\/p\\\/155-65r15-hankook-winter-icept-rs2-w452-77t-2\\\/#primaryimage\",\"url\":\"https:\\\/\\\/mmkriepas.lv\\\/wp-content\\\/uploads\\\/2025\\\/05\\\/19565r15-hankook-winter-icept-rs2-w452-91t-ziemas-riepas.jpg\",\"contentUrl\":\"https:\\\/\\\/mmkriepas.lv\\\/wp-content\\\/uploads\\\/2025\\\/05\\\/19565r15-hankook-winter-icept-rs2-w452-91t-ziemas-riepas.jpg\",\"width\":900,\"height\":720,\"caption\":\"MAIN\"},{\"@type\":\"BreadcrumbList\",\"@id\":\"https:\\\/\\\/mmkriepas.lv\\\/en\\\/p\\\/155-65r15-hankook-winter-icept-rs2-w452-77t-2\\\/#breadcrumb\",\"itemListElement\":[{\"@type\":\"ListItem\",\"position\":1,\"name\":\"S\u0101kums\",\"item\":\"https:\\\/\\\/mmkriepas.lv\\\/en\\\/\"},{\"@type\":\"ListItem\",\"position\":2,\"name\":\"155\\\/65R15 Hankook Winter i*cept RS2 W452 77T\"}]},{\"@type\":\"WebSite\",\"@id\":\"https:\\\/\\\/mmkriepas.lv\\\/en\\\/#website\",\"url\":\"https:\\\/\\\/mmkriepas.lv\\\/en\\\/\",\"name\":\"MMK Riepas\",\"description\":\"MMK Riepas\",\"alternateName\":\"MMK Riepu Serviss\",\"potentialAction\":[{\"@type\":\"SearchAction\",\"target\":{\"@type\":\"EntryPoint\",\"urlTemplate\":\"https:\\\/\\\/mmkriepas.lv\\\/en\\\/?s={search_term_string}\"},\"query-input\":{\"@type\":\"PropertyValueSpecification\",\"valueRequired\":true,\"valueName\":\"search_term_string\"}}],\"inLanguage\":\"en-US\"},{\"@type\":\"ImageObject\",\"inLanguage\":\"en-US\",\"@id\":\"https:\\\/\\\/mmkriepas.lv\\\/en\\\/p\\\/155-65r15-hankook-winter-icept-rs2-w452-77t-2\\\/#local-main-organization-logo\",\"url\":\"\",\"contentUrl\":\"\",\"caption\":\"MMK Riepas\"}]}<\/script>\n<meta property=\"product:brand\" content=\"Hankook Winter i*cept RS2 W452\" \/>\n<meta property=\"product:price:amount\" content=\"71.00\" \/>\n<meta property=\"product:price:currency\" content=\"EUR\" \/>\n<meta property=\"og:availability\" content=\"instock\" \/>\n<meta property=\"product:availability\" content=\"instock\" \/>\n<meta property=\"product:retailer_item_id\" content=\"TW1556515Hanko-L10751\" \/>\n<meta property=\"product:condition\" content=\"new\" \/>\n<!-- \/ Yoast SEO Premium plugin. -->","yoast_head_json":{"title":"155\/65R15 Hankook Winter i*cept RS2 W452 77T &#8226; MMK Riepas","robots":{"index":"index","follow":"follow","max-snippet":"max-snippet:-1","max-image-preview":"max-image-preview:large","max-video-preview":"max-video-preview:-1"},"canonical":"https:\/\/mmkriepas.lv\/en\/p\/155-65r15-hankook-winter-icept-rs2-w452-77t-2\/","og_locale":"en_US","og_type":"article","og_title":"155\/65R15 Hankook Winter i*cept RS2 W452 77T","og_description":"Hankook Winter i*cept RS2 W452 riepa tika izstr\u0101d\u0101ta vair\u0101k koncentr\u0113joties uz Centr\u0101l\u0101s un Rietumeiropas tirgiem. Tas at\u0161\u0137iras no iepriek\u0161\u0113j\u0101 mode\u013ca ar\u00a0 vair\u0101k\u0101m iez\u012bm\u0113m: protektora dizainu, kas izveidots \u201cno nulles\u201d, modific\u0113to r\u0101mja dizainu un gumijas mais\u012bjuma sast\u0101vu.","og_url":"https:\/\/mmkriepas.lv\/en\/p\/155-65r15-hankook-winter-icept-rs2-w452-77t-2\/","og_site_name":"MMK Riepas","article_publisher":"https:\/\/www.facebook.com\/mmkserviss\/","article_modified_time":"2025-05-20T09:44:53+00:00","og_image":[{"width":900,"height":720,"url":"https:\/\/mmkriepas.lv\/wp-content\/uploads\/2025\/05\/19565r15-hankook-winter-icept-rs2-w452-91t-ziemas-riepas.jpg","type":"image\/jpeg"}],"twitter_card":"summary_large_image","twitter_misc":{"Price":"&euro;71.00","Availability":"In stock"},"schema":{"@context":"https:\/\/schema.org","@graph":[{"@type":"WebPage","@id":"https:\/\/mmkriepas.lv\/en\/p\/155-65r15-hankook-winter-icept-rs2-w452-77t-2\/","url":"https:\/\/mmkriepas.lv\/en\/p\/155-65r15-hankook-winter-icept-rs2-w452-77t-2\/","name":"155\/65R15 Hankook Winter i*cept RS2 W452 77T &#8226; MMK Riepas","isPartOf":{"@id":"https:\/\/mmkriepas.lv\/en\/#website"},"primaryImageOfPage":{"@id":"https:\/\/mmkriepas.lv\/en\/p\/155-65r15-hankook-winter-icept-rs2-w452-77t-2\/#primaryimage"},"image":{"@id":"https:\/\/mmkriepas.lv\/en\/p\/155-65r15-hankook-winter-icept-rs2-w452-77t-2\/#primaryimage"},"thumbnailUrl":"https:\/\/mmkriepas.lv\/wp-content\/uploads\/2025\/05\/19565r15-hankook-winter-icept-rs2-w452-91t-ziemas-riepas.jpg","datePublished":"2022-09-09T19:31:19+00:00","dateModified":"2025-05-20T09:44:53+00:00","breadcrumb":{"@id":"https:\/\/mmkriepas.lv\/en\/p\/155-65r15-hankook-winter-icept-rs2-w452-77t-2\/#breadcrumb"},"inLanguage":"en-US","potentialAction":[{"@type":"ReadAction","target":["https:\/\/mmkriepas.lv\/en\/p\/155-65r15-hankook-winter-icept-rs2-w452-77t-2\/"]}]},{"@type":"ImageObject","inLanguage":"en-US","@id":"https:\/\/mmkriepas.lv\/en\/p\/155-65r15-hankook-winter-icept-rs2-w452-77t-2\/#primaryimage","url":"https:\/\/mmkriepas.lv\/wp-content\/uploads\/2025\/05\/19565r15-hankook-winter-icept-rs2-w452-91t-ziemas-riepas.jpg","contentUrl":"https:\/\/mmkriepas.lv\/wp-content\/uploads\/2025\/05\/19565r15-hankook-winter-icept-rs2-w452-91t-ziemas-riepas.jpg","width":900,"height":720,"caption":"MAIN"},{"@type":"BreadcrumbList","@id":"https:\/\/mmkriepas.lv\/en\/p\/155-65r15-hankook-winter-icept-rs2-w452-77t-2\/#breadcrumb","itemListElement":[{"@type":"ListItem","position":1,"name":"S\u0101kums","item":"https:\/\/mmkriepas.lv\/en\/"},{"@type":"ListItem","position":2,"name":"155\/65R15 Hankook Winter i*cept RS2 W452 77T"}]},{"@type":"WebSite","@id":"https:\/\/mmkriepas.lv\/en\/#website","url":"https:\/\/mmkriepas.lv\/en\/","name":"MMK Riepas","description":"MMK Riepas","alternateName":"MMK Riepu Serviss","potentialAction":[{"@type":"SearchAction","target":{"@type":"EntryPoint","urlTemplate":"https:\/\/mmkriepas.lv\/en\/?s={search_term_string}"},"query-input":{"@type":"PropertyValueSpecification","valueRequired":true,"valueName":"search_term_string"}}],"inLanguage":"en-US"},{"@type":"ImageObject","inLanguage":"en-US","@id":"https:\/\/mmkriepas.lv\/en\/p\/155-65r15-hankook-winter-icept-rs2-w452-77t-2\/#local-main-organization-logo","url":"","contentUrl":"","caption":"MMK Riepas"}]},"product_brand":"Hankook Winter i*cept RS2 W452","product_price_amount":"71.00","product_price_currency":"EUR","og_availability":"instock","product_availability":"instock","product_retailer_item_id":"TW1556515Hanko-L10751","product_condition":"new"},"_links":{"self":[{"href":"https:\/\/mmkriepas.lv\/en\/wp-json\/wp\/v2\/product\/318350","targetHints":{"allow":["GET"]}}],"collection":[{"href":"https:\/\/mmkriepas.lv\/en\/wp-json\/wp\/v2\/product"}],"about":[{"href":"https:\/\/mmkriepas.lv\/en\/wp-json\/wp\/v2\/types\/product"}],"wp:featuredmedia":[{"embeddable":true,"href":"https:\/\/mmkriepas.lv\/en\/wp-json\/wp\/v2\/media\/1235086"}],"wp:attachment":[{"href":"https:\/\/mmkriepas.lv\/en\/wp-json\/wp\/v2\/media?parent=318350"}],"wp:term":[{"taxonomy":"product_brand","embeddable":true,"href":"https:\/\/mmkriepas.lv\/en\/wp-json\/wp\/v2\/product_brand?post=318350"},{"taxonomy":"product_cat","embeddable":true,"href":"https:\/\/mmkriepas.lv\/en\/wp-json\/wp\/v2\/product_cat?post=318350"},{"taxonomy":"product_tag","embeddable":true,"href":"https:\/\/mmkriepas.lv\/en\/wp-json\/wp\/v2\/product_tag?post=318350"}],"curies":[{"name":"wp","href":"https:\/\/api.w.org\/{rel}","templated":true}]}}