{"id":318326,"date":"2022-09-09T22:29:47","date_gmt":"2022-09-09T19:29:47","guid":{"rendered":"https:\/\/mmkserviss.lv\/?post_type=product&#038;p=318326"},"modified":"2026-03-27T12:46:42","modified_gmt":"2026-03-27T10:46:42","slug":"155-65r13-rotalla-setula-4-season-ra03-73t","status":"publish","type":"product","link":"https:\/\/mmkriepas.lv\/en\/p\/155-65r13-rotalla-setula-4-season-ra03-73t\/","title":{"rendered":"155\/65R13 Rotalla Setula 4 Season RA03 73T"},"content":{"rendered":"<p><strong><span style=\"font-family: 'Arial',sans-serif;\">Rotalla Setula 4 Season RA03<\/span><\/strong><span style=\"font-family: 'Arial',sans-serif;\"> ir vissezonas riepa, kas paredz\u0113ta vieglajiem auto. \u0160\u012bs riepas uzr\u0101da labus veiktsp\u0113jas r\u0101d\u012bt\u0101jus un sausa un slapja asfalta, k\u0101 ar\u012b uz nedaudz apsnigu\u0161iem ce\u013ciem. Brauciens ar \u0161\u012bm riep\u0101m b\u016bs gluds, komfortabls un kluss.<\/span><\/p>\n","protected":false},"excerpt":{"rendered":"<p><strong><span style=\"font-family: 'Arial',sans-serif;\">Rotalla Setula 4 Season RA03<\/span><\/strong><span style=\"font-family: 'Arial',sans-serif;\"> ir vissezonas riepa, kas paredz\u0113ta vieglajiem auto. \u0160\u012bs riepas uzr\u0101da labus veiktsp\u0113jas r\u0101d\u012bt\u0101jus un sausa un slapja asfalta, k\u0101 ar\u012b uz nedaudz apsnigu\u0161iem ce\u013ciem. Brauciens ar \u0161\u012bm riep\u0101m b\u016bs gluds, komfortabls un kluss.<\/span><\/p>\n","protected":false},"featured_media":821195,"template":"","meta":{"_acf_changed":false,"ngg_post_thumbnail":0},"product_brand":[],"product_cat":[47,45],"product_tag":[],"class_list":{"0":"post-318326","1":"product","2":"type-product","3":"status-publish","4":"has-post-thumbnail","6":"product_cat-vissezonas-riepas","7":"product_cat-ziemas-riepas","9":"first","10":"instock","11":"sale","12":"taxable","13":"shipping-taxable","14":"purchasable","15":"product-type-simple"},"acf":[],"yoast_head":"<!-- This site is optimized with the Yoast SEO Premium plugin v22.6 (Yoast SEO v27.3) - https:\/\/yoast.com\/product\/yoast-seo-premium-wordpress\/ -->\n<title>155\/65R13 Rotalla Setula 4 Season RA03 73T &#8226; MMK Riepas<\/title>\n<meta name=\"description\" content=\"Rotalla-Setula 4-Season RA03 ir vissezonas riepa ar augstiem r\u0101d\u012bt\u0101jiem! MMK Riepu centros vispla\u0161\u0101kais kl\u0101sts Rotalla riep\u0101m, par viszem\u0101kaj\u0101m cen\u0101m!\" \/>\n<meta name=\"robots\" content=\"index, follow, max-snippet:-1, max-image-preview:large, max-video-preview:-1\" \/>\n<link rel=\"canonical\" href=\"https:\/\/mmkriepas.lv\/en\/p\/155-65r13-rotalla-setula-4-season-ra03-73t\/\" \/>\n<meta property=\"og:locale\" content=\"en_US\" \/>\n<meta property=\"og:type\" content=\"article\" \/>\n<meta property=\"og:title\" content=\"155\/65R13 Rotalla Setula 4 Season RA03 73T\" \/>\n<meta property=\"og:description\" content=\"Rotalla-Setula 4-Season RA03 ir vissezonas riepa ar augstiem r\u0101d\u012bt\u0101jiem! MMK Riepu centros vispla\u0161\u0101kais kl\u0101sts Rotalla riep\u0101m, par viszem\u0101kaj\u0101m cen\u0101m!\" \/>\n<meta property=\"og:url\" content=\"https:\/\/mmkriepas.lv\/en\/p\/155-65r13-rotalla-setula-4-season-ra03-73t\/\" \/>\n<meta property=\"og:site_name\" content=\"MMK Riepas\" \/>\n<meta property=\"article:publisher\" content=\"https:\/\/www.facebook.com\/mmkserviss\/\" \/>\n<meta property=\"article:modified_time\" content=\"2026-03-27T10:46:42+00:00\" \/>\n<meta property=\"og:image\" content=\"https:\/\/mmkriepas.lv\/wp-content\/uploads\/2023\/11\/19565r15-rotalla-setula-4-season-ra03-91h-ziemas-riepas.jpeg\" \/>\n\t<meta property=\"og:image:width\" content=\"1036\" \/>\n\t<meta property=\"og:image:height\" content=\"1027\" \/>\n\t<meta property=\"og:image:type\" content=\"image\/jpeg\" \/>\n<meta name=\"twitter:card\" content=\"summary_large_image\" \/>\n<meta name=\"twitter:label1\" content=\"Price\" \/>\n\t<meta name=\"twitter:data1\" content=\"&euro;36.00\" \/>\n\t<meta name=\"twitter:label2\" content=\"Availability\" \/>\n\t<meta name=\"twitter:data2\" content=\"In stock\" \/>\n<script type=\"application\/ld+json\" class=\"yoast-schema-graph\">{\"@context\":\"https:\\\/\\\/schema.org\",\"@graph\":[{\"@type\":\"WebPage\",\"@id\":\"https:\\\/\\\/mmkriepas.lv\\\/en\\\/p\\\/155-65r13-rotalla-setula-4-season-ra03-73t\\\/\",\"url\":\"https:\\\/\\\/mmkriepas.lv\\\/en\\\/p\\\/155-65r13-rotalla-setula-4-season-ra03-73t\\\/\",\"name\":\"155\\\/65R13 Rotalla Setula 4 Season RA03 73T &#8226; MMK Riepas\",\"isPartOf\":{\"@id\":\"https:\\\/\\\/mmkriepas.lv\\\/en\\\/#website\"},\"primaryImageOfPage\":{\"@id\":\"https:\\\/\\\/mmkriepas.lv\\\/en\\\/p\\\/155-65r13-rotalla-setula-4-season-ra03-73t\\\/#primaryimage\"},\"image\":{\"@id\":\"https:\\\/\\\/mmkriepas.lv\\\/en\\\/p\\\/155-65r13-rotalla-setula-4-season-ra03-73t\\\/#primaryimage\"},\"thumbnailUrl\":\"https:\\\/\\\/mmkriepas.lv\\\/wp-content\\\/uploads\\\/2023\\\/11\\\/19565r15-rotalla-setula-4-season-ra03-91h-ziemas-riepas.jpeg\",\"datePublished\":\"2022-09-09T19:29:47+00:00\",\"dateModified\":\"2026-03-27T10:46:42+00:00\",\"description\":\"Rotalla-Setula 4-Season RA03 ir vissezonas riepa ar augstiem r\u0101d\u012bt\u0101jiem! MMK Riepu centros vispla\u0161\u0101kais kl\u0101sts Rotalla riep\u0101m, par viszem\u0101kaj\u0101m cen\u0101m!\",\"breadcrumb\":{\"@id\":\"https:\\\/\\\/mmkriepas.lv\\\/en\\\/p\\\/155-65r13-rotalla-setula-4-season-ra03-73t\\\/#breadcrumb\"},\"inLanguage\":\"en-US\",\"potentialAction\":[{\"@type\":\"ReadAction\",\"target\":[\"https:\\\/\\\/mmkriepas.lv\\\/en\\\/p\\\/155-65r13-rotalla-setula-4-season-ra03-73t\\\/\"]}]},{\"@type\":\"ImageObject\",\"inLanguage\":\"en-US\",\"@id\":\"https:\\\/\\\/mmkriepas.lv\\\/en\\\/p\\\/155-65r13-rotalla-setula-4-season-ra03-73t\\\/#primaryimage\",\"url\":\"https:\\\/\\\/mmkriepas.lv\\\/wp-content\\\/uploads\\\/2023\\\/11\\\/19565r15-rotalla-setula-4-season-ra03-91h-ziemas-riepas.jpeg\",\"contentUrl\":\"https:\\\/\\\/mmkriepas.lv\\\/wp-content\\\/uploads\\\/2023\\\/11\\\/19565r15-rotalla-setula-4-season-ra03-91h-ziemas-riepas.jpeg\",\"width\":1036,\"height\":1027,\"caption\":\"195\\\/65R15 Rotalla Setula 4 Season RA03 91H - Vissezonas riepas \\\/ Ziemas riepas\"},{\"@type\":\"BreadcrumbList\",\"@id\":\"https:\\\/\\\/mmkriepas.lv\\\/en\\\/p\\\/155-65r13-rotalla-setula-4-season-ra03-73t\\\/#breadcrumb\",\"itemListElement\":[{\"@type\":\"ListItem\",\"position\":1,\"name\":\"S\u0101kums\",\"item\":\"https:\\\/\\\/mmkriepas.lv\\\/en\\\/\"},{\"@type\":\"ListItem\",\"position\":2,\"name\":\"155\\\/65R13 Rotalla Setula 4 Season RA03 73T\"}]},{\"@type\":\"WebSite\",\"@id\":\"https:\\\/\\\/mmkriepas.lv\\\/en\\\/#website\",\"url\":\"https:\\\/\\\/mmkriepas.lv\\\/en\\\/\",\"name\":\"MMK Riepas\",\"description\":\"MMK Riepas\",\"alternateName\":\"MMK Riepu Serviss\",\"potentialAction\":[{\"@type\":\"SearchAction\",\"target\":{\"@type\":\"EntryPoint\",\"urlTemplate\":\"https:\\\/\\\/mmkriepas.lv\\\/en\\\/?s={search_term_string}\"},\"query-input\":{\"@type\":\"PropertyValueSpecification\",\"valueRequired\":true,\"valueName\":\"search_term_string\"}}],\"inLanguage\":\"en-US\"},{\"@type\":\"ImageObject\",\"inLanguage\":\"en-US\",\"@id\":\"https:\\\/\\\/mmkriepas.lv\\\/en\\\/p\\\/155-65r13-rotalla-setula-4-season-ra03-73t\\\/#local-main-organization-logo\",\"url\":\"\",\"contentUrl\":\"\",\"caption\":\"MMK Riepas\"}]}<\/script>\n<meta property=\"product:brand\" content=\"Rotalla Setula 4 Season RA03\" \/>\n<meta property=\"product:price:amount\" content=\"36.00\" \/>\n<meta property=\"product:price:currency\" content=\"EUR\" \/>\n<meta property=\"og:availability\" content=\"instock\" \/>\n<meta property=\"product:availability\" content=\"instock\" \/>\n<meta property=\"product:retailer_item_id\" content=\"TW1556513ROTAL-L10743\" \/>\n<meta property=\"product:condition\" content=\"new\" \/>\n<!-- \/ Yoast SEO Premium plugin. -->","yoast_head_json":{"title":"155\/65R13 Rotalla Setula 4 Season RA03 73T &#8226; MMK Riepas","description":"Rotalla-Setula 4-Season RA03 ir vissezonas riepa ar augstiem r\u0101d\u012bt\u0101jiem! MMK Riepu centros vispla\u0161\u0101kais kl\u0101sts Rotalla riep\u0101m, par viszem\u0101kaj\u0101m cen\u0101m!","robots":{"index":"index","follow":"follow","max-snippet":"max-snippet:-1","max-image-preview":"max-image-preview:large","max-video-preview":"max-video-preview:-1"},"canonical":"https:\/\/mmkriepas.lv\/en\/p\/155-65r13-rotalla-setula-4-season-ra03-73t\/","og_locale":"en_US","og_type":"article","og_title":"155\/65R13 Rotalla Setula 4 Season RA03 73T","og_description":"Rotalla-Setula 4-Season RA03 ir vissezonas riepa ar augstiem r\u0101d\u012bt\u0101jiem! MMK Riepu centros vispla\u0161\u0101kais kl\u0101sts Rotalla riep\u0101m, par viszem\u0101kaj\u0101m cen\u0101m!","og_url":"https:\/\/mmkriepas.lv\/en\/p\/155-65r13-rotalla-setula-4-season-ra03-73t\/","og_site_name":"MMK Riepas","article_publisher":"https:\/\/www.facebook.com\/mmkserviss\/","article_modified_time":"2026-03-27T10:46:42+00:00","og_image":[{"width":1036,"height":1027,"url":"https:\/\/mmkriepas.lv\/wp-content\/uploads\/2023\/11\/19565r15-rotalla-setula-4-season-ra03-91h-ziemas-riepas.jpeg","type":"image\/jpeg"}],"twitter_card":"summary_large_image","twitter_misc":{"Price":"&euro;36.00","Availability":"In stock"},"schema":{"@context":"https:\/\/schema.org","@graph":[{"@type":"WebPage","@id":"https:\/\/mmkriepas.lv\/en\/p\/155-65r13-rotalla-setula-4-season-ra03-73t\/","url":"https:\/\/mmkriepas.lv\/en\/p\/155-65r13-rotalla-setula-4-season-ra03-73t\/","name":"155\/65R13 Rotalla Setula 4 Season RA03 73T &#8226; MMK Riepas","isPartOf":{"@id":"https:\/\/mmkriepas.lv\/en\/#website"},"primaryImageOfPage":{"@id":"https:\/\/mmkriepas.lv\/en\/p\/155-65r13-rotalla-setula-4-season-ra03-73t\/#primaryimage"},"image":{"@id":"https:\/\/mmkriepas.lv\/en\/p\/155-65r13-rotalla-setula-4-season-ra03-73t\/#primaryimage"},"thumbnailUrl":"https:\/\/mmkriepas.lv\/wp-content\/uploads\/2023\/11\/19565r15-rotalla-setula-4-season-ra03-91h-ziemas-riepas.jpeg","datePublished":"2022-09-09T19:29:47+00:00","dateModified":"2026-03-27T10:46:42+00:00","description":"Rotalla-Setula 4-Season RA03 ir vissezonas riepa ar augstiem r\u0101d\u012bt\u0101jiem! MMK Riepu centros vispla\u0161\u0101kais kl\u0101sts Rotalla riep\u0101m, par viszem\u0101kaj\u0101m cen\u0101m!","breadcrumb":{"@id":"https:\/\/mmkriepas.lv\/en\/p\/155-65r13-rotalla-setula-4-season-ra03-73t\/#breadcrumb"},"inLanguage":"en-US","potentialAction":[{"@type":"ReadAction","target":["https:\/\/mmkriepas.lv\/en\/p\/155-65r13-rotalla-setula-4-season-ra03-73t\/"]}]},{"@type":"ImageObject","inLanguage":"en-US","@id":"https:\/\/mmkriepas.lv\/en\/p\/155-65r13-rotalla-setula-4-season-ra03-73t\/#primaryimage","url":"https:\/\/mmkriepas.lv\/wp-content\/uploads\/2023\/11\/19565r15-rotalla-setula-4-season-ra03-91h-ziemas-riepas.jpeg","contentUrl":"https:\/\/mmkriepas.lv\/wp-content\/uploads\/2023\/11\/19565r15-rotalla-setula-4-season-ra03-91h-ziemas-riepas.jpeg","width":1036,"height":1027,"caption":"195\/65R15 Rotalla Setula 4 Season RA03 91H - Vissezonas riepas \/ Ziemas riepas"},{"@type":"BreadcrumbList","@id":"https:\/\/mmkriepas.lv\/en\/p\/155-65r13-rotalla-setula-4-season-ra03-73t\/#breadcrumb","itemListElement":[{"@type":"ListItem","position":1,"name":"S\u0101kums","item":"https:\/\/mmkriepas.lv\/en\/"},{"@type":"ListItem","position":2,"name":"155\/65R13 Rotalla Setula 4 Season RA03 73T"}]},{"@type":"WebSite","@id":"https:\/\/mmkriepas.lv\/en\/#website","url":"https:\/\/mmkriepas.lv\/en\/","name":"MMK Riepas","description":"MMK Riepas","alternateName":"MMK Riepu Serviss","potentialAction":[{"@type":"SearchAction","target":{"@type":"EntryPoint","urlTemplate":"https:\/\/mmkriepas.lv\/en\/?s={search_term_string}"},"query-input":{"@type":"PropertyValueSpecification","valueRequired":true,"valueName":"search_term_string"}}],"inLanguage":"en-US"},{"@type":"ImageObject","inLanguage":"en-US","@id":"https:\/\/mmkriepas.lv\/en\/p\/155-65r13-rotalla-setula-4-season-ra03-73t\/#local-main-organization-logo","url":"","contentUrl":"","caption":"MMK Riepas"}]},"product_brand":"Rotalla Setula 4 Season RA03","product_price_amount":"36.00","product_price_currency":"EUR","og_availability":"instock","product_availability":"instock","product_retailer_item_id":"TW1556513ROTAL-L10743","product_condition":"new"},"_links":{"self":[{"href":"https:\/\/mmkriepas.lv\/en\/wp-json\/wp\/v2\/product\/318326","targetHints":{"allow":["GET"]}}],"collection":[{"href":"https:\/\/mmkriepas.lv\/en\/wp-json\/wp\/v2\/product"}],"about":[{"href":"https:\/\/mmkriepas.lv\/en\/wp-json\/wp\/v2\/types\/product"}],"wp:featuredmedia":[{"embeddable":true,"href":"https:\/\/mmkriepas.lv\/en\/wp-json\/wp\/v2\/media\/821195"}],"wp:attachment":[{"href":"https:\/\/mmkriepas.lv\/en\/wp-json\/wp\/v2\/media?parent=318326"}],"wp:term":[{"taxonomy":"product_brand","embeddable":true,"href":"https:\/\/mmkriepas.lv\/en\/wp-json\/wp\/v2\/product_brand?post=318326"},{"taxonomy":"product_cat","embeddable":true,"href":"https:\/\/mmkriepas.lv\/en\/wp-json\/wp\/v2\/product_cat?post=318326"},{"taxonomy":"product_tag","embeddable":true,"href":"https:\/\/mmkriepas.lv\/en\/wp-json\/wp\/v2\/product_tag?post=318326"}],"curies":[{"name":"wp","href":"https:\/\/api.w.org\/{rel}","templated":true}]}}