{"id":318032,"date":"2022-09-09T22:12:47","date_gmt":"2022-09-09T19:12:47","guid":{"rendered":"https:\/\/mmkserviss.lv\/?post_type=product&#038;p=318032"},"modified":"2024-08-02T14:10:14","modified_gmt":"2024-08-02T11:10:14","slug":"265-50r19-nokian-hakkapeliitta-r3-suv-110r-xl","status":"publish","type":"product","link":"https:\/\/mmkriepas.lv\/en\/p\/265-50r19-nokian-hakkapeliitta-r3-suv-110r-xl\/","title":{"rendered":"265\/50R19 Nokian Hakkapeliitta R3 SUV 110R XL"},"content":{"rendered":"<p><span>Premium klases riepas. <a href=\"https:\/\/mmkriepas.lv\/riepas\/nokian\/ziemas\/\">Nokian riepas<\/a> &#8211; <strong>izcila kvalit\u0101te par labu cenu!<\/strong><\/span> Nokian riepas Latvij\u0101 \u013coti veiksm\u012bgi darbojas jau tre\u0161o dek\u0101di. Tas ir vien\u012bgais riepu ra\u017eot\u0101js pasaul\u0113, kas <strong>specializ\u0113jas uz ziemas riepu izstr\u0101di skarbajiem Zieme\u013cvalstu ziemas apst\u0101k\u013ciem<\/strong>. Latvijas ziemas\u00a0 nereti ir \u013coti tuvu skandin\u0101vijas laikapst\u0101k\u013cu tipam, kas, visticam\u0101k, ar\u012b ir kalpojis par iemeslu veiksm\u012bgai z\u012bmola darb\u012bbai Baltijas valst\u012bs. Galvenais uz\u0146\u0113mums, kas atrodas Nokia pils\u0113t\u0101, gad\u0101 sara\u017eo 4 000 000 riepu. Otr\u0101 r\u016bpn\u012bca Vsevolo\u017esk\u0101 (Krievija) gad\u0101 sara\u017eo 8 miljonus riepu. Net\u0101lu no Sanktp\u0113terburgas ir pl\u0101nots atv\u0113rt v\u0113l vienu r\u016bpn\u012bcu, t\u0101dej\u0101di nostiprinot poz\u012bcijas Zieme\u013ceiropas un biju\u0161\u0101s PSRS teritorij\u0101. <a href=\"https:\/\/mmkriepas.lv\/riepas\/nokian\/\">Nokian<\/a> \u0161obr\u012bd ir liel\u0101kais riepu ra\u017eot\u0101js Zieme\u013ceirop\u0101. <strong>Nokian Hakkapeliitta R3<\/strong> ir augstas kvalit\u0101tes ziemas riepa, kas paredz\u0113ta apvidus (SUV) automobi\u013ciem un piem\u0113rota brauk\u0161anai pa Zieme\u013ceiropas valst\u012bm.\u00a0 Riepas izstr\u0101d\u0113 izmantots aram\u012bda tekstils, kur\u0161 ir \u013coti viegls un neticami iztur\u012bgs, un pasarg\u0101 riepu no boj\u0101jumiem, turkl\u0101t riepa kalpo ilg\u0101k.\u00a0<\/p>\n<h3>Vair\u0101ki Lame\u013cu tipi<\/h3>\n<p><strong>Nokian Hakkapeliitta R3\u00a0<\/strong>protektora rakst\u0101 redzami vair\u0101ki lame\u013cu veidi. Riepas s\u0101nu blokos atrodamas dzi\u013cas lameles, kuras palielina stabilit\u0101ti un veiktsp\u0113ju uz ledus vai slidena, slapja ce\u013ca. Savuk\u0101rt centr\u0101l\u0101s da\u013cas protektor\u0101, lameles pilda citu funkciju, t\u0101s sausina ce\u013ca virsmu da\u013cu mitruma uzs\u016bcot sev\u012b. Tas palielina sa\u0137eri ar slapj\u0101m ce\u013ca virsm\u0101m.\u00a0<\/p>\n<h3>Nokian R3 galven\u0101s iez\u012bmes<\/h3>\n<p>+Inovat\u012bvi risin\u0101jumi, kas pilnveido riepas veiktsp\u0113ju ziemas apst\u0101k\u013cos. +Iztur\u012bga s\u0101nu konstrukcija, pateicoties aram\u012bda tekstilam, kas izmantots riepas uzb\u016bv\u0113. +Da\u017e\u0101du veidu lameles, kas pal\u012bdz ieg\u016bt lab\u0101ku sa\u0137eri un manevr\u0113tsp\u0113ju uz slapja asfalta. +&#8221;L\u0101\u010da nagu&#8221; formas dren\u0101\u017eas kan\u0101li, kas pal\u012bdz, braucot pa m\u012bkstu, irdenu ce\u013ca virsmu. +Riepas gumijas mais\u012bjums, kas satur Cryo Crystal 3 tehnolo\u0123ijas.<\/p>\n<h3>Nokian Hakkapeliitta R3 gumijas materi\u0101ls<\/h3>\n<p>Neskaitot elestrom\u0113ru un polim\u0113ru koncentr\u0101ciju riepas gumijas sast\u0101v\u0101, kas riepu padara elast\u012bgu pat \u013coti zem\u0101s temperat\u016br\u0101s, Nokian Hakkapeliitta R3 izgatavo\u0161an\u0101 izmantota Cryo Crystal 3 tehnolo\u0123ija. \u0160\u012b inov\u0101cija radzes aizvieto ar iztur\u012bgiem krist\u0101liem, kuri veido sa\u0137eri ar sliden\u0101m ce\u013ca virsm\u0101m.<\/p>\n<h3>Nokian Hakkapeliitta R3 protektors<\/h3>\n<p>Virz\u012btais protektora raksts ar dzi\u013c\u0101m dren\u0101\u017eu riev\u0101m Nokian Hakkapeliitta R3 riepai piedod lielisku \u016bdens un sniega novadi, samazinot akvaplan\u0113\u0161anas riskus. Nokian Hakkapeliitta R3 plecu bloki pilda vair\u0101kas funkcijas vienlaikus. To z\u0101\u0123veida uzb\u016bve pal\u012bdz auto lab\u0101k manevr\u0113t, turkl\u0101t tie ir plati, kas nodro\u0161ina liel\u0101ku stabilit\u0101ti uz ce\u013ca.<\/p>\n","protected":false},"excerpt":{"rendered":"<p>Premium klases riepas. Nokian riepas &#8211; izcila kvalit\u0101te par labu cenu! Nokian riepas Latvij\u0101 \u013coti veiksm\u012bgi darbojas jau tre\u0161o dek\u0101di. Tas ir vien\u012bgais riepu ra\u017eot\u0101js pasaul\u0113, kas specializ\u0113jas uz ziemas<\/p>\n","protected":false},"featured_media":1128169,"template":"","meta":{"_acf_changed":false,"ngg_post_thumbnail":0},"product_brand":[],"product_cat":[47,45],"product_tag":[],"class_list":{"0":"post-318032","1":"product","2":"type-product","3":"status-publish","4":"has-post-thumbnail","6":"product_cat-vissezonas-riepas","7":"product_cat-ziemas-riepas","9":"first","10":"instock","11":"taxable","12":"shipping-taxable","13":"product-type-simple"},"acf":[],"yoast_head":"<!-- This site is optimized with the Yoast SEO Premium plugin v22.6 (Yoast SEO v27.3) - https:\/\/yoast.com\/product\/yoast-seo-premium-wordpress\/ -->\n<title>265\/50R19 Nokian Hakkapeliitta R3 SUV 110R XL &#8226; MMK Riepas<\/title>\n<meta name=\"robots\" content=\"index, follow, max-snippet:-1, max-image-preview:large, max-video-preview:-1\" \/>\n<link rel=\"canonical\" href=\"https:\/\/mmkriepas.lv\/en\/p\/265-50r19-nokian-hakkapeliitta-r3-suv-110r-xl\/\" \/>\n<meta property=\"og:locale\" content=\"en_US\" \/>\n<meta property=\"og:type\" content=\"article\" \/>\n<meta property=\"og:title\" content=\"265\/50R19 Nokian Hakkapeliitta R3 SUV 110R XL\" \/>\n<meta property=\"og:description\" content=\"Premium klases riepas. Nokian riepas &#8211; izcila kvalit\u0101te par labu cenu! Nokian riepas Latvij\u0101 \u013coti veiksm\u012bgi darbojas jau tre\u0161o dek\u0101di. Tas ir vien\u012bgais riepu ra\u017eot\u0101js pasaul\u0113, kas specializ\u0113jas uz ziemas\" \/>\n<meta property=\"og:url\" content=\"https:\/\/mmkriepas.lv\/en\/p\/265-50r19-nokian-hakkapeliitta-r3-suv-110r-xl\/\" \/>\n<meta property=\"og:site_name\" content=\"MMK Riepas\" \/>\n<meta property=\"article:publisher\" content=\"https:\/\/www.facebook.com\/mmkserviss\/\" \/>\n<meta property=\"article:modified_time\" content=\"2024-08-02T11:10:14+00:00\" \/>\n<meta property=\"og:image\" content=\"https:\/\/mmkriepas.lv\/wp-content\/uploads\/2024\/11\/29540r20-nokian-hkpl-r3-suv-110t-xl-dot-ziemas-riepas.jpg\" \/>\n\t<meta property=\"og:image:width\" content=\"691\" \/>\n\t<meta property=\"og:image:height\" content=\"789\" \/>\n\t<meta property=\"og:image:type\" content=\"image\/jpeg\" \/>\n<meta name=\"twitter:card\" content=\"summary_large_image\" \/>\n<meta name=\"twitter:label1\" content=\"Price\" \/>\n\t<meta name=\"twitter:data1\" content=\"&euro;260.00\" \/>\n\t<meta name=\"twitter:label2\" content=\"Availability\" \/>\n\t<meta name=\"twitter:data2\" content=\"In stock\" \/>\n<script type=\"application\/ld+json\" class=\"yoast-schema-graph\">{\"@context\":\"https:\\\/\\\/schema.org\",\"@graph\":[{\"@type\":\"WebPage\",\"@id\":\"https:\\\/\\\/mmkriepas.lv\\\/en\\\/p\\\/265-50r19-nokian-hakkapeliitta-r3-suv-110r-xl\\\/\",\"url\":\"https:\\\/\\\/mmkriepas.lv\\\/en\\\/p\\\/265-50r19-nokian-hakkapeliitta-r3-suv-110r-xl\\\/\",\"name\":\"265\\\/50R19 Nokian Hakkapeliitta R3 SUV 110R XL &#8226; MMK Riepas\",\"isPartOf\":{\"@id\":\"https:\\\/\\\/mmkriepas.lv\\\/en\\\/#website\"},\"primaryImageOfPage\":{\"@id\":\"https:\\\/\\\/mmkriepas.lv\\\/en\\\/p\\\/265-50r19-nokian-hakkapeliitta-r3-suv-110r-xl\\\/#primaryimage\"},\"image\":{\"@id\":\"https:\\\/\\\/mmkriepas.lv\\\/en\\\/p\\\/265-50r19-nokian-hakkapeliitta-r3-suv-110r-xl\\\/#primaryimage\"},\"thumbnailUrl\":\"https:\\\/\\\/mmkriepas.lv\\\/wp-content\\\/uploads\\\/2024\\\/11\\\/29540r20-nokian-hkpl-r3-suv-110t-xl-dot-ziemas-riepas.jpg\",\"datePublished\":\"2022-09-09T19:12:47+00:00\",\"dateModified\":\"2024-08-02T11:10:14+00:00\",\"breadcrumb\":{\"@id\":\"https:\\\/\\\/mmkriepas.lv\\\/en\\\/p\\\/265-50r19-nokian-hakkapeliitta-r3-suv-110r-xl\\\/#breadcrumb\"},\"inLanguage\":\"en-US\",\"potentialAction\":[{\"@type\":\"ReadAction\",\"target\":[\"https:\\\/\\\/mmkriepas.lv\\\/en\\\/p\\\/265-50r19-nokian-hakkapeliitta-r3-suv-110r-xl\\\/\"]}]},{\"@type\":\"ImageObject\",\"inLanguage\":\"en-US\",\"@id\":\"https:\\\/\\\/mmkriepas.lv\\\/en\\\/p\\\/265-50r19-nokian-hakkapeliitta-r3-suv-110r-xl\\\/#primaryimage\",\"url\":\"https:\\\/\\\/mmkriepas.lv\\\/wp-content\\\/uploads\\\/2024\\\/11\\\/29540r20-nokian-hkpl-r3-suv-110t-xl-dot-ziemas-riepas.jpg\",\"contentUrl\":\"https:\\\/\\\/mmkriepas.lv\\\/wp-content\\\/uploads\\\/2024\\\/11\\\/29540r20-nokian-hkpl-r3-suv-110t-xl-dot-ziemas-riepas.jpg\",\"width\":691,\"height\":789,\"caption\":\"295\\\/40R20 NOKIAN HKPL R3 SUV 110T XL DOT - Ziemas riepas\"},{\"@type\":\"BreadcrumbList\",\"@id\":\"https:\\\/\\\/mmkriepas.lv\\\/en\\\/p\\\/265-50r19-nokian-hakkapeliitta-r3-suv-110r-xl\\\/#breadcrumb\",\"itemListElement\":[{\"@type\":\"ListItem\",\"position\":1,\"name\":\"S\u0101kums\",\"item\":\"https:\\\/\\\/mmkriepas.lv\\\/en\\\/\"},{\"@type\":\"ListItem\",\"position\":2,\"name\":\"265\\\/50R19 Nokian Hakkapeliitta R3 SUV 110R XL\"}]},{\"@type\":\"WebSite\",\"@id\":\"https:\\\/\\\/mmkriepas.lv\\\/en\\\/#website\",\"url\":\"https:\\\/\\\/mmkriepas.lv\\\/en\\\/\",\"name\":\"MMK Riepas\",\"description\":\"MMK Riepas\",\"alternateName\":\"MMK Riepu Serviss\",\"potentialAction\":[{\"@type\":\"SearchAction\",\"target\":{\"@type\":\"EntryPoint\",\"urlTemplate\":\"https:\\\/\\\/mmkriepas.lv\\\/en\\\/?s={search_term_string}\"},\"query-input\":{\"@type\":\"PropertyValueSpecification\",\"valueRequired\":true,\"valueName\":\"search_term_string\"}}],\"inLanguage\":\"en-US\"},{\"@type\":\"ImageObject\",\"inLanguage\":\"en-US\",\"@id\":\"https:\\\/\\\/mmkriepas.lv\\\/en\\\/p\\\/265-50r19-nokian-hakkapeliitta-r3-suv-110r-xl\\\/#local-main-organization-logo\",\"url\":\"\",\"contentUrl\":\"\",\"caption\":\"MMK Riepas\"}]}<\/script>\n<meta property=\"product:brand\" content=\"Nokian Hakkapeliitta R3\" \/>\n<meta property=\"product:price:amount\" content=\"260.00\" \/>\n<meta property=\"product:price:currency\" content=\"EUR\" \/>\n<meta property=\"og:availability\" content=\"instock\" \/>\n<meta property=\"product:availability\" content=\"instock\" \/>\n<meta property=\"product:retailer_item_id\" content=\"TW2655019Nokia-Z10645\" \/>\n<meta property=\"product:condition\" content=\"new\" \/>\n<!-- \/ Yoast SEO Premium plugin. -->","yoast_head_json":{"title":"265\/50R19 Nokian Hakkapeliitta R3 SUV 110R XL &#8226; MMK Riepas","robots":{"index":"index","follow":"follow","max-snippet":"max-snippet:-1","max-image-preview":"max-image-preview:large","max-video-preview":"max-video-preview:-1"},"canonical":"https:\/\/mmkriepas.lv\/en\/p\/265-50r19-nokian-hakkapeliitta-r3-suv-110r-xl\/","og_locale":"en_US","og_type":"article","og_title":"265\/50R19 Nokian Hakkapeliitta R3 SUV 110R XL","og_description":"Premium klases riepas. Nokian riepas &#8211; izcila kvalit\u0101te par labu cenu! Nokian riepas Latvij\u0101 \u013coti veiksm\u012bgi darbojas jau tre\u0161o dek\u0101di. Tas ir vien\u012bgais riepu ra\u017eot\u0101js pasaul\u0113, kas specializ\u0113jas uz ziemas","og_url":"https:\/\/mmkriepas.lv\/en\/p\/265-50r19-nokian-hakkapeliitta-r3-suv-110r-xl\/","og_site_name":"MMK Riepas","article_publisher":"https:\/\/www.facebook.com\/mmkserviss\/","article_modified_time":"2024-08-02T11:10:14+00:00","og_image":[{"width":691,"height":789,"url":"https:\/\/mmkriepas.lv\/wp-content\/uploads\/2024\/11\/29540r20-nokian-hkpl-r3-suv-110t-xl-dot-ziemas-riepas.jpg","type":"image\/jpeg"}],"twitter_card":"summary_large_image","twitter_misc":{"Price":"&euro;260.00","Availability":"In stock"},"schema":{"@context":"https:\/\/schema.org","@graph":[{"@type":"WebPage","@id":"https:\/\/mmkriepas.lv\/en\/p\/265-50r19-nokian-hakkapeliitta-r3-suv-110r-xl\/","url":"https:\/\/mmkriepas.lv\/en\/p\/265-50r19-nokian-hakkapeliitta-r3-suv-110r-xl\/","name":"265\/50R19 Nokian Hakkapeliitta R3 SUV 110R XL &#8226; MMK Riepas","isPartOf":{"@id":"https:\/\/mmkriepas.lv\/en\/#website"},"primaryImageOfPage":{"@id":"https:\/\/mmkriepas.lv\/en\/p\/265-50r19-nokian-hakkapeliitta-r3-suv-110r-xl\/#primaryimage"},"image":{"@id":"https:\/\/mmkriepas.lv\/en\/p\/265-50r19-nokian-hakkapeliitta-r3-suv-110r-xl\/#primaryimage"},"thumbnailUrl":"https:\/\/mmkriepas.lv\/wp-content\/uploads\/2024\/11\/29540r20-nokian-hkpl-r3-suv-110t-xl-dot-ziemas-riepas.jpg","datePublished":"2022-09-09T19:12:47+00:00","dateModified":"2024-08-02T11:10:14+00:00","breadcrumb":{"@id":"https:\/\/mmkriepas.lv\/en\/p\/265-50r19-nokian-hakkapeliitta-r3-suv-110r-xl\/#breadcrumb"},"inLanguage":"en-US","potentialAction":[{"@type":"ReadAction","target":["https:\/\/mmkriepas.lv\/en\/p\/265-50r19-nokian-hakkapeliitta-r3-suv-110r-xl\/"]}]},{"@type":"ImageObject","inLanguage":"en-US","@id":"https:\/\/mmkriepas.lv\/en\/p\/265-50r19-nokian-hakkapeliitta-r3-suv-110r-xl\/#primaryimage","url":"https:\/\/mmkriepas.lv\/wp-content\/uploads\/2024\/11\/29540r20-nokian-hkpl-r3-suv-110t-xl-dot-ziemas-riepas.jpg","contentUrl":"https:\/\/mmkriepas.lv\/wp-content\/uploads\/2024\/11\/29540r20-nokian-hkpl-r3-suv-110t-xl-dot-ziemas-riepas.jpg","width":691,"height":789,"caption":"295\/40R20 NOKIAN HKPL R3 SUV 110T XL DOT - Ziemas riepas"},{"@type":"BreadcrumbList","@id":"https:\/\/mmkriepas.lv\/en\/p\/265-50r19-nokian-hakkapeliitta-r3-suv-110r-xl\/#breadcrumb","itemListElement":[{"@type":"ListItem","position":1,"name":"S\u0101kums","item":"https:\/\/mmkriepas.lv\/en\/"},{"@type":"ListItem","position":2,"name":"265\/50R19 Nokian Hakkapeliitta R3 SUV 110R XL"}]},{"@type":"WebSite","@id":"https:\/\/mmkriepas.lv\/en\/#website","url":"https:\/\/mmkriepas.lv\/en\/","name":"MMK Riepas","description":"MMK Riepas","alternateName":"MMK Riepu Serviss","potentialAction":[{"@type":"SearchAction","target":{"@type":"EntryPoint","urlTemplate":"https:\/\/mmkriepas.lv\/en\/?s={search_term_string}"},"query-input":{"@type":"PropertyValueSpecification","valueRequired":true,"valueName":"search_term_string"}}],"inLanguage":"en-US"},{"@type":"ImageObject","inLanguage":"en-US","@id":"https:\/\/mmkriepas.lv\/en\/p\/265-50r19-nokian-hakkapeliitta-r3-suv-110r-xl\/#local-main-organization-logo","url":"","contentUrl":"","caption":"MMK Riepas"}]},"product_brand":"Nokian Hakkapeliitta R3","product_price_amount":"260.00","product_price_currency":"EUR","og_availability":"instock","product_availability":"instock","product_retailer_item_id":"TW2655019Nokia-Z10645","product_condition":"new"},"_links":{"self":[{"href":"https:\/\/mmkriepas.lv\/en\/wp-json\/wp\/v2\/product\/318032","targetHints":{"allow":["GET"]}}],"collection":[{"href":"https:\/\/mmkriepas.lv\/en\/wp-json\/wp\/v2\/product"}],"about":[{"href":"https:\/\/mmkriepas.lv\/en\/wp-json\/wp\/v2\/types\/product"}],"wp:featuredmedia":[{"embeddable":true,"href":"https:\/\/mmkriepas.lv\/en\/wp-json\/wp\/v2\/media\/1128169"}],"wp:attachment":[{"href":"https:\/\/mmkriepas.lv\/en\/wp-json\/wp\/v2\/media?parent=318032"}],"wp:term":[{"taxonomy":"product_brand","embeddable":true,"href":"https:\/\/mmkriepas.lv\/en\/wp-json\/wp\/v2\/product_brand?post=318032"},{"taxonomy":"product_cat","embeddable":true,"href":"https:\/\/mmkriepas.lv\/en\/wp-json\/wp\/v2\/product_cat?post=318032"},{"taxonomy":"product_tag","embeddable":true,"href":"https:\/\/mmkriepas.lv\/en\/wp-json\/wp\/v2\/product_tag?post=318032"}],"curies":[{"name":"wp","href":"https:\/\/api.w.org\/{rel}","templated":true}]}}