{"id":317858,"date":"2022-09-09T22:01:45","date_gmt":"2022-09-09T19:01:45","guid":{"rendered":"https:\/\/mmkserviss.lv\/?post_type=product&#038;p=317858"},"modified":"2025-03-11T17:07:58","modified_gmt":"2025-03-11T15:07:58","slug":"205-60r16-nokian-wetproof-92h-2","status":"publish","type":"product","link":"https:\/\/mmkriepas.lv\/en\/p\/205-60r16-nokian-wetproof-92h-2\/","title":{"rendered":"205\/60R16 Nokian Wetproof 92H"},"content":{"rendered":"<p><b>Nokian Wetproof<\/b><span style=\"font-weight: 400;\"> ir vasaras riepu modelis, kas paredz\u0113ts vieglajiem auto un izce\u013cas ar teicamiem veiktsp\u0113jas r\u0101d\u012bt\u0101jiem gan uz sausa, gan slapja asfalta. \u0160is modelis apr\u012bkots ar veselu virkni jaun\u0101ko tehnolo\u0123isko risin\u0101jumu, braucienu padarot dro\u0161u, klusu un gludu.<\/span><\/p>\n<h3><b>Nokian Wetproof galven\u0101s iez\u012bmes:<\/b><\/h3>\n<p><span style=\"font-weight: 400;\">+ Lieliski sa\u0137eres r\u0101d\u012bt\u0101ji pat uz slapja asfalta;<\/span> <span style=\"font-weight: 400;\">+ Samazin\u0101ts akvaplan\u0113\u0161anas risks;<\/span> <span style=\"font-weight: 400;\">+ Degvielas ekonomija;<\/span> <span style=\"font-weight: 400;\">+ <\/span><b>Dual Zone Safety sist\u0113ma;<\/b> <span style=\"font-weight: 400;\">+ <\/span><b>Responsive Lock Concept tehnolo\u0123ija;<\/b> <span style=\"font-weight: 400;\">+ <\/span><b>Wet Safety Zone sist\u0113ma.<\/b><\/p>\n<h3><b>Wetproof apr\u012bkojums<\/b><\/h3>\n<p><span style=\"font-weight: 400;\">Nokian Wetproof vasaras riepu modelis apr\u012bkots ar neskait\u0101miem tehnolo\u0123iskajiem risin\u0101jumiem, jaun\u0101kais no kuriem ir Wet Safety Zone sist\u0113ma. \u0160\u012b sist\u0113ma uzlabo dren\u0101\u017eas jeb \u016bdens izvadkan\u0101lu sist\u0113mu, padarot \u0161o riepu modeli par vienu no dro\u0161\u0101kajiem pret akvaplan\u0113\u0161anas risku.<\/span> <span style=\"font-weight: 400;\">Dual Safety Zone tehnolo\u0123ija sadala riepas protektoru div\u0101s vien\u0101d\u0101s vertik\u0101l\u0101s da\u013c\u0101s. Viena atbild par veiktsp\u0113ju uz slapja seguma, uzlabojot notur\u012bbu pret akvaplan\u0113\u0161anu v\u0113l vair\u0101k. Otra riepas da\u013ca atbild par stabilit\u0101ti, uzlabojot manevr\u0113tsp\u0113ju un pazeminot trok\u0161\u0146u l\u012bmeni ar\u012b lielos brauk\u0161anas \u0101trumos.<\/span> <span style=\"font-weight: 400;\">Responsive Lock Concept tehnolo\u0123ija sa\u012bsina riepas bremz\u0113\u0161anas ce\u013cu un uzlabo stabilit\u0101ti, nesamazinot veiktsp\u0113ju mitros brauk\u0161anas apst\u0101k\u013cos. Gareniskaj\u0101s protektora rib\u0101s iestr\u0101d\u0101ti elementi, kas pie spiediena, kad riepa non\u0101k kontakt\u0101 ar ce\u013cu, sasl\u0113dzas. T\u0101d\u0113j\u0101di, tiek palielin\u0101ta stabilit\u0101te liel\u0101 brauk\u0161anas \u0101trum\u0101, nesamazinot \u016bdens izvades iesp\u0113jas.\u00a0<\/span><\/p>\n<p><span style=\"font-weight: 400;\"><\/span><b>Nokian Wetproof-<\/b><span style=\"font-weight: 400;\"> Izdev\u012bgs premium vasaras riepu pied\u0101v\u0101jums Tavam auto! Pieejams abos MMK Riepu Centros par vislab\u0101kaj\u0101m cen\u0101m!<\/span><\/p>\n","protected":false},"excerpt":{"rendered":"<p><b>Nokian Wetproof<\/b><span style=\"font-weight: 400;\"> ir vasaras riepu modelis, kas paredz\u0113ts vieglajiem auto un izce\u013cas ar teicamiem veiktsp\u0113jas r\u0101d\u012bt\u0101jiem gan uz sausa, gan slapja asfalta. \u0160is modelis apr\u012bkots ar veselu virkni jaun\u0101ko tehnolo\u0123isko risin\u0101jumu, braucienu padarot dro\u0161u, klusu un gludu.<\/span><\/p>\n","protected":false},"featured_media":317857,"template":"","meta":{"_acf_changed":false,"ngg_post_thumbnail":0},"product_brand":[],"product_cat":[46],"product_tag":[],"class_list":{"0":"post-317858","1":"product","2":"type-product","3":"status-publish","4":"has-post-thumbnail","6":"product_cat-vasaras-riepas","8":"first","9":"instock","10":"taxable","11":"shipping-taxable","12":"product-type-simple"},"acf":[],"yoast_head":"<!-- This site is optimized with the Yoast SEO Premium plugin v22.6 (Yoast SEO v27.3) - https:\/\/yoast.com\/product\/yoast-seo-premium-wordpress\/ -->\n<title>205\/60R16 Nokian Wetproof 92H &#8226; MMK Riepas<\/title>\n<meta name=\"robots\" content=\"index, follow, max-snippet:-1, max-image-preview:large, max-video-preview:-1\" \/>\n<link rel=\"canonical\" href=\"https:\/\/mmkriepas.lv\/en\/p\/205-60r16-nokian-wetproof-92h-2\/\" \/>\n<meta property=\"og:locale\" content=\"en_US\" \/>\n<meta property=\"og:type\" content=\"article\" \/>\n<meta property=\"og:title\" content=\"205\/60R16 Nokian Wetproof 92H\" \/>\n<meta property=\"og:description\" content=\"Nokian Wetproof ir vasaras riepu modelis, kas paredz\u0113ts vieglajiem auto un izce\u013cas ar teicamiem veiktsp\u0113jas r\u0101d\u012bt\u0101jiem gan uz sausa, gan slapja asfalta. \u0160is modelis apr\u012bkots ar veselu virkni jaun\u0101ko tehnolo\u0123isko risin\u0101jumu, braucienu padarot dro\u0161u, klusu un gludu.\" \/>\n<meta property=\"og:url\" content=\"https:\/\/mmkriepas.lv\/en\/p\/205-60r16-nokian-wetproof-92h-2\/\" \/>\n<meta property=\"og:site_name\" content=\"MMK Riepas\" \/>\n<meta property=\"article:publisher\" content=\"https:\/\/www.facebook.com\/mmkserviss\/\" \/>\n<meta property=\"article:modified_time\" content=\"2025-03-11T15:07:58+00:00\" \/>\n<meta property=\"og:image\" content=\"https:\/\/mmkriepas.lv\/wp-content\/uploads\/2022\/09\/20560r16-nokian-wetproof-vasaras-riepas.jpg\" \/>\n\t<meta property=\"og:image:width\" content=\"600\" \/>\n\t<meta property=\"og:image:height\" content=\"600\" \/>\n\t<meta property=\"og:image:type\" content=\"image\/jpeg\" \/>\n<meta name=\"twitter:card\" content=\"summary_large_image\" \/>\n<meta name=\"twitter:label1\" content=\"Price\" \/>\n\t<meta name=\"twitter:data1\" content=\"&euro;95.00\" \/>\n\t<meta name=\"twitter:label2\" content=\"Availability\" \/>\n\t<meta name=\"twitter:data2\" content=\"In stock\" \/>\n<script type=\"application\/ld+json\" class=\"yoast-schema-graph\">{\"@context\":\"https:\\\/\\\/schema.org\",\"@graph\":[{\"@type\":\"WebPage\",\"@id\":\"https:\\\/\\\/mmkriepas.lv\\\/en\\\/p\\\/205-60r16-nokian-wetproof-92h-2\\\/\",\"url\":\"https:\\\/\\\/mmkriepas.lv\\\/en\\\/p\\\/205-60r16-nokian-wetproof-92h-2\\\/\",\"name\":\"205\\\/60R16 Nokian Wetproof 92H &#8226; MMK Riepas\",\"isPartOf\":{\"@id\":\"https:\\\/\\\/mmkriepas.lv\\\/en\\\/#website\"},\"primaryImageOfPage\":{\"@id\":\"https:\\\/\\\/mmkriepas.lv\\\/en\\\/p\\\/205-60r16-nokian-wetproof-92h-2\\\/#primaryimage\"},\"image\":{\"@id\":\"https:\\\/\\\/mmkriepas.lv\\\/en\\\/p\\\/205-60r16-nokian-wetproof-92h-2\\\/#primaryimage\"},\"thumbnailUrl\":\"https:\\\/\\\/mmkriepas.lv\\\/wp-content\\\/uploads\\\/2022\\\/09\\\/20560r16-nokian-wetproof-vasaras-riepas.jpg\",\"datePublished\":\"2022-09-09T19:01:45+00:00\",\"dateModified\":\"2025-03-11T15:07:58+00:00\",\"breadcrumb\":{\"@id\":\"https:\\\/\\\/mmkriepas.lv\\\/en\\\/p\\\/205-60r16-nokian-wetproof-92h-2\\\/#breadcrumb\"},\"inLanguage\":\"en-US\",\"potentialAction\":[{\"@type\":\"ReadAction\",\"target\":[\"https:\\\/\\\/mmkriepas.lv\\\/en\\\/p\\\/205-60r16-nokian-wetproof-92h-2\\\/\"]}]},{\"@type\":\"ImageObject\",\"inLanguage\":\"en-US\",\"@id\":\"https:\\\/\\\/mmkriepas.lv\\\/en\\\/p\\\/205-60r16-nokian-wetproof-92h-2\\\/#primaryimage\",\"url\":\"https:\\\/\\\/mmkriepas.lv\\\/wp-content\\\/uploads\\\/2022\\\/09\\\/20560r16-nokian-wetproof-vasaras-riepas.jpg\",\"contentUrl\":\"https:\\\/\\\/mmkriepas.lv\\\/wp-content\\\/uploads\\\/2022\\\/09\\\/20560r16-nokian-wetproof-vasaras-riepas.jpg\",\"width\":600,\"height\":600,\"caption\":\"205\\\/60R16 Nokian Wetproof - Vasaras riepas\"},{\"@type\":\"BreadcrumbList\",\"@id\":\"https:\\\/\\\/mmkriepas.lv\\\/en\\\/p\\\/205-60r16-nokian-wetproof-92h-2\\\/#breadcrumb\",\"itemListElement\":[{\"@type\":\"ListItem\",\"position\":1,\"name\":\"S\u0101kums\",\"item\":\"https:\\\/\\\/mmkriepas.lv\\\/en\\\/\"},{\"@type\":\"ListItem\",\"position\":2,\"name\":\"205\\\/60R16 Nokian Wetproof 92H\"}]},{\"@type\":\"WebSite\",\"@id\":\"https:\\\/\\\/mmkriepas.lv\\\/en\\\/#website\",\"url\":\"https:\\\/\\\/mmkriepas.lv\\\/en\\\/\",\"name\":\"MMK Riepas\",\"description\":\"MMK Riepas\",\"alternateName\":\"MMK Riepu Serviss\",\"potentialAction\":[{\"@type\":\"SearchAction\",\"target\":{\"@type\":\"EntryPoint\",\"urlTemplate\":\"https:\\\/\\\/mmkriepas.lv\\\/en\\\/?s={search_term_string}\"},\"query-input\":{\"@type\":\"PropertyValueSpecification\",\"valueRequired\":true,\"valueName\":\"search_term_string\"}}],\"inLanguage\":\"en-US\"},{\"@type\":\"ImageObject\",\"inLanguage\":\"en-US\",\"@id\":\"https:\\\/\\\/mmkriepas.lv\\\/en\\\/p\\\/205-60r16-nokian-wetproof-92h-2\\\/#local-main-organization-logo\",\"url\":\"\",\"contentUrl\":\"\",\"caption\":\"MMK Riepas\"}]}<\/script>\n<meta property=\"product:brand\" content=\"Nokian Wetproof\" \/>\n<meta property=\"product:price:amount\" content=\"95.00\" \/>\n<meta property=\"product:price:currency\" content=\"EUR\" \/>\n<meta property=\"og:availability\" content=\"instock\" \/>\n<meta property=\"product:availability\" content=\"instock\" \/>\n<meta property=\"product:retailer_item_id\" content=\"TS2056016Nokia-Z10587\" \/>\n<meta property=\"product:condition\" content=\"new\" \/>\n<!-- \/ Yoast SEO Premium plugin. -->","yoast_head_json":{"title":"205\/60R16 Nokian Wetproof 92H &#8226; MMK Riepas","robots":{"index":"index","follow":"follow","max-snippet":"max-snippet:-1","max-image-preview":"max-image-preview:large","max-video-preview":"max-video-preview:-1"},"canonical":"https:\/\/mmkriepas.lv\/en\/p\/205-60r16-nokian-wetproof-92h-2\/","og_locale":"en_US","og_type":"article","og_title":"205\/60R16 Nokian Wetproof 92H","og_description":"Nokian Wetproof ir vasaras riepu modelis, kas paredz\u0113ts vieglajiem auto un izce\u013cas ar teicamiem veiktsp\u0113jas r\u0101d\u012bt\u0101jiem gan uz sausa, gan slapja asfalta. \u0160is modelis apr\u012bkots ar veselu virkni jaun\u0101ko tehnolo\u0123isko risin\u0101jumu, braucienu padarot dro\u0161u, klusu un gludu.","og_url":"https:\/\/mmkriepas.lv\/en\/p\/205-60r16-nokian-wetproof-92h-2\/","og_site_name":"MMK Riepas","article_publisher":"https:\/\/www.facebook.com\/mmkserviss\/","article_modified_time":"2025-03-11T15:07:58+00:00","og_image":[{"width":600,"height":600,"url":"https:\/\/mmkriepas.lv\/wp-content\/uploads\/2022\/09\/20560r16-nokian-wetproof-vasaras-riepas.jpg","type":"image\/jpeg"}],"twitter_card":"summary_large_image","twitter_misc":{"Price":"&euro;95.00","Availability":"In stock"},"schema":{"@context":"https:\/\/schema.org","@graph":[{"@type":"WebPage","@id":"https:\/\/mmkriepas.lv\/en\/p\/205-60r16-nokian-wetproof-92h-2\/","url":"https:\/\/mmkriepas.lv\/en\/p\/205-60r16-nokian-wetproof-92h-2\/","name":"205\/60R16 Nokian Wetproof 92H &#8226; MMK Riepas","isPartOf":{"@id":"https:\/\/mmkriepas.lv\/en\/#website"},"primaryImageOfPage":{"@id":"https:\/\/mmkriepas.lv\/en\/p\/205-60r16-nokian-wetproof-92h-2\/#primaryimage"},"image":{"@id":"https:\/\/mmkriepas.lv\/en\/p\/205-60r16-nokian-wetproof-92h-2\/#primaryimage"},"thumbnailUrl":"https:\/\/mmkriepas.lv\/wp-content\/uploads\/2022\/09\/20560r16-nokian-wetproof-vasaras-riepas.jpg","datePublished":"2022-09-09T19:01:45+00:00","dateModified":"2025-03-11T15:07:58+00:00","breadcrumb":{"@id":"https:\/\/mmkriepas.lv\/en\/p\/205-60r16-nokian-wetproof-92h-2\/#breadcrumb"},"inLanguage":"en-US","potentialAction":[{"@type":"ReadAction","target":["https:\/\/mmkriepas.lv\/en\/p\/205-60r16-nokian-wetproof-92h-2\/"]}]},{"@type":"ImageObject","inLanguage":"en-US","@id":"https:\/\/mmkriepas.lv\/en\/p\/205-60r16-nokian-wetproof-92h-2\/#primaryimage","url":"https:\/\/mmkriepas.lv\/wp-content\/uploads\/2022\/09\/20560r16-nokian-wetproof-vasaras-riepas.jpg","contentUrl":"https:\/\/mmkriepas.lv\/wp-content\/uploads\/2022\/09\/20560r16-nokian-wetproof-vasaras-riepas.jpg","width":600,"height":600,"caption":"205\/60R16 Nokian Wetproof - Vasaras riepas"},{"@type":"BreadcrumbList","@id":"https:\/\/mmkriepas.lv\/en\/p\/205-60r16-nokian-wetproof-92h-2\/#breadcrumb","itemListElement":[{"@type":"ListItem","position":1,"name":"S\u0101kums","item":"https:\/\/mmkriepas.lv\/en\/"},{"@type":"ListItem","position":2,"name":"205\/60R16 Nokian Wetproof 92H"}]},{"@type":"WebSite","@id":"https:\/\/mmkriepas.lv\/en\/#website","url":"https:\/\/mmkriepas.lv\/en\/","name":"MMK Riepas","description":"MMK Riepas","alternateName":"MMK Riepu Serviss","potentialAction":[{"@type":"SearchAction","target":{"@type":"EntryPoint","urlTemplate":"https:\/\/mmkriepas.lv\/en\/?s={search_term_string}"},"query-input":{"@type":"PropertyValueSpecification","valueRequired":true,"valueName":"search_term_string"}}],"inLanguage":"en-US"},{"@type":"ImageObject","inLanguage":"en-US","@id":"https:\/\/mmkriepas.lv\/en\/p\/205-60r16-nokian-wetproof-92h-2\/#local-main-organization-logo","url":"","contentUrl":"","caption":"MMK Riepas"}]},"product_brand":"Nokian Wetproof","product_price_amount":"95.00","product_price_currency":"EUR","og_availability":"instock","product_availability":"instock","product_retailer_item_id":"TS2056016Nokia-Z10587","product_condition":"new"},"_links":{"self":[{"href":"https:\/\/mmkriepas.lv\/en\/wp-json\/wp\/v2\/product\/317858","targetHints":{"allow":["GET"]}}],"collection":[{"href":"https:\/\/mmkriepas.lv\/en\/wp-json\/wp\/v2\/product"}],"about":[{"href":"https:\/\/mmkriepas.lv\/en\/wp-json\/wp\/v2\/types\/product"}],"wp:featuredmedia":[{"embeddable":true,"href":"https:\/\/mmkriepas.lv\/en\/wp-json\/wp\/v2\/media\/317857"}],"wp:attachment":[{"href":"https:\/\/mmkriepas.lv\/en\/wp-json\/wp\/v2\/media?parent=317858"}],"wp:term":[{"taxonomy":"product_brand","embeddable":true,"href":"https:\/\/mmkriepas.lv\/en\/wp-json\/wp\/v2\/product_brand?post=317858"},{"taxonomy":"product_cat","embeddable":true,"href":"https:\/\/mmkriepas.lv\/en\/wp-json\/wp\/v2\/product_cat?post=317858"},{"taxonomy":"product_tag","embeddable":true,"href":"https:\/\/mmkriepas.lv\/en\/wp-json\/wp\/v2\/product_tag?post=317858"}],"curies":[{"name":"wp","href":"https:\/\/api.w.org\/{rel}","templated":true}]}}