{"id":317828,"date":"2022-09-09T21:59:58","date_gmt":"2022-09-09T18:59:58","guid":{"rendered":"https:\/\/mmkserviss.lv\/?post_type=product&#038;p=317828"},"modified":"2026-01-06T14:04:41","modified_gmt":"2026-01-06T12:04:41","slug":"235-45r19-nokian-wr-snowproof-p-99v-xl","status":"publish","type":"product","link":"https:\/\/mmkriepas.lv\/en\/p\/235-45r19-nokian-wr-snowproof-p-99v-xl\/","title":{"rendered":"235\/45R19 Nokian WR Snowproof P 99V XL"},"content":{"rendered":"<p><strong>Nokian WR Snowproof<\/strong> ir Centr\u0101leiropas tipa jeb ciet\u0101 sast\u0101va ziemas riepa, kas izce\u013cas ar augstiem sa\u0137eres un manevr\u0113tsp\u0113jas r\u0101d\u012bt\u0101jiem uz slapja ce\u013ca. Riepas centr\u0101l\u0101 riba ir nep\u0101rtraukta, kas at\u013cauj riepai b\u016bt manevr\u0113tsp\u0113j\u012bg\u0101kai un stabil\u0101kai lielos brauk\u0161anas \u0101trumos, turkl\u0101t Alpine Sense Grip tehnolo\u0123ija \u013cauj riepai piel\u0101goties jebk\u0101diem brauk\u0161anas apst\u0101k\u013ciem.<o:p><\/o:p><\/p>\n<h3><strong>Nokian WR Snowproof galven\u0101s iez\u012bmes<\/strong><o:p><\/o:p><\/h3>\n<p>+Alpine Sense Grip tehnolo\u0123ija at\u013cauj riepai piel\u0101goties jebk\u0101dam klimatam un ce\u013ca virsmai.<br \/>+Riepas centr\u0101l\u0101 riba uzlabo stabilit\u0101ti un manevr\u0113tsp\u0113ju lielos brauk\u0161anas \u0101trumos.<br \/>+Papildus uzlabojumus manevr\u0113tsp\u0113jai nodro\u0161ina daudzfunkcion\u0101lie plecu bloki<br \/>+Virz\u012btais protektora raksts ar plataj\u0101m dren\u0101\u017eas riev\u0101m samazina risku akvaplan\u0113\u0161anas gad\u012bjum\u0101.<o:p><\/o:p><\/p>\n<h3><strong>Nokian WR Snowproof plecu bloki<\/strong><o:p><\/o:p><\/h3>\n<p>Nokian WR Snowproof plecu bloki pilda vair\u0101kas funkcijas vienlaikus. To z\u0101\u0123veida uzb\u016bve pal\u012bdz auto lab\u0101k manevr\u0113t, turkl\u0101t tie ir plati, kas nodro\u0161ina liel\u0101ku stabilit\u0101ti uz ce\u013ca.<strong><span style=\"font-weight: normal;\"><o:p><\/o:p><\/span><\/strong><\/p>\n<h3><strong>Nokian WR Snowproof Alpine Sense Grip tehnolo\u0123ija<\/strong><o:p><\/o:p><\/h3>\n<p>Nokian WR Snowproof ir viena no pirmaj\u0101m riep\u0101m, kuras izgatavo\u0161an\u0101 tika pielietota Alpine Sense Grip tehnolo\u0123ija. \u0160\u012b tehnolo\u0123ija skar ne tikai gumijas sast\u0101vu, bet ar\u012b protektora rakstu. Z\u0101\u0123veida lameles un sniega nagi protektor\u0101 nodro\u0161ina labu sa\u0137eri ar jebk\u0101du ce\u013ca virsmu. Riepas izgatavo\u0161an\u0101 izmantotajam mais\u012bjumam pievienota virkne kompaundu, kas riepu padara elast\u012bg\u0101ku un paildzina t\u0101s kalpo\u0161anas ilgumu.<\/p>\n","protected":false},"excerpt":{"rendered":"<p><strong>Nokian WR Snowproof<\/strong> ir Centr\u0101leiropas tipa jeb ciet\u0101 sast\u0101va ziemas riepa, kas izce\u013cas ar augstiem sa\u0137eres un manevr\u0113tsp\u0113jas r\u0101d\u012bt\u0101jiem uz slapja ce\u013ca. Riepas centr\u0101l\u0101 riba ir nep\u0101rtraukta, kas at\u013cauj riepai b\u016bt manevr\u0113tsp\u0113j\u012bg\u0101kai un stabil\u0101kai lielos brauk\u0161anas \u0101trumos, turkl\u0101t Alpine Sense Grip tehnolo\u0123ija \u013cauj riepai piel\u0101goties jebk\u0101diem brauk\u0161anas apst\u0101k\u013ciem.<\/p>\n","protected":false},"featured_media":1366769,"template":"","meta":{"_acf_changed":false,"ngg_post_thumbnail":0},"product_brand":[],"product_cat":[47,45],"product_tag":[],"class_list":{"0":"post-317828","1":"product","2":"type-product","3":"status-publish","4":"has-post-thumbnail","6":"product_cat-vissezonas-riepas","7":"product_cat-ziemas-riepas","9":"first","10":"instock","11":"taxable","12":"shipping-taxable","13":"product-type-simple"},"acf":[],"yoast_head":"<!-- This site is optimized with the Yoast SEO Premium plugin v22.6 (Yoast SEO v27.3) - https:\/\/yoast.com\/product\/yoast-seo-premium-wordpress\/ -->\n<title>235\/45R19 Nokian WR Snowproof P 99V XL &#8226; MMK Riepas<\/title>\n<meta name=\"robots\" content=\"index, follow, max-snippet:-1, max-image-preview:large, max-video-preview:-1\" \/>\n<link rel=\"canonical\" href=\"https:\/\/mmkriepas.lv\/en\/p\/235-45r19-nokian-wr-snowproof-p-99v-xl\/\" \/>\n<meta property=\"og:locale\" content=\"en_US\" \/>\n<meta property=\"og:type\" content=\"article\" \/>\n<meta property=\"og:title\" content=\"235\/45R19 Nokian WR Snowproof P 99V XL\" \/>\n<meta property=\"og:description\" content=\"Nokian WR Snowproof ir Centr\u0101leiropas tipa jeb ciet\u0101 sast\u0101va ziemas riepa, kas izce\u013cas ar augstiem sa\u0137eres un manevr\u0113tsp\u0113jas r\u0101d\u012bt\u0101jiem uz slapja ce\u013ca. Riepas centr\u0101l\u0101 riba ir nep\u0101rtraukta, kas at\u013cauj riepai b\u016bt manevr\u0113tsp\u0113j\u012bg\u0101kai un stabil\u0101kai lielos brauk\u0161anas \u0101trumos, turkl\u0101t Alpine Sense Grip tehnolo\u0123ija \u013cauj riepai piel\u0101goties jebk\u0101diem brauk\u0161anas apst\u0101k\u013ciem.\" \/>\n<meta property=\"og:url\" content=\"https:\/\/mmkriepas.lv\/en\/p\/235-45r19-nokian-wr-snowproof-p-99v-xl\/\" \/>\n<meta property=\"og:site_name\" content=\"MMK Riepas\" \/>\n<meta property=\"article:publisher\" content=\"https:\/\/www.facebook.com\/mmkserviss\/\" \/>\n<meta property=\"article:modified_time\" content=\"2026-01-06T12:04:41+00:00\" \/>\n<meta property=\"og:image\" content=\"https:\/\/mmkriepas.lv\/wp-content\/uploads\/2025\/10\/24545r19-nokian-wr-snowproof-p-102v-xl-ziemas-riepas.jpg\" \/>\n\t<meta property=\"og:image:width\" content=\"700\" \/>\n\t<meta property=\"og:image:height\" content=\"700\" \/>\n\t<meta property=\"og:image:type\" content=\"image\/jpeg\" \/>\n<meta name=\"twitter:card\" content=\"summary_large_image\" \/>\n<meta name=\"twitter:label1\" content=\"Price\" \/>\n\t<meta name=\"twitter:data1\" content=\"&euro;185.00\" \/>\n\t<meta name=\"twitter:label2\" content=\"Availability\" \/>\n\t<meta name=\"twitter:data2\" content=\"In stock\" \/>\n<script type=\"application\/ld+json\" class=\"yoast-schema-graph\">{\"@context\":\"https:\\\/\\\/schema.org\",\"@graph\":[{\"@type\":\"WebPage\",\"@id\":\"https:\\\/\\\/mmkriepas.lv\\\/en\\\/p\\\/235-45r19-nokian-wr-snowproof-p-99v-xl\\\/\",\"url\":\"https:\\\/\\\/mmkriepas.lv\\\/en\\\/p\\\/235-45r19-nokian-wr-snowproof-p-99v-xl\\\/\",\"name\":\"235\\\/45R19 Nokian WR Snowproof P 99V XL &#8226; MMK Riepas\",\"isPartOf\":{\"@id\":\"https:\\\/\\\/mmkriepas.lv\\\/en\\\/#website\"},\"primaryImageOfPage\":{\"@id\":\"https:\\\/\\\/mmkriepas.lv\\\/en\\\/p\\\/235-45r19-nokian-wr-snowproof-p-99v-xl\\\/#primaryimage\"},\"image\":{\"@id\":\"https:\\\/\\\/mmkriepas.lv\\\/en\\\/p\\\/235-45r19-nokian-wr-snowproof-p-99v-xl\\\/#primaryimage\"},\"thumbnailUrl\":\"https:\\\/\\\/mmkriepas.lv\\\/wp-content\\\/uploads\\\/2025\\\/10\\\/24545r19-nokian-wr-snowproof-p-102v-xl-ziemas-riepas.jpg\",\"datePublished\":\"2022-09-09T18:59:58+00:00\",\"dateModified\":\"2026-01-06T12:04:41+00:00\",\"breadcrumb\":{\"@id\":\"https:\\\/\\\/mmkriepas.lv\\\/en\\\/p\\\/235-45r19-nokian-wr-snowproof-p-99v-xl\\\/#breadcrumb\"},\"inLanguage\":\"en-US\",\"potentialAction\":[{\"@type\":\"ReadAction\",\"target\":[\"https:\\\/\\\/mmkriepas.lv\\\/en\\\/p\\\/235-45r19-nokian-wr-snowproof-p-99v-xl\\\/\"]}]},{\"@type\":\"ImageObject\",\"inLanguage\":\"en-US\",\"@id\":\"https:\\\/\\\/mmkriepas.lv\\\/en\\\/p\\\/235-45r19-nokian-wr-snowproof-p-99v-xl\\\/#primaryimage\",\"url\":\"https:\\\/\\\/mmkriepas.lv\\\/wp-content\\\/uploads\\\/2025\\\/10\\\/24545r19-nokian-wr-snowproof-p-102v-xl-ziemas-riepas.jpg\",\"contentUrl\":\"https:\\\/\\\/mmkriepas.lv\\\/wp-content\\\/uploads\\\/2025\\\/10\\\/24545r19-nokian-wr-snowproof-p-102v-xl-ziemas-riepas.jpg\",\"width\":700,\"height\":700,\"caption\":\"245\\\/45R19 Nokian WR Snowproof P 102V XL - Vissezonas riepas \\\/ Ziemas riepas\"},{\"@type\":\"BreadcrumbList\",\"@id\":\"https:\\\/\\\/mmkriepas.lv\\\/en\\\/p\\\/235-45r19-nokian-wr-snowproof-p-99v-xl\\\/#breadcrumb\",\"itemListElement\":[{\"@type\":\"ListItem\",\"position\":1,\"name\":\"S\u0101kums\",\"item\":\"https:\\\/\\\/mmkriepas.lv\\\/en\\\/\"},{\"@type\":\"ListItem\",\"position\":2,\"name\":\"235\\\/45R19 Nokian WR Snowproof P 99V XL\"}]},{\"@type\":\"WebSite\",\"@id\":\"https:\\\/\\\/mmkriepas.lv\\\/en\\\/#website\",\"url\":\"https:\\\/\\\/mmkriepas.lv\\\/en\\\/\",\"name\":\"MMK Riepas\",\"description\":\"MMK Riepas\",\"alternateName\":\"MMK Riepu Serviss\",\"potentialAction\":[{\"@type\":\"SearchAction\",\"target\":{\"@type\":\"EntryPoint\",\"urlTemplate\":\"https:\\\/\\\/mmkriepas.lv\\\/en\\\/?s={search_term_string}\"},\"query-input\":{\"@type\":\"PropertyValueSpecification\",\"valueRequired\":true,\"valueName\":\"search_term_string\"}}],\"inLanguage\":\"en-US\"},{\"@type\":\"ImageObject\",\"inLanguage\":\"en-US\",\"@id\":\"https:\\\/\\\/mmkriepas.lv\\\/en\\\/p\\\/235-45r19-nokian-wr-snowproof-p-99v-xl\\\/#local-main-organization-logo\",\"url\":\"\",\"contentUrl\":\"\",\"caption\":\"MMK Riepas\"}]}<\/script>\n<meta property=\"product:brand\" content=\"Nokian WR Snowproof P\" \/>\n<meta property=\"product:price:amount\" content=\"185.00\" \/>\n<meta property=\"product:price:currency\" content=\"EUR\" \/>\n<meta property=\"og:availability\" content=\"instock\" \/>\n<meta property=\"product:availability\" content=\"instock\" \/>\n<meta property=\"product:retailer_item_id\" content=\"TW2354519Nokia-Z10577\" \/>\n<meta property=\"product:condition\" content=\"new\" \/>\n<!-- \/ Yoast SEO Premium plugin. -->","yoast_head_json":{"title":"235\/45R19 Nokian WR Snowproof P 99V XL &#8226; MMK Riepas","robots":{"index":"index","follow":"follow","max-snippet":"max-snippet:-1","max-image-preview":"max-image-preview:large","max-video-preview":"max-video-preview:-1"},"canonical":"https:\/\/mmkriepas.lv\/en\/p\/235-45r19-nokian-wr-snowproof-p-99v-xl\/","og_locale":"en_US","og_type":"article","og_title":"235\/45R19 Nokian WR Snowproof P 99V XL","og_description":"Nokian WR Snowproof ir Centr\u0101leiropas tipa jeb ciet\u0101 sast\u0101va ziemas riepa, kas izce\u013cas ar augstiem sa\u0137eres un manevr\u0113tsp\u0113jas r\u0101d\u012bt\u0101jiem uz slapja ce\u013ca. Riepas centr\u0101l\u0101 riba ir nep\u0101rtraukta, kas at\u013cauj riepai b\u016bt manevr\u0113tsp\u0113j\u012bg\u0101kai un stabil\u0101kai lielos brauk\u0161anas \u0101trumos, turkl\u0101t Alpine Sense Grip tehnolo\u0123ija \u013cauj riepai piel\u0101goties jebk\u0101diem brauk\u0161anas apst\u0101k\u013ciem.","og_url":"https:\/\/mmkriepas.lv\/en\/p\/235-45r19-nokian-wr-snowproof-p-99v-xl\/","og_site_name":"MMK Riepas","article_publisher":"https:\/\/www.facebook.com\/mmkserviss\/","article_modified_time":"2026-01-06T12:04:41+00:00","og_image":[{"width":700,"height":700,"url":"https:\/\/mmkriepas.lv\/wp-content\/uploads\/2025\/10\/24545r19-nokian-wr-snowproof-p-102v-xl-ziemas-riepas.jpg","type":"image\/jpeg"}],"twitter_card":"summary_large_image","twitter_misc":{"Price":"&euro;185.00","Availability":"In stock"},"schema":{"@context":"https:\/\/schema.org","@graph":[{"@type":"WebPage","@id":"https:\/\/mmkriepas.lv\/en\/p\/235-45r19-nokian-wr-snowproof-p-99v-xl\/","url":"https:\/\/mmkriepas.lv\/en\/p\/235-45r19-nokian-wr-snowproof-p-99v-xl\/","name":"235\/45R19 Nokian WR Snowproof P 99V XL &#8226; MMK Riepas","isPartOf":{"@id":"https:\/\/mmkriepas.lv\/en\/#website"},"primaryImageOfPage":{"@id":"https:\/\/mmkriepas.lv\/en\/p\/235-45r19-nokian-wr-snowproof-p-99v-xl\/#primaryimage"},"image":{"@id":"https:\/\/mmkriepas.lv\/en\/p\/235-45r19-nokian-wr-snowproof-p-99v-xl\/#primaryimage"},"thumbnailUrl":"https:\/\/mmkriepas.lv\/wp-content\/uploads\/2025\/10\/24545r19-nokian-wr-snowproof-p-102v-xl-ziemas-riepas.jpg","datePublished":"2022-09-09T18:59:58+00:00","dateModified":"2026-01-06T12:04:41+00:00","breadcrumb":{"@id":"https:\/\/mmkriepas.lv\/en\/p\/235-45r19-nokian-wr-snowproof-p-99v-xl\/#breadcrumb"},"inLanguage":"en-US","potentialAction":[{"@type":"ReadAction","target":["https:\/\/mmkriepas.lv\/en\/p\/235-45r19-nokian-wr-snowproof-p-99v-xl\/"]}]},{"@type":"ImageObject","inLanguage":"en-US","@id":"https:\/\/mmkriepas.lv\/en\/p\/235-45r19-nokian-wr-snowproof-p-99v-xl\/#primaryimage","url":"https:\/\/mmkriepas.lv\/wp-content\/uploads\/2025\/10\/24545r19-nokian-wr-snowproof-p-102v-xl-ziemas-riepas.jpg","contentUrl":"https:\/\/mmkriepas.lv\/wp-content\/uploads\/2025\/10\/24545r19-nokian-wr-snowproof-p-102v-xl-ziemas-riepas.jpg","width":700,"height":700,"caption":"245\/45R19 Nokian WR Snowproof P 102V XL - Vissezonas riepas \/ Ziemas riepas"},{"@type":"BreadcrumbList","@id":"https:\/\/mmkriepas.lv\/en\/p\/235-45r19-nokian-wr-snowproof-p-99v-xl\/#breadcrumb","itemListElement":[{"@type":"ListItem","position":1,"name":"S\u0101kums","item":"https:\/\/mmkriepas.lv\/en\/"},{"@type":"ListItem","position":2,"name":"235\/45R19 Nokian WR Snowproof P 99V XL"}]},{"@type":"WebSite","@id":"https:\/\/mmkriepas.lv\/en\/#website","url":"https:\/\/mmkriepas.lv\/en\/","name":"MMK Riepas","description":"MMK Riepas","alternateName":"MMK Riepu Serviss","potentialAction":[{"@type":"SearchAction","target":{"@type":"EntryPoint","urlTemplate":"https:\/\/mmkriepas.lv\/en\/?s={search_term_string}"},"query-input":{"@type":"PropertyValueSpecification","valueRequired":true,"valueName":"search_term_string"}}],"inLanguage":"en-US"},{"@type":"ImageObject","inLanguage":"en-US","@id":"https:\/\/mmkriepas.lv\/en\/p\/235-45r19-nokian-wr-snowproof-p-99v-xl\/#local-main-organization-logo","url":"","contentUrl":"","caption":"MMK Riepas"}]},"product_brand":"Nokian WR Snowproof P","product_price_amount":"185.00","product_price_currency":"EUR","og_availability":"instock","product_availability":"instock","product_retailer_item_id":"TW2354519Nokia-Z10577","product_condition":"new"},"_links":{"self":[{"href":"https:\/\/mmkriepas.lv\/en\/wp-json\/wp\/v2\/product\/317828","targetHints":{"allow":["GET"]}}],"collection":[{"href":"https:\/\/mmkriepas.lv\/en\/wp-json\/wp\/v2\/product"}],"about":[{"href":"https:\/\/mmkriepas.lv\/en\/wp-json\/wp\/v2\/types\/product"}],"wp:featuredmedia":[{"embeddable":true,"href":"https:\/\/mmkriepas.lv\/en\/wp-json\/wp\/v2\/media\/1366769"}],"wp:attachment":[{"href":"https:\/\/mmkriepas.lv\/en\/wp-json\/wp\/v2\/media?parent=317828"}],"wp:term":[{"taxonomy":"product_brand","embeddable":true,"href":"https:\/\/mmkriepas.lv\/en\/wp-json\/wp\/v2\/product_brand?post=317828"},{"taxonomy":"product_cat","embeddable":true,"href":"https:\/\/mmkriepas.lv\/en\/wp-json\/wp\/v2\/product_cat?post=317828"},{"taxonomy":"product_tag","embeddable":true,"href":"https:\/\/mmkriepas.lv\/en\/wp-json\/wp\/v2\/product_tag?post=317828"}],"curies":[{"name":"wp","href":"https:\/\/api.w.org\/{rel}","templated":true}]}}