{"id":317758,"date":"2022-09-09T21:55:46","date_gmt":"2022-09-09T18:55:46","guid":{"rendered":"https:\/\/mmkserviss.lv\/?post_type=product&#038;p=317758"},"modified":"2024-08-02T14:08:03","modified_gmt":"2024-08-02T11:08:03","slug":"245-50r19-nokian-hakkapeliitta-10-suv-105t-xl-ar-radzem","status":"publish","type":"product","link":"https:\/\/mmkriepas.lv\/en\/p\/245-50r19-nokian-hakkapeliitta-10-suv-105t-xl-ar-radzem\/","title":{"rendered":"245\/50R19 Nokian Hakkapeliitta 10 SUV 105T XL ar radz\u0113m"},"content":{"rendered":"<p><b>Nokian Hakkapeliitta 10<\/b><span style=\"font-weight: 400;\"> ir premium klases, le\u0123end\u0101r\u0101s Hakkapeliitta s\u0113rijas jaun\u0101k\u0101s paaudzes rad\u017eu riepu modelis, kas pieejams gan veiglaj\u0101m, gan apvidus jeb SUV automa\u0161\u012bn\u0101m. Tas izce\u013cas ar neticami labu veiktsp\u0113ju gan snieg\u0101, gan uz ledus, k\u0101 ar\u012b paaugstin\u0101tu nodilumiztur\u012bbu.<\/span><\/p>\n<h3><b>Nokian Hakkapeliitta 10 galven\u0101s iez\u012bmes<\/b><\/h3>\n<p><span style=\"font-weight: 400;\">+ Le\u0123end\u0101r\u0101 riepu ra\u017eot\u0101ja jaun\u0101k\u0101s paaudzes rad\u017eu riepu modelis,<\/span> <span style=\"font-weight: 400;\">+ Neticami laba veiktsp\u0113ja \u012bpa\u0161i skarbos ziemas apst\u0101k\u013cos,<\/span> <span style=\"font-weight: 400;\">+ Palielin\u0101ta nodilumiztur\u012bba,<\/span> <span style=\"font-weight: 400;\">+ Jaun\u0101k\u0101s Nokian tehnolo\u0123ijas,<\/span> <span style=\"font-weight: 400;\">+ Uzlabots riepu gumijas sast\u0101vs,<\/span> <span style=\"font-weight: 400;\">+ Uzlabots brauk\u0161anas un akustiskais komforts,<\/span> <span style=\"font-weight: 400;\">+ Palielin\u0101ts rad\u017eu skaits un rad\u017eu hibr\u012bdtehnolo\u0123ija,<\/span> <span style=\"font-weight: 400;\">+ Papla\u0161in\u0101ts izm\u0113ru skaits, tend\u0113joties uz pieejam\u012bbu elektroautoma\u0161\u012bn\u0101m<\/span><\/p>\n<h3><b>Hakkapeliitta 10 apr\u012bkojums<\/b><\/h3>\n<p><b><a href=\"https:\/\/mmkriepas.lv\/riepas\/nokian\/\">Nokian<\/a> Hakkapeliitta 10<\/b> apr\u012bkots ar <span style=\"font-weight: 400;\">jaun\u0101k\u0101s paaudzes tehnolo\u0123iskajiem risin\u0101jumiem, kas at\u013c\u0101vis \u0161im rad\u017eu riepu modelim p\u0101rsp\u0113t t\u0101 priek\u0161teci gan brauk\u0161anas uzs\u0101k\u0161an\u0101, gan bremz\u0113\u0161an\u0101, gan ar\u012b manevr\u0113tsp\u0113j\u0101 un komforta \u012bpa\u0161\u012bb\u0101s.\u00a0<\/span> <span style=\"font-weight: 400;\">K\u0101 jau ierasts, ar\u012b Hakka 10 apr\u012bkota ar agres\u012bvu virzienveida protektora rakstu paaugstin\u0101tai veiktsp\u0113jai snieg\u0101. Mas\u012bvajos protektora blokos izvietoti divi da\u017e\u0101di rad\u017eu veidi &#8211; rad\u017eu hibr\u012bdsist\u0113ma. Riepas plecu zon\u0101 iestr\u0101d\u0101tas agres\u012bva tipa radzes, kas pal\u012bdz saglab\u0101t sa\u0137eri manevr\u0113jot. Toties riepu centr\u0101laj\u0101 zon\u0101 bl\u012bvi izvietotas sirds formas radzes, kuras b\u016btiski uzlabo sa\u0137eri bremz\u0113jot un uzs\u0101kot brauk\u0161anu. Sal\u012bdzinot ar priek\u0161teci, Hakkapeliitta 10 ir par 16% vair\u0101k rad\u017eu.<\/span> <span style=\"font-weight: 400;\">Rad\u017eu pamatn\u0113 izmantota Eco Stud 10 tehnolo\u0123ija, kas vienlaikus \u013c\u0101vusi paildzin\u0101t riepu kalpotsp\u0113ju un uzlabot akustisko komfortu. Vair\u0101k k\u0101 200 riepas rad\u017eu pamatn\u0113s izvietoti nelieli spilveni, kas \u013cauj radzei, saskarsm\u0113 ar cietu ce\u013ca virsmu, k\u0101 piem\u0113ram ar asfaltu, absorb\u0113t triecienu, t\u0101d\u0113j\u0101di samazinot trok\u0161\u0146a l\u012bmeni un nodilumu. Turkl\u0101t, zem protektora iestr\u0101d\u0101ts ska\u0146u izol\u0113jo\u0161a materi\u0101la sl\u0101nis, kas absorb\u0113 akustisko rezonansi, kas rodas riepas iek\u0161ien\u0113. Ja daudzi autovad\u012bt\u0101ji, apzinoties, ka ziem\u0101 ar rad\u017eu riep\u0101m braukt ir dro\u0161\u0101k, t\u0101s neizv\u0113las, lai saglab\u0101tu akustisko komfortu, ar Nokian Hakkapeliitta 10 par to nav j\u0101uztraucas.<\/span> <span style=\"font-weight: 400;\">Uzlabojumi veikti ar\u012b riepu gumijas mais\u012bjuma izstr\u0101d\u0113 &#8211; tas papildin\u0101ts ar virkni dab\u012bgu materi\u0101lu k\u0101 piem\u0113ram dab\u012bgo kau\u010duku un prie\u017eu ekstraktu, vienlaikus padarot Nokian Hakkapeliitta 10 dabai draudz\u012bg\u0101ku, samazinot rites pretest\u012bbu un uzlabojot sa\u0137eri ar brauktuvi pat \u0101rk\u0101rt\u012bgi zem\u0101s gaisa temperat\u016br\u0101s.<\/span><\/p>\n","protected":false},"excerpt":{"rendered":"<p><b>Nokian Hakkapeliitta 10<\/b><span style=\"font-weight: 400;\"> &#8211; premium klases, le\u0123end\u0101r\u0101s Hakkapeliitta s\u0113rijas jaun\u0101k\u0101s paaudzes rad\u017eu riepu modelis. Pieejams gan veiglaj\u0101m, gan apvidus jeb SUV automa\u0161\u012bn\u0101m. Tas izce\u013cas ar neticami labu veiktsp\u0113ju gan snieg\u0101, gan uz ledus, k\u0101 ar\u012b paaugstin\u0101tu nodilumiztur\u012bbu un akustisko komfortu.<\/span><\/p>\n","protected":false},"featured_media":1362494,"template":"","meta":{"_acf_changed":false,"ngg_post_thumbnail":0},"product_brand":[],"product_cat":[45,48],"product_tag":[],"class_list":{"0":"post-317758","1":"product","2":"type-product","3":"status-publish","4":"has-post-thumbnail","6":"product_cat-ziemas-riepas","7":"product_cat-ziemas-ar-radzem","9":"first","10":"instock","11":"taxable","12":"shipping-taxable","13":"product-type-simple"},"acf":[],"yoast_head":"<!-- This site is optimized with the Yoast SEO Premium plugin v22.6 (Yoast SEO v27.3) - https:\/\/yoast.com\/product\/yoast-seo-premium-wordpress\/ -->\n<title>245\/50R19 Nokian Hakkapeliitta 10 SUV 105T XL ar radz\u0113m &#8226; MMK Riepas<\/title>\n<meta name=\"robots\" content=\"index, follow, max-snippet:-1, max-image-preview:large, max-video-preview:-1\" \/>\n<link rel=\"canonical\" href=\"https:\/\/mmkriepas.lv\/en\/p\/245-50r19-nokian-hakkapeliitta-10-suv-105t-xl-ar-radzem\/\" \/>\n<meta property=\"og:locale\" content=\"en_US\" \/>\n<meta property=\"og:type\" content=\"article\" \/>\n<meta property=\"og:title\" content=\"245\/50R19 Nokian Hakkapeliitta 10 SUV 105T XL ar radz\u0113m\" \/>\n<meta property=\"og:description\" content=\"Nokian Hakkapeliitta 10 - premium klases, le\u0123end\u0101r\u0101s Hakkapeliitta s\u0113rijas jaun\u0101k\u0101s paaudzes rad\u017eu riepu modelis. Pieejams gan veiglaj\u0101m, gan apvidus jeb SUV automa\u0161\u012bn\u0101m. Tas izce\u013cas ar neticami labu veiktsp\u0113ju gan snieg\u0101, gan uz ledus, k\u0101 ar\u012b paaugstin\u0101tu nodilumiztur\u012bbu un akustisko komfortu.\" \/>\n<meta property=\"og:url\" content=\"https:\/\/mmkriepas.lv\/en\/p\/245-50r19-nokian-hakkapeliitta-10-suv-105t-xl-ar-radzem\/\" \/>\n<meta property=\"og:site_name\" content=\"MMK Riepas\" \/>\n<meta property=\"article:publisher\" content=\"https:\/\/www.facebook.com\/mmkserviss\/\" \/>\n<meta property=\"article:modified_time\" content=\"2024-08-02T11:08:03+00:00\" \/>\n<meta property=\"og:image\" content=\"https:\/\/mmkriepas.lv\/wp-content\/uploads\/2025\/10\/27555r20-nokian-hkpl-10-suv-117t-xl-ar-radzem-ziemas-ar-radzem-riepas.jpg\" \/>\n\t<meta property=\"og:image:width\" content=\"725\" \/>\n\t<meta property=\"og:image:height\" content=\"725\" \/>\n\t<meta property=\"og:image:type\" content=\"image\/jpeg\" \/>\n<meta name=\"twitter:card\" content=\"summary_large_image\" \/>\n<meta name=\"twitter:label1\" content=\"Price\" \/>\n\t<meta name=\"twitter:data1\" content=\"&euro;267.00\" \/>\n\t<meta name=\"twitter:label2\" content=\"Availability\" \/>\n\t<meta name=\"twitter:data2\" content=\"In stock\" \/>\n<script type=\"application\/ld+json\" class=\"yoast-schema-graph\">{\"@context\":\"https:\\\/\\\/schema.org\",\"@graph\":[{\"@type\":\"WebPage\",\"@id\":\"https:\\\/\\\/mmkriepas.lv\\\/en\\\/p\\\/245-50r19-nokian-hakkapeliitta-10-suv-105t-xl-ar-radzem\\\/\",\"url\":\"https:\\\/\\\/mmkriepas.lv\\\/en\\\/p\\\/245-50r19-nokian-hakkapeliitta-10-suv-105t-xl-ar-radzem\\\/\",\"name\":\"245\\\/50R19 Nokian Hakkapeliitta 10 SUV 105T XL ar radz\u0113m &#8226; MMK Riepas\",\"isPartOf\":{\"@id\":\"https:\\\/\\\/mmkriepas.lv\\\/en\\\/#website\"},\"primaryImageOfPage\":{\"@id\":\"https:\\\/\\\/mmkriepas.lv\\\/en\\\/p\\\/245-50r19-nokian-hakkapeliitta-10-suv-105t-xl-ar-radzem\\\/#primaryimage\"},\"image\":{\"@id\":\"https:\\\/\\\/mmkriepas.lv\\\/en\\\/p\\\/245-50r19-nokian-hakkapeliitta-10-suv-105t-xl-ar-radzem\\\/#primaryimage\"},\"thumbnailUrl\":\"https:\\\/\\\/mmkriepas.lv\\\/wp-content\\\/uploads\\\/2025\\\/10\\\/27555r20-nokian-hkpl-10-suv-117t-xl-ar-radzem-ziemas-ar-radzem-riepas.jpg\",\"datePublished\":\"2022-09-09T18:55:46+00:00\",\"dateModified\":\"2024-08-02T11:08:03+00:00\",\"breadcrumb\":{\"@id\":\"https:\\\/\\\/mmkriepas.lv\\\/en\\\/p\\\/245-50r19-nokian-hakkapeliitta-10-suv-105t-xl-ar-radzem\\\/#breadcrumb\"},\"inLanguage\":\"en-US\",\"potentialAction\":[{\"@type\":\"ReadAction\",\"target\":[\"https:\\\/\\\/mmkriepas.lv\\\/en\\\/p\\\/245-50r19-nokian-hakkapeliitta-10-suv-105t-xl-ar-radzem\\\/\"]}]},{\"@type\":\"ImageObject\",\"inLanguage\":\"en-US\",\"@id\":\"https:\\\/\\\/mmkriepas.lv\\\/en\\\/p\\\/245-50r19-nokian-hakkapeliitta-10-suv-105t-xl-ar-radzem\\\/#primaryimage\",\"url\":\"https:\\\/\\\/mmkriepas.lv\\\/wp-content\\\/uploads\\\/2025\\\/10\\\/27555r20-nokian-hkpl-10-suv-117t-xl-ar-radzem-ziemas-ar-radzem-riepas.jpg\",\"contentUrl\":\"https:\\\/\\\/mmkriepas.lv\\\/wp-content\\\/uploads\\\/2025\\\/10\\\/27555r20-nokian-hkpl-10-suv-117t-xl-ar-radzem-ziemas-ar-radzem-riepas.jpg\",\"width\":725,\"height\":725,\"caption\":\"275\\\/55R20 NOKIAN HKPL 10 SUV 117T XL ar radz\u0113m - Ziemas ar radz\u0113m riepas\"},{\"@type\":\"BreadcrumbList\",\"@id\":\"https:\\\/\\\/mmkriepas.lv\\\/en\\\/p\\\/245-50r19-nokian-hakkapeliitta-10-suv-105t-xl-ar-radzem\\\/#breadcrumb\",\"itemListElement\":[{\"@type\":\"ListItem\",\"position\":1,\"name\":\"S\u0101kums\",\"item\":\"https:\\\/\\\/mmkriepas.lv\\\/en\\\/\"},{\"@type\":\"ListItem\",\"position\":2,\"name\":\"245\\\/50R19 Nokian Hakkapeliitta 10 SUV 105T XL ar radz\u0113m\"}]},{\"@type\":\"WebSite\",\"@id\":\"https:\\\/\\\/mmkriepas.lv\\\/en\\\/#website\",\"url\":\"https:\\\/\\\/mmkriepas.lv\\\/en\\\/\",\"name\":\"MMK Riepas\",\"description\":\"MMK Riepas\",\"alternateName\":\"MMK Riepu Serviss\",\"potentialAction\":[{\"@type\":\"SearchAction\",\"target\":{\"@type\":\"EntryPoint\",\"urlTemplate\":\"https:\\\/\\\/mmkriepas.lv\\\/en\\\/?s={search_term_string}\"},\"query-input\":{\"@type\":\"PropertyValueSpecification\",\"valueRequired\":true,\"valueName\":\"search_term_string\"}}],\"inLanguage\":\"en-US\"},{\"@type\":\"ImageObject\",\"inLanguage\":\"en-US\",\"@id\":\"https:\\\/\\\/mmkriepas.lv\\\/en\\\/p\\\/245-50r19-nokian-hakkapeliitta-10-suv-105t-xl-ar-radzem\\\/#local-main-organization-logo\",\"url\":\"\",\"contentUrl\":\"\",\"caption\":\"MMK Riepas\"}]}<\/script>\n<meta property=\"product:brand\" content=\"Nokian Hakkapeliitta 10\" \/>\n<meta property=\"product:price:amount\" content=\"267.00\" \/>\n<meta property=\"product:price:currency\" content=\"EUR\" \/>\n<meta property=\"og:availability\" content=\"instock\" \/>\n<meta property=\"product:availability\" content=\"instock\" \/>\n<meta property=\"product:retailer_item_id\" content=\"TR2455019Nokia-Z10554\" \/>\n<meta property=\"product:condition\" content=\"new\" \/>\n<!-- \/ Yoast SEO Premium plugin. -->","yoast_head_json":{"title":"245\/50R19 Nokian Hakkapeliitta 10 SUV 105T XL ar radz\u0113m &#8226; MMK Riepas","robots":{"index":"index","follow":"follow","max-snippet":"max-snippet:-1","max-image-preview":"max-image-preview:large","max-video-preview":"max-video-preview:-1"},"canonical":"https:\/\/mmkriepas.lv\/en\/p\/245-50r19-nokian-hakkapeliitta-10-suv-105t-xl-ar-radzem\/","og_locale":"en_US","og_type":"article","og_title":"245\/50R19 Nokian Hakkapeliitta 10 SUV 105T XL ar radz\u0113m","og_description":"Nokian Hakkapeliitta 10 - premium klases, le\u0123end\u0101r\u0101s Hakkapeliitta s\u0113rijas jaun\u0101k\u0101s paaudzes rad\u017eu riepu modelis. Pieejams gan veiglaj\u0101m, gan apvidus jeb SUV automa\u0161\u012bn\u0101m. Tas izce\u013cas ar neticami labu veiktsp\u0113ju gan snieg\u0101, gan uz ledus, k\u0101 ar\u012b paaugstin\u0101tu nodilumiztur\u012bbu un akustisko komfortu.","og_url":"https:\/\/mmkriepas.lv\/en\/p\/245-50r19-nokian-hakkapeliitta-10-suv-105t-xl-ar-radzem\/","og_site_name":"MMK Riepas","article_publisher":"https:\/\/www.facebook.com\/mmkserviss\/","article_modified_time":"2024-08-02T11:08:03+00:00","og_image":[{"width":725,"height":725,"url":"https:\/\/mmkriepas.lv\/wp-content\/uploads\/2025\/10\/27555r20-nokian-hkpl-10-suv-117t-xl-ar-radzem-ziemas-ar-radzem-riepas.jpg","type":"image\/jpeg"}],"twitter_card":"summary_large_image","twitter_misc":{"Price":"&euro;267.00","Availability":"In stock"},"schema":{"@context":"https:\/\/schema.org","@graph":[{"@type":"WebPage","@id":"https:\/\/mmkriepas.lv\/en\/p\/245-50r19-nokian-hakkapeliitta-10-suv-105t-xl-ar-radzem\/","url":"https:\/\/mmkriepas.lv\/en\/p\/245-50r19-nokian-hakkapeliitta-10-suv-105t-xl-ar-radzem\/","name":"245\/50R19 Nokian Hakkapeliitta 10 SUV 105T XL ar radz\u0113m &#8226; MMK Riepas","isPartOf":{"@id":"https:\/\/mmkriepas.lv\/en\/#website"},"primaryImageOfPage":{"@id":"https:\/\/mmkriepas.lv\/en\/p\/245-50r19-nokian-hakkapeliitta-10-suv-105t-xl-ar-radzem\/#primaryimage"},"image":{"@id":"https:\/\/mmkriepas.lv\/en\/p\/245-50r19-nokian-hakkapeliitta-10-suv-105t-xl-ar-radzem\/#primaryimage"},"thumbnailUrl":"https:\/\/mmkriepas.lv\/wp-content\/uploads\/2025\/10\/27555r20-nokian-hkpl-10-suv-117t-xl-ar-radzem-ziemas-ar-radzem-riepas.jpg","datePublished":"2022-09-09T18:55:46+00:00","dateModified":"2024-08-02T11:08:03+00:00","breadcrumb":{"@id":"https:\/\/mmkriepas.lv\/en\/p\/245-50r19-nokian-hakkapeliitta-10-suv-105t-xl-ar-radzem\/#breadcrumb"},"inLanguage":"en-US","potentialAction":[{"@type":"ReadAction","target":["https:\/\/mmkriepas.lv\/en\/p\/245-50r19-nokian-hakkapeliitta-10-suv-105t-xl-ar-radzem\/"]}]},{"@type":"ImageObject","inLanguage":"en-US","@id":"https:\/\/mmkriepas.lv\/en\/p\/245-50r19-nokian-hakkapeliitta-10-suv-105t-xl-ar-radzem\/#primaryimage","url":"https:\/\/mmkriepas.lv\/wp-content\/uploads\/2025\/10\/27555r20-nokian-hkpl-10-suv-117t-xl-ar-radzem-ziemas-ar-radzem-riepas.jpg","contentUrl":"https:\/\/mmkriepas.lv\/wp-content\/uploads\/2025\/10\/27555r20-nokian-hkpl-10-suv-117t-xl-ar-radzem-ziemas-ar-radzem-riepas.jpg","width":725,"height":725,"caption":"275\/55R20 NOKIAN HKPL 10 SUV 117T XL ar radz\u0113m - Ziemas ar radz\u0113m riepas"},{"@type":"BreadcrumbList","@id":"https:\/\/mmkriepas.lv\/en\/p\/245-50r19-nokian-hakkapeliitta-10-suv-105t-xl-ar-radzem\/#breadcrumb","itemListElement":[{"@type":"ListItem","position":1,"name":"S\u0101kums","item":"https:\/\/mmkriepas.lv\/en\/"},{"@type":"ListItem","position":2,"name":"245\/50R19 Nokian Hakkapeliitta 10 SUV 105T XL ar radz\u0113m"}]},{"@type":"WebSite","@id":"https:\/\/mmkriepas.lv\/en\/#website","url":"https:\/\/mmkriepas.lv\/en\/","name":"MMK Riepas","description":"MMK Riepas","alternateName":"MMK Riepu Serviss","potentialAction":[{"@type":"SearchAction","target":{"@type":"EntryPoint","urlTemplate":"https:\/\/mmkriepas.lv\/en\/?s={search_term_string}"},"query-input":{"@type":"PropertyValueSpecification","valueRequired":true,"valueName":"search_term_string"}}],"inLanguage":"en-US"},{"@type":"ImageObject","inLanguage":"en-US","@id":"https:\/\/mmkriepas.lv\/en\/p\/245-50r19-nokian-hakkapeliitta-10-suv-105t-xl-ar-radzem\/#local-main-organization-logo","url":"","contentUrl":"","caption":"MMK Riepas"}]},"product_brand":"Nokian Hakkapeliitta 10","product_price_amount":"267.00","product_price_currency":"EUR","og_availability":"instock","product_availability":"instock","product_retailer_item_id":"TR2455019Nokia-Z10554","product_condition":"new"},"_links":{"self":[{"href":"https:\/\/mmkriepas.lv\/en\/wp-json\/wp\/v2\/product\/317758","targetHints":{"allow":["GET"]}}],"collection":[{"href":"https:\/\/mmkriepas.lv\/en\/wp-json\/wp\/v2\/product"}],"about":[{"href":"https:\/\/mmkriepas.lv\/en\/wp-json\/wp\/v2\/types\/product"}],"wp:featuredmedia":[{"embeddable":true,"href":"https:\/\/mmkriepas.lv\/en\/wp-json\/wp\/v2\/media\/1362494"}],"wp:attachment":[{"href":"https:\/\/mmkriepas.lv\/en\/wp-json\/wp\/v2\/media?parent=317758"}],"wp:term":[{"taxonomy":"product_brand","embeddable":true,"href":"https:\/\/mmkriepas.lv\/en\/wp-json\/wp\/v2\/product_brand?post=317758"},{"taxonomy":"product_cat","embeddable":true,"href":"https:\/\/mmkriepas.lv\/en\/wp-json\/wp\/v2\/product_cat?post=317758"},{"taxonomy":"product_tag","embeddable":true,"href":"https:\/\/mmkriepas.lv\/en\/wp-json\/wp\/v2\/product_tag?post=317758"}],"curies":[{"name":"wp","href":"https:\/\/api.w.org\/{rel}","templated":true}]}}