{"id":317620,"date":"2022-09-09T21:47:21","date_gmt":"2022-09-09T18:47:21","guid":{"rendered":"https:\/\/mmkserviss.lv\/?post_type=product&#038;p=317620"},"modified":"2024-08-02T14:06:48","modified_gmt":"2024-08-02T11:06:48","slug":"235-55r18-nokian-seasonproof-suv-104v-xl-2","status":"publish","type":"product","link":"https:\/\/mmkriepas.lv\/en\/p\/235-55r18-nokian-seasonproof-suv-104v-xl-2\/","title":{"rendered":"235\/55R18 Nokian Seasonproof SUV 104V XL"},"content":{"rendered":"<p><b>Nokian Seasonproof <\/b><span style=\"font-weight: 400;\">ir Somij\u0101 rad\u012bts premium klases ziemas\/vissezonas riepu modelis, kas paredz\u0113ts gan veiglaj\u0101m, gan SUV automa\u0161\u012bn\u0101m. Tas izce\u013cas ar teicamu veiktsp\u0113ju vispla\u0161\u0101kaj\u0101 klimatisko apst\u0101k\u013cu diapazon\u0101, degvielas ekonomiju un zemu trok\u0161\u0146a l\u012bmeni.<\/span><\/p>\n<h3><b>Nokian Seasonproof galven\u0101s iez\u012bmes:<\/b><\/h3>\n<p><span style=\"font-weight: 400;\">+ Optim\u0101las veiktsp\u0113jas \u012bpa\u0161\u012bbas jebkuros laikapst\u0101k\u013cos,<\/span> <span style=\"font-weight: 400;\">+ Zema rites pretest\u012bba, kas rezult\u0113jas zem\u0101k\u0101 degvielas pat\u0113ri\u0146\u0101,<\/span> <span style=\"font-weight: 400;\">+ Jaun\u0101k\u0101s Nokian tehnolo\u0123ijas,<\/span> <span style=\"font-weight: 400;\">+ Zems akvaplan\u0113\u0161anas risks,<\/span> <span style=\"font-weight: 400;\">+ 3D lameles, kas uzlabo manevr\u0113tsp\u0113ju un sa\u0137eri ziem\u0101,<\/span> <span style=\"font-weight: 400;\">+ \u012apa\u0161s protektora dizains.<\/span><\/p>\n<h3><b>Seasonproof apr\u012bkojums<\/b><\/h3>\n<p><b>Nokian Seasonproof<\/b><span style=\"font-weight: 400;\"> riepas apr\u012bkotas ar simetrisku protektora rakstu, k\u0101 ar\u012b att\u012bst\u012btu dren\u0101\u017eas kan\u0101lu sist\u0113mu <\/span><b>Season Sense Concept<\/b><span style=\"font-weight: 400;\">, kas izcili izvada \u016bdeni, sniegu un dub\u013cus no riepu kontakta virsmas ar ce\u013cu, vienlaikus samazinot akvaplan\u0113\u0161anas risku stipra lietus laik\u0101 un uzlabojot veiktsp\u0113ju snieg\u0101 un slapjdra\u0146\u0137\u012b.\u00a0<\/span> <span style=\"font-weight: 400;\">Tie\u0161i \u0161im modelim izstr\u0101d\u0101ts \u012bpa\u0161s protektora dizains ar elementiem, kas pal\u012bdz ziem\u0101 p\u0101rvar\u0113t pat sam\u0113r\u0101 skarbus brauk\u0161anas apst\u0101k\u013cus. Protektora dizain\u0101 izmantota <\/span><b>Snow Claw<\/b><span style=\"font-weight: 400;\"> jeb sniega nagu tehnolo\u0123ija, \u013caujot \u0161im riepu modelim lab\u0101k veidot sa\u0137eri ar sniegu un dub\u013ciem.<\/span> <span style=\"font-weight: 400;\">B\u016btiski uzlabojumi nov\u0113rojami ar\u012b riepu gumijas sast\u0101v\u0101, kas papildin\u0101ts gan gan ar virkni elastrom\u0113ru, gan dab\u012bgiem materi\u0101liem, padarot \u0161o riepu modeli ekolo\u0123iski draudz\u012bg\u0101ku un pal\u012bdzot saglab\u0101t sa\u0137eres \u012bpa\u0161\u012bbas pla\u0161\u0101 temperat\u016bru diapazon\u0101.<\/span><\/p>\n","protected":false},"excerpt":{"rendered":"<p><b>Nokian Seasonproof <\/b><span style=\"font-weight: 400;\">ir Somij\u0101 rad\u012bts premium klases ziemas\/vissezonas riepu modelis. Paredz\u0113ts gan veiglaj\u0101m, gan SUV automa\u0161\u012bn\u0101m. Izce\u013cas ar teicamu veiktsp\u0113ju vispla\u0161\u0101kaj\u0101 klimatisko apst\u0101k\u013cu diapazon\u0101, degvielas ekonomiju un zemu trok\u0161\u0146a l\u012bmeni.<\/span><\/p>\n","protected":false},"featured_media":200398,"template":"","meta":{"_acf_changed":false,"ngg_post_thumbnail":0},"product_brand":[],"product_cat":[47,45],"product_tag":[],"class_list":{"0":"post-317620","1":"product","2":"type-product","3":"status-publish","4":"has-post-thumbnail","6":"product_cat-vissezonas-riepas","7":"product_cat-ziemas-riepas","9":"first","10":"instock","11":"taxable","12":"shipping-taxable","13":"product-type-simple"},"acf":[],"yoast_head":"<!-- This site is optimized with the Yoast SEO Premium plugin v22.6 (Yoast SEO v27.3) - https:\/\/yoast.com\/product\/yoast-seo-premium-wordpress\/ -->\n<title>235\/55R18 Nokian Seasonproof SUV 104V XL &#8226; MMK Riepas<\/title>\n<meta name=\"description\" content=\"Nokian Seasonproof - Somij\u0101 rad\u012btas premium ziemas\/vissezonas riepas, kas izcili kalpos gan vasar\u0101, gan ziem\u0101. Pieejamas MMK riepu centros!\" \/>\n<meta name=\"robots\" content=\"index, follow, max-snippet:-1, max-image-preview:large, max-video-preview:-1\" \/>\n<link rel=\"canonical\" href=\"https:\/\/mmkriepas.lv\/en\/p\/235-55r18-nokian-seasonproof-suv-104v-xl-2\/\" \/>\n<meta property=\"og:locale\" content=\"en_US\" \/>\n<meta property=\"og:type\" content=\"article\" \/>\n<meta property=\"og:title\" content=\"235\/55R18 Nokian Seasonproof SUV 104V XL\" \/>\n<meta property=\"og:description\" content=\"Nokian Seasonproof - Somij\u0101 rad\u012btas premium ziemas\/vissezonas riepas, kas izcili kalpos gan vasar\u0101, gan ziem\u0101. Pieejamas MMK riepu centros!\" \/>\n<meta property=\"og:url\" content=\"https:\/\/mmkriepas.lv\/en\/p\/235-55r18-nokian-seasonproof-suv-104v-xl-2\/\" \/>\n<meta property=\"og:site_name\" content=\"MMK Riepas\" \/>\n<meta property=\"article:publisher\" content=\"https:\/\/www.facebook.com\/mmkserviss\/\" \/>\n<meta property=\"article:modified_time\" content=\"2024-08-02T11:06:48+00:00\" \/>\n<meta property=\"og:image\" content=\"https:\/\/mmkriepas.lv\/wp-content\/uploads\/2021\/09\/20555r16-nokian-seasonproof-91h-ziemas-riepas-4.jpeg\" \/>\n\t<meta property=\"og:image:width\" content=\"1920\" \/>\n\t<meta property=\"og:image:height\" content=\"1440\" \/>\n\t<meta property=\"og:image:type\" content=\"image\/jpeg\" \/>\n<meta name=\"twitter:card\" content=\"summary_large_image\" \/>\n<meta name=\"twitter:label1\" content=\"Price\" \/>\n\t<meta name=\"twitter:data1\" content=\"&euro;149.00\" \/>\n\t<meta name=\"twitter:label2\" content=\"Availability\" \/>\n\t<meta name=\"twitter:data2\" content=\"In stock\" \/>\n<script type=\"application\/ld+json\" class=\"yoast-schema-graph\">{\"@context\":\"https:\\\/\\\/schema.org\",\"@graph\":[{\"@type\":\"WebPage\",\"@id\":\"https:\\\/\\\/mmkriepas.lv\\\/en\\\/p\\\/235-55r18-nokian-seasonproof-suv-104v-xl-2\\\/\",\"url\":\"https:\\\/\\\/mmkriepas.lv\\\/en\\\/p\\\/235-55r18-nokian-seasonproof-suv-104v-xl-2\\\/\",\"name\":\"235\\\/55R18 Nokian Seasonproof SUV 104V XL &#8226; MMK Riepas\",\"isPartOf\":{\"@id\":\"https:\\\/\\\/mmkriepas.lv\\\/en\\\/#website\"},\"primaryImageOfPage\":{\"@id\":\"https:\\\/\\\/mmkriepas.lv\\\/en\\\/p\\\/235-55r18-nokian-seasonproof-suv-104v-xl-2\\\/#primaryimage\"},\"image\":{\"@id\":\"https:\\\/\\\/mmkriepas.lv\\\/en\\\/p\\\/235-55r18-nokian-seasonproof-suv-104v-xl-2\\\/#primaryimage\"},\"thumbnailUrl\":\"https:\\\/\\\/mmkriepas.lv\\\/wp-content\\\/uploads\\\/2021\\\/09\\\/20555r16-nokian-seasonproof-91h-ziemas-riepas-4.jpeg\",\"datePublished\":\"2022-09-09T18:47:21+00:00\",\"dateModified\":\"2024-08-02T11:06:48+00:00\",\"description\":\"Nokian Seasonproof - Somij\u0101 rad\u012btas premium ziemas\\\/vissezonas riepas, kas izcili kalpos gan vasar\u0101, gan ziem\u0101. Pieejamas MMK riepu centros!\",\"breadcrumb\":{\"@id\":\"https:\\\/\\\/mmkriepas.lv\\\/en\\\/p\\\/235-55r18-nokian-seasonproof-suv-104v-xl-2\\\/#breadcrumb\"},\"inLanguage\":\"en-US\",\"potentialAction\":[{\"@type\":\"ReadAction\",\"target\":[\"https:\\\/\\\/mmkriepas.lv\\\/en\\\/p\\\/235-55r18-nokian-seasonproof-suv-104v-xl-2\\\/\"]}]},{\"@type\":\"ImageObject\",\"inLanguage\":\"en-US\",\"@id\":\"https:\\\/\\\/mmkriepas.lv\\\/en\\\/p\\\/235-55r18-nokian-seasonproof-suv-104v-xl-2\\\/#primaryimage\",\"url\":\"https:\\\/\\\/mmkriepas.lv\\\/wp-content\\\/uploads\\\/2021\\\/09\\\/20555r16-nokian-seasonproof-91h-ziemas-riepas-4.jpeg\",\"contentUrl\":\"https:\\\/\\\/mmkriepas.lv\\\/wp-content\\\/uploads\\\/2021\\\/09\\\/20555r16-nokian-seasonproof-91h-ziemas-riepas-4.jpeg\",\"width\":1920,\"height\":1440,\"caption\":\"205\\\/55R16 Nokian Seasonproof 91H - Vissezonas riepas \\\/ Ziemas riepas\"},{\"@type\":\"BreadcrumbList\",\"@id\":\"https:\\\/\\\/mmkriepas.lv\\\/en\\\/p\\\/235-55r18-nokian-seasonproof-suv-104v-xl-2\\\/#breadcrumb\",\"itemListElement\":[{\"@type\":\"ListItem\",\"position\":1,\"name\":\"S\u0101kums\",\"item\":\"https:\\\/\\\/mmkriepas.lv\\\/en\\\/\"},{\"@type\":\"ListItem\",\"position\":2,\"name\":\"235\\\/55R18 Nokian Seasonproof SUV 104V XL\"}]},{\"@type\":\"WebSite\",\"@id\":\"https:\\\/\\\/mmkriepas.lv\\\/en\\\/#website\",\"url\":\"https:\\\/\\\/mmkriepas.lv\\\/en\\\/\",\"name\":\"MMK Riepas\",\"description\":\"MMK Riepas\",\"alternateName\":\"MMK Riepu Serviss\",\"potentialAction\":[{\"@type\":\"SearchAction\",\"target\":{\"@type\":\"EntryPoint\",\"urlTemplate\":\"https:\\\/\\\/mmkriepas.lv\\\/en\\\/?s={search_term_string}\"},\"query-input\":{\"@type\":\"PropertyValueSpecification\",\"valueRequired\":true,\"valueName\":\"search_term_string\"}}],\"inLanguage\":\"en-US\"},{\"@type\":\"ImageObject\",\"inLanguage\":\"en-US\",\"@id\":\"https:\\\/\\\/mmkriepas.lv\\\/en\\\/p\\\/235-55r18-nokian-seasonproof-suv-104v-xl-2\\\/#local-main-organization-logo\",\"url\":\"\",\"contentUrl\":\"\",\"caption\":\"MMK Riepas\"}]}<\/script>\n<meta property=\"product:brand\" content=\"Nokian Seasonproof\" \/>\n<meta property=\"product:price:amount\" content=\"149.00\" \/>\n<meta property=\"product:price:currency\" content=\"EUR\" \/>\n<meta property=\"og:availability\" content=\"instock\" \/>\n<meta property=\"product:availability\" content=\"instock\" \/>\n<meta property=\"product:retailer_item_id\" content=\"TW2355518Nokia-Z10508\" \/>\n<meta property=\"product:condition\" content=\"new\" \/>\n<!-- \/ Yoast SEO Premium plugin. -->","yoast_head_json":{"title":"235\/55R18 Nokian Seasonproof SUV 104V XL &#8226; MMK Riepas","description":"Nokian Seasonproof - Somij\u0101 rad\u012btas premium ziemas\/vissezonas riepas, kas izcili kalpos gan vasar\u0101, gan ziem\u0101. Pieejamas MMK riepu centros!","robots":{"index":"index","follow":"follow","max-snippet":"max-snippet:-1","max-image-preview":"max-image-preview:large","max-video-preview":"max-video-preview:-1"},"canonical":"https:\/\/mmkriepas.lv\/en\/p\/235-55r18-nokian-seasonproof-suv-104v-xl-2\/","og_locale":"en_US","og_type":"article","og_title":"235\/55R18 Nokian Seasonproof SUV 104V XL","og_description":"Nokian Seasonproof - Somij\u0101 rad\u012btas premium ziemas\/vissezonas riepas, kas izcili kalpos gan vasar\u0101, gan ziem\u0101. Pieejamas MMK riepu centros!","og_url":"https:\/\/mmkriepas.lv\/en\/p\/235-55r18-nokian-seasonproof-suv-104v-xl-2\/","og_site_name":"MMK Riepas","article_publisher":"https:\/\/www.facebook.com\/mmkserviss\/","article_modified_time":"2024-08-02T11:06:48+00:00","og_image":[{"width":1920,"height":1440,"url":"https:\/\/mmkriepas.lv\/wp-content\/uploads\/2021\/09\/20555r16-nokian-seasonproof-91h-ziemas-riepas-4.jpeg","type":"image\/jpeg"}],"twitter_card":"summary_large_image","twitter_misc":{"Price":"&euro;149.00","Availability":"In stock"},"schema":{"@context":"https:\/\/schema.org","@graph":[{"@type":"WebPage","@id":"https:\/\/mmkriepas.lv\/en\/p\/235-55r18-nokian-seasonproof-suv-104v-xl-2\/","url":"https:\/\/mmkriepas.lv\/en\/p\/235-55r18-nokian-seasonproof-suv-104v-xl-2\/","name":"235\/55R18 Nokian Seasonproof SUV 104V XL &#8226; MMK Riepas","isPartOf":{"@id":"https:\/\/mmkriepas.lv\/en\/#website"},"primaryImageOfPage":{"@id":"https:\/\/mmkriepas.lv\/en\/p\/235-55r18-nokian-seasonproof-suv-104v-xl-2\/#primaryimage"},"image":{"@id":"https:\/\/mmkriepas.lv\/en\/p\/235-55r18-nokian-seasonproof-suv-104v-xl-2\/#primaryimage"},"thumbnailUrl":"https:\/\/mmkriepas.lv\/wp-content\/uploads\/2021\/09\/20555r16-nokian-seasonproof-91h-ziemas-riepas-4.jpeg","datePublished":"2022-09-09T18:47:21+00:00","dateModified":"2024-08-02T11:06:48+00:00","description":"Nokian Seasonproof - Somij\u0101 rad\u012btas premium ziemas\/vissezonas riepas, kas izcili kalpos gan vasar\u0101, gan ziem\u0101. Pieejamas MMK riepu centros!","breadcrumb":{"@id":"https:\/\/mmkriepas.lv\/en\/p\/235-55r18-nokian-seasonproof-suv-104v-xl-2\/#breadcrumb"},"inLanguage":"en-US","potentialAction":[{"@type":"ReadAction","target":["https:\/\/mmkriepas.lv\/en\/p\/235-55r18-nokian-seasonproof-suv-104v-xl-2\/"]}]},{"@type":"ImageObject","inLanguage":"en-US","@id":"https:\/\/mmkriepas.lv\/en\/p\/235-55r18-nokian-seasonproof-suv-104v-xl-2\/#primaryimage","url":"https:\/\/mmkriepas.lv\/wp-content\/uploads\/2021\/09\/20555r16-nokian-seasonproof-91h-ziemas-riepas-4.jpeg","contentUrl":"https:\/\/mmkriepas.lv\/wp-content\/uploads\/2021\/09\/20555r16-nokian-seasonproof-91h-ziemas-riepas-4.jpeg","width":1920,"height":1440,"caption":"205\/55R16 Nokian Seasonproof 91H - Vissezonas riepas \/ Ziemas riepas"},{"@type":"BreadcrumbList","@id":"https:\/\/mmkriepas.lv\/en\/p\/235-55r18-nokian-seasonproof-suv-104v-xl-2\/#breadcrumb","itemListElement":[{"@type":"ListItem","position":1,"name":"S\u0101kums","item":"https:\/\/mmkriepas.lv\/en\/"},{"@type":"ListItem","position":2,"name":"235\/55R18 Nokian Seasonproof SUV 104V XL"}]},{"@type":"WebSite","@id":"https:\/\/mmkriepas.lv\/en\/#website","url":"https:\/\/mmkriepas.lv\/en\/","name":"MMK Riepas","description":"MMK Riepas","alternateName":"MMK Riepu Serviss","potentialAction":[{"@type":"SearchAction","target":{"@type":"EntryPoint","urlTemplate":"https:\/\/mmkriepas.lv\/en\/?s={search_term_string}"},"query-input":{"@type":"PropertyValueSpecification","valueRequired":true,"valueName":"search_term_string"}}],"inLanguage":"en-US"},{"@type":"ImageObject","inLanguage":"en-US","@id":"https:\/\/mmkriepas.lv\/en\/p\/235-55r18-nokian-seasonproof-suv-104v-xl-2\/#local-main-organization-logo","url":"","contentUrl":"","caption":"MMK Riepas"}]},"product_brand":"Nokian Seasonproof","product_price_amount":"149.00","product_price_currency":"EUR","og_availability":"instock","product_availability":"instock","product_retailer_item_id":"TW2355518Nokia-Z10508","product_condition":"new"},"_links":{"self":[{"href":"https:\/\/mmkriepas.lv\/en\/wp-json\/wp\/v2\/product\/317620","targetHints":{"allow":["GET"]}}],"collection":[{"href":"https:\/\/mmkriepas.lv\/en\/wp-json\/wp\/v2\/product"}],"about":[{"href":"https:\/\/mmkriepas.lv\/en\/wp-json\/wp\/v2\/types\/product"}],"wp:featuredmedia":[{"embeddable":true,"href":"https:\/\/mmkriepas.lv\/en\/wp-json\/wp\/v2\/media\/200398"}],"wp:attachment":[{"href":"https:\/\/mmkriepas.lv\/en\/wp-json\/wp\/v2\/media?parent=317620"}],"wp:term":[{"taxonomy":"product_brand","embeddable":true,"href":"https:\/\/mmkriepas.lv\/en\/wp-json\/wp\/v2\/product_brand?post=317620"},{"taxonomy":"product_cat","embeddable":true,"href":"https:\/\/mmkriepas.lv\/en\/wp-json\/wp\/v2\/product_cat?post=317620"},{"taxonomy":"product_tag","embeddable":true,"href":"https:\/\/mmkriepas.lv\/en\/wp-json\/wp\/v2\/product_tag?post=317620"}],"curies":[{"name":"wp","href":"https:\/\/api.w.org\/{rel}","templated":true}]}}