{"id":317449,"date":"2022-09-09T21:36:57","date_gmt":"2022-09-09T18:36:57","guid":{"rendered":"https:\/\/mmkserviss.lv\/?post_type=product&#038;p=317449"},"modified":"2024-08-02T14:05:14","modified_gmt":"2024-08-02T11:05:14","slug":"185-65r15-nokian-hakkapeliitta-r5-88r","status":"publish","type":"product","link":"https:\/\/mmkriepas.lv\/en\/p\/185-65r15-nokian-hakkapeliitta-r5-88r\/","title":{"rendered":"185\/65R15 Nokian Hakkapeliitta R5 88R"},"content":{"rendered":"<p><strong>Nokian Hakkapeliitta R5<\/strong> ir augstas kvalit\u0101tes premium klases ziemas riepu modelis. Uzlabots ar virkni jaun\u0101ko tehnolo\u0123isko risin\u0101jumu, \u0161is ziemas riepu modelis izce\u013cas ar izcil\u0101m sa\u0137eres un komforta \u012bpa\u0161\u012bb\u0101m jebk\u0101dos ziemas brauk\u0161anas apst\u0101k\u013cos.<\/p>\n<p><strong>Nokian Hakkapeliitta R5 galven\u0101s iez\u012bmes<\/strong><\/p>\n<p>+ Izcilas sa\u0137eres \u012bpa\u0161\u012bbas gan uz asfalta, gan snieg\u0101 un uz ledus.<\/p>\n<p>+ Riepu gumijas sast\u0101vs veidots p\u0113c ArcticGrip tehnolo\u0123ijas.<\/p>\n<p>+ Double Block protektora raksta dizains.<\/p>\n<p>+ Teicams akustiskais un brauk\u0161anas gaitas komforts.<\/p>\n<p>+ Palielin\u0101ta nodilumiztur\u012bba.<\/p>\n<p><strong>Nokian Hakkapeliitta R5 <\/strong>ziemas riepas apr\u012bkotas ar agres\u012bvu virzienveida protektora dizainu. Palielin\u0101ts ar\u012b protektora bloku skaits, b\u016btiski uzlabojot riepu veiktsp\u0113ju dzi\u013c\u0101 snieg\u0101.<\/p>\n<p>Riepu gumijas sast\u0101va izstr\u0101dei izmantotas uzreiz divas no vado\u0161aj\u0101m tehnolo\u0123ij\u0101m &#8211; Arctic Grip un Green Trace. Min\u0113t\u0101s Arctic Grip tehnolo\u0123ijas ietvaros, \u0161\u012b mode\u013ca riepu gumijas sast\u0101vam pievienots liels skaits ciet\u0101kas gumijas skaidu. T\u0101s, veidojoties nodilumam, funkcion\u0113 k\u0101 sava veida radzes, ar as\u0101m mal\u0101m ieduroties led\u016b un sabliet\u0113t\u0101 snieg\u0101. Savuk\u0101rt, Green Trace tehnolo\u0123ija, riepas gumijas sast\u0101va m\u012bkstaj\u0101 da\u013c\u0101, b\u016btiski paildzina riepas m\u016b\u017eu un pal\u012bdz saglab\u0101t elast\u012bbu zem\u0101k\u0101s temperat\u016br\u0101s. T\u0101s ietvaros, sast\u0101vam pievienots dab\u012bgais kau\u010duks, padarot <strong>Nokian Hakkapeliitta R5 <\/strong>par dabai draudz\u012bg\u0101ku izv\u0113li.<\/p>\n","protected":false},"excerpt":{"rendered":"<p><strong>Nokian Hakkapeliitta R5<\/strong> ir augstas kvalit\u0101tes premium klases ziemas riepu modelis. Uzlabots ar virkni jaun\u0101ko tehnolo\u0123isko risin\u0101jumu, \u0161is ziemas riepu modelis izce\u013cas ar izcil\u0101m sa\u0137eres un komforta \u012bpa\u0161\u012bb\u0101m jebk\u0101dos ziemas brauk\u0161anas apst\u0101k\u013cos.<\/p>\n","protected":false},"featured_media":908876,"template":"","meta":{"_acf_changed":false,"ngg_post_thumbnail":0},"product_brand":[],"product_cat":[47,45],"product_tag":[],"class_list":{"0":"post-317449","1":"product","2":"type-product","3":"status-publish","4":"has-post-thumbnail","6":"product_cat-vissezonas-riepas","7":"product_cat-ziemas-riepas","9":"first","10":"instock","11":"taxable","12":"shipping-taxable","13":"product-type-simple"},"acf":[],"yoast_head":"<!-- This site is optimized with the Yoast SEO Premium plugin v22.6 (Yoast SEO v27.3) - https:\/\/yoast.com\/product\/yoast-seo-premium-wordpress\/ -->\n<title>185\/65R15 Nokian Hakkapeliitta R5 88R &#8226; MMK Riepas<\/title>\n<meta name=\"robots\" content=\"index, follow, max-snippet:-1, max-image-preview:large, max-video-preview:-1\" \/>\n<link rel=\"canonical\" href=\"https:\/\/mmkriepas.lv\/en\/p\/185-65r15-nokian-hakkapeliitta-r5-88r\/\" \/>\n<meta property=\"og:locale\" content=\"en_US\" \/>\n<meta property=\"og:type\" content=\"article\" \/>\n<meta property=\"og:title\" content=\"185\/65R15 Nokian Hakkapeliitta R5 88R\" \/>\n<meta property=\"og:description\" content=\"Nokian Hakkapeliitta R5 ir augstas kvalit\u0101tes premium klases ziemas riepu modelis. Uzlabots ar virkni jaun\u0101ko tehnolo\u0123isko risin\u0101jumu, \u0161is ziemas riepu modelis izce\u013cas ar izcil\u0101m sa\u0137eres un komforta \u012bpa\u0161\u012bb\u0101m jebk\u0101dos ziemas brauk\u0161anas apst\u0101k\u013cos.\" \/>\n<meta property=\"og:url\" content=\"https:\/\/mmkriepas.lv\/en\/p\/185-65r15-nokian-hakkapeliitta-r5-88r\/\" \/>\n<meta property=\"og:site_name\" content=\"MMK Riepas\" \/>\n<meta property=\"article:publisher\" content=\"https:\/\/www.facebook.com\/mmkserviss\/\" \/>\n<meta property=\"article:modified_time\" content=\"2024-08-02T11:05:14+00:00\" \/>\n<meta property=\"og:image\" content=\"https:\/\/mmkriepas.lv\/wp-content\/uploads\/2024\/06\/nokian-hakkapeliitta-r5.jpg\" \/>\n\t<meta property=\"og:image:width\" content=\"900\" \/>\n\t<meta property=\"og:image:height\" content=\"720\" \/>\n\t<meta property=\"og:image:type\" content=\"image\/jpeg\" \/>\n<meta name=\"twitter:card\" content=\"summary_large_image\" \/>\n<meta name=\"twitter:label1\" content=\"Price\" \/>\n\t<meta name=\"twitter:data1\" content=\"&euro;91.00\" \/>\n\t<meta name=\"twitter:label2\" content=\"Availability\" \/>\n\t<meta name=\"twitter:data2\" content=\"In stock\" \/>\n<script type=\"application\/ld+json\" class=\"yoast-schema-graph\">{\"@context\":\"https:\\\/\\\/schema.org\",\"@graph\":[{\"@type\":\"WebPage\",\"@id\":\"https:\\\/\\\/mmkriepas.lv\\\/en\\\/p\\\/185-65r15-nokian-hakkapeliitta-r5-88r\\\/\",\"url\":\"https:\\\/\\\/mmkriepas.lv\\\/en\\\/p\\\/185-65r15-nokian-hakkapeliitta-r5-88r\\\/\",\"name\":\"185\\\/65R15 Nokian Hakkapeliitta R5 88R &#8226; MMK Riepas\",\"isPartOf\":{\"@id\":\"https:\\\/\\\/mmkriepas.lv\\\/en\\\/#website\"},\"primaryImageOfPage\":{\"@id\":\"https:\\\/\\\/mmkriepas.lv\\\/en\\\/p\\\/185-65r15-nokian-hakkapeliitta-r5-88r\\\/#primaryimage\"},\"image\":{\"@id\":\"https:\\\/\\\/mmkriepas.lv\\\/en\\\/p\\\/185-65r15-nokian-hakkapeliitta-r5-88r\\\/#primaryimage\"},\"thumbnailUrl\":\"https:\\\/\\\/mmkriepas.lv\\\/wp-content\\\/uploads\\\/2024\\\/06\\\/nokian-hakkapeliitta-r5.jpg\",\"datePublished\":\"2022-09-09T18:36:57+00:00\",\"dateModified\":\"2024-08-02T11:05:14+00:00\",\"breadcrumb\":{\"@id\":\"https:\\\/\\\/mmkriepas.lv\\\/en\\\/p\\\/185-65r15-nokian-hakkapeliitta-r5-88r\\\/#breadcrumb\"},\"inLanguage\":\"en-US\",\"potentialAction\":[{\"@type\":\"ReadAction\",\"target\":[\"https:\\\/\\\/mmkriepas.lv\\\/en\\\/p\\\/185-65r15-nokian-hakkapeliitta-r5-88r\\\/\"]}]},{\"@type\":\"ImageObject\",\"inLanguage\":\"en-US\",\"@id\":\"https:\\\/\\\/mmkriepas.lv\\\/en\\\/p\\\/185-65r15-nokian-hakkapeliitta-r5-88r\\\/#primaryimage\",\"url\":\"https:\\\/\\\/mmkriepas.lv\\\/wp-content\\\/uploads\\\/2024\\\/06\\\/nokian-hakkapeliitta-r5.jpg\",\"contentUrl\":\"https:\\\/\\\/mmkriepas.lv\\\/wp-content\\\/uploads\\\/2024\\\/06\\\/nokian-hakkapeliitta-r5.jpg\",\"width\":900,\"height\":720,\"caption\":\"MAIN\"},{\"@type\":\"BreadcrumbList\",\"@id\":\"https:\\\/\\\/mmkriepas.lv\\\/en\\\/p\\\/185-65r15-nokian-hakkapeliitta-r5-88r\\\/#breadcrumb\",\"itemListElement\":[{\"@type\":\"ListItem\",\"position\":1,\"name\":\"S\u0101kums\",\"item\":\"https:\\\/\\\/mmkriepas.lv\\\/en\\\/\"},{\"@type\":\"ListItem\",\"position\":2,\"name\":\"185\\\/65R15 Nokian Hakkapeliitta R5 88R\"}]},{\"@type\":\"WebSite\",\"@id\":\"https:\\\/\\\/mmkriepas.lv\\\/en\\\/#website\",\"url\":\"https:\\\/\\\/mmkriepas.lv\\\/en\\\/\",\"name\":\"MMK Riepas\",\"description\":\"MMK Riepas\",\"alternateName\":\"MMK Riepu Serviss\",\"potentialAction\":[{\"@type\":\"SearchAction\",\"target\":{\"@type\":\"EntryPoint\",\"urlTemplate\":\"https:\\\/\\\/mmkriepas.lv\\\/en\\\/?s={search_term_string}\"},\"query-input\":{\"@type\":\"PropertyValueSpecification\",\"valueRequired\":true,\"valueName\":\"search_term_string\"}}],\"inLanguage\":\"en-US\"},{\"@type\":\"ImageObject\",\"inLanguage\":\"en-US\",\"@id\":\"https:\\\/\\\/mmkriepas.lv\\\/en\\\/p\\\/185-65r15-nokian-hakkapeliitta-r5-88r\\\/#local-main-organization-logo\",\"url\":\"\",\"contentUrl\":\"\",\"caption\":\"MMK Riepas\"}]}<\/script>\n<meta property=\"product:brand\" content=\"Nokian Hakkapeliitta R5\" \/>\n<meta property=\"product:price:amount\" content=\"91.00\" \/>\n<meta property=\"product:price:currency\" content=\"EUR\" \/>\n<meta property=\"og:availability\" content=\"instock\" \/>\n<meta property=\"product:availability\" content=\"instock\" \/>\n<meta property=\"product:retailer_item_id\" content=\"TW1856515Nokia-Z10451\" \/>\n<meta property=\"product:condition\" content=\"new\" \/>\n<!-- \/ Yoast SEO Premium plugin. -->","yoast_head_json":{"title":"185\/65R15 Nokian Hakkapeliitta R5 88R &#8226; MMK Riepas","robots":{"index":"index","follow":"follow","max-snippet":"max-snippet:-1","max-image-preview":"max-image-preview:large","max-video-preview":"max-video-preview:-1"},"canonical":"https:\/\/mmkriepas.lv\/en\/p\/185-65r15-nokian-hakkapeliitta-r5-88r\/","og_locale":"en_US","og_type":"article","og_title":"185\/65R15 Nokian Hakkapeliitta R5 88R","og_description":"Nokian Hakkapeliitta R5 ir augstas kvalit\u0101tes premium klases ziemas riepu modelis. Uzlabots ar virkni jaun\u0101ko tehnolo\u0123isko risin\u0101jumu, \u0161is ziemas riepu modelis izce\u013cas ar izcil\u0101m sa\u0137eres un komforta \u012bpa\u0161\u012bb\u0101m jebk\u0101dos ziemas brauk\u0161anas apst\u0101k\u013cos.","og_url":"https:\/\/mmkriepas.lv\/en\/p\/185-65r15-nokian-hakkapeliitta-r5-88r\/","og_site_name":"MMK Riepas","article_publisher":"https:\/\/www.facebook.com\/mmkserviss\/","article_modified_time":"2024-08-02T11:05:14+00:00","og_image":[{"width":900,"height":720,"url":"https:\/\/mmkriepas.lv\/wp-content\/uploads\/2024\/06\/nokian-hakkapeliitta-r5.jpg","type":"image\/jpeg"}],"twitter_card":"summary_large_image","twitter_misc":{"Price":"&euro;91.00","Availability":"In stock"},"schema":{"@context":"https:\/\/schema.org","@graph":[{"@type":"WebPage","@id":"https:\/\/mmkriepas.lv\/en\/p\/185-65r15-nokian-hakkapeliitta-r5-88r\/","url":"https:\/\/mmkriepas.lv\/en\/p\/185-65r15-nokian-hakkapeliitta-r5-88r\/","name":"185\/65R15 Nokian Hakkapeliitta R5 88R &#8226; MMK Riepas","isPartOf":{"@id":"https:\/\/mmkriepas.lv\/en\/#website"},"primaryImageOfPage":{"@id":"https:\/\/mmkriepas.lv\/en\/p\/185-65r15-nokian-hakkapeliitta-r5-88r\/#primaryimage"},"image":{"@id":"https:\/\/mmkriepas.lv\/en\/p\/185-65r15-nokian-hakkapeliitta-r5-88r\/#primaryimage"},"thumbnailUrl":"https:\/\/mmkriepas.lv\/wp-content\/uploads\/2024\/06\/nokian-hakkapeliitta-r5.jpg","datePublished":"2022-09-09T18:36:57+00:00","dateModified":"2024-08-02T11:05:14+00:00","breadcrumb":{"@id":"https:\/\/mmkriepas.lv\/en\/p\/185-65r15-nokian-hakkapeliitta-r5-88r\/#breadcrumb"},"inLanguage":"en-US","potentialAction":[{"@type":"ReadAction","target":["https:\/\/mmkriepas.lv\/en\/p\/185-65r15-nokian-hakkapeliitta-r5-88r\/"]}]},{"@type":"ImageObject","inLanguage":"en-US","@id":"https:\/\/mmkriepas.lv\/en\/p\/185-65r15-nokian-hakkapeliitta-r5-88r\/#primaryimage","url":"https:\/\/mmkriepas.lv\/wp-content\/uploads\/2024\/06\/nokian-hakkapeliitta-r5.jpg","contentUrl":"https:\/\/mmkriepas.lv\/wp-content\/uploads\/2024\/06\/nokian-hakkapeliitta-r5.jpg","width":900,"height":720,"caption":"MAIN"},{"@type":"BreadcrumbList","@id":"https:\/\/mmkriepas.lv\/en\/p\/185-65r15-nokian-hakkapeliitta-r5-88r\/#breadcrumb","itemListElement":[{"@type":"ListItem","position":1,"name":"S\u0101kums","item":"https:\/\/mmkriepas.lv\/en\/"},{"@type":"ListItem","position":2,"name":"185\/65R15 Nokian Hakkapeliitta R5 88R"}]},{"@type":"WebSite","@id":"https:\/\/mmkriepas.lv\/en\/#website","url":"https:\/\/mmkriepas.lv\/en\/","name":"MMK Riepas","description":"MMK Riepas","alternateName":"MMK Riepu Serviss","potentialAction":[{"@type":"SearchAction","target":{"@type":"EntryPoint","urlTemplate":"https:\/\/mmkriepas.lv\/en\/?s={search_term_string}"},"query-input":{"@type":"PropertyValueSpecification","valueRequired":true,"valueName":"search_term_string"}}],"inLanguage":"en-US"},{"@type":"ImageObject","inLanguage":"en-US","@id":"https:\/\/mmkriepas.lv\/en\/p\/185-65r15-nokian-hakkapeliitta-r5-88r\/#local-main-organization-logo","url":"","contentUrl":"","caption":"MMK Riepas"}]},"product_brand":"Nokian Hakkapeliitta R5","product_price_amount":"91.00","product_price_currency":"EUR","og_availability":"instock","product_availability":"instock","product_retailer_item_id":"TW1856515Nokia-Z10451","product_condition":"new"},"_links":{"self":[{"href":"https:\/\/mmkriepas.lv\/en\/wp-json\/wp\/v2\/product\/317449","targetHints":{"allow":["GET"]}}],"collection":[{"href":"https:\/\/mmkriepas.lv\/en\/wp-json\/wp\/v2\/product"}],"about":[{"href":"https:\/\/mmkriepas.lv\/en\/wp-json\/wp\/v2\/types\/product"}],"wp:featuredmedia":[{"embeddable":true,"href":"https:\/\/mmkriepas.lv\/en\/wp-json\/wp\/v2\/media\/908876"}],"wp:attachment":[{"href":"https:\/\/mmkriepas.lv\/en\/wp-json\/wp\/v2\/media?parent=317449"}],"wp:term":[{"taxonomy":"product_brand","embeddable":true,"href":"https:\/\/mmkriepas.lv\/en\/wp-json\/wp\/v2\/product_brand?post=317449"},{"taxonomy":"product_cat","embeddable":true,"href":"https:\/\/mmkriepas.lv\/en\/wp-json\/wp\/v2\/product_cat?post=317449"},{"taxonomy":"product_tag","embeddable":true,"href":"https:\/\/mmkriepas.lv\/en\/wp-json\/wp\/v2\/product_tag?post=317449"}],"curies":[{"name":"wp","href":"https:\/\/api.w.org\/{rel}","templated":true}]}}