{"id":317206,"date":"2022-09-09T21:22:06","date_gmt":"2022-09-09T18:22:06","guid":{"rendered":"https:\/\/mmkserviss.lv\/?post_type=product&#038;p=317206"},"modified":"2025-12-29T18:28:14","modified_gmt":"2025-12-29T16:28:14","slug":"185-65r14-nokian-nordman-rs2-90r-xl-2","status":"publish","type":"product","link":"https:\/\/mmkriepas.lv\/en\/p\/185-65r14-nokian-nordman-rs2-90r-xl-2\/","title":{"rendered":"185\/65R14 Nokian Nordman RS2 90R XL"},"content":{"rendered":"<p><strong>Nokian Nordman RS2 SUV <\/strong>ir ziemas riepa, kas \u012bpa\u0161i paredz\u0113ta bargiem ziemas apst\u0101k\u013ciem otrpus <strong>Pol\u0101r\u0101 Loka <\/strong>un piem\u0113rota apvidus automa\u0161\u012bn\u0101m jeb<strong> SUV<\/strong>.\u00a0 \u0160is modelis izce\u013cas ar augst\u0101m veiktsp\u0113jas \u012bpa\u0161\u012bb\u0101m uz apledoju\u0161\u0101m sniegot\u0101m ce\u013ca virsm\u0101m, pateicoties veselai virknei tehnolo\u0123isku inov\u0101ciju.<\/p>\n<h3>Nokian Nordman RS2 SUV galven\u0101s iez\u012bmes<\/h3>\n<p>+Efektivit\u0101ti zem\u0101s gaisa temperat\u016br\u0101s nodro\u0161ina \u012bpa\u0161i izveidots gumijas mais\u012bjums. +Lameles riepas plecu zon\u0101s ne tikai izcili veido sa\u0137eri ar sliden\u0101kaj\u0101m ce\u013ca virsm\u0101m, bet ar\u012b sausina kontakta virsmu. +Protektora bloku s\u0101nos izvietoti &#8220;nagi&#8221;, kuri pal\u012bdz\u0113s c\u012b\u0146\u0101 ar aizsnigu\u0161iem ce\u013ciem. +Lameles izvietotas p\u0101rsteidzo\u0161i bl\u012bvi, turkl\u0101t t\u0101s blo\u0137\u0113jas, samazinot protektora bloku br\u012bvkust\u012bbu, lai uzlabotu manevr\u0113tsp\u0113ju.<\/p>\n<h3>Uzlabotais Nokian Nordman RS2 SUV gumijas sast\u0101vs<\/h3>\n<p>Nokian Nordman RS2 SUV protektors izgatavots no gumijas mais\u012bjuma, kur\u0161 papildin\u0101ts ar virkni elastrom\u0113ru, kas at\u013cauj riepai saglab\u0101t elast\u012bbu vispla\u0161\u0101kaj\u0101 temerat\u016bru diapazon\u0101. Elast\u012bga riepa daudz lab\u0101k veido sa\u0137eri ar ce\u013cu, sa\u012bsinot bremz\u0113\u0161anas ce\u013cu un uzlabojot manevr\u0113tsp\u0113ju. Turkl\u0101t riepas sast\u0101vs ir tik kvalitat\u012bvs, ka tas nesairst ar\u012b augst\u0101s temperat\u016br\u0101s.\u00a0<\/p>\n<h3>Daudzfunkcion\u0101la lame\u013cu sist\u0113ma<\/h3>\n<p>Nokian Nordman RS2 SUV plecu zonas protektora blokos bl\u012bvi izvietotas lameles. Pateicoties vair\u0101k\u0101m lame\u013cu konstrukcijas \u012bpa\u0161\u012bb\u0101m, t\u0101s izpilda veselu spektru funkciju, kas padara braucienu krietni dro\u0161\u0101ku.\u00a0 Kontakt\u0101 ar ledu, t\u0101s ar as\u0101m kant\u0113m iec\u0113rtas slidenaj\u0101 virsm\u0101, veidojot ar to sa\u0137eri, t\u0101s burtiski aizvieto radzes! \u00a0 <b>Nokian Nordman RS2<\/b><span style=\"font-weight: 400;\">\u00a0 <strong>SUV<\/strong> mode\u013ca lieto\u0161anas dro\u0161\u012bbu ziemas laika apst\u0101k\u013cos un t\u0101 atbilst\u012bbu valst\u012bm ar oblig\u0101tu sezon\u0101lo riepu mai\u0146u apstiprina mar\u0137\u0113jums sniegp\u0101rslas form\u0101 uz kalna fona ar trim virsotn\u0113m (3PMSF).<\/span> <span style=\"font-weight: 400;\">Kvalitat\u012bva ziemas riepa, kas piem\u0113rota skarbiem ziemas apst\u0101k\u013ciem. Pieejama abos MMK Riepu Centros par vislab\u0101kaj\u0101m cen\u0101m!<\/span> \u00a0<\/p>\n","protected":false},"excerpt":{"rendered":"<p>Nokian Nordman RS2 SUV ir ziemas riepa, kas \u012bpa\u0161i paredz\u0113ta bargiem ziemas apst\u0101k\u013ciem otrpus Pol\u0101r\u0101 Loka un piem\u0113rota apvidus automa\u0161\u012bn\u0101m jeb SUV.\u00a0 \u0160is modelis izce\u013cas ar augst\u0101m veiktsp\u0113jas \u012bpa\u0161\u012bb\u0101m uz<\/p>\n","protected":false},"featured_media":317205,"template":"","meta":{"_acf_changed":false,"ngg_post_thumbnail":0},"product_brand":[],"product_cat":[47,45],"product_tag":[],"class_list":{"0":"post-317206","1":"product","2":"type-product","3":"status-publish","4":"has-post-thumbnail","6":"product_cat-vissezonas-riepas","7":"product_cat-ziemas-riepas","9":"first","10":"instock","11":"taxable","12":"shipping-taxable","13":"product-type-simple"},"acf":[],"yoast_head":"<!-- This site is optimized with the Yoast SEO Premium plugin v22.6 (Yoast SEO v27.3) - https:\/\/yoast.com\/product\/yoast-seo-premium-wordpress\/ -->\n<title>185\/65R14 Nokian Nordman RS2 90R XL &#8226; MMK Riepas<\/title>\n<meta name=\"robots\" content=\"index, follow, max-snippet:-1, max-image-preview:large, max-video-preview:-1\" \/>\n<link rel=\"canonical\" href=\"https:\/\/mmkriepas.lv\/en\/p\/185-65r14-nokian-nordman-rs2-90r-xl-2\/\" \/>\n<meta property=\"og:locale\" content=\"en_US\" \/>\n<meta property=\"og:type\" content=\"article\" \/>\n<meta property=\"og:title\" content=\"185\/65R14 Nokian Nordman RS2 90R XL\" \/>\n<meta property=\"og:description\" content=\"Nokian Nordman RS2 SUV ir ziemas riepa, kas \u012bpa\u0161i paredz\u0113ta bargiem ziemas apst\u0101k\u013ciem otrpus Pol\u0101r\u0101 Loka un piem\u0113rota apvidus automa\u0161\u012bn\u0101m jeb SUV.\u00a0 \u0160is modelis izce\u013cas ar augst\u0101m veiktsp\u0113jas \u012bpa\u0161\u012bb\u0101m uz\" \/>\n<meta property=\"og:url\" content=\"https:\/\/mmkriepas.lv\/en\/p\/185-65r14-nokian-nordman-rs2-90r-xl-2\/\" \/>\n<meta property=\"og:site_name\" content=\"MMK Riepas\" \/>\n<meta property=\"article:publisher\" content=\"https:\/\/www.facebook.com\/mmkserviss\/\" \/>\n<meta property=\"article:modified_time\" content=\"2025-12-29T16:28:14+00:00\" \/>\n<meta property=\"og:image\" content=\"https:\/\/mmkriepas.lv\/wp-content\/uploads\/2022\/09\/18565r14-nokian-nordman-rs2-90r-xl-ziemas-riepas.jpg\" \/>\n\t<meta property=\"og:image:width\" content=\"488\" \/>\n\t<meta property=\"og:image:height\" content=\"800\" \/>\n\t<meta property=\"og:image:type\" content=\"image\/jpeg\" \/>\n<meta name=\"twitter:card\" content=\"summary_large_image\" \/>\n<meta name=\"twitter:label1\" content=\"Price\" \/>\n\t<meta name=\"twitter:data1\" content=\"&euro;77.00\" \/>\n\t<meta name=\"twitter:label2\" content=\"Availability\" \/>\n\t<meta name=\"twitter:data2\" content=\"In stock\" \/>\n<script type=\"application\/ld+json\" class=\"yoast-schema-graph\">{\"@context\":\"https:\\\/\\\/schema.org\",\"@graph\":[{\"@type\":\"WebPage\",\"@id\":\"https:\\\/\\\/mmkriepas.lv\\\/en\\\/p\\\/185-65r14-nokian-nordman-rs2-90r-xl-2\\\/\",\"url\":\"https:\\\/\\\/mmkriepas.lv\\\/en\\\/p\\\/185-65r14-nokian-nordman-rs2-90r-xl-2\\\/\",\"name\":\"185\\\/65R14 Nokian Nordman RS2 90R XL &#8226; MMK Riepas\",\"isPartOf\":{\"@id\":\"https:\\\/\\\/mmkriepas.lv\\\/en\\\/#website\"},\"primaryImageOfPage\":{\"@id\":\"https:\\\/\\\/mmkriepas.lv\\\/en\\\/p\\\/185-65r14-nokian-nordman-rs2-90r-xl-2\\\/#primaryimage\"},\"image\":{\"@id\":\"https:\\\/\\\/mmkriepas.lv\\\/en\\\/p\\\/185-65r14-nokian-nordman-rs2-90r-xl-2\\\/#primaryimage\"},\"thumbnailUrl\":\"https:\\\/\\\/mmkriepas.lv\\\/wp-content\\\/uploads\\\/2022\\\/09\\\/18565r14-nokian-nordman-rs2-90r-xl-ziemas-riepas.jpg\",\"datePublished\":\"2022-09-09T18:22:06+00:00\",\"dateModified\":\"2025-12-29T16:28:14+00:00\",\"breadcrumb\":{\"@id\":\"https:\\\/\\\/mmkriepas.lv\\\/en\\\/p\\\/185-65r14-nokian-nordman-rs2-90r-xl-2\\\/#breadcrumb\"},\"inLanguage\":\"en-US\",\"potentialAction\":[{\"@type\":\"ReadAction\",\"target\":[\"https:\\\/\\\/mmkriepas.lv\\\/en\\\/p\\\/185-65r14-nokian-nordman-rs2-90r-xl-2\\\/\"]}]},{\"@type\":\"ImageObject\",\"inLanguage\":\"en-US\",\"@id\":\"https:\\\/\\\/mmkriepas.lv\\\/en\\\/p\\\/185-65r14-nokian-nordman-rs2-90r-xl-2\\\/#primaryimage\",\"url\":\"https:\\\/\\\/mmkriepas.lv\\\/wp-content\\\/uploads\\\/2022\\\/09\\\/18565r14-nokian-nordman-rs2-90r-xl-ziemas-riepas.jpg\",\"contentUrl\":\"https:\\\/\\\/mmkriepas.lv\\\/wp-content\\\/uploads\\\/2022\\\/09\\\/18565r14-nokian-nordman-rs2-90r-xl-ziemas-riepas.jpg\",\"width\":488,\"height\":800,\"caption\":\"185\\\/65R14 Nokian Nordman RS2 90R XL - Ziemas riepas\"},{\"@type\":\"BreadcrumbList\",\"@id\":\"https:\\\/\\\/mmkriepas.lv\\\/en\\\/p\\\/185-65r14-nokian-nordman-rs2-90r-xl-2\\\/#breadcrumb\",\"itemListElement\":[{\"@type\":\"ListItem\",\"position\":1,\"name\":\"S\u0101kums\",\"item\":\"https:\\\/\\\/mmkriepas.lv\\\/en\\\/\"},{\"@type\":\"ListItem\",\"position\":2,\"name\":\"185\\\/65R14 Nokian Nordman RS2 90R XL\"}]},{\"@type\":\"WebSite\",\"@id\":\"https:\\\/\\\/mmkriepas.lv\\\/en\\\/#website\",\"url\":\"https:\\\/\\\/mmkriepas.lv\\\/en\\\/\",\"name\":\"MMK Riepas\",\"description\":\"MMK Riepas\",\"alternateName\":\"MMK Riepu Serviss\",\"potentialAction\":[{\"@type\":\"SearchAction\",\"target\":{\"@type\":\"EntryPoint\",\"urlTemplate\":\"https:\\\/\\\/mmkriepas.lv\\\/en\\\/?s={search_term_string}\"},\"query-input\":{\"@type\":\"PropertyValueSpecification\",\"valueRequired\":true,\"valueName\":\"search_term_string\"}}],\"inLanguage\":\"en-US\"},{\"@type\":\"ImageObject\",\"inLanguage\":\"en-US\",\"@id\":\"https:\\\/\\\/mmkriepas.lv\\\/en\\\/p\\\/185-65r14-nokian-nordman-rs2-90r-xl-2\\\/#local-main-organization-logo\",\"url\":\"\",\"contentUrl\":\"\",\"caption\":\"MMK Riepas\"}]}<\/script>\n<meta property=\"product:brand\" content=\"Nokian Nordman RS2\" \/>\n<meta property=\"product:price:amount\" content=\"77.00\" \/>\n<meta property=\"product:price:currency\" content=\"EUR\" \/>\n<meta property=\"og:availability\" content=\"instock\" \/>\n<meta property=\"product:availability\" content=\"instock\" \/>\n<meta property=\"product:retailer_item_id\" content=\"TW1856514Nokia-Z10371\" \/>\n<meta property=\"product:condition\" content=\"new\" \/>\n<!-- \/ Yoast SEO Premium plugin. -->","yoast_head_json":{"title":"185\/65R14 Nokian Nordman RS2 90R XL &#8226; MMK Riepas","robots":{"index":"index","follow":"follow","max-snippet":"max-snippet:-1","max-image-preview":"max-image-preview:large","max-video-preview":"max-video-preview:-1"},"canonical":"https:\/\/mmkriepas.lv\/en\/p\/185-65r14-nokian-nordman-rs2-90r-xl-2\/","og_locale":"en_US","og_type":"article","og_title":"185\/65R14 Nokian Nordman RS2 90R XL","og_description":"Nokian Nordman RS2 SUV ir ziemas riepa, kas \u012bpa\u0161i paredz\u0113ta bargiem ziemas apst\u0101k\u013ciem otrpus Pol\u0101r\u0101 Loka un piem\u0113rota apvidus automa\u0161\u012bn\u0101m jeb SUV.\u00a0 \u0160is modelis izce\u013cas ar augst\u0101m veiktsp\u0113jas \u012bpa\u0161\u012bb\u0101m uz","og_url":"https:\/\/mmkriepas.lv\/en\/p\/185-65r14-nokian-nordman-rs2-90r-xl-2\/","og_site_name":"MMK Riepas","article_publisher":"https:\/\/www.facebook.com\/mmkserviss\/","article_modified_time":"2025-12-29T16:28:14+00:00","og_image":[{"width":488,"height":800,"url":"https:\/\/mmkriepas.lv\/wp-content\/uploads\/2022\/09\/18565r14-nokian-nordman-rs2-90r-xl-ziemas-riepas.jpg","type":"image\/jpeg"}],"twitter_card":"summary_large_image","twitter_misc":{"Price":"&euro;77.00","Availability":"In stock"},"schema":{"@context":"https:\/\/schema.org","@graph":[{"@type":"WebPage","@id":"https:\/\/mmkriepas.lv\/en\/p\/185-65r14-nokian-nordman-rs2-90r-xl-2\/","url":"https:\/\/mmkriepas.lv\/en\/p\/185-65r14-nokian-nordman-rs2-90r-xl-2\/","name":"185\/65R14 Nokian Nordman RS2 90R XL &#8226; MMK Riepas","isPartOf":{"@id":"https:\/\/mmkriepas.lv\/en\/#website"},"primaryImageOfPage":{"@id":"https:\/\/mmkriepas.lv\/en\/p\/185-65r14-nokian-nordman-rs2-90r-xl-2\/#primaryimage"},"image":{"@id":"https:\/\/mmkriepas.lv\/en\/p\/185-65r14-nokian-nordman-rs2-90r-xl-2\/#primaryimage"},"thumbnailUrl":"https:\/\/mmkriepas.lv\/wp-content\/uploads\/2022\/09\/18565r14-nokian-nordman-rs2-90r-xl-ziemas-riepas.jpg","datePublished":"2022-09-09T18:22:06+00:00","dateModified":"2025-12-29T16:28:14+00:00","breadcrumb":{"@id":"https:\/\/mmkriepas.lv\/en\/p\/185-65r14-nokian-nordman-rs2-90r-xl-2\/#breadcrumb"},"inLanguage":"en-US","potentialAction":[{"@type":"ReadAction","target":["https:\/\/mmkriepas.lv\/en\/p\/185-65r14-nokian-nordman-rs2-90r-xl-2\/"]}]},{"@type":"ImageObject","inLanguage":"en-US","@id":"https:\/\/mmkriepas.lv\/en\/p\/185-65r14-nokian-nordman-rs2-90r-xl-2\/#primaryimage","url":"https:\/\/mmkriepas.lv\/wp-content\/uploads\/2022\/09\/18565r14-nokian-nordman-rs2-90r-xl-ziemas-riepas.jpg","contentUrl":"https:\/\/mmkriepas.lv\/wp-content\/uploads\/2022\/09\/18565r14-nokian-nordman-rs2-90r-xl-ziemas-riepas.jpg","width":488,"height":800,"caption":"185\/65R14 Nokian Nordman RS2 90R XL - Ziemas riepas"},{"@type":"BreadcrumbList","@id":"https:\/\/mmkriepas.lv\/en\/p\/185-65r14-nokian-nordman-rs2-90r-xl-2\/#breadcrumb","itemListElement":[{"@type":"ListItem","position":1,"name":"S\u0101kums","item":"https:\/\/mmkriepas.lv\/en\/"},{"@type":"ListItem","position":2,"name":"185\/65R14 Nokian Nordman RS2 90R XL"}]},{"@type":"WebSite","@id":"https:\/\/mmkriepas.lv\/en\/#website","url":"https:\/\/mmkriepas.lv\/en\/","name":"MMK Riepas","description":"MMK Riepas","alternateName":"MMK Riepu Serviss","potentialAction":[{"@type":"SearchAction","target":{"@type":"EntryPoint","urlTemplate":"https:\/\/mmkriepas.lv\/en\/?s={search_term_string}"},"query-input":{"@type":"PropertyValueSpecification","valueRequired":true,"valueName":"search_term_string"}}],"inLanguage":"en-US"},{"@type":"ImageObject","inLanguage":"en-US","@id":"https:\/\/mmkriepas.lv\/en\/p\/185-65r14-nokian-nordman-rs2-90r-xl-2\/#local-main-organization-logo","url":"","contentUrl":"","caption":"MMK Riepas"}]},"product_brand":"Nokian Nordman RS2","product_price_amount":"77.00","product_price_currency":"EUR","og_availability":"instock","product_availability":"instock","product_retailer_item_id":"TW1856514Nokia-Z10371","product_condition":"new"},"_links":{"self":[{"href":"https:\/\/mmkriepas.lv\/en\/wp-json\/wp\/v2\/product\/317206","targetHints":{"allow":["GET"]}}],"collection":[{"href":"https:\/\/mmkriepas.lv\/en\/wp-json\/wp\/v2\/product"}],"about":[{"href":"https:\/\/mmkriepas.lv\/en\/wp-json\/wp\/v2\/types\/product"}],"wp:featuredmedia":[{"embeddable":true,"href":"https:\/\/mmkriepas.lv\/en\/wp-json\/wp\/v2\/media\/317205"}],"wp:attachment":[{"href":"https:\/\/mmkriepas.lv\/en\/wp-json\/wp\/v2\/media?parent=317206"}],"wp:term":[{"taxonomy":"product_brand","embeddable":true,"href":"https:\/\/mmkriepas.lv\/en\/wp-json\/wp\/v2\/product_brand?post=317206"},{"taxonomy":"product_cat","embeddable":true,"href":"https:\/\/mmkriepas.lv\/en\/wp-json\/wp\/v2\/product_cat?post=317206"},{"taxonomy":"product_tag","embeddable":true,"href":"https:\/\/mmkriepas.lv\/en\/wp-json\/wp\/v2\/product_tag?post=317206"}],"curies":[{"name":"wp","href":"https:\/\/api.w.org\/{rel}","templated":true}]}}