{"id":317144,"date":"2022-09-09T21:18:33","date_gmt":"2022-09-09T18:18:33","guid":{"rendered":"https:\/\/mmkserviss.lv\/?post_type=product&#038;p=317144"},"modified":"2026-03-27T12:46:18","modified_gmt":"2026-03-27T10:46:18","slug":"235-55r20-michelin-x-ice-snow-suv-105h-xl","status":"publish","type":"product","link":"https:\/\/mmkriepas.lv\/en\/p\/235-55r20-michelin-x-ice-snow-suv-105h-xl\/","title":{"rendered":"235\/55R20 Michelin X-Ice Snow SUV 105H XL RP"},"content":{"rendered":"<p><span style=\"font-family: Arial, sans-serif;\"><span style=\"font-size: medium;\"><b>Michelin X-Ice Snow SUV<\/b> ir viens no lab\u0101kajiem premium klases Skandin\u0101vijas tipa ziemas riepu mode\u013ciem, kas paredz\u0113ts apvidus jeb SUV automa\u0161\u012bn\u0101m. \u0160is modelis izce\u013cas ar izcilu sa\u0137eri ar sniegu un ledu.<\/span><\/span><\/p>\n<h3 class=\"western\"><span style=\"font-family: Arial, sans-serif;\">Michelin X-Ice Snow SUV galven\u0101s iez\u012bmes:<\/span><\/h3>\n<p><span style=\"font-family: Arial, sans-serif;\"><span style=\"font-size: medium;\">&#8211; <b>V<\/b><b>iens no vislab\u0101kajiem m\u012bkst\u0101 sast\u0101va riepu mode\u013ciem pasaul\u0113;<\/b> <\/span><\/span><\/p>\n<p><span style=\"font-family: Arial, sans-serif;\"><span style=\"font-size: medium;\">&#8211; Paredz\u0113ts augstai veitksp\u0113jai braucot ar apvidus jeb SUV automa\u0161\u012bn\u0101m; <\/span><\/span><\/p>\n<p><span style=\"font-family: Arial, sans-serif;\"><span style=\"font-size: medium;\">&#8211; Piln\u012bb\u0101 p\u0101rveidots protektora raksts ar palielin\u0101tu bloku skaitu un plat\u0101m dren\u0101\u017eas riev\u0101m uzlabo sniegumu snieg\u0101 un slapjdra\u0146\u0137\u012b; <\/span><\/span><\/p>\n<p><span style=\"font-family: Arial, sans-serif;\"><span style=\"font-size: medium;\">&#8211; Lame\u013cu hibr\u012bdsist\u0113ma nodro\u0161ina lieliskas sa\u0137eres \u012bpa\u0161\u012bbas uz apledoju\u0161as un sniegotas ce\u013ca virsmas; <\/span><\/span><\/p>\n<p><span style=\"font-family: Arial, sans-serif;\"><span style=\"font-size: medium;\">&#8211; Jauna Flex-Ice gumijas mais\u012bjuma tehnolo\u0123ija palielina sa\u0137eri ar sliden\u0101m virsm\u0101m, k\u0101 ar\u012b nov\u0113r\u0161 protektora nodilumu kar\u0161anas laik\u0101.<\/span><\/span><\/p>\n<h3 class=\"western\"><span style=\"font-family: Arial, sans-serif;\">X-Ice Snow SUV galven\u0101s iez\u012bmes:<\/span><\/h3>\n<p><span style=\"font-family: Arial, sans-serif;\"><span style=\"font-size: medium;\">\u0160\u012b mode\u013ca galven\u0101 \u0101r\u0113j\u0101 at\u0161\u0137ir\u012bba no t\u0101 priek\u0161te\u010da ir protektora raksta dizains. Saglab\u0101jot V veida izk\u0101rtojumu, protektora blokiem samazin\u0101ts izm\u0113rs, main\u012bta forma un palielin\u0101ts skaits. Tas \u013c\u0101vis iev\u0113rojami uzlabot virziena stabilit\u0101ti, k\u0101 ar\u012b uzlabot bremz\u0113\u0161anu uz sniegot\u0101m virsm\u0101m. V\u0113l viens b\u016btisks jaunin\u0101jums ir divu veidu lame\u013cu izmanto\u0161ana jeb lame\u013cu hibr\u012bdsist\u0113ma. Izmantotas gan 3D lameles, gan U formas lameles, kas atrodamas plecu zon\u0101s un uzlabo vad\u0101m\u012bbu un sa\u0137eri ar sliden\u0101m virsm\u0101m manevr\u0113\u0161anas laik\u0101. T\u0101s piln\u012bb\u0101 saglab\u0101jas pat tad, ja protektors ir gandr\u012bz piln\u012bb\u0101 nodilis, \u013caujot riep\u0101m uzr\u0101d\u012bt teicamas veiktsp\u0113jas \u012bpa\u0161\u012bbas krietni ilg\u0101k. Savuk\u0101rt 3D lameles b\u016btiski uzlabo veiktsp\u0113ju uz ledus, k\u0101 ar\u012b sausina riepu kontakta virsmu ar ce\u013cu. <\/span><\/span><\/p>\n<p><span style=\"font-family: Arial, sans-serif;\"><span style=\"font-size: medium;\"><b>X-Ice Snow SUV<\/b> protektors darin\u0101ts no jaun\u0101k\u0101s paaudzes Flex-Ice tehnolo\u0123ijas gumijas mais\u012bjuma. Tas b\u016btiski palielin\u0101jis riepu nodilumiztur\u012bbu un \u013c\u0101vis t\u0101m saglab\u0101t gan elast\u012bbu pat \u0101rk\u0101rt\u012bgi zem\u0101s gaisa temperat\u016br\u0101s, gan formu paaugstin\u0101tas temperat\u016bras iespaid\u0101.<\/span><\/span><\/p>\n","protected":false},"excerpt":{"rendered":"<p><span style=\"font-family: Arial, sans-serif;\"><span style=\"font-size: medium;\"><b>Michelin X-Ice Snow SUV<\/b> ir viens no lab\u0101kajiem premium klases Skandin\u0101vijas tipa ziemas riepu mode\u013ciem, kas paredz\u0113ts apvidus jeb SUV automa\u0161\u012bn\u0101m. \u0160is modelis izce\u013cas ar izcilu sa\u0137eri ar sniegu un ledu.<\/span><\/span><\/p>\n","protected":false},"featured_media":1140275,"template":"","meta":{"_acf_changed":false,"ngg_post_thumbnail":0},"product_brand":[],"product_cat":[47,45],"product_tag":[],"class_list":{"0":"post-317144","1":"product","2":"type-product","3":"status-publish","4":"has-post-thumbnail","6":"product_cat-vissezonas-riepas","7":"product_cat-ziemas-riepas","9":"first","10":"instock","11":"sale","12":"taxable","13":"shipping-taxable","14":"purchasable","15":"product-type-simple"},"acf":[],"yoast_head":"<!-- This site is optimized with the Yoast SEO Premium plugin v22.6 (Yoast SEO v27.3) - https:\/\/yoast.com\/product\/yoast-seo-premium-wordpress\/ -->\n<title>235\/55R20 Michelin X-Ice Snow SUV 105H XL RP &#8226; MMK Riepas<\/title>\n<meta name=\"description\" content=\"Michelin X-Ice Snow - premium klases m\u012bkst\u0101 sast\u0101va ziemas riepas ar izcilu sa\u0137eri pat skarbos apst\u0101k\u013cos. Pieejamas abos MMK riepu centros!\" \/>\n<meta name=\"robots\" content=\"index, follow, max-snippet:-1, max-image-preview:large, max-video-preview:-1\" \/>\n<link rel=\"canonical\" href=\"https:\/\/mmkriepas.lv\/en\/p\/235-55r20-michelin-x-ice-snow-suv-105h-xl\/\" \/>\n<meta property=\"og:locale\" content=\"en_US\" \/>\n<meta property=\"og:type\" content=\"article\" \/>\n<meta property=\"og:title\" content=\"235\/55R20 Michelin X-Ice Snow SUV 105H XL RP\" \/>\n<meta property=\"og:description\" content=\"Michelin X-Ice Snow - premium klases m\u012bkst\u0101 sast\u0101va ziemas riepas ar izcilu sa\u0137eri pat skarbos apst\u0101k\u013cos. Pieejamas abos MMK riepu centros!\" \/>\n<meta property=\"og:url\" content=\"https:\/\/mmkriepas.lv\/en\/p\/235-55r20-michelin-x-ice-snow-suv-105h-xl\/\" \/>\n<meta property=\"og:site_name\" content=\"MMK Riepas\" \/>\n<meta property=\"article:publisher\" content=\"https:\/\/www.facebook.com\/mmkserviss\/\" \/>\n<meta property=\"article:modified_time\" content=\"2026-03-27T10:46:18+00:00\" \/>\n<meta property=\"og:image\" content=\"https:\/\/mmkriepas.lv\/wp-content\/uploads\/2024\/12\/MICHELIN-X-ICE-SNOW.jpg\" \/>\n\t<meta property=\"og:image:width\" content=\"900\" \/>\n\t<meta property=\"og:image:height\" content=\"720\" \/>\n\t<meta property=\"og:image:type\" content=\"image\/jpeg\" \/>\n<meta name=\"twitter:card\" content=\"summary_large_image\" \/>\n<meta name=\"twitter:label1\" content=\"Price\" \/>\n\t<meta name=\"twitter:data1\" content=\"&euro;261.00\" \/>\n\t<meta name=\"twitter:label2\" content=\"Availability\" \/>\n\t<meta name=\"twitter:data2\" content=\"In stock\" \/>\n<script type=\"application\/ld+json\" class=\"yoast-schema-graph\">{\"@context\":\"https:\\\/\\\/schema.org\",\"@graph\":[{\"@type\":\"WebPage\",\"@id\":\"https:\\\/\\\/mmkriepas.lv\\\/en\\\/p\\\/235-55r20-michelin-x-ice-snow-suv-105h-xl\\\/\",\"url\":\"https:\\\/\\\/mmkriepas.lv\\\/en\\\/p\\\/235-55r20-michelin-x-ice-snow-suv-105h-xl\\\/\",\"name\":\"235\\\/55R20 Michelin X-Ice Snow SUV 105H XL RP &#8226; MMK Riepas\",\"isPartOf\":{\"@id\":\"https:\\\/\\\/mmkriepas.lv\\\/en\\\/#website\"},\"primaryImageOfPage\":{\"@id\":\"https:\\\/\\\/mmkriepas.lv\\\/en\\\/p\\\/235-55r20-michelin-x-ice-snow-suv-105h-xl\\\/#primaryimage\"},\"image\":{\"@id\":\"https:\\\/\\\/mmkriepas.lv\\\/en\\\/p\\\/235-55r20-michelin-x-ice-snow-suv-105h-xl\\\/#primaryimage\"},\"thumbnailUrl\":\"https:\\\/\\\/mmkriepas.lv\\\/wp-content\\\/uploads\\\/2024\\\/12\\\/MICHELIN-X-ICE-SNOW.jpg\",\"datePublished\":\"2022-09-09T18:18:33+00:00\",\"dateModified\":\"2026-03-27T10:46:18+00:00\",\"description\":\"Michelin X-Ice Snow - premium klases m\u012bkst\u0101 sast\u0101va ziemas riepas ar izcilu sa\u0137eri pat skarbos apst\u0101k\u013cos. Pieejamas abos MMK riepu centros!\",\"breadcrumb\":{\"@id\":\"https:\\\/\\\/mmkriepas.lv\\\/en\\\/p\\\/235-55r20-michelin-x-ice-snow-suv-105h-xl\\\/#breadcrumb\"},\"inLanguage\":\"en-US\",\"potentialAction\":[{\"@type\":\"ReadAction\",\"target\":[\"https:\\\/\\\/mmkriepas.lv\\\/en\\\/p\\\/235-55r20-michelin-x-ice-snow-suv-105h-xl\\\/\"]}]},{\"@type\":\"ImageObject\",\"inLanguage\":\"en-US\",\"@id\":\"https:\\\/\\\/mmkriepas.lv\\\/en\\\/p\\\/235-55r20-michelin-x-ice-snow-suv-105h-xl\\\/#primaryimage\",\"url\":\"https:\\\/\\\/mmkriepas.lv\\\/wp-content\\\/uploads\\\/2024\\\/12\\\/MICHELIN-X-ICE-SNOW.jpg\",\"contentUrl\":\"https:\\\/\\\/mmkriepas.lv\\\/wp-content\\\/uploads\\\/2024\\\/12\\\/MICHELIN-X-ICE-SNOW.jpg\",\"width\":900,\"height\":720,\"caption\":\"MAIN\"},{\"@type\":\"BreadcrumbList\",\"@id\":\"https:\\\/\\\/mmkriepas.lv\\\/en\\\/p\\\/235-55r20-michelin-x-ice-snow-suv-105h-xl\\\/#breadcrumb\",\"itemListElement\":[{\"@type\":\"ListItem\",\"position\":1,\"name\":\"S\u0101kums\",\"item\":\"https:\\\/\\\/mmkriepas.lv\\\/en\\\/\"},{\"@type\":\"ListItem\",\"position\":2,\"name\":\"235\\\/55R20 Michelin X-Ice Snow SUV 105H XL RP\"}]},{\"@type\":\"WebSite\",\"@id\":\"https:\\\/\\\/mmkriepas.lv\\\/en\\\/#website\",\"url\":\"https:\\\/\\\/mmkriepas.lv\\\/en\\\/\",\"name\":\"MMK Riepas\",\"description\":\"MMK Riepas\",\"alternateName\":\"MMK Riepu Serviss\",\"potentialAction\":[{\"@type\":\"SearchAction\",\"target\":{\"@type\":\"EntryPoint\",\"urlTemplate\":\"https:\\\/\\\/mmkriepas.lv\\\/en\\\/?s={search_term_string}\"},\"query-input\":{\"@type\":\"PropertyValueSpecification\",\"valueRequired\":true,\"valueName\":\"search_term_string\"}}],\"inLanguage\":\"en-US\"},{\"@type\":\"ImageObject\",\"inLanguage\":\"en-US\",\"@id\":\"https:\\\/\\\/mmkriepas.lv\\\/en\\\/p\\\/235-55r20-michelin-x-ice-snow-suv-105h-xl\\\/#local-main-organization-logo\",\"url\":\"\",\"contentUrl\":\"\",\"caption\":\"MMK Riepas\"}]}<\/script>\n<meta property=\"product:brand\" content=\"Michelin X-Ice Snow SUV\" \/>\n<meta property=\"product:price:amount\" content=\"261.00\" \/>\n<meta property=\"product:price:currency\" content=\"EUR\" \/>\n<meta property=\"og:availability\" content=\"instock\" \/>\n<meta property=\"product:availability\" content=\"instock\" \/>\n<meta property=\"product:retailer_item_id\" content=\"TW2355520MICHE-L10346\" \/>\n<meta property=\"product:condition\" content=\"new\" \/>\n<!-- \/ Yoast SEO Premium plugin. -->","yoast_head_json":{"title":"235\/55R20 Michelin X-Ice Snow SUV 105H XL RP &#8226; MMK Riepas","description":"Michelin X-Ice Snow - premium klases m\u012bkst\u0101 sast\u0101va ziemas riepas ar izcilu sa\u0137eri pat skarbos apst\u0101k\u013cos. Pieejamas abos MMK riepu centros!","robots":{"index":"index","follow":"follow","max-snippet":"max-snippet:-1","max-image-preview":"max-image-preview:large","max-video-preview":"max-video-preview:-1"},"canonical":"https:\/\/mmkriepas.lv\/en\/p\/235-55r20-michelin-x-ice-snow-suv-105h-xl\/","og_locale":"en_US","og_type":"article","og_title":"235\/55R20 Michelin X-Ice Snow SUV 105H XL RP","og_description":"Michelin X-Ice Snow - premium klases m\u012bkst\u0101 sast\u0101va ziemas riepas ar izcilu sa\u0137eri pat skarbos apst\u0101k\u013cos. Pieejamas abos MMK riepu centros!","og_url":"https:\/\/mmkriepas.lv\/en\/p\/235-55r20-michelin-x-ice-snow-suv-105h-xl\/","og_site_name":"MMK Riepas","article_publisher":"https:\/\/www.facebook.com\/mmkserviss\/","article_modified_time":"2026-03-27T10:46:18+00:00","og_image":[{"width":900,"height":720,"url":"https:\/\/mmkriepas.lv\/wp-content\/uploads\/2024\/12\/MICHELIN-X-ICE-SNOW.jpg","type":"image\/jpeg"}],"twitter_card":"summary_large_image","twitter_misc":{"Price":"&euro;261.00","Availability":"In stock"},"schema":{"@context":"https:\/\/schema.org","@graph":[{"@type":"WebPage","@id":"https:\/\/mmkriepas.lv\/en\/p\/235-55r20-michelin-x-ice-snow-suv-105h-xl\/","url":"https:\/\/mmkriepas.lv\/en\/p\/235-55r20-michelin-x-ice-snow-suv-105h-xl\/","name":"235\/55R20 Michelin X-Ice Snow SUV 105H XL RP &#8226; MMK Riepas","isPartOf":{"@id":"https:\/\/mmkriepas.lv\/en\/#website"},"primaryImageOfPage":{"@id":"https:\/\/mmkriepas.lv\/en\/p\/235-55r20-michelin-x-ice-snow-suv-105h-xl\/#primaryimage"},"image":{"@id":"https:\/\/mmkriepas.lv\/en\/p\/235-55r20-michelin-x-ice-snow-suv-105h-xl\/#primaryimage"},"thumbnailUrl":"https:\/\/mmkriepas.lv\/wp-content\/uploads\/2024\/12\/MICHELIN-X-ICE-SNOW.jpg","datePublished":"2022-09-09T18:18:33+00:00","dateModified":"2026-03-27T10:46:18+00:00","description":"Michelin X-Ice Snow - premium klases m\u012bkst\u0101 sast\u0101va ziemas riepas ar izcilu sa\u0137eri pat skarbos apst\u0101k\u013cos. Pieejamas abos MMK riepu centros!","breadcrumb":{"@id":"https:\/\/mmkriepas.lv\/en\/p\/235-55r20-michelin-x-ice-snow-suv-105h-xl\/#breadcrumb"},"inLanguage":"en-US","potentialAction":[{"@type":"ReadAction","target":["https:\/\/mmkriepas.lv\/en\/p\/235-55r20-michelin-x-ice-snow-suv-105h-xl\/"]}]},{"@type":"ImageObject","inLanguage":"en-US","@id":"https:\/\/mmkriepas.lv\/en\/p\/235-55r20-michelin-x-ice-snow-suv-105h-xl\/#primaryimage","url":"https:\/\/mmkriepas.lv\/wp-content\/uploads\/2024\/12\/MICHELIN-X-ICE-SNOW.jpg","contentUrl":"https:\/\/mmkriepas.lv\/wp-content\/uploads\/2024\/12\/MICHELIN-X-ICE-SNOW.jpg","width":900,"height":720,"caption":"MAIN"},{"@type":"BreadcrumbList","@id":"https:\/\/mmkriepas.lv\/en\/p\/235-55r20-michelin-x-ice-snow-suv-105h-xl\/#breadcrumb","itemListElement":[{"@type":"ListItem","position":1,"name":"S\u0101kums","item":"https:\/\/mmkriepas.lv\/en\/"},{"@type":"ListItem","position":2,"name":"235\/55R20 Michelin X-Ice Snow SUV 105H XL RP"}]},{"@type":"WebSite","@id":"https:\/\/mmkriepas.lv\/en\/#website","url":"https:\/\/mmkriepas.lv\/en\/","name":"MMK Riepas","description":"MMK Riepas","alternateName":"MMK Riepu Serviss","potentialAction":[{"@type":"SearchAction","target":{"@type":"EntryPoint","urlTemplate":"https:\/\/mmkriepas.lv\/en\/?s={search_term_string}"},"query-input":{"@type":"PropertyValueSpecification","valueRequired":true,"valueName":"search_term_string"}}],"inLanguage":"en-US"},{"@type":"ImageObject","inLanguage":"en-US","@id":"https:\/\/mmkriepas.lv\/en\/p\/235-55r20-michelin-x-ice-snow-suv-105h-xl\/#local-main-organization-logo","url":"","contentUrl":"","caption":"MMK Riepas"}]},"product_brand":"Michelin X-Ice Snow SUV","product_price_amount":"261.00","product_price_currency":"EUR","og_availability":"instock","product_availability":"instock","product_retailer_item_id":"TW2355520MICHE-L10346","product_condition":"new"},"_links":{"self":[{"href":"https:\/\/mmkriepas.lv\/en\/wp-json\/wp\/v2\/product\/317144","targetHints":{"allow":["GET"]}}],"collection":[{"href":"https:\/\/mmkriepas.lv\/en\/wp-json\/wp\/v2\/product"}],"about":[{"href":"https:\/\/mmkriepas.lv\/en\/wp-json\/wp\/v2\/types\/product"}],"wp:featuredmedia":[{"embeddable":true,"href":"https:\/\/mmkriepas.lv\/en\/wp-json\/wp\/v2\/media\/1140275"}],"wp:attachment":[{"href":"https:\/\/mmkriepas.lv\/en\/wp-json\/wp\/v2\/media?parent=317144"}],"wp:term":[{"taxonomy":"product_brand","embeddable":true,"href":"https:\/\/mmkriepas.lv\/en\/wp-json\/wp\/v2\/product_brand?post=317144"},{"taxonomy":"product_cat","embeddable":true,"href":"https:\/\/mmkriepas.lv\/en\/wp-json\/wp\/v2\/product_cat?post=317144"},{"taxonomy":"product_tag","embeddable":true,"href":"https:\/\/mmkriepas.lv\/en\/wp-json\/wp\/v2\/product_tag?post=317144"}],"curies":[{"name":"wp","href":"https:\/\/api.w.org\/{rel}","templated":true}]}}