{"id":316820,"date":"2022-09-09T16:05:19","date_gmt":"2022-09-09T13:05:19","guid":{"rendered":"https:\/\/mmkserviss.lv\/?post_type=product&#038;p=316820"},"modified":"2025-02-12T21:30:18","modified_gmt":"2025-02-12T19:30:18","slug":"185-70r14-cordiant-winter-drive-88t","status":"publish","type":"product","link":"https:\/\/mmkriepas.lv\/en\/p\/185-70r14-cordiant-winter-drive-88t\/","title":{"rendered":"185\/70R14 Cordiant Winter Drive 88T"},"content":{"rendered":"<p style=\"text-align: left;\"><span style=\"font-weight: 400;\">Cordiant Winter Drive ir zemas riepa bez radz\u0113m, kas \u012bpa\u0161i izstr\u0101d\u0101ta izmanto\u0161anai pils\u0113t\u0101, kur ziema ir rakstur\u012bga ar main\u012bgiem un nepast\u0101v\u012bgiem apst\u0101k\u013ciem. \u0160is modelis ir v\u0113l viens jaunums vienam no vado\u0161ajiem Krievijas riepu ra\u017eot\u0101jiem. Tas, pirmk\u0101rt, ir paredz\u0113ts kompaktaj\u0101m automa\u0161\u012bn\u0101m, kuras galvenok\u0101rt tiek eksplut\u0113tas pils\u0113tas apst\u0101k\u013cos. Pateicoties inovat\u012bvaj\u0101m tehnolo\u0123ij\u0101m, \u0161is modelis <\/span><b>viegli piel\u0101gojas<\/b><span style=\"font-weight: 400;\"> bie\u017ei<\/span><b> main\u012bgajiem ce\u013ca apst\u0101k\u013ciem<\/b><span style=\"font-weight: 400;\"> pils\u0113t\u0101, nodro\u0161inot augstu satiksmes dro\u0161\u012bbu.<\/span><\/p>\n<h3 style=\"text-align: left;\"><b>Cordiant WINTER DRIVE galven\u0101s iez\u012bmes<\/b><\/h3>\n<p style=\"text-align: left;\"><span style=\"font-weight: 400;\">Pateicoties asimetriskajam protektora rakstam, kas optimiz\u0113ts ar datorsimul\u0101cijas tehnolo\u0123\u012bj\u0101m, sasniegtas Teicamas vilces un sa\u0137eres \u012bpa\u0161\u012bbas uz da\u017e\u0101da veida virsm\u0101m!<\/span><\/p>\n<p style=\"text-align: left;\"><span style=\"font-weight: 400;\">Lielisku vad\u0101m\u012bbu un manevr\u0113tsp\u0113ju nodro\u0161ina \u012bpa\u0161s pustilts, kas vienot\u0101 element\u0101 savieno protektora centr\u0101l\u0101s da\u013cas un plecu zonas blokus, nodro\u0161inot <\/span><b>paaugstin\u0101tu stingr\u012bbu<\/b><span style=\"font-weight: 400;\">!<\/span><\/p>\n<p style=\"text-align: left;\"><span style=\"font-weight: 400;\">Uzlabota riepu dren\u0101\u017eas sist\u0113ma nodro\u0161ina augstu efektivit\u0101ti pret akvaplan\u0113\u0161anu atku\u0161\u0146u laik\u0101 k\u0101 ar\u012b protektora pa\u0161att\u012br\u012b\u0161an\u0101s \u012bpa\u0161\u012bbas no sniega!<\/span><\/p>\n<p style=\"text-align: left;\"><span style=\"font-weight: 400;\">Pan\u0101kta <\/span><b>klusa un komfortabla brauk\u0161anas izj\u016bta<\/b><span style=\"font-weight: 400;\">, pateicoties iztur\u012bgam, elast\u012bgam r\u0101mim apvienojum\u0101 ar da\u017e\u0101du formu un izm\u0113ru protektoru blokiem, kas izvietoti nevienm\u0113r\u012bgos att\u0101lumos vins no otra, radot r\u0101v\u0113jsl\u0113dz\u0113ja principu.<\/span><\/p>\n<p style=\"text-align: left;\"><span style=\"font-weight: 400;\">\u0160\u012bs riepas protektors ir apr\u012bkots ar virzienveida z\u012bm\u0113jumu, kas apr\u012bkots ar asimetrisku dizainu. Veidojot protektoru, tika izmantota 3D model\u0113\u0161anas tehnolo\u0123ija, kas ietver pla\u0161u datoriz\u0113tu tr\u012bsdimensiju l\u012bdzek\u013cu izmanto\u0161anu. Optimiz\u0113jot riepas konstrukciju un izmantotos materi\u0101lus, tika sasniegts <\/span><b>ide\u0101lais l\u012bdzsvars<\/b><span style=\"font-weight: 400;\"> starp pat\u0113r\u0113t\u0101jam <\/span><b>svar\u012bgaj\u0101m \u012bpa\u0161\u012bb\u0101m<\/b><span style=\"font-weight: 400;\"> un re\u0101laj\u0101m <\/span><b>ra\u017eo\u0161anas iesp\u0113j\u0101m<\/b><span style=\"font-weight: 400;\">.<\/span><\/p>\n<p style=\"text-align: left;\"><span style=\"font-weight: 400;\">Cordiant WINTER DRIVE nav probl\u0113mu ne pie straujiem pa\u0101trin\u0101jumiem, ne pie straujas bremz\u0113\u0161anas. Tik augsta veiktsp\u0113ja tika pan\u0101kta, pateicoties protektora bloku optim\u0101li izv\u0113l\u0113tam izm\u0113ram, formai un izvietojumam. Turkl\u0101t, veidojot riepu, tika izmantota ZZ lame\u013cu tehnolo\u0123ija, kas ietver daudzu zigzaga lame\u013cu izmanto\u0161anu, kas burtiski aptver visu protektoru. Turkl\u0101t, \u0161\u012bs lameles izvietotas da\u017e\u0101dos virzienos, kas nodro\u0161ina lielisku <\/span><b>sa\u0137eri ar sliden\u0101m virsm\u0101m visos virzienos un jebkuros apst\u0101k\u013cos<\/b><span style=\"font-weight: 400;\">. Rezult\u0101t\u0101, non\u0101kot saskar\u0113 ar ce\u013ca segumu, daudzi protektora bloki un zigzaga lameles rada neskait\u0101mas asas sa\u0137eres malas, kas garant\u0113 lieliskas vilces un sa\u0137eres \u012bpa\u0161\u012bbas pat visnelabv\u0113l\u012bg\u0101kajos apst\u0101k\u013cos.<\/span><\/p>\n<h3 style=\"text-align: left;\"><b>Riepas apr\u012bkojums<\/b><\/h3>\n<p style=\"text-align: left;\"><span style=\"font-weight: 400;\">Atsevi\u0161\u0137i j\u0101atz\u012bm\u0113 ar\u012b Cordiant Winter Drive riepu dren\u0101\u017eas sist\u0113mas augst\u0101 efektivit\u0101te, kas viegli tiek gal\u0101 ne tikai ar s<\/span><b>niega novad\u012b\u0161anu no kontakta laukuma, bet ar\u012b ar \u016bdeni atku\u0161\u0146u laik\u0101<\/b><span style=\"font-weight: 400;\">, kas k\u013cuvu\u0161i par ierastu par\u0101d\u012bbu m\u016bsdienu ziem\u0101m pils\u0113t\u0101. Tas tika pan\u0101kts, pateicoties lielam skaitam protektora bloku, kas atrodas optim\u0101l\u0101 att\u0101lum\u0101 viens no otra. To izvietojums veido riepas dren\u0101\u017eas sist\u0113mu, kas sast\u0101v no daudziem gareniskiem un \u0161\u0137\u0113rsvirziena kan\u0101liem un riev\u0101m.<\/span><\/p>\n<p style=\"text-align: left;\"><span style=\"font-weight: 400;\">V\u0113l viena \u0161\u012b mode\u013ca at\u0161\u0137ir\u012bg\u0101 iez\u012bme ir sal\u012bdzino\u0161i zemais <\/span><b>rad\u012bt\u0101 trok\u0161\u0146a un vibr\u0101cijas l\u012bmenis,<\/b><span style=\"font-weight: 400;\"> kas rodas kust\u012bbas laik\u0101. \u0160o, ziemas riepai nerakstur\u012bgo, \u012bpa\u0161\u012bbu var\u0113ja nodro\u0161in\u0101t, pateicoties protektora bloku da\u017e\u0101daj\u0101m form\u0101m un izm\u0113riem, k\u0101 ar\u012b to izvietojumam ar nevienm\u0113r\u012bgo attiec\u012bbu vienam pret otru!<\/span><\/p>\n<p style=\"text-align: left;\"><span style=\"font-weight: 400;\">Izstr\u0101d\u0101jot Cordiant Winter Drive riepu gumijas sast\u0101vu, tika izmantota patent\u0113t\u0101 <\/span><b>SMART-MIX<\/b><span style=\"font-weight: 400;\"> tehnolo\u0123ija. \u0160\u012b tehnolo\u0123ija ietver t\u0101du sast\u0101vda\u013cu iek\u013cau\u0161anu gumijas kompoz\u012bcij\u0101, kas balst\u012btas uz melno ogli un sil\u012bcija dioks\u012bdu. T\u0101 rezult\u0101t\u0101 rad\u0101s iesp\u0113ja iev\u0113rojami uzlabot sa\u0137eri ar sliden\u0101m virsm\u0101m, k\u0101 ar\u012b krietni <\/span><b>palielin\u0101ja nodilumiztur\u012bbu<\/b><span style=\"font-weight: 400;\"> un riepas elast\u012bbu zem\u0101 temperat\u016br\u0101.<\/span><\/p>\n<p style=\"text-align: left;\"><span style=\"font-weight: 400;\">Papildus visam tika ieviesta cita tehnolo\u0123isk\u0101 inov\u0101cija &#8211; Double Tread tehnolo\u0123ija, kas noz\u012bm\u0113 <\/span><b>divsl\u0101\u0146u protektora izmanto\u0161anu<\/b><span style=\"font-weight: 400;\">. Aug\u0161\u0113jais protektora sl\u0101nis, kas ir nodiluma da\u013ca, sast\u0101v no iepriek\u0161min\u0113t\u0101 gumijas mais\u012bjuma. Apak\u0161\u0113jais sl\u0101nis ir izgatavots no speci\u0101las gumijas, kurai rakstur\u012bgi minim\u0101li strukt\u016bras un elest\u012bbas boj\u0101jumi, kas \u013c\u0101va iev\u0113rojami samazin\u0101t rites pretest\u012bbu.<\/span><\/p>\n<p style=\"text-align: left;\"><b>Cordiant Winter Drive<\/b><span style=\"font-weight: 400;\"> mode\u013ca lieto\u0161anas dro\u0161\u012bbu ziemas laika apst\u0101k\u013cos un t\u0101 atbilst\u012bbu valst\u012bm ar oblig\u0101tu sezon\u0101lo riepu mai\u0146u apstiprina mar\u0137\u0113jums sniegp\u0101rslas form\u0101 uz kalna fona ar trim virsotn\u0113m (3PMSF).<\/span><\/p>\n<p style=\"text-align: left;\"><span style=\"font-weight: 400;\">Par riepu piem\u0113rot\u012bbu, izm\u0113riem un saist\u012btajiem jaut\u0101jumiem dro\u0161i zvaniet m\u016bsu speci\u0101listiem. Pal\u012bdz\u0113sim ar padomu un pied\u0101v\u0101sim lab\u0101ko risin\u0101jumu.\u00a0<\/span><\/p>\n<p style=\"text-align: left;\"><span style=\"font-weight: 400;\"><b>Z<\/b><\/span><span style=\"font-weight: 400;\">iemas riepa ar izcilu veiktsp\u0113jas\/cenas attiec\u012bbu. Pieejamas MMK Riepu Centros par vislab\u0101kaj\u0101m cen\u0101m!<\/span><\/p>\n","protected":false},"excerpt":{"rendered":"<p>M\u012bkst\u0101 sast\u0101va jeb Skandin\u0101vijas tipa ziemas riepas ar teicamu sa\u0137eri snieg\u0101 un uz ledus. Izteikti augsts komforta un dro\u0161\u012bbas l\u012bmenis, teicama cenas un veiktsp\u0113jas attiec\u012bba.<\/p>\n","protected":false},"featured_media":279498,"template":"","meta":{"_acf_changed":false,"ngg_post_thumbnail":0},"product_brand":[],"product_cat":[47,45],"product_tag":[],"class_list":{"0":"post-316820","1":"product","2":"type-product","3":"status-publish","4":"has-post-thumbnail","6":"product_cat-vissezonas-riepas","7":"product_cat-ziemas-riepas","9":"first","10":"outofstock","11":"sale","12":"taxable","13":"shipping-taxable","14":"product-type-simple"},"acf":[],"yoast_head":"<!-- This site is optimized with the Yoast SEO Premium plugin v22.6 (Yoast SEO v27.3) - https:\/\/yoast.com\/product\/yoast-seo-premium-wordpress\/ -->\n<title>185\/70R14 Cordiant Winter Drive 88T &#8226; MMK Riepas<\/title>\n<meta name=\"robots\" content=\"index, follow, max-snippet:-1, max-image-preview:large, max-video-preview:-1\" \/>\n<link rel=\"canonical\" href=\"https:\/\/mmkriepas.lv\/en\/p\/185-70r14-cordiant-winter-drive-88t\/\" \/>\n<meta property=\"og:locale\" content=\"en_US\" \/>\n<meta property=\"og:type\" content=\"article\" \/>\n<meta property=\"og:title\" content=\"185\/70R14 Cordiant Winter Drive 88T\" \/>\n<meta property=\"og:description\" content=\"M\u012bkst\u0101 sast\u0101va jeb Skandin\u0101vijas tipa ziemas riepas ar teicamu sa\u0137eri snieg\u0101 un uz ledus. Izteikti augsts komforta un dro\u0161\u012bbas l\u012bmenis, teicama cenas un veiktsp\u0113jas attiec\u012bba.\" \/>\n<meta property=\"og:url\" content=\"https:\/\/mmkriepas.lv\/en\/p\/185-70r14-cordiant-winter-drive-88t\/\" \/>\n<meta property=\"og:site_name\" content=\"MMK Riepas\" \/>\n<meta property=\"article:publisher\" content=\"https:\/\/www.facebook.com\/mmkserviss\/\" \/>\n<meta property=\"article:modified_time\" content=\"2025-02-12T19:30:18+00:00\" \/>\n<meta property=\"og:image\" content=\"https:\/\/mmkriepas.lv\/wp-content\/uploads\/2022\/08\/17570r14-cordiant-winter-drive-84t-ziemas-riepas.jpg\" \/>\n\t<meta property=\"og:image:width\" content=\"1920\" \/>\n\t<meta property=\"og:image:height\" content=\"1278\" \/>\n\t<meta property=\"og:image:type\" content=\"image\/jpeg\" \/>\n<meta name=\"twitter:card\" content=\"summary_large_image\" \/>\n<meta name=\"twitter:label1\" content=\"Price\" \/>\n\t<meta name=\"twitter:data1\" content=\"&euro;38.99\" \/>\n\t<meta name=\"twitter:label2\" content=\"Availability\" \/>\n\t<meta name=\"twitter:data2\" content=\"Out of stock\" \/>\n<script type=\"application\/ld+json\" class=\"yoast-schema-graph\">{\"@context\":\"https:\\\/\\\/schema.org\",\"@graph\":[{\"@type\":\"WebPage\",\"@id\":\"https:\\\/\\\/mmkriepas.lv\\\/en\\\/p\\\/185-70r14-cordiant-winter-drive-88t\\\/\",\"url\":\"https:\\\/\\\/mmkriepas.lv\\\/en\\\/p\\\/185-70r14-cordiant-winter-drive-88t\\\/\",\"name\":\"185\\\/70R14 Cordiant Winter Drive 88T &#8226; MMK Riepas\",\"isPartOf\":{\"@id\":\"https:\\\/\\\/mmkriepas.lv\\\/en\\\/#website\"},\"primaryImageOfPage\":{\"@id\":\"https:\\\/\\\/mmkriepas.lv\\\/en\\\/p\\\/185-70r14-cordiant-winter-drive-88t\\\/#primaryimage\"},\"image\":{\"@id\":\"https:\\\/\\\/mmkriepas.lv\\\/en\\\/p\\\/185-70r14-cordiant-winter-drive-88t\\\/#primaryimage\"},\"thumbnailUrl\":\"https:\\\/\\\/mmkriepas.lv\\\/wp-content\\\/uploads\\\/2022\\\/08\\\/17570r14-cordiant-winter-drive-84t-ziemas-riepas.jpg\",\"datePublished\":\"2022-09-09T13:05:19+00:00\",\"dateModified\":\"2025-02-12T19:30:18+00:00\",\"breadcrumb\":{\"@id\":\"https:\\\/\\\/mmkriepas.lv\\\/en\\\/p\\\/185-70r14-cordiant-winter-drive-88t\\\/#breadcrumb\"},\"inLanguage\":\"en-US\",\"potentialAction\":[{\"@type\":\"ReadAction\",\"target\":[\"https:\\\/\\\/mmkriepas.lv\\\/en\\\/p\\\/185-70r14-cordiant-winter-drive-88t\\\/\"]}]},{\"@type\":\"ImageObject\",\"inLanguage\":\"en-US\",\"@id\":\"https:\\\/\\\/mmkriepas.lv\\\/en\\\/p\\\/185-70r14-cordiant-winter-drive-88t\\\/#primaryimage\",\"url\":\"https:\\\/\\\/mmkriepas.lv\\\/wp-content\\\/uploads\\\/2022\\\/08\\\/17570r14-cordiant-winter-drive-84t-ziemas-riepas.jpg\",\"contentUrl\":\"https:\\\/\\\/mmkriepas.lv\\\/wp-content\\\/uploads\\\/2022\\\/08\\\/17570r14-cordiant-winter-drive-84t-ziemas-riepas.jpg\",\"width\":1920,\"height\":1278,\"caption\":\"175\\\/70R14 Cordiant Winter Drive 84T - Vissezonas riepas \\\/ Ziemas riepas\"},{\"@type\":\"BreadcrumbList\",\"@id\":\"https:\\\/\\\/mmkriepas.lv\\\/en\\\/p\\\/185-70r14-cordiant-winter-drive-88t\\\/#breadcrumb\",\"itemListElement\":[{\"@type\":\"ListItem\",\"position\":1,\"name\":\"S\u0101kums\",\"item\":\"https:\\\/\\\/mmkriepas.lv\\\/en\\\/\"},{\"@type\":\"ListItem\",\"position\":2,\"name\":\"185\\\/70R14 Cordiant Winter Drive 88T\"}]},{\"@type\":\"WebSite\",\"@id\":\"https:\\\/\\\/mmkriepas.lv\\\/en\\\/#website\",\"url\":\"https:\\\/\\\/mmkriepas.lv\\\/en\\\/\",\"name\":\"MMK Riepas\",\"description\":\"MMK Riepas\",\"alternateName\":\"MMK Riepu Serviss\",\"potentialAction\":[{\"@type\":\"SearchAction\",\"target\":{\"@type\":\"EntryPoint\",\"urlTemplate\":\"https:\\\/\\\/mmkriepas.lv\\\/en\\\/?s={search_term_string}\"},\"query-input\":{\"@type\":\"PropertyValueSpecification\",\"valueRequired\":true,\"valueName\":\"search_term_string\"}}],\"inLanguage\":\"en-US\"},{\"@type\":\"ImageObject\",\"inLanguage\":\"en-US\",\"@id\":\"https:\\\/\\\/mmkriepas.lv\\\/en\\\/p\\\/185-70r14-cordiant-winter-drive-88t\\\/#local-main-organization-logo\",\"url\":\"\",\"contentUrl\":\"\",\"caption\":\"MMK Riepas\"}]}<\/script>\n<meta property=\"product:brand\" content=\"Cordiant Winter Drive\" \/>\n<meta property=\"product:price:amount\" content=\"38.99\" \/>\n<meta property=\"product:price:currency\" content=\"EUR\" \/>\n<meta property=\"og:availability\" content=\"out of stock\" \/>\n<meta property=\"product:availability\" content=\"out of stock\" \/>\n<meta property=\"product:retailer_item_id\" content=\"TW1857014CORDI-10285\" \/>\n<meta property=\"product:condition\" content=\"new\" \/>\n<!-- \/ Yoast SEO Premium plugin. -->","yoast_head_json":{"title":"185\/70R14 Cordiant Winter Drive 88T &#8226; MMK Riepas","robots":{"index":"index","follow":"follow","max-snippet":"max-snippet:-1","max-image-preview":"max-image-preview:large","max-video-preview":"max-video-preview:-1"},"canonical":"https:\/\/mmkriepas.lv\/en\/p\/185-70r14-cordiant-winter-drive-88t\/","og_locale":"en_US","og_type":"article","og_title":"185\/70R14 Cordiant Winter Drive 88T","og_description":"M\u012bkst\u0101 sast\u0101va jeb Skandin\u0101vijas tipa ziemas riepas ar teicamu sa\u0137eri snieg\u0101 un uz ledus. Izteikti augsts komforta un dro\u0161\u012bbas l\u012bmenis, teicama cenas un veiktsp\u0113jas attiec\u012bba.","og_url":"https:\/\/mmkriepas.lv\/en\/p\/185-70r14-cordiant-winter-drive-88t\/","og_site_name":"MMK Riepas","article_publisher":"https:\/\/www.facebook.com\/mmkserviss\/","article_modified_time":"2025-02-12T19:30:18+00:00","og_image":[{"width":1920,"height":1278,"url":"https:\/\/mmkriepas.lv\/wp-content\/uploads\/2022\/08\/17570r14-cordiant-winter-drive-84t-ziemas-riepas.jpg","type":"image\/jpeg"}],"twitter_card":"summary_large_image","twitter_misc":{"Price":"&euro;38.99","Availability":"Out of stock"},"schema":{"@context":"https:\/\/schema.org","@graph":[{"@type":"WebPage","@id":"https:\/\/mmkriepas.lv\/en\/p\/185-70r14-cordiant-winter-drive-88t\/","url":"https:\/\/mmkriepas.lv\/en\/p\/185-70r14-cordiant-winter-drive-88t\/","name":"185\/70R14 Cordiant Winter Drive 88T &#8226; MMK Riepas","isPartOf":{"@id":"https:\/\/mmkriepas.lv\/en\/#website"},"primaryImageOfPage":{"@id":"https:\/\/mmkriepas.lv\/en\/p\/185-70r14-cordiant-winter-drive-88t\/#primaryimage"},"image":{"@id":"https:\/\/mmkriepas.lv\/en\/p\/185-70r14-cordiant-winter-drive-88t\/#primaryimage"},"thumbnailUrl":"https:\/\/mmkriepas.lv\/wp-content\/uploads\/2022\/08\/17570r14-cordiant-winter-drive-84t-ziemas-riepas.jpg","datePublished":"2022-09-09T13:05:19+00:00","dateModified":"2025-02-12T19:30:18+00:00","breadcrumb":{"@id":"https:\/\/mmkriepas.lv\/en\/p\/185-70r14-cordiant-winter-drive-88t\/#breadcrumb"},"inLanguage":"en-US","potentialAction":[{"@type":"ReadAction","target":["https:\/\/mmkriepas.lv\/en\/p\/185-70r14-cordiant-winter-drive-88t\/"]}]},{"@type":"ImageObject","inLanguage":"en-US","@id":"https:\/\/mmkriepas.lv\/en\/p\/185-70r14-cordiant-winter-drive-88t\/#primaryimage","url":"https:\/\/mmkriepas.lv\/wp-content\/uploads\/2022\/08\/17570r14-cordiant-winter-drive-84t-ziemas-riepas.jpg","contentUrl":"https:\/\/mmkriepas.lv\/wp-content\/uploads\/2022\/08\/17570r14-cordiant-winter-drive-84t-ziemas-riepas.jpg","width":1920,"height":1278,"caption":"175\/70R14 Cordiant Winter Drive 84T - Vissezonas riepas \/ Ziemas riepas"},{"@type":"BreadcrumbList","@id":"https:\/\/mmkriepas.lv\/en\/p\/185-70r14-cordiant-winter-drive-88t\/#breadcrumb","itemListElement":[{"@type":"ListItem","position":1,"name":"S\u0101kums","item":"https:\/\/mmkriepas.lv\/en\/"},{"@type":"ListItem","position":2,"name":"185\/70R14 Cordiant Winter Drive 88T"}]},{"@type":"WebSite","@id":"https:\/\/mmkriepas.lv\/en\/#website","url":"https:\/\/mmkriepas.lv\/en\/","name":"MMK Riepas","description":"MMK Riepas","alternateName":"MMK Riepu Serviss","potentialAction":[{"@type":"SearchAction","target":{"@type":"EntryPoint","urlTemplate":"https:\/\/mmkriepas.lv\/en\/?s={search_term_string}"},"query-input":{"@type":"PropertyValueSpecification","valueRequired":true,"valueName":"search_term_string"}}],"inLanguage":"en-US"},{"@type":"ImageObject","inLanguage":"en-US","@id":"https:\/\/mmkriepas.lv\/en\/p\/185-70r14-cordiant-winter-drive-88t\/#local-main-organization-logo","url":"","contentUrl":"","caption":"MMK Riepas"}]},"product_brand":"Cordiant Winter Drive","product_price_amount":"38.99","product_price_currency":"EUR","og_availability":"out of stock","product_availability":"out of stock","product_retailer_item_id":"TW1857014CORDI-10285","product_condition":"new"},"_links":{"self":[{"href":"https:\/\/mmkriepas.lv\/en\/wp-json\/wp\/v2\/product\/316820","targetHints":{"allow":["GET"]}}],"collection":[{"href":"https:\/\/mmkriepas.lv\/en\/wp-json\/wp\/v2\/product"}],"about":[{"href":"https:\/\/mmkriepas.lv\/en\/wp-json\/wp\/v2\/types\/product"}],"wp:featuredmedia":[{"embeddable":true,"href":"https:\/\/mmkriepas.lv\/en\/wp-json\/wp\/v2\/media\/279498"}],"wp:attachment":[{"href":"https:\/\/mmkriepas.lv\/en\/wp-json\/wp\/v2\/media?parent=316820"}],"wp:term":[{"taxonomy":"product_brand","embeddable":true,"href":"https:\/\/mmkriepas.lv\/en\/wp-json\/wp\/v2\/product_brand?post=316820"},{"taxonomy":"product_cat","embeddable":true,"href":"https:\/\/mmkriepas.lv\/en\/wp-json\/wp\/v2\/product_cat?post=316820"},{"taxonomy":"product_tag","embeddable":true,"href":"https:\/\/mmkriepas.lv\/en\/wp-json\/wp\/v2\/product_tag?post=316820"}],"curies":[{"name":"wp","href":"https:\/\/api.w.org\/{rel}","templated":true}]}}