{"id":316304,"date":"2022-09-09T00:24:19","date_gmt":"2022-09-08T21:24:19","guid":{"rendered":"https:\/\/mmkserviss.lv\/?post_type=product&#038;p=316304"},"modified":"2026-03-28T00:19:39","modified_gmt":"2026-03-27T22:19:39","slug":"255-50r19-yokohama-iceguard-stud-ig65-107t-xl-ar-radzem-2","status":"publish","type":"product","link":"https:\/\/mmkriepas.lv\/en\/p\/255-50r19-yokohama-iceguard-stud-ig65-107t-xl-ar-radzem-2\/","title":{"rendered":"255\/50R19 Yokohama ice GUARD Stud iG65 107T XL RPB ar radz\u0113m"},"content":{"rendered":"<p><span style=\"font-family: Times New Roman, serif;\"><span style=\"font-size: medium;\"><strong><span style=\"font-family: Arial, serif;\">Yokohama iceGUARD Stud iG65 <\/span><\/strong><span style=\"font-family: Arial, serif;\">ir augst\u0101k\u0101s klases jeb premium klases riepas. Riepas ra\u017eotas un izstr\u0101d\u0101tas Jap\u0101n\u0101.\u00a0<\/span><strong><span style=\"font-family: Arial, serif;\">iceGUARD Stud iG65 <\/span><\/strong><span style=\"font-family: Arial, serif;\">ir rad\u017eu riepu modelis, kas paredz\u0113ts gan vieglajiem auto, gan apvidus jeb SUV automa\u0161\u012bn\u0101m un piem\u0113rots brauk\u0161anai \u012bpa\u0161i skarbos ziemas apst\u0101k\u013cos.<\/span><\/span><\/span><\/p>\n<h3 class=\"western\"><strong><span style=\"font-family: Arial, serif;\"><b>iceGUARD Stud iG65 galven\u0101s iez\u012bmes:<\/b><\/span><\/strong><\/h3>\n<p><span style=\"font-family: Times New Roman, serif;\"><span style=\"font-size: medium;\"><span style=\"font-family: Arial, serif;\">+ Lieliska sa\u0137ere gan snieg\u0101, gan ar\u012b uz ledus, pateicoties radz\u0113m.<br \/>+ \u012apa\u0161i agres\u012bvs protektora dizains,<br \/>+ Paaugstin\u0101ta nodilumiztur\u012bba,<br \/>+ Riepas izgatavo\u0161an\u0101 izmantoti jaun\u0101kie tehnolo\u0123iskie risin\u0101jumi,<br \/>+ Uzlabots riepu gumijas sast\u0101vs, kas papildin\u0101ts ar Orange Oil S tehnolo\u0123iju,<br \/>+ Degvielas ekonomija,<br \/>+ Lieliska cenas un veiktsp\u0113jas attiec\u012bba<\/span><\/span><\/span><\/p>\n<h3 class=\"western\"><strong><span style=\"font-family: Arial, serif;\"><b>iceGUARD Stud iG65 apr\u012bkojums:<\/b><\/span><\/strong><\/h3>\n<p><span style=\"font-family: Times New Roman, serif;\"><span style=\"font-size: medium;\"><strong><span style=\"font-family: Arial, serif;\">Yokohama iceGUARD Stud iG65 <\/span><\/strong><span style=\"font-family: Arial, serif;\">riepas apr\u012bkotas ar agres\u012bvu protektora dizainu un veidotas no augstv\u0113rt\u012bga gumijas mais\u012bjuma, kam pievienots Yokohama brendam rakstur\u012bgais Orange Oil S mais\u012bjums. Tas b\u016btiski samazina rites pretest\u012bbu, k\u0101 ar\u012b nodro\u0161ina riepu elast\u012bbas saglab\u0101\u0161anos pat zem\u0101kaj\u0101s gaisa temperat\u016br\u0101s.<\/span><\/span><\/span><\/p>\n<p><span style=\"font-family: Times New Roman, serif;\"><span style=\"font-size: medium;\"><span style=\"font-family: Arial, serif;\">\u0160im riepu modelim speci\u0101li izstr\u0101d\u0101ta rad\u017eu s\u0113\u017eas zona, kas pasarg\u0101 radzes no izkri\u0161anas. Radzes b\u016btiski uzlabo sa\u0137eri un manevr\u0113tsp\u0113ju uz ledus, k\u0101 ar\u012b paildzina riepu kalpotsp\u0113ju par l\u012bdz pat 40%.<\/span><\/span><\/span><\/p>\n<p><span style=\"font-family: Times New Roman, serif;\"><span style=\"font-size: medium;\"><span style=\"font-family: Arial, serif;\">Starp mas\u012bvajiem protektora blokiem izveidota att\u012bst\u012bta dren\u0101\u017eas kan\u0101lu sist\u0113ma, kas lieliski izvada \u016bdeni, sniegu un dub\u013cus no riepu saskares zonas ar ce\u013cu, samazinot akvaplan\u0113\u0161anas risku.<\/span><\/span><\/span><\/p>\n","protected":false},"excerpt":{"rendered":"<p><span style=\"font-family: Times New Roman, serif;\"><span style=\"font-size: medium;\"><strong><span style=\"font-family: Arial, serif;\">Yokohama iceGUARD Stud iG65 <\/span><\/strong><span style=\"font-family: Arial, serif;\">ir augst\u0101k\u0101s klases jeb premium klases riepas. Riepas ra\u017eotas un izstr\u0101d\u0101tas Jap\u0101n\u0101.\u00a0<\/span><strong><span style=\"font-family: Arial, serif;\">iceGUARD Stud iG65 <\/span><\/strong><span style=\"font-family: Arial, serif;\">ir rad\u017eu riepu modelis, kas paredz\u0113ts gan vieglajiem auto, gan apvidus jeb SUV automa\u0161\u012bn\u0101m un piem\u0113rots brauk\u0161anai \u012bpa\u0161i skarbos ziemas apst\u0101k\u013cos.<\/span><\/span><\/span><\/p>\n","protected":false},"featured_media":786746,"template":"","meta":{"_acf_changed":false,"ngg_post_thumbnail":0},"product_brand":[],"product_cat":[45,48],"product_tag":[],"class_list":{"0":"post-316304","1":"product","2":"type-product","3":"status-publish","4":"has-post-thumbnail","6":"product_cat-ziemas-riepas","7":"product_cat-ziemas-ar-radzem","9":"first","10":"instock","11":"sale","12":"taxable","13":"shipping-taxable","14":"purchasable","15":"product-type-simple"},"acf":[],"yoast_head":"<!-- This site is optimized with the Yoast SEO Premium plugin v22.6 (Yoast SEO v27.3) - https:\/\/yoast.com\/product\/yoast-seo-premium-wordpress\/ -->\n<title>255\/50R19 Yokohama ice GUARD Stud iG65 107T XL RPB ar radz\u0113m &#8226; MMK Riepas<\/title>\n<meta name=\"description\" content=\"Yokohama IceGuard Stud IG65 - Augst\u0101k\u0101 labuma Jap\u0101n\u0101 ra\u017eotas ziemas riepas ar radz\u0113m. Pieejamas abos MMK riepu centros par super cenu!\" \/>\n<meta name=\"robots\" content=\"index, follow, max-snippet:-1, max-image-preview:large, max-video-preview:-1\" \/>\n<link rel=\"canonical\" href=\"https:\/\/mmkriepas.lv\/en\/p\/255-50r19-yokohama-iceguard-stud-ig65-107t-xl-ar-radzem-2\/\" \/>\n<meta property=\"og:locale\" content=\"en_US\" \/>\n<meta property=\"og:type\" content=\"article\" \/>\n<meta property=\"og:title\" content=\"255\/50R19 Yokohama ice GUARD Stud iG65 107T XL RPB ar radz\u0113m\" \/>\n<meta property=\"og:description\" content=\"Yokohama IceGuard Stud IG65 - Augst\u0101k\u0101 labuma Jap\u0101n\u0101 ra\u017eotas ziemas riepas ar radz\u0113m. Pieejamas abos MMK riepu centros par super cenu!\" \/>\n<meta property=\"og:url\" content=\"https:\/\/mmkriepas.lv\/en\/p\/255-50r19-yokohama-iceguard-stud-ig65-107t-xl-ar-radzem-2\/\" \/>\n<meta property=\"og:site_name\" content=\"MMK Riepas\" \/>\n<meta property=\"article:publisher\" content=\"https:\/\/www.facebook.com\/mmkserviss\/\" \/>\n<meta property=\"article:modified_time\" content=\"2026-03-27T22:19:39+00:00\" \/>\n<meta property=\"og:image\" content=\"https:\/\/mmkriepas.lv\/wp-content\/uploads\/2023\/09\/19565r15-yokohama-iceguard-stud-ig65-95t-xl-ar-radzem-ziemas-riepas-ziemas-ar-radzem-riepas.jpg\" \/>\n\t<meta property=\"og:image:width\" content=\"1619\" \/>\n\t<meta property=\"og:image:height\" content=\"1604\" \/>\n\t<meta property=\"og:image:type\" content=\"image\/jpeg\" \/>\n<meta name=\"twitter:card\" content=\"summary_large_image\" \/>\n<meta name=\"twitter:label1\" content=\"Price\" \/>\n\t<meta name=\"twitter:data1\" content=\"&euro;149.00\" \/>\n\t<meta name=\"twitter:label2\" content=\"Availability\" \/>\n\t<meta name=\"twitter:data2\" content=\"In stock\" \/>\n<script type=\"application\/ld+json\" class=\"yoast-schema-graph\">{\"@context\":\"https:\\\/\\\/schema.org\",\"@graph\":[{\"@type\":\"WebPage\",\"@id\":\"https:\\\/\\\/mmkriepas.lv\\\/en\\\/p\\\/255-50r19-yokohama-iceguard-stud-ig65-107t-xl-ar-radzem-2\\\/\",\"url\":\"https:\\\/\\\/mmkriepas.lv\\\/en\\\/p\\\/255-50r19-yokohama-iceguard-stud-ig65-107t-xl-ar-radzem-2\\\/\",\"name\":\"255\\\/50R19 Yokohama ice GUARD Stud iG65 107T XL RPB ar radz\u0113m &#8226; MMK Riepas\",\"isPartOf\":{\"@id\":\"https:\\\/\\\/mmkriepas.lv\\\/en\\\/#website\"},\"primaryImageOfPage\":{\"@id\":\"https:\\\/\\\/mmkriepas.lv\\\/en\\\/p\\\/255-50r19-yokohama-iceguard-stud-ig65-107t-xl-ar-radzem-2\\\/#primaryimage\"},\"image\":{\"@id\":\"https:\\\/\\\/mmkriepas.lv\\\/en\\\/p\\\/255-50r19-yokohama-iceguard-stud-ig65-107t-xl-ar-radzem-2\\\/#primaryimage\"},\"thumbnailUrl\":\"https:\\\/\\\/mmkriepas.lv\\\/wp-content\\\/uploads\\\/2023\\\/09\\\/19565r15-yokohama-iceguard-stud-ig65-95t-xl-ar-radzem-ziemas-riepas-ziemas-ar-radzem-riepas.jpg\",\"datePublished\":\"2022-09-08T21:24:19+00:00\",\"dateModified\":\"2026-03-27T22:19:39+00:00\",\"description\":\"Yokohama IceGuard Stud IG65 - Augst\u0101k\u0101 labuma Jap\u0101n\u0101 ra\u017eotas ziemas riepas ar radz\u0113m. Pieejamas abos MMK riepu centros par super cenu!\",\"breadcrumb\":{\"@id\":\"https:\\\/\\\/mmkriepas.lv\\\/en\\\/p\\\/255-50r19-yokohama-iceguard-stud-ig65-107t-xl-ar-radzem-2\\\/#breadcrumb\"},\"inLanguage\":\"en-US\",\"potentialAction\":[{\"@type\":\"ReadAction\",\"target\":[\"https:\\\/\\\/mmkriepas.lv\\\/en\\\/p\\\/255-50r19-yokohama-iceguard-stud-ig65-107t-xl-ar-radzem-2\\\/\"]}]},{\"@type\":\"ImageObject\",\"inLanguage\":\"en-US\",\"@id\":\"https:\\\/\\\/mmkriepas.lv\\\/en\\\/p\\\/255-50r19-yokohama-iceguard-stud-ig65-107t-xl-ar-radzem-2\\\/#primaryimage\",\"url\":\"https:\\\/\\\/mmkriepas.lv\\\/wp-content\\\/uploads\\\/2023\\\/09\\\/19565r15-yokohama-iceguard-stud-ig65-95t-xl-ar-radzem-ziemas-riepas-ziemas-ar-radzem-riepas.jpg\",\"contentUrl\":\"https:\\\/\\\/mmkriepas.lv\\\/wp-content\\\/uploads\\\/2023\\\/09\\\/19565r15-yokohama-iceguard-stud-ig65-95t-xl-ar-radzem-ziemas-riepas-ziemas-ar-radzem-riepas.jpg\",\"width\":1619,\"height\":1604,\"caption\":\"?????????????????????????\"},{\"@type\":\"BreadcrumbList\",\"@id\":\"https:\\\/\\\/mmkriepas.lv\\\/en\\\/p\\\/255-50r19-yokohama-iceguard-stud-ig65-107t-xl-ar-radzem-2\\\/#breadcrumb\",\"itemListElement\":[{\"@type\":\"ListItem\",\"position\":1,\"name\":\"S\u0101kums\",\"item\":\"https:\\\/\\\/mmkriepas.lv\\\/en\\\/\"},{\"@type\":\"ListItem\",\"position\":2,\"name\":\"255\\\/50R19 Yokohama ice GUARD Stud iG65 107T XL RPB ar radz\u0113m\"}]},{\"@type\":\"WebSite\",\"@id\":\"https:\\\/\\\/mmkriepas.lv\\\/en\\\/#website\",\"url\":\"https:\\\/\\\/mmkriepas.lv\\\/en\\\/\",\"name\":\"MMK Riepas\",\"description\":\"MMK Riepas\",\"alternateName\":\"MMK Riepu Serviss\",\"potentialAction\":[{\"@type\":\"SearchAction\",\"target\":{\"@type\":\"EntryPoint\",\"urlTemplate\":\"https:\\\/\\\/mmkriepas.lv\\\/en\\\/?s={search_term_string}\"},\"query-input\":{\"@type\":\"PropertyValueSpecification\",\"valueRequired\":true,\"valueName\":\"search_term_string\"}}],\"inLanguage\":\"en-US\"},{\"@type\":\"ImageObject\",\"inLanguage\":\"en-US\",\"@id\":\"https:\\\/\\\/mmkriepas.lv\\\/en\\\/p\\\/255-50r19-yokohama-iceguard-stud-ig65-107t-xl-ar-radzem-2\\\/#local-main-organization-logo\",\"url\":\"\",\"contentUrl\":\"\",\"caption\":\"MMK Riepas\"}]}<\/script>\n<meta property=\"product:brand\" content=\"Yokohama iceGUARD Stud iG65\" \/>\n<meta property=\"product:price:amount\" content=\"149.00\" \/>\n<meta property=\"product:price:currency\" content=\"EUR\" \/>\n<meta property=\"og:availability\" content=\"instock\" \/>\n<meta property=\"product:availability\" content=\"instock\" \/>\n<meta property=\"product:retailer_item_id\" content=\"TR2555019YOKOH-10273\" \/>\n<meta property=\"product:condition\" content=\"new\" \/>\n<!-- \/ Yoast SEO Premium plugin. -->","yoast_head_json":{"title":"255\/50R19 Yokohama ice GUARD Stud iG65 107T XL RPB ar radz\u0113m &#8226; MMK Riepas","description":"Yokohama IceGuard Stud IG65 - Augst\u0101k\u0101 labuma Jap\u0101n\u0101 ra\u017eotas ziemas riepas ar radz\u0113m. Pieejamas abos MMK riepu centros par super cenu!","robots":{"index":"index","follow":"follow","max-snippet":"max-snippet:-1","max-image-preview":"max-image-preview:large","max-video-preview":"max-video-preview:-1"},"canonical":"https:\/\/mmkriepas.lv\/en\/p\/255-50r19-yokohama-iceguard-stud-ig65-107t-xl-ar-radzem-2\/","og_locale":"en_US","og_type":"article","og_title":"255\/50R19 Yokohama ice GUARD Stud iG65 107T XL RPB ar radz\u0113m","og_description":"Yokohama IceGuard Stud IG65 - Augst\u0101k\u0101 labuma Jap\u0101n\u0101 ra\u017eotas ziemas riepas ar radz\u0113m. Pieejamas abos MMK riepu centros par super cenu!","og_url":"https:\/\/mmkriepas.lv\/en\/p\/255-50r19-yokohama-iceguard-stud-ig65-107t-xl-ar-radzem-2\/","og_site_name":"MMK Riepas","article_publisher":"https:\/\/www.facebook.com\/mmkserviss\/","article_modified_time":"2026-03-27T22:19:39+00:00","og_image":[{"width":1619,"height":1604,"url":"https:\/\/mmkriepas.lv\/wp-content\/uploads\/2023\/09\/19565r15-yokohama-iceguard-stud-ig65-95t-xl-ar-radzem-ziemas-riepas-ziemas-ar-radzem-riepas.jpg","type":"image\/jpeg"}],"twitter_card":"summary_large_image","twitter_misc":{"Price":"&euro;149.00","Availability":"In stock"},"schema":{"@context":"https:\/\/schema.org","@graph":[{"@type":"WebPage","@id":"https:\/\/mmkriepas.lv\/en\/p\/255-50r19-yokohama-iceguard-stud-ig65-107t-xl-ar-radzem-2\/","url":"https:\/\/mmkriepas.lv\/en\/p\/255-50r19-yokohama-iceguard-stud-ig65-107t-xl-ar-radzem-2\/","name":"255\/50R19 Yokohama ice GUARD Stud iG65 107T XL RPB ar radz\u0113m &#8226; MMK Riepas","isPartOf":{"@id":"https:\/\/mmkriepas.lv\/en\/#website"},"primaryImageOfPage":{"@id":"https:\/\/mmkriepas.lv\/en\/p\/255-50r19-yokohama-iceguard-stud-ig65-107t-xl-ar-radzem-2\/#primaryimage"},"image":{"@id":"https:\/\/mmkriepas.lv\/en\/p\/255-50r19-yokohama-iceguard-stud-ig65-107t-xl-ar-radzem-2\/#primaryimage"},"thumbnailUrl":"https:\/\/mmkriepas.lv\/wp-content\/uploads\/2023\/09\/19565r15-yokohama-iceguard-stud-ig65-95t-xl-ar-radzem-ziemas-riepas-ziemas-ar-radzem-riepas.jpg","datePublished":"2022-09-08T21:24:19+00:00","dateModified":"2026-03-27T22:19:39+00:00","description":"Yokohama IceGuard Stud IG65 - Augst\u0101k\u0101 labuma Jap\u0101n\u0101 ra\u017eotas ziemas riepas ar radz\u0113m. Pieejamas abos MMK riepu centros par super cenu!","breadcrumb":{"@id":"https:\/\/mmkriepas.lv\/en\/p\/255-50r19-yokohama-iceguard-stud-ig65-107t-xl-ar-radzem-2\/#breadcrumb"},"inLanguage":"en-US","potentialAction":[{"@type":"ReadAction","target":["https:\/\/mmkriepas.lv\/en\/p\/255-50r19-yokohama-iceguard-stud-ig65-107t-xl-ar-radzem-2\/"]}]},{"@type":"ImageObject","inLanguage":"en-US","@id":"https:\/\/mmkriepas.lv\/en\/p\/255-50r19-yokohama-iceguard-stud-ig65-107t-xl-ar-radzem-2\/#primaryimage","url":"https:\/\/mmkriepas.lv\/wp-content\/uploads\/2023\/09\/19565r15-yokohama-iceguard-stud-ig65-95t-xl-ar-radzem-ziemas-riepas-ziemas-ar-radzem-riepas.jpg","contentUrl":"https:\/\/mmkriepas.lv\/wp-content\/uploads\/2023\/09\/19565r15-yokohama-iceguard-stud-ig65-95t-xl-ar-radzem-ziemas-riepas-ziemas-ar-radzem-riepas.jpg","width":1619,"height":1604,"caption":"?????????????????????????"},{"@type":"BreadcrumbList","@id":"https:\/\/mmkriepas.lv\/en\/p\/255-50r19-yokohama-iceguard-stud-ig65-107t-xl-ar-radzem-2\/#breadcrumb","itemListElement":[{"@type":"ListItem","position":1,"name":"S\u0101kums","item":"https:\/\/mmkriepas.lv\/en\/"},{"@type":"ListItem","position":2,"name":"255\/50R19 Yokohama ice GUARD Stud iG65 107T XL RPB ar radz\u0113m"}]},{"@type":"WebSite","@id":"https:\/\/mmkriepas.lv\/en\/#website","url":"https:\/\/mmkriepas.lv\/en\/","name":"MMK Riepas","description":"MMK Riepas","alternateName":"MMK Riepu Serviss","potentialAction":[{"@type":"SearchAction","target":{"@type":"EntryPoint","urlTemplate":"https:\/\/mmkriepas.lv\/en\/?s={search_term_string}"},"query-input":{"@type":"PropertyValueSpecification","valueRequired":true,"valueName":"search_term_string"}}],"inLanguage":"en-US"},{"@type":"ImageObject","inLanguage":"en-US","@id":"https:\/\/mmkriepas.lv\/en\/p\/255-50r19-yokohama-iceguard-stud-ig65-107t-xl-ar-radzem-2\/#local-main-organization-logo","url":"","contentUrl":"","caption":"MMK Riepas"}]},"product_brand":"Yokohama iceGUARD Stud iG65","product_price_amount":"149.00","product_price_currency":"EUR","og_availability":"instock","product_availability":"instock","product_retailer_item_id":"TR2555019YOKOH-10273","product_condition":"new"},"_links":{"self":[{"href":"https:\/\/mmkriepas.lv\/en\/wp-json\/wp\/v2\/product\/316304","targetHints":{"allow":["GET"]}}],"collection":[{"href":"https:\/\/mmkriepas.lv\/en\/wp-json\/wp\/v2\/product"}],"about":[{"href":"https:\/\/mmkriepas.lv\/en\/wp-json\/wp\/v2\/types\/product"}],"wp:featuredmedia":[{"embeddable":true,"href":"https:\/\/mmkriepas.lv\/en\/wp-json\/wp\/v2\/media\/786746"}],"wp:attachment":[{"href":"https:\/\/mmkriepas.lv\/en\/wp-json\/wp\/v2\/media?parent=316304"}],"wp:term":[{"taxonomy":"product_brand","embeddable":true,"href":"https:\/\/mmkriepas.lv\/en\/wp-json\/wp\/v2\/product_brand?post=316304"},{"taxonomy":"product_cat","embeddable":true,"href":"https:\/\/mmkriepas.lv\/en\/wp-json\/wp\/v2\/product_cat?post=316304"},{"taxonomy":"product_tag","embeddable":true,"href":"https:\/\/mmkriepas.lv\/en\/wp-json\/wp\/v2\/product_tag?post=316304"}],"curies":[{"name":"wp","href":"https:\/\/api.w.org\/{rel}","templated":true}]}}