{"id":315842,"date":"2022-09-07T19:14:57","date_gmt":"2022-09-07T16:14:57","guid":{"rendered":"https:\/\/mmkserviss.lv\/?post_type=product&#038;p=315842"},"modified":"2026-03-27T12:45:44","modified_gmt":"2026-03-27T10:45:44","slug":"245-35r19-yokohama-iceguard-ig60a-93q-xl","status":"publish","type":"product","link":"https:\/\/mmkriepas.lv\/en\/p\/245-35r19-yokohama-iceguard-ig60a-93q-xl\/","title":{"rendered":"245\/35R19 Yokohama ice GUARD iG60A 93Q XL RPB"},"content":{"rendered":"<p><b><span style=\"font-family: 'Arial',sans-serif;\">Yokohama iceGUARD iG60 <\/span><\/b><span style=\"font-family: 'Arial',sans-serif;\">augst\u0101k\u0101s klases jeb premium klases riepas. Riepas ra\u017eotas un izstr\u0101d\u0101tas Jap\u0101n\u0101. Skandin\u0101vijas tipa jeb m\u012bkst\u0101 sast\u0101va ziemas riepu modelis ar asimetrisku protektora rakstu. Tas izce\u013cas ar teicamiem veiktsp\u0113jas r\u0101d\u012bt\u0101jiem gan snieg\u0101, gan uz ledus, pateicoties veselai virknei atjaut\u012bgu tehnolo\u0123isko risin\u0101jumu.<o:p><\/o:p><\/span><\/p>\n<h3><span style=\"font-family: 'Arial',sans-serif;\">iceGUARD<\/span><span style=\"font-size: 12.0pt; font-family: 'Arial',sans-serif;\"> iG60 galven\u0101s iez\u012bmes:<o:p><\/o:p><\/span><\/h3>\n<p><span style=\"font-family: 'Arial',sans-serif;\">+ Lieliska sa\u0137ere gan snieg\u0101, gan ar\u012b uz ledus <o:p><\/o:p><\/span><\/p>\n<p><span style=\"font-family: 'Arial',sans-serif;\">+ Degvielas ekonomija <o:p><\/o:p><\/span><\/p>\n<p><span style=\"font-family: 'Arial',sans-serif;\">+ Jaun\u0101k\u0101s paaudzes Orange Oil S tehnolo\u0123ija riepas gumijas sast\u0101v\u0101 <o:p><\/o:p><\/span><\/p>\n<p><span style=\"font-family: 'Arial',sans-serif;\">+ \u012apa\u0161i izstr\u0101d\u0101ts, mitrumu absorb\u0113jo\u0161s kompoz\u012btmateri\u0101ls <o:p><\/o:p><\/span><\/p>\n<p><span style=\"font-family: 'Arial',sans-serif;\">+ Quattro Pyramid 3D lame\u013cu tehnolo\u0123ija <o:p><\/o:p><\/span><\/p>\n<p><span style=\"font-family: 'Arial',sans-serif;\">+ Paaugstin\u0101ta nodilumiztur\u012bba <o:p><\/o:p><\/span><\/p>\n<p><span style=\"font-family: 'Arial',sans-serif;\">+ Teicama cenas un veiktsp\u0113jas attiec\u012bba<o:p><\/o:p><\/span><\/p>\n<h3><span style=\"font-family: 'Arial',sans-serif;\">iceGUARD iG60 apr\u012bkojums<o:p><\/o:p><\/span><\/h3>\n<p><b><span style=\"font-family: 'Arial',sans-serif;\">Yokohama iceGUARD iG60 <\/span><\/b><span style=\"font-family: 'Arial',sans-serif;\">riepas bru\u0146otas ar veselu virkni jaun\u0101ko tehnolo\u0123iju, kas pal\u012bdz\u0113s c\u012b\u0146\u0101 pat ar skarb\u0101kajiem brauk\u0161anas apst\u0101k\u013ciem. To asimetriskais protektora raksts darin\u0101ts no augstv\u0113rt\u012bga gumijas mais\u012bjuma, kura sast\u0101vam pievienots Orange Oil S jeb apels\u012bnu e\u013c\u013cas mais\u012bjums. K\u0101 atkl\u0101ju\u0161i Jap\u0101\u0146u in\u017eenieri, apels\u012bnu e\u013c\u013ca, b\u016bdama viena no lip\u012bg\u0101kaj\u0101m dab\u0101 sastopamaj\u0101m viel\u0101m, uzlabo riepu sa\u0137eri ar visda\u017e\u0101d\u0101kaj\u0101m ce\u013ca virsm\u0101m, k\u0101 ar\u012b pal\u012bdz riep\u0101m saglab\u0101t elast\u012bbu zem\u0101s gaisa temperat\u016br\u0101s. Gumijas sakaus\u0113jumam pievienots mais\u012bjums, kas at\u013cauj riepai absorb\u0113t mitrumu, sausinot t\u0101s kontakta virsmu ar ce\u013cu. <o:p><\/o:p><\/span><\/p>\n<p><span style=\"font-family: 'Arial',sans-serif;\">Starp iG60 mas\u012bvajiem, asimetriski izvietotajiem protektora blokiem atrodama augsti att\u012bst\u012bta dren\u0101\u017eas kan\u0101lu sist\u0113ma, kas b\u016btiski samazina akvaplan\u0113\u0161anas risku. Protektor\u0101 bl\u012bvi iestr\u0101d\u0101ti vair\u0101ki t\u016bksto\u0161i Quattro Pyramid 3D tehnolo\u0123ijas lame\u013cu, kas uzlabo riepu sa\u0137eri ar ledu, k\u0101 ar\u012b palielina manevr\u0113tsp\u0113ju uz sliden\u0101m ce\u013ca virsm\u0101m. <o:p><\/o:p><\/span><\/p>\n<p><b><span style=\"font-family: 'Arial',sans-serif;\">Yokohama iceGUARD iG60 &#8211;<\/span><\/b><span style=\"font-family: 'Arial',sans-serif;\"> premium kvalit\u0101tes m\u012bkst\u0101 sast\u0101va ziemas riepas. Pieejamas abos MMK Riepu Centros par vislab\u0101kaj\u0101m cen\u0101m!\u00a0<\/span><\/p>\n","protected":false},"excerpt":{"rendered":"<p><b><span style=\"font-family: 'Arial',sans-serif;\">Yokohama iceGUARD iG60 <\/span><\/b><span style=\"font-family: 'Arial',sans-serif;\">augst\u0101k\u0101s klases jeb premium klases riepas. Riepas ra\u017eotas un izstr\u0101d\u0101tas Jap\u0101n\u0101. Skandin\u0101vijas tipa jeb m\u012bkst\u0101 sast\u0101va ziemas riepu modelis ar asimetrisku protektora rakstu. Tas izce\u013cas ar teicamiem veiktsp\u0113jas r\u0101d\u012bt\u0101jiem gan snieg\u0101, gan uz ledus, pateicoties veselai virknei atjaut\u012bgu tehnolo\u0123isko risin\u0101jumu.<\/span><\/p>\n","protected":false},"featured_media":853229,"template":"","meta":{"_acf_changed":false,"ngg_post_thumbnail":0},"product_brand":[],"product_cat":[47,45],"product_tag":[],"class_list":{"0":"post-315842","1":"product","2":"type-product","3":"status-publish","4":"has-post-thumbnail","6":"product_cat-vissezonas-riepas","7":"product_cat-ziemas-riepas","9":"first","10":"instock","11":"sale","12":"taxable","13":"shipping-taxable","14":"purchasable","15":"product-type-simple"},"acf":[],"yoast_head":"<!-- This site is optimized with the Yoast SEO Premium plugin v22.6 (Yoast SEO v27.3) - https:\/\/yoast.com\/product\/yoast-seo-premium-wordpress\/ -->\n<title>245\/35R19 Yokohama ice GUARD iG60A 93Q XL RPB &#8226; MMK Riepas<\/title>\n<meta name=\"description\" content=\"Yokohama IceGuard IG60 - premium kvalit\u0101tes m\u012bkst\u0101 sast\u0101va ziemas riepas. Pieejamas abos MMK Riepu Centros par vislab\u0101kaj\u0101m cen\u0101m!\" \/>\n<meta name=\"robots\" content=\"index, follow, max-snippet:-1, max-image-preview:large, max-video-preview:-1\" \/>\n<link rel=\"canonical\" href=\"https:\/\/mmkriepas.lv\/en\/p\/245-35r19-yokohama-iceguard-ig60a-93q-xl\/\" \/>\n<meta property=\"og:locale\" content=\"en_US\" \/>\n<meta property=\"og:type\" content=\"article\" \/>\n<meta property=\"og:title\" content=\"245\/35R19 Yokohama ice GUARD iG60A 93Q XL RPB\" \/>\n<meta property=\"og:description\" content=\"Yokohama IceGuard IG60 - premium kvalit\u0101tes m\u012bkst\u0101 sast\u0101va ziemas riepas. Pieejamas abos MMK Riepu Centros par vislab\u0101kaj\u0101m cen\u0101m!\" \/>\n<meta property=\"og:url\" content=\"https:\/\/mmkriepas.lv\/en\/p\/245-35r19-yokohama-iceguard-ig60a-93q-xl\/\" \/>\n<meta property=\"og:site_name\" content=\"MMK Riepas\" \/>\n<meta property=\"article:publisher\" content=\"https:\/\/www.facebook.com\/mmkserviss\/\" \/>\n<meta property=\"article:modified_time\" content=\"2026-03-27T10:45:44+00:00\" \/>\n<meta property=\"og:image\" content=\"https:\/\/mmkriepas.lv\/wp-content\/uploads\/2024\/02\/22540r19-yokohama-iceguard-ig60-93q-xl-ziemas-riepas.jpg\" \/>\n\t<meta property=\"og:image:width\" content=\"1920\" \/>\n\t<meta property=\"og:image:height\" content=\"1277\" \/>\n\t<meta property=\"og:image:type\" content=\"image\/jpeg\" \/>\n<meta name=\"twitter:card\" content=\"summary_large_image\" \/>\n<meta name=\"twitter:label1\" content=\"Price\" \/>\n\t<meta name=\"twitter:data1\" content=\"&euro;192.00\" \/>\n\t<meta name=\"twitter:label2\" content=\"Availability\" \/>\n\t<meta name=\"twitter:data2\" content=\"In stock\" \/>\n<script type=\"application\/ld+json\" class=\"yoast-schema-graph\">{\"@context\":\"https:\\\/\\\/schema.org\",\"@graph\":[{\"@type\":\"WebPage\",\"@id\":\"https:\\\/\\\/mmkriepas.lv\\\/en\\\/p\\\/245-35r19-yokohama-iceguard-ig60a-93q-xl\\\/\",\"url\":\"https:\\\/\\\/mmkriepas.lv\\\/en\\\/p\\\/245-35r19-yokohama-iceguard-ig60a-93q-xl\\\/\",\"name\":\"245\\\/35R19 Yokohama ice GUARD iG60A 93Q XL RPB &#8226; MMK Riepas\",\"isPartOf\":{\"@id\":\"https:\\\/\\\/mmkriepas.lv\\\/en\\\/#website\"},\"primaryImageOfPage\":{\"@id\":\"https:\\\/\\\/mmkriepas.lv\\\/en\\\/p\\\/245-35r19-yokohama-iceguard-ig60a-93q-xl\\\/#primaryimage\"},\"image\":{\"@id\":\"https:\\\/\\\/mmkriepas.lv\\\/en\\\/p\\\/245-35r19-yokohama-iceguard-ig60a-93q-xl\\\/#primaryimage\"},\"thumbnailUrl\":\"https:\\\/\\\/mmkriepas.lv\\\/wp-content\\\/uploads\\\/2024\\\/02\\\/22540r19-yokohama-iceguard-ig60-93q-xl-ziemas-riepas.jpg\",\"datePublished\":\"2022-09-07T16:14:57+00:00\",\"dateModified\":\"2026-03-27T10:45:44+00:00\",\"description\":\"Yokohama IceGuard IG60 - premium kvalit\u0101tes m\u012bkst\u0101 sast\u0101va ziemas riepas. Pieejamas abos MMK Riepu Centros par vislab\u0101kaj\u0101m cen\u0101m!\",\"breadcrumb\":{\"@id\":\"https:\\\/\\\/mmkriepas.lv\\\/en\\\/p\\\/245-35r19-yokohama-iceguard-ig60a-93q-xl\\\/#breadcrumb\"},\"inLanguage\":\"en-US\",\"potentialAction\":[{\"@type\":\"ReadAction\",\"target\":[\"https:\\\/\\\/mmkriepas.lv\\\/en\\\/p\\\/245-35r19-yokohama-iceguard-ig60a-93q-xl\\\/\"]}]},{\"@type\":\"ImageObject\",\"inLanguage\":\"en-US\",\"@id\":\"https:\\\/\\\/mmkriepas.lv\\\/en\\\/p\\\/245-35r19-yokohama-iceguard-ig60a-93q-xl\\\/#primaryimage\",\"url\":\"https:\\\/\\\/mmkriepas.lv\\\/wp-content\\\/uploads\\\/2024\\\/02\\\/22540r19-yokohama-iceguard-ig60-93q-xl-ziemas-riepas.jpg\",\"contentUrl\":\"https:\\\/\\\/mmkriepas.lv\\\/wp-content\\\/uploads\\\/2024\\\/02\\\/22540r19-yokohama-iceguard-ig60-93q-xl-ziemas-riepas.jpg\",\"width\":1920,\"height\":1277,\"caption\":\"?????????????????????????\"},{\"@type\":\"BreadcrumbList\",\"@id\":\"https:\\\/\\\/mmkriepas.lv\\\/en\\\/p\\\/245-35r19-yokohama-iceguard-ig60a-93q-xl\\\/#breadcrumb\",\"itemListElement\":[{\"@type\":\"ListItem\",\"position\":1,\"name\":\"S\u0101kums\",\"item\":\"https:\\\/\\\/mmkriepas.lv\\\/en\\\/\"},{\"@type\":\"ListItem\",\"position\":2,\"name\":\"245\\\/35R19 Yokohama ice GUARD iG60A 93Q XL RPB\"}]},{\"@type\":\"WebSite\",\"@id\":\"https:\\\/\\\/mmkriepas.lv\\\/en\\\/#website\",\"url\":\"https:\\\/\\\/mmkriepas.lv\\\/en\\\/\",\"name\":\"MMK Riepas\",\"description\":\"MMK Riepas\",\"alternateName\":\"MMK Riepu Serviss\",\"potentialAction\":[{\"@type\":\"SearchAction\",\"target\":{\"@type\":\"EntryPoint\",\"urlTemplate\":\"https:\\\/\\\/mmkriepas.lv\\\/en\\\/?s={search_term_string}\"},\"query-input\":{\"@type\":\"PropertyValueSpecification\",\"valueRequired\":true,\"valueName\":\"search_term_string\"}}],\"inLanguage\":\"en-US\"},{\"@type\":\"ImageObject\",\"inLanguage\":\"en-US\",\"@id\":\"https:\\\/\\\/mmkriepas.lv\\\/en\\\/p\\\/245-35r19-yokohama-iceguard-ig60a-93q-xl\\\/#local-main-organization-logo\",\"url\":\"\",\"contentUrl\":\"\",\"caption\":\"MMK Riepas\"}]}<\/script>\n<meta property=\"product:brand\" content=\"Yokohama iceGUARD iG60\" \/>\n<meta property=\"product:price:amount\" content=\"192.00\" \/>\n<meta property=\"product:price:currency\" content=\"EUR\" \/>\n<meta property=\"og:availability\" content=\"instock\" \/>\n<meta property=\"product:availability\" content=\"instock\" \/>\n<meta property=\"product:retailer_item_id\" content=\"TW2453519YOKOH-L10252\" \/>\n<meta property=\"product:condition\" content=\"new\" \/>\n<!-- \/ Yoast SEO Premium plugin. -->","yoast_head_json":{"title":"245\/35R19 Yokohama ice GUARD iG60A 93Q XL RPB &#8226; MMK Riepas","description":"Yokohama IceGuard IG60 - premium kvalit\u0101tes m\u012bkst\u0101 sast\u0101va ziemas riepas. Pieejamas abos MMK Riepu Centros par vislab\u0101kaj\u0101m cen\u0101m!","robots":{"index":"index","follow":"follow","max-snippet":"max-snippet:-1","max-image-preview":"max-image-preview:large","max-video-preview":"max-video-preview:-1"},"canonical":"https:\/\/mmkriepas.lv\/en\/p\/245-35r19-yokohama-iceguard-ig60a-93q-xl\/","og_locale":"en_US","og_type":"article","og_title":"245\/35R19 Yokohama ice GUARD iG60A 93Q XL RPB","og_description":"Yokohama IceGuard IG60 - premium kvalit\u0101tes m\u012bkst\u0101 sast\u0101va ziemas riepas. Pieejamas abos MMK Riepu Centros par vislab\u0101kaj\u0101m cen\u0101m!","og_url":"https:\/\/mmkriepas.lv\/en\/p\/245-35r19-yokohama-iceguard-ig60a-93q-xl\/","og_site_name":"MMK Riepas","article_publisher":"https:\/\/www.facebook.com\/mmkserviss\/","article_modified_time":"2026-03-27T10:45:44+00:00","og_image":[{"width":1920,"height":1277,"url":"https:\/\/mmkriepas.lv\/wp-content\/uploads\/2024\/02\/22540r19-yokohama-iceguard-ig60-93q-xl-ziemas-riepas.jpg","type":"image\/jpeg"}],"twitter_card":"summary_large_image","twitter_misc":{"Price":"&euro;192.00","Availability":"In stock"},"schema":{"@context":"https:\/\/schema.org","@graph":[{"@type":"WebPage","@id":"https:\/\/mmkriepas.lv\/en\/p\/245-35r19-yokohama-iceguard-ig60a-93q-xl\/","url":"https:\/\/mmkriepas.lv\/en\/p\/245-35r19-yokohama-iceguard-ig60a-93q-xl\/","name":"245\/35R19 Yokohama ice GUARD iG60A 93Q XL RPB &#8226; MMK Riepas","isPartOf":{"@id":"https:\/\/mmkriepas.lv\/en\/#website"},"primaryImageOfPage":{"@id":"https:\/\/mmkriepas.lv\/en\/p\/245-35r19-yokohama-iceguard-ig60a-93q-xl\/#primaryimage"},"image":{"@id":"https:\/\/mmkriepas.lv\/en\/p\/245-35r19-yokohama-iceguard-ig60a-93q-xl\/#primaryimage"},"thumbnailUrl":"https:\/\/mmkriepas.lv\/wp-content\/uploads\/2024\/02\/22540r19-yokohama-iceguard-ig60-93q-xl-ziemas-riepas.jpg","datePublished":"2022-09-07T16:14:57+00:00","dateModified":"2026-03-27T10:45:44+00:00","description":"Yokohama IceGuard IG60 - premium kvalit\u0101tes m\u012bkst\u0101 sast\u0101va ziemas riepas. Pieejamas abos MMK Riepu Centros par vislab\u0101kaj\u0101m cen\u0101m!","breadcrumb":{"@id":"https:\/\/mmkriepas.lv\/en\/p\/245-35r19-yokohama-iceguard-ig60a-93q-xl\/#breadcrumb"},"inLanguage":"en-US","potentialAction":[{"@type":"ReadAction","target":["https:\/\/mmkriepas.lv\/en\/p\/245-35r19-yokohama-iceguard-ig60a-93q-xl\/"]}]},{"@type":"ImageObject","inLanguage":"en-US","@id":"https:\/\/mmkriepas.lv\/en\/p\/245-35r19-yokohama-iceguard-ig60a-93q-xl\/#primaryimage","url":"https:\/\/mmkriepas.lv\/wp-content\/uploads\/2024\/02\/22540r19-yokohama-iceguard-ig60-93q-xl-ziemas-riepas.jpg","contentUrl":"https:\/\/mmkriepas.lv\/wp-content\/uploads\/2024\/02\/22540r19-yokohama-iceguard-ig60-93q-xl-ziemas-riepas.jpg","width":1920,"height":1277,"caption":"?????????????????????????"},{"@type":"BreadcrumbList","@id":"https:\/\/mmkriepas.lv\/en\/p\/245-35r19-yokohama-iceguard-ig60a-93q-xl\/#breadcrumb","itemListElement":[{"@type":"ListItem","position":1,"name":"S\u0101kums","item":"https:\/\/mmkriepas.lv\/en\/"},{"@type":"ListItem","position":2,"name":"245\/35R19 Yokohama ice GUARD iG60A 93Q XL RPB"}]},{"@type":"WebSite","@id":"https:\/\/mmkriepas.lv\/en\/#website","url":"https:\/\/mmkriepas.lv\/en\/","name":"MMK Riepas","description":"MMK Riepas","alternateName":"MMK Riepu Serviss","potentialAction":[{"@type":"SearchAction","target":{"@type":"EntryPoint","urlTemplate":"https:\/\/mmkriepas.lv\/en\/?s={search_term_string}"},"query-input":{"@type":"PropertyValueSpecification","valueRequired":true,"valueName":"search_term_string"}}],"inLanguage":"en-US"},{"@type":"ImageObject","inLanguage":"en-US","@id":"https:\/\/mmkriepas.lv\/en\/p\/245-35r19-yokohama-iceguard-ig60a-93q-xl\/#local-main-organization-logo","url":"","contentUrl":"","caption":"MMK Riepas"}]},"product_brand":"Yokohama iceGUARD iG60","product_price_amount":"192.00","product_price_currency":"EUR","og_availability":"instock","product_availability":"instock","product_retailer_item_id":"TW2453519YOKOH-L10252","product_condition":"new"},"_links":{"self":[{"href":"https:\/\/mmkriepas.lv\/en\/wp-json\/wp\/v2\/product\/315842","targetHints":{"allow":["GET"]}}],"collection":[{"href":"https:\/\/mmkriepas.lv\/en\/wp-json\/wp\/v2\/product"}],"about":[{"href":"https:\/\/mmkriepas.lv\/en\/wp-json\/wp\/v2\/types\/product"}],"wp:featuredmedia":[{"embeddable":true,"href":"https:\/\/mmkriepas.lv\/en\/wp-json\/wp\/v2\/media\/853229"}],"wp:attachment":[{"href":"https:\/\/mmkriepas.lv\/en\/wp-json\/wp\/v2\/media?parent=315842"}],"wp:term":[{"taxonomy":"product_brand","embeddable":true,"href":"https:\/\/mmkriepas.lv\/en\/wp-json\/wp\/v2\/product_brand?post=315842"},{"taxonomy":"product_cat","embeddable":true,"href":"https:\/\/mmkriepas.lv\/en\/wp-json\/wp\/v2\/product_cat?post=315842"},{"taxonomy":"product_tag","embeddable":true,"href":"https:\/\/mmkriepas.lv\/en\/wp-json\/wp\/v2\/product_tag?post=315842"}],"curies":[{"name":"wp","href":"https:\/\/api.w.org\/{rel}","templated":true}]}}