{"id":315592,"date":"2022-09-07T18:58:40","date_gmt":"2022-09-07T15:58:40","guid":{"rendered":"https:\/\/mmkserviss.lv\/?post_type=product&#038;p=315592"},"modified":"2025-01-23T14:36:48","modified_gmt":"2025-01-23T12:36:48","slug":"215-60r17-toyo-proxes-cf2s-96h-2","status":"publish","type":"product","link":"https:\/\/mmkriepas.lv\/en\/p\/215-60r17-toyo-proxes-cf2s-96h-2\/","title":{"rendered":"215\/60R17 Toyo Proxes CF2S 96H"},"content":{"rendered":"<p><strong>Toyo Proxes CF2S<\/strong> &#8211; vasaras riepu modelis ir uzlabots \u0161\u012bs pa\u0161as l\u012bnijas modelis, kas sola visaugst\u0101ko dro\u0161\u012bbas l\u012bmeni, izcilu sa\u0137eri un labus veiktsp\u0113jas r\u0101d\u012bt\u0101jus apvienotus sportisk\u0101 dizaina risin\u0101jum\u0101. \u0160\u012b riepa tiek ra\u017eota ar pla\u0161u izm\u0113ru specifik\u0101ciju, kas \u013cauj p\u0101rliecin\u0101ties par t\u0101s veikumu da\u017e\u0101du transportl\u012bdzek\u013cu \u012bpa\u0161niekiem.<\/p>\n<p><strong>Proxes CF2S <\/strong><strong>galven\u0101s <\/strong>\u012bpa\u0161\u012bbas:<\/p>\n<p>+ Pareiza izv\u0113le tiem autovad\u012bt\u0101jiem, kuri mekl\u0113 augstas veiktsp\u0113jas dro\u0161u riepu vid\u0113jas un lielas jaudas automa\u0161\u012bn\u0101m;<\/p>\n<p>+ Konstrukcijas un protektora z\u012bm\u0113juma tap\u0161an\u0101 izmantoti moderni materi\u0101li lai garant\u0113tu augstu dro\u0161\u012bbas, iztur\u012bbas un komforta l\u012bmenis;<\/p>\n<p>+ Jauns sil\u012bcija dioks\u012bda savienojums, kas nodro\u0161ina lab\u0101ku sniegumu uz mitra ce\u013ca seguma, maz\u0101ku degvielas pat\u0113ri\u0146u un ilg\u0101ku riepu kalpo\u0161anas laiku.<\/p>\n<p>+ Akt\u012bvo polim\u0113ru savienojums, kas nodro\u0161ina uzlabotu nobraukumu un rites pretest\u012bbu.<\/p>\n<p>+ Mas\u012bv\u0101kas ribas, kas nodro\u0161ina izcilu bremz\u0113\u0161anu uz slapja ce\u013ca un uzlabotu akvaplan\u0113\u0161anas pretest\u012bbu.<\/p>\n<p>+ Optimiz\u0113ta riepas karkasa stingr\u012bba nodro\u0161ina zemu rites pretest\u012bbu, palielin\u0101tu nobraukumu un uzlabotu bremz\u0113\u0161anu gan uz slapja, gan sausa ce\u013ca.<\/p>\n<p><strong>Proxes CF2S raksturojums<\/strong><\/p>\n<p>Jaunais Proxes CF2S pied\u0101v\u0101 lielisku vispus\u012bgu veiktsp\u0113ju un sam\u0113r\u012bgu cenu. Ide\u0101li piem\u0113rots vid\u0113jas un lielas jaudas automa\u0161\u012bn\u0101m, kas pak\u013cautas brauk\u0161anai sal\u012bdzino\u0161i lielos \u0101trumos. CF2S izmanto visjaun\u0101kos materi\u0101lus un ra\u017eo\u0161anas metodes, kas \u013cauj sasniegt jaunus viektsp\u0113jas uzlabojumus. J\u0101piemin fakts, ka \u0161o riepu izstr\u0101d\u0113 tika pielietotas t\u0101s pa\u0161as tehnolo\u0123ijas, kuras tiek izmantotas augstas veiktsp\u0113jas un motosporta riep\u0101s. Tas viss, lai izveidotu riepu, kas pied\u0101v\u0101 \u012bpa\u0161i augstu dro\u0161\u012bbas, iztur\u012bbas un komforta l\u012bmeni, par sapr\u0101t\u012bgu cenu.<\/p>\n<p>*Uzman\u012bbu: vasaras riepas, kas ra\u017eotas \u0100zijas valst\u012bs, var b\u016bt apz\u012bm\u0113tas ar apz\u012bm\u0113jumu M + S. J\u0101\u0146em ver\u0101, ka \u0100zijas teritorija sniedzas da\u017e\u0101d\u0101s klimatiskaj\u0101s zon\u0101s, kur da\u017eviet metereolo\u0123isk\u0101 ziema t\u0101 ar\u012b neiest\u0101jas. L\u012bdz ar to, tur \u0161\u012bs riepas var izmantot visu gadu, kam\u0113r Latvij\u0101 tas nestr\u0101d\u0101!<\/p>\n","protected":false},"excerpt":{"rendered":"<p><b><span style=\"font-family: 'Arial',sans-serif;\">Toyo Proxes CF2S<\/span><\/b><span style=\"font-family: 'Arial',sans-serif;\"> &#8211; vasaras riepu modelis ir uzlabots \u0161\u012bs pa\u0161as l\u012bnijas modelis, kas sola visaugst\u0101ko dro\u0161\u012bbas l\u012bmeni, izcilu sa\u0137eri un labus veiktsp\u0113jas r\u0101d\u012bt\u0101jus apvienotus sportisk\u0101 dizaina risin\u0101jum\u0101. \u0160\u012b riepa tiek ra\u017eota ar pla\u0161u izm\u0113ru specifik\u0101ciju, kas \u013cauj p\u0101rliecin\u0101ties par t\u0101s veikumu da\u017e\u0101du transportl\u012bdzek\u013cu \u012bpa\u0161niekiem.<o:p><\/o:p><\/span><\/p>\n","protected":false},"featured_media":1212624,"template":"","meta":{"_acf_changed":false,"ngg_post_thumbnail":0},"product_brand":[],"product_cat":[46],"product_tag":[],"class_list":{"0":"post-315592","1":"product","2":"type-product","3":"status-publish","4":"has-post-thumbnail","6":"product_cat-vasaras-riepas","8":"first","9":"instock","10":"sale","11":"taxable","12":"shipping-taxable","13":"product-type-simple"},"acf":[],"yoast_head":"<!-- This site is optimized with the Yoast SEO Premium plugin v22.6 (Yoast SEO v27.3) - https:\/\/yoast.com\/product\/yoast-seo-premium-wordpress\/ -->\n<title>215\/60R17 Toyo Proxes CF2S 96H &#8226; MMK Riepas<\/title>\n<meta name=\"robots\" content=\"index, follow, max-snippet:-1, max-image-preview:large, max-video-preview:-1\" \/>\n<link rel=\"canonical\" href=\"https:\/\/mmkriepas.lv\/en\/p\/215-60r17-toyo-proxes-cf2s-96h-2\/\" \/>\n<meta property=\"og:locale\" content=\"en_US\" \/>\n<meta property=\"og:type\" content=\"article\" \/>\n<meta property=\"og:title\" content=\"215\/60R17 Toyo Proxes CF2S 96H\" \/>\n<meta property=\"og:description\" content=\"Toyo Proxes CF2S - vasaras riepu modelis ir uzlabots \u0161\u012bs pa\u0161as l\u012bnijas modelis, kas sola visaugst\u0101ko dro\u0161\u012bbas l\u012bmeni, izcilu sa\u0137eri un labus veiktsp\u0113jas r\u0101d\u012bt\u0101jus apvienotus sportisk\u0101 dizaina risin\u0101jum\u0101. \u0160\u012b riepa tiek ra\u017eota ar pla\u0161u izm\u0113ru specifik\u0101ciju, kas \u013cauj p\u0101rliecin\u0101ties par t\u0101s veikumu da\u017e\u0101du transportl\u012bdzek\u013cu \u012bpa\u0161niekiem.\" \/>\n<meta property=\"og:url\" content=\"https:\/\/mmkriepas.lv\/en\/p\/215-60r17-toyo-proxes-cf2s-96h-2\/\" \/>\n<meta property=\"og:site_name\" content=\"MMK Riepas\" \/>\n<meta property=\"article:publisher\" content=\"https:\/\/www.facebook.com\/mmkserviss\/\" \/>\n<meta property=\"article:modified_time\" content=\"2025-01-23T12:36:48+00:00\" \/>\n<meta property=\"og:image\" content=\"https:\/\/mmkriepas.lv\/wp-content\/uploads\/2025\/04\/21570r16-toyo-proxes-cf2s-100h-vasaras-riepas.jpg\" \/>\n\t<meta property=\"og:image:width\" content=\"900\" \/>\n\t<meta property=\"og:image:height\" content=\"720\" \/>\n\t<meta property=\"og:image:type\" content=\"image\/jpeg\" \/>\n<meta name=\"twitter:card\" content=\"summary_large_image\" \/>\n<meta name=\"twitter:label1\" content=\"Price\" \/>\n\t<meta name=\"twitter:data1\" content=\"&euro;96.00\" \/>\n\t<meta name=\"twitter:label2\" content=\"Availability\" \/>\n\t<meta name=\"twitter:data2\" content=\"In stock\" \/>\n<script type=\"application\/ld+json\" class=\"yoast-schema-graph\">{\"@context\":\"https:\\\/\\\/schema.org\",\"@graph\":[{\"@type\":\"WebPage\",\"@id\":\"https:\\\/\\\/mmkriepas.lv\\\/en\\\/p\\\/215-60r17-toyo-proxes-cf2s-96h-2\\\/\",\"url\":\"https:\\\/\\\/mmkriepas.lv\\\/en\\\/p\\\/215-60r17-toyo-proxes-cf2s-96h-2\\\/\",\"name\":\"215\\\/60R17 Toyo Proxes CF2S 96H &#8226; MMK Riepas\",\"isPartOf\":{\"@id\":\"https:\\\/\\\/mmkriepas.lv\\\/en\\\/#website\"},\"primaryImageOfPage\":{\"@id\":\"https:\\\/\\\/mmkriepas.lv\\\/en\\\/p\\\/215-60r17-toyo-proxes-cf2s-96h-2\\\/#primaryimage\"},\"image\":{\"@id\":\"https:\\\/\\\/mmkriepas.lv\\\/en\\\/p\\\/215-60r17-toyo-proxes-cf2s-96h-2\\\/#primaryimage\"},\"thumbnailUrl\":\"https:\\\/\\\/mmkriepas.lv\\\/wp-content\\\/uploads\\\/2025\\\/04\\\/21570r16-toyo-proxes-cf2s-100h-vasaras-riepas.jpg\",\"datePublished\":\"2022-09-07T15:58:40+00:00\",\"dateModified\":\"2025-01-23T12:36:48+00:00\",\"breadcrumb\":{\"@id\":\"https:\\\/\\\/mmkriepas.lv\\\/en\\\/p\\\/215-60r17-toyo-proxes-cf2s-96h-2\\\/#breadcrumb\"},\"inLanguage\":\"en-US\",\"potentialAction\":[{\"@type\":\"ReadAction\",\"target\":[\"https:\\\/\\\/mmkriepas.lv\\\/en\\\/p\\\/215-60r17-toyo-proxes-cf2s-96h-2\\\/\"]}]},{\"@type\":\"ImageObject\",\"inLanguage\":\"en-US\",\"@id\":\"https:\\\/\\\/mmkriepas.lv\\\/en\\\/p\\\/215-60r17-toyo-proxes-cf2s-96h-2\\\/#primaryimage\",\"url\":\"https:\\\/\\\/mmkriepas.lv\\\/wp-content\\\/uploads\\\/2025\\\/04\\\/21570r16-toyo-proxes-cf2s-100h-vasaras-riepas.jpg\",\"contentUrl\":\"https:\\\/\\\/mmkriepas.lv\\\/wp-content\\\/uploads\\\/2025\\\/04\\\/21570r16-toyo-proxes-cf2s-100h-vasaras-riepas.jpg\",\"width\":900,\"height\":720,\"caption\":\"MAIN\"},{\"@type\":\"BreadcrumbList\",\"@id\":\"https:\\\/\\\/mmkriepas.lv\\\/en\\\/p\\\/215-60r17-toyo-proxes-cf2s-96h-2\\\/#breadcrumb\",\"itemListElement\":[{\"@type\":\"ListItem\",\"position\":1,\"name\":\"S\u0101kums\",\"item\":\"https:\\\/\\\/mmkriepas.lv\\\/en\\\/\"},{\"@type\":\"ListItem\",\"position\":2,\"name\":\"215\\\/60R17 Toyo Proxes CF2S 96H\"}]},{\"@type\":\"WebSite\",\"@id\":\"https:\\\/\\\/mmkriepas.lv\\\/en\\\/#website\",\"url\":\"https:\\\/\\\/mmkriepas.lv\\\/en\\\/\",\"name\":\"MMK Riepas\",\"description\":\"MMK Riepas\",\"alternateName\":\"MMK Riepu Serviss\",\"potentialAction\":[{\"@type\":\"SearchAction\",\"target\":{\"@type\":\"EntryPoint\",\"urlTemplate\":\"https:\\\/\\\/mmkriepas.lv\\\/en\\\/?s={search_term_string}\"},\"query-input\":{\"@type\":\"PropertyValueSpecification\",\"valueRequired\":true,\"valueName\":\"search_term_string\"}}],\"inLanguage\":\"en-US\"},{\"@type\":\"ImageObject\",\"inLanguage\":\"en-US\",\"@id\":\"https:\\\/\\\/mmkriepas.lv\\\/en\\\/p\\\/215-60r17-toyo-proxes-cf2s-96h-2\\\/#local-main-organization-logo\",\"url\":\"\",\"contentUrl\":\"\",\"caption\":\"MMK Riepas\"}]}<\/script>\n<meta property=\"product:brand\" content=\"Toyo Proxes CF2S\" \/>\n<meta property=\"product:price:amount\" content=\"96.00\" \/>\n<meta property=\"product:price:currency\" content=\"EUR\" \/>\n<meta property=\"og:availability\" content=\"instock\" \/>\n<meta property=\"product:availability\" content=\"instock\" \/>\n<meta property=\"product:retailer_item_id\" content=\"TS2156017TOYO-L10170\" \/>\n<meta property=\"product:condition\" content=\"new\" \/>\n<!-- \/ Yoast SEO Premium plugin. -->","yoast_head_json":{"title":"215\/60R17 Toyo Proxes CF2S 96H &#8226; MMK Riepas","robots":{"index":"index","follow":"follow","max-snippet":"max-snippet:-1","max-image-preview":"max-image-preview:large","max-video-preview":"max-video-preview:-1"},"canonical":"https:\/\/mmkriepas.lv\/en\/p\/215-60r17-toyo-proxes-cf2s-96h-2\/","og_locale":"en_US","og_type":"article","og_title":"215\/60R17 Toyo Proxes CF2S 96H","og_description":"Toyo Proxes CF2S - vasaras riepu modelis ir uzlabots \u0161\u012bs pa\u0161as l\u012bnijas modelis, kas sola visaugst\u0101ko dro\u0161\u012bbas l\u012bmeni, izcilu sa\u0137eri un labus veiktsp\u0113jas r\u0101d\u012bt\u0101jus apvienotus sportisk\u0101 dizaina risin\u0101jum\u0101. \u0160\u012b riepa tiek ra\u017eota ar pla\u0161u izm\u0113ru specifik\u0101ciju, kas \u013cauj p\u0101rliecin\u0101ties par t\u0101s veikumu da\u017e\u0101du transportl\u012bdzek\u013cu \u012bpa\u0161niekiem.","og_url":"https:\/\/mmkriepas.lv\/en\/p\/215-60r17-toyo-proxes-cf2s-96h-2\/","og_site_name":"MMK Riepas","article_publisher":"https:\/\/www.facebook.com\/mmkserviss\/","article_modified_time":"2025-01-23T12:36:48+00:00","og_image":[{"width":900,"height":720,"url":"https:\/\/mmkriepas.lv\/wp-content\/uploads\/2025\/04\/21570r16-toyo-proxes-cf2s-100h-vasaras-riepas.jpg","type":"image\/jpeg"}],"twitter_card":"summary_large_image","twitter_misc":{"Price":"&euro;96.00","Availability":"In stock"},"schema":{"@context":"https:\/\/schema.org","@graph":[{"@type":"WebPage","@id":"https:\/\/mmkriepas.lv\/en\/p\/215-60r17-toyo-proxes-cf2s-96h-2\/","url":"https:\/\/mmkriepas.lv\/en\/p\/215-60r17-toyo-proxes-cf2s-96h-2\/","name":"215\/60R17 Toyo Proxes CF2S 96H &#8226; MMK Riepas","isPartOf":{"@id":"https:\/\/mmkriepas.lv\/en\/#website"},"primaryImageOfPage":{"@id":"https:\/\/mmkriepas.lv\/en\/p\/215-60r17-toyo-proxes-cf2s-96h-2\/#primaryimage"},"image":{"@id":"https:\/\/mmkriepas.lv\/en\/p\/215-60r17-toyo-proxes-cf2s-96h-2\/#primaryimage"},"thumbnailUrl":"https:\/\/mmkriepas.lv\/wp-content\/uploads\/2025\/04\/21570r16-toyo-proxes-cf2s-100h-vasaras-riepas.jpg","datePublished":"2022-09-07T15:58:40+00:00","dateModified":"2025-01-23T12:36:48+00:00","breadcrumb":{"@id":"https:\/\/mmkriepas.lv\/en\/p\/215-60r17-toyo-proxes-cf2s-96h-2\/#breadcrumb"},"inLanguage":"en-US","potentialAction":[{"@type":"ReadAction","target":["https:\/\/mmkriepas.lv\/en\/p\/215-60r17-toyo-proxes-cf2s-96h-2\/"]}]},{"@type":"ImageObject","inLanguage":"en-US","@id":"https:\/\/mmkriepas.lv\/en\/p\/215-60r17-toyo-proxes-cf2s-96h-2\/#primaryimage","url":"https:\/\/mmkriepas.lv\/wp-content\/uploads\/2025\/04\/21570r16-toyo-proxes-cf2s-100h-vasaras-riepas.jpg","contentUrl":"https:\/\/mmkriepas.lv\/wp-content\/uploads\/2025\/04\/21570r16-toyo-proxes-cf2s-100h-vasaras-riepas.jpg","width":900,"height":720,"caption":"MAIN"},{"@type":"BreadcrumbList","@id":"https:\/\/mmkriepas.lv\/en\/p\/215-60r17-toyo-proxes-cf2s-96h-2\/#breadcrumb","itemListElement":[{"@type":"ListItem","position":1,"name":"S\u0101kums","item":"https:\/\/mmkriepas.lv\/en\/"},{"@type":"ListItem","position":2,"name":"215\/60R17 Toyo Proxes CF2S 96H"}]},{"@type":"WebSite","@id":"https:\/\/mmkriepas.lv\/en\/#website","url":"https:\/\/mmkriepas.lv\/en\/","name":"MMK Riepas","description":"MMK Riepas","alternateName":"MMK Riepu Serviss","potentialAction":[{"@type":"SearchAction","target":{"@type":"EntryPoint","urlTemplate":"https:\/\/mmkriepas.lv\/en\/?s={search_term_string}"},"query-input":{"@type":"PropertyValueSpecification","valueRequired":true,"valueName":"search_term_string"}}],"inLanguage":"en-US"},{"@type":"ImageObject","inLanguage":"en-US","@id":"https:\/\/mmkriepas.lv\/en\/p\/215-60r17-toyo-proxes-cf2s-96h-2\/#local-main-organization-logo","url":"","contentUrl":"","caption":"MMK Riepas"}]},"product_brand":"Toyo Proxes CF2S","product_price_amount":"96.00","product_price_currency":"EUR","og_availability":"instock","product_availability":"instock","product_retailer_item_id":"TS2156017TOYO-L10170","product_condition":"new"},"_links":{"self":[{"href":"https:\/\/mmkriepas.lv\/en\/wp-json\/wp\/v2\/product\/315592","targetHints":{"allow":["GET"]}}],"collection":[{"href":"https:\/\/mmkriepas.lv\/en\/wp-json\/wp\/v2\/product"}],"about":[{"href":"https:\/\/mmkriepas.lv\/en\/wp-json\/wp\/v2\/types\/product"}],"wp:featuredmedia":[{"embeddable":true,"href":"https:\/\/mmkriepas.lv\/en\/wp-json\/wp\/v2\/media\/1212624"}],"wp:attachment":[{"href":"https:\/\/mmkriepas.lv\/en\/wp-json\/wp\/v2\/media?parent=315592"}],"wp:term":[{"taxonomy":"product_brand","embeddable":true,"href":"https:\/\/mmkriepas.lv\/en\/wp-json\/wp\/v2\/product_brand?post=315592"},{"taxonomy":"product_cat","embeddable":true,"href":"https:\/\/mmkriepas.lv\/en\/wp-json\/wp\/v2\/product_cat?post=315592"},{"taxonomy":"product_tag","embeddable":true,"href":"https:\/\/mmkriepas.lv\/en\/wp-json\/wp\/v2\/product_tag?post=315592"}],"curies":[{"name":"wp","href":"https:\/\/api.w.org\/{rel}","templated":true}]}}