{"id":313265,"date":"2022-09-05T12:40:36","date_gmt":"2022-09-05T09:40:36","guid":{"rendered":"https:\/\/mmkserviss.lv\/?post_type=product&#038;p=313265"},"modified":"2026-03-27T12:44:01","modified_gmt":"2026-03-27T10:44:01","slug":"255-65r17-goodride-su318-h-t-110h","status":"publish","type":"product","link":"https:\/\/mmkriepas.lv\/en\/p\/255-65r17-goodride-su318-h-t-110h\/","title":{"rendered":"255\/65R17 Goodride SU318 H\/T 110H"},"content":{"rendered":"<h2>Vasaras riepas\u00a0Goodride SU318 H\/T<\/h2>\n<p>Riepu ra\u017eot\u0101js:<strong>\u00a0Goodride<\/strong> Riepu modelis: <strong>SU318 H\/T<\/strong> <strong>MMK Serviss nov\u0113rt\u0113jums:<\/strong>\u00a0<em>&#8221;Labas vasaras riepas par \u013coti labu cenu. Kvalit\u0101te augst\u0101ka par samaks\u0101to naudu.&#8221;<\/em><\/p>\n<h4>GOODRIDE RIEPAS \u2013 KVALIT\u0100TES Z\u012aME<\/h4>\n<p><strong>Goodride riepas<\/strong><span>\u00a0tiek ra\u017eotas kravas transportam, <strong>pasa\u017eieru automa\u0161\u012bn\u0101m<\/strong> (vieglais auto, kompaktklases, krossoveriem, SUV, apvidus, komerctransportam), motocikliem, industri\u0101lo iek\u0101rtu transportl\u012bdzek\u013ciem un pat velosip\u0113diem. Jebkuram no mums, uz\u0146\u0113muma pla\u0161\u0101 produktu kl\u0101sta un lielo ra\u017eo\u0161anas apjomu d\u0113\u013c, visticam\u0101k, ik pa laikam san\u0101k atrasties transportl\u012bdzek\u013cos, kas ir apr\u012bkoti ar \u0161\u012b\u00a0<strong>Goodride riep\u0101m<\/strong>. <\/span>Visiem Goodride produktiem ir pie\u0161\u0137irti starptautiski kvalit\u0101tes sertifik\u0101ti &#8211; DOT sertifik\u0101ti, ECE sertifik\u0101ti un INMETRO. V\u0113l jo vair\u0101k \u2013\u00a0<strong>Goodride riepu<\/strong>\u00a0kvalit\u0101ti apstiprina starptautiskais sertifik\u0101ts ISO \/ TS16949. Pla\u0161ais produktu kl\u0101sts un starptautiski atz\u012bt\u0101 kvalit\u0101te ir iemesls, k\u0101p\u0113c daudzos gad\u012bjumos MMK Riepu centra speci\u0101listi ieteiktu tie\u0161i<strong>\u00a0Goodride riepas<\/strong>\u00a0k\u0101 uzticamu sabiedroto, kas piem\u0113rots Latvijas ce\u013ciem.<\/p>\n<h4>GOODRIDE RIEPAS \u2013 UZTICAMAS RIEPAS<\/h4>\n<p><span>Atkar\u012bb\u0101 no mode\u013ca un dizaina veida,\u00a0<\/span><strong>Goodride riepas<\/strong><span>\u00a0tiek iedal\u012btas p\u0113c komforta un nodilumiztur\u012bbas. Pils\u0113tas ce\u013ciem un \u0161osej\u0101m paredz\u0113ti vieni mode\u013ci, savuk\u0101rt bezce\u013ciem pavisam citi. Tik skaidrs riepu sadal\u012bjums pal\u012bdz izv\u0113l\u0113ties optim\u0101l\u0101ko variantu automa\u0161\u012bnai. J\u0101\u0146em v\u0113r\u0101, ka jebkura veida riepu pareizas lieto\u0161anas pamatnoteikums ir vienm\u0113r uztur\u0113t optim\u0101lu spiedienu. P\u0101r\u0101k zems vai p\u0101r\u0101k augsts spiediens veicina \u0101tru riepu nodilumu, sliktu automa\u0161\u012bnas manevr\u0113\u0161anas sp\u0113ju un nestabilit\u0101ti uz ce\u013ca. MMK Riepu servisa speci\u0101listi iesaka Goodride vasaras riepas ikvienam klientam, kuram ir b\u016btiski produkta dizaina un veiktsp\u0113jas aspekti un kuru automa\u0161\u012bnas lieto\u0161anas paradumi prasa augstas kvalit\u0101tes uzticamas riepas.<\/span><\/p>\n<h4>Goodride SU318 H\/T galven\u0101s iez\u012bmes:<\/h4>\n<ul>\n<li><strong>Palielin\u0101ta stabilit\u0101te pagriezienos. <\/strong>Bloki, kas atrodas plecu zon\u0101s, ir ne tikai mas\u012bvi un \u0161\u0137\u0113rseniski novietoti, bet ar\u012b trapecveida form\u0101. \u0160is dizains iev\u0113rojami palielina riepas stabilit\u0101ti manevr\u0113\u0161anas laik\u0101.<\/li>\n<li><strong>Uzticamas riepas sliktos laikapst\u0101k\u013cos.<\/strong> Viena no \u0161\u0101da veida protektora dizaina galvenaj\u0101m iez\u012bm\u0113m ir palielin\u0101ts riepas sa\u0137eres malu daudzums taj\u0101. Liel\u0101k\u0101 da\u013ca no t\u0101m veidojas, atveroties daudzaj\u0101m lamel\u0113m, kas nodro\u0161ina lab\u0101ku sa\u0137eri nelabv\u0113l\u012bgos laika apst\u0101k\u013cos. Run\u0101jot par riepas uzved\u012bbu sliktos laikapst\u0101k\u013cos, nav iesp\u0113jams nepaman\u012bt gumijas mais\u012bjuma <strong>Silica Tech<\/strong> \u012bpa\u0161\u012bbas, jo vair\u0101k nek\u0101 pusi no sast\u0101va veido sil\u012bcija dioks\u012bds. \u0160\u0101da veida mais\u012bjums uzlabo sa\u0137eri ar slapju ce\u013cu.<\/li>\n<\/ul>\n<h4><strong>Goodride SA37 Sport\u00a0\u012bpa\u0161\u012bbas:<\/strong><\/h4>\n<p>+ sportiskas riepas \u013coti labi sa\u0137eres r\u0101d\u012bt\u0101ji, stabilit\u0101te l\u012bkumos + \u012bss bremz\u0113\u0161anas ce\u013c\u0161 + ar sil\u012bcija dioks\u012bdu pies\u0101tin\u0101ts gumijas mais\u012bjums un palielin\u0101ts lame\u013cu bl\u012bvums nodro\u0161ina dro\u0161u brauk\u0161anu uz slapja ce\u013ca + mas\u012bvi trapecveida bloki plecu zon\u0101s uzlabo sa\u0137eri un nov\u0113r\u0161 nevienm\u0113r\u012bgu nodilumu + degvielas ekonomija, zema rites pretest\u012bba + klusas riepas + augsta triecieniztur\u012bba\u00a0pasarg\u0101s riepu no p\u0101rsi\u0161anas bedr\u0113s + riepas izce\u013c\u0101s ar zemiem dilst\u012bbas r\u0101d\u012bt\u0101jiem, kas noz\u012bm\u0113 daudzu t\u016bksto\u0161u kilometru nobraukumu + izteikta disku aizsargmala + dro\u0161a vad\u0101m\u012bb\u0101 gan uz sausa, gan mitra seguma + augsta notur\u012bba pret akvaplan\u0113\u0161anu + garantija Vasaras riepa <strong>Goodride SU318 H\/T<\/strong> ir adres\u0113ta tiem automa\u0161\u012bnu \u012bpa\u0161niekiem, kuri riep\u0101s visvair\u0101k mekl\u0113 l\u012bdzsvarot\u012bbu &#8211; ar to \u0161oreiz dom\u0101ts &#8220;v\u0101jo vietu&#8221; tr\u016bkums. Tie\u0161i \u0161\u012b \u012bpa\u0161\u012bba raksturo modeli, jo tas izce\u013cas ar labu vad\u0101m\u012bbu un augstu komforta l\u012bmeni. <strong>Rekomend\u0113jam \u0161o modeli! <\/strong>&#8221;<em>Augsta kvalit\u0101te par zemu cenu.&#8221;\u00a0<\/em><\/p>\n<h5>*Uzman\u012bbu: Vasaras riepas, kas ir ra\u017eotas \u0136\u012bn\u0101, var b\u016bt apz\u012bm\u0113tas ar apz\u012bm\u0113jumu M+S. J\u0101\u0146em ver\u0101, ka \u0136\u012bnas teritorija sniedzas da\u017e\u0101d\u0101s klimatiskaj\u0101s zon\u0101s, kur da\u017eviet metereolo\u0123isk\u0101 ziema t\u0101 ar\u012b neiest\u0101jas. L\u012bdz ar to, tur \u0161\u012bs riepas var izmantot visu gadu, kam\u0113r Latvij\u0101 tas nestr\u0101d\u0101!\u00a0<\/h5>\n","protected":false},"excerpt":{"rendered":"<h2>Vasaras riepas\u00a0Goodride SU318 H\/T<\/h2>\n<p>Riepu ra\u017eot\u0101js:<strong>\u00a0Goodride<\/strong> Riepu modelis: <strong>SU318 H\/T<\/strong> <strong>MMK Serviss nov\u0113rt\u0113jums:<\/strong>\u00a0<em>&#8221;Labas vasaras riepas par \u013coti labu cenu. Kvalit\u0101te augst\u0101ka par samaks\u0101to naudu.&#8221;<\/em><\/p>\n","protected":false},"featured_media":900035,"template":"","meta":{"_acf_changed":false,"ngg_post_thumbnail":0},"product_brand":[],"product_cat":[46],"product_tag":[],"class_list":{"0":"post-313265","1":"product","2":"type-product","3":"status-publish","4":"has-post-thumbnail","6":"product_cat-vasaras-riepas","8":"first","9":"instock","10":"sale","11":"taxable","12":"shipping-taxable","13":"purchasable","14":"product-type-simple"},"acf":[],"yoast_head":"<!-- This site is optimized with the Yoast SEO Premium plugin v22.6 (Yoast SEO v27.3) - https:\/\/yoast.com\/product\/yoast-seo-premium-wordpress\/ -->\n<title>255\/65R17 Goodride SU318 H\/T 110H &#8226; MMK Riepas<\/title>\n<meta name=\"robots\" content=\"index, follow, max-snippet:-1, max-image-preview:large, max-video-preview:-1\" \/>\n<link rel=\"canonical\" href=\"https:\/\/mmkriepas.lv\/en\/p\/255-65r17-goodride-su318-h-t-110h\/\" \/>\n<meta property=\"og:locale\" content=\"en_US\" \/>\n<meta property=\"og:type\" content=\"article\" \/>\n<meta property=\"og:title\" content=\"255\/65R17 Goodride SU318 H\/T 110H\" \/>\n<meta property=\"og:description\" content=\"Vasaras riepas\u00a0Goodride SU318 H\/TRiepu ra\u017eot\u0101js:\u00a0Goodride Riepu modelis: SU318 H\/T MMK Serviss nov\u0113rt\u0113jums:\u00a0&#039;&#039;Labas vasaras riepas par \u013coti labu cenu. Kvalit\u0101te augst\u0101ka par samaks\u0101to naudu.&#039;&#039;\" \/>\n<meta property=\"og:url\" content=\"https:\/\/mmkriepas.lv\/en\/p\/255-65r17-goodride-su318-h-t-110h\/\" \/>\n<meta property=\"og:site_name\" content=\"MMK Riepas\" \/>\n<meta property=\"article:publisher\" content=\"https:\/\/www.facebook.com\/mmkserviss\/\" \/>\n<meta property=\"article:modified_time\" content=\"2026-03-27T10:44:01+00:00\" \/>\n<meta property=\"og:image\" content=\"https:\/\/mmkriepas.lv\/wp-content\/uploads\/2024\/05\/21565r17-goodride-su318-ht-99h-dot21-vasaras-riepas.jpg\" \/>\n\t<meta property=\"og:image:width\" content=\"900\" \/>\n\t<meta property=\"og:image:height\" content=\"720\" \/>\n\t<meta property=\"og:image:type\" content=\"image\/jpeg\" \/>\n<meta name=\"twitter:card\" content=\"summary_large_image\" \/>\n<meta name=\"twitter:label1\" content=\"Price\" \/>\n\t<meta name=\"twitter:data1\" content=\"&euro;91.00\" \/>\n\t<meta name=\"twitter:label2\" content=\"Availability\" \/>\n\t<meta name=\"twitter:data2\" content=\"In stock\" \/>\n<script type=\"application\/ld+json\" class=\"yoast-schema-graph\">{\"@context\":\"https:\\\/\\\/schema.org\",\"@graph\":[{\"@type\":\"WebPage\",\"@id\":\"https:\\\/\\\/mmkriepas.lv\\\/en\\\/p\\\/255-65r17-goodride-su318-h-t-110h\\\/\",\"url\":\"https:\\\/\\\/mmkriepas.lv\\\/en\\\/p\\\/255-65r17-goodride-su318-h-t-110h\\\/\",\"name\":\"255\\\/65R17 Goodride SU318 H\\\/T 110H &#8226; MMK Riepas\",\"isPartOf\":{\"@id\":\"https:\\\/\\\/mmkriepas.lv\\\/en\\\/#website\"},\"primaryImageOfPage\":{\"@id\":\"https:\\\/\\\/mmkriepas.lv\\\/en\\\/p\\\/255-65r17-goodride-su318-h-t-110h\\\/#primaryimage\"},\"image\":{\"@id\":\"https:\\\/\\\/mmkriepas.lv\\\/en\\\/p\\\/255-65r17-goodride-su318-h-t-110h\\\/#primaryimage\"},\"thumbnailUrl\":\"https:\\\/\\\/mmkriepas.lv\\\/wp-content\\\/uploads\\\/2024\\\/05\\\/21565r17-goodride-su318-ht-99h-dot21-vasaras-riepas.jpg\",\"datePublished\":\"2022-09-05T09:40:36+00:00\",\"dateModified\":\"2026-03-27T10:44:01+00:00\",\"breadcrumb\":{\"@id\":\"https:\\\/\\\/mmkriepas.lv\\\/en\\\/p\\\/255-65r17-goodride-su318-h-t-110h\\\/#breadcrumb\"},\"inLanguage\":\"en-US\",\"potentialAction\":[{\"@type\":\"ReadAction\",\"target\":[\"https:\\\/\\\/mmkriepas.lv\\\/en\\\/p\\\/255-65r17-goodride-su318-h-t-110h\\\/\"]}]},{\"@type\":\"ImageObject\",\"inLanguage\":\"en-US\",\"@id\":\"https:\\\/\\\/mmkriepas.lv\\\/en\\\/p\\\/255-65r17-goodride-su318-h-t-110h\\\/#primaryimage\",\"url\":\"https:\\\/\\\/mmkriepas.lv\\\/wp-content\\\/uploads\\\/2024\\\/05\\\/21565r17-goodride-su318-ht-99h-dot21-vasaras-riepas.jpg\",\"contentUrl\":\"https:\\\/\\\/mmkriepas.lv\\\/wp-content\\\/uploads\\\/2024\\\/05\\\/21565r17-goodride-su318-ht-99h-dot21-vasaras-riepas.jpg\",\"width\":900,\"height\":720,\"caption\":\"MAIN\"},{\"@type\":\"BreadcrumbList\",\"@id\":\"https:\\\/\\\/mmkriepas.lv\\\/en\\\/p\\\/255-65r17-goodride-su318-h-t-110h\\\/#breadcrumb\",\"itemListElement\":[{\"@type\":\"ListItem\",\"position\":1,\"name\":\"S\u0101kums\",\"item\":\"https:\\\/\\\/mmkriepas.lv\\\/en\\\/\"},{\"@type\":\"ListItem\",\"position\":2,\"name\":\"255\\\/65R17 Goodride SU318 H\\\/T 110H\"}]},{\"@type\":\"WebSite\",\"@id\":\"https:\\\/\\\/mmkriepas.lv\\\/en\\\/#website\",\"url\":\"https:\\\/\\\/mmkriepas.lv\\\/en\\\/\",\"name\":\"MMK Riepas\",\"description\":\"MMK Riepas\",\"alternateName\":\"MMK Riepu Serviss\",\"potentialAction\":[{\"@type\":\"SearchAction\",\"target\":{\"@type\":\"EntryPoint\",\"urlTemplate\":\"https:\\\/\\\/mmkriepas.lv\\\/en\\\/?s={search_term_string}\"},\"query-input\":{\"@type\":\"PropertyValueSpecification\",\"valueRequired\":true,\"valueName\":\"search_term_string\"}}],\"inLanguage\":\"en-US\"},{\"@type\":\"ImageObject\",\"inLanguage\":\"en-US\",\"@id\":\"https:\\\/\\\/mmkriepas.lv\\\/en\\\/p\\\/255-65r17-goodride-su318-h-t-110h\\\/#local-main-organization-logo\",\"url\":\"\",\"contentUrl\":\"\",\"caption\":\"MMK Riepas\"}]}<\/script>\n<meta property=\"product:brand\" content=\"Goodride SU318 H\/T\" \/>\n<meta property=\"product:price:amount\" content=\"91.00\" \/>\n<meta property=\"product:price:currency\" content=\"EUR\" \/>\n<meta property=\"og:availability\" content=\"instock\" \/>\n<meta property=\"product:availability\" content=\"instock\" \/>\n<meta property=\"product:retailer_item_id\" content=\"TS2556517GOODR-L10083\" \/>\n<meta property=\"product:condition\" content=\"new\" \/>\n<!-- \/ Yoast SEO Premium plugin. -->","yoast_head_json":{"title":"255\/65R17 Goodride SU318 H\/T 110H &#8226; MMK Riepas","robots":{"index":"index","follow":"follow","max-snippet":"max-snippet:-1","max-image-preview":"max-image-preview:large","max-video-preview":"max-video-preview:-1"},"canonical":"https:\/\/mmkriepas.lv\/en\/p\/255-65r17-goodride-su318-h-t-110h\/","og_locale":"en_US","og_type":"article","og_title":"255\/65R17 Goodride SU318 H\/T 110H","og_description":"Vasaras riepas\u00a0Goodride SU318 H\/TRiepu ra\u017eot\u0101js:\u00a0Goodride Riepu modelis: SU318 H\/T MMK Serviss nov\u0113rt\u0113jums:\u00a0''Labas vasaras riepas par \u013coti labu cenu. Kvalit\u0101te augst\u0101ka par samaks\u0101to naudu.''","og_url":"https:\/\/mmkriepas.lv\/en\/p\/255-65r17-goodride-su318-h-t-110h\/","og_site_name":"MMK Riepas","article_publisher":"https:\/\/www.facebook.com\/mmkserviss\/","article_modified_time":"2026-03-27T10:44:01+00:00","og_image":[{"width":900,"height":720,"url":"https:\/\/mmkriepas.lv\/wp-content\/uploads\/2024\/05\/21565r17-goodride-su318-ht-99h-dot21-vasaras-riepas.jpg","type":"image\/jpeg"}],"twitter_card":"summary_large_image","twitter_misc":{"Price":"&euro;91.00","Availability":"In stock"},"schema":{"@context":"https:\/\/schema.org","@graph":[{"@type":"WebPage","@id":"https:\/\/mmkriepas.lv\/en\/p\/255-65r17-goodride-su318-h-t-110h\/","url":"https:\/\/mmkriepas.lv\/en\/p\/255-65r17-goodride-su318-h-t-110h\/","name":"255\/65R17 Goodride SU318 H\/T 110H &#8226; MMK Riepas","isPartOf":{"@id":"https:\/\/mmkriepas.lv\/en\/#website"},"primaryImageOfPage":{"@id":"https:\/\/mmkriepas.lv\/en\/p\/255-65r17-goodride-su318-h-t-110h\/#primaryimage"},"image":{"@id":"https:\/\/mmkriepas.lv\/en\/p\/255-65r17-goodride-su318-h-t-110h\/#primaryimage"},"thumbnailUrl":"https:\/\/mmkriepas.lv\/wp-content\/uploads\/2024\/05\/21565r17-goodride-su318-ht-99h-dot21-vasaras-riepas.jpg","datePublished":"2022-09-05T09:40:36+00:00","dateModified":"2026-03-27T10:44:01+00:00","breadcrumb":{"@id":"https:\/\/mmkriepas.lv\/en\/p\/255-65r17-goodride-su318-h-t-110h\/#breadcrumb"},"inLanguage":"en-US","potentialAction":[{"@type":"ReadAction","target":["https:\/\/mmkriepas.lv\/en\/p\/255-65r17-goodride-su318-h-t-110h\/"]}]},{"@type":"ImageObject","inLanguage":"en-US","@id":"https:\/\/mmkriepas.lv\/en\/p\/255-65r17-goodride-su318-h-t-110h\/#primaryimage","url":"https:\/\/mmkriepas.lv\/wp-content\/uploads\/2024\/05\/21565r17-goodride-su318-ht-99h-dot21-vasaras-riepas.jpg","contentUrl":"https:\/\/mmkriepas.lv\/wp-content\/uploads\/2024\/05\/21565r17-goodride-su318-ht-99h-dot21-vasaras-riepas.jpg","width":900,"height":720,"caption":"MAIN"},{"@type":"BreadcrumbList","@id":"https:\/\/mmkriepas.lv\/en\/p\/255-65r17-goodride-su318-h-t-110h\/#breadcrumb","itemListElement":[{"@type":"ListItem","position":1,"name":"S\u0101kums","item":"https:\/\/mmkriepas.lv\/en\/"},{"@type":"ListItem","position":2,"name":"255\/65R17 Goodride SU318 H\/T 110H"}]},{"@type":"WebSite","@id":"https:\/\/mmkriepas.lv\/en\/#website","url":"https:\/\/mmkriepas.lv\/en\/","name":"MMK Riepas","description":"MMK Riepas","alternateName":"MMK Riepu Serviss","potentialAction":[{"@type":"SearchAction","target":{"@type":"EntryPoint","urlTemplate":"https:\/\/mmkriepas.lv\/en\/?s={search_term_string}"},"query-input":{"@type":"PropertyValueSpecification","valueRequired":true,"valueName":"search_term_string"}}],"inLanguage":"en-US"},{"@type":"ImageObject","inLanguage":"en-US","@id":"https:\/\/mmkriepas.lv\/en\/p\/255-65r17-goodride-su318-h-t-110h\/#local-main-organization-logo","url":"","contentUrl":"","caption":"MMK Riepas"}]},"product_brand":"Goodride SU318 H\/T","product_price_amount":"91.00","product_price_currency":"EUR","og_availability":"instock","product_availability":"instock","product_retailer_item_id":"TS2556517GOODR-L10083","product_condition":"new"},"_links":{"self":[{"href":"https:\/\/mmkriepas.lv\/en\/wp-json\/wp\/v2\/product\/313265","targetHints":{"allow":["GET"]}}],"collection":[{"href":"https:\/\/mmkriepas.lv\/en\/wp-json\/wp\/v2\/product"}],"about":[{"href":"https:\/\/mmkriepas.lv\/en\/wp-json\/wp\/v2\/types\/product"}],"wp:featuredmedia":[{"embeddable":true,"href":"https:\/\/mmkriepas.lv\/en\/wp-json\/wp\/v2\/media\/900035"}],"wp:attachment":[{"href":"https:\/\/mmkriepas.lv\/en\/wp-json\/wp\/v2\/media?parent=313265"}],"wp:term":[{"taxonomy":"product_brand","embeddable":true,"href":"https:\/\/mmkriepas.lv\/en\/wp-json\/wp\/v2\/product_brand?post=313265"},{"taxonomy":"product_cat","embeddable":true,"href":"https:\/\/mmkriepas.lv\/en\/wp-json\/wp\/v2\/product_cat?post=313265"},{"taxonomy":"product_tag","embeddable":true,"href":"https:\/\/mmkriepas.lv\/en\/wp-json\/wp\/v2\/product_tag?post=313265"}],"curies":[{"name":"wp","href":"https:\/\/api.w.org\/{rel}","templated":true}]}}