{"id":311628,"date":"2022-09-01T15:33:49","date_gmt":"2022-09-01T12:33:49","guid":{"rendered":"https:\/\/mmkserviss.lv\/?post_type=product&#038;p=311628"},"modified":"2026-03-27T12:43:40","modified_gmt":"2026-03-27T10:43:40","slug":"225-60r17-nankang-ice-1-103q-xl","status":"publish","type":"product","link":"https:\/\/mmkriepas.lv\/en\/p\/225-60r17-nankang-ice-1-103q-xl\/","title":{"rendered":"225\/60R17 Nankang Ice Activa ICE-1 103Q XL"},"content":{"rendered":"<p align=\"left\"><span style=\"color: #c9211e;\"><span style=\"font-family: Arial, sans-serif;\"><span style=\"font-size: large;\"><strong><span style=\"color: #000000;\"><span style=\"font-size: medium;\">Nankang Ice Activa ICE-1\u00a0<\/span><\/span><\/strong><span style=\"color: #000000;\"><span style=\"font-size: medium;\">ir labas kvalit\u0101tes, bud\u017eeta klases Skandin\u0101vijas tipa jeb m\u012bkst\u0101 sast\u0101va ziemas riepu modelis. Tas izce\u013cas ar lab\u0101m sa\u0137eres un manevr\u0113tsp\u0113jas \u012bpa\u0161\u012bb\u0101m gan uz uz sausa un slapja asfalta, gan ar\u012b snieg\u0101. Modelis paredz\u0113ts gan kompaktklases vieglaj\u0101m automa\u0161\u012bn\u0101m, gan apvidus auto jeb SUV un pieejams izm\u0113ru kl\u0101st\u0101 no R14, l\u012bdz R21.<\/span><\/span><\/span><\/span><\/span><\/p>\n<h3 class=\"western\"><strong><span style=\"font-family: Arial, sans-serif;\">Ice Activa<\/span><\/strong><strong><span style=\"font-family: Arial, sans-serif;\"> I<\/span><\/strong><strong><span style=\"font-family: Arial, sans-serif;\">CE<\/span><\/strong><strong><span style=\"font-family: Arial, sans-serif;\">-1 galven\u0101s iez\u012bmes<\/span><\/strong><\/h3>\n<p><span style=\"font-family: Arial, sans-serif;\">+ Laba sa\u0137ere un manevr\u0113tsp\u0113ja gan uz sausa un slapja asfalta, gan snieg\u0101.<br \/>+ Zems akvaplan\u0113\u0161anas risks.<br \/>+ Palielin\u0101ta nodilumiztur\u012bba.<br \/>+ Sal\u012bdzino\u0161i agres\u012bvs un dzi\u013c\u0161 protektors.<\/span><\/p>\n<h3 class=\"western\" align=\"left\"><strong><span style=\"color: #000000;\"><span style=\"font-family: Arial, sans-serif;\"><span style=\"font-size: large;\"><b>Ice Activa I<\/b><\/span><\/span><\/span><\/strong><strong><span style=\"color: #000000;\"><span style=\"font-family: Arial, sans-serif;\"><span style=\"font-size: large;\"><b>CE<\/b><\/span><\/span><\/span><\/strong><strong><span style=\"color: #000000;\"><span style=\"font-family: Arial, sans-serif;\"><span style=\"font-size: large;\"><b>-1 apr\u012bkojums<\/b><\/span><\/span><\/span><\/strong><\/h3>\n<p><strong><span style=\"font-family: Arial, sans-serif;\">Nankang <\/span><\/strong><strong><span style=\"font-family: Arial, sans-serif;\">Ice Activa<\/span><\/strong><strong><span style=\"font-family: Arial, sans-serif;\"> I<\/span><\/strong><strong><span style=\"font-family: Arial, sans-serif;\">CE<\/span><\/strong><strong><span style=\"font-family: Arial, sans-serif;\">-1\u00a0<\/span><\/strong><span style=\"font-family: Arial, sans-serif;\">Skandin\u0101vijas tipa ziemas riepas apr\u012bkotas ar sal\u012bdzino\u0161i agres\u012bvu un dzi\u013cu virzienveida protektora rakstu. \u0160\u0101ds dizains izv\u0113l\u0113ts uzlabotai riepu veiktsp\u0113jai snieg\u0101, k\u0101 ar\u012b zem\u0101kam akvaplan\u0113\u0161anas riskam.<\/span><\/p>\n<p><span style=\"font-family: Arial, sans-serif;\">Mas\u012bvajos, V-veid\u0101 izvietotajos protektora blokos bl\u012bvi iestr\u0101d\u0101ti dzi\u013ci iegriezumi jeb lameles. T\u0101s, str\u0101d\u0101jot l\u012bdz\u012bgi radz\u0113m, ar as\u0101m kant\u0113m iec\u0113rtas led\u016b un sabliet\u0113t\u0101 snieg\u0101, ar slidenaj\u0101m virsm\u0101m veidojot cie\u0161u sa\u0137eri.<\/span><\/p>\n<p><span style=\"font-family: Arial, sans-serif;\">Riepas darin\u0101tas no nodilumiztur\u012bga un elast\u012bga gumijas sakaus\u0113juma. Tam pievienotie elastrom\u0113ri pal\u012bdz riep\u0101m saglab\u0101t elast\u012bbu pat \u0101rk\u0101rt\u012bgi zem\u0101s temperat\u016br\u0101s. K\u0101 zin\u0101ms, elast\u012bga riepa daudz lab\u0101k veido sa\u0137eri ar ce\u013cu, k\u0101 ar\u012b dilst vienm\u0113r\u012bg\u0101k.<\/span><\/p>\n<p><span style=\"color: #ff0000;\"><span style=\"font-family: Times New Roman, serif;\"><span style=\"font-size: medium;\"><span style=\"font-family: Arial, serif;\">Mode\u013ca lieto\u0161anas dro\u0161\u012bbu ziemas laika apst\u0101k\u013cos un t\u0101 atbilst\u012bbu valst\u012bm ar oblig\u0101tu sezon\u0101lo riepu mai\u0146u apstiprina mar\u0137\u0113jums sniegp\u0101rslas form\u0101 uz kalna fona ar trim virsotn\u0113m (3PMSF).<\/span><\/span><\/span><\/span><\/p>\n","protected":false},"excerpt":{"rendered":"<p><span style=\"color: #c9211e;\"><span style=\"font-family: Arial, sans-serif;\"><span style=\"font-size: large;\"><strong><span style=\"color: #000000;\"><span style=\"font-size: medium;\">Nankang Ice Activa ICE-1\u00a0<\/span><\/span><\/strong><span style=\"color: #000000;\"><span style=\"font-size: medium;\">ir labas kvalit\u0101tes, bud\u017eeta klases Skandin\u0101vijas tipa jeb m\u012bkst\u0101 sast\u0101va ziemas riepu modelis. Tas izce\u013cas ar lab\u0101m sa\u0137eres un manevr\u0113tsp\u0113jas \u012bpa\u0161\u012bb\u0101m gan uz uz sausa un slapja asfalta, gan ar\u012b snieg\u0101. Modelis paredz\u0113ts gan kompaktklases vieglaj\u0101m automa\u0161\u012bn\u0101m, gan apvidus auto jeb SUV un pieejams izm\u0113ru kl\u0101st\u0101 no R14, l\u012bdz R21.<\/span><\/span><\/span><\/span><\/span><\/p>\n","protected":false},"featured_media":862447,"template":"","meta":{"_acf_changed":false,"ngg_post_thumbnail":0},"product_brand":[],"product_cat":[47,45],"product_tag":[],"class_list":{"0":"post-311628","1":"product","2":"type-product","3":"status-publish","4":"has-post-thumbnail","6":"product_cat-vissezonas-riepas","7":"product_cat-ziemas-riepas","9":"first","10":"instock","11":"sale","12":"taxable","13":"shipping-taxable","14":"purchasable","15":"product-type-simple"},"acf":[],"yoast_head":"<!-- This site is optimized with the Yoast SEO Premium plugin v22.6 (Yoast SEO v27.3) - https:\/\/yoast.com\/product\/yoast-seo-premium-wordpress\/ -->\n<title>225\/60R17 Nankang Ice Activa ICE-1 103Q XL &#8226; MMK Riepas<\/title>\n<meta name=\"robots\" content=\"index, follow, max-snippet:-1, max-image-preview:large, max-video-preview:-1\" \/>\n<link rel=\"canonical\" href=\"https:\/\/mmkriepas.lv\/en\/p\/225-60r17-nankang-ice-1-103q-xl\/\" \/>\n<meta property=\"og:locale\" content=\"en_US\" \/>\n<meta property=\"og:type\" content=\"article\" \/>\n<meta property=\"og:title\" content=\"225\/60R17 Nankang Ice Activa ICE-1 103Q XL\" \/>\n<meta property=\"og:description\" content=\"Nankang Ice Activa ICE-1\u00a0ir labas kvalit\u0101tes, bud\u017eeta klases Skandin\u0101vijas tipa jeb m\u012bkst\u0101 sast\u0101va ziemas riepu modelis. Tas izce\u013cas ar lab\u0101m sa\u0137eres un manevr\u0113tsp\u0113jas \u012bpa\u0161\u012bb\u0101m gan uz uz sausa un slapja asfalta, gan ar\u012b snieg\u0101. Modelis paredz\u0113ts gan kompaktklases vieglaj\u0101m automa\u0161\u012bn\u0101m, gan apvidus auto jeb SUV un pieejams izm\u0113ru kl\u0101st\u0101 no R14, l\u012bdz R21.\" \/>\n<meta property=\"og:url\" content=\"https:\/\/mmkriepas.lv\/en\/p\/225-60r17-nankang-ice-1-103q-xl\/\" \/>\n<meta property=\"og:site_name\" content=\"MMK Riepas\" \/>\n<meta property=\"article:publisher\" content=\"https:\/\/www.facebook.com\/mmkserviss\/\" \/>\n<meta property=\"article:modified_time\" content=\"2026-03-27T10:43:40+00:00\" \/>\n<meta property=\"og:image\" content=\"https:\/\/mmkriepas.lv\/wp-content\/uploads\/2024\/02\/22545r17-nankang-ice-activa-ice-1-94q-xl-ziemas-riepas.jpg\" \/>\n\t<meta property=\"og:image:width\" content=\"1920\" \/>\n\t<meta property=\"og:image:height\" content=\"1440\" \/>\n\t<meta property=\"og:image:type\" content=\"image\/jpeg\" \/>\n<meta name=\"twitter:card\" content=\"summary_large_image\" \/>\n<meta name=\"twitter:label1\" content=\"Price\" \/>\n\t<meta name=\"twitter:data1\" content=\"&euro;109.00\" \/>\n\t<meta name=\"twitter:label2\" content=\"Availability\" \/>\n\t<meta name=\"twitter:data2\" content=\"In stock\" \/>\n<script type=\"application\/ld+json\" class=\"yoast-schema-graph\">{\"@context\":\"https:\\\/\\\/schema.org\",\"@graph\":[{\"@type\":\"WebPage\",\"@id\":\"https:\\\/\\\/mmkriepas.lv\\\/en\\\/p\\\/225-60r17-nankang-ice-1-103q-xl\\\/\",\"url\":\"https:\\\/\\\/mmkriepas.lv\\\/en\\\/p\\\/225-60r17-nankang-ice-1-103q-xl\\\/\",\"name\":\"225\\\/60R17 Nankang Ice Activa ICE-1 103Q XL &#8226; MMK Riepas\",\"isPartOf\":{\"@id\":\"https:\\\/\\\/mmkriepas.lv\\\/en\\\/#website\"},\"primaryImageOfPage\":{\"@id\":\"https:\\\/\\\/mmkriepas.lv\\\/en\\\/p\\\/225-60r17-nankang-ice-1-103q-xl\\\/#primaryimage\"},\"image\":{\"@id\":\"https:\\\/\\\/mmkriepas.lv\\\/en\\\/p\\\/225-60r17-nankang-ice-1-103q-xl\\\/#primaryimage\"},\"thumbnailUrl\":\"https:\\\/\\\/mmkriepas.lv\\\/wp-content\\\/uploads\\\/2024\\\/02\\\/22545r17-nankang-ice-activa-ice-1-94q-xl-ziemas-riepas.jpg\",\"datePublished\":\"2022-09-01T12:33:49+00:00\",\"dateModified\":\"2026-03-27T10:43:40+00:00\",\"breadcrumb\":{\"@id\":\"https:\\\/\\\/mmkriepas.lv\\\/en\\\/p\\\/225-60r17-nankang-ice-1-103q-xl\\\/#breadcrumb\"},\"inLanguage\":\"en-US\",\"potentialAction\":[{\"@type\":\"ReadAction\",\"target\":[\"https:\\\/\\\/mmkriepas.lv\\\/en\\\/p\\\/225-60r17-nankang-ice-1-103q-xl\\\/\"]}]},{\"@type\":\"ImageObject\",\"inLanguage\":\"en-US\",\"@id\":\"https:\\\/\\\/mmkriepas.lv\\\/en\\\/p\\\/225-60r17-nankang-ice-1-103q-xl\\\/#primaryimage\",\"url\":\"https:\\\/\\\/mmkriepas.lv\\\/wp-content\\\/uploads\\\/2024\\\/02\\\/22545r17-nankang-ice-activa-ice-1-94q-xl-ziemas-riepas.jpg\",\"contentUrl\":\"https:\\\/\\\/mmkriepas.lv\\\/wp-content\\\/uploads\\\/2024\\\/02\\\/22545r17-nankang-ice-activa-ice-1-94q-xl-ziemas-riepas.jpg\",\"width\":1920,\"height\":1440,\"caption\":\"225\\\/45R17 Nankang Ice Activa ICE-1 94Q XL - Vissezonas riepas \\\/ Ziemas riepas\"},{\"@type\":\"BreadcrumbList\",\"@id\":\"https:\\\/\\\/mmkriepas.lv\\\/en\\\/p\\\/225-60r17-nankang-ice-1-103q-xl\\\/#breadcrumb\",\"itemListElement\":[{\"@type\":\"ListItem\",\"position\":1,\"name\":\"S\u0101kums\",\"item\":\"https:\\\/\\\/mmkriepas.lv\\\/en\\\/\"},{\"@type\":\"ListItem\",\"position\":2,\"name\":\"225\\\/60R17 Nankang Ice Activa ICE-1 103Q XL\"}]},{\"@type\":\"WebSite\",\"@id\":\"https:\\\/\\\/mmkriepas.lv\\\/en\\\/#website\",\"url\":\"https:\\\/\\\/mmkriepas.lv\\\/en\\\/\",\"name\":\"MMK Riepas\",\"description\":\"MMK Riepas\",\"alternateName\":\"MMK Riepu Serviss\",\"potentialAction\":[{\"@type\":\"SearchAction\",\"target\":{\"@type\":\"EntryPoint\",\"urlTemplate\":\"https:\\\/\\\/mmkriepas.lv\\\/en\\\/?s={search_term_string}\"},\"query-input\":{\"@type\":\"PropertyValueSpecification\",\"valueRequired\":true,\"valueName\":\"search_term_string\"}}],\"inLanguage\":\"en-US\"},{\"@type\":\"ImageObject\",\"inLanguage\":\"en-US\",\"@id\":\"https:\\\/\\\/mmkriepas.lv\\\/en\\\/p\\\/225-60r17-nankang-ice-1-103q-xl\\\/#local-main-organization-logo\",\"url\":\"\",\"contentUrl\":\"\",\"caption\":\"MMK Riepas\"}]}<\/script>\n<meta property=\"product:brand\" content=\"Nankang Ice Activa ICE-1\" \/>\n<meta property=\"product:price:amount\" content=\"109.00\" \/>\n<meta property=\"product:price:currency\" content=\"EUR\" \/>\n<meta property=\"og:availability\" content=\"instock\" \/>\n<meta property=\"product:availability\" content=\"instock\" \/>\n<meta property=\"product:retailer_item_id\" content=\"TW2256017NANKA-L9916\" \/>\n<meta property=\"product:condition\" content=\"new\" \/>\n<!-- \/ Yoast SEO Premium plugin. -->","yoast_head_json":{"title":"225\/60R17 Nankang Ice Activa ICE-1 103Q XL &#8226; MMK Riepas","robots":{"index":"index","follow":"follow","max-snippet":"max-snippet:-1","max-image-preview":"max-image-preview:large","max-video-preview":"max-video-preview:-1"},"canonical":"https:\/\/mmkriepas.lv\/en\/p\/225-60r17-nankang-ice-1-103q-xl\/","og_locale":"en_US","og_type":"article","og_title":"225\/60R17 Nankang Ice Activa ICE-1 103Q XL","og_description":"Nankang Ice Activa ICE-1\u00a0ir labas kvalit\u0101tes, bud\u017eeta klases Skandin\u0101vijas tipa jeb m\u012bkst\u0101 sast\u0101va ziemas riepu modelis. Tas izce\u013cas ar lab\u0101m sa\u0137eres un manevr\u0113tsp\u0113jas \u012bpa\u0161\u012bb\u0101m gan uz uz sausa un slapja asfalta, gan ar\u012b snieg\u0101. Modelis paredz\u0113ts gan kompaktklases vieglaj\u0101m automa\u0161\u012bn\u0101m, gan apvidus auto jeb SUV un pieejams izm\u0113ru kl\u0101st\u0101 no R14, l\u012bdz R21.","og_url":"https:\/\/mmkriepas.lv\/en\/p\/225-60r17-nankang-ice-1-103q-xl\/","og_site_name":"MMK Riepas","article_publisher":"https:\/\/www.facebook.com\/mmkserviss\/","article_modified_time":"2026-03-27T10:43:40+00:00","og_image":[{"width":1920,"height":1440,"url":"https:\/\/mmkriepas.lv\/wp-content\/uploads\/2024\/02\/22545r17-nankang-ice-activa-ice-1-94q-xl-ziemas-riepas.jpg","type":"image\/jpeg"}],"twitter_card":"summary_large_image","twitter_misc":{"Price":"&euro;109.00","Availability":"In stock"},"schema":{"@context":"https:\/\/schema.org","@graph":[{"@type":"WebPage","@id":"https:\/\/mmkriepas.lv\/en\/p\/225-60r17-nankang-ice-1-103q-xl\/","url":"https:\/\/mmkriepas.lv\/en\/p\/225-60r17-nankang-ice-1-103q-xl\/","name":"225\/60R17 Nankang Ice Activa ICE-1 103Q XL &#8226; MMK Riepas","isPartOf":{"@id":"https:\/\/mmkriepas.lv\/en\/#website"},"primaryImageOfPage":{"@id":"https:\/\/mmkriepas.lv\/en\/p\/225-60r17-nankang-ice-1-103q-xl\/#primaryimage"},"image":{"@id":"https:\/\/mmkriepas.lv\/en\/p\/225-60r17-nankang-ice-1-103q-xl\/#primaryimage"},"thumbnailUrl":"https:\/\/mmkriepas.lv\/wp-content\/uploads\/2024\/02\/22545r17-nankang-ice-activa-ice-1-94q-xl-ziemas-riepas.jpg","datePublished":"2022-09-01T12:33:49+00:00","dateModified":"2026-03-27T10:43:40+00:00","breadcrumb":{"@id":"https:\/\/mmkriepas.lv\/en\/p\/225-60r17-nankang-ice-1-103q-xl\/#breadcrumb"},"inLanguage":"en-US","potentialAction":[{"@type":"ReadAction","target":["https:\/\/mmkriepas.lv\/en\/p\/225-60r17-nankang-ice-1-103q-xl\/"]}]},{"@type":"ImageObject","inLanguage":"en-US","@id":"https:\/\/mmkriepas.lv\/en\/p\/225-60r17-nankang-ice-1-103q-xl\/#primaryimage","url":"https:\/\/mmkriepas.lv\/wp-content\/uploads\/2024\/02\/22545r17-nankang-ice-activa-ice-1-94q-xl-ziemas-riepas.jpg","contentUrl":"https:\/\/mmkriepas.lv\/wp-content\/uploads\/2024\/02\/22545r17-nankang-ice-activa-ice-1-94q-xl-ziemas-riepas.jpg","width":1920,"height":1440,"caption":"225\/45R17 Nankang Ice Activa ICE-1 94Q XL - Vissezonas riepas \/ Ziemas riepas"},{"@type":"BreadcrumbList","@id":"https:\/\/mmkriepas.lv\/en\/p\/225-60r17-nankang-ice-1-103q-xl\/#breadcrumb","itemListElement":[{"@type":"ListItem","position":1,"name":"S\u0101kums","item":"https:\/\/mmkriepas.lv\/en\/"},{"@type":"ListItem","position":2,"name":"225\/60R17 Nankang Ice Activa ICE-1 103Q XL"}]},{"@type":"WebSite","@id":"https:\/\/mmkriepas.lv\/en\/#website","url":"https:\/\/mmkriepas.lv\/en\/","name":"MMK Riepas","description":"MMK Riepas","alternateName":"MMK Riepu Serviss","potentialAction":[{"@type":"SearchAction","target":{"@type":"EntryPoint","urlTemplate":"https:\/\/mmkriepas.lv\/en\/?s={search_term_string}"},"query-input":{"@type":"PropertyValueSpecification","valueRequired":true,"valueName":"search_term_string"}}],"inLanguage":"en-US"},{"@type":"ImageObject","inLanguage":"en-US","@id":"https:\/\/mmkriepas.lv\/en\/p\/225-60r17-nankang-ice-1-103q-xl\/#local-main-organization-logo","url":"","contentUrl":"","caption":"MMK Riepas"}]},"product_brand":"Nankang Ice Activa ICE-1","product_price_amount":"109.00","product_price_currency":"EUR","og_availability":"instock","product_availability":"instock","product_retailer_item_id":"TW2256017NANKA-L9916","product_condition":"new"},"_links":{"self":[{"href":"https:\/\/mmkriepas.lv\/en\/wp-json\/wp\/v2\/product\/311628","targetHints":{"allow":["GET"]}}],"collection":[{"href":"https:\/\/mmkriepas.lv\/en\/wp-json\/wp\/v2\/product"}],"about":[{"href":"https:\/\/mmkriepas.lv\/en\/wp-json\/wp\/v2\/types\/product"}],"wp:featuredmedia":[{"embeddable":true,"href":"https:\/\/mmkriepas.lv\/en\/wp-json\/wp\/v2\/media\/862447"}],"wp:attachment":[{"href":"https:\/\/mmkriepas.lv\/en\/wp-json\/wp\/v2\/media?parent=311628"}],"wp:term":[{"taxonomy":"product_brand","embeddable":true,"href":"https:\/\/mmkriepas.lv\/en\/wp-json\/wp\/v2\/product_brand?post=311628"},{"taxonomy":"product_cat","embeddable":true,"href":"https:\/\/mmkriepas.lv\/en\/wp-json\/wp\/v2\/product_cat?post=311628"},{"taxonomy":"product_tag","embeddable":true,"href":"https:\/\/mmkriepas.lv\/en\/wp-json\/wp\/v2\/product_tag?post=311628"}],"curies":[{"name":"wp","href":"https:\/\/api.w.org\/{rel}","templated":true}]}}