{"id":311626,"date":"2022-09-01T15:33:43","date_gmt":"2022-09-01T12:33:43","guid":{"rendered":"https:\/\/mmkserviss.lv\/?post_type=product&#038;p=311626"},"modified":"2026-03-27T12:43:39","modified_gmt":"2026-03-27T10:43:39","slug":"225-55r17-nankang-sw-7-101t-xl-ar-radzem","status":"publish","type":"product","link":"https:\/\/mmkriepas.lv\/en\/p\/225-55r17-nankang-sw-7-101t-xl-ar-radzem\/","title":{"rendered":"225\/55R17 Nankang Ice Activa SW-7 101T XL ar radz\u0113m"},"content":{"rendered":"<p align=\"left\"><span style=\"color: #000000;\"><span style=\"font-family: Arial, sans-serif;\"><span style=\"font-size: medium;\"><b>Nankang Ice Activa SW-7 <\/b>ir \u013coti labas kvalit\u0101tes, premium bud\u017eeta klases rad\u017eojamais ziemas riepu modelis. Tas izce\u013cas ar \u013coti lab\u0101m sa\u0137eres un manevr\u0113tsp\u0113jas \u012bpa\u0161\u012bb\u0101m gan snieg\u0101 un slapjdra\u0146\u0137\u012b, gan uz apledoju\u0161\u0101m ce\u013ca virsm\u0101m. \u0160is riepu modelis pieejams izm\u0113ru kl\u0101st\u0101 no R13 l\u012bdz R19 un paredz\u0113ts no kompaktklases l\u012bdz pat SUV jeb apvidus automa\u0161\u012bn\u0101m.<\/span><\/span><\/span><\/p>\n<h3 class=\"western\"><span style=\"font-family: Arial, sans-serif;\"><b>Ice Activa <\/b><b>SW-7 galven\u0101s iez\u012bmes<\/b><\/span><\/h3>\n<p><span style=\"font-family: Arial, sans-serif;\">+ Labi sa\u0137eres r\u0101d\u012bt\u0101ji skarbos ziemas brauk\u0161anas apst\u0101k\u013cos: gan snieg\u0101 un slapjdra\u0146\u0137\u012b, gan ar\u012b uz apledoju\u0161\u0101m ce\u013ca virsm\u0101m, pateicoties radz\u0113m.<\/span><\/p>\n<p><span style=\"font-family: Arial, sans-serif;\">+ Radzes ne tikai uzlabo sa\u0137eri uz ledus, bet ar\u012b palielina riepu nodilumiztur\u012bbu par l\u012bdz pat 40%.<\/span><\/p>\n<p><span style=\"font-family: Arial, sans-serif;\">+ Zems akvaplan\u0113\u0161anas risks, pateicoties virzienveida protektora dizainam.<\/span><\/p>\n<h3 class=\"western\" align=\"left\"><span style=\"font-family: Arial, sans-serif;\"><span style=\"color: #000000;\"><span style=\"font-size: large;\"><b>Ice Activa SW-7 apr\u012bkojums<\/b><\/span><\/span><\/span><\/h3>\n<p align=\"left\">\n<p><span style=\"font-family: Arial, sans-serif;\"><b>Nankang <\/b><b>Ice Activa <\/b><b>SW-7 <\/b>rad\u017eojamais ziemas riepu modelis apr\u012bkots ar dzi\u013cu un agres\u012bvu protektora rakstu. \u0160\u0101ds dizains uzlabo veiktsp\u0113ju dzi\u013c\u0101 snieg\u0101 un slapjdra\u0146\u0137\u012b, atvieglojot ar\u012b brauk\u0161anas uzs\u0101k\u0161anu un samazinot akvaplan\u0113\u0161anas risku.<\/span><\/p>\n<p><span style=\"font-family: Arial, sans-serif;\">Mas\u012bvajos V-veid\u0101 izvietotajos protektora blokos iesp\u0113jams iestr\u0101d\u0101t radzes.\u00a0 Turkl\u0101t, radzes, kas darin\u0101tas no met\u0101la, balsta protektoru un dilst l\u0113n\u0101k par gumiju, paildzinot riepu m\u016b\u017eu par l\u012bdz pat 40%.<\/span><\/p>\n","protected":false},"excerpt":{"rendered":"<p align=\"left\"><span style=\"color: #000000;\"><span style=\"font-family: Arial, sans-serif;\"><span style=\"font-size: medium;\"><b>Nankang Ice Activa SW-7 <\/b>ir \u013coti labas kvalit\u0101tes, premium bud\u017eeta klases rad\u017eojamais ziemas riepu modelis. Tas izce\u013cas ar \u013coti lab\u0101m sa\u0137eres un manevr\u0113tsp\u0113jas \u012bpa\u0161\u012bb\u0101m gan snieg\u0101 un slapjdra\u0146\u0137\u012b, gan uz apledoju\u0161\u0101m ce\u013ca virsm\u0101m. \u0160is riepu modelis pieejams izm\u0113ru kl\u0101st\u0101 no R13 l\u012bdz R19 un paredz\u0113ts no kompaktklases l\u012bdz pat SUV jeb apvidus automa\u0161\u012bn\u0101m.<\/span><\/span><\/span><\/p>\n","protected":false},"featured_media":796022,"template":"","meta":{"_acf_changed":false,"ngg_post_thumbnail":0},"product_brand":[],"product_cat":[45,48],"product_tag":[],"class_list":{"0":"post-311626","1":"product","2":"type-product","3":"status-publish","4":"has-post-thumbnail","6":"product_cat-ziemas-riepas","7":"product_cat-ziemas-ar-radzem","9":"first","10":"instock","11":"sale","12":"taxable","13":"shipping-taxable","14":"purchasable","15":"product-type-simple"},"acf":[],"yoast_head":"<!-- This site is optimized with the Yoast SEO Premium plugin v22.6 (Yoast SEO v27.3) - https:\/\/yoast.com\/product\/yoast-seo-premium-wordpress\/ -->\n<title>225\/55R17 Nankang Ice Activa SW-7 101T XL ar radz\u0113m &#8226; MMK Riepas<\/title>\n<meta name=\"robots\" content=\"index, follow, max-snippet:-1, max-image-preview:large, max-video-preview:-1\" \/>\n<link rel=\"canonical\" href=\"https:\/\/mmkriepas.lv\/en\/p\/225-55r17-nankang-sw-7-101t-xl-ar-radzem\/\" \/>\n<meta property=\"og:locale\" content=\"en_US\" \/>\n<meta property=\"og:type\" content=\"article\" \/>\n<meta property=\"og:title\" content=\"225\/55R17 Nankang Ice Activa SW-7 101T XL ar radz\u0113m\" \/>\n<meta property=\"og:description\" content=\"Nankang Ice Activa SW-7 ir \u013coti labas kvalit\u0101tes, premium bud\u017eeta klases rad\u017eojamais ziemas riepu modelis. Tas izce\u013cas ar \u013coti lab\u0101m sa\u0137eres un manevr\u0113tsp\u0113jas \u012bpa\u0161\u012bb\u0101m gan snieg\u0101 un slapjdra\u0146\u0137\u012b, gan uz apledoju\u0161\u0101m ce\u013ca virsm\u0101m. \u0160is riepu modelis pieejams izm\u0113ru kl\u0101st\u0101 no R13 l\u012bdz R19 un paredz\u0113ts no kompaktklases l\u012bdz pat SUV jeb apvidus automa\u0161\u012bn\u0101m.\" \/>\n<meta property=\"og:url\" content=\"https:\/\/mmkriepas.lv\/en\/p\/225-55r17-nankang-sw-7-101t-xl-ar-radzem\/\" \/>\n<meta property=\"og:site_name\" content=\"MMK Riepas\" \/>\n<meta property=\"article:publisher\" content=\"https:\/\/www.facebook.com\/mmkserviss\/\" \/>\n<meta property=\"article:modified_time\" content=\"2026-03-27T10:43:39+00:00\" \/>\n<meta property=\"og:image\" content=\"https:\/\/mmkriepas.lv\/wp-content\/uploads\/2023\/09\/23550r18-nankang-ice-activa-sw-7-101t-xl-ar-radzem-ziemas-riepas-ziemas-ar-radzem-riepas.jpg\" \/>\n\t<meta property=\"og:image:width\" content=\"1920\" \/>\n\t<meta property=\"og:image:height\" content=\"1920\" \/>\n\t<meta property=\"og:image:type\" content=\"image\/jpeg\" \/>\n<meta name=\"twitter:card\" content=\"summary_large_image\" \/>\n<meta name=\"twitter:label1\" content=\"Price\" \/>\n\t<meta name=\"twitter:data1\" content=\"&euro;103.00\" \/>\n\t<meta name=\"twitter:label2\" content=\"Availability\" \/>\n\t<meta name=\"twitter:data2\" content=\"In stock\" \/>\n<script type=\"application\/ld+json\" class=\"yoast-schema-graph\">{\"@context\":\"https:\\\/\\\/schema.org\",\"@graph\":[{\"@type\":\"WebPage\",\"@id\":\"https:\\\/\\\/mmkriepas.lv\\\/en\\\/p\\\/225-55r17-nankang-sw-7-101t-xl-ar-radzem\\\/\",\"url\":\"https:\\\/\\\/mmkriepas.lv\\\/en\\\/p\\\/225-55r17-nankang-sw-7-101t-xl-ar-radzem\\\/\",\"name\":\"225\\\/55R17 Nankang Ice Activa SW-7 101T XL ar radz\u0113m &#8226; MMK Riepas\",\"isPartOf\":{\"@id\":\"https:\\\/\\\/mmkriepas.lv\\\/en\\\/#website\"},\"primaryImageOfPage\":{\"@id\":\"https:\\\/\\\/mmkriepas.lv\\\/en\\\/p\\\/225-55r17-nankang-sw-7-101t-xl-ar-radzem\\\/#primaryimage\"},\"image\":{\"@id\":\"https:\\\/\\\/mmkriepas.lv\\\/en\\\/p\\\/225-55r17-nankang-sw-7-101t-xl-ar-radzem\\\/#primaryimage\"},\"thumbnailUrl\":\"https:\\\/\\\/mmkriepas.lv\\\/wp-content\\\/uploads\\\/2023\\\/09\\\/23550r18-nankang-ice-activa-sw-7-101t-xl-ar-radzem-ziemas-riepas-ziemas-ar-radzem-riepas.jpg\",\"datePublished\":\"2022-09-01T12:33:43+00:00\",\"dateModified\":\"2026-03-27T10:43:39+00:00\",\"breadcrumb\":{\"@id\":\"https:\\\/\\\/mmkriepas.lv\\\/en\\\/p\\\/225-55r17-nankang-sw-7-101t-xl-ar-radzem\\\/#breadcrumb\"},\"inLanguage\":\"en-US\",\"potentialAction\":[{\"@type\":\"ReadAction\",\"target\":[\"https:\\\/\\\/mmkriepas.lv\\\/en\\\/p\\\/225-55r17-nankang-sw-7-101t-xl-ar-radzem\\\/\"]}]},{\"@type\":\"ImageObject\",\"inLanguage\":\"en-US\",\"@id\":\"https:\\\/\\\/mmkriepas.lv\\\/en\\\/p\\\/225-55r17-nankang-sw-7-101t-xl-ar-radzem\\\/#primaryimage\",\"url\":\"https:\\\/\\\/mmkriepas.lv\\\/wp-content\\\/uploads\\\/2023\\\/09\\\/23550r18-nankang-ice-activa-sw-7-101t-xl-ar-radzem-ziemas-riepas-ziemas-ar-radzem-riepas.jpg\",\"contentUrl\":\"https:\\\/\\\/mmkriepas.lv\\\/wp-content\\\/uploads\\\/2023\\\/09\\\/23550r18-nankang-ice-activa-sw-7-101t-xl-ar-radzem-ziemas-riepas-ziemas-ar-radzem-riepas.jpg\",\"width\":1920,\"height\":1920,\"caption\":\"MAIN\"},{\"@type\":\"BreadcrumbList\",\"@id\":\"https:\\\/\\\/mmkriepas.lv\\\/en\\\/p\\\/225-55r17-nankang-sw-7-101t-xl-ar-radzem\\\/#breadcrumb\",\"itemListElement\":[{\"@type\":\"ListItem\",\"position\":1,\"name\":\"S\u0101kums\",\"item\":\"https:\\\/\\\/mmkriepas.lv\\\/en\\\/\"},{\"@type\":\"ListItem\",\"position\":2,\"name\":\"225\\\/55R17 Nankang Ice Activa SW-7 101T XL ar radz\u0113m\"}]},{\"@type\":\"WebSite\",\"@id\":\"https:\\\/\\\/mmkriepas.lv\\\/en\\\/#website\",\"url\":\"https:\\\/\\\/mmkriepas.lv\\\/en\\\/\",\"name\":\"MMK Riepas\",\"description\":\"MMK Riepas\",\"alternateName\":\"MMK Riepu Serviss\",\"potentialAction\":[{\"@type\":\"SearchAction\",\"target\":{\"@type\":\"EntryPoint\",\"urlTemplate\":\"https:\\\/\\\/mmkriepas.lv\\\/en\\\/?s={search_term_string}\"},\"query-input\":{\"@type\":\"PropertyValueSpecification\",\"valueRequired\":true,\"valueName\":\"search_term_string\"}}],\"inLanguage\":\"en-US\"},{\"@type\":\"ImageObject\",\"inLanguage\":\"en-US\",\"@id\":\"https:\\\/\\\/mmkriepas.lv\\\/en\\\/p\\\/225-55r17-nankang-sw-7-101t-xl-ar-radzem\\\/#local-main-organization-logo\",\"url\":\"\",\"contentUrl\":\"\",\"caption\":\"MMK Riepas\"}]}<\/script>\n<meta property=\"product:brand\" content=\"Nankang Ice Activa SW-7\" \/>\n<meta property=\"product:price:amount\" content=\"103.00\" \/>\n<meta property=\"product:price:currency\" content=\"EUR\" \/>\n<meta property=\"og:availability\" content=\"instock\" \/>\n<meta property=\"product:availability\" content=\"instock\" \/>\n<meta property=\"product:retailer_item_id\" content=\"TR2255517NANKA-L9915\" \/>\n<meta property=\"product:condition\" content=\"new\" \/>\n<!-- \/ Yoast SEO Premium plugin. -->","yoast_head_json":{"title":"225\/55R17 Nankang Ice Activa SW-7 101T XL ar radz\u0113m &#8226; MMK Riepas","robots":{"index":"index","follow":"follow","max-snippet":"max-snippet:-1","max-image-preview":"max-image-preview:large","max-video-preview":"max-video-preview:-1"},"canonical":"https:\/\/mmkriepas.lv\/en\/p\/225-55r17-nankang-sw-7-101t-xl-ar-radzem\/","og_locale":"en_US","og_type":"article","og_title":"225\/55R17 Nankang Ice Activa SW-7 101T XL ar radz\u0113m","og_description":"Nankang Ice Activa SW-7 ir \u013coti labas kvalit\u0101tes, premium bud\u017eeta klases rad\u017eojamais ziemas riepu modelis. Tas izce\u013cas ar \u013coti lab\u0101m sa\u0137eres un manevr\u0113tsp\u0113jas \u012bpa\u0161\u012bb\u0101m gan snieg\u0101 un slapjdra\u0146\u0137\u012b, gan uz apledoju\u0161\u0101m ce\u013ca virsm\u0101m. \u0160is riepu modelis pieejams izm\u0113ru kl\u0101st\u0101 no R13 l\u012bdz R19 un paredz\u0113ts no kompaktklases l\u012bdz pat SUV jeb apvidus automa\u0161\u012bn\u0101m.","og_url":"https:\/\/mmkriepas.lv\/en\/p\/225-55r17-nankang-sw-7-101t-xl-ar-radzem\/","og_site_name":"MMK Riepas","article_publisher":"https:\/\/www.facebook.com\/mmkserviss\/","article_modified_time":"2026-03-27T10:43:39+00:00","og_image":[{"width":1920,"height":1920,"url":"https:\/\/mmkriepas.lv\/wp-content\/uploads\/2023\/09\/23550r18-nankang-ice-activa-sw-7-101t-xl-ar-radzem-ziemas-riepas-ziemas-ar-radzem-riepas.jpg","type":"image\/jpeg"}],"twitter_card":"summary_large_image","twitter_misc":{"Price":"&euro;103.00","Availability":"In stock"},"schema":{"@context":"https:\/\/schema.org","@graph":[{"@type":"WebPage","@id":"https:\/\/mmkriepas.lv\/en\/p\/225-55r17-nankang-sw-7-101t-xl-ar-radzem\/","url":"https:\/\/mmkriepas.lv\/en\/p\/225-55r17-nankang-sw-7-101t-xl-ar-radzem\/","name":"225\/55R17 Nankang Ice Activa SW-7 101T XL ar radz\u0113m &#8226; MMK Riepas","isPartOf":{"@id":"https:\/\/mmkriepas.lv\/en\/#website"},"primaryImageOfPage":{"@id":"https:\/\/mmkriepas.lv\/en\/p\/225-55r17-nankang-sw-7-101t-xl-ar-radzem\/#primaryimage"},"image":{"@id":"https:\/\/mmkriepas.lv\/en\/p\/225-55r17-nankang-sw-7-101t-xl-ar-radzem\/#primaryimage"},"thumbnailUrl":"https:\/\/mmkriepas.lv\/wp-content\/uploads\/2023\/09\/23550r18-nankang-ice-activa-sw-7-101t-xl-ar-radzem-ziemas-riepas-ziemas-ar-radzem-riepas.jpg","datePublished":"2022-09-01T12:33:43+00:00","dateModified":"2026-03-27T10:43:39+00:00","breadcrumb":{"@id":"https:\/\/mmkriepas.lv\/en\/p\/225-55r17-nankang-sw-7-101t-xl-ar-radzem\/#breadcrumb"},"inLanguage":"en-US","potentialAction":[{"@type":"ReadAction","target":["https:\/\/mmkriepas.lv\/en\/p\/225-55r17-nankang-sw-7-101t-xl-ar-radzem\/"]}]},{"@type":"ImageObject","inLanguage":"en-US","@id":"https:\/\/mmkriepas.lv\/en\/p\/225-55r17-nankang-sw-7-101t-xl-ar-radzem\/#primaryimage","url":"https:\/\/mmkriepas.lv\/wp-content\/uploads\/2023\/09\/23550r18-nankang-ice-activa-sw-7-101t-xl-ar-radzem-ziemas-riepas-ziemas-ar-radzem-riepas.jpg","contentUrl":"https:\/\/mmkriepas.lv\/wp-content\/uploads\/2023\/09\/23550r18-nankang-ice-activa-sw-7-101t-xl-ar-radzem-ziemas-riepas-ziemas-ar-radzem-riepas.jpg","width":1920,"height":1920,"caption":"MAIN"},{"@type":"BreadcrumbList","@id":"https:\/\/mmkriepas.lv\/en\/p\/225-55r17-nankang-sw-7-101t-xl-ar-radzem\/#breadcrumb","itemListElement":[{"@type":"ListItem","position":1,"name":"S\u0101kums","item":"https:\/\/mmkriepas.lv\/en\/"},{"@type":"ListItem","position":2,"name":"225\/55R17 Nankang Ice Activa SW-7 101T XL ar radz\u0113m"}]},{"@type":"WebSite","@id":"https:\/\/mmkriepas.lv\/en\/#website","url":"https:\/\/mmkriepas.lv\/en\/","name":"MMK Riepas","description":"MMK Riepas","alternateName":"MMK Riepu Serviss","potentialAction":[{"@type":"SearchAction","target":{"@type":"EntryPoint","urlTemplate":"https:\/\/mmkriepas.lv\/en\/?s={search_term_string}"},"query-input":{"@type":"PropertyValueSpecification","valueRequired":true,"valueName":"search_term_string"}}],"inLanguage":"en-US"},{"@type":"ImageObject","inLanguage":"en-US","@id":"https:\/\/mmkriepas.lv\/en\/p\/225-55r17-nankang-sw-7-101t-xl-ar-radzem\/#local-main-organization-logo","url":"","contentUrl":"","caption":"MMK Riepas"}]},"product_brand":"Nankang Ice Activa SW-7","product_price_amount":"103.00","product_price_currency":"EUR","og_availability":"instock","product_availability":"instock","product_retailer_item_id":"TR2255517NANKA-L9915","product_condition":"new"},"_links":{"self":[{"href":"https:\/\/mmkriepas.lv\/en\/wp-json\/wp\/v2\/product\/311626","targetHints":{"allow":["GET"]}}],"collection":[{"href":"https:\/\/mmkriepas.lv\/en\/wp-json\/wp\/v2\/product"}],"about":[{"href":"https:\/\/mmkriepas.lv\/en\/wp-json\/wp\/v2\/types\/product"}],"wp:featuredmedia":[{"embeddable":true,"href":"https:\/\/mmkriepas.lv\/en\/wp-json\/wp\/v2\/media\/796022"}],"wp:attachment":[{"href":"https:\/\/mmkriepas.lv\/en\/wp-json\/wp\/v2\/media?parent=311626"}],"wp:term":[{"taxonomy":"product_brand","embeddable":true,"href":"https:\/\/mmkriepas.lv\/en\/wp-json\/wp\/v2\/product_brand?post=311626"},{"taxonomy":"product_cat","embeddable":true,"href":"https:\/\/mmkriepas.lv\/en\/wp-json\/wp\/v2\/product_cat?post=311626"},{"taxonomy":"product_tag","embeddable":true,"href":"https:\/\/mmkriepas.lv\/en\/wp-json\/wp\/v2\/product_tag?post=311626"}],"curies":[{"name":"wp","href":"https:\/\/api.w.org\/{rel}","templated":true}]}}