{"id":311436,"date":"2022-09-01T15:19:54","date_gmt":"2022-09-01T12:19:54","guid":{"rendered":"https:\/\/mmkserviss.lv\/?post_type=product&#038;p=311436"},"modified":"2025-11-27T20:16:14","modified_gmt":"2025-11-27T18:16:14","slug":"275-40r19-boto-wd69-105t-xl","status":"publish","type":"product","link":"https:\/\/mmkriepas.lv\/en\/p\/275-40r19-boto-wd69-105t-xl\/","title":{"rendered":"275\/40R19 Boto WD69 105T XL DOT19"},"content":{"rendered":"<p><strong>Boto WD69<\/strong> ir labs Skandin\u0101vijas tipa jeb m\u012bkst\u0101 sast\u0101va ziemas riepu modelis. Tas izce\u013cas ar \u012bsu bremz\u0113\u0161anas ce\u013cu, k\u0101 ar\u012b labu sa\u0137eri un manevr\u0113tsp\u0113ju pat skarbos ziemas brauk\u0161anas apst\u0101k\u013cos. Modelis paredz\u0113ts krosoveriem un apvidus auto jeb SUV, un pieejams pla\u0161\u0101 izm\u0113ru kl\u0101st\u0101 no R16, l\u012bdz pat R22.<\/p>\n<p><strong>Boto WD69 galven\u0101s iez\u012bmes<\/strong><\/p>\n<p>+ Laba sa\u0137ere, manevr\u0113tsp\u0113ja un \u012bss bremz\u0113\u0161anas ce\u013c\u0161 gan uz asfalta, gan snieg\u0101.<\/p>\n<p>+ Riepu modelis paredz\u0113ts apvidus auto jeb SUV un krosoveriem.<\/p>\n<p>+ Zems akvaplan\u0113\u0161anas risks.<\/p>\n<p>+ Palielin\u0101ta nodilumiztur\u012bba.<\/p>\n<p><strong>+ Kvalit\u0101te atbilst cenai!<\/strong><\/p>\n<p><strong>WD69 apr\u012bkojums<\/strong><\/p>\n<p><strong>Boto WD69 <\/strong>Skandin\u0101vijas tipa ziemas riepas apr\u012bkotas ar agres\u012bvu un dzi\u013cu virzienveida protektoru. \u0160\u0101ds dizains izv\u0113l\u0113ts, lai uzlabotu riepu veiktsp\u0113ju slapjdra\u0146\u0137\u012b un pat dzi\u013c\u0101 snieg\u0101.<\/p>\n<p>Mas\u012bvie, V-veid\u0101 izvietotie protektora bloki &#8220;bru\u0146oti&#8221; ar t\u016bksto\u0161iem s\u012bku iegriezumu jeb lame\u013cu. T\u0101s, darbojoties l\u012bdz\u012bgi k\u0101 radzes, uzlabo sa\u0137eri ar ledu un sabliet\u0113tu sniegu, slidenaj\u0101s virsm\u0101s iec\u0113rtoties ar as\u0101m kant\u0113m. Turkl\u0101t, \u0161im riepu modelim ir asas s\u0101nu kantes, kas b\u016btiski uzlabo manevr\u0113tsp\u0113ju pat lielos brauk\u0161anas \u0101trumos.<\/p>\n<p>Riepas darin\u0101tas no kvalitat\u012bva, elastrom\u0113riem bag\u0101ta gumijas izstr\u0101d\u0101juma. Gumijas sast\u0101vam pievienotie \u0137\u012bmiskie elementi at\u013cauj riepai saglab\u0101t elast\u012bbu pat \u013coti zem\u0101s temperat\u016br\u0101s. V\u0113rts min\u0113t, ka elast\u012bga riepa daudz lab\u0101k veido sa\u0137eri ar ce\u013cu, k\u0101 ar\u012b dilst vienm\u0113r\u012bg\u0101k.<\/p>\n","protected":false},"excerpt":{"rendered":"<p><strong>Boto WD69<\/strong> ir labs Skandin\u0101vijas tipa jeb m\u012bkst\u0101 sast\u0101va ziemas riepu modelis. Tas izce\u013cas ar \u012bsu bremz\u0113\u0161anas ce\u013cu, k\u0101 ar\u012b labu sa\u0137eri un manevr\u0113tsp\u0113ju pat skarbos ziemas brauk\u0161anas apst\u0101k\u013cos. Modelis paredz\u0113ts krosoveriem un apvidus auto jeb SUV, un pieejams pla\u0161\u0101 izm\u0113ru kl\u0101st\u0101 no R16, l\u012bdz pat R22.<\/p>\n","protected":false},"featured_media":315536,"template":"","meta":{"_acf_changed":false,"ngg_post_thumbnail":0},"product_brand":[],"product_cat":[47,45],"product_tag":[],"class_list":{"0":"post-311436","1":"product","2":"type-product","3":"status-publish","4":"has-post-thumbnail","6":"product_cat-vissezonas-riepas","7":"product_cat-ziemas-riepas","9":"first","10":"outofstock","11":"taxable","12":"shipping-taxable","13":"product-type-simple"},"acf":[],"yoast_head":"<!-- This site is optimized with the Yoast SEO Premium plugin v22.6 (Yoast SEO v27.3) - https:\/\/yoast.com\/product\/yoast-seo-premium-wordpress\/ -->\n<title>275\/40R19 Boto WD69 105T XL DOT19 &#8226; MMK Riepas<\/title>\n<meta name=\"robots\" content=\"index, follow, max-snippet:-1, max-image-preview:large, max-video-preview:-1\" \/>\n<link rel=\"canonical\" href=\"https:\/\/mmkriepas.lv\/en\/p\/275-40r19-boto-wd69-105t-xl\/\" \/>\n<meta property=\"og:locale\" content=\"en_US\" \/>\n<meta property=\"og:type\" content=\"article\" \/>\n<meta property=\"og:title\" content=\"275\/40R19 Boto WD69 105T XL DOT19\" \/>\n<meta property=\"og:description\" content=\"Boto WD69 ir labs Skandin\u0101vijas tipa jeb m\u012bkst\u0101 sast\u0101va ziemas riepu modelis. Tas izce\u013cas ar \u012bsu bremz\u0113\u0161anas ce\u013cu, k\u0101 ar\u012b labu sa\u0137eri un manevr\u0113tsp\u0113ju pat skarbos ziemas brauk\u0161anas apst\u0101k\u013cos. Modelis paredz\u0113ts krosoveriem un apvidus auto jeb SUV, un pieejams pla\u0161\u0101 izm\u0113ru kl\u0101st\u0101 no R16, l\u012bdz pat R22.\" \/>\n<meta property=\"og:url\" content=\"https:\/\/mmkriepas.lv\/en\/p\/275-40r19-boto-wd69-105t-xl\/\" \/>\n<meta property=\"og:site_name\" content=\"MMK Riepas\" \/>\n<meta property=\"article:publisher\" content=\"https:\/\/www.facebook.com\/mmkserviss\/\" \/>\n<meta property=\"article:modified_time\" content=\"2025-11-27T18:16:14+00:00\" \/>\n<meta property=\"og:image\" content=\"https:\/\/mmkriepas.lv\/wp-content\/uploads\/2022\/09\/27540r19-boto-wd69-105t-xl-ziemas-riepas.jpg\" \/>\n\t<meta property=\"og:image:width\" content=\"1920\" \/>\n\t<meta property=\"og:image:height\" content=\"1278\" \/>\n\t<meta property=\"og:image:type\" content=\"image\/jpeg\" \/>\n<meta name=\"twitter:card\" content=\"summary_large_image\" \/>\n<meta name=\"twitter:label1\" content=\"Price\" \/>\n\t<meta name=\"twitter:data1\" content=\"&euro;0.00\" \/>\n\t<meta name=\"twitter:label2\" content=\"Availability\" \/>\n\t<meta name=\"twitter:data2\" content=\"Out of stock\" \/>\n<script type=\"application\/ld+json\" class=\"yoast-schema-graph\">{\"@context\":\"https:\\\/\\\/schema.org\",\"@graph\":[{\"@type\":\"WebPage\",\"@id\":\"https:\\\/\\\/mmkriepas.lv\\\/en\\\/p\\\/275-40r19-boto-wd69-105t-xl\\\/\",\"url\":\"https:\\\/\\\/mmkriepas.lv\\\/en\\\/p\\\/275-40r19-boto-wd69-105t-xl\\\/\",\"name\":\"275\\\/40R19 Boto WD69 105T XL DOT19 &#8226; MMK Riepas\",\"isPartOf\":{\"@id\":\"https:\\\/\\\/mmkriepas.lv\\\/en\\\/#website\"},\"primaryImageOfPage\":{\"@id\":\"https:\\\/\\\/mmkriepas.lv\\\/en\\\/p\\\/275-40r19-boto-wd69-105t-xl\\\/#primaryimage\"},\"image\":{\"@id\":\"https:\\\/\\\/mmkriepas.lv\\\/en\\\/p\\\/275-40r19-boto-wd69-105t-xl\\\/#primaryimage\"},\"thumbnailUrl\":\"https:\\\/\\\/mmkriepas.lv\\\/wp-content\\\/uploads\\\/2022\\\/09\\\/27540r19-boto-wd69-105t-xl-ziemas-riepas.jpg\",\"datePublished\":\"2022-09-01T12:19:54+00:00\",\"dateModified\":\"2025-11-27T18:16:14+00:00\",\"breadcrumb\":{\"@id\":\"https:\\\/\\\/mmkriepas.lv\\\/en\\\/p\\\/275-40r19-boto-wd69-105t-xl\\\/#breadcrumb\"},\"inLanguage\":\"en-US\",\"potentialAction\":[{\"@type\":\"ReadAction\",\"target\":[\"https:\\\/\\\/mmkriepas.lv\\\/en\\\/p\\\/275-40r19-boto-wd69-105t-xl\\\/\"]}]},{\"@type\":\"ImageObject\",\"inLanguage\":\"en-US\",\"@id\":\"https:\\\/\\\/mmkriepas.lv\\\/en\\\/p\\\/275-40r19-boto-wd69-105t-xl\\\/#primaryimage\",\"url\":\"https:\\\/\\\/mmkriepas.lv\\\/wp-content\\\/uploads\\\/2022\\\/09\\\/27540r19-boto-wd69-105t-xl-ziemas-riepas.jpg\",\"contentUrl\":\"https:\\\/\\\/mmkriepas.lv\\\/wp-content\\\/uploads\\\/2022\\\/09\\\/27540r19-boto-wd69-105t-xl-ziemas-riepas.jpg\",\"width\":1920,\"height\":1278,\"caption\":\"boto WD69 ziemas riepas\"},{\"@type\":\"BreadcrumbList\",\"@id\":\"https:\\\/\\\/mmkriepas.lv\\\/en\\\/p\\\/275-40r19-boto-wd69-105t-xl\\\/#breadcrumb\",\"itemListElement\":[{\"@type\":\"ListItem\",\"position\":1,\"name\":\"S\u0101kums\",\"item\":\"https:\\\/\\\/mmkriepas.lv\\\/en\\\/\"},{\"@type\":\"ListItem\",\"position\":2,\"name\":\"275\\\/40R19 Boto WD69 105T XL DOT19\"}]},{\"@type\":\"WebSite\",\"@id\":\"https:\\\/\\\/mmkriepas.lv\\\/en\\\/#website\",\"url\":\"https:\\\/\\\/mmkriepas.lv\\\/en\\\/\",\"name\":\"MMK Riepas\",\"description\":\"MMK Riepas\",\"alternateName\":\"MMK Riepu Serviss\",\"potentialAction\":[{\"@type\":\"SearchAction\",\"target\":{\"@type\":\"EntryPoint\",\"urlTemplate\":\"https:\\\/\\\/mmkriepas.lv\\\/en\\\/?s={search_term_string}\"},\"query-input\":{\"@type\":\"PropertyValueSpecification\",\"valueRequired\":true,\"valueName\":\"search_term_string\"}}],\"inLanguage\":\"en-US\"},{\"@type\":\"ImageObject\",\"inLanguage\":\"en-US\",\"@id\":\"https:\\\/\\\/mmkriepas.lv\\\/en\\\/p\\\/275-40r19-boto-wd69-105t-xl\\\/#local-main-organization-logo\",\"url\":\"\",\"contentUrl\":\"\",\"caption\":\"MMK Riepas\"}]}<\/script>\n<meta property=\"product:brand\" content=\"Boto WD69\" \/>\n<meta property=\"product:price:amount\" content=\"0.00\" \/>\n<meta property=\"product:price:currency\" content=\"EUR\" \/>\n<meta property=\"og:availability\" content=\"out of stock\" \/>\n<meta property=\"product:availability\" content=\"out of stock\" \/>\n<meta property=\"product:retailer_item_id\" content=\"TW2754019BOTO-9848\" \/>\n<meta property=\"product:condition\" content=\"new\" \/>\n<!-- \/ Yoast SEO Premium plugin. -->","yoast_head_json":{"title":"275\/40R19 Boto WD69 105T XL DOT19 &#8226; MMK Riepas","robots":{"index":"index","follow":"follow","max-snippet":"max-snippet:-1","max-image-preview":"max-image-preview:large","max-video-preview":"max-video-preview:-1"},"canonical":"https:\/\/mmkriepas.lv\/en\/p\/275-40r19-boto-wd69-105t-xl\/","og_locale":"en_US","og_type":"article","og_title":"275\/40R19 Boto WD69 105T XL DOT19","og_description":"Boto WD69 ir labs Skandin\u0101vijas tipa jeb m\u012bkst\u0101 sast\u0101va ziemas riepu modelis. Tas izce\u013cas ar \u012bsu bremz\u0113\u0161anas ce\u013cu, k\u0101 ar\u012b labu sa\u0137eri un manevr\u0113tsp\u0113ju pat skarbos ziemas brauk\u0161anas apst\u0101k\u013cos. Modelis paredz\u0113ts krosoveriem un apvidus auto jeb SUV, un pieejams pla\u0161\u0101 izm\u0113ru kl\u0101st\u0101 no R16, l\u012bdz pat R22.","og_url":"https:\/\/mmkriepas.lv\/en\/p\/275-40r19-boto-wd69-105t-xl\/","og_site_name":"MMK Riepas","article_publisher":"https:\/\/www.facebook.com\/mmkserviss\/","article_modified_time":"2025-11-27T18:16:14+00:00","og_image":[{"width":1920,"height":1278,"url":"https:\/\/mmkriepas.lv\/wp-content\/uploads\/2022\/09\/27540r19-boto-wd69-105t-xl-ziemas-riepas.jpg","type":"image\/jpeg"}],"twitter_card":"summary_large_image","twitter_misc":{"Price":"&euro;0.00","Availability":"Out of stock"},"schema":{"@context":"https:\/\/schema.org","@graph":[{"@type":"WebPage","@id":"https:\/\/mmkriepas.lv\/en\/p\/275-40r19-boto-wd69-105t-xl\/","url":"https:\/\/mmkriepas.lv\/en\/p\/275-40r19-boto-wd69-105t-xl\/","name":"275\/40R19 Boto WD69 105T XL DOT19 &#8226; MMK Riepas","isPartOf":{"@id":"https:\/\/mmkriepas.lv\/en\/#website"},"primaryImageOfPage":{"@id":"https:\/\/mmkriepas.lv\/en\/p\/275-40r19-boto-wd69-105t-xl\/#primaryimage"},"image":{"@id":"https:\/\/mmkriepas.lv\/en\/p\/275-40r19-boto-wd69-105t-xl\/#primaryimage"},"thumbnailUrl":"https:\/\/mmkriepas.lv\/wp-content\/uploads\/2022\/09\/27540r19-boto-wd69-105t-xl-ziemas-riepas.jpg","datePublished":"2022-09-01T12:19:54+00:00","dateModified":"2025-11-27T18:16:14+00:00","breadcrumb":{"@id":"https:\/\/mmkriepas.lv\/en\/p\/275-40r19-boto-wd69-105t-xl\/#breadcrumb"},"inLanguage":"en-US","potentialAction":[{"@type":"ReadAction","target":["https:\/\/mmkriepas.lv\/en\/p\/275-40r19-boto-wd69-105t-xl\/"]}]},{"@type":"ImageObject","inLanguage":"en-US","@id":"https:\/\/mmkriepas.lv\/en\/p\/275-40r19-boto-wd69-105t-xl\/#primaryimage","url":"https:\/\/mmkriepas.lv\/wp-content\/uploads\/2022\/09\/27540r19-boto-wd69-105t-xl-ziemas-riepas.jpg","contentUrl":"https:\/\/mmkriepas.lv\/wp-content\/uploads\/2022\/09\/27540r19-boto-wd69-105t-xl-ziemas-riepas.jpg","width":1920,"height":1278,"caption":"boto WD69 ziemas riepas"},{"@type":"BreadcrumbList","@id":"https:\/\/mmkriepas.lv\/en\/p\/275-40r19-boto-wd69-105t-xl\/#breadcrumb","itemListElement":[{"@type":"ListItem","position":1,"name":"S\u0101kums","item":"https:\/\/mmkriepas.lv\/en\/"},{"@type":"ListItem","position":2,"name":"275\/40R19 Boto WD69 105T XL DOT19"}]},{"@type":"WebSite","@id":"https:\/\/mmkriepas.lv\/en\/#website","url":"https:\/\/mmkriepas.lv\/en\/","name":"MMK Riepas","description":"MMK Riepas","alternateName":"MMK Riepu Serviss","potentialAction":[{"@type":"SearchAction","target":{"@type":"EntryPoint","urlTemplate":"https:\/\/mmkriepas.lv\/en\/?s={search_term_string}"},"query-input":{"@type":"PropertyValueSpecification","valueRequired":true,"valueName":"search_term_string"}}],"inLanguage":"en-US"},{"@type":"ImageObject","inLanguage":"en-US","@id":"https:\/\/mmkriepas.lv\/en\/p\/275-40r19-boto-wd69-105t-xl\/#local-main-organization-logo","url":"","contentUrl":"","caption":"MMK Riepas"}]},"product_brand":"Boto WD69","product_price_amount":"0.00","product_price_currency":"EUR","og_availability":"out of stock","product_availability":"out of stock","product_retailer_item_id":"TW2754019BOTO-9848","product_condition":"new"},"_links":{"self":[{"href":"https:\/\/mmkriepas.lv\/en\/wp-json\/wp\/v2\/product\/311436","targetHints":{"allow":["GET"]}}],"collection":[{"href":"https:\/\/mmkriepas.lv\/en\/wp-json\/wp\/v2\/product"}],"about":[{"href":"https:\/\/mmkriepas.lv\/en\/wp-json\/wp\/v2\/types\/product"}],"wp:featuredmedia":[{"embeddable":true,"href":"https:\/\/mmkriepas.lv\/en\/wp-json\/wp\/v2\/media\/315536"}],"wp:attachment":[{"href":"https:\/\/mmkriepas.lv\/en\/wp-json\/wp\/v2\/media?parent=311436"}],"wp:term":[{"taxonomy":"product_brand","embeddable":true,"href":"https:\/\/mmkriepas.lv\/en\/wp-json\/wp\/v2\/product_brand?post=311436"},{"taxonomy":"product_cat","embeddable":true,"href":"https:\/\/mmkriepas.lv\/en\/wp-json\/wp\/v2\/product_cat?post=311436"},{"taxonomy":"product_tag","embeddable":true,"href":"https:\/\/mmkriepas.lv\/en\/wp-json\/wp\/v2\/product_tag?post=311436"}],"curies":[{"name":"wp","href":"https:\/\/api.w.org\/{rel}","templated":true}]}}