{"id":310523,"date":"2022-08-31T09:40:45","date_gmt":"2022-08-31T06:40:45","guid":{"rendered":"https:\/\/mmkserviss.lv\/?post_type=product&#038;p=310523"},"modified":"2025-02-12T21:24:09","modified_gmt":"2025-02-12T19:24:09","slug":"275-40r19-saferich-frc78-105v-xl","status":"publish","type":"product","link":"https:\/\/mmkriepas.lv\/en\/p\/275-40r19-saferich-frc78-105v-xl\/","title":{"rendered":"275\/40R19 Saferich FRC78 105V XL (Farroad)"},"content":{"rendered":"<p><strong>Saferich FRC78<\/strong> ir labs Skandin\u0101vijas tipa jeb m\u012bkst\u0101 sast\u0101va ziemas riepu modelis. Tas izce\u013cas ar lab\u0101m sa\u0137eres, manevr\u0113tsp\u0113jas un brauk\u0161anas komforta \u012bpa\u0161\u012bb\u0101m pla\u0161\u0101 brauk\u0161anas apst\u0101k\u013cu spektr\u0101. Modelis paredz\u0113ts apvidus auto jeb SUV un pieejams izm\u0113ru kl\u0101st\u0101 no R15 l\u012bdz R20.<\/p>\n<p><strong>FRC78 galven\u0101s iez\u012bmes<\/strong><\/p>\n<p>+ Laba sa\u0137ere un manevr\u0113tsp\u0113ja gan uz asfalta, gan sniegotiem ce\u013ciem.<\/p>\n<p>+ Zems akvaplan\u0113\u0161anas risks.<\/p>\n<p>+ Komfortabla un gluda gaita.<\/p>\n<p><strong>+ Kvalit\u0101te atbilst cenai!<\/strong><\/p>\n<p><strong>FRC78 apr\u012bkojums<\/strong><\/p>\n<p><strong>Saferich FRC78 <\/strong>Skandin\u0101vijas tipa jeb m\u012bkst\u0101 sast\u0101va ziemas riepas apr\u012bkotas ar uzlabotu asimetrisko protektora rakstu. \u0160\u0101ds dizains izv\u0113l\u0113ts, lai apvienotu brauk\u0161anas komforta un dro\u0161\u012bbas \u012bpa\u0161\u012bbas gan braucot pa asfaltu, gan skarbos ziemas apst\u0101k\u013cos.<\/p>\n<p>Mas\u012bvie, asimetriski izvietotie protektora bloki apr\u012bkoti ar vair\u0101kiem t\u016bksto\u0161iem iegriezumu jeb lame\u013cu. T\u0101s, darbojoties l\u012bdz\u012bgi radz\u0113m, ar as\u0101m kant\u0113m iec\u0113rtas led\u016b un sabliet\u0113t\u0101 snieg\u0101, ar slidenaj\u0101m virsm\u0101m veidojot cie\u0161u sa\u0137eri. Turkl\u0101t, \u0161im riepu modelim ir asas s\u0101nu kantes, kas b\u016btiski uzlabo manevr\u0113tsp\u0113ju snieg\u0101 un uz slapja seguma.<\/p>\n<p>Protektora pamatn\u0113 atrodama augsti att\u012bst\u012bta dren\u0101\u017eas jeb \u016bdens novadkan\u0101lu sist\u0113ma. T\u0101 \u0101tri un efekt\u012bvi atbr\u012bvo riepu kontakta virsmu ar ce\u013cu no \u016bdens, sniega un slapjdra\u0146\u0137a, samazinot akvaplan\u0113\u0161anas risku un veicinot sa\u0137eri.<\/p>\n<p>Riepu gumijas sast\u0101vam pievienota liela elastrom\u0113ru koncentr\u0101cija. \u0160ie \u0137\u012bmiskie savienojumi pal\u012bdz riepai saglab\u0101t elast\u012bbu zem\u0101s gaisa temperat\u016br\u0101s. K\u0101 zin\u0101ms, elast\u012bga riepa daudz lab\u0101k veido sa\u0137eri ar ce\u013cu, k\u0101 ar\u012b dilst vienm\u0113r\u012bg\u0101k.<\/p>\n","protected":false},"excerpt":{"rendered":"<p><strong>Saferich FRC78<\/strong> ir labs Skandin\u0101vijas tipa jeb m\u012bkst\u0101 sast\u0101va ziemas riepu modelis. Tas izce\u013cas ar lab\u0101m sa\u0137eres, manevr\u0113tsp\u0113jas un brauk\u0161anas komforta \u012bpa\u0161\u012bb\u0101m pla\u0161\u0101 brauk\u0161anas apst\u0101k\u013cu spektr\u0101. Modelis paredz\u0113ts apvidus auto jeb SUV un pieejams izm\u0113ru kl\u0101st\u0101 no R15 l\u012bdz R20.<\/p>\n","protected":false},"featured_media":634739,"template":"","meta":{"_acf_changed":false,"ngg_post_thumbnail":0},"product_brand":[],"product_cat":[47,45],"product_tag":[],"class_list":{"0":"post-310523","1":"product","2":"type-product","3":"status-publish","4":"has-post-thumbnail","6":"product_cat-vissezonas-riepas","7":"product_cat-ziemas-riepas","9":"first","10":"outofstock","11":"sale","12":"taxable","13":"shipping-taxable","14":"product-type-simple"},"acf":[],"yoast_head":"<!-- This site is optimized with the Yoast SEO Premium plugin v22.6 (Yoast SEO v27.3) - https:\/\/yoast.com\/product\/yoast-seo-premium-wordpress\/ -->\n<title>275\/40R19 Saferich FRC78 105V XL (Farroad) &#8226; MMK Riepas<\/title>\n<meta name=\"robots\" content=\"index, follow, max-snippet:-1, max-image-preview:large, max-video-preview:-1\" \/>\n<link rel=\"canonical\" href=\"https:\/\/mmkriepas.lv\/en\/p\/275-40r19-saferich-frc78-105v-xl\/\" \/>\n<meta property=\"og:locale\" content=\"en_US\" \/>\n<meta property=\"og:type\" content=\"article\" \/>\n<meta property=\"og:title\" content=\"275\/40R19 Saferich FRC78 105V XL (Farroad)\" \/>\n<meta property=\"og:description\" content=\"Saferich FRC78 ir labs Skandin\u0101vijas tipa jeb m\u012bkst\u0101 sast\u0101va ziemas riepu modelis. Tas izce\u013cas ar lab\u0101m sa\u0137eres, manevr\u0113tsp\u0113jas un brauk\u0161anas komforta \u012bpa\u0161\u012bb\u0101m pla\u0161\u0101 brauk\u0161anas apst\u0101k\u013cu spektr\u0101. Modelis paredz\u0113ts apvidus auto jeb SUV un pieejams izm\u0113ru kl\u0101st\u0101 no R15 l\u012bdz R20.\" \/>\n<meta property=\"og:url\" content=\"https:\/\/mmkriepas.lv\/en\/p\/275-40r19-saferich-frc78-105v-xl\/\" \/>\n<meta property=\"og:site_name\" content=\"MMK Riepas\" \/>\n<meta property=\"article:publisher\" content=\"https:\/\/www.facebook.com\/mmkserviss\/\" \/>\n<meta property=\"article:modified_time\" content=\"2025-02-12T19:24:09+00:00\" \/>\n<meta property=\"og:image\" content=\"https:\/\/mmkriepas.lv\/wp-content\/uploads\/2023\/02\/27540r19-saferich-frc78-105v-xl-farroad-ziemas-riepas.jpeg\" \/>\n\t<meta property=\"og:image:width\" content=\"1600\" \/>\n\t<meta property=\"og:image:height\" content=\"1200\" \/>\n\t<meta property=\"og:image:type\" content=\"image\/jpeg\" \/>\n<meta name=\"twitter:card\" content=\"summary_large_image\" \/>\n<meta name=\"twitter:label1\" content=\"Price\" \/>\n\t<meta name=\"twitter:data1\" content=\"&euro;69.00\" \/>\n\t<meta name=\"twitter:label2\" content=\"Availability\" \/>\n\t<meta name=\"twitter:data2\" content=\"Out of stock\" \/>\n<script type=\"application\/ld+json\" class=\"yoast-schema-graph\">{\"@context\":\"https:\\\/\\\/schema.org\",\"@graph\":[{\"@type\":\"WebPage\",\"@id\":\"https:\\\/\\\/mmkriepas.lv\\\/en\\\/p\\\/275-40r19-saferich-frc78-105v-xl\\\/\",\"url\":\"https:\\\/\\\/mmkriepas.lv\\\/en\\\/p\\\/275-40r19-saferich-frc78-105v-xl\\\/\",\"name\":\"275\\\/40R19 Saferich FRC78 105V XL (Farroad) &#8226; MMK Riepas\",\"isPartOf\":{\"@id\":\"https:\\\/\\\/mmkriepas.lv\\\/en\\\/#website\"},\"primaryImageOfPage\":{\"@id\":\"https:\\\/\\\/mmkriepas.lv\\\/en\\\/p\\\/275-40r19-saferich-frc78-105v-xl\\\/#primaryimage\"},\"image\":{\"@id\":\"https:\\\/\\\/mmkriepas.lv\\\/en\\\/p\\\/275-40r19-saferich-frc78-105v-xl\\\/#primaryimage\"},\"thumbnailUrl\":\"https:\\\/\\\/mmkriepas.lv\\\/wp-content\\\/uploads\\\/2023\\\/02\\\/27540r19-saferich-frc78-105v-xl-farroad-ziemas-riepas.jpeg\",\"datePublished\":\"2022-08-31T06:40:45+00:00\",\"dateModified\":\"2025-02-12T19:24:09+00:00\",\"breadcrumb\":{\"@id\":\"https:\\\/\\\/mmkriepas.lv\\\/en\\\/p\\\/275-40r19-saferich-frc78-105v-xl\\\/#breadcrumb\"},\"inLanguage\":\"en-US\",\"potentialAction\":[{\"@type\":\"ReadAction\",\"target\":[\"https:\\\/\\\/mmkriepas.lv\\\/en\\\/p\\\/275-40r19-saferich-frc78-105v-xl\\\/\"]}]},{\"@type\":\"ImageObject\",\"inLanguage\":\"en-US\",\"@id\":\"https:\\\/\\\/mmkriepas.lv\\\/en\\\/p\\\/275-40r19-saferich-frc78-105v-xl\\\/#primaryimage\",\"url\":\"https:\\\/\\\/mmkriepas.lv\\\/wp-content\\\/uploads\\\/2023\\\/02\\\/27540r19-saferich-frc78-105v-xl-farroad-ziemas-riepas.jpeg\",\"contentUrl\":\"https:\\\/\\\/mmkriepas.lv\\\/wp-content\\\/uploads\\\/2023\\\/02\\\/27540r19-saferich-frc78-105v-xl-farroad-ziemas-riepas.jpeg\",\"width\":1600,\"height\":1200,\"caption\":\"275\\\/40R19 Saferich FRC78 105V XL (Farroad) - Vissezonas riepas \\\/ Ziemas riepas\"},{\"@type\":\"BreadcrumbList\",\"@id\":\"https:\\\/\\\/mmkriepas.lv\\\/en\\\/p\\\/275-40r19-saferich-frc78-105v-xl\\\/#breadcrumb\",\"itemListElement\":[{\"@type\":\"ListItem\",\"position\":1,\"name\":\"S\u0101kums\",\"item\":\"https:\\\/\\\/mmkriepas.lv\\\/en\\\/\"},{\"@type\":\"ListItem\",\"position\":2,\"name\":\"275\\\/40R19 Saferich FRC78 105V XL (Farroad)\"}]},{\"@type\":\"WebSite\",\"@id\":\"https:\\\/\\\/mmkriepas.lv\\\/en\\\/#website\",\"url\":\"https:\\\/\\\/mmkriepas.lv\\\/en\\\/\",\"name\":\"MMK Riepas\",\"description\":\"MMK Riepas\",\"alternateName\":\"MMK Riepu Serviss\",\"potentialAction\":[{\"@type\":\"SearchAction\",\"target\":{\"@type\":\"EntryPoint\",\"urlTemplate\":\"https:\\\/\\\/mmkriepas.lv\\\/en\\\/?s={search_term_string}\"},\"query-input\":{\"@type\":\"PropertyValueSpecification\",\"valueRequired\":true,\"valueName\":\"search_term_string\"}}],\"inLanguage\":\"en-US\"},{\"@type\":\"ImageObject\",\"inLanguage\":\"en-US\",\"@id\":\"https:\\\/\\\/mmkriepas.lv\\\/en\\\/p\\\/275-40r19-saferich-frc78-105v-xl\\\/#local-main-organization-logo\",\"url\":\"\",\"contentUrl\":\"\",\"caption\":\"MMK Riepas\"}]}<\/script>\n<meta property=\"product:brand\" content=\"Saferich FRC78\" \/>\n<meta property=\"product:price:amount\" content=\"69.00\" \/>\n<meta property=\"product:price:currency\" content=\"EUR\" \/>\n<meta property=\"og:availability\" content=\"out of stock\" \/>\n<meta property=\"product:availability\" content=\"out of stock\" \/>\n<meta property=\"product:retailer_item_id\" content=\"TW2754019SAFER-9827\" \/>\n<meta property=\"product:condition\" content=\"new\" \/>\n<!-- \/ Yoast SEO Premium plugin. -->","yoast_head_json":{"title":"275\/40R19 Saferich FRC78 105V XL (Farroad) &#8226; MMK Riepas","robots":{"index":"index","follow":"follow","max-snippet":"max-snippet:-1","max-image-preview":"max-image-preview:large","max-video-preview":"max-video-preview:-1"},"canonical":"https:\/\/mmkriepas.lv\/en\/p\/275-40r19-saferich-frc78-105v-xl\/","og_locale":"en_US","og_type":"article","og_title":"275\/40R19 Saferich FRC78 105V XL (Farroad)","og_description":"Saferich FRC78 ir labs Skandin\u0101vijas tipa jeb m\u012bkst\u0101 sast\u0101va ziemas riepu modelis. Tas izce\u013cas ar lab\u0101m sa\u0137eres, manevr\u0113tsp\u0113jas un brauk\u0161anas komforta \u012bpa\u0161\u012bb\u0101m pla\u0161\u0101 brauk\u0161anas apst\u0101k\u013cu spektr\u0101. Modelis paredz\u0113ts apvidus auto jeb SUV un pieejams izm\u0113ru kl\u0101st\u0101 no R15 l\u012bdz R20.","og_url":"https:\/\/mmkriepas.lv\/en\/p\/275-40r19-saferich-frc78-105v-xl\/","og_site_name":"MMK Riepas","article_publisher":"https:\/\/www.facebook.com\/mmkserviss\/","article_modified_time":"2025-02-12T19:24:09+00:00","og_image":[{"width":1600,"height":1200,"url":"https:\/\/mmkriepas.lv\/wp-content\/uploads\/2023\/02\/27540r19-saferich-frc78-105v-xl-farroad-ziemas-riepas.jpeg","type":"image\/jpeg"}],"twitter_card":"summary_large_image","twitter_misc":{"Price":"&euro;69.00","Availability":"Out of stock"},"schema":{"@context":"https:\/\/schema.org","@graph":[{"@type":"WebPage","@id":"https:\/\/mmkriepas.lv\/en\/p\/275-40r19-saferich-frc78-105v-xl\/","url":"https:\/\/mmkriepas.lv\/en\/p\/275-40r19-saferich-frc78-105v-xl\/","name":"275\/40R19 Saferich FRC78 105V XL (Farroad) &#8226; MMK Riepas","isPartOf":{"@id":"https:\/\/mmkriepas.lv\/en\/#website"},"primaryImageOfPage":{"@id":"https:\/\/mmkriepas.lv\/en\/p\/275-40r19-saferich-frc78-105v-xl\/#primaryimage"},"image":{"@id":"https:\/\/mmkriepas.lv\/en\/p\/275-40r19-saferich-frc78-105v-xl\/#primaryimage"},"thumbnailUrl":"https:\/\/mmkriepas.lv\/wp-content\/uploads\/2023\/02\/27540r19-saferich-frc78-105v-xl-farroad-ziemas-riepas.jpeg","datePublished":"2022-08-31T06:40:45+00:00","dateModified":"2025-02-12T19:24:09+00:00","breadcrumb":{"@id":"https:\/\/mmkriepas.lv\/en\/p\/275-40r19-saferich-frc78-105v-xl\/#breadcrumb"},"inLanguage":"en-US","potentialAction":[{"@type":"ReadAction","target":["https:\/\/mmkriepas.lv\/en\/p\/275-40r19-saferich-frc78-105v-xl\/"]}]},{"@type":"ImageObject","inLanguage":"en-US","@id":"https:\/\/mmkriepas.lv\/en\/p\/275-40r19-saferich-frc78-105v-xl\/#primaryimage","url":"https:\/\/mmkriepas.lv\/wp-content\/uploads\/2023\/02\/27540r19-saferich-frc78-105v-xl-farroad-ziemas-riepas.jpeg","contentUrl":"https:\/\/mmkriepas.lv\/wp-content\/uploads\/2023\/02\/27540r19-saferich-frc78-105v-xl-farroad-ziemas-riepas.jpeg","width":1600,"height":1200,"caption":"275\/40R19 Saferich FRC78 105V XL (Farroad) - Vissezonas riepas \/ Ziemas riepas"},{"@type":"BreadcrumbList","@id":"https:\/\/mmkriepas.lv\/en\/p\/275-40r19-saferich-frc78-105v-xl\/#breadcrumb","itemListElement":[{"@type":"ListItem","position":1,"name":"S\u0101kums","item":"https:\/\/mmkriepas.lv\/en\/"},{"@type":"ListItem","position":2,"name":"275\/40R19 Saferich FRC78 105V XL (Farroad)"}]},{"@type":"WebSite","@id":"https:\/\/mmkriepas.lv\/en\/#website","url":"https:\/\/mmkriepas.lv\/en\/","name":"MMK Riepas","description":"MMK Riepas","alternateName":"MMK Riepu Serviss","potentialAction":[{"@type":"SearchAction","target":{"@type":"EntryPoint","urlTemplate":"https:\/\/mmkriepas.lv\/en\/?s={search_term_string}"},"query-input":{"@type":"PropertyValueSpecification","valueRequired":true,"valueName":"search_term_string"}}],"inLanguage":"en-US"},{"@type":"ImageObject","inLanguage":"en-US","@id":"https:\/\/mmkriepas.lv\/en\/p\/275-40r19-saferich-frc78-105v-xl\/#local-main-organization-logo","url":"","contentUrl":"","caption":"MMK Riepas"}]},"product_brand":"Saferich FRC78","product_price_amount":"69.00","product_price_currency":"EUR","og_availability":"out of stock","product_availability":"out of stock","product_retailer_item_id":"TW2754019SAFER-9827","product_condition":"new"},"_links":{"self":[{"href":"https:\/\/mmkriepas.lv\/en\/wp-json\/wp\/v2\/product\/310523","targetHints":{"allow":["GET"]}}],"collection":[{"href":"https:\/\/mmkriepas.lv\/en\/wp-json\/wp\/v2\/product"}],"about":[{"href":"https:\/\/mmkriepas.lv\/en\/wp-json\/wp\/v2\/types\/product"}],"wp:featuredmedia":[{"embeddable":true,"href":"https:\/\/mmkriepas.lv\/en\/wp-json\/wp\/v2\/media\/634739"}],"wp:attachment":[{"href":"https:\/\/mmkriepas.lv\/en\/wp-json\/wp\/v2\/media?parent=310523"}],"wp:term":[{"taxonomy":"product_brand","embeddable":true,"href":"https:\/\/mmkriepas.lv\/en\/wp-json\/wp\/v2\/product_brand?post=310523"},{"taxonomy":"product_cat","embeddable":true,"href":"https:\/\/mmkriepas.lv\/en\/wp-json\/wp\/v2\/product_cat?post=310523"},{"taxonomy":"product_tag","embeddable":true,"href":"https:\/\/mmkriepas.lv\/en\/wp-json\/wp\/v2\/product_tag?post=310523"}],"curies":[{"name":"wp","href":"https:\/\/api.w.org\/{rel}","templated":true}]}}