{"id":310497,"date":"2022-08-31T09:39:28","date_gmt":"2022-08-31T06:39:28","guid":{"rendered":"https:\/\/mmkserviss.lv\/?post_type=product&#038;p=310497"},"modified":"2026-03-28T00:10:00","modified_gmt":"2026-03-27T22:10:00","slug":"235-55r18-lanvigator-snowpower-104h-xl","status":"publish","type":"product","link":"https:\/\/mmkriepas.lv\/en\/p\/235-55r18-lanvigator-snowpower-104h-xl\/","title":{"rendered":"235\/55R18 Lanvigator Snowpower 104H XL"},"content":{"rendered":"<p><b>Lanvigator Snowpower<\/b><span style=\"font-weight: 400;\"> &#8211; Skandin\u0101vijas tipa jeb m\u012bkst\u0101 sast\u0101va riepu modelis, kas izce\u013cas ar labiem sa\u0137eres un komforta l\u012bme\u0146a r\u0101d\u012bt\u0101jiem. Piem\u0113rots dro\u0161ai brauk\u0161anai pa pils\u0113tu un \u0161oseju. Pieejams pla\u0161\u0101 izm\u0113ru kl\u0101st\u0101, kas der\u0113s gan kompaktklases, gan apvidus auto jeb SUV. \u0160o riepu modeli nereti izv\u0113las pat luksus klases auto \u012bpa\u0161nieki, t\u0101 augst\u0101 komforta un dro\u0161\u012bbas l\u012bme\u0146a d\u0113\u013c.<\/span><\/p>\n<h3><b>Lanvigator Snowpower galven\u0101s iez\u012bmes<\/b><\/h3>\n<p><span style=\"font-weight: 400;\">+ Riepu modelis, kuru nereti izv\u0113las pat luksus klases auto \u012bpa\u0161nieki.<\/span><\/p>\n<p><span style=\"font-weight: 400;\">+ \u013boti laba sa\u0137ere gan ar slapju asfaltu, gan ar\u012b ar sniegu un apledojumiem.<\/span><\/p>\n<p><span style=\"font-weight: 400;\">+ Degvielas ekonomija.<\/span><\/p>\n<p><span style=\"font-weight: 400;\">+ Augsts akustiskais un brauk\u0161anas komforts.<\/span><\/p>\n<p><span style=\"font-weight: 400;\">+ Palielin\u0101ta nodilumiztur\u012bba,<\/span><\/p>\n<p><span style=\"font-weight: 400;\">+ Piem\u0113rotas brauk\u0161anai ziem\u0101 pa pils\u0113tu vai valsts ma\u0123istr\u0101lajiem autoce\u013ciem.<\/span><\/p>\n<p><span style=\"font-weight: 400;\">+ Zems akvaplan\u0113\u0161anas risks.<\/span><\/p>\n<p><span style=\"font-weight: 400;\">+ Izcila cenas un veiktsp\u0113jas attiec\u012bba.<\/span><\/p>\n<h3><b>Snowpower apr\u012bkojums<\/b><\/h3>\n<p><b>Lanvigator Snowpower <\/b><span style=\"font-weight: 400;\">ziemas riepas apr\u012bkotas ar asimetrisko protektora rakstu. Starp protektora blokiem izveidota att\u012bst\u012bta dren\u0101\u017eas jeb \u016bdens novadkan\u0101lu sist\u0113ma. T\u0101 izcili tiek gal\u0101 ar \u016bdens un sniega izvad\u012b\u0161anu no riepu kontakta virsmas ar ce\u013cu, samazinot akvaplan\u0113\u0161anas risku &#8211; uzlabojot brauk\u0161anas dro\u0161\u012bbas l\u012bmeni, braucot pa \u0161oseju. Asimetriskais protektors, savuk\u0101rt, nodro\u0161ina zem\u0101ku trok\u0161\u0146a l\u012bmeni, un padarot brauk\u0161anu klusu un komfortablu.<\/span> <span style=\"font-weight: 400;\">Riepas darin\u0101tas no augstv\u0113rt\u012bga gumijas sakaus\u0113juma, kuram pievienota virkne elastrom\u0113ru. Tie pal\u012bdz riepai saglab\u0101t elast\u012bbu zem\u0101s gaisa temperat\u016br\u0101s, uzlabojot sa\u0137eri pat skarb\u0101 ziem\u0101.<\/span> <span style=\"font-weight: 400;\">Asimetriski izvietotajos protektora blokos bl\u012bvi iestr\u0101d\u0101tas t\u016bksto\u0161iem lame\u013cu. T\u0101s ar as\u0101m kant\u0113m iec\u0113rtas ledus un sabliet\u0113ta sniega virsm\u0101, veidojot teicamu sa\u0137eri.<\/span><\/p>\n<p><b>Lanvigator Snowpower <\/b><span style=\"font-weight: 400;\">riepu modelis izcili piem\u0113rots tiem autobrauc\u0113jiem, kas ikdien\u0101 v\u0113las izbaud\u012bt augstu dro\u0161\u012bbas l\u012bmeni, braucot pa pils\u0113tu vai \u0161oseju.<\/span><\/p>\n","protected":false},"excerpt":{"rendered":"<p><b>Lanvigator Snowpower<\/b><span style=\"font-weight: 400;\"> &#8211; Skandin\u0101vijas tipa jeb m\u012bkst\u0101 sast\u0101va riepu modelis, kas izce\u013cas ar labiem sa\u0137eres un komforta l\u012bme\u0146a r\u0101d\u012bt\u0101jiem. Piem\u0113rots dro\u0161ai brauk\u0161anai pa pils\u0113tu un \u0161oseju. Pieejams pla\u0161\u0101 izm\u0113ru kl\u0101st\u0101, kas der\u0113s gan kompaktklases, gan apvidus auto jeb SUV. \u0160o riepu modeli nereti izv\u0113las pat luksus klases auto \u012bpa\u0161nieki, t\u0101 augst\u0101 komforta un dro\u0161\u012bbas l\u012bme\u0146a d\u0113\u013c.<\/span><\/p>\n","protected":false},"featured_media":810051,"template":"","meta":{"_acf_changed":false,"ngg_post_thumbnail":0},"product_brand":[],"product_cat":[47,45],"product_tag":[],"class_list":{"0":"post-310497","1":"product","2":"type-product","3":"status-publish","4":"has-post-thumbnail","6":"product_cat-vissezonas-riepas","7":"product_cat-ziemas-riepas","9":"first","10":"instock","11":"sale","12":"taxable","13":"shipping-taxable","14":"purchasable","15":"product-type-simple"},"acf":[],"yoast_head":"<!-- This site is optimized with the Yoast SEO Premium plugin v22.6 (Yoast SEO v27.3) - https:\/\/yoast.com\/product\/yoast-seo-premium-wordpress\/ -->\n<title>235\/55R18 Lanvigator Snowpower 104H XL &#8226; MMK Riepas<\/title>\n<meta name=\"description\" content=\"Lanvigator\" \/>\n<meta name=\"robots\" content=\"index, follow, max-snippet:-1, max-image-preview:large, max-video-preview:-1\" \/>\n<link rel=\"canonical\" href=\"https:\/\/mmkriepas.lv\/en\/p\/235-55r18-lanvigator-snowpower-104h-xl\/\" \/>\n<meta property=\"og:locale\" content=\"en_US\" \/>\n<meta property=\"og:type\" content=\"article\" \/>\n<meta property=\"og:title\" content=\"235\/55R18 Lanvigator Snowpower 104H XL\" \/>\n<meta property=\"og:description\" content=\"Lanvigator\" \/>\n<meta property=\"og:url\" content=\"https:\/\/mmkriepas.lv\/en\/p\/235-55r18-lanvigator-snowpower-104h-xl\/\" \/>\n<meta property=\"og:site_name\" content=\"MMK Riepas\" \/>\n<meta property=\"article:publisher\" content=\"https:\/\/www.facebook.com\/mmkserviss\/\" \/>\n<meta property=\"article:modified_time\" content=\"2026-03-27T22:10:00+00:00\" \/>\n<meta property=\"og:image\" content=\"https:\/\/mmkriepas.lv\/wp-content\/uploads\/2023\/10\/19565r15-lanvigator-snowpower-91h-ziemas-riepas-8.jpg\" \/>\n\t<meta property=\"og:image:width\" content=\"1920\" \/>\n\t<meta property=\"og:image:height\" content=\"1278\" \/>\n\t<meta property=\"og:image:type\" content=\"image\/jpeg\" \/>\n<meta name=\"twitter:card\" content=\"summary_large_image\" \/>\n<meta name=\"twitter:label1\" content=\"Price\" \/>\n\t<meta name=\"twitter:data1\" content=\"&euro;68.00\" \/>\n\t<meta name=\"twitter:label2\" content=\"Availability\" \/>\n\t<meta name=\"twitter:data2\" content=\"In stock\" \/>\n<script type=\"application\/ld+json\" class=\"yoast-schema-graph\">{\"@context\":\"https:\\\/\\\/schema.org\",\"@graph\":[{\"@type\":\"WebPage\",\"@id\":\"https:\\\/\\\/mmkriepas.lv\\\/en\\\/p\\\/235-55r18-lanvigator-snowpower-104h-xl\\\/\",\"url\":\"https:\\\/\\\/mmkriepas.lv\\\/en\\\/p\\\/235-55r18-lanvigator-snowpower-104h-xl\\\/\",\"name\":\"235\\\/55R18 Lanvigator Snowpower 104H XL &#8226; MMK Riepas\",\"isPartOf\":{\"@id\":\"https:\\\/\\\/mmkriepas.lv\\\/en\\\/#website\"},\"primaryImageOfPage\":{\"@id\":\"https:\\\/\\\/mmkriepas.lv\\\/en\\\/p\\\/235-55r18-lanvigator-snowpower-104h-xl\\\/#primaryimage\"},\"image\":{\"@id\":\"https:\\\/\\\/mmkriepas.lv\\\/en\\\/p\\\/235-55r18-lanvigator-snowpower-104h-xl\\\/#primaryimage\"},\"thumbnailUrl\":\"https:\\\/\\\/mmkriepas.lv\\\/wp-content\\\/uploads\\\/2023\\\/10\\\/19565r15-lanvigator-snowpower-91h-ziemas-riepas-8.jpg\",\"datePublished\":\"2022-08-31T06:39:28+00:00\",\"dateModified\":\"2026-03-27T22:10:00+00:00\",\"description\":\"Lanvigator\",\"breadcrumb\":{\"@id\":\"https:\\\/\\\/mmkriepas.lv\\\/en\\\/p\\\/235-55r18-lanvigator-snowpower-104h-xl\\\/#breadcrumb\"},\"inLanguage\":\"en-US\",\"potentialAction\":[{\"@type\":\"ReadAction\",\"target\":[\"https:\\\/\\\/mmkriepas.lv\\\/en\\\/p\\\/235-55r18-lanvigator-snowpower-104h-xl\\\/\"]}]},{\"@type\":\"ImageObject\",\"inLanguage\":\"en-US\",\"@id\":\"https:\\\/\\\/mmkriepas.lv\\\/en\\\/p\\\/235-55r18-lanvigator-snowpower-104h-xl\\\/#primaryimage\",\"url\":\"https:\\\/\\\/mmkriepas.lv\\\/wp-content\\\/uploads\\\/2023\\\/10\\\/19565r15-lanvigator-snowpower-91h-ziemas-riepas-8.jpg\",\"contentUrl\":\"https:\\\/\\\/mmkriepas.lv\\\/wp-content\\\/uploads\\\/2023\\\/10\\\/19565r15-lanvigator-snowpower-91h-ziemas-riepas-8.jpg\",\"width\":1920,\"height\":1278,\"caption\":\"MAIN\"},{\"@type\":\"BreadcrumbList\",\"@id\":\"https:\\\/\\\/mmkriepas.lv\\\/en\\\/p\\\/235-55r18-lanvigator-snowpower-104h-xl\\\/#breadcrumb\",\"itemListElement\":[{\"@type\":\"ListItem\",\"position\":1,\"name\":\"S\u0101kums\",\"item\":\"https:\\\/\\\/mmkriepas.lv\\\/en\\\/\"},{\"@type\":\"ListItem\",\"position\":2,\"name\":\"235\\\/55R18 Lanvigator Snowpower 104H XL\"}]},{\"@type\":\"WebSite\",\"@id\":\"https:\\\/\\\/mmkriepas.lv\\\/en\\\/#website\",\"url\":\"https:\\\/\\\/mmkriepas.lv\\\/en\\\/\",\"name\":\"MMK Riepas\",\"description\":\"MMK Riepas\",\"alternateName\":\"MMK Riepu Serviss\",\"potentialAction\":[{\"@type\":\"SearchAction\",\"target\":{\"@type\":\"EntryPoint\",\"urlTemplate\":\"https:\\\/\\\/mmkriepas.lv\\\/en\\\/?s={search_term_string}\"},\"query-input\":{\"@type\":\"PropertyValueSpecification\",\"valueRequired\":true,\"valueName\":\"search_term_string\"}}],\"inLanguage\":\"en-US\"},{\"@type\":\"ImageObject\",\"inLanguage\":\"en-US\",\"@id\":\"https:\\\/\\\/mmkriepas.lv\\\/en\\\/p\\\/235-55r18-lanvigator-snowpower-104h-xl\\\/#local-main-organization-logo\",\"url\":\"\",\"contentUrl\":\"\",\"caption\":\"MMK Riepas\"}]}<\/script>\n<meta property=\"product:brand\" content=\"Lanvigator Snowpower\" \/>\n<meta property=\"product:price:amount\" content=\"68.00\" \/>\n<meta property=\"product:price:currency\" content=\"EUR\" \/>\n<meta property=\"og:availability\" content=\"instock\" \/>\n<meta property=\"product:availability\" content=\"instock\" \/>\n<meta property=\"product:retailer_item_id\" content=\"TW2355518LANVI-9815\" \/>\n<meta property=\"product:condition\" content=\"new\" \/>\n<!-- \/ Yoast SEO Premium plugin. -->","yoast_head_json":{"title":"235\/55R18 Lanvigator Snowpower 104H XL &#8226; MMK Riepas","description":"Lanvigator","robots":{"index":"index","follow":"follow","max-snippet":"max-snippet:-1","max-image-preview":"max-image-preview:large","max-video-preview":"max-video-preview:-1"},"canonical":"https:\/\/mmkriepas.lv\/en\/p\/235-55r18-lanvigator-snowpower-104h-xl\/","og_locale":"en_US","og_type":"article","og_title":"235\/55R18 Lanvigator Snowpower 104H XL","og_description":"Lanvigator","og_url":"https:\/\/mmkriepas.lv\/en\/p\/235-55r18-lanvigator-snowpower-104h-xl\/","og_site_name":"MMK Riepas","article_publisher":"https:\/\/www.facebook.com\/mmkserviss\/","article_modified_time":"2026-03-27T22:10:00+00:00","og_image":[{"width":1920,"height":1278,"url":"https:\/\/mmkriepas.lv\/wp-content\/uploads\/2023\/10\/19565r15-lanvigator-snowpower-91h-ziemas-riepas-8.jpg","type":"image\/jpeg"}],"twitter_card":"summary_large_image","twitter_misc":{"Price":"&euro;68.00","Availability":"In stock"},"schema":{"@context":"https:\/\/schema.org","@graph":[{"@type":"WebPage","@id":"https:\/\/mmkriepas.lv\/en\/p\/235-55r18-lanvigator-snowpower-104h-xl\/","url":"https:\/\/mmkriepas.lv\/en\/p\/235-55r18-lanvigator-snowpower-104h-xl\/","name":"235\/55R18 Lanvigator Snowpower 104H XL &#8226; MMK Riepas","isPartOf":{"@id":"https:\/\/mmkriepas.lv\/en\/#website"},"primaryImageOfPage":{"@id":"https:\/\/mmkriepas.lv\/en\/p\/235-55r18-lanvigator-snowpower-104h-xl\/#primaryimage"},"image":{"@id":"https:\/\/mmkriepas.lv\/en\/p\/235-55r18-lanvigator-snowpower-104h-xl\/#primaryimage"},"thumbnailUrl":"https:\/\/mmkriepas.lv\/wp-content\/uploads\/2023\/10\/19565r15-lanvigator-snowpower-91h-ziemas-riepas-8.jpg","datePublished":"2022-08-31T06:39:28+00:00","dateModified":"2026-03-27T22:10:00+00:00","description":"Lanvigator","breadcrumb":{"@id":"https:\/\/mmkriepas.lv\/en\/p\/235-55r18-lanvigator-snowpower-104h-xl\/#breadcrumb"},"inLanguage":"en-US","potentialAction":[{"@type":"ReadAction","target":["https:\/\/mmkriepas.lv\/en\/p\/235-55r18-lanvigator-snowpower-104h-xl\/"]}]},{"@type":"ImageObject","inLanguage":"en-US","@id":"https:\/\/mmkriepas.lv\/en\/p\/235-55r18-lanvigator-snowpower-104h-xl\/#primaryimage","url":"https:\/\/mmkriepas.lv\/wp-content\/uploads\/2023\/10\/19565r15-lanvigator-snowpower-91h-ziemas-riepas-8.jpg","contentUrl":"https:\/\/mmkriepas.lv\/wp-content\/uploads\/2023\/10\/19565r15-lanvigator-snowpower-91h-ziemas-riepas-8.jpg","width":1920,"height":1278,"caption":"MAIN"},{"@type":"BreadcrumbList","@id":"https:\/\/mmkriepas.lv\/en\/p\/235-55r18-lanvigator-snowpower-104h-xl\/#breadcrumb","itemListElement":[{"@type":"ListItem","position":1,"name":"S\u0101kums","item":"https:\/\/mmkriepas.lv\/en\/"},{"@type":"ListItem","position":2,"name":"235\/55R18 Lanvigator Snowpower 104H XL"}]},{"@type":"WebSite","@id":"https:\/\/mmkriepas.lv\/en\/#website","url":"https:\/\/mmkriepas.lv\/en\/","name":"MMK Riepas","description":"MMK Riepas","alternateName":"MMK Riepu Serviss","potentialAction":[{"@type":"SearchAction","target":{"@type":"EntryPoint","urlTemplate":"https:\/\/mmkriepas.lv\/en\/?s={search_term_string}"},"query-input":{"@type":"PropertyValueSpecification","valueRequired":true,"valueName":"search_term_string"}}],"inLanguage":"en-US"},{"@type":"ImageObject","inLanguage":"en-US","@id":"https:\/\/mmkriepas.lv\/en\/p\/235-55r18-lanvigator-snowpower-104h-xl\/#local-main-organization-logo","url":"","contentUrl":"","caption":"MMK Riepas"}]},"product_brand":"Lanvigator Snowpower","product_price_amount":"68.00","product_price_currency":"EUR","og_availability":"instock","product_availability":"instock","product_retailer_item_id":"TW2355518LANVI-9815","product_condition":"new"},"_links":{"self":[{"href":"https:\/\/mmkriepas.lv\/en\/wp-json\/wp\/v2\/product\/310497","targetHints":{"allow":["GET"]}}],"collection":[{"href":"https:\/\/mmkriepas.lv\/en\/wp-json\/wp\/v2\/product"}],"about":[{"href":"https:\/\/mmkriepas.lv\/en\/wp-json\/wp\/v2\/types\/product"}],"wp:featuredmedia":[{"embeddable":true,"href":"https:\/\/mmkriepas.lv\/en\/wp-json\/wp\/v2\/media\/810051"}],"wp:attachment":[{"href":"https:\/\/mmkriepas.lv\/en\/wp-json\/wp\/v2\/media?parent=310497"}],"wp:term":[{"taxonomy":"product_brand","embeddable":true,"href":"https:\/\/mmkriepas.lv\/en\/wp-json\/wp\/v2\/product_brand?post=310497"},{"taxonomy":"product_cat","embeddable":true,"href":"https:\/\/mmkriepas.lv\/en\/wp-json\/wp\/v2\/product_cat?post=310497"},{"taxonomy":"product_tag","embeddable":true,"href":"https:\/\/mmkriepas.lv\/en\/wp-json\/wp\/v2\/product_tag?post=310497"}],"curies":[{"name":"wp","href":"https:\/\/api.w.org\/{rel}","templated":true}]}}