{"id":309602,"date":"2022-08-29T23:32:16","date_gmt":"2022-08-29T20:32:16","guid":{"rendered":"https:\/\/mmkserviss.lv\/?post_type=product&#038;p=309602"},"modified":"2025-04-09T14:46:30","modified_gmt":"2025-04-09T11:46:30","slug":"235-40r18-hankook-winter-icept-iz2-w616-95t","status":"publish","type":"product","link":"https:\/\/mmkriepas.lv\/en\/p\/235-40r18-hankook-winter-icept-iz2-w616-95t\/","title":{"rendered":"235\/40R18 Hankook Winter i*cept IZ2 W616 95T XL RP"},"content":{"rendered":"<p style=\"margin: 12.0pt 0cm 12.0pt 0cm;\"><b><span style=\"font-size: 11.0pt; font-family: 'Arial',sans-serif; color: black;\">Hankook Winter i*cept IZ2 W616 <\/span><\/b><span style=\"font-size: 11.0pt; font-family: 'Arial',sans-serif; color: black;\">ir vid\u0113j\u0101s klases jeb teicamas kvalit\u0101tes Skandin\u0101vijas tipa, m\u012bkst\u0101 sast\u0101va ziemas riepu modelis. Tas izce\u013cas ar teicamiem sa\u0137eres r\u0101d\u012bt\u0101jiem gan uz asfalta, gan snieg\u0101 un pat uz ledus, k\u0101 ar\u012b ar augstu nodilumiztur\u012bbu. \u0160is riepu modelis paredz\u0113ts kompaktklases un vid\u0113ja izm\u0113ra vieglaj\u0101m automa\u0161\u012bn\u0101m.<\/span><o:p><\/o:p><\/p>\n<h3 style=\"margin: 14.0pt 0cm 4.0pt 0cm;\"><span style=\"font-size: 13.0pt; font-family: 'Arial',sans-serif; color: black;\">Winter i*cept IZ2 W616 galven\u0101s iez\u012bmes<\/span><o:p><\/o:p><\/h3>\n<p style=\"margin: 12.0pt 0cm 12.0pt 0cm;\"><span style=\"font-size: 11.0pt; font-family: 'Arial',sans-serif; color: black;\">+ Teicami sa\u0137eres un manevr\u0113tsp\u0113jas r\u0101d\u012bt\u0101ji gan uz asfalta, gan snieg\u0101 un pat uz ledus.<\/span><o:p><\/o:p><\/p>\n<p style=\"margin: 12.0pt 0cm 12.0pt 0cm;\"><span style=\"font-size: 11.0pt; font-family: 'Arial',sans-serif; color: black;\">+ Uzlabots riepu gumijas sast\u0101vs un protektora raksts.<\/span><o:p><\/o:p><\/p>\n<p style=\"margin: 12.0pt 0cm 12.0pt 0cm;\"><span style=\"font-size: 11.0pt; font-family: 'Arial',sans-serif; color: black;\">+ Zems akvaplan\u0113\u0161anas risks.<\/span><o:p><\/o:p><\/p>\n<p style=\"margin: 12.0pt 0cm 12.0pt 0cm;\"><span style=\"font-size: 11.0pt; font-family: 'Arial',sans-serif; color: black;\">+ Palielin\u0101ta nodilumiztur\u012bba, neskatoties uz \u012bpa\u0161i m\u012bksto gumijas sast\u0101vu.<\/span><o:p><\/o:p><\/p>\n<p style=\"margin: 12.0pt 0cm 12.0pt 0cm;\"><span style=\"font-size: 11.0pt; font-family: 'Arial',sans-serif; color: black;\">+ Izteikts akustiskais un brauk\u0161anas gaitas komforts.<\/span><o:p><\/o:p><\/p>\n<h3 style=\"margin: 14.0pt 0cm 4.0pt 0cm;\"><span style=\"font-size: 13.0pt; font-family: 'Arial',sans-serif; color: black;\">Winter i*cept IZ2 W616 apr\u012bkojums<\/span><o:p><\/o:p><\/h3>\n<p style=\"margin: 12.0pt 0cm 12.0pt 0cm;\"><b><span style=\"font-size: 11.0pt; font-family: 'Arial',sans-serif; color: black;\">Hankook Winter i*cept IZ2 W616 <\/span><\/b><span style=\"font-size: 11.0pt; font-family: 'Arial',sans-serif; color: black;\">Skandin\u0101vijas tipa jeb m\u012bkst\u0101 sast\u0101va ziemas riepu modelis apr\u012bkots ar agres\u012bvu virzienveida protektora rakstu. \u0160\u0101ds diazins izv\u0113l\u0113ts, lai uzlabotu veiktsp\u0113ju pat dzi\u013c\u0101 snieg\u0101 un slapjdra\u0146\u0137\u012b. Savuk\u0101rt, as\u0101s s\u0101nu kantes nodro\u0161ina teicamu manevr\u0113tsp\u0113ju pat lielos brauk\u0161anas \u0101trumos.<\/span><o:p><\/o:p><\/p>\n<p style=\"margin: 12.0pt 0cm 12.0pt 0cm;\"><span style=\"font-size: 11.0pt; font-family: 'Arial',sans-serif; color: black;\">Mas\u012bvie, simetriski izvietotie protektora bloki &#8220;bru\u0146oti&#8221; ar t\u016bksto\u0161iem lame\u013cu. T\u0101s, darbojoties l\u012bdz\u012bgi radz\u0113m, ar as\u0101m kant\u0113m iec\u0113rtas led\u016b un sabliet\u0113t\u0101 snieg\u0101, ar slidenaj\u0101m virsm\u0101m veidojot cie\u0161u sa\u0137eri. Turkl\u0101t, riepu gumijas sast\u0101vs speci\u0101li veidots, lai uzlabotu sa\u0137eri skarbos ziemas apst\u0101k\u013cos. Tam pievienotie elastrom\u0113ri \u013cauj riepai saglab\u0101t elast\u012bbu pat \u013coti zem\u0101s gaisa temperat\u016br\u0101s. K\u0101 zin\u0101ms, elast\u012bga riepa daudz lab\u0101k veido sa\u0137eri ar ce\u013cu, k\u0101 ar\u012b dilst vienm\u0113r\u012bg\u0101k.<\/span><\/p>\n","protected":false},"excerpt":{"rendered":"<p><b><span style=\"font-size: 11.0pt; font-family: 'Arial',sans-serif; color: black;\">Hankook Winter i*cept IZ2 W616 <\/span><\/b><span style=\"font-size: 11.0pt; font-family: 'Arial',sans-serif; color: black;\">ir vid\u0113j\u0101s klases jeb teicamas kvalit\u0101tes Skandin\u0101vijas tipa, m\u012bkst\u0101 sast\u0101va ziemas riepu modelis. Tas izce\u013cas ar teicamiem sa\u0137eres r\u0101d\u012bt\u0101jiem gan uz asfalta, gan snieg\u0101 un pat uz ledus, k\u0101 ar\u012b ar augstu nodilumiztur\u012bbu. \u0160is riepu modelis paredz\u0113ts kompaktklases un vid\u0113ja izm\u0113ra vieglaj\u0101m automa\u0161\u012bn\u0101m.<\/span><\/p>\n","protected":false},"featured_media":822389,"template":"","meta":{"_acf_changed":false,"ngg_post_thumbnail":0},"product_brand":[],"product_cat":[47,45],"product_tag":[],"class_list":{"0":"post-309602","1":"product","2":"type-product","3":"status-publish","4":"has-post-thumbnail","6":"product_cat-vissezonas-riepas","7":"product_cat-ziemas-riepas","9":"first","10":"outofstock","11":"sale","12":"taxable","13":"shipping-taxable","14":"product-type-simple"},"acf":[],"yoast_head":"<!-- This site is optimized with the Yoast SEO Premium plugin v22.6 (Yoast SEO v27.3) - https:\/\/yoast.com\/product\/yoast-seo-premium-wordpress\/ -->\n<title>235\/40R18 Hankook Winter i*cept IZ2 W616 95T XL RP &#8226; MMK Riepas<\/title>\n<meta name=\"description\" content=\"Hankook W616 I * Cept IZ2 - kvalitat\u012bva ziemas riepa, kas ide\u0101li piem\u0113rota Latvijas ziemai. Pieejama MMK Riepu Centros par lab\u0101kaj\u0101m cen\u0101m!\" \/>\n<meta name=\"robots\" content=\"index, follow, max-snippet:-1, max-image-preview:large, max-video-preview:-1\" \/>\n<link rel=\"canonical\" href=\"https:\/\/mmkriepas.lv\/en\/p\/235-40r18-hankook-winter-icept-iz2-w616-95t\/\" \/>\n<meta property=\"og:locale\" content=\"en_US\" \/>\n<meta property=\"og:type\" content=\"article\" \/>\n<meta property=\"og:title\" content=\"235\/40R18 Hankook Winter i*cept IZ2 W616 95T XL RP\" \/>\n<meta property=\"og:description\" content=\"Hankook W616 I * Cept IZ2 - kvalitat\u012bva ziemas riepa, kas ide\u0101li piem\u0113rota Latvijas ziemai. Pieejama MMK Riepu Centros par lab\u0101kaj\u0101m cen\u0101m!\" \/>\n<meta property=\"og:url\" content=\"https:\/\/mmkriepas.lv\/en\/p\/235-40r18-hankook-winter-icept-iz2-w616-95t\/\" \/>\n<meta property=\"og:site_name\" content=\"MMK Riepas\" \/>\n<meta property=\"article:publisher\" content=\"https:\/\/www.facebook.com\/mmkserviss\/\" \/>\n<meta property=\"article:modified_time\" content=\"2025-04-09T11:46:30+00:00\" \/>\n<meta property=\"og:image\" content=\"https:\/\/mmkriepas.lv\/wp-content\/uploads\/2023\/11\/20555r16-hankook-winter-icept-iz2-w616-94t-xl-rp-ziemas-riepas.jpg\" \/>\n\t<meta property=\"og:image:width\" content=\"1569\" \/>\n\t<meta property=\"og:image:height\" content=\"1559\" \/>\n\t<meta property=\"og:image:type\" content=\"image\/jpeg\" \/>\n<meta name=\"twitter:card\" content=\"summary_large_image\" \/>\n<meta name=\"twitter:label1\" content=\"Price\" \/>\n\t<meta name=\"twitter:data1\" content=\"&euro;145.00\" \/>\n\t<meta name=\"twitter:label2\" content=\"Availability\" \/>\n\t<meta name=\"twitter:data2\" content=\"Out of stock\" \/>\n<script type=\"application\/ld+json\" class=\"yoast-schema-graph\">{\"@context\":\"https:\\\/\\\/schema.org\",\"@graph\":[{\"@type\":\"WebPage\",\"@id\":\"https:\\\/\\\/mmkriepas.lv\\\/en\\\/p\\\/235-40r18-hankook-winter-icept-iz2-w616-95t\\\/\",\"url\":\"https:\\\/\\\/mmkriepas.lv\\\/en\\\/p\\\/235-40r18-hankook-winter-icept-iz2-w616-95t\\\/\",\"name\":\"235\\\/40R18 Hankook Winter i*cept IZ2 W616 95T XL RP &#8226; MMK Riepas\",\"isPartOf\":{\"@id\":\"https:\\\/\\\/mmkriepas.lv\\\/en\\\/#website\"},\"primaryImageOfPage\":{\"@id\":\"https:\\\/\\\/mmkriepas.lv\\\/en\\\/p\\\/235-40r18-hankook-winter-icept-iz2-w616-95t\\\/#primaryimage\"},\"image\":{\"@id\":\"https:\\\/\\\/mmkriepas.lv\\\/en\\\/p\\\/235-40r18-hankook-winter-icept-iz2-w616-95t\\\/#primaryimage\"},\"thumbnailUrl\":\"https:\\\/\\\/mmkriepas.lv\\\/wp-content\\\/uploads\\\/2023\\\/11\\\/20555r16-hankook-winter-icept-iz2-w616-94t-xl-rp-ziemas-riepas.jpg\",\"datePublished\":\"2022-08-29T20:32:16+00:00\",\"dateModified\":\"2025-04-09T11:46:30+00:00\",\"description\":\"Hankook W616 I * Cept IZ2 - kvalitat\u012bva ziemas riepa, kas ide\u0101li piem\u0113rota Latvijas ziemai. Pieejama MMK Riepu Centros par lab\u0101kaj\u0101m cen\u0101m!\",\"breadcrumb\":{\"@id\":\"https:\\\/\\\/mmkriepas.lv\\\/en\\\/p\\\/235-40r18-hankook-winter-icept-iz2-w616-95t\\\/#breadcrumb\"},\"inLanguage\":\"en-US\",\"potentialAction\":[{\"@type\":\"ReadAction\",\"target\":[\"https:\\\/\\\/mmkriepas.lv\\\/en\\\/p\\\/235-40r18-hankook-winter-icept-iz2-w616-95t\\\/\"]}]},{\"@type\":\"ImageObject\",\"inLanguage\":\"en-US\",\"@id\":\"https:\\\/\\\/mmkriepas.lv\\\/en\\\/p\\\/235-40r18-hankook-winter-icept-iz2-w616-95t\\\/#primaryimage\",\"url\":\"https:\\\/\\\/mmkriepas.lv\\\/wp-content\\\/uploads\\\/2023\\\/11\\\/20555r16-hankook-winter-icept-iz2-w616-94t-xl-rp-ziemas-riepas.jpg\",\"contentUrl\":\"https:\\\/\\\/mmkriepas.lv\\\/wp-content\\\/uploads\\\/2023\\\/11\\\/20555r16-hankook-winter-icept-iz2-w616-94t-xl-rp-ziemas-riepas.jpg\",\"width\":1569,\"height\":1559,\"caption\":\"?????????????????????????\"},{\"@type\":\"BreadcrumbList\",\"@id\":\"https:\\\/\\\/mmkriepas.lv\\\/en\\\/p\\\/235-40r18-hankook-winter-icept-iz2-w616-95t\\\/#breadcrumb\",\"itemListElement\":[{\"@type\":\"ListItem\",\"position\":1,\"name\":\"S\u0101kums\",\"item\":\"https:\\\/\\\/mmkriepas.lv\\\/en\\\/\"},{\"@type\":\"ListItem\",\"position\":2,\"name\":\"235\\\/40R18 Hankook Winter i*cept IZ2 W616 95T XL RP\"}]},{\"@type\":\"WebSite\",\"@id\":\"https:\\\/\\\/mmkriepas.lv\\\/en\\\/#website\",\"url\":\"https:\\\/\\\/mmkriepas.lv\\\/en\\\/\",\"name\":\"MMK Riepas\",\"description\":\"MMK Riepas\",\"alternateName\":\"MMK Riepu Serviss\",\"potentialAction\":[{\"@type\":\"SearchAction\",\"target\":{\"@type\":\"EntryPoint\",\"urlTemplate\":\"https:\\\/\\\/mmkriepas.lv\\\/en\\\/?s={search_term_string}\"},\"query-input\":{\"@type\":\"PropertyValueSpecification\",\"valueRequired\":true,\"valueName\":\"search_term_string\"}}],\"inLanguage\":\"en-US\"},{\"@type\":\"ImageObject\",\"inLanguage\":\"en-US\",\"@id\":\"https:\\\/\\\/mmkriepas.lv\\\/en\\\/p\\\/235-40r18-hankook-winter-icept-iz2-w616-95t\\\/#local-main-organization-logo\",\"url\":\"\",\"contentUrl\":\"\",\"caption\":\"MMK Riepas\"}]}<\/script>\n<meta property=\"product:brand\" content=\"Hankook Winter i*cept IZ2 W616\" \/>\n<meta property=\"product:price:amount\" content=\"145.00\" \/>\n<meta property=\"product:price:currency\" content=\"EUR\" \/>\n<meta property=\"og:availability\" content=\"out of stock\" \/>\n<meta property=\"product:availability\" content=\"out of stock\" \/>\n<meta property=\"product:retailer_item_id\" content=\"TW2354018HANKO-9767\" \/>\n<meta property=\"product:condition\" content=\"new\" \/>\n<!-- \/ Yoast SEO Premium plugin. -->","yoast_head_json":{"title":"235\/40R18 Hankook Winter i*cept IZ2 W616 95T XL RP &#8226; MMK Riepas","description":"Hankook W616 I * Cept IZ2 - kvalitat\u012bva ziemas riepa, kas ide\u0101li piem\u0113rota Latvijas ziemai. Pieejama MMK Riepu Centros par lab\u0101kaj\u0101m cen\u0101m!","robots":{"index":"index","follow":"follow","max-snippet":"max-snippet:-1","max-image-preview":"max-image-preview:large","max-video-preview":"max-video-preview:-1"},"canonical":"https:\/\/mmkriepas.lv\/en\/p\/235-40r18-hankook-winter-icept-iz2-w616-95t\/","og_locale":"en_US","og_type":"article","og_title":"235\/40R18 Hankook Winter i*cept IZ2 W616 95T XL RP","og_description":"Hankook W616 I * Cept IZ2 - kvalitat\u012bva ziemas riepa, kas ide\u0101li piem\u0113rota Latvijas ziemai. Pieejama MMK Riepu Centros par lab\u0101kaj\u0101m cen\u0101m!","og_url":"https:\/\/mmkriepas.lv\/en\/p\/235-40r18-hankook-winter-icept-iz2-w616-95t\/","og_site_name":"MMK Riepas","article_publisher":"https:\/\/www.facebook.com\/mmkserviss\/","article_modified_time":"2025-04-09T11:46:30+00:00","og_image":[{"width":1569,"height":1559,"url":"https:\/\/mmkriepas.lv\/wp-content\/uploads\/2023\/11\/20555r16-hankook-winter-icept-iz2-w616-94t-xl-rp-ziemas-riepas.jpg","type":"image\/jpeg"}],"twitter_card":"summary_large_image","twitter_misc":{"Price":"&euro;145.00","Availability":"Out of stock"},"schema":{"@context":"https:\/\/schema.org","@graph":[{"@type":"WebPage","@id":"https:\/\/mmkriepas.lv\/en\/p\/235-40r18-hankook-winter-icept-iz2-w616-95t\/","url":"https:\/\/mmkriepas.lv\/en\/p\/235-40r18-hankook-winter-icept-iz2-w616-95t\/","name":"235\/40R18 Hankook Winter i*cept IZ2 W616 95T XL RP &#8226; MMK Riepas","isPartOf":{"@id":"https:\/\/mmkriepas.lv\/en\/#website"},"primaryImageOfPage":{"@id":"https:\/\/mmkriepas.lv\/en\/p\/235-40r18-hankook-winter-icept-iz2-w616-95t\/#primaryimage"},"image":{"@id":"https:\/\/mmkriepas.lv\/en\/p\/235-40r18-hankook-winter-icept-iz2-w616-95t\/#primaryimage"},"thumbnailUrl":"https:\/\/mmkriepas.lv\/wp-content\/uploads\/2023\/11\/20555r16-hankook-winter-icept-iz2-w616-94t-xl-rp-ziemas-riepas.jpg","datePublished":"2022-08-29T20:32:16+00:00","dateModified":"2025-04-09T11:46:30+00:00","description":"Hankook W616 I * Cept IZ2 - kvalitat\u012bva ziemas riepa, kas ide\u0101li piem\u0113rota Latvijas ziemai. Pieejama MMK Riepu Centros par lab\u0101kaj\u0101m cen\u0101m!","breadcrumb":{"@id":"https:\/\/mmkriepas.lv\/en\/p\/235-40r18-hankook-winter-icept-iz2-w616-95t\/#breadcrumb"},"inLanguage":"en-US","potentialAction":[{"@type":"ReadAction","target":["https:\/\/mmkriepas.lv\/en\/p\/235-40r18-hankook-winter-icept-iz2-w616-95t\/"]}]},{"@type":"ImageObject","inLanguage":"en-US","@id":"https:\/\/mmkriepas.lv\/en\/p\/235-40r18-hankook-winter-icept-iz2-w616-95t\/#primaryimage","url":"https:\/\/mmkriepas.lv\/wp-content\/uploads\/2023\/11\/20555r16-hankook-winter-icept-iz2-w616-94t-xl-rp-ziemas-riepas.jpg","contentUrl":"https:\/\/mmkriepas.lv\/wp-content\/uploads\/2023\/11\/20555r16-hankook-winter-icept-iz2-w616-94t-xl-rp-ziemas-riepas.jpg","width":1569,"height":1559,"caption":"?????????????????????????"},{"@type":"BreadcrumbList","@id":"https:\/\/mmkriepas.lv\/en\/p\/235-40r18-hankook-winter-icept-iz2-w616-95t\/#breadcrumb","itemListElement":[{"@type":"ListItem","position":1,"name":"S\u0101kums","item":"https:\/\/mmkriepas.lv\/en\/"},{"@type":"ListItem","position":2,"name":"235\/40R18 Hankook Winter i*cept IZ2 W616 95T XL RP"}]},{"@type":"WebSite","@id":"https:\/\/mmkriepas.lv\/en\/#website","url":"https:\/\/mmkriepas.lv\/en\/","name":"MMK Riepas","description":"MMK Riepas","alternateName":"MMK Riepu Serviss","potentialAction":[{"@type":"SearchAction","target":{"@type":"EntryPoint","urlTemplate":"https:\/\/mmkriepas.lv\/en\/?s={search_term_string}"},"query-input":{"@type":"PropertyValueSpecification","valueRequired":true,"valueName":"search_term_string"}}],"inLanguage":"en-US"},{"@type":"ImageObject","inLanguage":"en-US","@id":"https:\/\/mmkriepas.lv\/en\/p\/235-40r18-hankook-winter-icept-iz2-w616-95t\/#local-main-organization-logo","url":"","contentUrl":"","caption":"MMK Riepas"}]},"product_brand":"Hankook Winter i*cept IZ2 W616","product_price_amount":"145.00","product_price_currency":"EUR","og_availability":"out of stock","product_availability":"out of stock","product_retailer_item_id":"TW2354018HANKO-9767","product_condition":"new"},"_links":{"self":[{"href":"https:\/\/mmkriepas.lv\/en\/wp-json\/wp\/v2\/product\/309602","targetHints":{"allow":["GET"]}}],"collection":[{"href":"https:\/\/mmkriepas.lv\/en\/wp-json\/wp\/v2\/product"}],"about":[{"href":"https:\/\/mmkriepas.lv\/en\/wp-json\/wp\/v2\/types\/product"}],"wp:featuredmedia":[{"embeddable":true,"href":"https:\/\/mmkriepas.lv\/en\/wp-json\/wp\/v2\/media\/822389"}],"wp:attachment":[{"href":"https:\/\/mmkriepas.lv\/en\/wp-json\/wp\/v2\/media?parent=309602"}],"wp:term":[{"taxonomy":"product_brand","embeddable":true,"href":"https:\/\/mmkriepas.lv\/en\/wp-json\/wp\/v2\/product_brand?post=309602"},{"taxonomy":"product_cat","embeddable":true,"href":"https:\/\/mmkriepas.lv\/en\/wp-json\/wp\/v2\/product_cat?post=309602"},{"taxonomy":"product_tag","embeddable":true,"href":"https:\/\/mmkriepas.lv\/en\/wp-json\/wp\/v2\/product_tag?post=309602"}],"curies":[{"name":"wp","href":"https:\/\/api.w.org\/{rel}","templated":true}]}}