{"id":309305,"date":"2022-08-28T12:24:12","date_gmt":"2022-08-28T09:24:12","guid":{"rendered":"https:\/\/mmkserviss.lv\/?post_type=product&#038;p=309305"},"modified":"2026-03-27T12:43:01","modified_gmt":"2026-03-27T10:43:01","slug":"235-65r17-nankang-sw-8-108t-xl-ar-radzem","status":"publish","type":"product","link":"https:\/\/mmkriepas.lv\/en\/p\/235-65r17-nankang-sw-8-108t-xl-ar-radzem\/","title":{"rendered":"235\/65R17 Nankang Ice Activa SW-8 108T XL ar radz\u0113m"},"content":{"rendered":"<p align=\"left\"><span style=\"color: #000000;\"><span style=\"font-family: Arial, sans-serif;\"><span style=\"font-size: medium;\"><b><span>Nankang Ice Activa SW-8<\/span><\/b><span> ir \u013coti labas kvalit\u0101tes, premium bud\u017eeta klases rad\u017eojamais ziemas riepu modelis. Tas izce\u013cas ar \u013coti lab\u0101m sa\u0137eres un manevr\u0113tsp\u0113jas \u012bpa\u0161\u012bb\u0101m gan snieg\u0101 un slapjdra\u0146\u0137\u012b, gan uz apledoju\u0161\u0101m ce\u013ca virsm\u0101m. \u0160is riepu modelis pieejams izm\u0113ru kl\u0101st\u0101 no R13 l\u012bdz R19 un paredz\u0113ts no kompaktklases l\u012bdz pat SUV jeb apvidus automa\u0161\u012bn\u0101m.<\/span><\/span><\/span><\/span><\/p>\n<h3 class=\"western\"><span style=\"font-family: Arial, sans-serif;\"><span>Nankang <\/span><span>Ice Activa <\/span><span>SW-8 galven\u0101s iez\u012bmes<\/span><\/span><\/h3>\n<p><span style=\"font-family: Arial, sans-serif;\"><span>+ Labi sa\u0137eres r\u0101d\u012bt\u0101ji skarbos ziemas brauk\u0161anas apst\u0101k\u013cos: gan snieg\u0101 un slapjdra\u0146\u0137\u012b, gan ar\u012b uz apledoju\u0161\u0101m ce\u013ca virsm\u0101m, pateicoties radz\u0113m.<\/span><\/span><\/p>\n<p><span style=\"font-family: Arial, sans-serif;\"><span>+ Radzes ne tikai uzlabo sa\u0137eri uz ledus, bet ar\u012b palielina riepu nodilumiztur\u012bbu par l\u012bdz pat 40%.<\/span><\/span><\/p>\n<p><span style=\"font-family: Arial, sans-serif;\"><span>+ Neline\u0101rs rad\u017eu izvietojums uzlabo sa\u0137eri vis\u0101 riepu kontakta virsm\u0101 ar ce\u013cu.<\/span><\/span><\/p>\n<p><span style=\"font-family: Arial, sans-serif;\"><span>+ Zems akvaplan\u0113\u0161anas risks, pateicoties virzienveida protektora dizainam.<\/span><\/span><\/p>\n<h3 class=\"western\"><span style=\"font-family: Arial, sans-serif;\"><span>Ice Activa SW-8 apr\u012bkojums<\/span><\/span><\/h3>\n<p><span style=\"font-family: Arial, sans-serif;\"><span>Nankang SW-8 rad\u017eojamais ziemas riepu modelis apr\u012bkots ar dzi\u013cu un agres\u012bvu protektora rakstu. \u0160\u0101ds dizains uzlabo veiktsp\u0113ju dzi\u013c\u0101 snieg\u0101 un slapjdra\u0146\u0137\u012b, atvieglojot ar\u012b brauk\u0161anas uzs\u0101k\u0161anu un samazinot akvaplan\u0113\u0161anas risku.<\/span><\/span><\/p>\n<p><span style=\"font-family: Arial, sans-serif;\"><span>Mas\u012bvajos V-veid\u0101 izvietotajos protektora blokos iesp\u0113jams iestr\u0101d\u0101t radzes. T\u0101s izvietotas neline\u0101ri, uzlabojot sa\u0137eres \u012bpa\u0161\u012bbas un sa\u012bsinot bremz\u0113\u0161anas ce\u013cu. Turkl\u0101t radzes, kas darin\u0101tas no met\u0101la, balsta protektoru un dilst l\u0113n\u0101k par gumiju, paildzinot riepu m\u016b\u017eu par l\u012bdz pat 40%<\/span><\/span><\/p>\n<p><span style=\"font-family: Arial, sans-serif;\"><br \/><span style=\"color: #ff0000;\"><span style=\"font-size: medium;\"><span>Mode\u013ca lieto\u0161anas dro\u0161\u012bbu ziemas laika apst\u0101k\u013cos un t\u0101 atbilst\u012bbu valst\u012bm ar oblig\u0101tu sezon\u0101lo riepu mai\u0146u apstiprina mar\u0137\u0113jums sniegp\u0101rslas form\u0101 uz kalna fona ar trim virsotn\u0113m (3PMSF).<\/span><\/span><\/span><\/span><\/p>\n","protected":false},"excerpt":{"rendered":"<p align=\"left\"><span style=\"color: #000000;\"><span style=\"font-family: Arial, sans-serif;\"><span style=\"font-size: medium;\"><b><span>Nankang Ice Activa SW-8<\/span><\/b><span> ir \u013coti labas kvalit\u0101tes, premium bud\u017eeta klases rad\u017eojamais ziemas riepu modelis. Tas izce\u013cas ar \u013coti lab\u0101m sa\u0137eres un manevr\u0113tsp\u0113jas \u012bpa\u0161\u012bb\u0101m gan snieg\u0101 un slapjdra\u0146\u0137\u012b, gan uz apledoju\u0161\u0101m ce\u013ca virsm\u0101m. \u0160is riepu modelis pieejams izm\u0113ru kl\u0101st\u0101 no R13 l\u012bdz R19 un paredz\u0113ts no kompaktklases l\u012bdz pat SUV jeb apvidus automa\u0161\u012bn\u0101m.<\/span><\/span><\/span><\/span><\/p>\n","protected":false},"featured_media":1138945,"template":"","meta":{"_acf_changed":false,"ngg_post_thumbnail":0},"product_brand":[],"product_cat":[45,48],"product_tag":[],"class_list":{"0":"post-309305","1":"product","2":"type-product","3":"status-publish","4":"has-post-thumbnail","6":"product_cat-ziemas-riepas","7":"product_cat-ziemas-ar-radzem","9":"first","10":"instock","11":"sale","12":"taxable","13":"shipping-taxable","14":"purchasable","15":"product-type-simple"},"acf":[],"yoast_head":"<!-- This site is optimized with the Yoast SEO Premium plugin v22.6 (Yoast SEO v27.3) - https:\/\/yoast.com\/product\/yoast-seo-premium-wordpress\/ -->\n<title>235\/65R17 Nankang Ice Activa SW-8 108T XL ar radz\u0113m &#8226; MMK Riepas<\/title>\n<meta name=\"robots\" content=\"index, follow, max-snippet:-1, max-image-preview:large, max-video-preview:-1\" \/>\n<link rel=\"canonical\" href=\"https:\/\/mmkriepas.lv\/en\/p\/235-65r17-nankang-sw-8-108t-xl-ar-radzem\/\" \/>\n<meta property=\"og:locale\" content=\"en_US\" \/>\n<meta property=\"og:type\" content=\"article\" \/>\n<meta property=\"og:title\" content=\"235\/65R17 Nankang Ice Activa SW-8 108T XL ar radz\u0113m\" \/>\n<meta property=\"og:description\" content=\"Nankang Ice Activa SW-8 ir \u013coti labas kvalit\u0101tes, premium bud\u017eeta klases rad\u017eojamais ziemas riepu modelis. Tas izce\u013cas ar \u013coti lab\u0101m sa\u0137eres un manevr\u0113tsp\u0113jas \u012bpa\u0161\u012bb\u0101m gan snieg\u0101 un slapjdra\u0146\u0137\u012b, gan uz apledoju\u0161\u0101m ce\u013ca virsm\u0101m. \u0160is riepu modelis pieejams izm\u0113ru kl\u0101st\u0101 no R13 l\u012bdz R19 un paredz\u0113ts no kompaktklases l\u012bdz pat SUV jeb apvidus automa\u0161\u012bn\u0101m.\" \/>\n<meta property=\"og:url\" content=\"https:\/\/mmkriepas.lv\/en\/p\/235-65r17-nankang-sw-8-108t-xl-ar-radzem\/\" \/>\n<meta property=\"og:site_name\" content=\"MMK Riepas\" \/>\n<meta property=\"article:publisher\" content=\"https:\/\/www.facebook.com\/mmkserviss\/\" \/>\n<meta property=\"article:modified_time\" content=\"2026-03-27T10:43:01+00:00\" \/>\n<meta property=\"og:image\" content=\"https:\/\/mmkriepas.lv\/wp-content\/uploads\/2024\/12\/21565r16-nankang-ice-activa-sw-8-102t-xl-ar-radzem-ziemas-riepas-ziemas-ar-radzem-riepas.jpg\" \/>\n\t<meta property=\"og:image:width\" content=\"900\" \/>\n\t<meta property=\"og:image:height\" content=\"720\" \/>\n\t<meta property=\"og:image:type\" content=\"image\/jpeg\" \/>\n<meta name=\"twitter:card\" content=\"summary_large_image\" \/>\n<meta name=\"twitter:label1\" content=\"Price\" \/>\n\t<meta name=\"twitter:data1\" content=\"&euro;115.00\" \/>\n\t<meta name=\"twitter:label2\" content=\"Availability\" \/>\n\t<meta name=\"twitter:data2\" content=\"In stock\" \/>\n<script type=\"application\/ld+json\" class=\"yoast-schema-graph\">{\"@context\":\"https:\\\/\\\/schema.org\",\"@graph\":[{\"@type\":\"WebPage\",\"@id\":\"https:\\\/\\\/mmkriepas.lv\\\/en\\\/p\\\/235-65r17-nankang-sw-8-108t-xl-ar-radzem\\\/\",\"url\":\"https:\\\/\\\/mmkriepas.lv\\\/en\\\/p\\\/235-65r17-nankang-sw-8-108t-xl-ar-radzem\\\/\",\"name\":\"235\\\/65R17 Nankang Ice Activa SW-8 108T XL ar radz\u0113m &#8226; MMK Riepas\",\"isPartOf\":{\"@id\":\"https:\\\/\\\/mmkriepas.lv\\\/en\\\/#website\"},\"primaryImageOfPage\":{\"@id\":\"https:\\\/\\\/mmkriepas.lv\\\/en\\\/p\\\/235-65r17-nankang-sw-8-108t-xl-ar-radzem\\\/#primaryimage\"},\"image\":{\"@id\":\"https:\\\/\\\/mmkriepas.lv\\\/en\\\/p\\\/235-65r17-nankang-sw-8-108t-xl-ar-radzem\\\/#primaryimage\"},\"thumbnailUrl\":\"https:\\\/\\\/mmkriepas.lv\\\/wp-content\\\/uploads\\\/2024\\\/12\\\/21565r16-nankang-ice-activa-sw-8-102t-xl-ar-radzem-ziemas-riepas-ziemas-ar-radzem-riepas.jpg\",\"datePublished\":\"2022-08-28T09:24:12+00:00\",\"dateModified\":\"2026-03-27T10:43:01+00:00\",\"breadcrumb\":{\"@id\":\"https:\\\/\\\/mmkriepas.lv\\\/en\\\/p\\\/235-65r17-nankang-sw-8-108t-xl-ar-radzem\\\/#breadcrumb\"},\"inLanguage\":\"en-US\",\"potentialAction\":[{\"@type\":\"ReadAction\",\"target\":[\"https:\\\/\\\/mmkriepas.lv\\\/en\\\/p\\\/235-65r17-nankang-sw-8-108t-xl-ar-radzem\\\/\"]}]},{\"@type\":\"ImageObject\",\"inLanguage\":\"en-US\",\"@id\":\"https:\\\/\\\/mmkriepas.lv\\\/en\\\/p\\\/235-65r17-nankang-sw-8-108t-xl-ar-radzem\\\/#primaryimage\",\"url\":\"https:\\\/\\\/mmkriepas.lv\\\/wp-content\\\/uploads\\\/2024\\\/12\\\/21565r16-nankang-ice-activa-sw-8-102t-xl-ar-radzem-ziemas-riepas-ziemas-ar-radzem-riepas.jpg\",\"contentUrl\":\"https:\\\/\\\/mmkriepas.lv\\\/wp-content\\\/uploads\\\/2024\\\/12\\\/21565r16-nankang-ice-activa-sw-8-102t-xl-ar-radzem-ziemas-riepas-ziemas-ar-radzem-riepas.jpg\",\"width\":900,\"height\":720,\"caption\":\"MAIN\"},{\"@type\":\"BreadcrumbList\",\"@id\":\"https:\\\/\\\/mmkriepas.lv\\\/en\\\/p\\\/235-65r17-nankang-sw-8-108t-xl-ar-radzem\\\/#breadcrumb\",\"itemListElement\":[{\"@type\":\"ListItem\",\"position\":1,\"name\":\"S\u0101kums\",\"item\":\"https:\\\/\\\/mmkriepas.lv\\\/en\\\/\"},{\"@type\":\"ListItem\",\"position\":2,\"name\":\"235\\\/65R17 Nankang Ice Activa SW-8 108T XL ar radz\u0113m\"}]},{\"@type\":\"WebSite\",\"@id\":\"https:\\\/\\\/mmkriepas.lv\\\/en\\\/#website\",\"url\":\"https:\\\/\\\/mmkriepas.lv\\\/en\\\/\",\"name\":\"MMK Riepas\",\"description\":\"MMK Riepas\",\"alternateName\":\"MMK Riepu Serviss\",\"potentialAction\":[{\"@type\":\"SearchAction\",\"target\":{\"@type\":\"EntryPoint\",\"urlTemplate\":\"https:\\\/\\\/mmkriepas.lv\\\/en\\\/?s={search_term_string}\"},\"query-input\":{\"@type\":\"PropertyValueSpecification\",\"valueRequired\":true,\"valueName\":\"search_term_string\"}}],\"inLanguage\":\"en-US\"},{\"@type\":\"ImageObject\",\"inLanguage\":\"en-US\",\"@id\":\"https:\\\/\\\/mmkriepas.lv\\\/en\\\/p\\\/235-65r17-nankang-sw-8-108t-xl-ar-radzem\\\/#local-main-organization-logo\",\"url\":\"\",\"contentUrl\":\"\",\"caption\":\"MMK Riepas\"}]}<\/script>\n<meta property=\"product:brand\" content=\"Nankang Ice Activa SW-8\" \/>\n<meta property=\"product:price:amount\" content=\"115.00\" \/>\n<meta property=\"product:price:currency\" content=\"EUR\" \/>\n<meta property=\"og:availability\" content=\"instock\" \/>\n<meta property=\"product:availability\" content=\"instock\" \/>\n<meta property=\"product:retailer_item_id\" content=\"TR2356517NANKA-L9729\" \/>\n<meta property=\"product:condition\" content=\"new\" \/>\n<!-- \/ Yoast SEO Premium plugin. -->","yoast_head_json":{"title":"235\/65R17 Nankang Ice Activa SW-8 108T XL ar radz\u0113m &#8226; MMK Riepas","robots":{"index":"index","follow":"follow","max-snippet":"max-snippet:-1","max-image-preview":"max-image-preview:large","max-video-preview":"max-video-preview:-1"},"canonical":"https:\/\/mmkriepas.lv\/en\/p\/235-65r17-nankang-sw-8-108t-xl-ar-radzem\/","og_locale":"en_US","og_type":"article","og_title":"235\/65R17 Nankang Ice Activa SW-8 108T XL ar radz\u0113m","og_description":"Nankang Ice Activa SW-8 ir \u013coti labas kvalit\u0101tes, premium bud\u017eeta klases rad\u017eojamais ziemas riepu modelis. Tas izce\u013cas ar \u013coti lab\u0101m sa\u0137eres un manevr\u0113tsp\u0113jas \u012bpa\u0161\u012bb\u0101m gan snieg\u0101 un slapjdra\u0146\u0137\u012b, gan uz apledoju\u0161\u0101m ce\u013ca virsm\u0101m. \u0160is riepu modelis pieejams izm\u0113ru kl\u0101st\u0101 no R13 l\u012bdz R19 un paredz\u0113ts no kompaktklases l\u012bdz pat SUV jeb apvidus automa\u0161\u012bn\u0101m.","og_url":"https:\/\/mmkriepas.lv\/en\/p\/235-65r17-nankang-sw-8-108t-xl-ar-radzem\/","og_site_name":"MMK Riepas","article_publisher":"https:\/\/www.facebook.com\/mmkserviss\/","article_modified_time":"2026-03-27T10:43:01+00:00","og_image":[{"width":900,"height":720,"url":"https:\/\/mmkriepas.lv\/wp-content\/uploads\/2024\/12\/21565r16-nankang-ice-activa-sw-8-102t-xl-ar-radzem-ziemas-riepas-ziemas-ar-radzem-riepas.jpg","type":"image\/jpeg"}],"twitter_card":"summary_large_image","twitter_misc":{"Price":"&euro;115.00","Availability":"In stock"},"schema":{"@context":"https:\/\/schema.org","@graph":[{"@type":"WebPage","@id":"https:\/\/mmkriepas.lv\/en\/p\/235-65r17-nankang-sw-8-108t-xl-ar-radzem\/","url":"https:\/\/mmkriepas.lv\/en\/p\/235-65r17-nankang-sw-8-108t-xl-ar-radzem\/","name":"235\/65R17 Nankang Ice Activa SW-8 108T XL ar radz\u0113m &#8226; MMK Riepas","isPartOf":{"@id":"https:\/\/mmkriepas.lv\/en\/#website"},"primaryImageOfPage":{"@id":"https:\/\/mmkriepas.lv\/en\/p\/235-65r17-nankang-sw-8-108t-xl-ar-radzem\/#primaryimage"},"image":{"@id":"https:\/\/mmkriepas.lv\/en\/p\/235-65r17-nankang-sw-8-108t-xl-ar-radzem\/#primaryimage"},"thumbnailUrl":"https:\/\/mmkriepas.lv\/wp-content\/uploads\/2024\/12\/21565r16-nankang-ice-activa-sw-8-102t-xl-ar-radzem-ziemas-riepas-ziemas-ar-radzem-riepas.jpg","datePublished":"2022-08-28T09:24:12+00:00","dateModified":"2026-03-27T10:43:01+00:00","breadcrumb":{"@id":"https:\/\/mmkriepas.lv\/en\/p\/235-65r17-nankang-sw-8-108t-xl-ar-radzem\/#breadcrumb"},"inLanguage":"en-US","potentialAction":[{"@type":"ReadAction","target":["https:\/\/mmkriepas.lv\/en\/p\/235-65r17-nankang-sw-8-108t-xl-ar-radzem\/"]}]},{"@type":"ImageObject","inLanguage":"en-US","@id":"https:\/\/mmkriepas.lv\/en\/p\/235-65r17-nankang-sw-8-108t-xl-ar-radzem\/#primaryimage","url":"https:\/\/mmkriepas.lv\/wp-content\/uploads\/2024\/12\/21565r16-nankang-ice-activa-sw-8-102t-xl-ar-radzem-ziemas-riepas-ziemas-ar-radzem-riepas.jpg","contentUrl":"https:\/\/mmkriepas.lv\/wp-content\/uploads\/2024\/12\/21565r16-nankang-ice-activa-sw-8-102t-xl-ar-radzem-ziemas-riepas-ziemas-ar-radzem-riepas.jpg","width":900,"height":720,"caption":"MAIN"},{"@type":"BreadcrumbList","@id":"https:\/\/mmkriepas.lv\/en\/p\/235-65r17-nankang-sw-8-108t-xl-ar-radzem\/#breadcrumb","itemListElement":[{"@type":"ListItem","position":1,"name":"S\u0101kums","item":"https:\/\/mmkriepas.lv\/en\/"},{"@type":"ListItem","position":2,"name":"235\/65R17 Nankang Ice Activa SW-8 108T XL ar radz\u0113m"}]},{"@type":"WebSite","@id":"https:\/\/mmkriepas.lv\/en\/#website","url":"https:\/\/mmkriepas.lv\/en\/","name":"MMK Riepas","description":"MMK Riepas","alternateName":"MMK Riepu Serviss","potentialAction":[{"@type":"SearchAction","target":{"@type":"EntryPoint","urlTemplate":"https:\/\/mmkriepas.lv\/en\/?s={search_term_string}"},"query-input":{"@type":"PropertyValueSpecification","valueRequired":true,"valueName":"search_term_string"}}],"inLanguage":"en-US"},{"@type":"ImageObject","inLanguage":"en-US","@id":"https:\/\/mmkriepas.lv\/en\/p\/235-65r17-nankang-sw-8-108t-xl-ar-radzem\/#local-main-organization-logo","url":"","contentUrl":"","caption":"MMK Riepas"}]},"product_brand":"Nankang Ice Activa SW-8","product_price_amount":"115.00","product_price_currency":"EUR","og_availability":"instock","product_availability":"instock","product_retailer_item_id":"TR2356517NANKA-L9729","product_condition":"new"},"_links":{"self":[{"href":"https:\/\/mmkriepas.lv\/en\/wp-json\/wp\/v2\/product\/309305","targetHints":{"allow":["GET"]}}],"collection":[{"href":"https:\/\/mmkriepas.lv\/en\/wp-json\/wp\/v2\/product"}],"about":[{"href":"https:\/\/mmkriepas.lv\/en\/wp-json\/wp\/v2\/types\/product"}],"wp:featuredmedia":[{"embeddable":true,"href":"https:\/\/mmkriepas.lv\/en\/wp-json\/wp\/v2\/media\/1138945"}],"wp:attachment":[{"href":"https:\/\/mmkriepas.lv\/en\/wp-json\/wp\/v2\/media?parent=309305"}],"wp:term":[{"taxonomy":"product_brand","embeddable":true,"href":"https:\/\/mmkriepas.lv\/en\/wp-json\/wp\/v2\/product_brand?post=309305"},{"taxonomy":"product_cat","embeddable":true,"href":"https:\/\/mmkriepas.lv\/en\/wp-json\/wp\/v2\/product_cat?post=309305"},{"taxonomy":"product_tag","embeddable":true,"href":"https:\/\/mmkriepas.lv\/en\/wp-json\/wp\/v2\/product_tag?post=309305"}],"curies":[{"name":"wp","href":"https:\/\/api.w.org\/{rel}","templated":true}]}}