{"id":309247,"date":"2022-08-28T12:21:17","date_gmt":"2022-08-28T09:21:17","guid":{"rendered":"https:\/\/mmkserviss.lv\/?post_type=product&#038;p=309247"},"modified":"2026-03-27T12:42:43","modified_gmt":"2026-03-27T10:42:43","slug":"205-55r16-nankang-ice-2-94t-xl","status":"publish","type":"product","link":"https:\/\/mmkriepas.lv\/en\/p\/205-55r16-nankang-ice-2-94t-xl\/","title":{"rendered":"205\/55R16 Nankang Ice Activa ICE-2 94T XL"},"content":{"rendered":"<p align=\"left\"><span style=\"color: #ff0000;\"><span style=\"font-size: large;\"><strong><span style=\"color: #000000;\"><span style=\"font-family: Arial, sans-serif;\"><span style=\"font-size: medium;\">Nankang Ice Activa ICE-2\u00a0<\/span><\/span><\/span><\/strong><span style=\"color: #000000;\"><span style=\"font-family: Arial, sans-serif;\"><span style=\"font-size: medium;\">ir \u013coti labas kvalit\u0101tes, premium bud\u017eeta klases ziemas riepu modelis. Tas izce\u013cas ar \u013coti labiem sa\u0137eres, manevr\u0113tsp\u0113jas un brauk\u0161anas komforta r\u0101d\u012bt\u0101jiem pat skarbos ziemas brauk\u0161anas apst\u0101k\u013cos. \u0160is ziemas riepu modelis pieejams izm\u0113ru kl\u0101st\u0101 no R14 l\u012bdz R20 un paredz\u0113ts gan kompaktklases vieglaj\u0101m automa\u0161\u012bn\u0101m, gan apvidus auto jeb SUV.<\/span><\/span><\/span><\/span><\/span><\/p>\n<h3 class=\"western\"><strong><span style=\"font-family: Arial, sans-serif;\">Nankang I<\/span><\/strong><strong><span style=\"font-family: Arial, sans-serif;\">CE<\/span><\/strong><strong><span style=\"font-family: Arial, sans-serif;\">-2 galven\u0101s \u012bpa\u0161\u012bbas<\/span><\/strong><\/h3>\n<p><span style=\"font-family: Arial, sans-serif;\">+ Augsti sa\u0137eres un manevr\u0113tp\u0113j\u0101s r\u0101d\u012bt\u0101ji ar\u012b skarbos ziemas brauk\u0161anas apst\u0101k\u013cos.<br \/>+ \u012apa\u0161i dzi\u013c\u0161 un agres\u012bvs protektora dizains!<br \/>+ Zems akvaplan\u0113\u0161anas risks.<br \/>+ Laba nodilumiztur\u012bba.<br \/>+ \u013coti laba sa\u0137ere ar\u012b uz slapja asfalta, pateicoties uzlabotam gumijas sast\u0101vam.<\/span><\/p>\n<p><strong><span style=\"font-family: Arial, sans-serif;\"><span style=\"font-size: large;\">Ice Activa <\/span><\/span><\/strong><strong><span style=\"font-family: Arial, sans-serif;\"><span style=\"font-size: large;\">I<\/span><\/span><\/strong><strong><span style=\"font-family: Arial, sans-serif;\"><span style=\"font-size: large;\">CE<\/span><\/span><\/strong><strong><span style=\"font-family: Arial, sans-serif;\"><span style=\"font-size: large;\">-2 apr\u012bkojums<\/span><\/span><\/strong><\/p>\n<p><strong><span style=\"font-family: Arial, sans-serif;\">Nankang <\/span><\/strong><strong><span style=\"font-family: Arial, sans-serif;\">Ice Activa<\/span><\/strong><strong><span style=\"font-family: Arial, sans-serif;\"> I<\/span><\/strong><strong><span style=\"font-family: Arial, sans-serif;\">CE<\/span><\/strong><strong><span style=\"font-family: Arial, sans-serif;\">-2\u00a0<\/span><\/strong><span style=\"font-family: Arial, sans-serif;\">ziemas riepas apr\u012bkotas ar \u012bpa\u0161i dzi\u013cu un agres\u012bvu protektora rakstu. \u0160\u0101ds dizains nodro\u0161ina lieliskas sa\u0137eres un manevr\u0113tsp\u0113jas \u012bpa\u0161\u012bbas gan snieg\u0101, gan slapjdra\u0146\u0137\u012b, k\u0101 ar\u012b tas atvieglo brauk\u0161anas uzs\u0101k\u0161anu un samazina akvaplan\u0113\u0161anas risku.<\/span><\/p>\n<p><span style=\"font-family: Arial, sans-serif;\">Mas\u012bvie, V-veid\u0101 izvietotie protektora bloki bru\u0146oti ar vair\u0101kiem t\u016bksto\u0161iem lame\u013cu. \u0160ie iegriezumi jeb lameles izvietotas vair\u0101kos virzienos, uzlabojot sa\u0137eri un manevr\u0113tsp\u0113ju gan uz sabliet\u0113ta sniega, gan viegli apledoju\u0161\u0101m ce\u013ca virsm\u0101m. Lameles darbojas l\u012bdz\u012bgi radz\u0113m, ar as\u0101m kant\u0113m iec\u0113rtoties slidenajos ziemas ce\u013ca segumos.<\/span><\/p>\n<p><span style=\"font-family: Arial, sans-serif;\">\u0160\u012b riepu mode\u013ca gumija sast\u0101vs veidots p\u0113c vado\u0161aj\u0101m Nankang tehnolo\u0123ij\u0101m. Tam pievienotie \u0137\u012bmiskie elementi uzlabo riepu nodilumiztur\u012bbu un pal\u012bdz t\u0101m saglab\u0101t elast\u012bbu zem\u0101s gaisa temperat\u016br\u0101s.<\/span><\/p>\n<p><span style=\"color: #ff0000;\"><span style=\"font-family: Times New Roman, serif;\"><span style=\"font-size: medium;\"><span style=\"font-family: Arial, serif;\">Mode\u013ca lieto\u0161anas dro\u0161\u012bbu ziemas laika apst\u0101k\u013cos un t\u0101 atbilst\u012bbu valst\u012bm ar oblig\u0101tu sezon\u0101lo riepu mai\u0146u apstiprina mar\u0137\u0113jums sniegp\u0101rslas form\u0101 uz kalna fona ar trim virsotn\u0113m (3PMSF).<\/span><\/span><\/span><\/span><\/p>\n","protected":false},"excerpt":{"rendered":"<p align=\"left\"><span style=\"color: #ff0000;\"><span style=\"font-size: large;\"><strong><span style=\"color: #000000;\"><span style=\"font-family: Arial, sans-serif;\"><span style=\"font-size: medium;\">Nankang Ice Activa ICE-2\u00a0<\/span><\/span><\/span><\/strong><span style=\"color: #000000;\"><span style=\"font-family: Arial, sans-serif;\"><span style=\"font-size: medium;\">ir \u013coti labas kvalit\u0101tes, premium bud\u017eeta klases ziemas riepu modelis. Tas izce\u013cas ar \u013coti labiem sa\u0137eres, manevr\u0113tsp\u0113jas un brauk\u0161anas komforta r\u0101d\u012bt\u0101jiem pat skarbos ziemas brauk\u0161anas apst\u0101k\u013cos. \u0160is ziemas riepu modelis pieejams izm\u0113ru kl\u0101st\u0101 no R14 l\u012bdz R20 un paredz\u0113ts gan kompaktklases vieglaj\u0101m automa\u0161\u012bn\u0101m, gan apvidus auto jeb SUV.<\/span><\/span><\/span><\/span><\/span><\/p>\n","protected":false},"featured_media":796033,"template":"","meta":{"_acf_changed":false,"ngg_post_thumbnail":0},"product_brand":[],"product_cat":[47,45],"product_tag":[],"class_list":{"0":"post-309247","1":"product","2":"type-product","3":"status-publish","4":"has-post-thumbnail","6":"product_cat-vissezonas-riepas","7":"product_cat-ziemas-riepas","9":"first","10":"instock","11":"sale","12":"taxable","13":"shipping-taxable","14":"purchasable","15":"product-type-simple"},"acf":[],"yoast_head":"<!-- This site is optimized with the Yoast SEO Premium plugin v22.6 (Yoast SEO v27.3) - https:\/\/yoast.com\/product\/yoast-seo-premium-wordpress\/ -->\n<title>205\/55R16 Nankang Ice Activa ICE-2 94T XL &#8226; MMK Riepas<\/title>\n<meta name=\"robots\" content=\"index, follow, max-snippet:-1, max-image-preview:large, max-video-preview:-1\" \/>\n<link rel=\"canonical\" href=\"https:\/\/mmkriepas.lv\/en\/p\/205-55r16-nankang-ice-2-94t-xl\/\" \/>\n<meta property=\"og:locale\" content=\"en_US\" \/>\n<meta property=\"og:type\" content=\"article\" \/>\n<meta property=\"og:title\" content=\"205\/55R16 Nankang Ice Activa ICE-2 94T XL\" \/>\n<meta property=\"og:description\" content=\"Nankang Ice Activa ICE-2\u00a0ir \u013coti labas kvalit\u0101tes, premium bud\u017eeta klases ziemas riepu modelis. Tas izce\u013cas ar \u013coti labiem sa\u0137eres, manevr\u0113tsp\u0113jas un brauk\u0161anas komforta r\u0101d\u012bt\u0101jiem pat skarbos ziemas brauk\u0161anas apst\u0101k\u013cos. \u0160is ziemas riepu modelis pieejams izm\u0113ru kl\u0101st\u0101 no R14 l\u012bdz R20 un paredz\u0113ts gan kompaktklases vieglaj\u0101m automa\u0161\u012bn\u0101m, gan apvidus auto jeb SUV.\" \/>\n<meta property=\"og:url\" content=\"https:\/\/mmkriepas.lv\/en\/p\/205-55r16-nankang-ice-2-94t-xl\/\" \/>\n<meta property=\"og:site_name\" content=\"MMK Riepas\" \/>\n<meta property=\"article:publisher\" content=\"https:\/\/www.facebook.com\/mmkserviss\/\" \/>\n<meta property=\"article:modified_time\" content=\"2026-03-27T10:42:43+00:00\" \/>\n<meta property=\"og:image\" content=\"https:\/\/mmkriepas.lv\/wp-content\/uploads\/2023\/09\/22555r18-nankang-ice-activa-ice-2-102t-xl-ziemas-riepas.jpg\" \/>\n\t<meta property=\"og:image:width\" content=\"1920\" \/>\n\t<meta property=\"og:image:height\" content=\"1920\" \/>\n\t<meta property=\"og:image:type\" content=\"image\/jpeg\" \/>\n<meta name=\"twitter:card\" content=\"summary_large_image\" \/>\n<meta name=\"twitter:label1\" content=\"Price\" \/>\n\t<meta name=\"twitter:data1\" content=\"&euro;71.00\" \/>\n\t<meta name=\"twitter:label2\" content=\"Availability\" \/>\n\t<meta name=\"twitter:data2\" content=\"In stock\" \/>\n<script type=\"application\/ld+json\" class=\"yoast-schema-graph\">{\"@context\":\"https:\\\/\\\/schema.org\",\"@graph\":[{\"@type\":\"WebPage\",\"@id\":\"https:\\\/\\\/mmkriepas.lv\\\/en\\\/p\\\/205-55r16-nankang-ice-2-94t-xl\\\/\",\"url\":\"https:\\\/\\\/mmkriepas.lv\\\/en\\\/p\\\/205-55r16-nankang-ice-2-94t-xl\\\/\",\"name\":\"205\\\/55R16 Nankang Ice Activa ICE-2 94T XL &#8226; MMK Riepas\",\"isPartOf\":{\"@id\":\"https:\\\/\\\/mmkriepas.lv\\\/en\\\/#website\"},\"primaryImageOfPage\":{\"@id\":\"https:\\\/\\\/mmkriepas.lv\\\/en\\\/p\\\/205-55r16-nankang-ice-2-94t-xl\\\/#primaryimage\"},\"image\":{\"@id\":\"https:\\\/\\\/mmkriepas.lv\\\/en\\\/p\\\/205-55r16-nankang-ice-2-94t-xl\\\/#primaryimage\"},\"thumbnailUrl\":\"https:\\\/\\\/mmkriepas.lv\\\/wp-content\\\/uploads\\\/2023\\\/09\\\/22555r18-nankang-ice-activa-ice-2-102t-xl-ziemas-riepas.jpg\",\"datePublished\":\"2022-08-28T09:21:17+00:00\",\"dateModified\":\"2026-03-27T10:42:43+00:00\",\"breadcrumb\":{\"@id\":\"https:\\\/\\\/mmkriepas.lv\\\/en\\\/p\\\/205-55r16-nankang-ice-2-94t-xl\\\/#breadcrumb\"},\"inLanguage\":\"en-US\",\"potentialAction\":[{\"@type\":\"ReadAction\",\"target\":[\"https:\\\/\\\/mmkriepas.lv\\\/en\\\/p\\\/205-55r16-nankang-ice-2-94t-xl\\\/\"]}]},{\"@type\":\"ImageObject\",\"inLanguage\":\"en-US\",\"@id\":\"https:\\\/\\\/mmkriepas.lv\\\/en\\\/p\\\/205-55r16-nankang-ice-2-94t-xl\\\/#primaryimage\",\"url\":\"https:\\\/\\\/mmkriepas.lv\\\/wp-content\\\/uploads\\\/2023\\\/09\\\/22555r18-nankang-ice-activa-ice-2-102t-xl-ziemas-riepas.jpg\",\"contentUrl\":\"https:\\\/\\\/mmkriepas.lv\\\/wp-content\\\/uploads\\\/2023\\\/09\\\/22555r18-nankang-ice-activa-ice-2-102t-xl-ziemas-riepas.jpg\",\"width\":1920,\"height\":1920,\"caption\":\"225\\\/55R18 Nankang Ice Activa ICE-2 102T XL - Vissezonas riepas \\\/ Ziemas riepas\"},{\"@type\":\"BreadcrumbList\",\"@id\":\"https:\\\/\\\/mmkriepas.lv\\\/en\\\/p\\\/205-55r16-nankang-ice-2-94t-xl\\\/#breadcrumb\",\"itemListElement\":[{\"@type\":\"ListItem\",\"position\":1,\"name\":\"S\u0101kums\",\"item\":\"https:\\\/\\\/mmkriepas.lv\\\/en\\\/\"},{\"@type\":\"ListItem\",\"position\":2,\"name\":\"205\\\/55R16 Nankang Ice Activa ICE-2 94T XL\"}]},{\"@type\":\"WebSite\",\"@id\":\"https:\\\/\\\/mmkriepas.lv\\\/en\\\/#website\",\"url\":\"https:\\\/\\\/mmkriepas.lv\\\/en\\\/\",\"name\":\"MMK Riepas\",\"description\":\"MMK Riepas\",\"alternateName\":\"MMK Riepu Serviss\",\"potentialAction\":[{\"@type\":\"SearchAction\",\"target\":{\"@type\":\"EntryPoint\",\"urlTemplate\":\"https:\\\/\\\/mmkriepas.lv\\\/en\\\/?s={search_term_string}\"},\"query-input\":{\"@type\":\"PropertyValueSpecification\",\"valueRequired\":true,\"valueName\":\"search_term_string\"}}],\"inLanguage\":\"en-US\"},{\"@type\":\"ImageObject\",\"inLanguage\":\"en-US\",\"@id\":\"https:\\\/\\\/mmkriepas.lv\\\/en\\\/p\\\/205-55r16-nankang-ice-2-94t-xl\\\/#local-main-organization-logo\",\"url\":\"\",\"contentUrl\":\"\",\"caption\":\"MMK Riepas\"}]}<\/script>\n<meta property=\"product:brand\" content=\"Nankang Ice Activa ICE-2\" \/>\n<meta property=\"product:price:amount\" content=\"71.00\" \/>\n<meta property=\"product:price:currency\" content=\"EUR\" \/>\n<meta property=\"og:availability\" content=\"instock\" \/>\n<meta property=\"product:availability\" content=\"instock\" \/>\n<meta property=\"product:retailer_item_id\" content=\"TW2055516NANKA-L9709\" \/>\n<meta property=\"product:condition\" content=\"new\" \/>\n<!-- \/ Yoast SEO Premium plugin. -->","yoast_head_json":{"title":"205\/55R16 Nankang Ice Activa ICE-2 94T XL &#8226; MMK Riepas","robots":{"index":"index","follow":"follow","max-snippet":"max-snippet:-1","max-image-preview":"max-image-preview:large","max-video-preview":"max-video-preview:-1"},"canonical":"https:\/\/mmkriepas.lv\/en\/p\/205-55r16-nankang-ice-2-94t-xl\/","og_locale":"en_US","og_type":"article","og_title":"205\/55R16 Nankang Ice Activa ICE-2 94T XL","og_description":"Nankang Ice Activa ICE-2\u00a0ir \u013coti labas kvalit\u0101tes, premium bud\u017eeta klases ziemas riepu modelis. Tas izce\u013cas ar \u013coti labiem sa\u0137eres, manevr\u0113tsp\u0113jas un brauk\u0161anas komforta r\u0101d\u012bt\u0101jiem pat skarbos ziemas brauk\u0161anas apst\u0101k\u013cos. \u0160is ziemas riepu modelis pieejams izm\u0113ru kl\u0101st\u0101 no R14 l\u012bdz R20 un paredz\u0113ts gan kompaktklases vieglaj\u0101m automa\u0161\u012bn\u0101m, gan apvidus auto jeb SUV.","og_url":"https:\/\/mmkriepas.lv\/en\/p\/205-55r16-nankang-ice-2-94t-xl\/","og_site_name":"MMK Riepas","article_publisher":"https:\/\/www.facebook.com\/mmkserviss\/","article_modified_time":"2026-03-27T10:42:43+00:00","og_image":[{"width":1920,"height":1920,"url":"https:\/\/mmkriepas.lv\/wp-content\/uploads\/2023\/09\/22555r18-nankang-ice-activa-ice-2-102t-xl-ziemas-riepas.jpg","type":"image\/jpeg"}],"twitter_card":"summary_large_image","twitter_misc":{"Price":"&euro;71.00","Availability":"In stock"},"schema":{"@context":"https:\/\/schema.org","@graph":[{"@type":"WebPage","@id":"https:\/\/mmkriepas.lv\/en\/p\/205-55r16-nankang-ice-2-94t-xl\/","url":"https:\/\/mmkriepas.lv\/en\/p\/205-55r16-nankang-ice-2-94t-xl\/","name":"205\/55R16 Nankang Ice Activa ICE-2 94T XL &#8226; MMK Riepas","isPartOf":{"@id":"https:\/\/mmkriepas.lv\/en\/#website"},"primaryImageOfPage":{"@id":"https:\/\/mmkriepas.lv\/en\/p\/205-55r16-nankang-ice-2-94t-xl\/#primaryimage"},"image":{"@id":"https:\/\/mmkriepas.lv\/en\/p\/205-55r16-nankang-ice-2-94t-xl\/#primaryimage"},"thumbnailUrl":"https:\/\/mmkriepas.lv\/wp-content\/uploads\/2023\/09\/22555r18-nankang-ice-activa-ice-2-102t-xl-ziemas-riepas.jpg","datePublished":"2022-08-28T09:21:17+00:00","dateModified":"2026-03-27T10:42:43+00:00","breadcrumb":{"@id":"https:\/\/mmkriepas.lv\/en\/p\/205-55r16-nankang-ice-2-94t-xl\/#breadcrumb"},"inLanguage":"en-US","potentialAction":[{"@type":"ReadAction","target":["https:\/\/mmkriepas.lv\/en\/p\/205-55r16-nankang-ice-2-94t-xl\/"]}]},{"@type":"ImageObject","inLanguage":"en-US","@id":"https:\/\/mmkriepas.lv\/en\/p\/205-55r16-nankang-ice-2-94t-xl\/#primaryimage","url":"https:\/\/mmkriepas.lv\/wp-content\/uploads\/2023\/09\/22555r18-nankang-ice-activa-ice-2-102t-xl-ziemas-riepas.jpg","contentUrl":"https:\/\/mmkriepas.lv\/wp-content\/uploads\/2023\/09\/22555r18-nankang-ice-activa-ice-2-102t-xl-ziemas-riepas.jpg","width":1920,"height":1920,"caption":"225\/55R18 Nankang Ice Activa ICE-2 102T XL - Vissezonas riepas \/ Ziemas riepas"},{"@type":"BreadcrumbList","@id":"https:\/\/mmkriepas.lv\/en\/p\/205-55r16-nankang-ice-2-94t-xl\/#breadcrumb","itemListElement":[{"@type":"ListItem","position":1,"name":"S\u0101kums","item":"https:\/\/mmkriepas.lv\/en\/"},{"@type":"ListItem","position":2,"name":"205\/55R16 Nankang Ice Activa ICE-2 94T XL"}]},{"@type":"WebSite","@id":"https:\/\/mmkriepas.lv\/en\/#website","url":"https:\/\/mmkriepas.lv\/en\/","name":"MMK Riepas","description":"MMK Riepas","alternateName":"MMK Riepu Serviss","potentialAction":[{"@type":"SearchAction","target":{"@type":"EntryPoint","urlTemplate":"https:\/\/mmkriepas.lv\/en\/?s={search_term_string}"},"query-input":{"@type":"PropertyValueSpecification","valueRequired":true,"valueName":"search_term_string"}}],"inLanguage":"en-US"},{"@type":"ImageObject","inLanguage":"en-US","@id":"https:\/\/mmkriepas.lv\/en\/p\/205-55r16-nankang-ice-2-94t-xl\/#local-main-organization-logo","url":"","contentUrl":"","caption":"MMK Riepas"}]},"product_brand":"Nankang Ice Activa ICE-2","product_price_amount":"71.00","product_price_currency":"EUR","og_availability":"instock","product_availability":"instock","product_retailer_item_id":"TW2055516NANKA-L9709","product_condition":"new"},"_links":{"self":[{"href":"https:\/\/mmkriepas.lv\/en\/wp-json\/wp\/v2\/product\/309247","targetHints":{"allow":["GET"]}}],"collection":[{"href":"https:\/\/mmkriepas.lv\/en\/wp-json\/wp\/v2\/product"}],"about":[{"href":"https:\/\/mmkriepas.lv\/en\/wp-json\/wp\/v2\/types\/product"}],"wp:featuredmedia":[{"embeddable":true,"href":"https:\/\/mmkriepas.lv\/en\/wp-json\/wp\/v2\/media\/796033"}],"wp:attachment":[{"href":"https:\/\/mmkriepas.lv\/en\/wp-json\/wp\/v2\/media?parent=309247"}],"wp:term":[{"taxonomy":"product_brand","embeddable":true,"href":"https:\/\/mmkriepas.lv\/en\/wp-json\/wp\/v2\/product_brand?post=309247"},{"taxonomy":"product_cat","embeddable":true,"href":"https:\/\/mmkriepas.lv\/en\/wp-json\/wp\/v2\/product_cat?post=309247"},{"taxonomy":"product_tag","embeddable":true,"href":"https:\/\/mmkriepas.lv\/en\/wp-json\/wp\/v2\/product_tag?post=309247"}],"curies":[{"name":"wp","href":"https:\/\/api.w.org\/{rel}","templated":true}]}}