{"id":309004,"date":"2022-08-28T12:08:06","date_gmt":"2022-08-28T09:08:06","guid":{"rendered":"https:\/\/mmkserviss.lv\/?post_type=product&#038;p=309004"},"modified":"2024-08-06T17:00:59","modified_gmt":"2024-08-06T14:00:59","slug":"185-65r15-hankook-kinergy-eco2-k435-88t-2","status":"publish","type":"product","link":"https:\/\/mmkriepas.lv\/en\/p\/185-65r15-hankook-kinergy-eco2-k435-88t-2\/","title":{"rendered":"185\/65R15 Hankook Kinergy eco2 K435 88T"},"content":{"rendered":"<p><strong>Hankook Kinergy eco2 <\/strong><strong>K435<\/strong> \u2013 Vasras riepu modelis tika izlaists, lai aizst\u0101tu modeli Hankook Kinergy eco K425, kas sevi pier\u0101d\u012bjis tikai no lab\u0101k\u0101s puses. Jauno Kinergy eco2 raksturo <strong>v\u0113l izteikt\u0101ka degvielas ekonomija<\/strong>, ilgs kalpo\u0161anas laiks un uzlabotas sa\u0137eres \u012bpa\u0161\u012bbas, \u012bpa\u0161i nelabv\u0113l\u012bgos laika apst\u0101k\u013cos.<\/p>\n<h4><strong>Kinergy eco2 K435 \u012bpa\u0161\u012bbas:<\/strong><\/h4>\n<p>+ Jaun\u0101k\u0101s Hankook tehnolo\u0123ijas.<\/p>\n<p>+ Asimetrisks protektors un palielin\u0101ts laukums, kur\u0101 riepa saskaras ar ce\u013cu.<\/p>\n<p>+ Plat\u0101ki \u016bdens dren\u0101\u017eas kan\u0101li, nek\u0101 iepriek\u0161\u0113jam modelim.<\/p>\n<p>+ Hibr\u012bdr\u0101mis ar pastiprin\u0101t\u0101m s\u0101nu sien\u0101m nodro\u0161ina perfektu l\u012bdzsvaru starp vad\u0101m\u012bbu, vilkmi un komfortu.<\/p>\n<p>+ \u012apa\u0161s pild\u012bjums riepas s\u0113\u017eas mal\u0101 nodro\u0161ina perfektu riepas pieguli diskam.<\/p>\n<p>+ Degvielas ekonomija, \u013coti zema rites pretest\u012bba.<\/p>\n<p>+ Lieliska sa\u0137ere slapj\u0101 laik\u0101 (nov\u0113rt\u0113jums A\/B).<\/p>\n<p>+ Dinamiska un dro\u0161a vad\u0101m\u012bb\u0101 gan uz sausa, gan mitra seguma.<\/p>\n<p>+ Augsta notur\u012bba pret akvaplan\u0113\u0161anu.<\/p>\n<p>+ \u012apa\u0161i klusas riepas.<\/p>\n<p><strong>Kinergy eco2 K435 iez\u012bmes:<\/strong><\/p>\n<p>B\u016btiska at\u0161\u0137ir\u012bba no iepriek\u0161\u0113j\u0101 mode\u013ca ir palielin\u0101ts garenisko \u016bdens dren\u0101\u017eas rievu izm\u0113rs. Tie ir uzdizain\u0113ti plat\u0101ki, padarot riepu daudz iztur\u012bg\u0101ku pret akvaplan\u0113\u0161anu. \u0160is faktors ir \u0101rk\u0101rt\u012bgi svar\u012bgs braucot liel\u0101 \u0101trum\u0101.<\/p>\n<p>Degvielas ekonomiju un sa\u0137eres \u012bpa\u0161\u012bbu stabilit\u0101ti liel\u0101 m\u0113r\u0101 nodro\u0161ina riepas karkasa stingr\u012bba. Uzlabojums ir sint\u0113tiska aukla, kuras tinumu tehnolo\u0123ija \u013cauj iztikt bez \u0161uv\u0113m un savienojumiem. Rezult\u0101ts ir \u013coti viegla, bet taj\u0101 pa\u0161\u0101 laik\u0101 stingra strukt\u016bra, <strong>iztur\u012bga pret deform\u0101ciju<\/strong>. Pats r\u0101mis izce\u013cas ar t\u0113rauda un sint\u0113tisko auklu izmanto\u0161anu. \u0160\u012b kombin\u0101cija nodro\u0161ina riepas vienm\u0113r\u012bgu uzved\u012bbu un uzlabo vilkmi. T\u0101 pat ir v\u0113rts atz\u012bm\u0113t, ka papildu pastiprino\u0161\u0101 aukla atrodas s\u0101nu sien\u0101s. Tas uzlabo vad\u0101m\u012bbu, <strong>nodro\u0161inot uzticam\u012bbu<\/strong> un paredzam\u012bbu riepai manevr\u0113jot.<\/p>\n<p>T\u0101pat k\u0101 iepriek\u0161\u0113jam modelim, ar\u012b \u0161\u012bs riepas protektora rito\u0161\u0101 da\u013ca ir izgatavota asimetrisk\u0101 dizain\u0101. \u0145emot v\u0113r\u0101 palielin\u0101tu bloku un ribu izm\u0113ru, Kinergy eco2 raksturo palielin\u0101ts kontakta zonas ar ce\u013cu laukums. Taj\u0101 pa\u0161\u0101 laik\u0101 optimiz\u0113ts protektora elementu izvietojums nodro\u0161ina <strong>vienm\u0113r\u012bgu svara sadal\u012bjumu<\/strong>. Rezult\u0101t\u0101 uzlaboj\u0101s ne tikai sa\u0137eres \u012bpa\u0161\u012bbas, bet ar\u012b to stabilit\u0101te main\u012bgos brauk\u0161anas un ce\u013ca seguma apst\u0101k\u013cos!<\/p>\n<p>\u00a0*Uzman\u012bbu: vasaras riepas var b\u016bt apz\u012bm\u0113tas ar apz\u012bm\u0113jumu M + S. J\u0101\u0146em ver\u0101, ka \u0136\u012bnas teritorija sniedzas da\u017e\u0101d\u0101s klimatiskaj\u0101s zon\u0101s, kur da\u017eviet metereolo\u0123isk\u0101 ziema t\u0101 ar\u012b neiest\u0101jas. L\u012bdz ar to, tur \u0161\u012bs riepas var izmantot visu gadu, kam\u0113r Latvij\u0101 tas nestr\u0101d\u0101!<\/p>\n","protected":false},"excerpt":{"rendered":"<p><strong>Hankook Kinergy eco2 <\/strong><strong>K435<\/strong> \u2013 Vasras riepu modelis tika izlaists, lai aizst\u0101tu modeli Hankook Kinergy eco K425, kas sevi pier\u0101d\u012bjis tikai no lab\u0101k\u0101s puses. Jauno Kinergy eco2 raksturo <strong>v\u0113l izteikt\u0101ka degvielas ekonomija<\/strong>, ilgs kalpo\u0161anas laiks un uzlabotas sa\u0137eres \u012bpa\u0161\u012bbas, \u012bpa\u0161i nelabv\u0113l\u012bgos laika apst\u0101k\u013cos.<\/p>\n","protected":false},"featured_media":896906,"template":"","meta":{"_acf_changed":false,"ngg_post_thumbnail":0},"product_brand":[],"product_cat":[46],"product_tag":[],"class_list":{"0":"post-309004","1":"product","2":"type-product","3":"status-publish","4":"has-post-thumbnail","6":"product_cat-vasaras-riepas","8":"first","9":"instock","10":"sale","11":"taxable","12":"shipping-taxable","13":"product-type-simple"},"acf":[],"yoast_head":"<!-- This site is optimized with the Yoast SEO Premium plugin v22.6 (Yoast SEO v27.3) - https:\/\/yoast.com\/product\/yoast-seo-premium-wordpress\/ -->\n<title>185\/65R15 Hankook Kinergy eco2 K435 88T &#8226; MMK Riepas<\/title>\n<meta name=\"robots\" content=\"index, follow, max-snippet:-1, max-image-preview:large, max-video-preview:-1\" \/>\n<link rel=\"canonical\" href=\"https:\/\/mmkriepas.lv\/en\/p\/185-65r15-hankook-kinergy-eco2-k435-88t-2\/\" \/>\n<meta property=\"og:locale\" content=\"en_US\" \/>\n<meta property=\"og:type\" content=\"article\" \/>\n<meta property=\"og:title\" content=\"185\/65R15 Hankook Kinergy eco2 K435 88T\" \/>\n<meta property=\"og:description\" content=\"Hankook Kinergy eco2 K435 \u2013 Vasras riepu modelis tika izlaists, lai aizst\u0101tu modeli Hankook Kinergy eco K425, kas sevi pier\u0101d\u012bjis tikai no lab\u0101k\u0101s puses. Jauno Kinergy eco2 raksturo v\u0113l izteikt\u0101ka degvielas ekonomija, ilgs kalpo\u0161anas laiks un uzlabotas sa\u0137eres \u012bpa\u0161\u012bbas, \u012bpa\u0161i nelabv\u0113l\u012bgos laika apst\u0101k\u013cos.\" \/>\n<meta property=\"og:url\" content=\"https:\/\/mmkriepas.lv\/en\/p\/185-65r15-hankook-kinergy-eco2-k435-88t-2\/\" \/>\n<meta property=\"og:site_name\" content=\"MMK Riepas\" \/>\n<meta property=\"article:publisher\" content=\"https:\/\/www.facebook.com\/mmkserviss\/\" \/>\n<meta property=\"article:modified_time\" content=\"2024-08-06T14:00:59+00:00\" \/>\n<meta property=\"og:image\" content=\"https:\/\/mmkriepas.lv\/wp-content\/uploads\/2024\/05\/18565r14-hankook-kinergy-eco2-k435-86t-vasaras-riepas.jpg\" \/>\n\t<meta property=\"og:image:width\" content=\"1000\" \/>\n\t<meta property=\"og:image:height\" content=\"793\" \/>\n\t<meta property=\"og:image:type\" content=\"image\/jpeg\" \/>\n<meta name=\"twitter:card\" content=\"summary_large_image\" \/>\n<meta name=\"twitter:label1\" content=\"Price\" \/>\n\t<meta name=\"twitter:data1\" content=\"&euro;75.00\" \/>\n\t<meta name=\"twitter:label2\" content=\"Availability\" \/>\n\t<meta name=\"twitter:data2\" content=\"In stock\" \/>\n<script type=\"application\/ld+json\" class=\"yoast-schema-graph\">{\"@context\":\"https:\\\/\\\/schema.org\",\"@graph\":[{\"@type\":\"WebPage\",\"@id\":\"https:\\\/\\\/mmkriepas.lv\\\/en\\\/p\\\/185-65r15-hankook-kinergy-eco2-k435-88t-2\\\/\",\"url\":\"https:\\\/\\\/mmkriepas.lv\\\/en\\\/p\\\/185-65r15-hankook-kinergy-eco2-k435-88t-2\\\/\",\"name\":\"185\\\/65R15 Hankook Kinergy eco2 K435 88T &#8226; MMK Riepas\",\"isPartOf\":{\"@id\":\"https:\\\/\\\/mmkriepas.lv\\\/en\\\/#website\"},\"primaryImageOfPage\":{\"@id\":\"https:\\\/\\\/mmkriepas.lv\\\/en\\\/p\\\/185-65r15-hankook-kinergy-eco2-k435-88t-2\\\/#primaryimage\"},\"image\":{\"@id\":\"https:\\\/\\\/mmkriepas.lv\\\/en\\\/p\\\/185-65r15-hankook-kinergy-eco2-k435-88t-2\\\/#primaryimage\"},\"thumbnailUrl\":\"https:\\\/\\\/mmkriepas.lv\\\/wp-content\\\/uploads\\\/2024\\\/05\\\/18565r14-hankook-kinergy-eco2-k435-86t-vasaras-riepas.jpg\",\"datePublished\":\"2022-08-28T09:08:06+00:00\",\"dateModified\":\"2024-08-06T14:00:59+00:00\",\"breadcrumb\":{\"@id\":\"https:\\\/\\\/mmkriepas.lv\\\/en\\\/p\\\/185-65r15-hankook-kinergy-eco2-k435-88t-2\\\/#breadcrumb\"},\"inLanguage\":\"en-US\",\"potentialAction\":[{\"@type\":\"ReadAction\",\"target\":[\"https:\\\/\\\/mmkriepas.lv\\\/en\\\/p\\\/185-65r15-hankook-kinergy-eco2-k435-88t-2\\\/\"]}]},{\"@type\":\"ImageObject\",\"inLanguage\":\"en-US\",\"@id\":\"https:\\\/\\\/mmkriepas.lv\\\/en\\\/p\\\/185-65r15-hankook-kinergy-eco2-k435-88t-2\\\/#primaryimage\",\"url\":\"https:\\\/\\\/mmkriepas.lv\\\/wp-content\\\/uploads\\\/2024\\\/05\\\/18565r14-hankook-kinergy-eco2-k435-86t-vasaras-riepas.jpg\",\"contentUrl\":\"https:\\\/\\\/mmkriepas.lv\\\/wp-content\\\/uploads\\\/2024\\\/05\\\/18565r14-hankook-kinergy-eco2-k435-86t-vasaras-riepas.jpg\",\"width\":1000,\"height\":793,\"caption\":\"MAIN\"},{\"@type\":\"BreadcrumbList\",\"@id\":\"https:\\\/\\\/mmkriepas.lv\\\/en\\\/p\\\/185-65r15-hankook-kinergy-eco2-k435-88t-2\\\/#breadcrumb\",\"itemListElement\":[{\"@type\":\"ListItem\",\"position\":1,\"name\":\"S\u0101kums\",\"item\":\"https:\\\/\\\/mmkriepas.lv\\\/en\\\/\"},{\"@type\":\"ListItem\",\"position\":2,\"name\":\"185\\\/65R15 Hankook Kinergy eco2 K435 88T\"}]},{\"@type\":\"WebSite\",\"@id\":\"https:\\\/\\\/mmkriepas.lv\\\/en\\\/#website\",\"url\":\"https:\\\/\\\/mmkriepas.lv\\\/en\\\/\",\"name\":\"MMK Riepas\",\"description\":\"MMK Riepas\",\"alternateName\":\"MMK Riepu Serviss\",\"potentialAction\":[{\"@type\":\"SearchAction\",\"target\":{\"@type\":\"EntryPoint\",\"urlTemplate\":\"https:\\\/\\\/mmkriepas.lv\\\/en\\\/?s={search_term_string}\"},\"query-input\":{\"@type\":\"PropertyValueSpecification\",\"valueRequired\":true,\"valueName\":\"search_term_string\"}}],\"inLanguage\":\"en-US\"},{\"@type\":\"ImageObject\",\"inLanguage\":\"en-US\",\"@id\":\"https:\\\/\\\/mmkriepas.lv\\\/en\\\/p\\\/185-65r15-hankook-kinergy-eco2-k435-88t-2\\\/#local-main-organization-logo\",\"url\":\"\",\"contentUrl\":\"\",\"caption\":\"MMK Riepas\"}]}<\/script>\n<meta property=\"product:brand\" content=\"Hankook Kinergy eco2 K435\" \/>\n<meta property=\"product:price:amount\" content=\"75.00\" \/>\n<meta property=\"product:price:currency\" content=\"EUR\" \/>\n<meta property=\"og:availability\" content=\"instock\" \/>\n<meta property=\"product:availability\" content=\"instock\" \/>\n<meta property=\"product:retailer_item_id\" content=\"TS1856515Hanko-L9651\" \/>\n<meta property=\"product:condition\" content=\"new\" \/>\n<!-- \/ Yoast SEO Premium plugin. -->","yoast_head_json":{"title":"185\/65R15 Hankook Kinergy eco2 K435 88T &#8226; MMK Riepas","robots":{"index":"index","follow":"follow","max-snippet":"max-snippet:-1","max-image-preview":"max-image-preview:large","max-video-preview":"max-video-preview:-1"},"canonical":"https:\/\/mmkriepas.lv\/en\/p\/185-65r15-hankook-kinergy-eco2-k435-88t-2\/","og_locale":"en_US","og_type":"article","og_title":"185\/65R15 Hankook Kinergy eco2 K435 88T","og_description":"Hankook Kinergy eco2 K435 \u2013 Vasras riepu modelis tika izlaists, lai aizst\u0101tu modeli Hankook Kinergy eco K425, kas sevi pier\u0101d\u012bjis tikai no lab\u0101k\u0101s puses. Jauno Kinergy eco2 raksturo v\u0113l izteikt\u0101ka degvielas ekonomija, ilgs kalpo\u0161anas laiks un uzlabotas sa\u0137eres \u012bpa\u0161\u012bbas, \u012bpa\u0161i nelabv\u0113l\u012bgos laika apst\u0101k\u013cos.","og_url":"https:\/\/mmkriepas.lv\/en\/p\/185-65r15-hankook-kinergy-eco2-k435-88t-2\/","og_site_name":"MMK Riepas","article_publisher":"https:\/\/www.facebook.com\/mmkserviss\/","article_modified_time":"2024-08-06T14:00:59+00:00","og_image":[{"width":1000,"height":793,"url":"https:\/\/mmkriepas.lv\/wp-content\/uploads\/2024\/05\/18565r14-hankook-kinergy-eco2-k435-86t-vasaras-riepas.jpg","type":"image\/jpeg"}],"twitter_card":"summary_large_image","twitter_misc":{"Price":"&euro;75.00","Availability":"In stock"},"schema":{"@context":"https:\/\/schema.org","@graph":[{"@type":"WebPage","@id":"https:\/\/mmkriepas.lv\/en\/p\/185-65r15-hankook-kinergy-eco2-k435-88t-2\/","url":"https:\/\/mmkriepas.lv\/en\/p\/185-65r15-hankook-kinergy-eco2-k435-88t-2\/","name":"185\/65R15 Hankook Kinergy eco2 K435 88T &#8226; MMK Riepas","isPartOf":{"@id":"https:\/\/mmkriepas.lv\/en\/#website"},"primaryImageOfPage":{"@id":"https:\/\/mmkriepas.lv\/en\/p\/185-65r15-hankook-kinergy-eco2-k435-88t-2\/#primaryimage"},"image":{"@id":"https:\/\/mmkriepas.lv\/en\/p\/185-65r15-hankook-kinergy-eco2-k435-88t-2\/#primaryimage"},"thumbnailUrl":"https:\/\/mmkriepas.lv\/wp-content\/uploads\/2024\/05\/18565r14-hankook-kinergy-eco2-k435-86t-vasaras-riepas.jpg","datePublished":"2022-08-28T09:08:06+00:00","dateModified":"2024-08-06T14:00:59+00:00","breadcrumb":{"@id":"https:\/\/mmkriepas.lv\/en\/p\/185-65r15-hankook-kinergy-eco2-k435-88t-2\/#breadcrumb"},"inLanguage":"en-US","potentialAction":[{"@type":"ReadAction","target":["https:\/\/mmkriepas.lv\/en\/p\/185-65r15-hankook-kinergy-eco2-k435-88t-2\/"]}]},{"@type":"ImageObject","inLanguage":"en-US","@id":"https:\/\/mmkriepas.lv\/en\/p\/185-65r15-hankook-kinergy-eco2-k435-88t-2\/#primaryimage","url":"https:\/\/mmkriepas.lv\/wp-content\/uploads\/2024\/05\/18565r14-hankook-kinergy-eco2-k435-86t-vasaras-riepas.jpg","contentUrl":"https:\/\/mmkriepas.lv\/wp-content\/uploads\/2024\/05\/18565r14-hankook-kinergy-eco2-k435-86t-vasaras-riepas.jpg","width":1000,"height":793,"caption":"MAIN"},{"@type":"BreadcrumbList","@id":"https:\/\/mmkriepas.lv\/en\/p\/185-65r15-hankook-kinergy-eco2-k435-88t-2\/#breadcrumb","itemListElement":[{"@type":"ListItem","position":1,"name":"S\u0101kums","item":"https:\/\/mmkriepas.lv\/en\/"},{"@type":"ListItem","position":2,"name":"185\/65R15 Hankook Kinergy eco2 K435 88T"}]},{"@type":"WebSite","@id":"https:\/\/mmkriepas.lv\/en\/#website","url":"https:\/\/mmkriepas.lv\/en\/","name":"MMK Riepas","description":"MMK Riepas","alternateName":"MMK Riepu Serviss","potentialAction":[{"@type":"SearchAction","target":{"@type":"EntryPoint","urlTemplate":"https:\/\/mmkriepas.lv\/en\/?s={search_term_string}"},"query-input":{"@type":"PropertyValueSpecification","valueRequired":true,"valueName":"search_term_string"}}],"inLanguage":"en-US"},{"@type":"ImageObject","inLanguage":"en-US","@id":"https:\/\/mmkriepas.lv\/en\/p\/185-65r15-hankook-kinergy-eco2-k435-88t-2\/#local-main-organization-logo","url":"","contentUrl":"","caption":"MMK Riepas"}]},"product_brand":"Hankook Kinergy eco2 K435","product_price_amount":"75.00","product_price_currency":"EUR","og_availability":"instock","product_availability":"instock","product_retailer_item_id":"TS1856515Hanko-L9651","product_condition":"new"},"_links":{"self":[{"href":"https:\/\/mmkriepas.lv\/en\/wp-json\/wp\/v2\/product\/309004","targetHints":{"allow":["GET"]}}],"collection":[{"href":"https:\/\/mmkriepas.lv\/en\/wp-json\/wp\/v2\/product"}],"about":[{"href":"https:\/\/mmkriepas.lv\/en\/wp-json\/wp\/v2\/types\/product"}],"wp:featuredmedia":[{"embeddable":true,"href":"https:\/\/mmkriepas.lv\/en\/wp-json\/wp\/v2\/media\/896906"}],"wp:attachment":[{"href":"https:\/\/mmkriepas.lv\/en\/wp-json\/wp\/v2\/media?parent=309004"}],"wp:term":[{"taxonomy":"product_brand","embeddable":true,"href":"https:\/\/mmkriepas.lv\/en\/wp-json\/wp\/v2\/product_brand?post=309004"},{"taxonomy":"product_cat","embeddable":true,"href":"https:\/\/mmkriepas.lv\/en\/wp-json\/wp\/v2\/product_cat?post=309004"},{"taxonomy":"product_tag","embeddable":true,"href":"https:\/\/mmkriepas.lv\/en\/wp-json\/wp\/v2\/product_tag?post=309004"}],"curies":[{"name":"wp","href":"https:\/\/api.w.org\/{rel}","templated":true}]}}