{"id":306618,"date":"2022-08-24T11:24:37","date_gmt":"2022-08-24T08:24:37","guid":{"rendered":"https:\/\/mmkserviss.lv\/?post_type=product&#038;p=306618"},"modified":"2026-03-30T14:03:53","modified_gmt":"2026-03-30T11:03:53","slug":"195-60r15-sailun-ice-blazer-arctic-88t-2","status":"publish","type":"product","link":"https:\/\/mmkriepas.lv\/en\/p\/195-60r15-sailun-ice-blazer-arctic-88t-2\/","title":{"rendered":"195\/60R15 Sailun Ice Blazer Arctic 88T"},"content":{"rendered":"<p style=\"margin: 12.0pt 0cm 12.0pt 0cm;\"><b><span style=\"font-size: 11.0pt; font-family: 'Arial',sans-serif; color: black;\">Sailun Ice Blazer Arctic<\/span><\/b><span style=\"font-size: 11.0pt; font-family: 'Arial',sans-serif; color: black;\"> ir ziemas riepu modelis ar asimetrisku protektora rakstu, kas piem\u0113rots vieglaj\u0101m automa\u0161\u012bn\u0101m. Tas izce\u013cas ar labu sa\u0137eri un sa\u012bsin\u0101tu bremz\u0113\u0161anas ce\u013cu gan snieg\u0101, gan ar\u012b uz ledus.<\/span><o:p><\/o:p><\/p>\n<h3 style=\"margin: 14.0pt 0cm 4.0pt 0cm;\"><span style=\"font-size: 13.0pt; font-family: 'Arial',sans-serif; color: black;\">Sailun Ice Blazer Arctic galven\u0101s iez\u012bmes<\/span><o:p><\/o:p><\/h3>\n<p style=\"margin: 12.0pt 0cm 12.0pt 0cm;\"><span style=\"font-size: 11.0pt; font-family: 'Arial',sans-serif; color: black;\">+Laba sa\u0137ere ar apledoju\u0161\u0101m ce\u013ca virsm\u0101m, neskatoties uz to, ka riepa ir bez radz\u0113m!<\/span><o:p><\/o:p><\/p>\n<p style=\"margin: 12.0pt 0cm 12.0pt 0cm;\"><span style=\"font-size: 11.0pt; font-family: 'Arial',sans-serif; color: black;\">+Laba veiktsp\u0113ja snieg\u0101, pateicoties att\u012bst\u012btai dren\u0101\u017eas kan\u0101lu sist\u0113mai!<\/span><o:p><\/o:p><\/p>\n<p style=\"margin: 12.0pt 0cm 12.0pt 0cm;\"><span style=\"font-size: 11.0pt; font-family: 'Arial',sans-serif; color: black;\">+Sa\u012bsin\u0101ts bremz\u0113\u0161anas ce\u013c\u0161!<\/span><o:p><\/o:p><\/p>\n<p style=\"margin: 12.0pt 0cm 12.0pt 0cm;\"><span style=\"font-size: 11.0pt; font-family: 'Arial',sans-serif; color: black;\">+Komfortabla, gluda un klusa gaita!<\/span><o:p><\/o:p><\/p>\n<p style=\"margin: 12.0pt 0cm 12.0pt 0cm;\"><span style=\"font-size: 11.0pt; font-family: 'Arial',sans-serif; color: black;\">+Degvielas ekonomija!<\/span><o:p><\/o:p><\/p>\n<p style=\"margin: 12.0pt 0cm 12.0pt 0cm;\"><b><span style=\"font-size: 11.0pt; font-family: 'Arial',sans-serif; color: black;\">+ Kvalit\u0101te atbilst cenai!<\/span><\/b><o:p><\/o:p><\/p>\n<h3 style=\"margin: 14.0pt 0cm 4.0pt 0cm;\"><span style=\"font-size: 13.0pt; font-family: 'Arial',sans-serif; color: black;\">Ice Blazer Arctic apr\u012bkojums<\/span><o:p><\/o:p><\/h3>\n<p style=\"margin: 12.0pt 0cm 12.0pt 0cm;\"><span style=\"font-size: 11.0pt; font-family: 'Arial',sans-serif; color: black;\">Sailun Ice Blazer Arctic ziemas riepas ir darin\u0101tas no augst\u0101k\u0101s kvalit\u0101tes gumijas mais\u012bjuma, kas bag\u0101tin\u0101ts ar veselu virkni elastrom\u0113ru, liekot \u0161\u012bm riep\u0101m saglab\u0101t elast\u012bbu pla\u0161\u0101 temperat\u016bru diapazon\u0101. Elast\u012bga riepa daudz lab\u0101k veido sa\u0137eri ar ce\u013cu, kas ir \u013coti svar\u012bgi laik\u0101, kad temperat\u016bra nokr\u012btas zem\u00a0 0\u00baC\u00a0 atz\u012bmes.\u00a0<\/span><o:p><\/o:p><\/p>\n<p style=\"margin: 12.0pt 0cm 12.0pt 0cm;\"><span style=\"font-size: 11.0pt; font-family: 'Arial',sans-serif; color: black;\">Riepas dizainu rot\u0101 asimetriskais protektora raksts. \u0160\u0101ds protektora z\u012bm\u0113jums veicina \u016bdens un sniega novadi no kontakta virsmas, padarot gaitu ar\u012b klus\u0101ku un ekonomisk\u0101ku.\u00a0<\/span><o:p><\/o:p><\/p>\n<p style=\"margin: 12.0pt 0cm 12.0pt 0cm;\"><span style=\"font-size: 11.0pt; font-family: 'Arial',sans-serif; color: black;\">Asimetriski izvietotajos protektora blokos bl\u012bvi iestr\u0101d\u0101ti vair\u0101ki t\u016bksto\u0161i da\u017e\u0101du stilu lame\u013cu. \u0160\u0101da lame\u013cu hibr\u012bdsist\u0113ma ar vair\u0101ku stilu lamel\u0113m, kuras v\u0113rstas da\u017e\u0101dos virzienos, teju piln\u012bb\u0101 sp\u0113j aizvietot radzes.\u00a0<\/span><\/p>\n","protected":false},"excerpt":{"rendered":"<p><b><span style=\"font-size: 11.0pt; font-family: 'Arial',sans-serif; color: black;\">Sailun Arctic Evo <\/span><\/b><span style=\"font-size: 11.0pt; font-family: 'Arial',sans-serif; color: black;\">ir Skandin\u0101vijas tipa ziemas riepa ar labiem bremz\u0113\u0161an\u0101s, veiktsp\u0113jas un manevr\u0113tsp\u0113jas r\u0101d\u012bt\u0101jiem, pateicoties unik\u0101lajam protektora rakstam un elestrom\u0113ru\u00a0 koncentr\u0101cijai gumijas sast\u0101v\u0101. Visu \u0161o \u012bpa\u0161\u012bbu salikums nodro\u0161ina ne tikai dro\u0161u, bet ar\u012b komfortablu, ekonomisku un dinamisku p\u0101rvieto\u0161anos.\u00a0<\/span><\/p>\n","protected":false},"featured_media":305249,"template":"","meta":{"_acf_changed":false,"ngg_post_thumbnail":0},"product_brand":[],"product_cat":[47,45],"product_tag":[],"class_list":{"0":"post-306618","1":"product","2":"type-product","3":"status-publish","4":"has-post-thumbnail","6":"product_cat-vissezonas-riepas","7":"product_cat-ziemas-riepas","9":"first","10":"instock","11":"sale","12":"taxable","13":"shipping-taxable","14":"purchasable","15":"product-type-simple"},"acf":[],"yoast_head":"<!-- This site is optimized with the Yoast SEO Premium plugin v22.6 (Yoast SEO v27.3) - https:\/\/yoast.com\/product\/yoast-seo-premium-wordpress\/ -->\n<title>195\/60R15 Sailun Ice Blazer Arctic 88T &#8226; MMK Riepas<\/title>\n<meta name=\"robots\" content=\"index, follow, max-snippet:-1, max-image-preview:large, max-video-preview:-1\" \/>\n<link rel=\"canonical\" href=\"https:\/\/mmkriepas.lv\/en\/p\/195-60r15-sailun-ice-blazer-arctic-88t-2\/\" \/>\n<meta property=\"og:locale\" content=\"en_US\" \/>\n<meta property=\"og:type\" content=\"article\" \/>\n<meta property=\"og:title\" content=\"195\/60R15 Sailun Ice Blazer Arctic 88T\" \/>\n<meta property=\"og:description\" content=\"Sailun Arctic Evo ir Skandin\u0101vijas tipa ziemas riepa ar labiem bremz\u0113\u0161an\u0101s, veiktsp\u0113jas un manevr\u0113tsp\u0113jas r\u0101d\u012bt\u0101jiem, pateicoties unik\u0101lajam protektora rakstam un elestrom\u0113ru\u00a0 koncentr\u0101cijai gumijas sast\u0101v\u0101. Visu \u0161o \u012bpa\u0161\u012bbu salikums nodro\u0161ina ne tikai dro\u0161u, bet ar\u012b komfortablu, ekonomisku un dinamisku p\u0101rvieto\u0161anos.\u00a0\" \/>\n<meta property=\"og:url\" content=\"https:\/\/mmkriepas.lv\/en\/p\/195-60r15-sailun-ice-blazer-arctic-88t-2\/\" \/>\n<meta property=\"og:site_name\" content=\"MMK Riepas\" \/>\n<meta property=\"article:publisher\" content=\"https:\/\/www.facebook.com\/mmkserviss\/\" \/>\n<meta property=\"article:modified_time\" content=\"2026-03-30T11:03:53+00:00\" \/>\n<meta property=\"og:image\" content=\"https:\/\/mmkriepas.lv\/wp-content\/uploads\/2022\/08\/23545r18-sailun-ice-blazer-arctic-98h-xl-ziemas-riepas-2.jpg\" \/>\n\t<meta property=\"og:image:width\" content=\"1920\" \/>\n\t<meta property=\"og:image:height\" content=\"1278\" \/>\n\t<meta property=\"og:image:type\" content=\"image\/jpeg\" \/>\n<meta name=\"twitter:card\" content=\"summary_large_image\" \/>\n<meta name=\"twitter:label1\" content=\"Price\" \/>\n\t<meta name=\"twitter:data1\" content=\"&euro;52.00\" \/>\n\t<meta name=\"twitter:label2\" content=\"Availability\" \/>\n\t<meta name=\"twitter:data2\" content=\"In stock\" \/>\n<script type=\"application\/ld+json\" class=\"yoast-schema-graph\">{\"@context\":\"https:\\\/\\\/schema.org\",\"@graph\":[{\"@type\":\"WebPage\",\"@id\":\"https:\\\/\\\/mmkriepas.lv\\\/en\\\/p\\\/195-60r15-sailun-ice-blazer-arctic-88t-2\\\/\",\"url\":\"https:\\\/\\\/mmkriepas.lv\\\/en\\\/p\\\/195-60r15-sailun-ice-blazer-arctic-88t-2\\\/\",\"name\":\"195\\\/60R15 Sailun Ice Blazer Arctic 88T &#8226; MMK Riepas\",\"isPartOf\":{\"@id\":\"https:\\\/\\\/mmkriepas.lv\\\/en\\\/#website\"},\"primaryImageOfPage\":{\"@id\":\"https:\\\/\\\/mmkriepas.lv\\\/en\\\/p\\\/195-60r15-sailun-ice-blazer-arctic-88t-2\\\/#primaryimage\"},\"image\":{\"@id\":\"https:\\\/\\\/mmkriepas.lv\\\/en\\\/p\\\/195-60r15-sailun-ice-blazer-arctic-88t-2\\\/#primaryimage\"},\"thumbnailUrl\":\"https:\\\/\\\/mmkriepas.lv\\\/wp-content\\\/uploads\\\/2022\\\/08\\\/23545r18-sailun-ice-blazer-arctic-98h-xl-ziemas-riepas-2.jpg\",\"datePublished\":\"2022-08-24T08:24:37+00:00\",\"dateModified\":\"2026-03-30T11:03:53+00:00\",\"breadcrumb\":{\"@id\":\"https:\\\/\\\/mmkriepas.lv\\\/en\\\/p\\\/195-60r15-sailun-ice-blazer-arctic-88t-2\\\/#breadcrumb\"},\"inLanguage\":\"en-US\",\"potentialAction\":[{\"@type\":\"ReadAction\",\"target\":[\"https:\\\/\\\/mmkriepas.lv\\\/en\\\/p\\\/195-60r15-sailun-ice-blazer-arctic-88t-2\\\/\"]}]},{\"@type\":\"ImageObject\",\"inLanguage\":\"en-US\",\"@id\":\"https:\\\/\\\/mmkriepas.lv\\\/en\\\/p\\\/195-60r15-sailun-ice-blazer-arctic-88t-2\\\/#primaryimage\",\"url\":\"https:\\\/\\\/mmkriepas.lv\\\/wp-content\\\/uploads\\\/2022\\\/08\\\/23545r18-sailun-ice-blazer-arctic-98h-xl-ziemas-riepas-2.jpg\",\"contentUrl\":\"https:\\\/\\\/mmkriepas.lv\\\/wp-content\\\/uploads\\\/2022\\\/08\\\/23545r18-sailun-ice-blazer-arctic-98h-xl-ziemas-riepas-2.jpg\",\"width\":1920,\"height\":1278,\"caption\":\"Sailun Ice Blazer Arctic\"},{\"@type\":\"BreadcrumbList\",\"@id\":\"https:\\\/\\\/mmkriepas.lv\\\/en\\\/p\\\/195-60r15-sailun-ice-blazer-arctic-88t-2\\\/#breadcrumb\",\"itemListElement\":[{\"@type\":\"ListItem\",\"position\":1,\"name\":\"S\u0101kums\",\"item\":\"https:\\\/\\\/mmkriepas.lv\\\/en\\\/\"},{\"@type\":\"ListItem\",\"position\":2,\"name\":\"195\\\/60R15 Sailun Ice Blazer Arctic 88T\"}]},{\"@type\":\"WebSite\",\"@id\":\"https:\\\/\\\/mmkriepas.lv\\\/en\\\/#website\",\"url\":\"https:\\\/\\\/mmkriepas.lv\\\/en\\\/\",\"name\":\"MMK Riepas\",\"description\":\"MMK Riepas\",\"alternateName\":\"MMK Riepu Serviss\",\"potentialAction\":[{\"@type\":\"SearchAction\",\"target\":{\"@type\":\"EntryPoint\",\"urlTemplate\":\"https:\\\/\\\/mmkriepas.lv\\\/en\\\/?s={search_term_string}\"},\"query-input\":{\"@type\":\"PropertyValueSpecification\",\"valueRequired\":true,\"valueName\":\"search_term_string\"}}],\"inLanguage\":\"en-US\"},{\"@type\":\"ImageObject\",\"inLanguage\":\"en-US\",\"@id\":\"https:\\\/\\\/mmkriepas.lv\\\/en\\\/p\\\/195-60r15-sailun-ice-blazer-arctic-88t-2\\\/#local-main-organization-logo\",\"url\":\"\",\"contentUrl\":\"\",\"caption\":\"MMK Riepas\"}]}<\/script>\n<meta property=\"product:brand\" content=\"Sailun Ice Blazer Arctic\" \/>\n<meta property=\"product:price:amount\" content=\"52.00\" \/>\n<meta property=\"product:price:currency\" content=\"EUR\" \/>\n<meta property=\"og:availability\" content=\"instock\" \/>\n<meta property=\"product:availability\" content=\"instock\" \/>\n<meta property=\"product:retailer_item_id\" content=\"TW1956015SAILU-L9503\" \/>\n<meta property=\"product:condition\" content=\"new\" \/>\n<!-- \/ Yoast SEO Premium plugin. -->","yoast_head_json":{"title":"195\/60R15 Sailun Ice Blazer Arctic 88T &#8226; MMK Riepas","robots":{"index":"index","follow":"follow","max-snippet":"max-snippet:-1","max-image-preview":"max-image-preview:large","max-video-preview":"max-video-preview:-1"},"canonical":"https:\/\/mmkriepas.lv\/en\/p\/195-60r15-sailun-ice-blazer-arctic-88t-2\/","og_locale":"en_US","og_type":"article","og_title":"195\/60R15 Sailun Ice Blazer Arctic 88T","og_description":"Sailun Arctic Evo ir Skandin\u0101vijas tipa ziemas riepa ar labiem bremz\u0113\u0161an\u0101s, veiktsp\u0113jas un manevr\u0113tsp\u0113jas r\u0101d\u012bt\u0101jiem, pateicoties unik\u0101lajam protektora rakstam un elestrom\u0113ru\u00a0 koncentr\u0101cijai gumijas sast\u0101v\u0101. Visu \u0161o \u012bpa\u0161\u012bbu salikums nodro\u0161ina ne tikai dro\u0161u, bet ar\u012b komfortablu, ekonomisku un dinamisku p\u0101rvieto\u0161anos.\u00a0","og_url":"https:\/\/mmkriepas.lv\/en\/p\/195-60r15-sailun-ice-blazer-arctic-88t-2\/","og_site_name":"MMK Riepas","article_publisher":"https:\/\/www.facebook.com\/mmkserviss\/","article_modified_time":"2026-03-30T11:03:53+00:00","og_image":[{"width":1920,"height":1278,"url":"https:\/\/mmkriepas.lv\/wp-content\/uploads\/2022\/08\/23545r18-sailun-ice-blazer-arctic-98h-xl-ziemas-riepas-2.jpg","type":"image\/jpeg"}],"twitter_card":"summary_large_image","twitter_misc":{"Price":"&euro;52.00","Availability":"In stock"},"schema":{"@context":"https:\/\/schema.org","@graph":[{"@type":"WebPage","@id":"https:\/\/mmkriepas.lv\/en\/p\/195-60r15-sailun-ice-blazer-arctic-88t-2\/","url":"https:\/\/mmkriepas.lv\/en\/p\/195-60r15-sailun-ice-blazer-arctic-88t-2\/","name":"195\/60R15 Sailun Ice Blazer Arctic 88T &#8226; MMK Riepas","isPartOf":{"@id":"https:\/\/mmkriepas.lv\/en\/#website"},"primaryImageOfPage":{"@id":"https:\/\/mmkriepas.lv\/en\/p\/195-60r15-sailun-ice-blazer-arctic-88t-2\/#primaryimage"},"image":{"@id":"https:\/\/mmkriepas.lv\/en\/p\/195-60r15-sailun-ice-blazer-arctic-88t-2\/#primaryimage"},"thumbnailUrl":"https:\/\/mmkriepas.lv\/wp-content\/uploads\/2022\/08\/23545r18-sailun-ice-blazer-arctic-98h-xl-ziemas-riepas-2.jpg","datePublished":"2022-08-24T08:24:37+00:00","dateModified":"2026-03-30T11:03:53+00:00","breadcrumb":{"@id":"https:\/\/mmkriepas.lv\/en\/p\/195-60r15-sailun-ice-blazer-arctic-88t-2\/#breadcrumb"},"inLanguage":"en-US","potentialAction":[{"@type":"ReadAction","target":["https:\/\/mmkriepas.lv\/en\/p\/195-60r15-sailun-ice-blazer-arctic-88t-2\/"]}]},{"@type":"ImageObject","inLanguage":"en-US","@id":"https:\/\/mmkriepas.lv\/en\/p\/195-60r15-sailun-ice-blazer-arctic-88t-2\/#primaryimage","url":"https:\/\/mmkriepas.lv\/wp-content\/uploads\/2022\/08\/23545r18-sailun-ice-blazer-arctic-98h-xl-ziemas-riepas-2.jpg","contentUrl":"https:\/\/mmkriepas.lv\/wp-content\/uploads\/2022\/08\/23545r18-sailun-ice-blazer-arctic-98h-xl-ziemas-riepas-2.jpg","width":1920,"height":1278,"caption":"Sailun Ice Blazer Arctic"},{"@type":"BreadcrumbList","@id":"https:\/\/mmkriepas.lv\/en\/p\/195-60r15-sailun-ice-blazer-arctic-88t-2\/#breadcrumb","itemListElement":[{"@type":"ListItem","position":1,"name":"S\u0101kums","item":"https:\/\/mmkriepas.lv\/en\/"},{"@type":"ListItem","position":2,"name":"195\/60R15 Sailun Ice Blazer Arctic 88T"}]},{"@type":"WebSite","@id":"https:\/\/mmkriepas.lv\/en\/#website","url":"https:\/\/mmkriepas.lv\/en\/","name":"MMK Riepas","description":"MMK Riepas","alternateName":"MMK Riepu Serviss","potentialAction":[{"@type":"SearchAction","target":{"@type":"EntryPoint","urlTemplate":"https:\/\/mmkriepas.lv\/en\/?s={search_term_string}"},"query-input":{"@type":"PropertyValueSpecification","valueRequired":true,"valueName":"search_term_string"}}],"inLanguage":"en-US"},{"@type":"ImageObject","inLanguage":"en-US","@id":"https:\/\/mmkriepas.lv\/en\/p\/195-60r15-sailun-ice-blazer-arctic-88t-2\/#local-main-organization-logo","url":"","contentUrl":"","caption":"MMK Riepas"}]},"product_brand":"Sailun Ice Blazer Arctic","product_price_amount":"52.00","product_price_currency":"EUR","og_availability":"instock","product_availability":"instock","product_retailer_item_id":"TW1956015SAILU-L9503","product_condition":"new"},"_links":{"self":[{"href":"https:\/\/mmkriepas.lv\/en\/wp-json\/wp\/v2\/product\/306618","targetHints":{"allow":["GET"]}}],"collection":[{"href":"https:\/\/mmkriepas.lv\/en\/wp-json\/wp\/v2\/product"}],"about":[{"href":"https:\/\/mmkriepas.lv\/en\/wp-json\/wp\/v2\/types\/product"}],"wp:featuredmedia":[{"embeddable":true,"href":"https:\/\/mmkriepas.lv\/en\/wp-json\/wp\/v2\/media\/305249"}],"wp:attachment":[{"href":"https:\/\/mmkriepas.lv\/en\/wp-json\/wp\/v2\/media?parent=306618"}],"wp:term":[{"taxonomy":"product_brand","embeddable":true,"href":"https:\/\/mmkriepas.lv\/en\/wp-json\/wp\/v2\/product_brand?post=306618"},{"taxonomy":"product_cat","embeddable":true,"href":"https:\/\/mmkriepas.lv\/en\/wp-json\/wp\/v2\/product_cat?post=306618"},{"taxonomy":"product_tag","embeddable":true,"href":"https:\/\/mmkriepas.lv\/en\/wp-json\/wp\/v2\/product_tag?post=306618"}],"curies":[{"name":"wp","href":"https:\/\/api.w.org\/{rel}","templated":true}]}}