{"id":306600,"date":"2022-08-24T11:23:32","date_gmt":"2022-08-24T08:23:32","guid":{"rendered":"https:\/\/mmkserviss.lv\/?post_type=product&#038;p=306600"},"modified":"2026-03-30T12:52:42","modified_gmt":"2026-03-30T09:52:42","slug":"195-75r16c-lassa-transway-2-107-105r-2","status":"publish","type":"product","link":"https:\/\/mmkriepas.lv\/en\/p\/195-75r16c-lassa-transway-2-107-105r-2\/","title":{"rendered":"195\/75R16C Lassa Transway 2 107\/105R (Bridgestone)"},"content":{"rendered":"<p class=\"western\"><span style=\"font-family: Arial, sans-serif;\"><span style=\"font-size: small;\"><b><span>Lassa Transway 2<\/span><\/b><span> ir \u013coti labas kvalit\u0101tes, vid\u0113j\u0101 cenu segmenta komerctransporta jeb busu vasaras riepu modelis. Tas izce\u013cas ar teicamiem kravnes\u012bbas, degvielas ekonomijas, nodilumiztur\u012bbas un sa\u0137eres r\u0101d\u012bt\u0101jiem uz sausa un slapja asfalta.\u00a0<\/span><\/span><\/span><\/p>\n<h3 class=\"western\"><span style=\"font-family: Arial, sans-serif;\"><span>Lassa Transway 2 galven\u0101s \u012bpa\u0161\u012bbas:<\/span><\/span><\/h3>\n<p class=\"western\"><span style=\"font-family: Arial, sans-serif;\"><span>+ Palielin\u0101ti kravnes\u012bbas indeksi smagu kravu p\u0101rvad\u0101\u0161anai.<br \/>+ Uzlabots riepu gumijas sast\u0101vs , nodilumiztur\u012bbas uzlabo\u0161anai.<br \/>+ Zema rites pretest\u012bba degvielas ekonomijai!<br \/>+ \u013boti labi sa\u0137eres r\u0101d\u012bt\u0101ji uz sausa un slapja asfalta.<br \/>+ Zems akvaplan\u0113\u0161anas risks.<\/span><\/span><\/p>\n<h3 class=\"western\"><span style=\"font-family: Arial, sans-serif;\"><span>Transway 2 apr\u012bkojums<\/span><\/span><\/h3>\n<p class=\"western\"><span style=\"font-family: Arial, sans-serif;\"><span>Lassa Transway 2 komerctransporta jeb c indeksa vasaras riepu modelis apr\u012bkots ar \u0161im riepu segmentam ierastu simetrisko protektora rakstu. \u0160\u0101ds dizains nereti tiek izv\u0113l\u0113ts komerctransporta riepu mode\u013ciem, jo tas sev\u012b apvieno teicamas kravnes\u012bbas, nodilumiztur\u012bbas un zemas rites pretest\u012bbas \u012bpa\u0161\u012bbas.<\/span><\/span><\/p>\n<p class=\"western\"><span style=\"font-family: Arial, sans-serif;\"><span>Simetriski izvietot\u0101s protektora joslas darin\u0101tas no nodilumiztur\u012bga gumijas sakaus\u0113juma. Toties, protektora pamatn\u0113 atrodams ar vair\u0101kiem kordu jeb brekera sl\u0101\u0146iem pastiprin\u0101ts karkass. Tas izcili tiek gal\u0101 ar smagu kravu p\u0101rvad\u0101\u0161anu un triecieniem.<\/span><\/span><\/p>\n","protected":false},"excerpt":{"rendered":"<p class=\"western\"><span style=\"font-family: Arial, sans-serif;\"><span style=\"font-size: small;\"><b><span>Lassa Transway 2<\/span><\/b><span> ir \u013coti labas kvalit\u0101tes, vid\u0113j\u0101 cenu segmenta komerctransporta jeb busu vasaras riepu modelis. Tas izce\u013cas ar teicamiem kravnes\u012bbas, degvielas ekonomijas, nodilumiztur\u012bbas un sa\u0137eres r\u0101d\u012bt\u0101jiem uz sausa un slapja asfalta.\u00a0<\/span><\/span><\/span><\/p>\n","protected":false},"featured_media":225374,"template":"","meta":{"_acf_changed":false,"ngg_post_thumbnail":0},"product_brand":[],"product_cat":[23641],"product_tag":[],"class_list":{"0":"post-306600","1":"product","2":"type-product","3":"status-publish","4":"has-post-thumbnail","6":"product_cat-summer-tyres","8":"first","9":"instock","10":"sale","11":"taxable","12":"shipping-taxable","13":"purchasable","14":"product-type-simple"},"acf":[],"yoast_head":"<!-- This site is optimized with the Yoast SEO Premium plugin v22.6 (Yoast SEO v27.3) - https:\/\/yoast.com\/product\/yoast-seo-premium-wordpress\/ -->\n<title>195\/75R16C Lassa Transway 2 107\/105R (Bridgestone) &#8226; MMK Riepas<\/title>\n<meta name=\"robots\" content=\"index, follow, max-snippet:-1, max-image-preview:large, max-video-preview:-1\" \/>\n<link rel=\"canonical\" href=\"https:\/\/mmkriepas.lv\/en\/p\/195-75r16c-lassa-transway-2-107-105r-2\/\" \/>\n<meta property=\"og:locale\" content=\"en_US\" \/>\n<meta property=\"og:type\" content=\"article\" \/>\n<meta property=\"og:title\" content=\"195\/75R16C Lassa Transway 2 107\/105R (Bridgestone)\" \/>\n<meta property=\"og:description\" content=\"Lassa Transway 2 ir \u013coti labas kvalit\u0101tes, vid\u0113j\u0101 cenu segmenta komerctransporta jeb busu vasaras riepu modelis. Tas izce\u013cas ar teicamiem kravnes\u012bbas, degvielas ekonomijas, nodilumiztur\u012bbas un sa\u0137eres r\u0101d\u012bt\u0101jiem uz sausa un slapja asfalta.\u00a0\" \/>\n<meta property=\"og:url\" content=\"https:\/\/mmkriepas.lv\/en\/p\/195-75r16c-lassa-transway-2-107-105r-2\/\" \/>\n<meta property=\"og:site_name\" content=\"MMK Riepas\" \/>\n<meta property=\"article:publisher\" content=\"https:\/\/www.facebook.com\/mmkserviss\/\" \/>\n<meta property=\"article:modified_time\" content=\"2026-03-30T09:52:42+00:00\" \/>\n<meta property=\"og:image\" content=\"https:\/\/mmkriepas.lv\/wp-content\/uploads\/2022\/03\/19575r16c-lassa-transway-2-107105r-vasaras-riepas.jpg\" \/>\n\t<meta property=\"og:image:width\" content=\"1920\" \/>\n\t<meta property=\"og:image:height\" content=\"1278\" \/>\n\t<meta property=\"og:image:type\" content=\"image\/jpeg\" \/>\n<meta name=\"twitter:card\" content=\"summary_large_image\" \/>\n<meta name=\"twitter:label1\" content=\"Price\" \/>\n\t<meta name=\"twitter:data1\" content=\"&euro;81.00\" \/>\n\t<meta name=\"twitter:label2\" content=\"Availability\" \/>\n\t<meta name=\"twitter:data2\" content=\"In stock\" \/>\n<script type=\"application\/ld+json\" class=\"yoast-schema-graph\">{\"@context\":\"https:\\\/\\\/schema.org\",\"@graph\":[{\"@type\":\"WebPage\",\"@id\":\"https:\\\/\\\/mmkriepas.lv\\\/en\\\/p\\\/195-75r16c-lassa-transway-2-107-105r-2\\\/\",\"url\":\"https:\\\/\\\/mmkriepas.lv\\\/en\\\/p\\\/195-75r16c-lassa-transway-2-107-105r-2\\\/\",\"name\":\"195\\\/75R16C Lassa Transway 2 107\\\/105R (Bridgestone) &#8226; MMK Riepas\",\"isPartOf\":{\"@id\":\"https:\\\/\\\/mmkriepas.lv\\\/en\\\/#website\"},\"primaryImageOfPage\":{\"@id\":\"https:\\\/\\\/mmkriepas.lv\\\/en\\\/p\\\/195-75r16c-lassa-transway-2-107-105r-2\\\/#primaryimage\"},\"image\":{\"@id\":\"https:\\\/\\\/mmkriepas.lv\\\/en\\\/p\\\/195-75r16c-lassa-transway-2-107-105r-2\\\/#primaryimage\"},\"thumbnailUrl\":\"https:\\\/\\\/mmkriepas.lv\\\/wp-content\\\/uploads\\\/2022\\\/03\\\/19575r16c-lassa-transway-2-107105r-vasaras-riepas.jpg\",\"datePublished\":\"2022-08-24T08:23:32+00:00\",\"dateModified\":\"2026-03-30T09:52:42+00:00\",\"breadcrumb\":{\"@id\":\"https:\\\/\\\/mmkriepas.lv\\\/en\\\/p\\\/195-75r16c-lassa-transway-2-107-105r-2\\\/#breadcrumb\"},\"inLanguage\":\"en-US\",\"potentialAction\":[{\"@type\":\"ReadAction\",\"target\":[\"https:\\\/\\\/mmkriepas.lv\\\/en\\\/p\\\/195-75r16c-lassa-transway-2-107-105r-2\\\/\"]}]},{\"@type\":\"ImageObject\",\"inLanguage\":\"en-US\",\"@id\":\"https:\\\/\\\/mmkriepas.lv\\\/en\\\/p\\\/195-75r16c-lassa-transway-2-107-105r-2\\\/#primaryimage\",\"url\":\"https:\\\/\\\/mmkriepas.lv\\\/wp-content\\\/uploads\\\/2022\\\/03\\\/19575r16c-lassa-transway-2-107105r-vasaras-riepas.jpg\",\"contentUrl\":\"https:\\\/\\\/mmkriepas.lv\\\/wp-content\\\/uploads\\\/2022\\\/03\\\/19575r16c-lassa-transway-2-107105r-vasaras-riepas.jpg\",\"width\":1920,\"height\":1278,\"caption\":\"Lassa transway 2\"},{\"@type\":\"BreadcrumbList\",\"@id\":\"https:\\\/\\\/mmkriepas.lv\\\/en\\\/p\\\/195-75r16c-lassa-transway-2-107-105r-2\\\/#breadcrumb\",\"itemListElement\":[{\"@type\":\"ListItem\",\"position\":1,\"name\":\"S\u0101kums\",\"item\":\"https:\\\/\\\/mmkriepas.lv\\\/en\\\/\"},{\"@type\":\"ListItem\",\"position\":2,\"name\":\"195\\\/75R16C Lassa Transway 2 107\\\/105R (Bridgestone)\"}]},{\"@type\":\"WebSite\",\"@id\":\"https:\\\/\\\/mmkriepas.lv\\\/en\\\/#website\",\"url\":\"https:\\\/\\\/mmkriepas.lv\\\/en\\\/\",\"name\":\"MMK Riepas\",\"description\":\"MMK Riepas\",\"alternateName\":\"MMK Riepu Serviss\",\"potentialAction\":[{\"@type\":\"SearchAction\",\"target\":{\"@type\":\"EntryPoint\",\"urlTemplate\":\"https:\\\/\\\/mmkriepas.lv\\\/en\\\/?s={search_term_string}\"},\"query-input\":{\"@type\":\"PropertyValueSpecification\",\"valueRequired\":true,\"valueName\":\"search_term_string\"}}],\"inLanguage\":\"en-US\"},{\"@type\":\"ImageObject\",\"inLanguage\":\"en-US\",\"@id\":\"https:\\\/\\\/mmkriepas.lv\\\/en\\\/p\\\/195-75r16c-lassa-transway-2-107-105r-2\\\/#local-main-organization-logo\",\"url\":\"\",\"contentUrl\":\"\",\"caption\":\"MMK Riepas\"}]}<\/script>\n<meta property=\"product:brand\" content=\"Lassa Transway 2\" \/>\n<meta property=\"product:price:amount\" content=\"81.00\" \/>\n<meta property=\"product:price:currency\" content=\"EUR\" \/>\n<meta property=\"og:availability\" content=\"instock\" \/>\n<meta property=\"product:availability\" content=\"instock\" \/>\n<meta property=\"product:retailer_item_id\" content=\"TS1957516LASSA-L9497\" \/>\n<meta property=\"product:condition\" content=\"new\" \/>\n<!-- \/ Yoast SEO Premium plugin. -->","yoast_head_json":{"title":"195\/75R16C Lassa Transway 2 107\/105R (Bridgestone) &#8226; MMK Riepas","robots":{"index":"index","follow":"follow","max-snippet":"max-snippet:-1","max-image-preview":"max-image-preview:large","max-video-preview":"max-video-preview:-1"},"canonical":"https:\/\/mmkriepas.lv\/en\/p\/195-75r16c-lassa-transway-2-107-105r-2\/","og_locale":"en_US","og_type":"article","og_title":"195\/75R16C Lassa Transway 2 107\/105R (Bridgestone)","og_description":"Lassa Transway 2 ir \u013coti labas kvalit\u0101tes, vid\u0113j\u0101 cenu segmenta komerctransporta jeb busu vasaras riepu modelis. Tas izce\u013cas ar teicamiem kravnes\u012bbas, degvielas ekonomijas, nodilumiztur\u012bbas un sa\u0137eres r\u0101d\u012bt\u0101jiem uz sausa un slapja asfalta.\u00a0","og_url":"https:\/\/mmkriepas.lv\/en\/p\/195-75r16c-lassa-transway-2-107-105r-2\/","og_site_name":"MMK Riepas","article_publisher":"https:\/\/www.facebook.com\/mmkserviss\/","article_modified_time":"2026-03-30T09:52:42+00:00","og_image":[{"width":1920,"height":1278,"url":"https:\/\/mmkriepas.lv\/wp-content\/uploads\/2022\/03\/19575r16c-lassa-transway-2-107105r-vasaras-riepas.jpg","type":"image\/jpeg"}],"twitter_card":"summary_large_image","twitter_misc":{"Price":"&euro;81.00","Availability":"In stock"},"schema":{"@context":"https:\/\/schema.org","@graph":[{"@type":"WebPage","@id":"https:\/\/mmkriepas.lv\/en\/p\/195-75r16c-lassa-transway-2-107-105r-2\/","url":"https:\/\/mmkriepas.lv\/en\/p\/195-75r16c-lassa-transway-2-107-105r-2\/","name":"195\/75R16C Lassa Transway 2 107\/105R (Bridgestone) &#8226; MMK Riepas","isPartOf":{"@id":"https:\/\/mmkriepas.lv\/en\/#website"},"primaryImageOfPage":{"@id":"https:\/\/mmkriepas.lv\/en\/p\/195-75r16c-lassa-transway-2-107-105r-2\/#primaryimage"},"image":{"@id":"https:\/\/mmkriepas.lv\/en\/p\/195-75r16c-lassa-transway-2-107-105r-2\/#primaryimage"},"thumbnailUrl":"https:\/\/mmkriepas.lv\/wp-content\/uploads\/2022\/03\/19575r16c-lassa-transway-2-107105r-vasaras-riepas.jpg","datePublished":"2022-08-24T08:23:32+00:00","dateModified":"2026-03-30T09:52:42+00:00","breadcrumb":{"@id":"https:\/\/mmkriepas.lv\/en\/p\/195-75r16c-lassa-transway-2-107-105r-2\/#breadcrumb"},"inLanguage":"en-US","potentialAction":[{"@type":"ReadAction","target":["https:\/\/mmkriepas.lv\/en\/p\/195-75r16c-lassa-transway-2-107-105r-2\/"]}]},{"@type":"ImageObject","inLanguage":"en-US","@id":"https:\/\/mmkriepas.lv\/en\/p\/195-75r16c-lassa-transway-2-107-105r-2\/#primaryimage","url":"https:\/\/mmkriepas.lv\/wp-content\/uploads\/2022\/03\/19575r16c-lassa-transway-2-107105r-vasaras-riepas.jpg","contentUrl":"https:\/\/mmkriepas.lv\/wp-content\/uploads\/2022\/03\/19575r16c-lassa-transway-2-107105r-vasaras-riepas.jpg","width":1920,"height":1278,"caption":"Lassa transway 2"},{"@type":"BreadcrumbList","@id":"https:\/\/mmkriepas.lv\/en\/p\/195-75r16c-lassa-transway-2-107-105r-2\/#breadcrumb","itemListElement":[{"@type":"ListItem","position":1,"name":"S\u0101kums","item":"https:\/\/mmkriepas.lv\/en\/"},{"@type":"ListItem","position":2,"name":"195\/75R16C Lassa Transway 2 107\/105R (Bridgestone)"}]},{"@type":"WebSite","@id":"https:\/\/mmkriepas.lv\/en\/#website","url":"https:\/\/mmkriepas.lv\/en\/","name":"MMK Riepas","description":"MMK Riepas","alternateName":"MMK Riepu Serviss","potentialAction":[{"@type":"SearchAction","target":{"@type":"EntryPoint","urlTemplate":"https:\/\/mmkriepas.lv\/en\/?s={search_term_string}"},"query-input":{"@type":"PropertyValueSpecification","valueRequired":true,"valueName":"search_term_string"}}],"inLanguage":"en-US"},{"@type":"ImageObject","inLanguage":"en-US","@id":"https:\/\/mmkriepas.lv\/en\/p\/195-75r16c-lassa-transway-2-107-105r-2\/#local-main-organization-logo","url":"","contentUrl":"","caption":"MMK Riepas"}]},"product_brand":"Lassa Transway 2","product_price_amount":"81.00","product_price_currency":"EUR","og_availability":"instock","product_availability":"instock","product_retailer_item_id":"TS1957516LASSA-L9497","product_condition":"new"},"_links":{"self":[{"href":"https:\/\/mmkriepas.lv\/en\/wp-json\/wp\/v2\/product\/306600","targetHints":{"allow":["GET"]}}],"collection":[{"href":"https:\/\/mmkriepas.lv\/en\/wp-json\/wp\/v2\/product"}],"about":[{"href":"https:\/\/mmkriepas.lv\/en\/wp-json\/wp\/v2\/types\/product"}],"wp:featuredmedia":[{"embeddable":true,"href":"https:\/\/mmkriepas.lv\/en\/wp-json\/wp\/v2\/media\/225374"}],"wp:attachment":[{"href":"https:\/\/mmkriepas.lv\/en\/wp-json\/wp\/v2\/media?parent=306600"}],"wp:term":[{"taxonomy":"product_brand","embeddable":true,"href":"https:\/\/mmkriepas.lv\/en\/wp-json\/wp\/v2\/product_brand?post=306600"},{"taxonomy":"product_cat","embeddable":true,"href":"https:\/\/mmkriepas.lv\/en\/wp-json\/wp\/v2\/product_cat?post=306600"},{"taxonomy":"product_tag","embeddable":true,"href":"https:\/\/mmkriepas.lv\/en\/wp-json\/wp\/v2\/product_tag?post=306600"}],"curies":[{"name":"wp","href":"https:\/\/api.w.org\/{rel}","templated":true}]}}