{"id":306373,"date":"2022-08-24T11:13:14","date_gmt":"2022-08-24T08:13:14","guid":{"rendered":"https:\/\/mmkserviss.lv\/?post_type=product&#038;p=306373"},"modified":"2026-01-13T12:31:29","modified_gmt":"2026-01-13T10:31:29","slug":"245-45r17-powertrac-ice-xpro-95s","status":"publish","type":"product","link":"https:\/\/mmkriepas.lv\/en\/p\/245-45r17-powertrac-ice-xpro-95s\/","title":{"rendered":"245\/45R17 Powertrac Ice Xpro 95S"},"content":{"rendered":"<p><strong>Powertrac Ice Xpro<\/strong> &#8211; m\u012bkst\u0101 sast\u0101va jeb Skandin\u0101vijas tipa ziemas riepu modelis, kas izce\u013cas ar labiem sa\u0137eres r\u0101d\u012bt\u0101jiem pat skarbos ziemas brauk\u0161anas apst\u0101k\u013cos. Pieejams pla\u0161\u0101 izm\u0113ru kl\u0101st\u0101 no kompaktklases auto l\u012bdz pat nelieliem SUV jeb krosoveriem.<\/p>\n<h3>Powertrac Ice Xpro galven\u0101s \u012bpa\u0161\u012bbas<\/h3>\n<p>+ Augstas sa\u0137eres \u012bpa\u0161\u012bbas snieg\u0101, uz ledus un uz slapja asfalta.<\/p>\n<p>+ Degvielas ekonomija.<\/p>\n<p>+ Akustiskais komforts.<\/p>\n<p>+ Paaugstin\u0101ta nodilumiztur\u012bba.<\/p>\n<p><strong>+ Kvalit\u0101te atbilst cenai!<\/strong><\/p>\n<h3>Ice Xpro apr\u012bkojums<\/h3>\n<p><strong>Powertrac Ice Xpro <\/strong>ziemas riepas apr\u012bkotas ar simetrisku protektora rakstu, starp kura mas\u012bvajiem protektora blokiem izvietoti gareniski novadkan\u0101li. Tie pal\u012bdz efekt\u012bv\u0101k izvad\u012bt \u016bdeni no riepu kontakta virsmas ar ce\u013cu, samazinot akvaplan\u0113\u0161anas risku.<\/p>\n<p>Mas\u012bvajos, simetriski izvietotajos protektora blokos bl\u012bvi izvietoti vair\u0101ki t\u016bksto\u0161i s\u012bku iegriezumu jeb lame\u013cu. T\u0101s, l\u012bdz\u012bgi k\u0101 radzes, ar as\u0101m kant\u0113m iec\u0113rtas led\u016b un sabliet\u0113t\u0101 snieg\u0101, veidojot sa\u0137eri.<\/p>\n<p>Riepas izgatavotas no augstv\u0113rt\u012bga kompoz\u012btmateri\u0101la, kas lieliski saglab\u0101 elast\u012bbu, un l\u012bdz ar to ar\u012b sa\u0137eri, pla\u0161\u0101 temperat\u016bru diapazon\u0101.<\/p>\n","protected":false},"excerpt":{"rendered":"<p><strong>Powertrac Ice Xpro<\/strong> &#8211; m\u012bkst\u0101 sast\u0101va jeb Skandin\u0101vijas tipa ziemas riepu modelis, kas izce\u013cas ar labiem sa\u0137eres r\u0101d\u012bt\u0101jiem pat skarbos ziemas brauk\u0161anas apst\u0101k\u013cos. Pieejams pla\u0161\u0101 izm\u0113ru kl\u0101st\u0101 no kompaktklases auto l\u012bdz pat nelieliem SUV jeb krosoveriem.<\/p>\n","protected":false},"featured_media":834117,"template":"","meta":{"_acf_changed":false,"ngg_post_thumbnail":0},"product_brand":[],"product_cat":[47,45],"product_tag":[],"class_list":{"0":"post-306373","1":"product","2":"type-product","3":"status-publish","4":"has-post-thumbnail","6":"product_cat-vissezonas-riepas","7":"product_cat-ziemas-riepas","9":"first","10":"outofstock","11":"taxable","12":"shipping-taxable","13":"product-type-simple"},"acf":[],"yoast_head":"<!-- This site is optimized with the Yoast SEO Premium plugin v22.6 (Yoast SEO v27.3) - https:\/\/yoast.com\/product\/yoast-seo-premium-wordpress\/ -->\n<title>245\/45R17 Powertrac Ice Xpro 95S &#8226; MMK Riepas<\/title>\n<meta name=\"robots\" content=\"index, follow, max-snippet:-1, max-image-preview:large, max-video-preview:-1\" \/>\n<link rel=\"canonical\" href=\"https:\/\/mmkriepas.lv\/en\/p\/245-45r17-powertrac-ice-xpro-95s\/\" \/>\n<meta property=\"og:locale\" content=\"en_US\" \/>\n<meta property=\"og:type\" content=\"article\" \/>\n<meta property=\"og:title\" content=\"245\/45R17 Powertrac Ice Xpro 95S\" \/>\n<meta property=\"og:description\" content=\"Powertrac Ice Xpro - m\u012bkst\u0101 sast\u0101va jeb Skandin\u0101vijas tipa ziemas riepu modelis, kas izce\u013cas ar labiem sa\u0137eres r\u0101d\u012bt\u0101jiem pat skarbos ziemas brauk\u0161anas apst\u0101k\u013cos. Pieejams pla\u0161\u0101 izm\u0113ru kl\u0101st\u0101 no kompaktklases auto l\u012bdz pat nelieliem SUV jeb krosoveriem.\" \/>\n<meta property=\"og:url\" content=\"https:\/\/mmkriepas.lv\/en\/p\/245-45r17-powertrac-ice-xpro-95s\/\" \/>\n<meta property=\"og:site_name\" content=\"MMK Riepas\" \/>\n<meta property=\"article:publisher\" content=\"https:\/\/www.facebook.com\/mmkserviss\/\" \/>\n<meta property=\"article:modified_time\" content=\"2026-01-13T10:31:29+00:00\" \/>\n<meta property=\"og:image\" content=\"https:\/\/mmkriepas.lv\/wp-content\/uploads\/2023\/12\/24545r17-powertrac-ice-xpro-95s-dot21-ziemas-riepas.jpg\" \/>\n\t<meta property=\"og:image:width\" content=\"1920\" \/>\n\t<meta property=\"og:image:height\" content=\"1920\" \/>\n\t<meta property=\"og:image:type\" content=\"image\/jpeg\" \/>\n<meta name=\"twitter:card\" content=\"summary_large_image\" \/>\n<meta name=\"twitter:label1\" content=\"Price\" \/>\n\t<meta name=\"twitter:data1\" content=\"&euro;0.00\" \/>\n\t<meta name=\"twitter:label2\" content=\"Availability\" \/>\n\t<meta name=\"twitter:data2\" content=\"Out of stock\" \/>\n<script type=\"application\/ld+json\" class=\"yoast-schema-graph\">{\"@context\":\"https:\\\/\\\/schema.org\",\"@graph\":[{\"@type\":\"WebPage\",\"@id\":\"https:\\\/\\\/mmkriepas.lv\\\/en\\\/p\\\/245-45r17-powertrac-ice-xpro-95s\\\/\",\"url\":\"https:\\\/\\\/mmkriepas.lv\\\/en\\\/p\\\/245-45r17-powertrac-ice-xpro-95s\\\/\",\"name\":\"245\\\/45R17 Powertrac Ice Xpro 95S &#8226; MMK Riepas\",\"isPartOf\":{\"@id\":\"https:\\\/\\\/mmkriepas.lv\\\/en\\\/#website\"},\"primaryImageOfPage\":{\"@id\":\"https:\\\/\\\/mmkriepas.lv\\\/en\\\/p\\\/245-45r17-powertrac-ice-xpro-95s\\\/#primaryimage\"},\"image\":{\"@id\":\"https:\\\/\\\/mmkriepas.lv\\\/en\\\/p\\\/245-45r17-powertrac-ice-xpro-95s\\\/#primaryimage\"},\"thumbnailUrl\":\"https:\\\/\\\/mmkriepas.lv\\\/wp-content\\\/uploads\\\/2023\\\/12\\\/24545r17-powertrac-ice-xpro-95s-dot21-ziemas-riepas.jpg\",\"datePublished\":\"2022-08-24T08:13:14+00:00\",\"dateModified\":\"2026-01-13T10:31:29+00:00\",\"breadcrumb\":{\"@id\":\"https:\\\/\\\/mmkriepas.lv\\\/en\\\/p\\\/245-45r17-powertrac-ice-xpro-95s\\\/#breadcrumb\"},\"inLanguage\":\"en-US\",\"potentialAction\":[{\"@type\":\"ReadAction\",\"target\":[\"https:\\\/\\\/mmkriepas.lv\\\/en\\\/p\\\/245-45r17-powertrac-ice-xpro-95s\\\/\"]}]},{\"@type\":\"ImageObject\",\"inLanguage\":\"en-US\",\"@id\":\"https:\\\/\\\/mmkriepas.lv\\\/en\\\/p\\\/245-45r17-powertrac-ice-xpro-95s\\\/#primaryimage\",\"url\":\"https:\\\/\\\/mmkriepas.lv\\\/wp-content\\\/uploads\\\/2023\\\/12\\\/24545r17-powertrac-ice-xpro-95s-dot21-ziemas-riepas.jpg\",\"contentUrl\":\"https:\\\/\\\/mmkriepas.lv\\\/wp-content\\\/uploads\\\/2023\\\/12\\\/24545r17-powertrac-ice-xpro-95s-dot21-ziemas-riepas.jpg\",\"width\":1920,\"height\":1920,\"caption\":\"245\\\/45R17 Powertrac Ice Xpro 95S DOT21 - Vissezonas riepas \\\/ Ziemas riepas\"},{\"@type\":\"BreadcrumbList\",\"@id\":\"https:\\\/\\\/mmkriepas.lv\\\/en\\\/p\\\/245-45r17-powertrac-ice-xpro-95s\\\/#breadcrumb\",\"itemListElement\":[{\"@type\":\"ListItem\",\"position\":1,\"name\":\"S\u0101kums\",\"item\":\"https:\\\/\\\/mmkriepas.lv\\\/en\\\/\"},{\"@type\":\"ListItem\",\"position\":2,\"name\":\"245\\\/45R17 Powertrac Ice Xpro 95S\"}]},{\"@type\":\"WebSite\",\"@id\":\"https:\\\/\\\/mmkriepas.lv\\\/en\\\/#website\",\"url\":\"https:\\\/\\\/mmkriepas.lv\\\/en\\\/\",\"name\":\"MMK Riepas\",\"description\":\"MMK Riepas\",\"alternateName\":\"MMK Riepu Serviss\",\"potentialAction\":[{\"@type\":\"SearchAction\",\"target\":{\"@type\":\"EntryPoint\",\"urlTemplate\":\"https:\\\/\\\/mmkriepas.lv\\\/en\\\/?s={search_term_string}\"},\"query-input\":{\"@type\":\"PropertyValueSpecification\",\"valueRequired\":true,\"valueName\":\"search_term_string\"}}],\"inLanguage\":\"en-US\"},{\"@type\":\"ImageObject\",\"inLanguage\":\"en-US\",\"@id\":\"https:\\\/\\\/mmkriepas.lv\\\/en\\\/p\\\/245-45r17-powertrac-ice-xpro-95s\\\/#local-main-organization-logo\",\"url\":\"\",\"contentUrl\":\"\",\"caption\":\"MMK Riepas\"}]}<\/script>\n<meta property=\"product:brand\" content=\"Powertrac Ice Xpro\" \/>\n<meta property=\"product:price:amount\" content=\"0.00\" \/>\n<meta property=\"product:price:currency\" content=\"EUR\" \/>\n<meta property=\"og:availability\" content=\"out of stock\" \/>\n<meta property=\"product:availability\" content=\"out of stock\" \/>\n<meta property=\"product:retailer_item_id\" content=\"TW2454517POWER-9406\" \/>\n<meta property=\"product:condition\" content=\"new\" \/>\n<!-- \/ Yoast SEO Premium plugin. -->","yoast_head_json":{"title":"245\/45R17 Powertrac Ice Xpro 95S &#8226; MMK Riepas","robots":{"index":"index","follow":"follow","max-snippet":"max-snippet:-1","max-image-preview":"max-image-preview:large","max-video-preview":"max-video-preview:-1"},"canonical":"https:\/\/mmkriepas.lv\/en\/p\/245-45r17-powertrac-ice-xpro-95s\/","og_locale":"en_US","og_type":"article","og_title":"245\/45R17 Powertrac Ice Xpro 95S","og_description":"Powertrac Ice Xpro - m\u012bkst\u0101 sast\u0101va jeb Skandin\u0101vijas tipa ziemas riepu modelis, kas izce\u013cas ar labiem sa\u0137eres r\u0101d\u012bt\u0101jiem pat skarbos ziemas brauk\u0161anas apst\u0101k\u013cos. Pieejams pla\u0161\u0101 izm\u0113ru kl\u0101st\u0101 no kompaktklases auto l\u012bdz pat nelieliem SUV jeb krosoveriem.","og_url":"https:\/\/mmkriepas.lv\/en\/p\/245-45r17-powertrac-ice-xpro-95s\/","og_site_name":"MMK Riepas","article_publisher":"https:\/\/www.facebook.com\/mmkserviss\/","article_modified_time":"2026-01-13T10:31:29+00:00","og_image":[{"width":1920,"height":1920,"url":"https:\/\/mmkriepas.lv\/wp-content\/uploads\/2023\/12\/24545r17-powertrac-ice-xpro-95s-dot21-ziemas-riepas.jpg","type":"image\/jpeg"}],"twitter_card":"summary_large_image","twitter_misc":{"Price":"&euro;0.00","Availability":"Out of stock"},"schema":{"@context":"https:\/\/schema.org","@graph":[{"@type":"WebPage","@id":"https:\/\/mmkriepas.lv\/en\/p\/245-45r17-powertrac-ice-xpro-95s\/","url":"https:\/\/mmkriepas.lv\/en\/p\/245-45r17-powertrac-ice-xpro-95s\/","name":"245\/45R17 Powertrac Ice Xpro 95S &#8226; MMK Riepas","isPartOf":{"@id":"https:\/\/mmkriepas.lv\/en\/#website"},"primaryImageOfPage":{"@id":"https:\/\/mmkriepas.lv\/en\/p\/245-45r17-powertrac-ice-xpro-95s\/#primaryimage"},"image":{"@id":"https:\/\/mmkriepas.lv\/en\/p\/245-45r17-powertrac-ice-xpro-95s\/#primaryimage"},"thumbnailUrl":"https:\/\/mmkriepas.lv\/wp-content\/uploads\/2023\/12\/24545r17-powertrac-ice-xpro-95s-dot21-ziemas-riepas.jpg","datePublished":"2022-08-24T08:13:14+00:00","dateModified":"2026-01-13T10:31:29+00:00","breadcrumb":{"@id":"https:\/\/mmkriepas.lv\/en\/p\/245-45r17-powertrac-ice-xpro-95s\/#breadcrumb"},"inLanguage":"en-US","potentialAction":[{"@type":"ReadAction","target":["https:\/\/mmkriepas.lv\/en\/p\/245-45r17-powertrac-ice-xpro-95s\/"]}]},{"@type":"ImageObject","inLanguage":"en-US","@id":"https:\/\/mmkriepas.lv\/en\/p\/245-45r17-powertrac-ice-xpro-95s\/#primaryimage","url":"https:\/\/mmkriepas.lv\/wp-content\/uploads\/2023\/12\/24545r17-powertrac-ice-xpro-95s-dot21-ziemas-riepas.jpg","contentUrl":"https:\/\/mmkriepas.lv\/wp-content\/uploads\/2023\/12\/24545r17-powertrac-ice-xpro-95s-dot21-ziemas-riepas.jpg","width":1920,"height":1920,"caption":"245\/45R17 Powertrac Ice Xpro 95S DOT21 - Vissezonas riepas \/ Ziemas riepas"},{"@type":"BreadcrumbList","@id":"https:\/\/mmkriepas.lv\/en\/p\/245-45r17-powertrac-ice-xpro-95s\/#breadcrumb","itemListElement":[{"@type":"ListItem","position":1,"name":"S\u0101kums","item":"https:\/\/mmkriepas.lv\/en\/"},{"@type":"ListItem","position":2,"name":"245\/45R17 Powertrac Ice Xpro 95S"}]},{"@type":"WebSite","@id":"https:\/\/mmkriepas.lv\/en\/#website","url":"https:\/\/mmkriepas.lv\/en\/","name":"MMK Riepas","description":"MMK Riepas","alternateName":"MMK Riepu Serviss","potentialAction":[{"@type":"SearchAction","target":{"@type":"EntryPoint","urlTemplate":"https:\/\/mmkriepas.lv\/en\/?s={search_term_string}"},"query-input":{"@type":"PropertyValueSpecification","valueRequired":true,"valueName":"search_term_string"}}],"inLanguage":"en-US"},{"@type":"ImageObject","inLanguage":"en-US","@id":"https:\/\/mmkriepas.lv\/en\/p\/245-45r17-powertrac-ice-xpro-95s\/#local-main-organization-logo","url":"","contentUrl":"","caption":"MMK Riepas"}]},"product_brand":"Powertrac Ice Xpro","product_price_amount":"0.00","product_price_currency":"EUR","og_availability":"out of stock","product_availability":"out of stock","product_retailer_item_id":"TW2454517POWER-9406","product_condition":"new"},"_links":{"self":[{"href":"https:\/\/mmkriepas.lv\/en\/wp-json\/wp\/v2\/product\/306373","targetHints":{"allow":["GET"]}}],"collection":[{"href":"https:\/\/mmkriepas.lv\/en\/wp-json\/wp\/v2\/product"}],"about":[{"href":"https:\/\/mmkriepas.lv\/en\/wp-json\/wp\/v2\/types\/product"}],"wp:featuredmedia":[{"embeddable":true,"href":"https:\/\/mmkriepas.lv\/en\/wp-json\/wp\/v2\/media\/834117"}],"wp:attachment":[{"href":"https:\/\/mmkriepas.lv\/en\/wp-json\/wp\/v2\/media?parent=306373"}],"wp:term":[{"taxonomy":"product_brand","embeddable":true,"href":"https:\/\/mmkriepas.lv\/en\/wp-json\/wp\/v2\/product_brand?post=306373"},{"taxonomy":"product_cat","embeddable":true,"href":"https:\/\/mmkriepas.lv\/en\/wp-json\/wp\/v2\/product_cat?post=306373"},{"taxonomy":"product_tag","embeddable":true,"href":"https:\/\/mmkriepas.lv\/en\/wp-json\/wp\/v2\/product_tag?post=306373"}],"curies":[{"name":"wp","href":"https:\/\/api.w.org\/{rel}","templated":true}]}}