{"id":303472,"date":"2022-08-21T13:20:28","date_gmt":"2022-08-21T10:20:28","guid":{"rendered":"https:\/\/mmkserviss.lv\/?post_type=product&#038;p=303472"},"modified":"2026-03-27T12:39:50","modified_gmt":"2026-03-27T10:39:50","slug":"215-65r16-triangle-advantex-tc101-102h-xl","status":"publish","type":"product","link":"https:\/\/mmkriepas.lv\/en\/p\/215-65r16-triangle-advantex-tc101-102h-xl\/","title":{"rendered":"215\/65R16 Triangle AdvanteX TC101 102H XL"},"content":{"rendered":"<p><strong>Triangle AdvanteX TC101<\/strong> vasaras riepas tika izstr\u0101d\u0101ta Eiropas tirgum, balstoties uz m\u016bsu klimatiskajiem apst\u0101k\u013ciem. Izmantojot augstas kvalit\u0101tes dab\u012bg\u0101 kau\u010duka savienojumu tiek nodro\u0161in\u0101ta augsta veiktsp\u0113ja. \u0160is konkr\u0113tais modelis ir paredz\u0113ts da\u017e\u0101du kla\u0161u pasa\u017eieru automob\u012b\u013ciem &#8211; vieglajiem un kompaktklases auto! \u0136\u012bnas ra\u017eot\u0101js, kura produkti tiek dizain\u0113ti Somij\u0101. Modeli TC101 pied\u0101v\u0101 vair\u0101kos izm\u0113ros, s\u0101kot no R15 l\u012bdz R17!\u00a0<\/p>\n<ul>\n<li><strong>Uzlaboti akvaplan\u0113\u0161anas r\u0101d\u012bt\u0101ji.<\/strong> Modelim TC101 ir izveidots asimetrisks protektora\u00a0 z\u012bm\u0113jums.\u00a0 Dizain\u0113jot protektora rakstu izveidots iev\u0113rojams daudzums garenisko dren\u0101\u017eas kan\u0101lu un palielin\u0101ts \u0161\u0137\u0113rsenisko dren\u0101\u017eas elementu skaits. \u0160ie uzlabojumi pal\u012bdz v\u0113l \u0101tr\u0101k novad\u012bt \u016bdeni no riepas saskarsmes vietas ar ce\u013ca segumu, uzlabojot sa\u0137eres r\u0101d\u012bt\u0101jus.<\/li>\n<li><strong>Paaugstin\u0101ta nodilumiztur\u012bba.<\/strong> \u0160\u012b mode\u013ca gumijas savienojuma pamat\u0101 ir smalki izklied\u0113ti sil\u012bciju saturo\u0161i komponenti un speci\u0101li polim\u0113ri. Tie iev\u0113rojami uzlabo sa\u0137eri ar mitru virsmu, samazina rites pretest\u012bbu un nodilumu, t\u0101dej\u0101di pagarinot riepas m\u016b\u017eu!<\/li>\n<\/ul>\n<p><strong>AdvanteX TC101<\/strong>\u00a0\u012bpa\u0161\u012bbas:<\/p>\n<p>+ Stabilit\u0101te l\u012bkumos,<\/p>\n<p>+ \u012ass bremz\u0113\u0161anas ce\u013c\u0161,<\/p>\n<p><span>+ Protektora<\/span><span>\u00a0<\/span><span>z\u012bm\u0113jums<\/span><span>\u00a0<\/span><span>ar<\/span><span>\u00a0<\/span><span>bl\u012bvu<\/span><span>\u00a0<\/span><span>bloku<\/span><span>\u00a0<\/span><span>izvietojumu<\/span><span>\u00a0<\/span><span>nodro\u0161ina<\/span><span>\u00a0<\/span><span>augstu<\/span><span>\u00a0<\/span><span>veiktsp\u0113ju, <\/span><\/p>\n<p><span>+ Paaugstin\u0101ta nodilumiztur\u012bba un palielin\u0101ts riepas kalpo\u0161anas laiks, <\/span><\/p>\n<p>+ Viegla riepas konstrukcijas uzb\u016bve, kas samazina rites pretest\u012bbu un gumijas uzkar\u0161anu,<\/p>\n<p>+ Degvielas ekonomija,<\/p>\n<p>+ Uzlaboti akvaplan\u0113\u0161anas r\u0101d\u012bt\u0101ji, palielinot dren\u0101\u017eas kan\u0101lu skaitu,<\/p>\n<p>+ Klusas riepas,<\/p>\n<p>+ Augsta triecieniztur\u012bba pasarg\u0101s riepu no p\u0101rsi\u0161anas bedr\u0113s,<\/p>\n<p>+ Dro\u0161a vad\u0101m\u012bba gan uz sausa, gan mitra seguma.<\/p>\n<h5>*Uzman\u012bbu: vasaras riepas, kas ra\u017eotas \u0100zijas valst\u012bs, var b\u016bt apz\u012bm\u0113tas ar apz\u012bm\u0113jumu M + S. J\u0101\u0146em ver\u0101, ka \u0100zijas teritorija sniedzas da\u017e\u0101d\u0101s klimatiskaj\u0101s zon\u0101s, kur da\u017eviet metereolo\u0123isk\u0101 ziema t\u0101 ar\u012b neiest\u0101jas. L\u012bdz ar to, tur \u0161\u012bs riepas var izmantot visu gadu, kam\u0113r Latvij\u0101 tas nestr\u0101d\u0101! S\u012bk\u0101k par \u0161o un citiem apz\u012bm\u0113jumiem dro\u0161i jaut\u0101jiet MMK Riepu Serviss speci\u0101listiem.<\/h5>\n","protected":false},"excerpt":{"rendered":"<p><b>Triangle AdvanteX TC101<\/b> vasaras riepas tika izstr\u0101d\u0101ta Eiropas tirgum, balstoties uz m\u016bsu klimatiskajiem apst\u0101k\u013ciem. Izmantojot augstas kvalit\u0101tes dab\u012bg\u0101 kau\u010duka savienojumu tiek nodro\u0161in\u0101ta augsta veiktsp\u0113ja. \u0160is konkr\u0113tais modelis ir paredz\u0113ts da\u017e\u0101du kla\u0161u pasa\u017eieru automob\u012b\u013ciem &#8211; vieglajiem un kompaktklases auto! \u0136\u012bnas ra\u017eot\u0101js, kura produkti tiek dizain\u0113ti Somij\u0101. Modeli TC101 pied\u0101v\u0101 vair\u0101kos izm\u0113ros, s\u0101kot no R15 l\u012bdz R17<\/p>\n","protected":false},"featured_media":863238,"template":"","meta":{"_acf_changed":false,"ngg_post_thumbnail":0},"product_brand":[],"product_cat":[46],"product_tag":[],"class_list":{"0":"post-303472","1":"product","2":"type-product","3":"status-publish","4":"has-post-thumbnail","6":"product_cat-vasaras-riepas","8":"first","9":"instock","10":"sale","11":"taxable","12":"shipping-taxable","13":"purchasable","14":"product-type-simple"},"acf":[],"yoast_head":"<!-- This site is optimized with the Yoast SEO Premium plugin v22.6 (Yoast SEO v27.3) - https:\/\/yoast.com\/product\/yoast-seo-premium-wordpress\/ -->\n<title>215\/65R16 Triangle AdvanteX TC101 102H XL &#8226; MMK Riepas<\/title>\n<meta name=\"robots\" content=\"index, follow, max-snippet:-1, max-image-preview:large, max-video-preview:-1\" \/>\n<link rel=\"canonical\" href=\"https:\/\/mmkriepas.lv\/en\/p\/215-65r16-triangle-advantex-tc101-102h-xl\/\" \/>\n<meta property=\"og:locale\" content=\"en_US\" \/>\n<meta property=\"og:type\" content=\"article\" \/>\n<meta property=\"og:title\" content=\"215\/65R16 Triangle AdvanteX TC101 102H XL\" \/>\n<meta property=\"og:description\" content=\"Triangle AdvanteX TC101 vasaras riepas tika izstr\u0101d\u0101ta Eiropas tirgum, balstoties uz m\u016bsu klimatiskajiem apst\u0101k\u013ciem. Izmantojot augstas kvalit\u0101tes dab\u012bg\u0101 kau\u010duka savienojumu tiek nodro\u0161in\u0101ta augsta veiktsp\u0113ja. \u0160is konkr\u0113tais modelis ir paredz\u0113ts da\u017e\u0101du kla\u0161u pasa\u017eieru automob\u012b\u013ciem - vieglajiem un kompaktklases auto! \u0136\u012bnas ra\u017eot\u0101js, kura produkti tiek dizain\u0113ti Somij\u0101. Modeli TC101 pied\u0101v\u0101 vair\u0101kos izm\u0113ros, s\u0101kot no R15 l\u012bdz R17\" \/>\n<meta property=\"og:url\" content=\"https:\/\/mmkriepas.lv\/en\/p\/215-65r16-triangle-advantex-tc101-102h-xl\/\" \/>\n<meta property=\"og:site_name\" content=\"MMK Riepas\" \/>\n<meta property=\"article:publisher\" content=\"https:\/\/www.facebook.com\/mmkserviss\/\" \/>\n<meta property=\"article:modified_time\" content=\"2026-03-27T10:39:50+00:00\" \/>\n<meta property=\"og:image\" content=\"https:\/\/mmkriepas.lv\/wp-content\/uploads\/2024\/02\/20555r16-triangle-advantex-tc101-94h-vasaras-riepas.jpg\" \/>\n\t<meta property=\"og:image:width\" content=\"1920\" \/>\n\t<meta property=\"og:image:height\" content=\"1440\" \/>\n\t<meta property=\"og:image:type\" content=\"image\/jpeg\" \/>\n<meta name=\"twitter:card\" content=\"summary_large_image\" \/>\n<meta name=\"twitter:label1\" content=\"Price\" \/>\n\t<meta name=\"twitter:data1\" content=\"&euro;57.00\" \/>\n\t<meta name=\"twitter:label2\" content=\"Availability\" \/>\n\t<meta name=\"twitter:data2\" content=\"In stock\" \/>\n<script type=\"application\/ld+json\" class=\"yoast-schema-graph\">{\"@context\":\"https:\\\/\\\/schema.org\",\"@graph\":[{\"@type\":\"WebPage\",\"@id\":\"https:\\\/\\\/mmkriepas.lv\\\/en\\\/p\\\/215-65r16-triangle-advantex-tc101-102h-xl\\\/\",\"url\":\"https:\\\/\\\/mmkriepas.lv\\\/en\\\/p\\\/215-65r16-triangle-advantex-tc101-102h-xl\\\/\",\"name\":\"215\\\/65R16 Triangle AdvanteX TC101 102H XL &#8226; MMK Riepas\",\"isPartOf\":{\"@id\":\"https:\\\/\\\/mmkriepas.lv\\\/en\\\/#website\"},\"primaryImageOfPage\":{\"@id\":\"https:\\\/\\\/mmkriepas.lv\\\/en\\\/p\\\/215-65r16-triangle-advantex-tc101-102h-xl\\\/#primaryimage\"},\"image\":{\"@id\":\"https:\\\/\\\/mmkriepas.lv\\\/en\\\/p\\\/215-65r16-triangle-advantex-tc101-102h-xl\\\/#primaryimage\"},\"thumbnailUrl\":\"https:\\\/\\\/mmkriepas.lv\\\/wp-content\\\/uploads\\\/2024\\\/02\\\/20555r16-triangle-advantex-tc101-94h-vasaras-riepas.jpg\",\"datePublished\":\"2022-08-21T10:20:28+00:00\",\"dateModified\":\"2026-03-27T10:39:50+00:00\",\"breadcrumb\":{\"@id\":\"https:\\\/\\\/mmkriepas.lv\\\/en\\\/p\\\/215-65r16-triangle-advantex-tc101-102h-xl\\\/#breadcrumb\"},\"inLanguage\":\"en-US\",\"potentialAction\":[{\"@type\":\"ReadAction\",\"target\":[\"https:\\\/\\\/mmkriepas.lv\\\/en\\\/p\\\/215-65r16-triangle-advantex-tc101-102h-xl\\\/\"]}]},{\"@type\":\"ImageObject\",\"inLanguage\":\"en-US\",\"@id\":\"https:\\\/\\\/mmkriepas.lv\\\/en\\\/p\\\/215-65r16-triangle-advantex-tc101-102h-xl\\\/#primaryimage\",\"url\":\"https:\\\/\\\/mmkriepas.lv\\\/wp-content\\\/uploads\\\/2024\\\/02\\\/20555r16-triangle-advantex-tc101-94h-vasaras-riepas.jpg\",\"contentUrl\":\"https:\\\/\\\/mmkriepas.lv\\\/wp-content\\\/uploads\\\/2024\\\/02\\\/20555r16-triangle-advantex-tc101-94h-vasaras-riepas.jpg\",\"width\":1920,\"height\":1440,\"caption\":\"205\\\/55R16 Triangle AdvanteX TC101 94H - Vasaras riepas\"},{\"@type\":\"BreadcrumbList\",\"@id\":\"https:\\\/\\\/mmkriepas.lv\\\/en\\\/p\\\/215-65r16-triangle-advantex-tc101-102h-xl\\\/#breadcrumb\",\"itemListElement\":[{\"@type\":\"ListItem\",\"position\":1,\"name\":\"S\u0101kums\",\"item\":\"https:\\\/\\\/mmkriepas.lv\\\/en\\\/\"},{\"@type\":\"ListItem\",\"position\":2,\"name\":\"215\\\/65R16 Triangle AdvanteX TC101 102H XL\"}]},{\"@type\":\"WebSite\",\"@id\":\"https:\\\/\\\/mmkriepas.lv\\\/en\\\/#website\",\"url\":\"https:\\\/\\\/mmkriepas.lv\\\/en\\\/\",\"name\":\"MMK Riepas\",\"description\":\"MMK Riepas\",\"alternateName\":\"MMK Riepu Serviss\",\"potentialAction\":[{\"@type\":\"SearchAction\",\"target\":{\"@type\":\"EntryPoint\",\"urlTemplate\":\"https:\\\/\\\/mmkriepas.lv\\\/en\\\/?s={search_term_string}\"},\"query-input\":{\"@type\":\"PropertyValueSpecification\",\"valueRequired\":true,\"valueName\":\"search_term_string\"}}],\"inLanguage\":\"en-US\"},{\"@type\":\"ImageObject\",\"inLanguage\":\"en-US\",\"@id\":\"https:\\\/\\\/mmkriepas.lv\\\/en\\\/p\\\/215-65r16-triangle-advantex-tc101-102h-xl\\\/#local-main-organization-logo\",\"url\":\"\",\"contentUrl\":\"\",\"caption\":\"MMK Riepas\"}]}<\/script>\n<meta property=\"product:brand\" content=\"Triangle AdvanteX TC101\" \/>\n<meta property=\"product:price:amount\" content=\"57.00\" \/>\n<meta property=\"product:price:currency\" content=\"EUR\" \/>\n<meta property=\"og:availability\" content=\"instock\" \/>\n<meta property=\"product:availability\" content=\"instock\" \/>\n<meta property=\"product:retailer_item_id\" content=\"TS2156516TRIAN-L9278\" \/>\n<meta property=\"product:condition\" content=\"new\" \/>\n<!-- \/ Yoast SEO Premium plugin. -->","yoast_head_json":{"title":"215\/65R16 Triangle AdvanteX TC101 102H XL &#8226; MMK Riepas","robots":{"index":"index","follow":"follow","max-snippet":"max-snippet:-1","max-image-preview":"max-image-preview:large","max-video-preview":"max-video-preview:-1"},"canonical":"https:\/\/mmkriepas.lv\/en\/p\/215-65r16-triangle-advantex-tc101-102h-xl\/","og_locale":"en_US","og_type":"article","og_title":"215\/65R16 Triangle AdvanteX TC101 102H XL","og_description":"Triangle AdvanteX TC101 vasaras riepas tika izstr\u0101d\u0101ta Eiropas tirgum, balstoties uz m\u016bsu klimatiskajiem apst\u0101k\u013ciem. Izmantojot augstas kvalit\u0101tes dab\u012bg\u0101 kau\u010duka savienojumu tiek nodro\u0161in\u0101ta augsta veiktsp\u0113ja. \u0160is konkr\u0113tais modelis ir paredz\u0113ts da\u017e\u0101du kla\u0161u pasa\u017eieru automob\u012b\u013ciem - vieglajiem un kompaktklases auto! \u0136\u012bnas ra\u017eot\u0101js, kura produkti tiek dizain\u0113ti Somij\u0101. Modeli TC101 pied\u0101v\u0101 vair\u0101kos izm\u0113ros, s\u0101kot no R15 l\u012bdz R17","og_url":"https:\/\/mmkriepas.lv\/en\/p\/215-65r16-triangle-advantex-tc101-102h-xl\/","og_site_name":"MMK Riepas","article_publisher":"https:\/\/www.facebook.com\/mmkserviss\/","article_modified_time":"2026-03-27T10:39:50+00:00","og_image":[{"width":1920,"height":1440,"url":"https:\/\/mmkriepas.lv\/wp-content\/uploads\/2024\/02\/20555r16-triangle-advantex-tc101-94h-vasaras-riepas.jpg","type":"image\/jpeg"}],"twitter_card":"summary_large_image","twitter_misc":{"Price":"&euro;57.00","Availability":"In stock"},"schema":{"@context":"https:\/\/schema.org","@graph":[{"@type":"WebPage","@id":"https:\/\/mmkriepas.lv\/en\/p\/215-65r16-triangle-advantex-tc101-102h-xl\/","url":"https:\/\/mmkriepas.lv\/en\/p\/215-65r16-triangle-advantex-tc101-102h-xl\/","name":"215\/65R16 Triangle AdvanteX TC101 102H XL &#8226; MMK Riepas","isPartOf":{"@id":"https:\/\/mmkriepas.lv\/en\/#website"},"primaryImageOfPage":{"@id":"https:\/\/mmkriepas.lv\/en\/p\/215-65r16-triangle-advantex-tc101-102h-xl\/#primaryimage"},"image":{"@id":"https:\/\/mmkriepas.lv\/en\/p\/215-65r16-triangle-advantex-tc101-102h-xl\/#primaryimage"},"thumbnailUrl":"https:\/\/mmkriepas.lv\/wp-content\/uploads\/2024\/02\/20555r16-triangle-advantex-tc101-94h-vasaras-riepas.jpg","datePublished":"2022-08-21T10:20:28+00:00","dateModified":"2026-03-27T10:39:50+00:00","breadcrumb":{"@id":"https:\/\/mmkriepas.lv\/en\/p\/215-65r16-triangle-advantex-tc101-102h-xl\/#breadcrumb"},"inLanguage":"en-US","potentialAction":[{"@type":"ReadAction","target":["https:\/\/mmkriepas.lv\/en\/p\/215-65r16-triangle-advantex-tc101-102h-xl\/"]}]},{"@type":"ImageObject","inLanguage":"en-US","@id":"https:\/\/mmkriepas.lv\/en\/p\/215-65r16-triangle-advantex-tc101-102h-xl\/#primaryimage","url":"https:\/\/mmkriepas.lv\/wp-content\/uploads\/2024\/02\/20555r16-triangle-advantex-tc101-94h-vasaras-riepas.jpg","contentUrl":"https:\/\/mmkriepas.lv\/wp-content\/uploads\/2024\/02\/20555r16-triangle-advantex-tc101-94h-vasaras-riepas.jpg","width":1920,"height":1440,"caption":"205\/55R16 Triangle AdvanteX TC101 94H - Vasaras riepas"},{"@type":"BreadcrumbList","@id":"https:\/\/mmkriepas.lv\/en\/p\/215-65r16-triangle-advantex-tc101-102h-xl\/#breadcrumb","itemListElement":[{"@type":"ListItem","position":1,"name":"S\u0101kums","item":"https:\/\/mmkriepas.lv\/en\/"},{"@type":"ListItem","position":2,"name":"215\/65R16 Triangle AdvanteX TC101 102H XL"}]},{"@type":"WebSite","@id":"https:\/\/mmkriepas.lv\/en\/#website","url":"https:\/\/mmkriepas.lv\/en\/","name":"MMK Riepas","description":"MMK Riepas","alternateName":"MMK Riepu Serviss","potentialAction":[{"@type":"SearchAction","target":{"@type":"EntryPoint","urlTemplate":"https:\/\/mmkriepas.lv\/en\/?s={search_term_string}"},"query-input":{"@type":"PropertyValueSpecification","valueRequired":true,"valueName":"search_term_string"}}],"inLanguage":"en-US"},{"@type":"ImageObject","inLanguage":"en-US","@id":"https:\/\/mmkriepas.lv\/en\/p\/215-65r16-triangle-advantex-tc101-102h-xl\/#local-main-organization-logo","url":"","contentUrl":"","caption":"MMK Riepas"}]},"product_brand":"Triangle AdvanteX TC101","product_price_amount":"57.00","product_price_currency":"EUR","og_availability":"instock","product_availability":"instock","product_retailer_item_id":"TS2156516TRIAN-L9278","product_condition":"new"},"_links":{"self":[{"href":"https:\/\/mmkriepas.lv\/en\/wp-json\/wp\/v2\/product\/303472","targetHints":{"allow":["GET"]}}],"collection":[{"href":"https:\/\/mmkriepas.lv\/en\/wp-json\/wp\/v2\/product"}],"about":[{"href":"https:\/\/mmkriepas.lv\/en\/wp-json\/wp\/v2\/types\/product"}],"wp:featuredmedia":[{"embeddable":true,"href":"https:\/\/mmkriepas.lv\/en\/wp-json\/wp\/v2\/media\/863238"}],"wp:attachment":[{"href":"https:\/\/mmkriepas.lv\/en\/wp-json\/wp\/v2\/media?parent=303472"}],"wp:term":[{"taxonomy":"product_brand","embeddable":true,"href":"https:\/\/mmkriepas.lv\/en\/wp-json\/wp\/v2\/product_brand?post=303472"},{"taxonomy":"product_cat","embeddable":true,"href":"https:\/\/mmkriepas.lv\/en\/wp-json\/wp\/v2\/product_cat?post=303472"},{"taxonomy":"product_tag","embeddable":true,"href":"https:\/\/mmkriepas.lv\/en\/wp-json\/wp\/v2\/product_tag?post=303472"}],"curies":[{"name":"wp","href":"https:\/\/api.w.org\/{rel}","templated":true}]}}