{"id":303079,"date":"2022-08-21T13:00:57","date_gmt":"2022-08-21T10:00:57","guid":{"rendered":"https:\/\/mmkserviss.lv\/?post_type=product&#038;p=303079"},"modified":"2025-02-12T21:13:32","modified_gmt":"2025-02-12T19:13:32","slug":"205-55r16-yokohama-ice-guard-ig50-plus-91q","status":"publish","type":"product","link":"https:\/\/mmkriepas.lv\/en\/p\/205-55r16-yokohama-ice-guard-ig50-plus-91q\/","title":{"rendered":"205\/55R16 Yokohama ice GUARD iG50 PLUS 91Q"},"content":{"rendered":"<p><strong><span style=\"font-family: 'Arial',sans-serif;\">Yokohama iceGUARD iG50 PLUS<\/span><\/strong><span style=\"font-family: 'Arial',sans-serif;\"> ir Jap\u0101n\u0101 ra\u017eots augst\u0101k\u0101s kvalit\u0101tes m\u012bkst\u0101 sast\u0101va riepu modelis. Tas piem\u0113rots kompaktklases un vid\u0113ja izm\u0113ra auto. Izce\u013cas ar izcilu sa\u0137eri gan snieg\u0101, gan uz ledus, k\u0101 ar\u012b ar palielin\u0101tu nodilumizturibu.<o:p><\/o:p><\/span><\/p>\n<h3><strong><span style=\"font-family: 'Arial',sans-serif;\">Yokohama iceGUARD iG50 PLUS galven\u0101s iez\u012bmes<\/span><\/strong><span style=\"font-family: 'Arial',sans-serif;\"><o:p><\/o:p><\/span><\/h3>\n<p><span style=\"font-family: 'Arial',sans-serif;\">+ Teicama sa\u0137ere ar jebk\u0101du ce\u013ca segumu, pateicoties uzlabota dizaina asimetriskajam protektora rakstam,<br \/>+ Palielin\u0101ta stabilit\u0101te liel\u0101 brauk\u0161anas \u0101trum\u0101,<br \/>+ Hibr\u012bdlamel\u0113\u0161anas tehnolo\u0123ija b\u016btiski uzlabo riepu sa\u0137eri ar ledu,<br \/>+ Sa\u012bsin\u0101ts bremz\u0113\u0161anas ce\u013c\u0161,<br \/>+ Inovat\u012bvs riepu gumijas sast\u0101vs, kas nezaud\u0113 elast\u012bbu \u0101rk\u0101rt\u012bgi zem\u0101s gaisa temperat\u016br\u0101s.<o:p><\/o:p><\/span><\/p>\n<h3><strong><span style=\"font-family: 'Arial',sans-serif;\">iceGUARD iG50 PLUS apr\u012bkojums<\/span><\/strong><span style=\"font-family: 'Arial',sans-serif;\"><o:p><\/o:p><\/span><\/h3>\n<p><strong><span style=\"font-family: 'Arial',sans-serif;\">Yokohama iceGUARD iG50 PLUS <\/span><\/strong><span style=\"font-family: 'Arial',sans-serif;\">ziemas riepas apr\u012bkotas ar uzlabota dizaina asimetrisko protektora rakstu. Mas\u012bvajos protektora blokos iestr\u0101d\u0101tas ar\u012b da\u017e\u0101du veidu 3D lameles. T\u0101s saskarsm\u0113 ar ce\u013ca virsmu atveras, b\u016btiski uzlabojot sa\u0137eri ar ledu, slidenaj\u0101 virsm\u0101 iec\u0113rtoties ar simtiem papildus sa\u0137eres kan\u0161u.<o:p><\/o:p><\/span><\/p>\n<p><span style=\"font-family: 'Arial',sans-serif;\">Riepu gumijas sast\u0101vam pievienots inovat\u012bvais Orange Oil S jeb apels\u012bnu mizi\u0146u e\u013c\u013cas mais\u012bjums. Tas at\u013c\u0101vis riep\u0101m saglab\u0101t elast\u012bbu liel\u0101k\u0101 temperat\u016bru diapazon\u0101, uzlabot sa\u0137eri, samazin\u0101t degvielas pat\u0113ri\u0146u un palielin\u0101t ar\u012b nodilumiztur\u012bbu.<o:p><\/o:p><\/span><\/p>\n","protected":false},"excerpt":{"rendered":"<p><strong><span style=\"font-family: 'Arial',sans-serif;\">Yokohama iceGUARD iG50 PLUS<\/span><\/strong><span style=\"font-family: 'Arial',sans-serif;\"> ir Jap\u0101n\u0101 ra\u017eots augst\u0101k\u0101s kvalit\u0101tes m\u012bkst\u0101 sast\u0101va riepu modelis. Tas piem\u0113rots kompaktklases un vid\u0113ja izm\u0113ra auto. Izce\u013cas ar izcilu sa\u0137eri gan snieg\u0101, gan uz ledus, k\u0101 ar\u012b ar palielin\u0101tu nodilumizturibu.<o:p><\/o:p><\/span><\/p>\n","protected":false},"featured_media":192480,"template":"","meta":{"_acf_changed":false,"ngg_post_thumbnail":0},"product_brand":[],"product_cat":[47,45],"product_tag":[],"class_list":{"0":"post-303079","1":"product","2":"type-product","3":"status-publish","4":"has-post-thumbnail","6":"product_cat-vissezonas-riepas","7":"product_cat-ziemas-riepas","9":"first","10":"outofstock","11":"sale","12":"taxable","13":"shipping-taxable","14":"product-type-simple"},"acf":[],"yoast_head":"<!-- This site is optimized with the Yoast SEO Premium plugin v22.6 (Yoast SEO v27.3) - https:\/\/yoast.com\/product\/yoast-seo-premium-wordpress\/ -->\n<title>205\/55R16 Yokohama ice GUARD iG50 PLUS 91Q &#8226; MMK Riepas<\/title>\n<meta name=\"description\" content=\"Yokohama IceGuard IG50+ - Augst\u0101k\u0101s kvalit\u0101tes Jap\u0101nas m\u012bkst\u0101 sast\u0101va ziemas riepas. Pieejamas abos MMK riepu centros par SUPER cen\u0101m!\" \/>\n<meta name=\"robots\" content=\"index, follow, max-snippet:-1, max-image-preview:large, max-video-preview:-1\" \/>\n<link rel=\"canonical\" href=\"https:\/\/mmkriepas.lv\/en\/p\/205-55r16-yokohama-ice-guard-ig50-plus-91q\/\" \/>\n<meta property=\"og:locale\" content=\"en_US\" \/>\n<meta property=\"og:type\" content=\"article\" \/>\n<meta property=\"og:title\" content=\"205\/55R16 Yokohama ice GUARD iG50 PLUS 91Q\" \/>\n<meta property=\"og:description\" content=\"Yokohama IceGuard IG50+ - Augst\u0101k\u0101s kvalit\u0101tes Jap\u0101nas m\u012bkst\u0101 sast\u0101va ziemas riepas. Pieejamas abos MMK riepu centros par SUPER cen\u0101m!\" \/>\n<meta property=\"og:url\" content=\"https:\/\/mmkriepas.lv\/en\/p\/205-55r16-yokohama-ice-guard-ig50-plus-91q\/\" \/>\n<meta property=\"og:site_name\" content=\"MMK Riepas\" \/>\n<meta property=\"article:publisher\" content=\"https:\/\/www.facebook.com\/mmkserviss\/\" \/>\n<meta property=\"article:modified_time\" content=\"2025-02-12T19:13:32+00:00\" \/>\n<meta property=\"og:image\" content=\"https:\/\/mmkriepas.lv\/wp-content\/uploads\/2021\/08\/22555r18-yokohama-iceguard-ig50-98q-ziemas-riepas-3.jpg\" \/>\n\t<meta property=\"og:image:width\" content=\"1920\" \/>\n\t<meta property=\"og:image:height\" content=\"1440\" \/>\n\t<meta property=\"og:image:type\" content=\"image\/jpeg\" \/>\n<meta name=\"twitter:card\" content=\"summary_large_image\" \/>\n<meta name=\"twitter:label1\" content=\"Price\" \/>\n\t<meta name=\"twitter:data1\" content=\"&euro;83.00\" \/>\n\t<meta name=\"twitter:label2\" content=\"Availability\" \/>\n\t<meta name=\"twitter:data2\" content=\"Out of stock\" \/>\n<script type=\"application\/ld+json\" class=\"yoast-schema-graph\">{\"@context\":\"https:\\\/\\\/schema.org\",\"@graph\":[{\"@type\":\"WebPage\",\"@id\":\"https:\\\/\\\/mmkriepas.lv\\\/en\\\/p\\\/205-55r16-yokohama-ice-guard-ig50-plus-91q\\\/\",\"url\":\"https:\\\/\\\/mmkriepas.lv\\\/en\\\/p\\\/205-55r16-yokohama-ice-guard-ig50-plus-91q\\\/\",\"name\":\"205\\\/55R16 Yokohama ice GUARD iG50 PLUS 91Q &#8226; MMK Riepas\",\"isPartOf\":{\"@id\":\"https:\\\/\\\/mmkriepas.lv\\\/en\\\/#website\"},\"primaryImageOfPage\":{\"@id\":\"https:\\\/\\\/mmkriepas.lv\\\/en\\\/p\\\/205-55r16-yokohama-ice-guard-ig50-plus-91q\\\/#primaryimage\"},\"image\":{\"@id\":\"https:\\\/\\\/mmkriepas.lv\\\/en\\\/p\\\/205-55r16-yokohama-ice-guard-ig50-plus-91q\\\/#primaryimage\"},\"thumbnailUrl\":\"https:\\\/\\\/mmkriepas.lv\\\/wp-content\\\/uploads\\\/2021\\\/08\\\/22555r18-yokohama-iceguard-ig50-98q-ziemas-riepas-3.jpg\",\"datePublished\":\"2022-08-21T10:00:57+00:00\",\"dateModified\":\"2025-02-12T19:13:32+00:00\",\"description\":\"Yokohama IceGuard IG50+ - Augst\u0101k\u0101s kvalit\u0101tes Jap\u0101nas m\u012bkst\u0101 sast\u0101va ziemas riepas. Pieejamas abos MMK riepu centros par SUPER cen\u0101m!\",\"breadcrumb\":{\"@id\":\"https:\\\/\\\/mmkriepas.lv\\\/en\\\/p\\\/205-55r16-yokohama-ice-guard-ig50-plus-91q\\\/#breadcrumb\"},\"inLanguage\":\"en-US\",\"potentialAction\":[{\"@type\":\"ReadAction\",\"target\":[\"https:\\\/\\\/mmkriepas.lv\\\/en\\\/p\\\/205-55r16-yokohama-ice-guard-ig50-plus-91q\\\/\"]}]},{\"@type\":\"ImageObject\",\"inLanguage\":\"en-US\",\"@id\":\"https:\\\/\\\/mmkriepas.lv\\\/en\\\/p\\\/205-55r16-yokohama-ice-guard-ig50-plus-91q\\\/#primaryimage\",\"url\":\"https:\\\/\\\/mmkriepas.lv\\\/wp-content\\\/uploads\\\/2021\\\/08\\\/22555r18-yokohama-iceguard-ig50-98q-ziemas-riepas-3.jpg\",\"contentUrl\":\"https:\\\/\\\/mmkriepas.lv\\\/wp-content\\\/uploads\\\/2021\\\/08\\\/22555r18-yokohama-iceguard-ig50-98q-ziemas-riepas-3.jpg\",\"width\":1920,\"height\":1440,\"caption\":\"225\\\/55R18 Yokohama IceGuard IG50+ 98Q - Vissezonas riepas \\\/ Ziemas riepas\"},{\"@type\":\"BreadcrumbList\",\"@id\":\"https:\\\/\\\/mmkriepas.lv\\\/en\\\/p\\\/205-55r16-yokohama-ice-guard-ig50-plus-91q\\\/#breadcrumb\",\"itemListElement\":[{\"@type\":\"ListItem\",\"position\":1,\"name\":\"S\u0101kums\",\"item\":\"https:\\\/\\\/mmkriepas.lv\\\/en\\\/\"},{\"@type\":\"ListItem\",\"position\":2,\"name\":\"205\\\/55R16 Yokohama ice GUARD iG50 PLUS 91Q\"}]},{\"@type\":\"WebSite\",\"@id\":\"https:\\\/\\\/mmkriepas.lv\\\/en\\\/#website\",\"url\":\"https:\\\/\\\/mmkriepas.lv\\\/en\\\/\",\"name\":\"MMK Riepas\",\"description\":\"MMK Riepas\",\"alternateName\":\"MMK Riepu Serviss\",\"potentialAction\":[{\"@type\":\"SearchAction\",\"target\":{\"@type\":\"EntryPoint\",\"urlTemplate\":\"https:\\\/\\\/mmkriepas.lv\\\/en\\\/?s={search_term_string}\"},\"query-input\":{\"@type\":\"PropertyValueSpecification\",\"valueRequired\":true,\"valueName\":\"search_term_string\"}}],\"inLanguage\":\"en-US\"},{\"@type\":\"ImageObject\",\"inLanguage\":\"en-US\",\"@id\":\"https:\\\/\\\/mmkriepas.lv\\\/en\\\/p\\\/205-55r16-yokohama-ice-guard-ig50-plus-91q\\\/#local-main-organization-logo\",\"url\":\"\",\"contentUrl\":\"\",\"caption\":\"MMK Riepas\"}]}<\/script>\n<meta property=\"product:brand\" content=\"Yokohama iceGUARD iG50 PLUS\" \/>\n<meta property=\"product:price:amount\" content=\"83.00\" \/>\n<meta property=\"product:price:currency\" content=\"EUR\" \/>\n<meta property=\"og:availability\" content=\"out of stock\" \/>\n<meta property=\"product:availability\" content=\"out of stock\" \/>\n<meta property=\"product:retailer_item_id\" content=\"TW2055516YOKOH-9104\" \/>\n<meta property=\"product:condition\" content=\"new\" \/>\n<!-- \/ Yoast SEO Premium plugin. -->","yoast_head_json":{"title":"205\/55R16 Yokohama ice GUARD iG50 PLUS 91Q &#8226; MMK Riepas","description":"Yokohama IceGuard IG50+ - Augst\u0101k\u0101s kvalit\u0101tes Jap\u0101nas m\u012bkst\u0101 sast\u0101va ziemas riepas. Pieejamas abos MMK riepu centros par SUPER cen\u0101m!","robots":{"index":"index","follow":"follow","max-snippet":"max-snippet:-1","max-image-preview":"max-image-preview:large","max-video-preview":"max-video-preview:-1"},"canonical":"https:\/\/mmkriepas.lv\/en\/p\/205-55r16-yokohama-ice-guard-ig50-plus-91q\/","og_locale":"en_US","og_type":"article","og_title":"205\/55R16 Yokohama ice GUARD iG50 PLUS 91Q","og_description":"Yokohama IceGuard IG50+ - Augst\u0101k\u0101s kvalit\u0101tes Jap\u0101nas m\u012bkst\u0101 sast\u0101va ziemas riepas. Pieejamas abos MMK riepu centros par SUPER cen\u0101m!","og_url":"https:\/\/mmkriepas.lv\/en\/p\/205-55r16-yokohama-ice-guard-ig50-plus-91q\/","og_site_name":"MMK Riepas","article_publisher":"https:\/\/www.facebook.com\/mmkserviss\/","article_modified_time":"2025-02-12T19:13:32+00:00","og_image":[{"width":1920,"height":1440,"url":"https:\/\/mmkriepas.lv\/wp-content\/uploads\/2021\/08\/22555r18-yokohama-iceguard-ig50-98q-ziemas-riepas-3.jpg","type":"image\/jpeg"}],"twitter_card":"summary_large_image","twitter_misc":{"Price":"&euro;83.00","Availability":"Out of stock"},"schema":{"@context":"https:\/\/schema.org","@graph":[{"@type":"WebPage","@id":"https:\/\/mmkriepas.lv\/en\/p\/205-55r16-yokohama-ice-guard-ig50-plus-91q\/","url":"https:\/\/mmkriepas.lv\/en\/p\/205-55r16-yokohama-ice-guard-ig50-plus-91q\/","name":"205\/55R16 Yokohama ice GUARD iG50 PLUS 91Q &#8226; MMK Riepas","isPartOf":{"@id":"https:\/\/mmkriepas.lv\/en\/#website"},"primaryImageOfPage":{"@id":"https:\/\/mmkriepas.lv\/en\/p\/205-55r16-yokohama-ice-guard-ig50-plus-91q\/#primaryimage"},"image":{"@id":"https:\/\/mmkriepas.lv\/en\/p\/205-55r16-yokohama-ice-guard-ig50-plus-91q\/#primaryimage"},"thumbnailUrl":"https:\/\/mmkriepas.lv\/wp-content\/uploads\/2021\/08\/22555r18-yokohama-iceguard-ig50-98q-ziemas-riepas-3.jpg","datePublished":"2022-08-21T10:00:57+00:00","dateModified":"2025-02-12T19:13:32+00:00","description":"Yokohama IceGuard IG50+ - Augst\u0101k\u0101s kvalit\u0101tes Jap\u0101nas m\u012bkst\u0101 sast\u0101va ziemas riepas. Pieejamas abos MMK riepu centros par SUPER cen\u0101m!","breadcrumb":{"@id":"https:\/\/mmkriepas.lv\/en\/p\/205-55r16-yokohama-ice-guard-ig50-plus-91q\/#breadcrumb"},"inLanguage":"en-US","potentialAction":[{"@type":"ReadAction","target":["https:\/\/mmkriepas.lv\/en\/p\/205-55r16-yokohama-ice-guard-ig50-plus-91q\/"]}]},{"@type":"ImageObject","inLanguage":"en-US","@id":"https:\/\/mmkriepas.lv\/en\/p\/205-55r16-yokohama-ice-guard-ig50-plus-91q\/#primaryimage","url":"https:\/\/mmkriepas.lv\/wp-content\/uploads\/2021\/08\/22555r18-yokohama-iceguard-ig50-98q-ziemas-riepas-3.jpg","contentUrl":"https:\/\/mmkriepas.lv\/wp-content\/uploads\/2021\/08\/22555r18-yokohama-iceguard-ig50-98q-ziemas-riepas-3.jpg","width":1920,"height":1440,"caption":"225\/55R18 Yokohama IceGuard IG50+ 98Q - Vissezonas riepas \/ Ziemas riepas"},{"@type":"BreadcrumbList","@id":"https:\/\/mmkriepas.lv\/en\/p\/205-55r16-yokohama-ice-guard-ig50-plus-91q\/#breadcrumb","itemListElement":[{"@type":"ListItem","position":1,"name":"S\u0101kums","item":"https:\/\/mmkriepas.lv\/en\/"},{"@type":"ListItem","position":2,"name":"205\/55R16 Yokohama ice GUARD iG50 PLUS 91Q"}]},{"@type":"WebSite","@id":"https:\/\/mmkriepas.lv\/en\/#website","url":"https:\/\/mmkriepas.lv\/en\/","name":"MMK Riepas","description":"MMK Riepas","alternateName":"MMK Riepu Serviss","potentialAction":[{"@type":"SearchAction","target":{"@type":"EntryPoint","urlTemplate":"https:\/\/mmkriepas.lv\/en\/?s={search_term_string}"},"query-input":{"@type":"PropertyValueSpecification","valueRequired":true,"valueName":"search_term_string"}}],"inLanguage":"en-US"},{"@type":"ImageObject","inLanguage":"en-US","@id":"https:\/\/mmkriepas.lv\/en\/p\/205-55r16-yokohama-ice-guard-ig50-plus-91q\/#local-main-organization-logo","url":"","contentUrl":"","caption":"MMK Riepas"}]},"product_brand":"Yokohama iceGUARD iG50 PLUS","product_price_amount":"83.00","product_price_currency":"EUR","og_availability":"out of stock","product_availability":"out of stock","product_retailer_item_id":"TW2055516YOKOH-9104","product_condition":"new"},"_links":{"self":[{"href":"https:\/\/mmkriepas.lv\/en\/wp-json\/wp\/v2\/product\/303079","targetHints":{"allow":["GET"]}}],"collection":[{"href":"https:\/\/mmkriepas.lv\/en\/wp-json\/wp\/v2\/product"}],"about":[{"href":"https:\/\/mmkriepas.lv\/en\/wp-json\/wp\/v2\/types\/product"}],"wp:featuredmedia":[{"embeddable":true,"href":"https:\/\/mmkriepas.lv\/en\/wp-json\/wp\/v2\/media\/192480"}],"wp:attachment":[{"href":"https:\/\/mmkriepas.lv\/en\/wp-json\/wp\/v2\/media?parent=303079"}],"wp:term":[{"taxonomy":"product_brand","embeddable":true,"href":"https:\/\/mmkriepas.lv\/en\/wp-json\/wp\/v2\/product_brand?post=303079"},{"taxonomy":"product_cat","embeddable":true,"href":"https:\/\/mmkriepas.lv\/en\/wp-json\/wp\/v2\/product_cat?post=303079"},{"taxonomy":"product_tag","embeddable":true,"href":"https:\/\/mmkriepas.lv\/en\/wp-json\/wp\/v2\/product_tag?post=303079"}],"curies":[{"name":"wp","href":"https:\/\/api.w.org\/{rel}","templated":true}]}}