{"id":298895,"date":"2022-08-16T14:21:24","date_gmt":"2022-08-16T11:21:24","guid":{"rendered":"https:\/\/mmkserviss.lv\/?post_type=product&#038;p=298895"},"modified":"2026-03-27T12:37:07","modified_gmt":"2026-03-27T10:37:07","slug":"245-65r17-goodyear-wrangler-all-terrain-adventure-111t-xl","status":"publish","type":"product","link":"https:\/\/mmkriepas.lv\/en\/p\/245-65r17-goodyear-wrangler-all-terrain-adventure-111t-xl\/","title":{"rendered":"245\/65R17 Goodyear Wrangler All-Terrain Adventure 111T XL"},"content":{"rendered":"<p class=\"western\"><strong><span style=\"font-family: Arial, sans-serif;\">Goodyear Wrangler All-Terrain Adventure<\/span><\/strong><span style=\"font-family: Arial, sans-serif;\"> ir augst\u0101k\u0101s kvalit\u0101tes jeb Premium klases All-Terrain\/Highway-Terrain riepu modelis. Tas \u012bpa\u0161i izstr\u0101d\u0101ts Amerikas rupjaj\u0101m autotras\u0113m un izce\u013cas ar izcilu sa\u0137eri un komforta l\u012bmeni uz asfalta un grants ce\u013ciem. Modelis paredz\u0113ts uzst\u0101d\u012b\u0161anai apvidus automa\u0161\u012bn\u0101m jeb SUV un pieejams pla\u0161\u0101 izm\u0113ru kl\u0101st\u0101 no R15, l\u012bdz R20.<\/span><\/p>\n<h3 class=\"western\"><strong><span style=\"font-family: Arial, sans-serif;\">Goodyear Wrangler All-Terrain Adventure galven\u0101s iez\u012bmes<\/span><\/strong><\/h3>\n<p class=\"western\"><span style=\"font-family: Arial, sans-serif;\">+ Izcila sa\u0137ere un manevr\u0113tsp\u0113ja gan uz sausa un slapja asfalta, gan ar\u012b grants ce\u013ciem un bezce\u013cos.<br \/>+ DuPont Kevlar \u012bpa\u0161as iztur\u012bbas kordu jeb brekera sl\u0101nis, kuru izmanto bru\u0146uvest\u0113m.<br \/>+ Vado\u0161\u0101s riepu giganta Goddyear tehnolo\u0123ijas.<br \/>+ Zems akvaplan\u0113\u0161anas risks.<br \/>+ Palielin\u0101ta nodilumiztur\u012bba.<br \/>+ Sal\u012bdzino\u0161i labs akustiskais un brauk\u0161anas gaitas komforts.<\/span><\/p>\n<h3 class=\"western\"><strong><span style=\"font-family: Arial, sans-serif;\">Wrangler All-Terrain Adventure apr\u012bkojums<\/span><\/strong><\/h3>\n<p class=\"western\"><strong><span style=\"font-family: Arial, sans-serif;\">Goodyear Wrangler All-Terrain Adventure\u00a0<\/span><\/strong><span style=\"font-family: Arial, sans-serif;\">Premium klases All-Terrain riepu modelis apr\u012bkots ar uzlabotu simetrisko protektora rakstu. \u0160\u0101ds dizains izv\u0113l\u0113ts, jo tam ir liels sa\u0137eres laukums uzlabotai veiktsp\u0113jai uz gr\u016bti izbraucamiem ce\u013ciem un bezce\u013cos.<\/span><\/p>\n<p class=\"western\"><span style=\"font-family: Arial, sans-serif;\">Riepas karkass pastiprin\u0101ts ar DuPont kevl\u0101ra sl\u0101ni, padarot to iztur\u012bgu ne tikai pret triecieniem, bet ar\u012b caurdur\u0161anu un pat \u0161\u0101vieniem. Kevlar materi\u0101lu visbie\u017e\u0101k izmanto bru\u0146uvestu izgatavo\u0161anai.<\/span><\/p>\n<p class=\"western\"><span style=\"font-family: Arial, sans-serif;\">\u0160\u0101vieniztur\u012bgais karkass iet\u0113rpts \u012bpa\u0161i nodilumiztur\u012bg\u0101 gumijas sakaus\u0113jum\u0101. Tam pievienotie \u0137\u012bmiskie elementi padara gumiju vienveid\u012bgu, uzlabojot nodilumiztur\u012bbu un samazinot gabalu atdal\u012b\u0161an\u0101s risku.<\/span><\/p>\n<p class=\"western\"><span style=\"font-family: Arial, sans-serif;\">\u0160\u012b riepu mode\u013ca protektors veidots \u012bpa\u0161i ASV automa\u0123istr\u0101l\u0113m. K\u0101 zin\u0101ms, to segums ir \u012bpa\u0161i rupj\u0161. <\/span><strong><span style=\"font-family: Arial, sans-serif;\">Goodyear Wrangler All-Terrain Adventure\u00a0<\/span><\/strong><span style=\"font-family: Arial, sans-serif;\">b\u016bs piem\u0113rots tiem Latvijas autobrauc\u0113jiem, kas ikdien\u0101 p\u0101rvietojas pa grants vai me\u017ea ce\u013ciem.<\/span><\/p>\n","protected":false},"excerpt":{"rendered":"<p class=\"western\"><strong><span style=\"font-family: Arial, sans-serif;\">Goodyear Wrangler All-Terrain Adventure<\/span><\/strong><span style=\"font-family: Arial, sans-serif;\"> ir augst\u0101k\u0101s kvalit\u0101tes jeb Premium klases All-Terrain\/Highway-Terrain riepu modelis. Tas \u012bpa\u0161i izstr\u0101d\u0101ts Amerikas rupjaj\u0101m autotras\u0113m un izce\u013cas ar izcilu sa\u0137eri un komforta l\u012bmeni uz asfalta un grants ce\u013ciem. Modelis paredz\u0113ts uzst\u0101d\u012b\u0161anai apvidus automa\u0161\u012bn\u0101m jeb SUV un pieejams pla\u0161\u0101 izm\u0113ru kl\u0101st\u0101 no R15, l\u012bdz R20.<\/span><\/p>\n","protected":false},"featured_media":914857,"template":"","meta":{"_acf_changed":false,"ngg_post_thumbnail":0},"product_brand":[],"product_cat":[46],"product_tag":[],"class_list":{"0":"post-298895","1":"product","2":"type-product","3":"status-publish","4":"has-post-thumbnail","6":"product_cat-vasaras-riepas","8":"first","9":"instock","10":"sale","11":"taxable","12":"shipping-taxable","13":"purchasable","14":"product-type-simple"},"acf":[],"yoast_head":"<!-- This site is optimized with the Yoast SEO Premium plugin v22.6 (Yoast SEO v27.3) - https:\/\/yoast.com\/product\/yoast-seo-premium-wordpress\/ -->\n<title>245\/65R17 Goodyear Wrangler All-Terrain Adventure 111T XL &#8226; MMK Riepas<\/title>\n<meta name=\"robots\" content=\"index, follow, max-snippet:-1, max-image-preview:large, max-video-preview:-1\" \/>\n<link rel=\"canonical\" href=\"https:\/\/mmkriepas.lv\/en\/p\/245-65r17-goodyear-wrangler-all-terrain-adventure-111t-xl\/\" \/>\n<meta property=\"og:locale\" content=\"en_US\" \/>\n<meta property=\"og:type\" content=\"article\" \/>\n<meta property=\"og:title\" content=\"245\/65R17 Goodyear Wrangler All-Terrain Adventure 111T XL\" \/>\n<meta property=\"og:description\" content=\"Goodyear Wrangler All-Terrain Adventure ir augst\u0101k\u0101s kvalit\u0101tes jeb Premium klases All-Terrain\/Highway-Terrain riepu modelis. Tas \u012bpa\u0161i izstr\u0101d\u0101ts Amerikas rupjaj\u0101m autotras\u0113m un izce\u013cas ar izcilu sa\u0137eri un komforta l\u012bmeni uz asfalta un grants ce\u013ciem. Modelis paredz\u0113ts uzst\u0101d\u012b\u0161anai apvidus automa\u0161\u012bn\u0101m jeb SUV un pieejams pla\u0161\u0101 izm\u0113ru kl\u0101st\u0101 no R15, l\u012bdz R20.\" \/>\n<meta property=\"og:url\" content=\"https:\/\/mmkriepas.lv\/en\/p\/245-65r17-goodyear-wrangler-all-terrain-adventure-111t-xl\/\" \/>\n<meta property=\"og:site_name\" content=\"MMK Riepas\" \/>\n<meta property=\"article:publisher\" content=\"https:\/\/www.facebook.com\/mmkserviss\/\" \/>\n<meta property=\"article:modified_time\" content=\"2026-03-27T10:37:07+00:00\" \/>\n<meta property=\"og:image\" content=\"https:\/\/mmkriepas.lv\/wp-content\/uploads\/2024\/06\/26565r17-goodyear-wrangler-all-terrain-adventure-112t-owl-all-terrain-riepas-vasaras-riepas-ziemas-riepas.jpg\" \/>\n\t<meta property=\"og:image:width\" content=\"900\" \/>\n\t<meta property=\"og:image:height\" content=\"720\" \/>\n\t<meta property=\"og:image:type\" content=\"image\/jpeg\" \/>\n<meta name=\"twitter:card\" content=\"summary_large_image\" \/>\n<meta name=\"twitter:label1\" content=\"Price\" \/>\n\t<meta name=\"twitter:data1\" content=\"&euro;184.00\" \/>\n\t<meta name=\"twitter:label2\" content=\"Availability\" \/>\n\t<meta name=\"twitter:data2\" content=\"In stock\" \/>\n<script type=\"application\/ld+json\" class=\"yoast-schema-graph\">{\"@context\":\"https:\\\/\\\/schema.org\",\"@graph\":[{\"@type\":\"WebPage\",\"@id\":\"https:\\\/\\\/mmkriepas.lv\\\/en\\\/p\\\/245-65r17-goodyear-wrangler-all-terrain-adventure-111t-xl\\\/\",\"url\":\"https:\\\/\\\/mmkriepas.lv\\\/en\\\/p\\\/245-65r17-goodyear-wrangler-all-terrain-adventure-111t-xl\\\/\",\"name\":\"245\\\/65R17 Goodyear Wrangler All-Terrain Adventure 111T XL &#8226; MMK Riepas\",\"isPartOf\":{\"@id\":\"https:\\\/\\\/mmkriepas.lv\\\/en\\\/#website\"},\"primaryImageOfPage\":{\"@id\":\"https:\\\/\\\/mmkriepas.lv\\\/en\\\/p\\\/245-65r17-goodyear-wrangler-all-terrain-adventure-111t-xl\\\/#primaryimage\"},\"image\":{\"@id\":\"https:\\\/\\\/mmkriepas.lv\\\/en\\\/p\\\/245-65r17-goodyear-wrangler-all-terrain-adventure-111t-xl\\\/#primaryimage\"},\"thumbnailUrl\":\"https:\\\/\\\/mmkriepas.lv\\\/wp-content\\\/uploads\\\/2024\\\/06\\\/26565r17-goodyear-wrangler-all-terrain-adventure-112t-owl-all-terrain-riepas-vasaras-riepas-ziemas-riepas.jpg\",\"datePublished\":\"2022-08-16T11:21:24+00:00\",\"dateModified\":\"2026-03-27T10:37:07+00:00\",\"breadcrumb\":{\"@id\":\"https:\\\/\\\/mmkriepas.lv\\\/en\\\/p\\\/245-65r17-goodyear-wrangler-all-terrain-adventure-111t-xl\\\/#breadcrumb\"},\"inLanguage\":\"en-US\",\"potentialAction\":[{\"@type\":\"ReadAction\",\"target\":[\"https:\\\/\\\/mmkriepas.lv\\\/en\\\/p\\\/245-65r17-goodyear-wrangler-all-terrain-adventure-111t-xl\\\/\"]}]},{\"@type\":\"ImageObject\",\"inLanguage\":\"en-US\",\"@id\":\"https:\\\/\\\/mmkriepas.lv\\\/en\\\/p\\\/245-65r17-goodyear-wrangler-all-terrain-adventure-111t-xl\\\/#primaryimage\",\"url\":\"https:\\\/\\\/mmkriepas.lv\\\/wp-content\\\/uploads\\\/2024\\\/06\\\/26565r17-goodyear-wrangler-all-terrain-adventure-112t-owl-all-terrain-riepas-vasaras-riepas-ziemas-riepas.jpg\",\"contentUrl\":\"https:\\\/\\\/mmkriepas.lv\\\/wp-content\\\/uploads\\\/2024\\\/06\\\/26565r17-goodyear-wrangler-all-terrain-adventure-112t-owl-all-terrain-riepas-vasaras-riepas-ziemas-riepas.jpg\",\"width\":900,\"height\":720,\"caption\":\"265\\\/65R17 Goodyear Wrangler All-Terrain Adventure 112T OWL - All Terrain riepas \\\/ Vasaras riepas \\\/ Vissezonas riepas \\\/ Ziemas riepas\"},{\"@type\":\"BreadcrumbList\",\"@id\":\"https:\\\/\\\/mmkriepas.lv\\\/en\\\/p\\\/245-65r17-goodyear-wrangler-all-terrain-adventure-111t-xl\\\/#breadcrumb\",\"itemListElement\":[{\"@type\":\"ListItem\",\"position\":1,\"name\":\"S\u0101kums\",\"item\":\"https:\\\/\\\/mmkriepas.lv\\\/en\\\/\"},{\"@type\":\"ListItem\",\"position\":2,\"name\":\"245\\\/65R17 Goodyear Wrangler All-Terrain Adventure 111T XL\"}]},{\"@type\":\"WebSite\",\"@id\":\"https:\\\/\\\/mmkriepas.lv\\\/en\\\/#website\",\"url\":\"https:\\\/\\\/mmkriepas.lv\\\/en\\\/\",\"name\":\"MMK Riepas\",\"description\":\"MMK Riepas\",\"alternateName\":\"MMK Riepu Serviss\",\"potentialAction\":[{\"@type\":\"SearchAction\",\"target\":{\"@type\":\"EntryPoint\",\"urlTemplate\":\"https:\\\/\\\/mmkriepas.lv\\\/en\\\/?s={search_term_string}\"},\"query-input\":{\"@type\":\"PropertyValueSpecification\",\"valueRequired\":true,\"valueName\":\"search_term_string\"}}],\"inLanguage\":\"en-US\"},{\"@type\":\"ImageObject\",\"inLanguage\":\"en-US\",\"@id\":\"https:\\\/\\\/mmkriepas.lv\\\/en\\\/p\\\/245-65r17-goodyear-wrangler-all-terrain-adventure-111t-xl\\\/#local-main-organization-logo\",\"url\":\"\",\"contentUrl\":\"\",\"caption\":\"MMK Riepas\"}]}<\/script>\n<meta property=\"product:brand\" content=\"Goodyear Wrangler All-Terrain Adventure\" \/>\n<meta property=\"product:price:amount\" content=\"184.00\" \/>\n<meta property=\"product:price:currency\" content=\"EUR\" \/>\n<meta property=\"og:availability\" content=\"instock\" \/>\n<meta property=\"product:availability\" content=\"instock\" \/>\n<meta property=\"product:retailer_item_id\" content=\"TS2456517GOODY-L8906\" \/>\n<meta property=\"product:condition\" content=\"new\" \/>\n<!-- \/ Yoast SEO Premium plugin. -->","yoast_head_json":{"title":"245\/65R17 Goodyear Wrangler All-Terrain Adventure 111T XL &#8226; MMK Riepas","robots":{"index":"index","follow":"follow","max-snippet":"max-snippet:-1","max-image-preview":"max-image-preview:large","max-video-preview":"max-video-preview:-1"},"canonical":"https:\/\/mmkriepas.lv\/en\/p\/245-65r17-goodyear-wrangler-all-terrain-adventure-111t-xl\/","og_locale":"en_US","og_type":"article","og_title":"245\/65R17 Goodyear Wrangler All-Terrain Adventure 111T XL","og_description":"Goodyear Wrangler All-Terrain Adventure ir augst\u0101k\u0101s kvalit\u0101tes jeb Premium klases All-Terrain\/Highway-Terrain riepu modelis. Tas \u012bpa\u0161i izstr\u0101d\u0101ts Amerikas rupjaj\u0101m autotras\u0113m un izce\u013cas ar izcilu sa\u0137eri un komforta l\u012bmeni uz asfalta un grants ce\u013ciem. Modelis paredz\u0113ts uzst\u0101d\u012b\u0161anai apvidus automa\u0161\u012bn\u0101m jeb SUV un pieejams pla\u0161\u0101 izm\u0113ru kl\u0101st\u0101 no R15, l\u012bdz R20.","og_url":"https:\/\/mmkriepas.lv\/en\/p\/245-65r17-goodyear-wrangler-all-terrain-adventure-111t-xl\/","og_site_name":"MMK Riepas","article_publisher":"https:\/\/www.facebook.com\/mmkserviss\/","article_modified_time":"2026-03-27T10:37:07+00:00","og_image":[{"width":900,"height":720,"url":"https:\/\/mmkriepas.lv\/wp-content\/uploads\/2024\/06\/26565r17-goodyear-wrangler-all-terrain-adventure-112t-owl-all-terrain-riepas-vasaras-riepas-ziemas-riepas.jpg","type":"image\/jpeg"}],"twitter_card":"summary_large_image","twitter_misc":{"Price":"&euro;184.00","Availability":"In stock"},"schema":{"@context":"https:\/\/schema.org","@graph":[{"@type":"WebPage","@id":"https:\/\/mmkriepas.lv\/en\/p\/245-65r17-goodyear-wrangler-all-terrain-adventure-111t-xl\/","url":"https:\/\/mmkriepas.lv\/en\/p\/245-65r17-goodyear-wrangler-all-terrain-adventure-111t-xl\/","name":"245\/65R17 Goodyear Wrangler All-Terrain Adventure 111T XL &#8226; MMK Riepas","isPartOf":{"@id":"https:\/\/mmkriepas.lv\/en\/#website"},"primaryImageOfPage":{"@id":"https:\/\/mmkriepas.lv\/en\/p\/245-65r17-goodyear-wrangler-all-terrain-adventure-111t-xl\/#primaryimage"},"image":{"@id":"https:\/\/mmkriepas.lv\/en\/p\/245-65r17-goodyear-wrangler-all-terrain-adventure-111t-xl\/#primaryimage"},"thumbnailUrl":"https:\/\/mmkriepas.lv\/wp-content\/uploads\/2024\/06\/26565r17-goodyear-wrangler-all-terrain-adventure-112t-owl-all-terrain-riepas-vasaras-riepas-ziemas-riepas.jpg","datePublished":"2022-08-16T11:21:24+00:00","dateModified":"2026-03-27T10:37:07+00:00","breadcrumb":{"@id":"https:\/\/mmkriepas.lv\/en\/p\/245-65r17-goodyear-wrangler-all-terrain-adventure-111t-xl\/#breadcrumb"},"inLanguage":"en-US","potentialAction":[{"@type":"ReadAction","target":["https:\/\/mmkriepas.lv\/en\/p\/245-65r17-goodyear-wrangler-all-terrain-adventure-111t-xl\/"]}]},{"@type":"ImageObject","inLanguage":"en-US","@id":"https:\/\/mmkriepas.lv\/en\/p\/245-65r17-goodyear-wrangler-all-terrain-adventure-111t-xl\/#primaryimage","url":"https:\/\/mmkriepas.lv\/wp-content\/uploads\/2024\/06\/26565r17-goodyear-wrangler-all-terrain-adventure-112t-owl-all-terrain-riepas-vasaras-riepas-ziemas-riepas.jpg","contentUrl":"https:\/\/mmkriepas.lv\/wp-content\/uploads\/2024\/06\/26565r17-goodyear-wrangler-all-terrain-adventure-112t-owl-all-terrain-riepas-vasaras-riepas-ziemas-riepas.jpg","width":900,"height":720,"caption":"265\/65R17 Goodyear Wrangler All-Terrain Adventure 112T OWL - All Terrain riepas \/ Vasaras riepas \/ Vissezonas riepas \/ Ziemas riepas"},{"@type":"BreadcrumbList","@id":"https:\/\/mmkriepas.lv\/en\/p\/245-65r17-goodyear-wrangler-all-terrain-adventure-111t-xl\/#breadcrumb","itemListElement":[{"@type":"ListItem","position":1,"name":"S\u0101kums","item":"https:\/\/mmkriepas.lv\/en\/"},{"@type":"ListItem","position":2,"name":"245\/65R17 Goodyear Wrangler All-Terrain Adventure 111T XL"}]},{"@type":"WebSite","@id":"https:\/\/mmkriepas.lv\/en\/#website","url":"https:\/\/mmkriepas.lv\/en\/","name":"MMK Riepas","description":"MMK Riepas","alternateName":"MMK Riepu Serviss","potentialAction":[{"@type":"SearchAction","target":{"@type":"EntryPoint","urlTemplate":"https:\/\/mmkriepas.lv\/en\/?s={search_term_string}"},"query-input":{"@type":"PropertyValueSpecification","valueRequired":true,"valueName":"search_term_string"}}],"inLanguage":"en-US"},{"@type":"ImageObject","inLanguage":"en-US","@id":"https:\/\/mmkriepas.lv\/en\/p\/245-65r17-goodyear-wrangler-all-terrain-adventure-111t-xl\/#local-main-organization-logo","url":"","contentUrl":"","caption":"MMK Riepas"}]},"product_brand":"Goodyear Wrangler All-Terrain Adventure","product_price_amount":"184.00","product_price_currency":"EUR","og_availability":"instock","product_availability":"instock","product_retailer_item_id":"TS2456517GOODY-L8906","product_condition":"new"},"_links":{"self":[{"href":"https:\/\/mmkriepas.lv\/en\/wp-json\/wp\/v2\/product\/298895","targetHints":{"allow":["GET"]}}],"collection":[{"href":"https:\/\/mmkriepas.lv\/en\/wp-json\/wp\/v2\/product"}],"about":[{"href":"https:\/\/mmkriepas.lv\/en\/wp-json\/wp\/v2\/types\/product"}],"wp:featuredmedia":[{"embeddable":true,"href":"https:\/\/mmkriepas.lv\/en\/wp-json\/wp\/v2\/media\/914857"}],"wp:attachment":[{"href":"https:\/\/mmkriepas.lv\/en\/wp-json\/wp\/v2\/media?parent=298895"}],"wp:term":[{"taxonomy":"product_brand","embeddable":true,"href":"https:\/\/mmkriepas.lv\/en\/wp-json\/wp\/v2\/product_brand?post=298895"},{"taxonomy":"product_cat","embeddable":true,"href":"https:\/\/mmkriepas.lv\/en\/wp-json\/wp\/v2\/product_cat?post=298895"},{"taxonomy":"product_tag","embeddable":true,"href":"https:\/\/mmkriepas.lv\/en\/wp-json\/wp\/v2\/product_tag?post=298895"}],"curies":[{"name":"wp","href":"https:\/\/api.w.org\/{rel}","templated":true}]}}