{"id":298373,"date":"2022-08-16T13:56:02","date_gmt":"2022-08-16T10:56:02","guid":{"rendered":"https:\/\/mmkserviss.lv\/?post_type=product&#038;p=298373"},"modified":"2026-03-27T12:36:01","modified_gmt":"2026-03-27T10:36:01","slug":"215-60r17c-michelin-agilis-x-ice-north-109-107t-ar-radzem","status":"publish","type":"product","link":"https:\/\/mmkriepas.lv\/en\/p\/215-60r17c-michelin-agilis-x-ice-north-109-107t-ar-radzem\/","title":{"rendered":"215\/60R17C Michelin Agilis X-Ice North 109\/107T ar radz\u0113m"},"content":{"rendered":"<p style=\"margin: 12.0pt 0cm 12.0pt 0cm;\"><b><span style=\"font-size: 11.0pt; font-family: 'Arial',sans-serif; color: black;\">Michelin Agilis X-Ice North<\/span><\/b><span style=\"white-space: pre-wrap;\"><span style=\"font-size: 11.0pt; font-family: 'Arial',sans-serif; color: black;\"> ir augst\u0101k\u0101s kvalit\u0101tes jeb Premium klases komerctransporta ziemas riepu modelis ar radz\u0113m. Tas izce\u013cas ar izciliem nodilumiztur\u012bbas un ekonomijas, k\u0101 ar\u012b sa\u0137eres un manevr\u0113tsp\u0113jas r\u0101d\u012bt\u0101jiem pat skarb\u0101kajos ziemas brauk\u0161anas apst\u0101k\u013cos.\u00a0<\/span><\/span><o:p><\/o:p><\/p>\n<h3 style=\"margin: 14.0pt 0cm 4.0pt 0cm;\"><span style=\"white-space: pre-wrap;\"><span style=\"font-size: 13.0pt; font-family: 'Arial',sans-serif; color: black;\">Agilis X-Ice North galven\u0101s iez\u012bmes<\/span><\/span><o:p><\/o:p><\/h3>\n<p style=\"margin: 12.0pt 0cm 12.0pt 0cm;\"><span style=\"white-space: pre-wrap;\"><span style=\"font-size: 11.0pt; font-family: 'Arial',sans-serif; color: black;\">+ Izcila sa\u0137ere un manevr\u0113tsp\u0113ja pat skarb\u0101kajos ziemas brauk\u0161anas apst\u0101k\u013cos.<\/span><\/span><o:p><\/o:p><\/p>\n<p style=\"margin: 12.0pt 0cm 12.0pt 0cm;\"><span style=\"white-space: pre-wrap;\"><span style=\"font-size: 11.0pt; font-family: 'Arial',sans-serif; color: black;\">+ Augst\u0101k\u0101 nodilumiztur\u012bba sav\u0101 klas\u0113.<\/span><\/span><o:p><\/o:p><\/p>\n<p style=\"margin: 12.0pt 0cm 12.0pt 0cm;\"><span style=\"white-space: pre-wrap;\"><span style=\"font-size: 11.0pt; font-family: 'Arial',sans-serif; color: black;\">+ Zems degvielas pat\u0113ri\u0146\u0161.<\/span><\/span><o:p><\/o:p><\/p>\n<p style=\"margin: 12.0pt 0cm 12.0pt 0cm;\"><span style=\"white-space: pre-wrap;\"><span style=\"font-size: 11.0pt; font-family: 'Arial',sans-serif; color: black;\">+ Pastiprin\u0101ts riepas karkass at\u013cauj uzlabot kravnes\u012bbu.<\/span><\/span><o:p><\/o:p><\/p>\n<p style=\"margin: 12.0pt 0cm 12.0pt 0cm;\"><span style=\"white-space: pre-wrap;\"><span style=\"font-size: 11.0pt; font-family: 'Arial',sans-serif; color: black;\">+ Palielin\u0101ts iztur\u012bgu t\u0113rauda rad\u017eu skaits \u013cauj veidot cie\u0161u sa\u0137eri ar apledoju\u0161\u0101m ce\u013ca virsm\u0101m.<\/span><\/span><o:p><\/o:p><\/p>\n<p style=\"margin: 12.0pt 0cm 12.0pt 0cm;\"><span style=\"white-space: pre-wrap;\"><span style=\"font-size: 11.0pt; font-family: 'Arial',sans-serif; color: black;\">+ Vado\u0161\u0101s riepu giganta Michelin tehnolo\u0123ijas.<\/span><\/span><o:p><\/o:p><\/p>\n<h3 style=\"margin: 14.0pt 0cm 4.0pt 0cm;\"><span style=\"white-space: pre-wrap;\"><span style=\"font-size: 13.0pt; font-family: 'Arial',sans-serif; color: black;\">Agilis X-Ice North\u00a0<\/span><\/span><o:p><\/o:p><\/h3>\n<p style=\"margin: 12.0pt 0cm 12.0pt 0cm;\"><span style=\"white-space: pre-wrap;\"><b><span style=\"font-size: 11.0pt; font-family: 'Arial',sans-serif; color: black;\">Michelin Agilis X-Ice North <\/span><\/b><\/span><span style=\"white-space: pre-wrap;\"><span style=\"font-size: 11.0pt; font-family: 'Arial',sans-serif; color: black;\">rad\u017eu riepu modelis apr\u012bkots ar uzlabotu klasiski simetrisko protektora rakstu. \u0160\u0101ds dizains izv\u0113l\u0113ts, lai vienlaikus uzlabotu riepu kravnes\u012bbu, nodilumiztur\u012bbu, k\u0101 ar\u012b sa\u0137eres \u012bpa\u0161\u012bbas. Protektors veidots p\u0113c Durable Contact Patch tehnolo\u0123ijas. Tas at\u013c\u0101vis palielin\u0101t riepu kontakta virsmu ar ce\u013cu, uzlabojot sa\u0137eres un nodilumiztur\u012bbas r\u0101d\u012bt\u0101jus.<\/span><\/span><o:p><\/o:p><\/p>\n<p style=\"margin: 12.0pt 0cm 12.0pt 0cm;\"><span style=\"white-space: pre-wrap;\"><span style=\"font-size: 11.0pt; font-family: 'Arial',sans-serif; color: black;\">Riepu pamat\u0101 atrodams ar vair\u0101kiem kordu jeb brekera sl\u0101\u0146iem pastiprin\u0101ts karkass. Tas at\u013cauj smagas kravas p\u0101rvad\u0101t pat intens\u012bvas ekspluat\u0101cijas laik\u0101. Turkl\u0101t, tam piem\u012bt ar\u012b augsta iztur\u012bba pret triecieniem, ar kuriem ziem\u0101 nereti gad\u0101s saskarties net\u012br\u012btu ce\u013cu d\u0113\u013c.<\/span><\/span><o:p><\/o:p><\/p>\n<p style=\"margin: 12.0pt 0cm 12.0pt 0cm;\"><span style=\"white-space: pre-wrap;\"><span style=\"font-size: 11.0pt; font-family: 'Arial',sans-serif; color: black;\">Iztur\u012bgais karkass iet\u0113rpts augstv\u0113rt\u012bg\u0101 gumijas sakaus\u0113jum\u0101. Tam pievienotie elastrom\u0113ri vienlaikus uzlabo sa\u0137eres \u012bpa\u0161\u012bbas gan uz sausa, gan slapja asfalta, k\u0101 ar\u012b paildzina riepu kalpo\u0161anas m\u016b\u017eu.<\/span><\/span><o:p><\/o:p><\/p>\n<p style=\"margin: 12.0pt 0cm 12.0pt 0cm;\"><span style=\"white-space: pre-wrap;\"><span style=\"font-size: 11.0pt; font-family: 'Arial',sans-serif; color: black;\">Mas\u012bvajos, simetriski izvietotajos protektora blokos bl\u012bvi izvietotas StabiliGrip tehnolo\u0123ijas lameles. T\u0101s, tand\u0113m\u0101 ar t\u0113rauda radz\u0113m iec\u0113rtas led\u016b un sabliet\u0113t\u0101 snieg\u0101, ar slidenaj\u0101m virsm\u0101m veidojot dzel\u017eainu sa\u0137eri.\u00a0<\/span><\/span><o:p><\/o:p><\/p>\n","protected":false},"excerpt":{"rendered":"<p style=\"margin: 12.0pt 0cm 12.0pt 0cm;\"><b><span style=\"font-size: 11.0pt; font-family: 'Arial',sans-serif; color: black;\">Michelin Agilis X-Ice North<\/span><\/b><span style=\"white-space: pre-wrap;\"><span style=\"font-size: 11.0pt; font-family: 'Arial',sans-serif; color: black;\"> ir augst\u0101k\u0101s kvalit\u0101tes jeb Premium klases komerctransporta ziemas riepu modelis ar radz\u0113m. Tas izce\u013cas ar izciliem nodilumiztur\u012bbas un ekonomijas, k\u0101 ar\u012b sa\u0137eres un manevr\u0113tsp\u0113jas r\u0101d\u012bt\u0101jiem pat skarb\u0101kajos ziemas brauk\u0161anas apst\u0101k\u013cos.\u00a0<\/span><\/span><o:p><\/o:p><\/p><\/p>\n","protected":false},"featured_media":839974,"template":"","meta":{"_acf_changed":false,"ngg_post_thumbnail":0},"product_brand":[],"product_cat":[45,48],"product_tag":[],"class_list":{"0":"post-298373","1":"product","2":"type-product","3":"status-publish","4":"has-post-thumbnail","6":"product_cat-ziemas-riepas","7":"product_cat-ziemas-ar-radzem","9":"first","10":"instock","11":"sale","12":"taxable","13":"shipping-taxable","14":"purchasable","15":"product-type-simple"},"acf":[],"yoast_head":"<!-- This site is optimized with the Yoast SEO Premium plugin v22.6 (Yoast SEO v27.3) - https:\/\/yoast.com\/product\/yoast-seo-premium-wordpress\/ -->\n<title>215\/60R17C Michelin Agilis X-Ice North 109\/107T ar radz\u0113m &#8226; MMK Riepas<\/title>\n<meta name=\"robots\" content=\"index, follow, max-snippet:-1, max-image-preview:large, max-video-preview:-1\" \/>\n<link rel=\"canonical\" href=\"https:\/\/mmkriepas.lv\/en\/p\/215-60r17c-michelin-agilis-x-ice-north-109-107t-ar-radzem\/\" \/>\n<meta property=\"og:locale\" content=\"en_US\" \/>\n<meta property=\"og:type\" content=\"article\" \/>\n<meta property=\"og:title\" content=\"215\/60R17C Michelin Agilis X-Ice North 109\/107T ar radz\u0113m\" \/>\n<meta property=\"og:description\" content=\"Michelin Agilis X-Ice North ir augst\u0101k\u0101s kvalit\u0101tes jeb Premium klases komerctransporta ziemas riepu modelis ar radz\u0113m. Tas izce\u013cas ar izciliem nodilumiztur\u012bbas un ekonomijas, k\u0101 ar\u012b sa\u0137eres un manevr\u0113tsp\u0113jas r\u0101d\u012bt\u0101jiem pat skarb\u0101kajos ziemas brauk\u0161anas apst\u0101k\u013cos.\u00a0\" \/>\n<meta property=\"og:url\" content=\"https:\/\/mmkriepas.lv\/en\/p\/215-60r17c-michelin-agilis-x-ice-north-109-107t-ar-radzem\/\" \/>\n<meta property=\"og:site_name\" content=\"MMK Riepas\" \/>\n<meta property=\"article:publisher\" content=\"https:\/\/www.facebook.com\/mmkserviss\/\" \/>\n<meta property=\"article:modified_time\" content=\"2026-03-27T10:36:01+00:00\" \/>\n<meta property=\"og:image\" content=\"https:\/\/mmkriepas.lv\/wp-content\/uploads\/2023\/12\/19570r15c-michelin-agilis-x-ice-north-104102r-ar-radzem-ziemas-riepas-ziemas-ar-radzem-riepas.jpg\" \/>\n\t<meta property=\"og:image:width\" content=\"1920\" \/>\n\t<meta property=\"og:image:height\" content=\"1920\" \/>\n\t<meta property=\"og:image:type\" content=\"image\/jpeg\" \/>\n<meta name=\"twitter:card\" content=\"summary_large_image\" \/>\n<meta name=\"twitter:label1\" content=\"Price\" \/>\n\t<meta name=\"twitter:data1\" content=\"&euro;201.00\" \/>\n\t<meta name=\"twitter:label2\" content=\"Availability\" \/>\n\t<meta name=\"twitter:data2\" content=\"In stock\" \/>\n<script type=\"application\/ld+json\" class=\"yoast-schema-graph\">{\"@context\":\"https:\\\/\\\/schema.org\",\"@graph\":[{\"@type\":\"WebPage\",\"@id\":\"https:\\\/\\\/mmkriepas.lv\\\/en\\\/p\\\/215-60r17c-michelin-agilis-x-ice-north-109-107t-ar-radzem\\\/\",\"url\":\"https:\\\/\\\/mmkriepas.lv\\\/en\\\/p\\\/215-60r17c-michelin-agilis-x-ice-north-109-107t-ar-radzem\\\/\",\"name\":\"215\\\/60R17C Michelin Agilis X-Ice North 109\\\/107T ar radz\u0113m &#8226; MMK Riepas\",\"isPartOf\":{\"@id\":\"https:\\\/\\\/mmkriepas.lv\\\/en\\\/#website\"},\"primaryImageOfPage\":{\"@id\":\"https:\\\/\\\/mmkriepas.lv\\\/en\\\/p\\\/215-60r17c-michelin-agilis-x-ice-north-109-107t-ar-radzem\\\/#primaryimage\"},\"image\":{\"@id\":\"https:\\\/\\\/mmkriepas.lv\\\/en\\\/p\\\/215-60r17c-michelin-agilis-x-ice-north-109-107t-ar-radzem\\\/#primaryimage\"},\"thumbnailUrl\":\"https:\\\/\\\/mmkriepas.lv\\\/wp-content\\\/uploads\\\/2023\\\/12\\\/19570r15c-michelin-agilis-x-ice-north-104102r-ar-radzem-ziemas-riepas-ziemas-ar-radzem-riepas.jpg\",\"datePublished\":\"2022-08-16T10:56:02+00:00\",\"dateModified\":\"2026-03-27T10:36:01+00:00\",\"breadcrumb\":{\"@id\":\"https:\\\/\\\/mmkriepas.lv\\\/en\\\/p\\\/215-60r17c-michelin-agilis-x-ice-north-109-107t-ar-radzem\\\/#breadcrumb\"},\"inLanguage\":\"en-US\",\"potentialAction\":[{\"@type\":\"ReadAction\",\"target\":[\"https:\\\/\\\/mmkriepas.lv\\\/en\\\/p\\\/215-60r17c-michelin-agilis-x-ice-north-109-107t-ar-radzem\\\/\"]}]},{\"@type\":\"ImageObject\",\"inLanguage\":\"en-US\",\"@id\":\"https:\\\/\\\/mmkriepas.lv\\\/en\\\/p\\\/215-60r17c-michelin-agilis-x-ice-north-109-107t-ar-radzem\\\/#primaryimage\",\"url\":\"https:\\\/\\\/mmkriepas.lv\\\/wp-content\\\/uploads\\\/2023\\\/12\\\/19570r15c-michelin-agilis-x-ice-north-104102r-ar-radzem-ziemas-riepas-ziemas-ar-radzem-riepas.jpg\",\"contentUrl\":\"https:\\\/\\\/mmkriepas.lv\\\/wp-content\\\/uploads\\\/2023\\\/12\\\/19570r15c-michelin-agilis-x-ice-north-104102r-ar-radzem-ziemas-riepas-ziemas-ar-radzem-riepas.jpg\",\"width\":1920,\"height\":1920,\"caption\":\"195\\\/70R15C Michelin Agilis X-Ice North 104\\\/102R ar radz\u0113m - Ziemas riepas \\\/ Ziemas ar radz\u0113m riepas\"},{\"@type\":\"BreadcrumbList\",\"@id\":\"https:\\\/\\\/mmkriepas.lv\\\/en\\\/p\\\/215-60r17c-michelin-agilis-x-ice-north-109-107t-ar-radzem\\\/#breadcrumb\",\"itemListElement\":[{\"@type\":\"ListItem\",\"position\":1,\"name\":\"S\u0101kums\",\"item\":\"https:\\\/\\\/mmkriepas.lv\\\/en\\\/\"},{\"@type\":\"ListItem\",\"position\":2,\"name\":\"215\\\/60R17C Michelin Agilis X-Ice North 109\\\/107T ar radz\u0113m\"}]},{\"@type\":\"WebSite\",\"@id\":\"https:\\\/\\\/mmkriepas.lv\\\/en\\\/#website\",\"url\":\"https:\\\/\\\/mmkriepas.lv\\\/en\\\/\",\"name\":\"MMK Riepas\",\"description\":\"MMK Riepas\",\"alternateName\":\"MMK Riepu Serviss\",\"potentialAction\":[{\"@type\":\"SearchAction\",\"target\":{\"@type\":\"EntryPoint\",\"urlTemplate\":\"https:\\\/\\\/mmkriepas.lv\\\/en\\\/?s={search_term_string}\"},\"query-input\":{\"@type\":\"PropertyValueSpecification\",\"valueRequired\":true,\"valueName\":\"search_term_string\"}}],\"inLanguage\":\"en-US\"},{\"@type\":\"ImageObject\",\"inLanguage\":\"en-US\",\"@id\":\"https:\\\/\\\/mmkriepas.lv\\\/en\\\/p\\\/215-60r17c-michelin-agilis-x-ice-north-109-107t-ar-radzem\\\/#local-main-organization-logo\",\"url\":\"\",\"contentUrl\":\"\",\"caption\":\"MMK Riepas\"}]}<\/script>\n<meta property=\"product:brand\" content=\"Michelin Agilis X-Ice North\" \/>\n<meta property=\"product:price:amount\" content=\"201.00\" \/>\n<meta property=\"product:price:currency\" content=\"EUR\" \/>\n<meta property=\"og:availability\" content=\"instock\" \/>\n<meta property=\"product:availability\" content=\"instock\" \/>\n<meta property=\"product:retailer_item_id\" content=\"TR2156017MICHE-L8717\" \/>\n<meta property=\"product:condition\" content=\"new\" \/>\n<!-- \/ Yoast SEO Premium plugin. -->","yoast_head_json":{"title":"215\/60R17C Michelin Agilis X-Ice North 109\/107T ar radz\u0113m &#8226; MMK Riepas","robots":{"index":"index","follow":"follow","max-snippet":"max-snippet:-1","max-image-preview":"max-image-preview:large","max-video-preview":"max-video-preview:-1"},"canonical":"https:\/\/mmkriepas.lv\/en\/p\/215-60r17c-michelin-agilis-x-ice-north-109-107t-ar-radzem\/","og_locale":"en_US","og_type":"article","og_title":"215\/60R17C Michelin Agilis X-Ice North 109\/107T ar radz\u0113m","og_description":"Michelin Agilis X-Ice North ir augst\u0101k\u0101s kvalit\u0101tes jeb Premium klases komerctransporta ziemas riepu modelis ar radz\u0113m. Tas izce\u013cas ar izciliem nodilumiztur\u012bbas un ekonomijas, k\u0101 ar\u012b sa\u0137eres un manevr\u0113tsp\u0113jas r\u0101d\u012bt\u0101jiem pat skarb\u0101kajos ziemas brauk\u0161anas apst\u0101k\u013cos.\u00a0","og_url":"https:\/\/mmkriepas.lv\/en\/p\/215-60r17c-michelin-agilis-x-ice-north-109-107t-ar-radzem\/","og_site_name":"MMK Riepas","article_publisher":"https:\/\/www.facebook.com\/mmkserviss\/","article_modified_time":"2026-03-27T10:36:01+00:00","og_image":[{"width":1920,"height":1920,"url":"https:\/\/mmkriepas.lv\/wp-content\/uploads\/2023\/12\/19570r15c-michelin-agilis-x-ice-north-104102r-ar-radzem-ziemas-riepas-ziemas-ar-radzem-riepas.jpg","type":"image\/jpeg"}],"twitter_card":"summary_large_image","twitter_misc":{"Price":"&euro;201.00","Availability":"In stock"},"schema":{"@context":"https:\/\/schema.org","@graph":[{"@type":"WebPage","@id":"https:\/\/mmkriepas.lv\/en\/p\/215-60r17c-michelin-agilis-x-ice-north-109-107t-ar-radzem\/","url":"https:\/\/mmkriepas.lv\/en\/p\/215-60r17c-michelin-agilis-x-ice-north-109-107t-ar-radzem\/","name":"215\/60R17C Michelin Agilis X-Ice North 109\/107T ar radz\u0113m &#8226; MMK Riepas","isPartOf":{"@id":"https:\/\/mmkriepas.lv\/en\/#website"},"primaryImageOfPage":{"@id":"https:\/\/mmkriepas.lv\/en\/p\/215-60r17c-michelin-agilis-x-ice-north-109-107t-ar-radzem\/#primaryimage"},"image":{"@id":"https:\/\/mmkriepas.lv\/en\/p\/215-60r17c-michelin-agilis-x-ice-north-109-107t-ar-radzem\/#primaryimage"},"thumbnailUrl":"https:\/\/mmkriepas.lv\/wp-content\/uploads\/2023\/12\/19570r15c-michelin-agilis-x-ice-north-104102r-ar-radzem-ziemas-riepas-ziemas-ar-radzem-riepas.jpg","datePublished":"2022-08-16T10:56:02+00:00","dateModified":"2026-03-27T10:36:01+00:00","breadcrumb":{"@id":"https:\/\/mmkriepas.lv\/en\/p\/215-60r17c-michelin-agilis-x-ice-north-109-107t-ar-radzem\/#breadcrumb"},"inLanguage":"en-US","potentialAction":[{"@type":"ReadAction","target":["https:\/\/mmkriepas.lv\/en\/p\/215-60r17c-michelin-agilis-x-ice-north-109-107t-ar-radzem\/"]}]},{"@type":"ImageObject","inLanguage":"en-US","@id":"https:\/\/mmkriepas.lv\/en\/p\/215-60r17c-michelin-agilis-x-ice-north-109-107t-ar-radzem\/#primaryimage","url":"https:\/\/mmkriepas.lv\/wp-content\/uploads\/2023\/12\/19570r15c-michelin-agilis-x-ice-north-104102r-ar-radzem-ziemas-riepas-ziemas-ar-radzem-riepas.jpg","contentUrl":"https:\/\/mmkriepas.lv\/wp-content\/uploads\/2023\/12\/19570r15c-michelin-agilis-x-ice-north-104102r-ar-radzem-ziemas-riepas-ziemas-ar-radzem-riepas.jpg","width":1920,"height":1920,"caption":"195\/70R15C Michelin Agilis X-Ice North 104\/102R ar radz\u0113m - Ziemas riepas \/ Ziemas ar radz\u0113m riepas"},{"@type":"BreadcrumbList","@id":"https:\/\/mmkriepas.lv\/en\/p\/215-60r17c-michelin-agilis-x-ice-north-109-107t-ar-radzem\/#breadcrumb","itemListElement":[{"@type":"ListItem","position":1,"name":"S\u0101kums","item":"https:\/\/mmkriepas.lv\/en\/"},{"@type":"ListItem","position":2,"name":"215\/60R17C Michelin Agilis X-Ice North 109\/107T ar radz\u0113m"}]},{"@type":"WebSite","@id":"https:\/\/mmkriepas.lv\/en\/#website","url":"https:\/\/mmkriepas.lv\/en\/","name":"MMK Riepas","description":"MMK Riepas","alternateName":"MMK Riepu Serviss","potentialAction":[{"@type":"SearchAction","target":{"@type":"EntryPoint","urlTemplate":"https:\/\/mmkriepas.lv\/en\/?s={search_term_string}"},"query-input":{"@type":"PropertyValueSpecification","valueRequired":true,"valueName":"search_term_string"}}],"inLanguage":"en-US"},{"@type":"ImageObject","inLanguage":"en-US","@id":"https:\/\/mmkriepas.lv\/en\/p\/215-60r17c-michelin-agilis-x-ice-north-109-107t-ar-radzem\/#local-main-organization-logo","url":"","contentUrl":"","caption":"MMK Riepas"}]},"product_brand":"Michelin Agilis X-Ice North","product_price_amount":"201.00","product_price_currency":"EUR","og_availability":"instock","product_availability":"instock","product_retailer_item_id":"TR2156017MICHE-L8717","product_condition":"new"},"_links":{"self":[{"href":"https:\/\/mmkriepas.lv\/en\/wp-json\/wp\/v2\/product\/298373","targetHints":{"allow":["GET"]}}],"collection":[{"href":"https:\/\/mmkriepas.lv\/en\/wp-json\/wp\/v2\/product"}],"about":[{"href":"https:\/\/mmkriepas.lv\/en\/wp-json\/wp\/v2\/types\/product"}],"wp:featuredmedia":[{"embeddable":true,"href":"https:\/\/mmkriepas.lv\/en\/wp-json\/wp\/v2\/media\/839974"}],"wp:attachment":[{"href":"https:\/\/mmkriepas.lv\/en\/wp-json\/wp\/v2\/media?parent=298373"}],"wp:term":[{"taxonomy":"product_brand","embeddable":true,"href":"https:\/\/mmkriepas.lv\/en\/wp-json\/wp\/v2\/product_brand?post=298373"},{"taxonomy":"product_cat","embeddable":true,"href":"https:\/\/mmkriepas.lv\/en\/wp-json\/wp\/v2\/product_cat?post=298373"},{"taxonomy":"product_tag","embeddable":true,"href":"https:\/\/mmkriepas.lv\/en\/wp-json\/wp\/v2\/product_tag?post=298373"}],"curies":[{"name":"wp","href":"https:\/\/api.w.org\/{rel}","templated":true}]}}