{"id":298027,"date":"2022-08-16T13:39:32","date_gmt":"2022-08-16T10:39:32","guid":{"rendered":"https:\/\/mmkserviss.lv\/?post_type=product&#038;p=298027"},"modified":"2024-11-15T12:28:04","modified_gmt":"2024-11-15T10:28:04","slug":"285-45r20-goodyear-ultragrip-8-performance-112v-xl-ao","status":"publish","type":"product","link":"https:\/\/mmkriepas.lv\/en\/p\/285-45r20-goodyear-ultragrip-8-performance-112v-xl-ao\/","title":{"rendered":"285\/45R20 Goodyear UltraGrip 8 Performance 112V XL AO FP"},"content":{"rendered":"<p align=\"left\"><span style=\"color: #000000;\"><span style=\"font-family: Arial, sans-serif;\"><span style=\"font-size: small;\"><span><b>Goodyear UltraGrip 8 Performance<\/b> ir augst\u0101k\u0101s kvalit\u0101tes jeb Premium klases ziemas riepu modelis. Tas izce\u013cas ar izciliem sa\u0137eres un manevr\u0113tsp\u0113jas r\u0101d\u012bt\u0101jiem gan uz sausa un slapja asfalta, gan snieg\u0101, k\u0101 ar\u012b ar izteiktu komforta l\u012bmeni ziemas m\u0113ne\u0161os. Modelis izstr\u0101d\u0101ts luksus klases vieglaj\u0101m automa\u0161\u012bn\u0101m un SUV, un pieejams izm\u0113ru kl\u0101st\u0101 no R15, l\u012bdz pat R20.\u00a0<\/span><\/span><\/span><\/span><\/p>\n<p><span style=\"font-family: Arial, sans-serif;\"><span style=\"font-size: medium;\"><span style=\"color: #c9211e;\"><span style=\"font-family: Arial, serif;\"><span>M<\/span><\/span><\/span><span style=\"color: #c9211e;\"><span style=\"font-family: Arial, serif;\"><span>ode\u013ca lieto\u0161anas dro\u0161\u012bbu ziemas laika apst\u0101k\u013cos un t\u0101 atbilst\u012bbu valst\u012bm ar oblig\u0101tu sezon\u0101lo riepu mai\u0146u apstiprina mar\u0137\u0113jums sniegp\u0101rslas form\u0101 uz kalna fona ar trim virsotn\u0113m (3PMSF).<\/span><\/span><\/span><\/span><\/span><\/p>\n<h3 class=\"western\" align=\"left\"><span style=\"font-family: Arial, sans-serif;\"><span>Goodyear UltraGrip 8 Performance galven\u0101s iez\u012bmes<\/span><\/span><\/h3>\n<p align=\"left\"><span style=\"font-family: Arial, sans-serif;\"><span>+ Izili sa\u0137eres un manevr\u0113tsp\u0113jas r\u0101d\u012bt\u0101ji gan uz sausa un slapja asfalta, gan ar\u012b snieg\u0101.<\/span><\/span><\/p>\n<p align=\"left\"><span style=\"font-family: Arial, sans-serif;\"><span>+ Zems akvaplan\u0113\u0161anas risks.<\/span><\/span><\/p>\n<p align=\"left\"><span style=\"font-family: Arial, sans-serif;\"><span>+ Jaun\u0101k\u0101s Goodyear tehnolo\u0123ijas.<\/span><\/span><\/p>\n<p align=\"left\"><span style=\"font-family: Arial, sans-serif;\"><span>+ Zems degvielas pat\u0113ri\u0146\u0161.<\/span><\/span><\/p>\n<p align=\"left\"><span style=\"font-family: Arial, sans-serif;\"><span>+ Izteikts akustiskais un brauk\u0161anas gaitas komforts.<\/span><\/span><\/p>\n<p align=\"left\"><span style=\"font-family: Arial, sans-serif;\"><span>+ Augsta nodilumiztur\u012bba.<\/span><\/span><\/p>\n<h3 class=\"western\" align=\"left\"><span style=\"font-family: Arial, sans-serif;\"><span>UltraGrip 8 Performance apr\u012bkojums<\/span><\/span><\/h3>\n<p align=\"left\"><span style=\"font-family: Arial, sans-serif;\"><span>Goodyear UltraGrip 8 Performance ziemas riepu modelis apr\u012bkots ar uzlabotu simetrisko protektora rakstu. \u0160\u0101ds dizains izv\u0113l\u0113ts, jo tam piem\u012bt izcilas sa\u0137eres un manevr\u0113tsp\u0113jas \u012bpa\u0161\u012bbas skarbos ziemas brauk\u0161anas apst\u0101k\u013cos.<\/span><\/span><\/p>\n<p align=\"left\"><span style=\"font-family: Arial, sans-serif;\"><span>Mas\u012bvie, 3-BIS V-veid\u0101 izvietotie protektora bloki bru\u0146oti ar Goodyear tehnolo\u0123ijas lamel\u0113m. T\u0101s, darbojoties l\u012bdz\u012bgi radz\u0113m, ar as\u0101m kant\u0113m iec\u0113rtas led\u016b un sabliet\u0113t\u0101 snieg\u0101, uzlabojot sa\u0137eri uz \u0161\u012bm slidenaj\u0101m virsm\u0101m. Turkl\u0101t, \u0161\u012bs lameles savstarp\u0113ji blo\u0137\u0113jas, palielinot sa\u0137eres laukumu un uzlabojot pretizsl\u012bdes \u012bpa\u0161\u012bbas.<\/span><\/span><\/p>\n<p align=\"left\"><span style=\"font-family: Arial, sans-serif;\"><span>Protektors un t\u0101 pamatne izgatavoti no uzlabota gumijas sakaus\u0113juma. Gumijai pievienotie elastrom\u0113ri \u013cauj riepai saglab\u0101t elast\u012bbu ar\u012b zem\u0101s gaisa temperat\u016br\u0101s. K\u0101 zin\u0101ms, elast\u012bga riepa daudz lab\u0101k veido sa\u0137eri ar ce\u013cu, k\u0101 ar\u012b dilst vienm\u0113r\u012bg\u0101k.\u00a0<\/span><\/span><\/p>\n<p align=\"left\"><span style=\"font-family: Arial, sans-serif;\"><span>Lai nezaud\u0113tu veiktsp\u0113ju un neveidotos nodilums, kad temperat\u016bra ir virs 7*C, protektor\u0101 iestr\u0101d\u0101ts Cool Cushion tehnolo\u0123ijas sl\u0101nis. Tas labi izvada siltumu, b\u016btiski uzlabojot nodilumiztur\u012bbu.<\/span><\/span><\/p>\n","protected":false},"excerpt":{"rendered":"<p align=\"left\"><span style=\"color: #000000;\"><span style=\"font-family: Arial, sans-serif;\"><span style=\"font-size: small;\"><span><b>Goodyear UltraGrip 8 Performance<\/b> ir augst\u0101k\u0101s kvalit\u0101tes jeb Premium klases ziemas riepu modelis. Tas izce\u013cas ar izciliem sa\u0137eres un manevr\u0113tsp\u0113jas r\u0101d\u012bt\u0101jiem gan uz sausa un slapja asfalta, gan snieg\u0101, k\u0101 ar\u012b ar izteiktu komforta l\u012bmeni ziemas m\u0113ne\u0161os. Modelis izstr\u0101d\u0101ts luksus klases vieglaj\u0101m automa\u0161\u012bn\u0101m un SUV, un pieejams izm\u0113ru kl\u0101st\u0101 no R15, l\u012bdz pat R20.\u00a0<\/span><\/span><\/span><\/span><\/p>\n<p><span style=\"font-family: Arial, sans-serif;\"><span style=\"font-size: medium;\"><span style=\"color: #c9211e;\"><span style=\"font-family: Arial, serif;\"><span>M<\/span><\/span><\/span><span style=\"color: #c9211e;\"><span style=\"font-family: Arial, serif;\"><span>ode\u013ca lieto\u0161anas dro\u0161\u012bbu ziemas laika apst\u0101k\u013cos un t\u0101 atbilst\u012bbu valst\u012bm ar oblig\u0101tu sezon\u0101lo riepu mai\u0146u apstiprina mar\u0137\u0113jums sniegp\u0101rslas form\u0101 uz kalna fona ar trim virsotn\u0113m (3PMSF).<\/span><\/span><\/span><\/span><\/span><\/p>\n","protected":false},"featured_media":823359,"template":"","meta":{"_acf_changed":false,"ngg_post_thumbnail":0},"product_brand":[],"product_cat":[47,45],"product_tag":[],"class_list":{"0":"post-298027","1":"product","2":"type-product","3":"status-publish","4":"has-post-thumbnail","6":"product_cat-vissezonas-riepas","7":"product_cat-ziemas-riepas","9":"first","10":"instock","11":"taxable","12":"shipping-taxable","13":"product-type-simple"},"acf":[],"yoast_head":"<!-- This site is optimized with the Yoast SEO Premium plugin v22.6 (Yoast SEO v27.3) - https:\/\/yoast.com\/product\/yoast-seo-premium-wordpress\/ -->\n<title>285\/45R20 Goodyear UltraGrip 8 Performance 112V XL AO FP &#8226; MMK Riepas<\/title>\n<meta name=\"robots\" content=\"index, follow, max-snippet:-1, max-image-preview:large, max-video-preview:-1\" \/>\n<link rel=\"canonical\" href=\"https:\/\/mmkriepas.lv\/en\/p\/285-45r20-goodyear-ultragrip-8-performance-112v-xl-ao\/\" \/>\n<meta property=\"og:locale\" content=\"en_US\" \/>\n<meta property=\"og:type\" content=\"article\" \/>\n<meta property=\"og:title\" content=\"285\/45R20 Goodyear UltraGrip 8 Performance 112V XL AO FP\" \/>\n<meta property=\"og:description\" content=\"Goodyear UltraGrip 8 Performance ir augst\u0101k\u0101s kvalit\u0101tes jeb Premium klases ziemas riepu modelis. Tas izce\u013cas ar izciliem sa\u0137eres un manevr\u0113tsp\u0113jas r\u0101d\u012bt\u0101jiem gan uz sausa un slapja asfalta, gan snieg\u0101, k\u0101 ar\u012b ar izteiktu komforta l\u012bmeni ziemas m\u0113ne\u0161os. Modelis izstr\u0101d\u0101ts luksus klases vieglaj\u0101m automa\u0161\u012bn\u0101m un SUV, un pieejams izm\u0113ru kl\u0101st\u0101 no R15, l\u012bdz pat R20.\u00a0Mode\u013ca lieto\u0161anas dro\u0161\u012bbu ziemas laika apst\u0101k\u013cos un t\u0101 atbilst\u012bbu valst\u012bm ar oblig\u0101tu sezon\u0101lo riepu mai\u0146u apstiprina mar\u0137\u0113jums sniegp\u0101rslas form\u0101 uz kalna fona ar trim virsotn\u0113m (3PMSF).\" \/>\n<meta property=\"og:url\" content=\"https:\/\/mmkriepas.lv\/en\/p\/285-45r20-goodyear-ultragrip-8-performance-112v-xl-ao\/\" \/>\n<meta property=\"og:site_name\" content=\"MMK Riepas\" \/>\n<meta property=\"article:publisher\" content=\"https:\/\/www.facebook.com\/mmkserviss\/\" \/>\n<meta property=\"article:modified_time\" content=\"2024-11-15T10:28:04+00:00\" \/>\n<meta property=\"og:image\" content=\"https:\/\/mmkriepas.lv\/wp-content\/uploads\/2023\/11\/21550r17-goodyear-ultragrip-8-performance-95v-ziemas-riepas.jpg\" \/>\n\t<meta property=\"og:image:width\" content=\"1920\" \/>\n\t<meta property=\"og:image:height\" content=\"1920\" \/>\n\t<meta property=\"og:image:type\" content=\"image\/jpeg\" \/>\n<meta name=\"twitter:card\" content=\"summary_large_image\" \/>\n<meta name=\"twitter:label1\" content=\"Price\" \/>\n\t<meta name=\"twitter:data1\" content=\"&euro;311.00\" \/>\n\t<meta name=\"twitter:label2\" content=\"Availability\" \/>\n\t<meta name=\"twitter:data2\" content=\"In stock\" \/>\n<script type=\"application\/ld+json\" class=\"yoast-schema-graph\">{\"@context\":\"https:\\\/\\\/schema.org\",\"@graph\":[{\"@type\":\"WebPage\",\"@id\":\"https:\\\/\\\/mmkriepas.lv\\\/en\\\/p\\\/285-45r20-goodyear-ultragrip-8-performance-112v-xl-ao\\\/\",\"url\":\"https:\\\/\\\/mmkriepas.lv\\\/en\\\/p\\\/285-45r20-goodyear-ultragrip-8-performance-112v-xl-ao\\\/\",\"name\":\"285\\\/45R20 Goodyear UltraGrip 8 Performance 112V XL AO FP &#8226; MMK Riepas\",\"isPartOf\":{\"@id\":\"https:\\\/\\\/mmkriepas.lv\\\/en\\\/#website\"},\"primaryImageOfPage\":{\"@id\":\"https:\\\/\\\/mmkriepas.lv\\\/en\\\/p\\\/285-45r20-goodyear-ultragrip-8-performance-112v-xl-ao\\\/#primaryimage\"},\"image\":{\"@id\":\"https:\\\/\\\/mmkriepas.lv\\\/en\\\/p\\\/285-45r20-goodyear-ultragrip-8-performance-112v-xl-ao\\\/#primaryimage\"},\"thumbnailUrl\":\"https:\\\/\\\/mmkriepas.lv\\\/wp-content\\\/uploads\\\/2023\\\/11\\\/21550r17-goodyear-ultragrip-8-performance-95v-ziemas-riepas.jpg\",\"datePublished\":\"2022-08-16T10:39:32+00:00\",\"dateModified\":\"2024-11-15T10:28:04+00:00\",\"breadcrumb\":{\"@id\":\"https:\\\/\\\/mmkriepas.lv\\\/en\\\/p\\\/285-45r20-goodyear-ultragrip-8-performance-112v-xl-ao\\\/#breadcrumb\"},\"inLanguage\":\"en-US\",\"potentialAction\":[{\"@type\":\"ReadAction\",\"target\":[\"https:\\\/\\\/mmkriepas.lv\\\/en\\\/p\\\/285-45r20-goodyear-ultragrip-8-performance-112v-xl-ao\\\/\"]}]},{\"@type\":\"ImageObject\",\"inLanguage\":\"en-US\",\"@id\":\"https:\\\/\\\/mmkriepas.lv\\\/en\\\/p\\\/285-45r20-goodyear-ultragrip-8-performance-112v-xl-ao\\\/#primaryimage\",\"url\":\"https:\\\/\\\/mmkriepas.lv\\\/wp-content\\\/uploads\\\/2023\\\/11\\\/21550r17-goodyear-ultragrip-8-performance-95v-ziemas-riepas.jpg\",\"contentUrl\":\"https:\\\/\\\/mmkriepas.lv\\\/wp-content\\\/uploads\\\/2023\\\/11\\\/21550r17-goodyear-ultragrip-8-performance-95v-ziemas-riepas.jpg\",\"width\":1920,\"height\":1920,\"caption\":\"215\\\/50R17 Goodyear UltraGrip 8 Performance 95V - Vissezonas riepas \\\/ Ziemas riepas\"},{\"@type\":\"BreadcrumbList\",\"@id\":\"https:\\\/\\\/mmkriepas.lv\\\/en\\\/p\\\/285-45r20-goodyear-ultragrip-8-performance-112v-xl-ao\\\/#breadcrumb\",\"itemListElement\":[{\"@type\":\"ListItem\",\"position\":1,\"name\":\"S\u0101kums\",\"item\":\"https:\\\/\\\/mmkriepas.lv\\\/en\\\/\"},{\"@type\":\"ListItem\",\"position\":2,\"name\":\"285\\\/45R20 Goodyear UltraGrip 8 Performance 112V XL AO FP\"}]},{\"@type\":\"WebSite\",\"@id\":\"https:\\\/\\\/mmkriepas.lv\\\/en\\\/#website\",\"url\":\"https:\\\/\\\/mmkriepas.lv\\\/en\\\/\",\"name\":\"MMK Riepas\",\"description\":\"MMK Riepas\",\"alternateName\":\"MMK Riepu Serviss\",\"potentialAction\":[{\"@type\":\"SearchAction\",\"target\":{\"@type\":\"EntryPoint\",\"urlTemplate\":\"https:\\\/\\\/mmkriepas.lv\\\/en\\\/?s={search_term_string}\"},\"query-input\":{\"@type\":\"PropertyValueSpecification\",\"valueRequired\":true,\"valueName\":\"search_term_string\"}}],\"inLanguage\":\"en-US\"},{\"@type\":\"ImageObject\",\"inLanguage\":\"en-US\",\"@id\":\"https:\\\/\\\/mmkriepas.lv\\\/en\\\/p\\\/285-45r20-goodyear-ultragrip-8-performance-112v-xl-ao\\\/#local-main-organization-logo\",\"url\":\"\",\"contentUrl\":\"\",\"caption\":\"MMK Riepas\"}]}<\/script>\n<meta property=\"product:brand\" content=\"Goodyear UltraGrip 8 Performance\" \/>\n<meta property=\"product:price:amount\" content=\"311.00\" \/>\n<meta property=\"product:price:currency\" content=\"EUR\" \/>\n<meta property=\"og:availability\" content=\"instock\" \/>\n<meta property=\"product:availability\" content=\"instock\" \/>\n<meta property=\"product:retailer_item_id\" content=\"TW2854520GOODY-L8606\" \/>\n<meta property=\"product:condition\" content=\"new\" \/>\n<!-- \/ Yoast SEO Premium plugin. -->","yoast_head_json":{"title":"285\/45R20 Goodyear UltraGrip 8 Performance 112V XL AO FP &#8226; MMK Riepas","robots":{"index":"index","follow":"follow","max-snippet":"max-snippet:-1","max-image-preview":"max-image-preview:large","max-video-preview":"max-video-preview:-1"},"canonical":"https:\/\/mmkriepas.lv\/en\/p\/285-45r20-goodyear-ultragrip-8-performance-112v-xl-ao\/","og_locale":"en_US","og_type":"article","og_title":"285\/45R20 Goodyear UltraGrip 8 Performance 112V XL AO FP","og_description":"Goodyear UltraGrip 8 Performance ir augst\u0101k\u0101s kvalit\u0101tes jeb Premium klases ziemas riepu modelis. Tas izce\u013cas ar izciliem sa\u0137eres un manevr\u0113tsp\u0113jas r\u0101d\u012bt\u0101jiem gan uz sausa un slapja asfalta, gan snieg\u0101, k\u0101 ar\u012b ar izteiktu komforta l\u012bmeni ziemas m\u0113ne\u0161os. Modelis izstr\u0101d\u0101ts luksus klases vieglaj\u0101m automa\u0161\u012bn\u0101m un SUV, un pieejams izm\u0113ru kl\u0101st\u0101 no R15, l\u012bdz pat R20.\u00a0Mode\u013ca lieto\u0161anas dro\u0161\u012bbu ziemas laika apst\u0101k\u013cos un t\u0101 atbilst\u012bbu valst\u012bm ar oblig\u0101tu sezon\u0101lo riepu mai\u0146u apstiprina mar\u0137\u0113jums sniegp\u0101rslas form\u0101 uz kalna fona ar trim virsotn\u0113m (3PMSF).","og_url":"https:\/\/mmkriepas.lv\/en\/p\/285-45r20-goodyear-ultragrip-8-performance-112v-xl-ao\/","og_site_name":"MMK Riepas","article_publisher":"https:\/\/www.facebook.com\/mmkserviss\/","article_modified_time":"2024-11-15T10:28:04+00:00","og_image":[{"width":1920,"height":1920,"url":"https:\/\/mmkriepas.lv\/wp-content\/uploads\/2023\/11\/21550r17-goodyear-ultragrip-8-performance-95v-ziemas-riepas.jpg","type":"image\/jpeg"}],"twitter_card":"summary_large_image","twitter_misc":{"Price":"&euro;311.00","Availability":"In stock"},"schema":{"@context":"https:\/\/schema.org","@graph":[{"@type":"WebPage","@id":"https:\/\/mmkriepas.lv\/en\/p\/285-45r20-goodyear-ultragrip-8-performance-112v-xl-ao\/","url":"https:\/\/mmkriepas.lv\/en\/p\/285-45r20-goodyear-ultragrip-8-performance-112v-xl-ao\/","name":"285\/45R20 Goodyear UltraGrip 8 Performance 112V XL AO FP &#8226; MMK Riepas","isPartOf":{"@id":"https:\/\/mmkriepas.lv\/en\/#website"},"primaryImageOfPage":{"@id":"https:\/\/mmkriepas.lv\/en\/p\/285-45r20-goodyear-ultragrip-8-performance-112v-xl-ao\/#primaryimage"},"image":{"@id":"https:\/\/mmkriepas.lv\/en\/p\/285-45r20-goodyear-ultragrip-8-performance-112v-xl-ao\/#primaryimage"},"thumbnailUrl":"https:\/\/mmkriepas.lv\/wp-content\/uploads\/2023\/11\/21550r17-goodyear-ultragrip-8-performance-95v-ziemas-riepas.jpg","datePublished":"2022-08-16T10:39:32+00:00","dateModified":"2024-11-15T10:28:04+00:00","breadcrumb":{"@id":"https:\/\/mmkriepas.lv\/en\/p\/285-45r20-goodyear-ultragrip-8-performance-112v-xl-ao\/#breadcrumb"},"inLanguage":"en-US","potentialAction":[{"@type":"ReadAction","target":["https:\/\/mmkriepas.lv\/en\/p\/285-45r20-goodyear-ultragrip-8-performance-112v-xl-ao\/"]}]},{"@type":"ImageObject","inLanguage":"en-US","@id":"https:\/\/mmkriepas.lv\/en\/p\/285-45r20-goodyear-ultragrip-8-performance-112v-xl-ao\/#primaryimage","url":"https:\/\/mmkriepas.lv\/wp-content\/uploads\/2023\/11\/21550r17-goodyear-ultragrip-8-performance-95v-ziemas-riepas.jpg","contentUrl":"https:\/\/mmkriepas.lv\/wp-content\/uploads\/2023\/11\/21550r17-goodyear-ultragrip-8-performance-95v-ziemas-riepas.jpg","width":1920,"height":1920,"caption":"215\/50R17 Goodyear UltraGrip 8 Performance 95V - Vissezonas riepas \/ Ziemas riepas"},{"@type":"BreadcrumbList","@id":"https:\/\/mmkriepas.lv\/en\/p\/285-45r20-goodyear-ultragrip-8-performance-112v-xl-ao\/#breadcrumb","itemListElement":[{"@type":"ListItem","position":1,"name":"S\u0101kums","item":"https:\/\/mmkriepas.lv\/en\/"},{"@type":"ListItem","position":2,"name":"285\/45R20 Goodyear UltraGrip 8 Performance 112V XL AO FP"}]},{"@type":"WebSite","@id":"https:\/\/mmkriepas.lv\/en\/#website","url":"https:\/\/mmkriepas.lv\/en\/","name":"MMK Riepas","description":"MMK Riepas","alternateName":"MMK Riepu Serviss","potentialAction":[{"@type":"SearchAction","target":{"@type":"EntryPoint","urlTemplate":"https:\/\/mmkriepas.lv\/en\/?s={search_term_string}"},"query-input":{"@type":"PropertyValueSpecification","valueRequired":true,"valueName":"search_term_string"}}],"inLanguage":"en-US"},{"@type":"ImageObject","inLanguage":"en-US","@id":"https:\/\/mmkriepas.lv\/en\/p\/285-45r20-goodyear-ultragrip-8-performance-112v-xl-ao\/#local-main-organization-logo","url":"","contentUrl":"","caption":"MMK Riepas"}]},"product_brand":"Goodyear UltraGrip 8 Performance","product_price_amount":"311.00","product_price_currency":"EUR","og_availability":"instock","product_availability":"instock","product_retailer_item_id":"TW2854520GOODY-L8606","product_condition":"new"},"_links":{"self":[{"href":"https:\/\/mmkriepas.lv\/en\/wp-json\/wp\/v2\/product\/298027","targetHints":{"allow":["GET"]}}],"collection":[{"href":"https:\/\/mmkriepas.lv\/en\/wp-json\/wp\/v2\/product"}],"about":[{"href":"https:\/\/mmkriepas.lv\/en\/wp-json\/wp\/v2\/types\/product"}],"wp:featuredmedia":[{"embeddable":true,"href":"https:\/\/mmkriepas.lv\/en\/wp-json\/wp\/v2\/media\/823359"}],"wp:attachment":[{"href":"https:\/\/mmkriepas.lv\/en\/wp-json\/wp\/v2\/media?parent=298027"}],"wp:term":[{"taxonomy":"product_brand","embeddable":true,"href":"https:\/\/mmkriepas.lv\/en\/wp-json\/wp\/v2\/product_brand?post=298027"},{"taxonomy":"product_cat","embeddable":true,"href":"https:\/\/mmkriepas.lv\/en\/wp-json\/wp\/v2\/product_cat?post=298027"},{"taxonomy":"product_tag","embeddable":true,"href":"https:\/\/mmkriepas.lv\/en\/wp-json\/wp\/v2\/product_tag?post=298027"}],"curies":[{"name":"wp","href":"https:\/\/api.w.org\/{rel}","templated":true}]}}