{"id":297218,"date":"2022-08-16T12:59:42","date_gmt":"2022-08-16T09:59:42","guid":{"rendered":"https:\/\/mmkserviss.lv\/?post_type=product&#038;p=297218"},"modified":"2026-03-27T12:33:20","modified_gmt":"2026-03-27T10:33:20","slug":"245-70r16-goodyear-ultragrip-ice-arctic-suv-111t-xl-ar-radzem","status":"publish","type":"product","link":"https:\/\/mmkriepas.lv\/en\/p\/245-70r16-goodyear-ultragrip-ice-arctic-suv-111t-xl-ar-radzem\/","title":{"rendered":"245\/70R16 Goodyear UltraGrip Ice Arctic SUV 111T XL ar radz\u0113m"},"content":{"rendered":"<p><b><span style=\"font-family: 'Arial',sans-serif;\">Goodyear UltraGrip Ice Arctic <\/span><\/b><span style=\"font-family: 'Arial',sans-serif;\">ir viens no r\u016bd\u012bt\u0101kajiem <a href=\"https:\/\/mmkriepas.lv\/riepas\/ziemas-ar-radzem\/\">rad\u017eu riepu<\/a> mode\u013ciem pasaul\u0113. Bru\u0146otas ar vienu no agres\u012bv\u0101kajiem protektora dizainiem v\u0113stur\u0113, k\u0101 ar\u012b virzienveida radz\u0113m lieliskai sa\u0137erei uz ledus un snieg\u0101. \u0160is riepu modelis izstr\u0101d\u0101ts speci\u0101li skarbaj\u0101m Zieme\u013camerikas, Zieme\u013ceiropas un Krievijas ziem\u0101m.<o:p><\/o:p><\/span><\/p>\n<h3><span style=\"font-family: 'Arial',sans-serif;\">Goodyear UltraGrip Ice Arctic galven\u0101s iez\u012bmes:<o:p><\/o:p><\/span><\/h3>\n<p><span style=\"font-family: 'Arial',sans-serif;\">+ Neticami laba sa\u0137ere uz ledus un snieg\u0101, <o:p><\/o:p><\/span><\/p>\n<p><span style=\"font-family: 'Arial',sans-serif;\">+ Viens no agres\u012bv\u0101kajiem protektora dizainiem riepu v\u0113stur\u0113,\u00a0 <o:p><\/o:p><\/span><\/p>\n<p><span style=\"font-family: 'Arial',sans-serif;\">+ Multicontrol Ice tehnolo\u0123ijas virzienveida radzes, <o:p><\/o:p><\/span><\/p>\n<p><span style=\"font-family: 'Arial',sans-serif;\">+ Divsl\u0101\u0146u protektors, kas uzlabo nodilumiztur\u012bbu un pal\u012bdz radzes notur\u0113t t\u0101m paredz\u0113taj\u0101s viet\u0101s, <o:p><\/o:p><\/span><\/p>\n<p><span style=\"font-family: 'Arial',sans-serif;\">+ Uzlabota dren\u0101\u017eas kan\u0101lu sist\u0113ma, <o:p><\/o:p><\/span><\/p>\n<p><span style=\"font-family: 'Arial',sans-serif;\">+ Milz\u012bgs daudzums dzi\u013cu lame\u013cu, <o:p><\/o:p><\/span><\/p>\n<p><span style=\"font-family: 'Arial',sans-serif;\">+ Palielin\u0101ts riepas saskares laukums ar ce\u013cu, <o:p><\/o:p><\/span><\/p>\n<p><span style=\"font-family: 'Arial',sans-serif;\">+ Augsts brauk\u0161anas komforta l\u012bmenis.<o:p><\/o:p><\/span><\/p>\n<h3><span style=\"font-family: 'Arial',sans-serif;\">UltraGrip Ice Arctic apr\u012bkojums<o:p><\/o:p><\/span><\/h3>\n<p><b><span style=\"font-family: 'Arial',sans-serif;\">Goodyear UltraGrip Ice Arctic <\/span><\/b><span style=\"font-family: 'Arial',sans-serif;\">ziemas riepas apr\u012bkotas ar virzienveida protektora rakstu. T\u0101 mas\u012bvajos blokos iestr\u0101d\u0101ti vair\u0101ki t\u016bksto\u0161i da\u017e\u0101du formu 3D lame\u013cu. T\u0101s, saskarsm\u0113 ar ce\u013cu atveras, veidojot papildus sa\u0137eres kantes un, tand\u0113m\u0101 ar radz\u0113m, sa\u012bsina bremz\u0113\u0161anas ce\u013cu, k\u0101 ar\u012b uzlabo manevr\u0113tsp\u0113ju uz ledus. Radzes veidotas p\u0113c Multicontrol Ice tehnolo\u0123ijas. To virziens sakr\u012bt ar protektora virzienu, b\u016btiski sa\u012bsinot bremz\u0113\u0161anas ce\u013cu, k\u0101 ar\u012b atvieglojot gaitas uzs\u0101k\u0161anu. Radz\u0113m izveidota ar\u012b jauna uzb\u016bve, \u013caujot t\u0101m kalpot krietni ilg\u0101k. Agres\u012bvais protektors darin\u0101ts no augstv\u0113rt\u012bga kompoz\u012btmateri\u0101la, kas ne tikai lieliski saglab\u0101 elast\u012bbu zem\u0101s gaisa temperat\u016br\u0101s, bet ar\u012b sl\u0101p\u0113 ska\u0146u. Gumijas sakaus\u0113jums veidots maksim\u0101li nodilumiztur\u012bgs.<\/span><\/p>\n","protected":false},"excerpt":{"rendered":"<p><b><span style=\"font-family: 'Arial',sans-serif;\">Goodyear UltraGrip Ice Arctic <\/span><\/b><span style=\"font-family: 'Arial',sans-serif;\">ir viens no r\u016bd\u012bt\u0101kajiem <a href=\"https:\/\/mmkriepas.lv\/riepas\/ziemas-ar-radzem\/\">rad\u017eu riepu<\/a> mode\u013ciem pasaul\u0113. Bru\u0146otas ar vienu no agres\u012bv\u0101kajiem protektora dizainiem v\u0113stur\u0113, k\u0101 ar\u012b virzienveida radz\u0113m lieliskai sa\u0137erei uz ledus un snieg\u0101. \u0160is riepu modelis izstr\u0101d\u0101ts speci\u0101li skarbaj\u0101m Zieme\u013camerikas, Zieme\u013ceiropas un Krievijas ziem\u0101m.<\/span><\/p>\n","protected":false},"featured_media":191721,"template":"","meta":{"_acf_changed":false,"ngg_post_thumbnail":0},"product_brand":[],"product_cat":[45,48],"product_tag":[],"class_list":{"0":"post-297218","1":"product","2":"type-product","3":"status-publish","4":"has-post-thumbnail","6":"product_cat-ziemas-riepas","7":"product_cat-ziemas-ar-radzem","9":"first","10":"instock","11":"sale","12":"taxable","13":"shipping-taxable","14":"purchasable","15":"product-type-simple"},"acf":[],"yoast_head":"<!-- This site is optimized with the Yoast SEO Premium plugin v22.6 (Yoast SEO v27.3) - https:\/\/yoast.com\/product\/yoast-seo-premium-wordpress\/ -->\n<title>245\/70R16 Goodyear UltraGrip Ice Arctic SUV 111T XL ar radz\u0113m &#8226; MMK Riepas<\/title>\n<meta name=\"description\" content=\"Goodyear UltraGrip Ice Arctic - viens no lab\u0101kajiem rad\u017eu riepu mode\u013ciem pasaul\u0113. Pieejams MMK tie\u0161i blakus R\u012bga Plaza un MMK 800m no Ikea.\" \/>\n<meta name=\"robots\" content=\"index, follow, max-snippet:-1, max-image-preview:large, max-video-preview:-1\" \/>\n<link rel=\"canonical\" href=\"https:\/\/mmkriepas.lv\/en\/p\/245-70r16-goodyear-ultragrip-ice-arctic-suv-111t-xl-ar-radzem\/\" \/>\n<meta property=\"og:locale\" content=\"en_US\" \/>\n<meta property=\"og:type\" content=\"article\" \/>\n<meta property=\"og:title\" content=\"245\/70R16 Goodyear UltraGrip Ice Arctic SUV 111T XL ar radz\u0113m\" \/>\n<meta property=\"og:description\" content=\"Goodyear UltraGrip Ice Arctic - viens no lab\u0101kajiem rad\u017eu riepu mode\u013ciem pasaul\u0113. Pieejams MMK tie\u0161i blakus R\u012bga Plaza un MMK 800m no Ikea.\" \/>\n<meta property=\"og:url\" content=\"https:\/\/mmkriepas.lv\/en\/p\/245-70r16-goodyear-ultragrip-ice-arctic-suv-111t-xl-ar-radzem\/\" \/>\n<meta property=\"og:site_name\" content=\"MMK Riepas\" \/>\n<meta property=\"article:publisher\" content=\"https:\/\/www.facebook.com\/mmkserviss\/\" \/>\n<meta property=\"article:modified_time\" content=\"2026-03-27T10:33:20+00:00\" \/>\n<meta property=\"og:image\" content=\"https:\/\/mmkriepas.lv\/wp-content\/uploads\/2021\/08\/26550r20-goodyear-ultra-grip-ice-arctic-suv-110t-xl-ar-radzc493m-ziemas-riepas-ziemas-ar-radzem-riepas-3.jpg\" \/>\n\t<meta property=\"og:image:width\" content=\"1920\" \/>\n\t<meta property=\"og:image:height\" content=\"1278\" \/>\n\t<meta property=\"og:image:type\" content=\"image\/jpeg\" \/>\n<meta name=\"twitter:card\" content=\"summary_large_image\" \/>\n<meta name=\"twitter:label1\" content=\"Price\" \/>\n\t<meta name=\"twitter:data1\" content=\"&euro;208.00\" \/>\n\t<meta name=\"twitter:label2\" content=\"Availability\" \/>\n\t<meta name=\"twitter:data2\" content=\"In stock\" \/>\n<script type=\"application\/ld+json\" class=\"yoast-schema-graph\">{\"@context\":\"https:\\\/\\\/schema.org\",\"@graph\":[{\"@type\":\"WebPage\",\"@id\":\"https:\\\/\\\/mmkriepas.lv\\\/en\\\/p\\\/245-70r16-goodyear-ultragrip-ice-arctic-suv-111t-xl-ar-radzem\\\/\",\"url\":\"https:\\\/\\\/mmkriepas.lv\\\/en\\\/p\\\/245-70r16-goodyear-ultragrip-ice-arctic-suv-111t-xl-ar-radzem\\\/\",\"name\":\"245\\\/70R16 Goodyear UltraGrip Ice Arctic SUV 111T XL ar radz\u0113m &#8226; MMK Riepas\",\"isPartOf\":{\"@id\":\"https:\\\/\\\/mmkriepas.lv\\\/en\\\/#website\"},\"primaryImageOfPage\":{\"@id\":\"https:\\\/\\\/mmkriepas.lv\\\/en\\\/p\\\/245-70r16-goodyear-ultragrip-ice-arctic-suv-111t-xl-ar-radzem\\\/#primaryimage\"},\"image\":{\"@id\":\"https:\\\/\\\/mmkriepas.lv\\\/en\\\/p\\\/245-70r16-goodyear-ultragrip-ice-arctic-suv-111t-xl-ar-radzem\\\/#primaryimage\"},\"thumbnailUrl\":\"https:\\\/\\\/mmkriepas.lv\\\/wp-content\\\/uploads\\\/2021\\\/08\\\/26550r20-goodyear-ultra-grip-ice-arctic-suv-110t-xl-ar-radzc493m-ziemas-riepas-ziemas-ar-radzem-riepas-3.jpg\",\"datePublished\":\"2022-08-16T09:59:42+00:00\",\"dateModified\":\"2026-03-27T10:33:20+00:00\",\"description\":\"Goodyear UltraGrip Ice Arctic - viens no lab\u0101kajiem rad\u017eu riepu mode\u013ciem pasaul\u0113. Pieejams MMK tie\u0161i blakus R\u012bga Plaza un MMK 800m no Ikea.\",\"breadcrumb\":{\"@id\":\"https:\\\/\\\/mmkriepas.lv\\\/en\\\/p\\\/245-70r16-goodyear-ultragrip-ice-arctic-suv-111t-xl-ar-radzem\\\/#breadcrumb\"},\"inLanguage\":\"en-US\",\"potentialAction\":[{\"@type\":\"ReadAction\",\"target\":[\"https:\\\/\\\/mmkriepas.lv\\\/en\\\/p\\\/245-70r16-goodyear-ultragrip-ice-arctic-suv-111t-xl-ar-radzem\\\/\"]}]},{\"@type\":\"ImageObject\",\"inLanguage\":\"en-US\",\"@id\":\"https:\\\/\\\/mmkriepas.lv\\\/en\\\/p\\\/245-70r16-goodyear-ultragrip-ice-arctic-suv-111t-xl-ar-radzem\\\/#primaryimage\",\"url\":\"https:\\\/\\\/mmkriepas.lv\\\/wp-content\\\/uploads\\\/2021\\\/08\\\/26550r20-goodyear-ultra-grip-ice-arctic-suv-110t-xl-ar-radzc493m-ziemas-riepas-ziemas-ar-radzem-riepas-3.jpg\",\"contentUrl\":\"https:\\\/\\\/mmkriepas.lv\\\/wp-content\\\/uploads\\\/2021\\\/08\\\/26550r20-goodyear-ultra-grip-ice-arctic-suv-110t-xl-ar-radzc493m-ziemas-riepas-ziemas-ar-radzem-riepas-3.jpg\",\"width\":1920,\"height\":1278,\"caption\":\"265\\\/50R20 Goodyear Ultra Grip Ice Arctic SUV 110T XL ar radz\u0113m - Ziemas riepas \\\/ Ziemas ar radz\u0113m riepas\"},{\"@type\":\"BreadcrumbList\",\"@id\":\"https:\\\/\\\/mmkriepas.lv\\\/en\\\/p\\\/245-70r16-goodyear-ultragrip-ice-arctic-suv-111t-xl-ar-radzem\\\/#breadcrumb\",\"itemListElement\":[{\"@type\":\"ListItem\",\"position\":1,\"name\":\"S\u0101kums\",\"item\":\"https:\\\/\\\/mmkriepas.lv\\\/en\\\/\"},{\"@type\":\"ListItem\",\"position\":2,\"name\":\"245\\\/70R16 Goodyear UltraGrip Ice Arctic SUV 111T XL ar radz\u0113m\"}]},{\"@type\":\"WebSite\",\"@id\":\"https:\\\/\\\/mmkriepas.lv\\\/en\\\/#website\",\"url\":\"https:\\\/\\\/mmkriepas.lv\\\/en\\\/\",\"name\":\"MMK Riepas\",\"description\":\"MMK Riepas\",\"alternateName\":\"MMK Riepu Serviss\",\"potentialAction\":[{\"@type\":\"SearchAction\",\"target\":{\"@type\":\"EntryPoint\",\"urlTemplate\":\"https:\\\/\\\/mmkriepas.lv\\\/en\\\/?s={search_term_string}\"},\"query-input\":{\"@type\":\"PropertyValueSpecification\",\"valueRequired\":true,\"valueName\":\"search_term_string\"}}],\"inLanguage\":\"en-US\"},{\"@type\":\"ImageObject\",\"inLanguage\":\"en-US\",\"@id\":\"https:\\\/\\\/mmkriepas.lv\\\/en\\\/p\\\/245-70r16-goodyear-ultragrip-ice-arctic-suv-111t-xl-ar-radzem\\\/#local-main-organization-logo\",\"url\":\"\",\"contentUrl\":\"\",\"caption\":\"MMK Riepas\"}]}<\/script>\n<meta property=\"product:brand\" content=\"Goodyear UltraGrip Ice Arctic\" \/>\n<meta property=\"product:price:amount\" content=\"208.00\" \/>\n<meta property=\"product:price:currency\" content=\"EUR\" \/>\n<meta property=\"og:availability\" content=\"instock\" \/>\n<meta property=\"product:availability\" content=\"instock\" \/>\n<meta property=\"product:retailer_item_id\" content=\"TR2457016GOODY-L8345\" \/>\n<meta property=\"product:condition\" content=\"new\" \/>\n<!-- \/ Yoast SEO Premium plugin. -->","yoast_head_json":{"title":"245\/70R16 Goodyear UltraGrip Ice Arctic SUV 111T XL ar radz\u0113m &#8226; MMK Riepas","description":"Goodyear UltraGrip Ice Arctic - viens no lab\u0101kajiem rad\u017eu riepu mode\u013ciem pasaul\u0113. Pieejams MMK tie\u0161i blakus R\u012bga Plaza un MMK 800m no Ikea.","robots":{"index":"index","follow":"follow","max-snippet":"max-snippet:-1","max-image-preview":"max-image-preview:large","max-video-preview":"max-video-preview:-1"},"canonical":"https:\/\/mmkriepas.lv\/en\/p\/245-70r16-goodyear-ultragrip-ice-arctic-suv-111t-xl-ar-radzem\/","og_locale":"en_US","og_type":"article","og_title":"245\/70R16 Goodyear UltraGrip Ice Arctic SUV 111T XL ar radz\u0113m","og_description":"Goodyear UltraGrip Ice Arctic - viens no lab\u0101kajiem rad\u017eu riepu mode\u013ciem pasaul\u0113. Pieejams MMK tie\u0161i blakus R\u012bga Plaza un MMK 800m no Ikea.","og_url":"https:\/\/mmkriepas.lv\/en\/p\/245-70r16-goodyear-ultragrip-ice-arctic-suv-111t-xl-ar-radzem\/","og_site_name":"MMK Riepas","article_publisher":"https:\/\/www.facebook.com\/mmkserviss\/","article_modified_time":"2026-03-27T10:33:20+00:00","og_image":[{"width":1920,"height":1278,"url":"https:\/\/mmkriepas.lv\/wp-content\/uploads\/2021\/08\/26550r20-goodyear-ultra-grip-ice-arctic-suv-110t-xl-ar-radzc493m-ziemas-riepas-ziemas-ar-radzem-riepas-3.jpg","type":"image\/jpeg"}],"twitter_card":"summary_large_image","twitter_misc":{"Price":"&euro;208.00","Availability":"In stock"},"schema":{"@context":"https:\/\/schema.org","@graph":[{"@type":"WebPage","@id":"https:\/\/mmkriepas.lv\/en\/p\/245-70r16-goodyear-ultragrip-ice-arctic-suv-111t-xl-ar-radzem\/","url":"https:\/\/mmkriepas.lv\/en\/p\/245-70r16-goodyear-ultragrip-ice-arctic-suv-111t-xl-ar-radzem\/","name":"245\/70R16 Goodyear UltraGrip Ice Arctic SUV 111T XL ar radz\u0113m &#8226; MMK Riepas","isPartOf":{"@id":"https:\/\/mmkriepas.lv\/en\/#website"},"primaryImageOfPage":{"@id":"https:\/\/mmkriepas.lv\/en\/p\/245-70r16-goodyear-ultragrip-ice-arctic-suv-111t-xl-ar-radzem\/#primaryimage"},"image":{"@id":"https:\/\/mmkriepas.lv\/en\/p\/245-70r16-goodyear-ultragrip-ice-arctic-suv-111t-xl-ar-radzem\/#primaryimage"},"thumbnailUrl":"https:\/\/mmkriepas.lv\/wp-content\/uploads\/2021\/08\/26550r20-goodyear-ultra-grip-ice-arctic-suv-110t-xl-ar-radzc493m-ziemas-riepas-ziemas-ar-radzem-riepas-3.jpg","datePublished":"2022-08-16T09:59:42+00:00","dateModified":"2026-03-27T10:33:20+00:00","description":"Goodyear UltraGrip Ice Arctic - viens no lab\u0101kajiem rad\u017eu riepu mode\u013ciem pasaul\u0113. Pieejams MMK tie\u0161i blakus R\u012bga Plaza un MMK 800m no Ikea.","breadcrumb":{"@id":"https:\/\/mmkriepas.lv\/en\/p\/245-70r16-goodyear-ultragrip-ice-arctic-suv-111t-xl-ar-radzem\/#breadcrumb"},"inLanguage":"en-US","potentialAction":[{"@type":"ReadAction","target":["https:\/\/mmkriepas.lv\/en\/p\/245-70r16-goodyear-ultragrip-ice-arctic-suv-111t-xl-ar-radzem\/"]}]},{"@type":"ImageObject","inLanguage":"en-US","@id":"https:\/\/mmkriepas.lv\/en\/p\/245-70r16-goodyear-ultragrip-ice-arctic-suv-111t-xl-ar-radzem\/#primaryimage","url":"https:\/\/mmkriepas.lv\/wp-content\/uploads\/2021\/08\/26550r20-goodyear-ultra-grip-ice-arctic-suv-110t-xl-ar-radzc493m-ziemas-riepas-ziemas-ar-radzem-riepas-3.jpg","contentUrl":"https:\/\/mmkriepas.lv\/wp-content\/uploads\/2021\/08\/26550r20-goodyear-ultra-grip-ice-arctic-suv-110t-xl-ar-radzc493m-ziemas-riepas-ziemas-ar-radzem-riepas-3.jpg","width":1920,"height":1278,"caption":"265\/50R20 Goodyear Ultra Grip Ice Arctic SUV 110T XL ar radz\u0113m - Ziemas riepas \/ Ziemas ar radz\u0113m riepas"},{"@type":"BreadcrumbList","@id":"https:\/\/mmkriepas.lv\/en\/p\/245-70r16-goodyear-ultragrip-ice-arctic-suv-111t-xl-ar-radzem\/#breadcrumb","itemListElement":[{"@type":"ListItem","position":1,"name":"S\u0101kums","item":"https:\/\/mmkriepas.lv\/en\/"},{"@type":"ListItem","position":2,"name":"245\/70R16 Goodyear UltraGrip Ice Arctic SUV 111T XL ar radz\u0113m"}]},{"@type":"WebSite","@id":"https:\/\/mmkriepas.lv\/en\/#website","url":"https:\/\/mmkriepas.lv\/en\/","name":"MMK Riepas","description":"MMK Riepas","alternateName":"MMK Riepu Serviss","potentialAction":[{"@type":"SearchAction","target":{"@type":"EntryPoint","urlTemplate":"https:\/\/mmkriepas.lv\/en\/?s={search_term_string}"},"query-input":{"@type":"PropertyValueSpecification","valueRequired":true,"valueName":"search_term_string"}}],"inLanguage":"en-US"},{"@type":"ImageObject","inLanguage":"en-US","@id":"https:\/\/mmkriepas.lv\/en\/p\/245-70r16-goodyear-ultragrip-ice-arctic-suv-111t-xl-ar-radzem\/#local-main-organization-logo","url":"","contentUrl":"","caption":"MMK Riepas"}]},"product_brand":"Goodyear UltraGrip Ice Arctic","product_price_amount":"208.00","product_price_currency":"EUR","og_availability":"instock","product_availability":"instock","product_retailer_item_id":"TR2457016GOODY-L8345","product_condition":"new"},"_links":{"self":[{"href":"https:\/\/mmkriepas.lv\/en\/wp-json\/wp\/v2\/product\/297218","targetHints":{"allow":["GET"]}}],"collection":[{"href":"https:\/\/mmkriepas.lv\/en\/wp-json\/wp\/v2\/product"}],"about":[{"href":"https:\/\/mmkriepas.lv\/en\/wp-json\/wp\/v2\/types\/product"}],"wp:featuredmedia":[{"embeddable":true,"href":"https:\/\/mmkriepas.lv\/en\/wp-json\/wp\/v2\/media\/191721"}],"wp:attachment":[{"href":"https:\/\/mmkriepas.lv\/en\/wp-json\/wp\/v2\/media?parent=297218"}],"wp:term":[{"taxonomy":"product_brand","embeddable":true,"href":"https:\/\/mmkriepas.lv\/en\/wp-json\/wp\/v2\/product_brand?post=297218"},{"taxonomy":"product_cat","embeddable":true,"href":"https:\/\/mmkriepas.lv\/en\/wp-json\/wp\/v2\/product_cat?post=297218"},{"taxonomy":"product_tag","embeddable":true,"href":"https:\/\/mmkriepas.lv\/en\/wp-json\/wp\/v2\/product_tag?post=297218"}],"curies":[{"name":"wp","href":"https:\/\/api.w.org\/{rel}","templated":true}]}}