{"id":296742,"date":"2022-08-16T12:35:53","date_gmt":"2022-08-16T09:35:53","guid":{"rendered":"https:\/\/mmkserviss.lv\/?post_type=product&#038;p=296742"},"modified":"2026-02-28T00:54:18","modified_gmt":"2026-02-27T22:54:18","slug":"235-40r19-goodyear-ultra-grip-ice-2-96t-xl-2","status":"publish","type":"product","link":"https:\/\/mmkriepas.lv\/en\/p\/235-40r19-goodyear-ultra-grip-ice-2-96t-xl-2\/","title":{"rendered":"235\/40R19 Goodyear UltraGrip Ice 2+ 96T XL"},"content":{"rendered":"<p style=\"margin: 12.0pt 0cm 12.0pt 0cm;\"><b><span style=\"font-size: 11.0pt; font-family: 'Arial',sans-serif; color: black;\">Goodyear UltraGrip Ice 2+<\/span><\/b><span style=\"font-size: 11.0pt; font-family: 'Arial',sans-serif; color: black;\"> ir viens no lab\u0101kajiem Skandin\u0101vijas tipa ziemas riepu mode\u013ciem pasaul\u0113. Izce\u013cas ar lielisku sa\u0137eri pat skarb\u0101kajos ziemas brauk\u0161anas apst\u0101k\u013cos, k\u0101 ar\u012b paaugstin\u0101tu nodilumiztur\u012bbu un brauk\u0161anas komfortu.<\/span><o:p><\/o:p><\/p>\n<h3 style=\"margin: 14.0pt 0cm 4.0pt 0cm;\"><span style=\"font-size: 13.0pt; font-family: 'Arial',sans-serif; color: black;\">UltraGrip Ice 2+ galven\u0101s iez\u012bmes:<\/span><o:p><\/o:p><\/h3>\n<p style=\"margin: 12.0pt 0cm 12.0pt 0cm;\"><span style=\"font-size: 11.0pt; font-family: 'Arial',sans-serif; color: black;\">+ palielin\u0101ts bloku skaits protektora centr\u0101laj\u0101 da\u013c\u0101 uzlabo sa\u0137eri ar sniegotiem ce\u013ciem;<\/span><o:p><\/o:p><\/p>\n<p style=\"margin: 12.0pt 0cm 12.0pt 0cm;\"><span style=\"font-size: 11.0pt; font-family: 'Arial',sans-serif; color: black;\">+ paaugstin\u0101tu virziena stabilit\u0101ti uz visiem ziemas ce\u013ciem nodro\u0161ina optimiz\u0113ts protektora centra dizains;<\/span><o:p><\/o:p><\/p>\n<p style=\"margin: 12.0pt 0cm 12.0pt 0cm;\"><span style=\"font-size: 11.0pt; font-family: 'Arial',sans-serif; color: black;\">+ vair\u0101ki t\u016bksto\u0161i 3D lame\u013cu nodro\u0161ina riepai lieliskas vad\u0101m\u012bbas un sa\u0137eres \u012bpa\u0161\u012bbas uz apledoju\u0161a un slapja ce\u013ca;<\/span><o:p><\/o:p><\/p>\n<p style=\"margin: 12.0pt 0cm 12.0pt 0cm;\"><span style=\"font-size: 11.0pt; font-family: 'Arial',sans-serif; color: black;\">+ daudzas garenisk\u0101s rievas plecu zon\u0101s un protektora centr\u0101laj\u0101 da\u013c\u0101 palielina riepas stabilit\u0101ti manevr\u0113\u0161anas un pagriezienu laik\u0101;<\/span><o:p><\/o:p><\/p>\n<p style=\"margin: 12.0pt 0cm 12.0pt 0cm;\"><span style=\"font-size: 11.0pt; font-family: 'Arial',sans-serif; color: black;\">+ \u012bpa\u0161s indikators &#8220;sniegp\u0101rsli\u0146as&#8221; form\u0101, kas atrodas centr\u0101laj\u0101 da\u013c\u0101, savlaic\u012bgi br\u012bdina par p\u0101rm\u0113r\u012bgu protektora nodilumu un nepiecie\u0161am\u012bbu riepas main\u012bt;<\/span><o:p><\/o:p><\/p>\n<h3 style=\"margin: 14.0pt 0cm 4.0pt 0cm;\"><span style=\"font-size: 13.0pt; font-family: 'Arial',sans-serif; color: black;\">UltraGrip Ice 2+ apr\u012bkojums:<\/span><o:p><\/o:p><\/h3>\n<p style=\"margin: 12.0pt 0cm 12.0pt 0cm;\"><b><span style=\"font-size: 11.0pt; font-family: 'Arial',sans-serif; color: black;\">Goodyear UltraGrip Ice 2+ <\/span><\/b><span style=\"font-size: 11.0pt; font-family: 'Arial',sans-serif; color: black;\">apr\u012bkotas ar V-Tread virzienveida protektora dizainu, kam ieviesta virkne jaunin\u0101jumu. Galvenais jaunin\u0101jums ir riepas centr\u0101l\u0101s da\u013cas dizains, kam rakstur\u012bgs liels bloku skaits, kas daudz lab\u0101k veido sa\u0137eri ar sniegu. Palielin\u0101t protektroa bloku skaitu izdevies, samazinot to izm\u0113ru.<\/span><o:p><\/o:p><\/p>\n<p style=\"margin: 12.0pt 0cm 12.0pt 0cm;\"><span style=\"font-size: 11.0pt; font-family: 'Arial',sans-serif; color: black;\">Simetriski izvietotajos protektora blokos izvietoti neskait\u0101mi t\u016bksto\u0161i 3D lame\u013cu, kas, saskarsm\u0113 ar brauktuvi atveras, veidojot papildus sa\u0137eres kantes. \u0160\u0101ds risin\u0101jums \u013c\u0101vis b\u016btiski uzlabot riepu veiktsp\u0113ju uz ledus.<\/span><o:p><\/o:p><\/p>\n","protected":false},"excerpt":{"rendered":"<p style=\"margin: 12.0pt 0cm 12.0pt 0cm;\"><b><span style=\"font-size: 11.0pt; font-family: 'Arial',sans-serif; color: black;\">Goodyear UltraGrip Ice 2+<\/span><\/b><span style=\"font-size: 11.0pt; font-family: 'Arial',sans-serif; color: black;\"> ir viens no lab\u0101kajiem Skandin\u0101vijas tipa ziemas riepu mode\u013ciem pasaul\u0113. Izce\u013cas ar lielisku sa\u0137eri pat skarb\u0101kajos ziemas brauk\u0161anas apst\u0101k\u013cos, k\u0101 ar\u012b paaugstin\u0101tu nodilumiztur\u012bbu un brauk\u0161anas komfortu.<\/span><o:p><\/o:p><\/p>\n","protected":false},"featured_media":1161756,"template":"","meta":{"_acf_changed":false,"ngg_post_thumbnail":0},"product_brand":[],"product_cat":[47,45],"product_tag":[],"class_list":{"0":"post-296742","1":"product","2":"type-product","3":"status-publish","4":"has-post-thumbnail","6":"product_cat-vissezonas-riepas","7":"product_cat-ziemas-riepas","9":"first","10":"instock","11":"sale","12":"taxable","13":"shipping-taxable","14":"product-type-simple"},"acf":[],"yoast_head":"<!-- This site is optimized with the Yoast SEO Premium plugin v22.6 (Yoast SEO v27.3) - https:\/\/yoast.com\/product\/yoast-seo-premium-wordpress\/ -->\n<title>235\/40R19 Goodyear UltraGrip Ice 2+ 96T XL &#8226; MMK Riepas<\/title>\n<meta name=\"description\" content=\"Goodyear\" \/>\n<meta name=\"robots\" content=\"index, follow, max-snippet:-1, max-image-preview:large, max-video-preview:-1\" \/>\n<link rel=\"canonical\" href=\"https:\/\/mmkriepas.lv\/en\/p\/235-40r19-goodyear-ultra-grip-ice-2-96t-xl-2\/\" \/>\n<meta property=\"og:locale\" content=\"en_US\" \/>\n<meta property=\"og:type\" content=\"article\" \/>\n<meta property=\"og:title\" content=\"235\/40R19 Goodyear UltraGrip Ice 2+ 96T XL\" \/>\n<meta property=\"og:description\" content=\"Goodyear\" \/>\n<meta property=\"og:url\" content=\"https:\/\/mmkriepas.lv\/en\/p\/235-40r19-goodyear-ultra-grip-ice-2-96t-xl-2\/\" \/>\n<meta property=\"og:site_name\" content=\"MMK Riepas\" \/>\n<meta property=\"article:publisher\" content=\"https:\/\/www.facebook.com\/mmkserviss\/\" \/>\n<meta property=\"article:modified_time\" content=\"2026-02-27T22:54:18+00:00\" \/>\n<meta property=\"og:image\" content=\"https:\/\/mmkriepas.lv\/wp-content\/uploads\/2025\/02\/24540r20-goodyear-ultra-grip-ice-2-99t-xl-dot-ziemas-riepas.jpg\" \/>\n\t<meta property=\"og:image:width\" content=\"800\" \/>\n\t<meta property=\"og:image:height\" content=\"800\" \/>\n\t<meta property=\"og:image:type\" content=\"image\/jpeg\" \/>\n<meta name=\"twitter:card\" content=\"summary_large_image\" \/>\n<meta name=\"twitter:label1\" content=\"Price\" \/>\n\t<meta name=\"twitter:data1\" content=\"&euro;237.00\" \/>\n\t<meta name=\"twitter:label2\" content=\"Availability\" \/>\n\t<meta name=\"twitter:data2\" content=\"In stock\" \/>\n<script type=\"application\/ld+json\" class=\"yoast-schema-graph\">{\"@context\":\"https:\\\/\\\/schema.org\",\"@graph\":[{\"@type\":\"WebPage\",\"@id\":\"https:\\\/\\\/mmkriepas.lv\\\/en\\\/p\\\/235-40r19-goodyear-ultra-grip-ice-2-96t-xl-2\\\/\",\"url\":\"https:\\\/\\\/mmkriepas.lv\\\/en\\\/p\\\/235-40r19-goodyear-ultra-grip-ice-2-96t-xl-2\\\/\",\"name\":\"235\\\/40R19 Goodyear UltraGrip Ice 2+ 96T XL &#8226; MMK Riepas\",\"isPartOf\":{\"@id\":\"https:\\\/\\\/mmkriepas.lv\\\/en\\\/#website\"},\"primaryImageOfPage\":{\"@id\":\"https:\\\/\\\/mmkriepas.lv\\\/en\\\/p\\\/235-40r19-goodyear-ultra-grip-ice-2-96t-xl-2\\\/#primaryimage\"},\"image\":{\"@id\":\"https:\\\/\\\/mmkriepas.lv\\\/en\\\/p\\\/235-40r19-goodyear-ultra-grip-ice-2-96t-xl-2\\\/#primaryimage\"},\"thumbnailUrl\":\"https:\\\/\\\/mmkriepas.lv\\\/wp-content\\\/uploads\\\/2025\\\/02\\\/24540r20-goodyear-ultra-grip-ice-2-99t-xl-dot-ziemas-riepas.jpg\",\"datePublished\":\"2022-08-16T09:35:53+00:00\",\"dateModified\":\"2026-02-27T22:54:18+00:00\",\"description\":\"Goodyear\",\"breadcrumb\":{\"@id\":\"https:\\\/\\\/mmkriepas.lv\\\/en\\\/p\\\/235-40r19-goodyear-ultra-grip-ice-2-96t-xl-2\\\/#breadcrumb\"},\"inLanguage\":\"en-US\",\"potentialAction\":[{\"@type\":\"ReadAction\",\"target\":[\"https:\\\/\\\/mmkriepas.lv\\\/en\\\/p\\\/235-40r19-goodyear-ultra-grip-ice-2-96t-xl-2\\\/\"]}]},{\"@type\":\"ImageObject\",\"inLanguage\":\"en-US\",\"@id\":\"https:\\\/\\\/mmkriepas.lv\\\/en\\\/p\\\/235-40r19-goodyear-ultra-grip-ice-2-96t-xl-2\\\/#primaryimage\",\"url\":\"https:\\\/\\\/mmkriepas.lv\\\/wp-content\\\/uploads\\\/2025\\\/02\\\/24540r20-goodyear-ultra-grip-ice-2-99t-xl-dot-ziemas-riepas.jpg\",\"contentUrl\":\"https:\\\/\\\/mmkriepas.lv\\\/wp-content\\\/uploads\\\/2025\\\/02\\\/24540r20-goodyear-ultra-grip-ice-2-99t-xl-dot-ziemas-riepas.jpg\",\"width\":800,\"height\":800,\"caption\":\"245\\\/40R20 GOODYEAR ULTRA GRIP ICE 2+ 99T XL DOT - Ziemas riepas\"},{\"@type\":\"BreadcrumbList\",\"@id\":\"https:\\\/\\\/mmkriepas.lv\\\/en\\\/p\\\/235-40r19-goodyear-ultra-grip-ice-2-96t-xl-2\\\/#breadcrumb\",\"itemListElement\":[{\"@type\":\"ListItem\",\"position\":1,\"name\":\"S\u0101kums\",\"item\":\"https:\\\/\\\/mmkriepas.lv\\\/en\\\/\"},{\"@type\":\"ListItem\",\"position\":2,\"name\":\"235\\\/40R19 Goodyear UltraGrip Ice 2+ 96T XL\"}]},{\"@type\":\"WebSite\",\"@id\":\"https:\\\/\\\/mmkriepas.lv\\\/en\\\/#website\",\"url\":\"https:\\\/\\\/mmkriepas.lv\\\/en\\\/\",\"name\":\"MMK Riepas\",\"description\":\"MMK Riepas\",\"alternateName\":\"MMK Riepu Serviss\",\"potentialAction\":[{\"@type\":\"SearchAction\",\"target\":{\"@type\":\"EntryPoint\",\"urlTemplate\":\"https:\\\/\\\/mmkriepas.lv\\\/en\\\/?s={search_term_string}\"},\"query-input\":{\"@type\":\"PropertyValueSpecification\",\"valueRequired\":true,\"valueName\":\"search_term_string\"}}],\"inLanguage\":\"en-US\"},{\"@type\":\"ImageObject\",\"inLanguage\":\"en-US\",\"@id\":\"https:\\\/\\\/mmkriepas.lv\\\/en\\\/p\\\/235-40r19-goodyear-ultra-grip-ice-2-96t-xl-2\\\/#local-main-organization-logo\",\"url\":\"\",\"contentUrl\":\"\",\"caption\":\"MMK Riepas\"}]}<\/script>\n<meta property=\"product:brand\" content=\"Goodyear UltraGrip Ice 2+\" \/>\n<meta property=\"product:price:amount\" content=\"237.00\" \/>\n<meta property=\"product:price:currency\" content=\"EUR\" \/>\n<meta property=\"og:availability\" content=\"instock\" \/>\n<meta property=\"product:availability\" content=\"instock\" \/>\n<meta property=\"product:retailer_item_id\" content=\"TW2354019GOODY-L8190\" \/>\n<meta property=\"product:condition\" content=\"new\" \/>\n<!-- \/ Yoast SEO Premium plugin. -->","yoast_head_json":{"title":"235\/40R19 Goodyear UltraGrip Ice 2+ 96T XL &#8226; MMK Riepas","description":"Goodyear","robots":{"index":"index","follow":"follow","max-snippet":"max-snippet:-1","max-image-preview":"max-image-preview:large","max-video-preview":"max-video-preview:-1"},"canonical":"https:\/\/mmkriepas.lv\/en\/p\/235-40r19-goodyear-ultra-grip-ice-2-96t-xl-2\/","og_locale":"en_US","og_type":"article","og_title":"235\/40R19 Goodyear UltraGrip Ice 2+ 96T XL","og_description":"Goodyear","og_url":"https:\/\/mmkriepas.lv\/en\/p\/235-40r19-goodyear-ultra-grip-ice-2-96t-xl-2\/","og_site_name":"MMK Riepas","article_publisher":"https:\/\/www.facebook.com\/mmkserviss\/","article_modified_time":"2026-02-27T22:54:18+00:00","og_image":[{"width":800,"height":800,"url":"https:\/\/mmkriepas.lv\/wp-content\/uploads\/2025\/02\/24540r20-goodyear-ultra-grip-ice-2-99t-xl-dot-ziemas-riepas.jpg","type":"image\/jpeg"}],"twitter_card":"summary_large_image","twitter_misc":{"Price":"&euro;237.00","Availability":"In stock"},"schema":{"@context":"https:\/\/schema.org","@graph":[{"@type":"WebPage","@id":"https:\/\/mmkriepas.lv\/en\/p\/235-40r19-goodyear-ultra-grip-ice-2-96t-xl-2\/","url":"https:\/\/mmkriepas.lv\/en\/p\/235-40r19-goodyear-ultra-grip-ice-2-96t-xl-2\/","name":"235\/40R19 Goodyear UltraGrip Ice 2+ 96T XL &#8226; MMK Riepas","isPartOf":{"@id":"https:\/\/mmkriepas.lv\/en\/#website"},"primaryImageOfPage":{"@id":"https:\/\/mmkriepas.lv\/en\/p\/235-40r19-goodyear-ultra-grip-ice-2-96t-xl-2\/#primaryimage"},"image":{"@id":"https:\/\/mmkriepas.lv\/en\/p\/235-40r19-goodyear-ultra-grip-ice-2-96t-xl-2\/#primaryimage"},"thumbnailUrl":"https:\/\/mmkriepas.lv\/wp-content\/uploads\/2025\/02\/24540r20-goodyear-ultra-grip-ice-2-99t-xl-dot-ziemas-riepas.jpg","datePublished":"2022-08-16T09:35:53+00:00","dateModified":"2026-02-27T22:54:18+00:00","description":"Goodyear","breadcrumb":{"@id":"https:\/\/mmkriepas.lv\/en\/p\/235-40r19-goodyear-ultra-grip-ice-2-96t-xl-2\/#breadcrumb"},"inLanguage":"en-US","potentialAction":[{"@type":"ReadAction","target":["https:\/\/mmkriepas.lv\/en\/p\/235-40r19-goodyear-ultra-grip-ice-2-96t-xl-2\/"]}]},{"@type":"ImageObject","inLanguage":"en-US","@id":"https:\/\/mmkriepas.lv\/en\/p\/235-40r19-goodyear-ultra-grip-ice-2-96t-xl-2\/#primaryimage","url":"https:\/\/mmkriepas.lv\/wp-content\/uploads\/2025\/02\/24540r20-goodyear-ultra-grip-ice-2-99t-xl-dot-ziemas-riepas.jpg","contentUrl":"https:\/\/mmkriepas.lv\/wp-content\/uploads\/2025\/02\/24540r20-goodyear-ultra-grip-ice-2-99t-xl-dot-ziemas-riepas.jpg","width":800,"height":800,"caption":"245\/40R20 GOODYEAR ULTRA GRIP ICE 2+ 99T XL DOT - Ziemas riepas"},{"@type":"BreadcrumbList","@id":"https:\/\/mmkriepas.lv\/en\/p\/235-40r19-goodyear-ultra-grip-ice-2-96t-xl-2\/#breadcrumb","itemListElement":[{"@type":"ListItem","position":1,"name":"S\u0101kums","item":"https:\/\/mmkriepas.lv\/en\/"},{"@type":"ListItem","position":2,"name":"235\/40R19 Goodyear UltraGrip Ice 2+ 96T XL"}]},{"@type":"WebSite","@id":"https:\/\/mmkriepas.lv\/en\/#website","url":"https:\/\/mmkriepas.lv\/en\/","name":"MMK Riepas","description":"MMK Riepas","alternateName":"MMK Riepu Serviss","potentialAction":[{"@type":"SearchAction","target":{"@type":"EntryPoint","urlTemplate":"https:\/\/mmkriepas.lv\/en\/?s={search_term_string}"},"query-input":{"@type":"PropertyValueSpecification","valueRequired":true,"valueName":"search_term_string"}}],"inLanguage":"en-US"},{"@type":"ImageObject","inLanguage":"en-US","@id":"https:\/\/mmkriepas.lv\/en\/p\/235-40r19-goodyear-ultra-grip-ice-2-96t-xl-2\/#local-main-organization-logo","url":"","contentUrl":"","caption":"MMK Riepas"}]},"product_brand":"Goodyear UltraGrip Ice 2+","product_price_amount":"237.00","product_price_currency":"EUR","og_availability":"instock","product_availability":"instock","product_retailer_item_id":"TW2354019GOODY-L8190","product_condition":"new"},"_links":{"self":[{"href":"https:\/\/mmkriepas.lv\/en\/wp-json\/wp\/v2\/product\/296742","targetHints":{"allow":["GET"]}}],"collection":[{"href":"https:\/\/mmkriepas.lv\/en\/wp-json\/wp\/v2\/product"}],"about":[{"href":"https:\/\/mmkriepas.lv\/en\/wp-json\/wp\/v2\/types\/product"}],"wp:featuredmedia":[{"embeddable":true,"href":"https:\/\/mmkriepas.lv\/en\/wp-json\/wp\/v2\/media\/1161756"}],"wp:attachment":[{"href":"https:\/\/mmkriepas.lv\/en\/wp-json\/wp\/v2\/media?parent=296742"}],"wp:term":[{"taxonomy":"product_brand","embeddable":true,"href":"https:\/\/mmkriepas.lv\/en\/wp-json\/wp\/v2\/product_brand?post=296742"},{"taxonomy":"product_cat","embeddable":true,"href":"https:\/\/mmkriepas.lv\/en\/wp-json\/wp\/v2\/product_cat?post=296742"},{"taxonomy":"product_tag","embeddable":true,"href":"https:\/\/mmkriepas.lv\/en\/wp-json\/wp\/v2\/product_tag?post=296742"}],"curies":[{"name":"wp","href":"https:\/\/api.w.org\/{rel}","templated":true}]}}